{"id":62180,"date":"2025-10-27T17:01:20","date_gmt":"2025-10-27T16:01:20","guid":{"rendered":"https:\/\/chiara-design.com\/?post_type=product&#038;p=62180"},"modified":"2026-04-01T00:15:12","modified_gmt":"2026-03-31T22:15:12","slug":"torebka-chiara-bella-czarna-skora-naturalna-groszkowa","status":"publish","type":"product","link":"https:\/\/chiara-design.com\/sk\/produkt\/torebka-chiara-bella-czarna-skora-naturalna-groszkowa\/","title":{"rendered":"Torebka Chiara Bella Czarna \u2013 Sk\u00f3ra Naturalna Groszkowa"},"content":{"rendered":"<h1>Torebka Chiara Bella Czarna \u2013 Sk\u00f3ra Naturalna Groszkowa<\/h1>\n<p>Torebka Chiara Bella to jedna z najgor\u0119tszych torebkowych tendencji w modzie. Jej smuk\u0142y, wyd\u0142u\u017cony kszta\u0142t sprawia, \u017ce z pe\u0142nym przekonaniem warto w ni\u0105 zainwestowa\u0107. Bella to torebka typu east-west, kt\u00f3ra idealnie dope\u0142ni Twoje codzienne stylizacje.<\/p>\n<h3>Wyj\u0105tkowy Styl i Najwy\u017csza Jako\u015b\u0107<\/h3>\n<p>Torebka wykonana jest z wysokiej jako\u015bci sk\u00f3ry naturalnej groszkowej w kolorze czarnym. Ten g\u0142\u0119boki i klasyczny odcie\u0144 jest synonimem elegancji i niezwyk\u0142ej uniwersalno\u015bci, dzi\u0119ki czemu pasuje do ka\u017cdej stylizacji. Trwa\u0142a, groszkowa faktura sk\u00f3ry jest odporna na codzienne u\u017cytkowanie, a eleganckie z\u0142ote okucia dodaj\u0105 ca\u0142o\u015bci luksusowego charakteru i szyku.<\/p>\n<h3>Komfort i Funkcjonalno\u015b\u0107<\/h3>\n<p>Torebka jest niezwykle lekka i wygodna w noszeniu. Bezpiecze\u0144stwo Twoich przedmiot\u00f3w gwarantuje solidny zamek b\u0142yskawiczny. Wn\u0119trze wyko\u0144czone jest przepi\u0119kn\u0105 podszewk\u0105 i posiada niezb\u0119dne kieszonki do organizacji drobiazg\u00f3w. Znajdziesz w niej r\u00f3wnie\u017c nasz super gad\u017cet \u2013 lusterko w kszta\u0142cie serca zawieszone na z\u0142otym \u0142a\u0144cuszku.<\/p>\n<h3>Przemy\u015blany Design<\/h3>\n<p>Idealnie dopracowane uchwyty pozwalaj\u0105 nosi\u0107 j\u0105 wygodnie na ramieniu, zapewniaj\u0105c komfort przez ca\u0142y dzie\u0144. Jej ponadczasowy fason sprawia, \u017ce torebka Chiara Bella to synonim luksusu i ponadczasowej elegancji.<\/p>\n<p><strong>Model:<\/strong> I5059 BELLA<\/p>\n","protected":false},"excerpt":{"rendered":"<p>Elegancka torebka na rami\u0119 Chiara Bella, wykonana z wysokiej jako\u015bci sk\u00f3ry naturalnej groszkowej w kolorze czarnym. Idealna na co dzie\u0144, lekka, wygodna i niezwykle stylowa.<\/p>\n","protected":false},"featured_media":61925,"comment_status":"open","ping_status":"closed","template":"","meta":[],"product_brand":[177,193],"product_cat":[137],"product_tag":[],"class_list":{"0":"post-62180","1":"product","2":"type-product","3":"status-publish","4":"has-post-thumbnail","6":"product_brand-chiara","7":"product_brand-chiara_premium","8":"product_cat-klasyczne","10":"first","11":"instock","12":"sale","13":"shipping-taxable","14":"purchasable","15":"product-type-simple"},"yoast_head":"<!-- This site is optimized with the Yoast SEO plugin v27.4 - https:\/\/yoast.com\/product\/yoast-seo-wordpress\/ -->\n<title>Sk\u00f3rzana Torebka na Rami\u0119 Bella | Kolor czarny | Chiara<\/title>\n<meta name=\"description\" content=\"Odkryj eleganck\u0105 torebk\u0119 na rami\u0119 Bella z groszkowej sk\u00f3ry w kolorze czarnym. Ponadczasowy styl, z\u0142ote okucia i praktyczne wn\u0119trze z lusterkiem.\" \/>\n<meta name=\"robots\" content=\"index, follow, max-snippet:-1, max-image-preview:large, max-video-preview:-1\" \/>\n<link rel=\"canonical\" href=\"https:\/\/chiara-design.com\/produkt\/torebka-chiara-bella-czarna-skora-naturalna-groszkowa\/\" \/>\n<meta property=\"og:locale\" content=\"sk_SK\" \/>\n<meta property=\"og:type\" content=\"article\" \/>\n<meta property=\"og:title\" content=\"Sk\u00f3rzana Torebka na Rami\u0119 Bella | Kolor czarny | Chiara\" \/>\n<meta property=\"og:description\" content=\"Odkryj eleganck\u0105 torebk\u0119 na rami\u0119 Bella z groszkowej sk\u00f3ry w kolorze czarnym. Ponadczasowy styl, z\u0142ote okucia i praktyczne wn\u0119trze z lusterkiem.\" \/>\n<meta property=\"og:url\" content=\"https:\/\/chiara-design.com\/produkt\/torebka-chiara-bella-czarna-skora-naturalna-groszkowa\/\" \/>\n<meta property=\"og:site_name\" content=\"Chiara Design\" \/>\n<meta property=\"article:publisher\" content=\"https:\/\/www.facebook.com\/ChiaraDesignPL\" \/>\n<meta property=\"article:modified_time\" content=\"2026-03-31T22:15:12+00:00\" \/>\n<meta property=\"og:image\" content=\"https:\/\/chiara-design.com\/wp-content\/uploads\/2025\/09\/Bella-czarna-skora-groszek.webp\" \/>\n\t<meta property=\"og:image:width\" content=\"1200\" \/>\n\t<meta property=\"og:image:height\" content=\"1500\" \/>\n\t<meta property=\"og:image:type\" content=\"image\/webp\" \/>\n<meta name=\"twitter:card\" content=\"summary_large_image\" \/>\n<meta name=\"twitter:label1\" content=\"Predpokladan\u00fd \u010das \u010d\u00edtania\" \/>\n\t<meta name=\"twitter:data1\" content=\"2 min\u00faty\" \/>\n<script type=\"application\/ld+json\" class=\"yoast-schema-graph\">{\"@context\":\"https:\\\/\\\/schema.org\",\"@graph\":[{\"@type\":\"WebPage\",\"@id\":\"https:\\\/\\\/chiara-design.com\\\/produkt\\\/torebka-chiara-bella-czarna-skora-naturalna-groszkowa\\\/\",\"url\":\"https:\\\/\\\/chiara-design.com\\\/produkt\\\/torebka-chiara-bella-czarna-skora-naturalna-groszkowa\\\/\",\"name\":\"Sk\u00f3rzana Torebka na Rami\u0119 Bella | Kolor czarny | Chiara\",\"isPartOf\":{\"@id\":\"https:\\\/\\\/chiara-design.com\\\/#website\"},\"primaryImageOfPage\":{\"@id\":\"https:\\\/\\\/chiara-design.com\\\/produkt\\\/torebka-chiara-bella-czarna-skora-naturalna-groszkowa\\\/#primaryimage\"},\"image\":{\"@id\":\"https:\\\/\\\/chiara-design.com\\\/produkt\\\/torebka-chiara-bella-czarna-skora-naturalna-groszkowa\\\/#primaryimage\"},\"thumbnailUrl\":\"https:\\\/\\\/chiara-design.com\\\/wp-content\\\/uploads\\\/2025\\\/10\\\/i5059-bella-czarna-skora-groszek_2.webp\",\"datePublished\":\"2025-10-27T16:01:20+00:00\",\"dateModified\":\"2026-03-31T22:15:12+00:00\",\"description\":\"Odkryj eleganck\u0105 torebk\u0119 na rami\u0119 Bella z groszkowej sk\u00f3ry w kolorze czarnym. Ponadczasowy styl, z\u0142ote okucia i praktyczne wn\u0119trze z lusterkiem.\",\"breadcrumb\":{\"@id\":\"https:\\\/\\\/chiara-design.com\\\/produkt\\\/torebka-chiara-bella-czarna-skora-naturalna-groszkowa\\\/#breadcrumb\"},\"inLanguage\":\"sk-SK\",\"potentialAction\":[{\"@type\":\"ReadAction\",\"target\":[\"https:\\\/\\\/chiara-design.com\\\/produkt\\\/torebka-chiara-bella-czarna-skora-naturalna-groszkowa\\\/\"]}]},{\"@type\":\"ImageObject\",\"inLanguage\":\"sk-SK\",\"@id\":\"https:\\\/\\\/chiara-design.com\\\/produkt\\\/torebka-chiara-bella-czarna-skora-naturalna-groszkowa\\\/#primaryimage\",\"url\":\"https:\\\/\\\/chiara-design.com\\\/wp-content\\\/uploads\\\/2025\\\/10\\\/i5059-bella-czarna-skora-groszek_2.webp\",\"contentUrl\":\"https:\\\/\\\/chiara-design.com\\\/wp-content\\\/uploads\\\/2025\\\/10\\\/i5059-bella-czarna-skora-groszek_2.webp\",\"width\":1200,\"height\":1500},{\"@type\":\"BreadcrumbList\",\"@id\":\"https:\\\/\\\/chiara-design.com\\\/produkt\\\/torebka-chiara-bella-czarna-skora-naturalna-groszkowa\\\/#breadcrumb\",\"itemListElement\":[{\"@type\":\"ListItem\",\"position\":1,\"name\":\"Home\",\"item\":\"https:\\\/\\\/chiara-design.com\\\/sk\\\/damske-kabelky-chiara-design\\\/\"},{\"@type\":\"ListItem\",\"position\":2,\"name\":\"Obchod\",\"item\":\"https:\\\/\\\/chiara-design.com\\\/sklep\\\/\"},{\"@type\":\"ListItem\",\"position\":3,\"name\":\"Torebka Chiara Bella Czarna \u2013 Sk\u00f3ra Naturalna Groszkowa\"}]},{\"@type\":\"WebSite\",\"@id\":\"https:\\\/\\\/chiara-design.com\\\/#website\",\"url\":\"https:\\\/\\\/chiara-design.com\\\/\",\"name\":\"Chiara Design\",\"description\":\"Tw\u00f3j ulubiony sklep online z torebkami.\",\"publisher\":{\"@id\":\"https:\\\/\\\/chiara-design.com\\\/#organization\"},\"potentialAction\":[{\"@type\":\"SearchAction\",\"target\":{\"@type\":\"EntryPoint\",\"urlTemplate\":\"https:\\\/\\\/chiara-design.com\\\/?s={search_term_string}\"},\"query-input\":{\"@type\":\"PropertyValueSpecification\",\"valueRequired\":true,\"valueName\":\"search_term_string\"}}],\"inLanguage\":\"sk-SK\"},{\"@type\":\"Organization\",\"@id\":\"https:\\\/\\\/chiara-design.com\\\/#organization\",\"name\":\"Chiara Design\",\"url\":\"https:\\\/\\\/chiara-design.com\\\/\",\"logo\":{\"@type\":\"ImageObject\",\"inLanguage\":\"sk-SK\",\"@id\":\"https:\\\/\\\/chiara-design.com\\\/#\\\/schema\\\/logo\\\/image\\\/\",\"url\":\"https:\\\/\\\/chiara-design.com\\\/wp-content\\\/uploads\\\/2024\\\/09\\\/CHIARA-DESIGN-LOGO.png\",\"contentUrl\":\"https:\\\/\\\/chiara-design.com\\\/wp-content\\\/uploads\\\/2024\\\/09\\\/CHIARA-DESIGN-LOGO.png\",\"width\":500,\"height\":158,\"caption\":\"Chiara Design\"},\"image\":{\"@id\":\"https:\\\/\\\/chiara-design.com\\\/#\\\/schema\\\/logo\\\/image\\\/\"},\"sameAs\":[\"https:\\\/\\\/www.facebook.com\\\/ChiaraDesignPL\",\"https:\\\/\\\/www.instagram.com\\\/chiara_design_\\\/\"]}]}<\/script>\n<!-- \/ Yoast SEO plugin. -->","yoast_head_json":{"title":"Sk\u00f3rzana Torebka na Rami\u0119 Bella | Kolor czarny | Chiara","description":"Odkryj eleganck\u0105 torebk\u0119 na rami\u0119 Bella z groszkowej sk\u00f3ry w kolorze czarnym. Ponadczasowy styl, z\u0142ote okucia i praktyczne wn\u0119trze z lusterkiem.","robots":{"index":"index","follow":"follow","max-snippet":"max-snippet:-1","max-image-preview":"max-image-preview:large","max-video-preview":"max-video-preview:-1"},"canonical":"https:\/\/chiara-design.com\/produkt\/torebka-chiara-bella-czarna-skora-naturalna-groszkowa\/","og_locale":"sk_SK","og_type":"article","og_title":"Sk\u00f3rzana Torebka na Rami\u0119 Bella | Kolor czarny | Chiara","og_description":"Odkryj eleganck\u0105 torebk\u0119 na rami\u0119 Bella z groszkowej sk\u00f3ry w kolorze czarnym. Ponadczasowy styl, z\u0142ote okucia i praktyczne wn\u0119trze z lusterkiem.","og_url":"https:\/\/chiara-design.com\/produkt\/torebka-chiara-bella-czarna-skora-naturalna-groszkowa\/","og_site_name":"Chiara Design","article_publisher":"https:\/\/www.facebook.com\/ChiaraDesignPL","article_modified_time":"2026-03-31T22:15:12+00:00","og_image":[{"width":1200,"height":1500,"url":"https:\/\/chiara-design.com\/wp-content\/uploads\/2025\/09\/Bella-czarna-skora-groszek.webp","type":"image\/webp"}],"twitter_card":"summary_large_image","twitter_misc":{"Predpokladan\u00fd \u010das \u010d\u00edtania":"2 min\u00faty"},"schema":{"@context":"https:\/\/schema.org","@graph":[{"@type":"WebPage","@id":"https:\/\/chiara-design.com\/produkt\/torebka-chiara-bella-czarna-skora-naturalna-groszkowa\/","url":"https:\/\/chiara-design.com\/produkt\/torebka-chiara-bella-czarna-skora-naturalna-groszkowa\/","name":"Sk\u00f3rzana Torebka na Rami\u0119 Bella | Kolor czarny | Chiara","isPartOf":{"@id":"https:\/\/chiara-design.com\/#website"},"primaryImageOfPage":{"@id":"https:\/\/chiara-design.com\/produkt\/torebka-chiara-bella-czarna-skora-naturalna-groszkowa\/#primaryimage"},"image":{"@id":"https:\/\/chiara-design.com\/produkt\/torebka-chiara-bella-czarna-skora-naturalna-groszkowa\/#primaryimage"},"thumbnailUrl":"https:\/\/chiara-design.com\/wp-content\/uploads\/2025\/10\/i5059-bella-czarna-skora-groszek_2.webp","datePublished":"2025-10-27T16:01:20+00:00","dateModified":"2026-03-31T22:15:12+00:00","description":"Odkryj eleganck\u0105 torebk\u0119 na rami\u0119 Bella z groszkowej sk\u00f3ry w kolorze czarnym. Ponadczasowy styl, z\u0142ote okucia i praktyczne wn\u0119trze z lusterkiem.","breadcrumb":{"@id":"https:\/\/chiara-design.com\/produkt\/torebka-chiara-bella-czarna-skora-naturalna-groszkowa\/#breadcrumb"},"inLanguage":"sk-SK","potentialAction":[{"@type":"ReadAction","target":["https:\/\/chiara-design.com\/produkt\/torebka-chiara-bella-czarna-skora-naturalna-groszkowa\/"]}]},{"@type":"ImageObject","inLanguage":"sk-SK","@id":"https:\/\/chiara-design.com\/produkt\/torebka-chiara-bella-czarna-skora-naturalna-groszkowa\/#primaryimage","url":"https:\/\/chiara-design.com\/wp-content\/uploads\/2025\/10\/i5059-bella-czarna-skora-groszek_2.webp","contentUrl":"https:\/\/chiara-design.com\/wp-content\/uploads\/2025\/10\/i5059-bella-czarna-skora-groszek_2.webp","width":1200,"height":1500},{"@type":"BreadcrumbList","@id":"https:\/\/chiara-design.com\/produkt\/torebka-chiara-bella-czarna-skora-naturalna-groszkowa\/#breadcrumb","itemListElement":[{"@type":"ListItem","position":1,"name":"Home","item":"https:\/\/chiara-design.com\/sk\/damske-kabelky-chiara-design\/"},{"@type":"ListItem","position":2,"name":"Obchod","item":"https:\/\/chiara-design.com\/sklep\/"},{"@type":"ListItem","position":3,"name":"Torebka Chiara Bella Czarna \u2013 Sk\u00f3ra Naturalna Groszkowa"}]},{"@type":"WebSite","@id":"https:\/\/chiara-design.com\/#website","url":"https:\/\/chiara-design.com\/","name":"Chiara Design","description":"Tw\u00f3j ulubiony sklep online z torebkami.","publisher":{"@id":"https:\/\/chiara-design.com\/#organization"},"potentialAction":[{"@type":"SearchAction","target":{"@type":"EntryPoint","urlTemplate":"https:\/\/chiara-design.com\/?s={search_term_string}"},"query-input":{"@type":"PropertyValueSpecification","valueRequired":true,"valueName":"search_term_string"}}],"inLanguage":"sk-SK"},{"@type":"Organization","@id":"https:\/\/chiara-design.com\/#organization","name":"Chiara Design","url":"https:\/\/chiara-design.com\/","logo":{"@type":"ImageObject","inLanguage":"sk-SK","@id":"https:\/\/chiara-design.com\/#\/schema\/logo\/image\/","url":"https:\/\/chiara-design.com\/wp-content\/uploads\/2024\/09\/CHIARA-DESIGN-LOGO.png","contentUrl":"https:\/\/chiara-design.com\/wp-content\/uploads\/2024\/09\/CHIARA-DESIGN-LOGO.png","width":500,"height":158,"caption":"Chiara Design"},"image":{"@id":"https:\/\/chiara-design.com\/#\/schema\/logo\/image\/"},"sameAs":["https:\/\/www.facebook.com\/ChiaraDesignPL","https:\/\/www.instagram.com\/chiara_design_\/"]}]}},"jetpack_sharing_enabled":true,"_links":{"self":[{"href":"https:\/\/chiara-design.com\/sk\/wp-json\/wp\/v2\/product\/62180","targetHints":{"allow":["GET"]}}],"collection":[{"href":"https:\/\/chiara-design.com\/sk\/wp-json\/wp\/v2\/product"}],"about":[{"href":"https:\/\/chiara-design.com\/sk\/wp-json\/wp\/v2\/types\/product"}],"replies":[{"embeddable":true,"href":"https:\/\/chiara-design.com\/sk\/wp-json\/wp\/v2\/comments?post=62180"}],"wp:featuredmedia":[{"embeddable":true,"href":"https:\/\/chiara-design.com\/sk\/wp-json\/wp\/v2\/media\/61925"}],"wp:attachment":[{"href":"https:\/\/chiara-design.com\/sk\/wp-json\/wp\/v2\/media?parent=62180"}],"wp:term":[{"taxonomy":"product_brand","embeddable":true,"href":"https:\/\/chiara-design.com\/sk\/wp-json\/wp\/v2\/product_brand?post=62180"},{"taxonomy":"product_cat","embeddable":true,"href":"https:\/\/chiara-design.com\/sk\/wp-json\/wp\/v2\/product_cat?post=62180"},{"taxonomy":"product_tag","embeddable":true,"href":"https:\/\/chiara-design.com\/sk\/wp-json\/wp\/v2\/product_tag?post=62180"}],"curies":[{"name":"wp","href":"https:\/\/api.w.org\/{rel}","templated":true}]}}