{"id":61099,"date":"2025-09-14T09:35:43","date_gmt":"2025-09-14T07:35:43","guid":{"rendered":"https:\/\/chiara-design.com\/product\/torebka-chiara-mery-czekoladowa-torebka-z-zamszu\/"},"modified":"2026-03-25T14:57:54","modified_gmt":"2026-03-25T13:57:54","slug":"torebka-chiara-mery-czekoladowa-torebka-z-zamszu","status":"publish","type":"product","link":"https:\/\/chiara-design.com\/sk\/produkt\/torebka-chiara-mery-czekoladowa-torebka-z-zamszu\/","title":{"rendered":"Torebka Chiara Mery \u2013 Czekoladowa Torebka z Zamszu"},"content":{"rendered":"<h2>Torebka Chiara Mery \u2013 Czekoladowa Torebka z zamszu naturalnego idealna na dynamiczny dzie\u0144<\/h2>\n<p>Torebka Mery to produkt, kt\u00f3ry \u0142\u0105czy nowoczesny design z wyj\u0105tkow\u0105 funkcjonalno\u015bci\u0105. Wykonali\u015bmy j\u0105 z wysokiej jako\u015bci zamszu naturalnego, dzi\u0119ki czemu cechuje si\u0119 elegancj\u0105 i wyrazistym g\u0142\u0119bokim kolorem czekolady. Co wi\u0119cej subtelne z\u0142ote detale nadaj\u0105 torebce niepowtarzalny styl, kt\u00f3ry \u015bwietnie wpisuje si\u0119 w codzienne, profesjonalne oraz uczelniane stylizacje.<\/p>\n<h3>Przemy\u015blana organizacja i komfort u\u017cytkowania<\/h3>\n<p>Torebka zosta\u0142a zaprojektowana z my\u015bl\u0105 o osobach aktywnych, kt\u00f3re ceni\u0105 sobie porz\u0105dek. Dlatego jej wn\u0119trze zosta\u0142o starannie zorganizowane, co umo\u017cliwia:<\/p>\n<ul>\n<li>Bezpieczne przechowywanie przedmiot\u00f3w w g\u0142\u00f3wnej komorze zabezpieczonej suwakiem;<\/li>\n<li>Wygodn\u0105 organizacj\u0119 drobiazg\u00f3w dzi\u0119ki wewn\u0119trznym kieszonkom;<\/li>\n<li>Szybki dost\u0119p do najwa\u017cniejszych rzeczy dzi\u0119ki kieszeniom z przodu i z ty\u0142u, zabezpieczonymi suwakiem;<\/li>\n<li>Dwie d\u0142ugo\u015bci r\u0105czek pozwalaj\u0105 na noszenie torebki zar\u00f3wno w r\u0119ce jak i na ramieniu<\/li>\n<\/ul>\n<h3>Styl, kt\u00f3ry robi wra\u017cenie<\/h3>\n<p>Dodatkowo, torebka Chiara Mery wyr\u00f3\u017cnia si\u0119 g\u0142\u0119bokim czekoladowym kolorem oraz efektownymi, z\u0142otymi okuciami. Co wi\u0119cej, taki design sprawia, \u017ce idealnie nadaje si\u0119 na codzienne wyj\u015bcia, prac\u0119, a tak\u017ce na uczelni\u0119. Dlatego produkt ten jest doskona\u0142ym wyborem dla os\u00f3b, kt\u00f3re oczekuj\u0105 elegancji po\u0142\u0105czonej z funkcjonalno\u015bci\u0105.<\/p>\n<h3>Podsumowanie zalet<\/h3>\n<p>Podsumowuj\u0105c, Torebka Chiara Mery \u2013 Czekoladowa Torebka z zamszu naturalnego to produkt, kt\u00f3ry oferuje:<\/p>\n<ul>\n<li>Wysok\u0105 jako\u015b\u0107 wykonania i trwa\u0142o\u015b\u0107 materia\u0142u,<\/li>\n<li>Przemy\u015blan\u0105 organizacj\u0119 wn\u0119trza,<\/li>\n<li>Uniwersalny, klasyczny design z nowoczesnymi detalami.<\/li>\n<li>Komfort u\u017cytkowania dzi\u0119ki dw\u00f3m d\u0142ugo\u015bciom r\u0105czek.<\/li>\n<li>Kieszonka na kubek kawy.<\/li>\n<li>Kieszonka na kosmetyczk\u0119.<\/li>\n<li>Kosmetyczka w zestawie z torebk\u0105.<\/li>\n<\/ul>\n<p>Dodatkowo, torebka doskonale sprawdzi si\u0119 w r\u00f3\u017cnych sytuacjach \u2013 dlatego warto postawi\u0107 na rozwi\u0105zanie, kt\u00f3re \u0142\u0105czy funkcjonalno\u015b\u0107 z modnym wygl\u0105dem.<\/p>\n<p><strong>Model: I5051 MERY<\/strong><\/p>\n","protected":false},"excerpt":{"rendered":"<p>Torebka Chiara Mery to czekoladowa torebka z zamszu z efektownymi z\u0142otymi detalami. Idealna na prac\u0119, uczelni\u0119 i codzienne wyj\u015bcia.<\/p>\n","protected":false},"featured_media":60674,"comment_status":"open","ping_status":"closed","template":"","meta":[],"product_brand":[],"product_cat":[661],"product_tag":[695,636,663,691,692,702],"class_list":{"0":"post-61099","1":"product","2":"type-product","3":"status-publish","4":"has-post-thumbnail","6":"product_cat-klasicke","7":"product_tag-a4-sk","8":"product_tag-chiara-sk","9":"product_tag-kabelka","10":"product_tag-klasicka","11":"product_tag-univerzalna","12":"product_tag-zlate-kovanie","14":"first","15":"onbackorder","16":"featured","17":"shipping-taxable","18":"purchasable","19":"product-type-simple"},"yoast_head":"<!-- This site is optimized with the Yoast SEO plugin v27.4 - https:\/\/yoast.com\/product\/yoast-seo-wordpress\/ -->\n<title>Torebka Chiara Mery \u2013 Czekoladowa Torebka z zamszu<\/title>\n<meta name=\"description\" content=\"Torebka Chiara Mery to czekoladowa torebka z zamszu z efektownymi z\u0142otymi detalami. Idealna na prac\u0119, uczelni\u0119 i codzienne wyj\u015bcia.\" \/>\n<meta name=\"robots\" content=\"index, follow, max-snippet:-1, max-image-preview:large, max-video-preview:-1\" \/>\n<link rel=\"canonical\" href=\"https:\/\/chiara-design.com\/produkt\/torebka-chiara-mery-czekoladowa-torebka-z-zamszu\/\" \/>\n<meta property=\"og:locale\" content=\"sk_SK\" \/>\n<meta property=\"og:type\" content=\"article\" \/>\n<meta property=\"og:title\" content=\"Torebka Chiara Mery \u2013 Czekoladowa Torebka z zamszu\" \/>\n<meta property=\"og:description\" content=\"Torebka Chiara Mery to czekoladowa torebka z zamszu z efektownymi z\u0142otymi detalami. Idealna na prac\u0119, uczelni\u0119 i codzienne wyj\u015bcia.\" \/>\n<meta property=\"og:url\" content=\"https:\/\/chiara-design.com\/produkt\/torebka-chiara-mery-czekoladowa-torebka-z-zamszu\/\" \/>\n<meta property=\"og:site_name\" content=\"Chiara Design\" \/>\n<meta property=\"article:publisher\" content=\"https:\/\/www.facebook.com\/ChiaraDesignPL\" \/>\n<meta property=\"article:modified_time\" content=\"2026-03-25T13:57:54+00:00\" \/>\n<meta name=\"twitter:card\" content=\"summary_large_image\" \/>\n<meta name=\"twitter:label1\" content=\"Predpokladan\u00fd \u010das \u010d\u00edtania\" \/>\n\t<meta name=\"twitter:data1\" content=\"2 min\u00faty\" \/>\n<script type=\"application\/ld+json\" class=\"yoast-schema-graph\">{\"@context\":\"https:\\\/\\\/schema.org\",\"@graph\":[{\"@type\":\"WebPage\",\"@id\":\"https:\\\/\\\/chiara-design.com\\\/produkt\\\/torebka-chiara-mery-czekoladowa-torebka-z-zamszu\\\/\",\"url\":\"https:\\\/\\\/chiara-design.com\\\/produkt\\\/torebka-chiara-mery-czekoladowa-torebka-z-zamszu\\\/\",\"name\":\"Torebka Chiara Mery \u2013 Czekoladowa Torebka z zamszu\",\"isPartOf\":{\"@id\":\"https:\\\/\\\/chiara-design.com\\\/#website\"},\"primaryImageOfPage\":{\"@id\":\"https:\\\/\\\/chiara-design.com\\\/produkt\\\/torebka-chiara-mery-czekoladowa-torebka-z-zamszu\\\/#primaryimage\"},\"image\":{\"@id\":\"https:\\\/\\\/chiara-design.com\\\/produkt\\\/torebka-chiara-mery-czekoladowa-torebka-z-zamszu\\\/#primaryimage\"},\"thumbnailUrl\":\"https:\\\/\\\/chiara-design.com\\\/wp-content\\\/uploads\\\/2025\\\/09\\\/mery-czekolada-zamsz_8.webp\",\"datePublished\":\"2025-09-14T07:35:43+00:00\",\"dateModified\":\"2026-03-25T13:57:54+00:00\",\"description\":\"Torebka Chiara Mery to czekoladowa torebka z zamszu z efektownymi z\u0142otymi detalami. Idealna na prac\u0119, uczelni\u0119 i codzienne wyj\u015bcia.\",\"breadcrumb\":{\"@id\":\"https:\\\/\\\/chiara-design.com\\\/produkt\\\/torebka-chiara-mery-czekoladowa-torebka-z-zamszu\\\/#breadcrumb\"},\"inLanguage\":\"sk-SK\",\"potentialAction\":[{\"@type\":\"ReadAction\",\"target\":[\"https:\\\/\\\/chiara-design.com\\\/produkt\\\/torebka-chiara-mery-czekoladowa-torebka-z-zamszu\\\/\"]}]},{\"@type\":\"ImageObject\",\"inLanguage\":\"sk-SK\",\"@id\":\"https:\\\/\\\/chiara-design.com\\\/produkt\\\/torebka-chiara-mery-czekoladowa-torebka-z-zamszu\\\/#primaryimage\",\"url\":\"https:\\\/\\\/chiara-design.com\\\/wp-content\\\/uploads\\\/2025\\\/09\\\/mery-czekolada-zamsz_8.webp\",\"contentUrl\":\"https:\\\/\\\/chiara-design.com\\\/wp-content\\\/uploads\\\/2025\\\/09\\\/mery-czekolada-zamsz_8.webp\",\"width\":1200,\"height\":1500},{\"@type\":\"BreadcrumbList\",\"@id\":\"https:\\\/\\\/chiara-design.com\\\/produkt\\\/torebka-chiara-mery-czekoladowa-torebka-z-zamszu\\\/#breadcrumb\",\"itemListElement\":[{\"@type\":\"ListItem\",\"position\":1,\"name\":\"Home\",\"item\":\"https:\\\/\\\/chiara-design.com\\\/sk\\\/damske-kabelky-chiara-design\\\/\"},{\"@type\":\"ListItem\",\"position\":2,\"name\":\"Obchod\",\"item\":\"https:\\\/\\\/chiara-design.com\\\/sklep\\\/\"},{\"@type\":\"ListItem\",\"position\":3,\"name\":\"Torebka Chiara Mery \u2013 Czekoladowa Torebka z Zamszu\"}]},{\"@type\":\"WebSite\",\"@id\":\"https:\\\/\\\/chiara-design.com\\\/#website\",\"url\":\"https:\\\/\\\/chiara-design.com\\\/\",\"name\":\"Chiara Design\",\"description\":\"Tw\u00f3j ulubiony sklep online z torebkami.\",\"publisher\":{\"@id\":\"https:\\\/\\\/chiara-design.com\\\/#organization\"},\"potentialAction\":[{\"@type\":\"SearchAction\",\"target\":{\"@type\":\"EntryPoint\",\"urlTemplate\":\"https:\\\/\\\/chiara-design.com\\\/?s={search_term_string}\"},\"query-input\":{\"@type\":\"PropertyValueSpecification\",\"valueRequired\":true,\"valueName\":\"search_term_string\"}}],\"inLanguage\":\"sk-SK\"},{\"@type\":\"Organization\",\"@id\":\"https:\\\/\\\/chiara-design.com\\\/#organization\",\"name\":\"Chiara Design\",\"url\":\"https:\\\/\\\/chiara-design.com\\\/\",\"logo\":{\"@type\":\"ImageObject\",\"inLanguage\":\"sk-SK\",\"@id\":\"https:\\\/\\\/chiara-design.com\\\/#\\\/schema\\\/logo\\\/image\\\/\",\"url\":\"https:\\\/\\\/chiara-design.com\\\/wp-content\\\/uploads\\\/2024\\\/09\\\/CHIARA-DESIGN-LOGO.png\",\"contentUrl\":\"https:\\\/\\\/chiara-design.com\\\/wp-content\\\/uploads\\\/2024\\\/09\\\/CHIARA-DESIGN-LOGO.png\",\"width\":500,\"height\":158,\"caption\":\"Chiara Design\"},\"image\":{\"@id\":\"https:\\\/\\\/chiara-design.com\\\/#\\\/schema\\\/logo\\\/image\\\/\"},\"sameAs\":[\"https:\\\/\\\/www.facebook.com\\\/ChiaraDesignPL\",\"https:\\\/\\\/www.instagram.com\\\/chiara_design_\\\/\"]}]}<\/script>\n<!-- \/ Yoast SEO plugin. -->","yoast_head_json":{"title":"Torebka Chiara Mery \u2013 Czekoladowa Torebka z zamszu","description":"Torebka Chiara Mery to czekoladowa torebka z zamszu z efektownymi z\u0142otymi detalami. Idealna na prac\u0119, uczelni\u0119 i codzienne wyj\u015bcia.","robots":{"index":"index","follow":"follow","max-snippet":"max-snippet:-1","max-image-preview":"max-image-preview:large","max-video-preview":"max-video-preview:-1"},"canonical":"https:\/\/chiara-design.com\/produkt\/torebka-chiara-mery-czekoladowa-torebka-z-zamszu\/","og_locale":"sk_SK","og_type":"article","og_title":"Torebka Chiara Mery \u2013 Czekoladowa Torebka z zamszu","og_description":"Torebka Chiara Mery to czekoladowa torebka z zamszu z efektownymi z\u0142otymi detalami. Idealna na prac\u0119, uczelni\u0119 i codzienne wyj\u015bcia.","og_url":"https:\/\/chiara-design.com\/produkt\/torebka-chiara-mery-czekoladowa-torebka-z-zamszu\/","og_site_name":"Chiara Design","article_publisher":"https:\/\/www.facebook.com\/ChiaraDesignPL","article_modified_time":"2026-03-25T13:57:54+00:00","twitter_card":"summary_large_image","twitter_misc":{"Predpokladan\u00fd \u010das \u010d\u00edtania":"2 min\u00faty"},"schema":{"@context":"https:\/\/schema.org","@graph":[{"@type":"WebPage","@id":"https:\/\/chiara-design.com\/produkt\/torebka-chiara-mery-czekoladowa-torebka-z-zamszu\/","url":"https:\/\/chiara-design.com\/produkt\/torebka-chiara-mery-czekoladowa-torebka-z-zamszu\/","name":"Torebka Chiara Mery \u2013 Czekoladowa Torebka z zamszu","isPartOf":{"@id":"https:\/\/chiara-design.com\/#website"},"primaryImageOfPage":{"@id":"https:\/\/chiara-design.com\/produkt\/torebka-chiara-mery-czekoladowa-torebka-z-zamszu\/#primaryimage"},"image":{"@id":"https:\/\/chiara-design.com\/produkt\/torebka-chiara-mery-czekoladowa-torebka-z-zamszu\/#primaryimage"},"thumbnailUrl":"https:\/\/chiara-design.com\/wp-content\/uploads\/2025\/09\/mery-czekolada-zamsz_8.webp","datePublished":"2025-09-14T07:35:43+00:00","dateModified":"2026-03-25T13:57:54+00:00","description":"Torebka Chiara Mery to czekoladowa torebka z zamszu z efektownymi z\u0142otymi detalami. Idealna na prac\u0119, uczelni\u0119 i codzienne wyj\u015bcia.","breadcrumb":{"@id":"https:\/\/chiara-design.com\/produkt\/torebka-chiara-mery-czekoladowa-torebka-z-zamszu\/#breadcrumb"},"inLanguage":"sk-SK","potentialAction":[{"@type":"ReadAction","target":["https:\/\/chiara-design.com\/produkt\/torebka-chiara-mery-czekoladowa-torebka-z-zamszu\/"]}]},{"@type":"ImageObject","inLanguage":"sk-SK","@id":"https:\/\/chiara-design.com\/produkt\/torebka-chiara-mery-czekoladowa-torebka-z-zamszu\/#primaryimage","url":"https:\/\/chiara-design.com\/wp-content\/uploads\/2025\/09\/mery-czekolada-zamsz_8.webp","contentUrl":"https:\/\/chiara-design.com\/wp-content\/uploads\/2025\/09\/mery-czekolada-zamsz_8.webp","width":1200,"height":1500},{"@type":"BreadcrumbList","@id":"https:\/\/chiara-design.com\/produkt\/torebka-chiara-mery-czekoladowa-torebka-z-zamszu\/#breadcrumb","itemListElement":[{"@type":"ListItem","position":1,"name":"Home","item":"https:\/\/chiara-design.com\/sk\/damske-kabelky-chiara-design\/"},{"@type":"ListItem","position":2,"name":"Obchod","item":"https:\/\/chiara-design.com\/sklep\/"},{"@type":"ListItem","position":3,"name":"Torebka Chiara Mery \u2013 Czekoladowa Torebka z Zamszu"}]},{"@type":"WebSite","@id":"https:\/\/chiara-design.com\/#website","url":"https:\/\/chiara-design.com\/","name":"Chiara Design","description":"Tw\u00f3j ulubiony sklep online z torebkami.","publisher":{"@id":"https:\/\/chiara-design.com\/#organization"},"potentialAction":[{"@type":"SearchAction","target":{"@type":"EntryPoint","urlTemplate":"https:\/\/chiara-design.com\/?s={search_term_string}"},"query-input":{"@type":"PropertyValueSpecification","valueRequired":true,"valueName":"search_term_string"}}],"inLanguage":"sk-SK"},{"@type":"Organization","@id":"https:\/\/chiara-design.com\/#organization","name":"Chiara Design","url":"https:\/\/chiara-design.com\/","logo":{"@type":"ImageObject","inLanguage":"sk-SK","@id":"https:\/\/chiara-design.com\/#\/schema\/logo\/image\/","url":"https:\/\/chiara-design.com\/wp-content\/uploads\/2024\/09\/CHIARA-DESIGN-LOGO.png","contentUrl":"https:\/\/chiara-design.com\/wp-content\/uploads\/2024\/09\/CHIARA-DESIGN-LOGO.png","width":500,"height":158,"caption":"Chiara Design"},"image":{"@id":"https:\/\/chiara-design.com\/#\/schema\/logo\/image\/"},"sameAs":["https:\/\/www.facebook.com\/ChiaraDesignPL","https:\/\/www.instagram.com\/chiara_design_\/"]}]}},"jetpack_sharing_enabled":true,"_links":{"self":[{"href":"https:\/\/chiara-design.com\/sk\/wp-json\/wp\/v2\/product\/61099","targetHints":{"allow":["GET"]}}],"collection":[{"href":"https:\/\/chiara-design.com\/sk\/wp-json\/wp\/v2\/product"}],"about":[{"href":"https:\/\/chiara-design.com\/sk\/wp-json\/wp\/v2\/types\/product"}],"replies":[{"embeddable":true,"href":"https:\/\/chiara-design.com\/sk\/wp-json\/wp\/v2\/comments?post=61099"}],"wp:featuredmedia":[{"embeddable":true,"href":"https:\/\/chiara-design.com\/sk\/wp-json\/wp\/v2\/media\/60674"}],"wp:attachment":[{"href":"https:\/\/chiara-design.com\/sk\/wp-json\/wp\/v2\/media?parent=61099"}],"wp:term":[{"taxonomy":"product_brand","embeddable":true,"href":"https:\/\/chiara-design.com\/sk\/wp-json\/wp\/v2\/product_brand?post=61099"},{"taxonomy":"product_cat","embeddable":true,"href":"https:\/\/chiara-design.com\/sk\/wp-json\/wp\/v2\/product_cat?post=61099"},{"taxonomy":"product_tag","embeddable":true,"href":"https:\/\/chiara-design.com\/sk\/wp-json\/wp\/v2\/product_tag?post=61099"}],"curies":[{"name":"wp","href":"https:\/\/api.w.org\/{rel}","templated":true}]}}