{"id":60897,"date":"2024-01-18T00:04:43","date_gmt":"2024-01-17T23:04:43","guid":{"rendered":"https:\/\/chiara-design.com\/product\/darcekovy-poukaz-400-zl\/"},"modified":"2025-09-23T11:50:05","modified_gmt":"2025-09-23T09:50:05","slug":"darcekovy-poukaz-400-zl","status":"publish","type":"product","link":"https:\/\/chiara-design.com\/sk\/produkt\/darcekovy-poukaz-400-zl\/","title":{"rendered":"Dar\u010dekov\u00fd poukaz 400 z\u0142"},"content":{"rendered":"<p><h2>Dar\u010dekov\u00fd poukaz 400 z\u0142 \u2013 Jedine\u010dn\u00fd dar\u010dek<\/h2><br \/>\nDar\u010dekov\u00fd poukaz 400 z\u0142 je vynikaj\u00facou vo\u013ebou, ako darova\u0165 bl\u00edzkym mo\u017enos\u0165 n\u00e1kupu kabelky alebo v\u00e4\u010d\u0161\u00edch doplnkov. Na\u0161e kolekcie Chiara, Zia a Karen.<br \/>\n<h3>Pre\u010do si vybra\u0165 Dar\u010dekov\u00fd poukaz 400 z\u0142?<\/h3><br \/>\n<ul><br \/>\n \t<li><strong>Univerz\u00e1lnos\u0165:<\/strong> Ide\u00e1lny na n\u00e1kup pr\u00e9miov\u00fdch kabeliek alebo doplnkov.<\/li><br \/>\n \t<li><strong>Pohodlie:<\/strong> Doru\u010den\u00fd e-mailom v digit\u00e1lnej forme.<\/li><br \/>\n \t<li><strong>Flexibilita:<\/strong> Ide\u00e1lny na v\u00e4\u010d\u0161\u00ed dar\u010dek alebo doplnenie dar\u010deka.<\/li><br \/>\n<\/ul><br \/>\n<h3>Ako funguje Dar\u010dekov\u00fd poukaz 400 z\u0142?<\/h3><br \/>\n<ul><br \/>\n \t<li>Vyberte si poukaz online a dokon\u010dite objedn\u00e1vku.<\/li><br \/>\n \t<li>Pr\u00edjemca dostane k\u00f3d v digit\u00e1lnej forme na e-mail.<\/li><br \/>\n \t<li>Uplatnite k\u00f3d pri n\u00e1kupoch v obchode.<\/li><br \/>\n<\/ul><br \/>\nDarujte rados\u0165 z v\u00fdberu s Dar\u010dekovou kartou<\/p>\n","protected":false},"excerpt":{"rendered":"<p>Dar\u010dekov\u00fd poukaz 400 z\u0142 je praktick\u00fd dar\u010dek na v\u00e4\u010d\u0161ie n\u00e1kupy v na\u0161om obchode!<\/p>\n","protected":false},"featured_media":58728,"comment_status":"open","ping_status":"closed","template":"","meta":[],"product_brand":[],"product_cat":[655],"product_tag":[823,636,656,658],"class_list":{"0":"post-60897","1":"product","2":"type-product","3":"status-publish","4":"has-post-thumbnail","6":"product_cat-darcekove-poukazy","7":"product_tag-400-zl-sk","8":"product_tag-chiara-sk","9":"product_tag-darcek","10":"product_tag-darcekova-poukazka","12":"first","13":"instock","14":"virtual","15":"purchasable","16":"product-type-simple"},"yoast_head":"<!-- This site is optimized with the Yoast SEO plugin v27.5 - https:\/\/yoast.com\/product\/yoast-seo-wordpress\/ -->\n<title>Dar\u010dekov\u00fd poukaz 400 z\u0142 \u2013 Perfektn\u00fd dar\u010dek<\/title>\n<meta name=\"description\" content=\"Darujte eleganciu! Digit\u00e1lny dar\u010dekov\u00fd poukaz 400 z\u0142 je ide\u00e1lny dar\u010dek na v\u00e4\u010d\u0161ie n\u00e1kupy v kolekci\u00e1ch Chiara, Zia a Karen.\" \/>\n<meta name=\"robots\" content=\"index, follow, max-snippet:-1, max-image-preview:large, max-video-preview:-1\" \/>\n<link rel=\"canonical\" href=\"https:\/\/chiara-design.com\/sk\/produkt\/darcekovy-poukaz-400-zl\/\" \/>\n<meta property=\"og:locale\" content=\"sk_SK\" \/>\n<meta property=\"og:type\" content=\"article\" \/>\n<meta property=\"og:title\" content=\"Dar\u010dekov\u00fd poukaz 400 z\u0142 \u2013 Perfektn\u00fd dar\u010dek\" \/>\n<meta property=\"og:description\" content=\"Darujte eleganciu! Digit\u00e1lny dar\u010dekov\u00fd poukaz 400 z\u0142 je ide\u00e1lny dar\u010dek na v\u00e4\u010d\u0161ie n\u00e1kupy v kolekci\u00e1ch Chiara, Zia a Karen.\" \/>\n<meta property=\"og:url\" content=\"https:\/\/chiara-design.com\/sk\/produkt\/darcekovy-poukaz-400-zl\/\" \/>\n<meta property=\"og:site_name\" content=\"Chiara Design\" \/>\n<meta property=\"article:publisher\" content=\"https:\/\/www.facebook.com\/ChiaraDesignPL\" \/>\n<meta property=\"article:modified_time\" content=\"2025-09-23T09:50:05+00:00\" \/>\n<meta property=\"og:image\" content=\"https:\/\/chiara-design.com\/wp-content\/uploads\/2024\/07\/bon-podarunkowy-400-zl.png\" \/>\n\t<meta property=\"og:image:width\" content=\"1748\" \/>\n\t<meta property=\"og:image:height\" content=\"1240\" \/>\n\t<meta property=\"og:image:type\" content=\"image\/png\" \/>\n<meta name=\"twitter:card\" content=\"summary_large_image\" \/>\n<meta name=\"twitter:label1\" content=\"Predpokladan\u00fd \u010das \u010d\u00edtania\" \/>\n\t<meta name=\"twitter:data1\" content=\"1 min\u00fata\" \/>\n<script type=\"application\/ld+json\" class=\"yoast-schema-graph\">{\"@context\":\"https:\\\/\\\/schema.org\",\"@graph\":[{\"@type\":\"WebPage\",\"@id\":\"https:\\\/\\\/chiara-design.com\\\/sk\\\/produkt\\\/darcekovy-poukaz-400-zl\\\/\",\"url\":\"https:\\\/\\\/chiara-design.com\\\/sk\\\/produkt\\\/darcekovy-poukaz-400-zl\\\/\",\"name\":\"Dar\u010dekov\u00fd poukaz 400 z\u0142 \u2013 Perfektn\u00fd dar\u010dek\",\"isPartOf\":{\"@id\":\"https:\\\/\\\/chiara-design.com\\\/#website\"},\"primaryImageOfPage\":{\"@id\":\"https:\\\/\\\/chiara-design.com\\\/sk\\\/produkt\\\/darcekovy-poukaz-400-zl\\\/#primaryimage\"},\"image\":{\"@id\":\"https:\\\/\\\/chiara-design.com\\\/sk\\\/produkt\\\/darcekovy-poukaz-400-zl\\\/#primaryimage\"},\"thumbnailUrl\":\"https:\\\/\\\/chiara-design.com\\\/wp-content\\\/uploads\\\/2024\\\/07\\\/bon-podarunkowy-400-zl.png\",\"datePublished\":\"2024-01-17T23:04:43+00:00\",\"dateModified\":\"2025-09-23T09:50:05+00:00\",\"description\":\"Darujte eleganciu! Digit\u00e1lny dar\u010dekov\u00fd poukaz 400 z\u0142 je ide\u00e1lny dar\u010dek na v\u00e4\u010d\u0161ie n\u00e1kupy v kolekci\u00e1ch Chiara, Zia a Karen.\",\"breadcrumb\":{\"@id\":\"https:\\\/\\\/chiara-design.com\\\/sk\\\/produkt\\\/darcekovy-poukaz-400-zl\\\/#breadcrumb\"},\"inLanguage\":\"sk-SK\",\"potentialAction\":[{\"@type\":\"ReadAction\",\"target\":[\"https:\\\/\\\/chiara-design.com\\\/sk\\\/produkt\\\/darcekovy-poukaz-400-zl\\\/\"]}]},{\"@type\":\"ImageObject\",\"inLanguage\":\"sk-SK\",\"@id\":\"https:\\\/\\\/chiara-design.com\\\/sk\\\/produkt\\\/darcekovy-poukaz-400-zl\\\/#primaryimage\",\"url\":\"https:\\\/\\\/chiara-design.com\\\/wp-content\\\/uploads\\\/2024\\\/07\\\/bon-podarunkowy-400-zl.png\",\"contentUrl\":\"https:\\\/\\\/chiara-design.com\\\/wp-content\\\/uploads\\\/2024\\\/07\\\/bon-podarunkowy-400-zl.png\",\"width\":1748,\"height\":1240,\"caption\":\"Podaruj styl z Bonem Podarunkowym o warto\u015bci 400 z\u0142.\"},{\"@type\":\"BreadcrumbList\",\"@id\":\"https:\\\/\\\/chiara-design.com\\\/sk\\\/produkt\\\/darcekovy-poukaz-400-zl\\\/#breadcrumb\",\"itemListElement\":[{\"@type\":\"ListItem\",\"position\":1,\"name\":\"Home\",\"item\":\"https:\\\/\\\/chiara-design.com\\\/sk\\\/damske-kabelky-chiara-design\\\/\"},{\"@type\":\"ListItem\",\"position\":2,\"name\":\"Obchod\",\"item\":\"https:\\\/\\\/chiara-design.com\\\/sklep\\\/\"},{\"@type\":\"ListItem\",\"position\":3,\"name\":\"Dar\u010dekov\u00fd poukaz 400 z\u0142\"}]},{\"@type\":\"WebSite\",\"@id\":\"https:\\\/\\\/chiara-design.com\\\/#website\",\"url\":\"https:\\\/\\\/chiara-design.com\\\/\",\"name\":\"Chiara Design\",\"description\":\"Tw\u00f3j ulubiony sklep online z torebkami.\",\"publisher\":{\"@id\":\"https:\\\/\\\/chiara-design.com\\\/#organization\"},\"potentialAction\":[{\"@type\":\"SearchAction\",\"target\":{\"@type\":\"EntryPoint\",\"urlTemplate\":\"https:\\\/\\\/chiara-design.com\\\/?s={search_term_string}\"},\"query-input\":{\"@type\":\"PropertyValueSpecification\",\"valueRequired\":true,\"valueName\":\"search_term_string\"}}],\"inLanguage\":\"sk-SK\"},{\"@type\":\"Organization\",\"@id\":\"https:\\\/\\\/chiara-design.com\\\/#organization\",\"name\":\"Chiara Design\",\"url\":\"https:\\\/\\\/chiara-design.com\\\/\",\"logo\":{\"@type\":\"ImageObject\",\"inLanguage\":\"sk-SK\",\"@id\":\"https:\\\/\\\/chiara-design.com\\\/#\\\/schema\\\/logo\\\/image\\\/\",\"url\":\"https:\\\/\\\/chiara-design.com\\\/wp-content\\\/uploads\\\/2024\\\/09\\\/CHIARA-DESIGN-LOGO.png\",\"contentUrl\":\"https:\\\/\\\/chiara-design.com\\\/wp-content\\\/uploads\\\/2024\\\/09\\\/CHIARA-DESIGN-LOGO.png\",\"width\":500,\"height\":158,\"caption\":\"Chiara Design\"},\"image\":{\"@id\":\"https:\\\/\\\/chiara-design.com\\\/#\\\/schema\\\/logo\\\/image\\\/\"},\"sameAs\":[\"https:\\\/\\\/www.facebook.com\\\/ChiaraDesignPL\",\"https:\\\/\\\/www.instagram.com\\\/chiara_design_\\\/\"]}]}<\/script>\n<!-- \/ Yoast SEO plugin. -->","yoast_head_json":{"title":"Dar\u010dekov\u00fd poukaz 400 z\u0142 \u2013 Perfektn\u00fd dar\u010dek","description":"Darujte eleganciu! Digit\u00e1lny dar\u010dekov\u00fd poukaz 400 z\u0142 je ide\u00e1lny dar\u010dek na v\u00e4\u010d\u0161ie n\u00e1kupy v kolekci\u00e1ch Chiara, Zia a Karen.","robots":{"index":"index","follow":"follow","max-snippet":"max-snippet:-1","max-image-preview":"max-image-preview:large","max-video-preview":"max-video-preview:-1"},"canonical":"https:\/\/chiara-design.com\/sk\/produkt\/darcekovy-poukaz-400-zl\/","og_locale":"sk_SK","og_type":"article","og_title":"Dar\u010dekov\u00fd poukaz 400 z\u0142 \u2013 Perfektn\u00fd dar\u010dek","og_description":"Darujte eleganciu! Digit\u00e1lny dar\u010dekov\u00fd poukaz 400 z\u0142 je ide\u00e1lny dar\u010dek na v\u00e4\u010d\u0161ie n\u00e1kupy v kolekci\u00e1ch Chiara, Zia a Karen.","og_url":"https:\/\/chiara-design.com\/sk\/produkt\/darcekovy-poukaz-400-zl\/","og_site_name":"Chiara Design","article_publisher":"https:\/\/www.facebook.com\/ChiaraDesignPL","article_modified_time":"2025-09-23T09:50:05+00:00","og_image":[{"width":1748,"height":1240,"url":"https:\/\/chiara-design.com\/wp-content\/uploads\/2024\/07\/bon-podarunkowy-400-zl.png","type":"image\/png"}],"twitter_card":"summary_large_image","twitter_misc":{"Predpokladan\u00fd \u010das \u010d\u00edtania":"1 min\u00fata"},"schema":{"@context":"https:\/\/schema.org","@graph":[{"@type":"WebPage","@id":"https:\/\/chiara-design.com\/sk\/produkt\/darcekovy-poukaz-400-zl\/","url":"https:\/\/chiara-design.com\/sk\/produkt\/darcekovy-poukaz-400-zl\/","name":"Dar\u010dekov\u00fd poukaz 400 z\u0142 \u2013 Perfektn\u00fd dar\u010dek","isPartOf":{"@id":"https:\/\/chiara-design.com\/#website"},"primaryImageOfPage":{"@id":"https:\/\/chiara-design.com\/sk\/produkt\/darcekovy-poukaz-400-zl\/#primaryimage"},"image":{"@id":"https:\/\/chiara-design.com\/sk\/produkt\/darcekovy-poukaz-400-zl\/#primaryimage"},"thumbnailUrl":"https:\/\/chiara-design.com\/wp-content\/uploads\/2024\/07\/bon-podarunkowy-400-zl.png","datePublished":"2024-01-17T23:04:43+00:00","dateModified":"2025-09-23T09:50:05+00:00","description":"Darujte eleganciu! Digit\u00e1lny dar\u010dekov\u00fd poukaz 400 z\u0142 je ide\u00e1lny dar\u010dek na v\u00e4\u010d\u0161ie n\u00e1kupy v kolekci\u00e1ch Chiara, Zia a Karen.","breadcrumb":{"@id":"https:\/\/chiara-design.com\/sk\/produkt\/darcekovy-poukaz-400-zl\/#breadcrumb"},"inLanguage":"sk-SK","potentialAction":[{"@type":"ReadAction","target":["https:\/\/chiara-design.com\/sk\/produkt\/darcekovy-poukaz-400-zl\/"]}]},{"@type":"ImageObject","inLanguage":"sk-SK","@id":"https:\/\/chiara-design.com\/sk\/produkt\/darcekovy-poukaz-400-zl\/#primaryimage","url":"https:\/\/chiara-design.com\/wp-content\/uploads\/2024\/07\/bon-podarunkowy-400-zl.png","contentUrl":"https:\/\/chiara-design.com\/wp-content\/uploads\/2024\/07\/bon-podarunkowy-400-zl.png","width":1748,"height":1240,"caption":"Podaruj styl z Bonem Podarunkowym o warto\u015bci 400 z\u0142."},{"@type":"BreadcrumbList","@id":"https:\/\/chiara-design.com\/sk\/produkt\/darcekovy-poukaz-400-zl\/#breadcrumb","itemListElement":[{"@type":"ListItem","position":1,"name":"Home","item":"https:\/\/chiara-design.com\/sk\/damske-kabelky-chiara-design\/"},{"@type":"ListItem","position":2,"name":"Obchod","item":"https:\/\/chiara-design.com\/sklep\/"},{"@type":"ListItem","position":3,"name":"Dar\u010dekov\u00fd poukaz 400 z\u0142"}]},{"@type":"WebSite","@id":"https:\/\/chiara-design.com\/#website","url":"https:\/\/chiara-design.com\/","name":"Chiara Design","description":"Tw\u00f3j ulubiony sklep online z torebkami.","publisher":{"@id":"https:\/\/chiara-design.com\/#organization"},"potentialAction":[{"@type":"SearchAction","target":{"@type":"EntryPoint","urlTemplate":"https:\/\/chiara-design.com\/?s={search_term_string}"},"query-input":{"@type":"PropertyValueSpecification","valueRequired":true,"valueName":"search_term_string"}}],"inLanguage":"sk-SK"},{"@type":"Organization","@id":"https:\/\/chiara-design.com\/#organization","name":"Chiara Design","url":"https:\/\/chiara-design.com\/","logo":{"@type":"ImageObject","inLanguage":"sk-SK","@id":"https:\/\/chiara-design.com\/#\/schema\/logo\/image\/","url":"https:\/\/chiara-design.com\/wp-content\/uploads\/2024\/09\/CHIARA-DESIGN-LOGO.png","contentUrl":"https:\/\/chiara-design.com\/wp-content\/uploads\/2024\/09\/CHIARA-DESIGN-LOGO.png","width":500,"height":158,"caption":"Chiara Design"},"image":{"@id":"https:\/\/chiara-design.com\/#\/schema\/logo\/image\/"},"sameAs":["https:\/\/www.facebook.com\/ChiaraDesignPL","https:\/\/www.instagram.com\/chiara_design_\/"]}]}},"jetpack_sharing_enabled":true,"_links":{"self":[{"href":"https:\/\/chiara-design.com\/sk\/wp-json\/wp\/v2\/product\/60897","targetHints":{"allow":["GET"]}}],"collection":[{"href":"https:\/\/chiara-design.com\/sk\/wp-json\/wp\/v2\/product"}],"about":[{"href":"https:\/\/chiara-design.com\/sk\/wp-json\/wp\/v2\/types\/product"}],"replies":[{"embeddable":true,"href":"https:\/\/chiara-design.com\/sk\/wp-json\/wp\/v2\/comments?post=60897"}],"wp:featuredmedia":[{"embeddable":true,"href":"https:\/\/chiara-design.com\/sk\/wp-json\/wp\/v2\/media\/58728"}],"wp:attachment":[{"href":"https:\/\/chiara-design.com\/sk\/wp-json\/wp\/v2\/media?parent=60897"}],"wp:term":[{"taxonomy":"product_brand","embeddable":true,"href":"https:\/\/chiara-design.com\/sk\/wp-json\/wp\/v2\/product_brand?post=60897"},{"taxonomy":"product_cat","embeddable":true,"href":"https:\/\/chiara-design.com\/sk\/wp-json\/wp\/v2\/product_cat?post=60897"},{"taxonomy":"product_tag","embeddable":true,"href":"https:\/\/chiara-design.com\/sk\/wp-json\/wp\/v2\/product_tag?post=60897"}],"curies":[{"name":"wp","href":"https:\/\/api.w.org\/{rel}","templated":true}]}}