{"id":60895,"date":"2025-02-18T00:48:20","date_gmt":"2025-02-17T23:48:20","guid":{"rendered":"https:\/\/chiara-design.com\/product\/ruksak-chiara-anatol-cierny-s-kvetmi-e687\/"},"modified":"2026-03-11T01:45:59","modified_gmt":"2026-03-11T00:45:59","slug":"ruksak-chiara-anatol-cierny-s-kvetmi-e687","status":"publish","type":"product","link":"https:\/\/chiara-design.com\/sk\/produkt\/ruksak-chiara-anatol-cierny-s-kvetmi-e687\/","title":{"rendered":"Ruksak Chiara Anatol \u010cierny s Kvetmi E687"},"content":{"rendered":"<p>BESTSELLER ruksak-kabelka Anatol je jedine\u010dn\u00fdm spojen\u00edm funk\u010dnosti a origin\u00e1lneho dizajnu. Je to ide\u00e1lne rie\u0161enie pre \u017eeny, ktor\u00e9 si cenia pohodlie a m\u00f3dny vzh\u013ead.<br \/>\nRuksak-kabelka bola vyroben\u00e1 z vysokokvalitn\u00fdch materi\u00e1lov, ktor\u00e9 zaru\u010duj\u00fa trv\u00e1cnos\u0165 a odolnos\u0165 pri ka\u017edodennom pou\u017e\u00edvan\u00ed.<br \/>\nZlat\u00e9 kovanie, ktor\u00e9 zdob\u00ed tento model, mu dod\u00e1va jedine\u010dn\u00fd lesk a exkluz\u00edvny charakter. Navy\u0161e s\u00fa pevne pripevnen\u00e9, \u010do zais\u0165uje trv\u00e1cnos\u0165 a dlhodob\u00e9 pou\u017e\u00edvanie ruksaku-kabelky.<br \/>\nN\u00e1\u0161 model m\u00e1 mnoho praktick\u00fdch funkci\u00ed, ako napr\u00edklad hlavn\u00fa komoru uzatv\u00e1rate\u013en\u00fa na pevn\u00fd zips, ktor\u00e1 zais\u0165uje bezpe\u010dn\u00e9 ulo\u017eenie vec\u00ed. Okrem toho m\u00e1 aj dve bo\u010dn\u00e9 vreck\u00e1 a zadn\u00e9 bezpe\u010dn\u00e9 vrecko, ide\u00e1lne na ulo\u017eenie men\u0161\u00edch predmetov, ako s\u00fa mobiln\u00fd telef\u00f3n, pe\u0148a\u017eenka alebo k\u013e\u00fa\u010de.<br \/>\nNastavite\u013en\u00e9 a pohodln\u00e9 popruhy ruksaku umo\u017e\u0148uj\u00fa prisp\u00f4sobi\u0165 ho individu\u00e1lnym preferenci\u00e1m. Mo\u017eno ho nosi\u0165 na chrbte aj dr\u017ea\u0165 v ruke pomocou rukov\u00e4te na hornej strane ruksaku.<br \/>\nAnatol je vybaven\u00fd zrkadielkom v tvare srdca zavesen\u00fdm na retiazke. Form\u00e1t A4.<\/p>\n","protected":false},"excerpt":{"rendered":"<p>BESTSELLER ruksak-kabelka Anatol od Chiara Design je jedine\u010dn\u00fdm spojen\u00edm funk\u010dnosti a origin\u00e1lneho dizajnu. Je to ide\u00e1lne rie\u0161enie pre \u017eeny, ktor\u00e9 si cenia pohodlie a m\u00f3dny vzh\u013ead.<br \/>\nRuksak-kabelka bola vyroben\u00e1 z vysokokvalitn\u00fdch materi\u00e1lov, ktor\u00e9 zaru\u010duj\u00fa trv\u00e1cnos\u0165 a odolnos\u0165 pri ka\u017edodennom pou\u017e\u00edvan\u00ed.<\/p>\n","protected":false},"featured_media":56673,"comment_status":"open","ping_status":"closed","template":"","meta":[],"product_brand":[],"product_cat":[629],"product_tag":[636],"class_list":{"0":"post-60895","1":"product","2":"type-product","3":"status-publish","4":"has-post-thumbnail","6":"product_cat-batohy","7":"product_tag-chiara-sk","9":"first","10":"instock","11":"shipping-taxable","12":"purchasable","13":"product-type-simple"},"yoast_head":"<!-- This site is optimized with the Yoast SEO plugin v27.4 - https:\/\/yoast.com\/product\/yoast-seo-wordpress\/ -->\n<title>Ruksak Chiara Anatol \u010cierny s Kvetmi E687 - Chiara Design<\/title>\n<meta name=\"robots\" content=\"index, follow, max-snippet:-1, max-image-preview:large, max-video-preview:-1\" \/>\n<link rel=\"canonical\" href=\"https:\/\/chiara-design.com\/produkt\/plecak-chiara-anatol-czarny-z-kwiatami-e687\/\" \/>\n<meta property=\"og:locale\" content=\"sk_SK\" \/>\n<meta property=\"og:type\" content=\"article\" \/>\n<meta property=\"og:title\" content=\"Ruksak Chiara Anatol \u010cierny s Kvetmi E687 - Chiara Design\" \/>\n<meta property=\"og:description\" content=\"BESTSELLER ruksak-kabelka Anatol od Chiara Design je jedine\u010dn\u00fdm spojen\u00edm funk\u010dnosti a origin\u00e1lneho dizajnu. Je to ide\u00e1lne rie\u0161enie pre \u017eeny, ktor\u00e9 si cenia pohodlie a m\u00f3dny vzh\u013ead. Ruksak-kabelka bola vyroben\u00e1 z vysokokvalitn\u00fdch materi\u00e1lov, ktor\u00e9 zaru\u010duj\u00fa trv\u00e1cnos\u0165 a odolnos\u0165 pri ka\u017edodennom pou\u017e\u00edvan\u00ed.\" \/>\n<meta property=\"og:url\" content=\"https:\/\/chiara-design.com\/produkt\/plecak-chiara-anatol-czarny-z-kwiatami-e687\/\" \/>\n<meta property=\"og:site_name\" content=\"Chiara Design\" \/>\n<meta property=\"article:publisher\" content=\"https:\/\/www.facebook.com\/ChiaraDesignPL\" \/>\n<meta property=\"article:modified_time\" content=\"2026-03-11T00:45:59+00:00\" \/>\n<meta property=\"og:image\" content=\"https:\/\/chiara-design.com\/wp-content\/uploads\/2025\/02\/anatol-4.webp\" \/>\n\t<meta property=\"og:image:width\" content=\"1200\" \/>\n\t<meta property=\"og:image:height\" content=\"1500\" \/>\n\t<meta property=\"og:image:type\" content=\"image\/webp\" \/>\n<meta name=\"twitter:card\" content=\"summary_large_image\" \/>\n<meta name=\"twitter:label1\" content=\"Predpokladan\u00fd \u010das \u010d\u00edtania\" \/>\n\t<meta name=\"twitter:data1\" content=\"1 min\u00fata\" \/>\n<script type=\"application\/ld+json\" class=\"yoast-schema-graph\">{\"@context\":\"https:\\\/\\\/schema.org\",\"@graph\":[{\"@type\":\"WebPage\",\"@id\":\"https:\\\/\\\/chiara-design.com\\\/produkt\\\/plecak-chiara-anatol-czarny-z-kwiatami-e687\\\/\",\"url\":\"https:\\\/\\\/chiara-design.com\\\/produkt\\\/plecak-chiara-anatol-czarny-z-kwiatami-e687\\\/\",\"name\":\"Ruksak Chiara Anatol \u010cierny s Kvetmi E687 - Chiara Design\",\"isPartOf\":{\"@id\":\"https:\\\/\\\/chiara-design.com\\\/#website\"},\"primaryImageOfPage\":{\"@id\":\"https:\\\/\\\/chiara-design.com\\\/produkt\\\/plecak-chiara-anatol-czarny-z-kwiatami-e687\\\/#primaryimage\"},\"image\":{\"@id\":\"https:\\\/\\\/chiara-design.com\\\/produkt\\\/plecak-chiara-anatol-czarny-z-kwiatami-e687\\\/#primaryimage\"},\"thumbnailUrl\":\"https:\\\/\\\/chiara-design.com\\\/wp-content\\\/uploads\\\/2024\\\/08\\\/5130a-Plecak-2w1-Chiara-e687-Anatol-czarny-z-kwiatami.jpg\",\"datePublished\":\"2025-02-17T23:48:20+00:00\",\"dateModified\":\"2026-03-11T00:45:59+00:00\",\"breadcrumb\":{\"@id\":\"https:\\\/\\\/chiara-design.com\\\/produkt\\\/plecak-chiara-anatol-czarny-z-kwiatami-e687\\\/#breadcrumb\"},\"inLanguage\":\"sk-SK\",\"potentialAction\":[{\"@type\":\"ReadAction\",\"target\":[\"https:\\\/\\\/chiara-design.com\\\/produkt\\\/plecak-chiara-anatol-czarny-z-kwiatami-e687\\\/\"]}]},{\"@type\":\"ImageObject\",\"inLanguage\":\"sk-SK\",\"@id\":\"https:\\\/\\\/chiara-design.com\\\/produkt\\\/plecak-chiara-anatol-czarny-z-kwiatami-e687\\\/#primaryimage\",\"url\":\"https:\\\/\\\/chiara-design.com\\\/wp-content\\\/uploads\\\/2024\\\/08\\\/5130a-Plecak-2w1-Chiara-e687-Anatol-czarny-z-kwiatami.jpg\",\"contentUrl\":\"https:\\\/\\\/chiara-design.com\\\/wp-content\\\/uploads\\\/2024\\\/08\\\/5130a-Plecak-2w1-Chiara-e687-Anatol-czarny-z-kwiatami.jpg\",\"width\":1707,\"height\":2560},{\"@type\":\"BreadcrumbList\",\"@id\":\"https:\\\/\\\/chiara-design.com\\\/produkt\\\/plecak-chiara-anatol-czarny-z-kwiatami-e687\\\/#breadcrumb\",\"itemListElement\":[{\"@type\":\"ListItem\",\"position\":1,\"name\":\"Home\",\"item\":\"https:\\\/\\\/chiara-design.com\\\/sk\\\/damske-kabelky-chiara-design\\\/\"},{\"@type\":\"ListItem\",\"position\":2,\"name\":\"Obchod\",\"item\":\"https:\\\/\\\/chiara-design.com\\\/sklep\\\/\"},{\"@type\":\"ListItem\",\"position\":3,\"name\":\"Ruksak Chiara Anatol \u010cierny s Kvetmi E687\"}]},{\"@type\":\"WebSite\",\"@id\":\"https:\\\/\\\/chiara-design.com\\\/#website\",\"url\":\"https:\\\/\\\/chiara-design.com\\\/\",\"name\":\"Chiara Design\",\"description\":\"Tw\u00f3j ulubiony sklep online z torebkami.\",\"publisher\":{\"@id\":\"https:\\\/\\\/chiara-design.com\\\/#organization\"},\"potentialAction\":[{\"@type\":\"SearchAction\",\"target\":{\"@type\":\"EntryPoint\",\"urlTemplate\":\"https:\\\/\\\/chiara-design.com\\\/?s={search_term_string}\"},\"query-input\":{\"@type\":\"PropertyValueSpecification\",\"valueRequired\":true,\"valueName\":\"search_term_string\"}}],\"inLanguage\":\"sk-SK\"},{\"@type\":\"Organization\",\"@id\":\"https:\\\/\\\/chiara-design.com\\\/#organization\",\"name\":\"Chiara Design\",\"url\":\"https:\\\/\\\/chiara-design.com\\\/\",\"logo\":{\"@type\":\"ImageObject\",\"inLanguage\":\"sk-SK\",\"@id\":\"https:\\\/\\\/chiara-design.com\\\/#\\\/schema\\\/logo\\\/image\\\/\",\"url\":\"https:\\\/\\\/chiara-design.com\\\/wp-content\\\/uploads\\\/2024\\\/09\\\/CHIARA-DESIGN-LOGO.png\",\"contentUrl\":\"https:\\\/\\\/chiara-design.com\\\/wp-content\\\/uploads\\\/2024\\\/09\\\/CHIARA-DESIGN-LOGO.png\",\"width\":500,\"height\":158,\"caption\":\"Chiara Design\"},\"image\":{\"@id\":\"https:\\\/\\\/chiara-design.com\\\/#\\\/schema\\\/logo\\\/image\\\/\"},\"sameAs\":[\"https:\\\/\\\/www.facebook.com\\\/ChiaraDesignPL\",\"https:\\\/\\\/www.instagram.com\\\/chiara_design_\\\/\"]}]}<\/script>\n<!-- \/ Yoast SEO plugin. -->","yoast_head_json":{"title":"Ruksak Chiara Anatol \u010cierny s Kvetmi E687 - Chiara Design","robots":{"index":"index","follow":"follow","max-snippet":"max-snippet:-1","max-image-preview":"max-image-preview:large","max-video-preview":"max-video-preview:-1"},"canonical":"https:\/\/chiara-design.com\/produkt\/plecak-chiara-anatol-czarny-z-kwiatami-e687\/","og_locale":"sk_SK","og_type":"article","og_title":"Ruksak Chiara Anatol \u010cierny s Kvetmi E687 - Chiara Design","og_description":"BESTSELLER ruksak-kabelka Anatol od Chiara Design je jedine\u010dn\u00fdm spojen\u00edm funk\u010dnosti a origin\u00e1lneho dizajnu. Je to ide\u00e1lne rie\u0161enie pre \u017eeny, ktor\u00e9 si cenia pohodlie a m\u00f3dny vzh\u013ead. Ruksak-kabelka bola vyroben\u00e1 z vysokokvalitn\u00fdch materi\u00e1lov, ktor\u00e9 zaru\u010duj\u00fa trv\u00e1cnos\u0165 a odolnos\u0165 pri ka\u017edodennom pou\u017e\u00edvan\u00ed.","og_url":"https:\/\/chiara-design.com\/produkt\/plecak-chiara-anatol-czarny-z-kwiatami-e687\/","og_site_name":"Chiara Design","article_publisher":"https:\/\/www.facebook.com\/ChiaraDesignPL","article_modified_time":"2026-03-11T00:45:59+00:00","og_image":[{"width":1200,"height":1500,"url":"https:\/\/chiara-design.com\/wp-content\/uploads\/2025\/02\/anatol-4.webp","type":"image\/webp"}],"twitter_card":"summary_large_image","twitter_misc":{"Predpokladan\u00fd \u010das \u010d\u00edtania":"1 min\u00fata"},"schema":{"@context":"https:\/\/schema.org","@graph":[{"@type":"WebPage","@id":"https:\/\/chiara-design.com\/produkt\/plecak-chiara-anatol-czarny-z-kwiatami-e687\/","url":"https:\/\/chiara-design.com\/produkt\/plecak-chiara-anatol-czarny-z-kwiatami-e687\/","name":"Ruksak Chiara Anatol \u010cierny s Kvetmi E687 - Chiara Design","isPartOf":{"@id":"https:\/\/chiara-design.com\/#website"},"primaryImageOfPage":{"@id":"https:\/\/chiara-design.com\/produkt\/plecak-chiara-anatol-czarny-z-kwiatami-e687\/#primaryimage"},"image":{"@id":"https:\/\/chiara-design.com\/produkt\/plecak-chiara-anatol-czarny-z-kwiatami-e687\/#primaryimage"},"thumbnailUrl":"https:\/\/chiara-design.com\/wp-content\/uploads\/2024\/08\/5130a-Plecak-2w1-Chiara-e687-Anatol-czarny-z-kwiatami.jpg","datePublished":"2025-02-17T23:48:20+00:00","dateModified":"2026-03-11T00:45:59+00:00","breadcrumb":{"@id":"https:\/\/chiara-design.com\/produkt\/plecak-chiara-anatol-czarny-z-kwiatami-e687\/#breadcrumb"},"inLanguage":"sk-SK","potentialAction":[{"@type":"ReadAction","target":["https:\/\/chiara-design.com\/produkt\/plecak-chiara-anatol-czarny-z-kwiatami-e687\/"]}]},{"@type":"ImageObject","inLanguage":"sk-SK","@id":"https:\/\/chiara-design.com\/produkt\/plecak-chiara-anatol-czarny-z-kwiatami-e687\/#primaryimage","url":"https:\/\/chiara-design.com\/wp-content\/uploads\/2024\/08\/5130a-Plecak-2w1-Chiara-e687-Anatol-czarny-z-kwiatami.jpg","contentUrl":"https:\/\/chiara-design.com\/wp-content\/uploads\/2024\/08\/5130a-Plecak-2w1-Chiara-e687-Anatol-czarny-z-kwiatami.jpg","width":1707,"height":2560},{"@type":"BreadcrumbList","@id":"https:\/\/chiara-design.com\/produkt\/plecak-chiara-anatol-czarny-z-kwiatami-e687\/#breadcrumb","itemListElement":[{"@type":"ListItem","position":1,"name":"Home","item":"https:\/\/chiara-design.com\/sk\/damske-kabelky-chiara-design\/"},{"@type":"ListItem","position":2,"name":"Obchod","item":"https:\/\/chiara-design.com\/sklep\/"},{"@type":"ListItem","position":3,"name":"Ruksak Chiara Anatol \u010cierny s Kvetmi E687"}]},{"@type":"WebSite","@id":"https:\/\/chiara-design.com\/#website","url":"https:\/\/chiara-design.com\/","name":"Chiara Design","description":"Tw\u00f3j ulubiony sklep online z torebkami.","publisher":{"@id":"https:\/\/chiara-design.com\/#organization"},"potentialAction":[{"@type":"SearchAction","target":{"@type":"EntryPoint","urlTemplate":"https:\/\/chiara-design.com\/?s={search_term_string}"},"query-input":{"@type":"PropertyValueSpecification","valueRequired":true,"valueName":"search_term_string"}}],"inLanguage":"sk-SK"},{"@type":"Organization","@id":"https:\/\/chiara-design.com\/#organization","name":"Chiara Design","url":"https:\/\/chiara-design.com\/","logo":{"@type":"ImageObject","inLanguage":"sk-SK","@id":"https:\/\/chiara-design.com\/#\/schema\/logo\/image\/","url":"https:\/\/chiara-design.com\/wp-content\/uploads\/2024\/09\/CHIARA-DESIGN-LOGO.png","contentUrl":"https:\/\/chiara-design.com\/wp-content\/uploads\/2024\/09\/CHIARA-DESIGN-LOGO.png","width":500,"height":158,"caption":"Chiara Design"},"image":{"@id":"https:\/\/chiara-design.com\/#\/schema\/logo\/image\/"},"sameAs":["https:\/\/www.facebook.com\/ChiaraDesignPL","https:\/\/www.instagram.com\/chiara_design_\/"]}]}},"jetpack_sharing_enabled":true,"_links":{"self":[{"href":"https:\/\/chiara-design.com\/sk\/wp-json\/wp\/v2\/product\/60895","targetHints":{"allow":["GET"]}}],"collection":[{"href":"https:\/\/chiara-design.com\/sk\/wp-json\/wp\/v2\/product"}],"about":[{"href":"https:\/\/chiara-design.com\/sk\/wp-json\/wp\/v2\/types\/product"}],"replies":[{"embeddable":true,"href":"https:\/\/chiara-design.com\/sk\/wp-json\/wp\/v2\/comments?post=60895"}],"wp:featuredmedia":[{"embeddable":true,"href":"https:\/\/chiara-design.com\/sk\/wp-json\/wp\/v2\/media\/56673"}],"wp:attachment":[{"href":"https:\/\/chiara-design.com\/sk\/wp-json\/wp\/v2\/media?parent=60895"}],"wp:term":[{"taxonomy":"product_brand","embeddable":true,"href":"https:\/\/chiara-design.com\/sk\/wp-json\/wp\/v2\/product_brand?post=60895"},{"taxonomy":"product_cat","embeddable":true,"href":"https:\/\/chiara-design.com\/sk\/wp-json\/wp\/v2\/product_cat?post=60895"},{"taxonomy":"product_tag","embeddable":true,"href":"https:\/\/chiara-design.com\/sk\/wp-json\/wp\/v2\/product_tag?post=60895"}],"curies":[{"name":"wp","href":"https:\/\/api.w.org\/{rel}","templated":true}]}}