{"id":60894,"date":"2025-02-18T00:48:21","date_gmt":"2025-02-17T23:48:21","guid":{"rendered":"https:\/\/chiara-design.com\/product\/ruksak-chiara-antos-cierny-k7031\/"},"modified":"2025-09-23T11:50:04","modified_gmt":"2025-09-23T09:50:04","slug":"ruksak-chiara-antos-cierny-k7031","status":"publish","type":"product","link":"https:\/\/chiara-design.com\/sk\/produkt\/ruksak-chiara-antos-cierny-k7031\/","title":{"rendered":"Ruksak Chiara Anto\u015b \u010cierny K7031"},"content":{"rendered":"<p>Ruksak Anto\u015b od Chiara Design v elegantnej \u010diernej farbe je vynikaj\u00facou vo\u013ebou pre \u013eud\u00ed, ktor\u00ed si cenia funk\u010dnos\u0165, \u0161t\u00fdl a pohodlie. Vyroben\u00fd z vysokokvalitnej ekoko\u017ee, tento ruksak je mimoriadne priestrann\u00fd a ide\u00e1lny na ka\u017edodenn\u00e9 vych\u00e1dzky, na univerzitu, do pr\u00e1ce alebo na v\u00fdlety. M\u00e1 nastavite\u013en\u00e9 popruhy, bezpe\u010dn\u00e9 vrecko na zips na zadnej strane a ve\u013emi priestrann\u00e9 vrecko vpredu, \u010do u\u013eah\u010duje organiz\u00e1ciu nevyhnutn\u00fdch predmetov.<\/p>\n<p>Vn\u00fatro ruksaku pon\u00faka komoru ide\u00e1lnu na v\u0161etky nevyhnutn\u00e9 drobnosti, kr\u00e1snu pod\u0161\u00edvku, super dar\u010dek v podobe zrkadielka v tvare srdca na retiazke a \u010fal\u0161ie vreck\u00e1. \u010eal\u0161ou v\u00fdhodou s\u00fa pekn\u00e9 r\u00fa\u010dky, ktor\u00e9 umo\u017e\u0148uj\u00fa pohodln\u00e9 uchopenie ruksaku a nosenie v ruke. Napriek svojej ve\u013ekej kapacite sa do Anto\u015ba nezmest\u00ed form\u00e1t A4, \u010do ho rob\u00ed praktick\u00fdm a kompaktn\u00fdm pri ka\u017edodennom pou\u017e\u00edvan\u00ed. \u013dahk\u00fd, funk\u010dn\u00fd a \u0161t\u00fdlov\u00fd, ruksak Anto\u015b spln\u00ed o\u010dak\u00e1vania aj t\u00fdch najn\u00e1ro\u010dnej\u0161\u00edch z\u00e1kazn\u00edkov a stane sa nepostr\u00e1date\u013en\u00fdm prvkom \u0161atn\u00edka pre akt\u00edvnych \u013eud\u00ed.<\/p>\n","protected":false},"excerpt":{"rendered":"<p>Ruksak Anto\u015b od Chiara Design je \u0161t\u00fdlov\u00fd a funk\u010dn\u00fd doplnok v \u010diernej farbe, ide\u00e1lny na univerzitu, do pr\u00e1ce a na v\u00fdlety. Vyroben\u00fd z ekoko\u017ee, m\u00e1 nastavite\u013en\u00e9 popruhy, priestrann\u00e9 vrecko vpredu a priestrann\u00fa komoru. Navy\u0161e je vybaven\u00fd pekn\u00fdmi r\u00fa\u010dkami umo\u017e\u0148uj\u00facimi nosenie v ruke. \u013dahk\u00fd, praktick\u00fd a priestrann\u00fd, Anto\u015b je vynikaj\u00facou vo\u013ebou pre akt\u00edvnych \u013eud\u00ed, ktor\u00ed si cenia pohodlie a \u0161t\u00fdl.<\/p>\n","protected":false},"featured_media":57395,"comment_status":"open","ping_status":"closed","template":"","meta":[],"product_brand":[],"product_cat":[629],"product_tag":[636],"class_list":{"0":"post-60894","1":"product","2":"type-product","3":"status-publish","4":"has-post-thumbnail","6":"product_cat-batohy","7":"product_tag-chiara-sk","9":"first","10":"instock","11":"shipping-taxable","12":"purchasable","13":"product-type-simple"},"yoast_head":"<!-- This site is optimized with the Yoast SEO plugin v27.4 - https:\/\/yoast.com\/product\/yoast-seo-wordpress\/ -->\n<title>Ruksak Chiara Anto\u015b \u010cierny K7031 - Chiara Design<\/title>\n<meta name=\"robots\" content=\"index, follow, max-snippet:-1, max-image-preview:large, max-video-preview:-1\" \/>\n<link rel=\"canonical\" href=\"https:\/\/chiara-design.com\/produkt\/plecak-chiara-antos-czarny-k7031\/\" \/>\n<meta property=\"og:locale\" content=\"sk_SK\" \/>\n<meta property=\"og:type\" content=\"article\" \/>\n<meta property=\"og:title\" content=\"Ruksak Chiara Anto\u015b \u010cierny K7031 - Chiara Design\" \/>\n<meta property=\"og:description\" content=\"Ruksak Anto\u015b od Chiara Design je \u0161t\u00fdlov\u00fd a funk\u010dn\u00fd doplnok v \u010diernej farbe, ide\u00e1lny na univerzitu, do pr\u00e1ce a na v\u00fdlety. Vyroben\u00fd z ekoko\u017ee, m\u00e1 nastavite\u013en\u00e9 popruhy, priestrann\u00e9 vrecko vpredu a priestrann\u00fa komoru. Navy\u0161e je vybaven\u00fd pekn\u00fdmi r\u00fa\u010dkami umo\u017e\u0148uj\u00facimi nosenie v ruke. \u013dahk\u00fd, praktick\u00fd a priestrann\u00fd, Anto\u015b je vynikaj\u00facou vo\u013ebou pre akt\u00edvnych \u013eud\u00ed, ktor\u00ed si cenia pohodlie a \u0161t\u00fdl.\" \/>\n<meta property=\"og:url\" content=\"https:\/\/chiara-design.com\/produkt\/plecak-chiara-antos-czarny-k7031\/\" \/>\n<meta property=\"og:site_name\" content=\"Chiara Design\" \/>\n<meta property=\"article:publisher\" content=\"https:\/\/www.facebook.com\/ChiaraDesignPL\" \/>\n<meta property=\"article:modified_time\" content=\"2025-09-23T09:50:04+00:00\" \/>\n<meta property=\"og:image\" content=\"https:\/\/chiara-design.com\/wp-content\/uploads\/2024\/10\/k7031-antos-czarny-e1740444155254.jpg\" \/>\n\t<meta property=\"og:image:width\" content=\"1200\" \/>\n\t<meta property=\"og:image:height\" content=\"1500\" \/>\n\t<meta property=\"og:image:type\" content=\"image\/jpeg\" \/>\n<meta name=\"twitter:card\" content=\"summary_large_image\" \/>\n<meta name=\"twitter:label1\" content=\"Predpokladan\u00fd \u010das \u010d\u00edtania\" \/>\n\t<meta name=\"twitter:data1\" content=\"1 min\u00fata\" \/>\n<script type=\"application\/ld+json\" class=\"yoast-schema-graph\">{\"@context\":\"https:\\\/\\\/schema.org\",\"@graph\":[{\"@type\":\"WebPage\",\"@id\":\"https:\\\/\\\/chiara-design.com\\\/produkt\\\/plecak-chiara-antos-czarny-k7031\\\/\",\"url\":\"https:\\\/\\\/chiara-design.com\\\/produkt\\\/plecak-chiara-antos-czarny-k7031\\\/\",\"name\":\"Ruksak Chiara Anto\u015b \u010cierny K7031 - Chiara Design\",\"isPartOf\":{\"@id\":\"https:\\\/\\\/chiara-design.com\\\/#website\"},\"primaryImageOfPage\":{\"@id\":\"https:\\\/\\\/chiara-design.com\\\/produkt\\\/plecak-chiara-antos-czarny-k7031\\\/#primaryimage\"},\"image\":{\"@id\":\"https:\\\/\\\/chiara-design.com\\\/produkt\\\/plecak-chiara-antos-czarny-k7031\\\/#primaryimage\"},\"thumbnailUrl\":\"https:\\\/\\\/chiara-design.com\\\/wp-content\\\/uploads\\\/2024\\\/09\\\/K7031-ANTOS-CZARNY_1.jpg\",\"datePublished\":\"2025-02-17T23:48:21+00:00\",\"dateModified\":\"2025-09-23T09:50:04+00:00\",\"breadcrumb\":{\"@id\":\"https:\\\/\\\/chiara-design.com\\\/produkt\\\/plecak-chiara-antos-czarny-k7031\\\/#breadcrumb\"},\"inLanguage\":\"sk-SK\",\"potentialAction\":[{\"@type\":\"ReadAction\",\"target\":[\"https:\\\/\\\/chiara-design.com\\\/produkt\\\/plecak-chiara-antos-czarny-k7031\\\/\"]}]},{\"@type\":\"ImageObject\",\"inLanguage\":\"sk-SK\",\"@id\":\"https:\\\/\\\/chiara-design.com\\\/produkt\\\/plecak-chiara-antos-czarny-k7031\\\/#primaryimage\",\"url\":\"https:\\\/\\\/chiara-design.com\\\/wp-content\\\/uploads\\\/2024\\\/09\\\/K7031-ANTOS-CZARNY_1.jpg\",\"contentUrl\":\"https:\\\/\\\/chiara-design.com\\\/wp-content\\\/uploads\\\/2024\\\/09\\\/K7031-ANTOS-CZARNY_1.jpg\",\"width\":1900,\"height\":2492},{\"@type\":\"BreadcrumbList\",\"@id\":\"https:\\\/\\\/chiara-design.com\\\/produkt\\\/plecak-chiara-antos-czarny-k7031\\\/#breadcrumb\",\"itemListElement\":[{\"@type\":\"ListItem\",\"position\":1,\"name\":\"Home\",\"item\":\"https:\\\/\\\/chiara-design.com\\\/sk\\\/damske-kabelky-chiara-design\\\/\"},{\"@type\":\"ListItem\",\"position\":2,\"name\":\"Obchod\",\"item\":\"https:\\\/\\\/chiara-design.com\\\/sklep\\\/\"},{\"@type\":\"ListItem\",\"position\":3,\"name\":\"Ruksak Chiara Anto\u015b \u010cierny K7031\"}]},{\"@type\":\"WebSite\",\"@id\":\"https:\\\/\\\/chiara-design.com\\\/#website\",\"url\":\"https:\\\/\\\/chiara-design.com\\\/\",\"name\":\"Chiara Design\",\"description\":\"Tw\u00f3j ulubiony sklep online z torebkami.\",\"publisher\":{\"@id\":\"https:\\\/\\\/chiara-design.com\\\/#organization\"},\"potentialAction\":[{\"@type\":\"SearchAction\",\"target\":{\"@type\":\"EntryPoint\",\"urlTemplate\":\"https:\\\/\\\/chiara-design.com\\\/?s={search_term_string}\"},\"query-input\":{\"@type\":\"PropertyValueSpecification\",\"valueRequired\":true,\"valueName\":\"search_term_string\"}}],\"inLanguage\":\"sk-SK\"},{\"@type\":\"Organization\",\"@id\":\"https:\\\/\\\/chiara-design.com\\\/#organization\",\"name\":\"Chiara Design\",\"url\":\"https:\\\/\\\/chiara-design.com\\\/\",\"logo\":{\"@type\":\"ImageObject\",\"inLanguage\":\"sk-SK\",\"@id\":\"https:\\\/\\\/chiara-design.com\\\/#\\\/schema\\\/logo\\\/image\\\/\",\"url\":\"https:\\\/\\\/chiara-design.com\\\/wp-content\\\/uploads\\\/2024\\\/09\\\/CHIARA-DESIGN-LOGO.png\",\"contentUrl\":\"https:\\\/\\\/chiara-design.com\\\/wp-content\\\/uploads\\\/2024\\\/09\\\/CHIARA-DESIGN-LOGO.png\",\"width\":500,\"height\":158,\"caption\":\"Chiara Design\"},\"image\":{\"@id\":\"https:\\\/\\\/chiara-design.com\\\/#\\\/schema\\\/logo\\\/image\\\/\"},\"sameAs\":[\"https:\\\/\\\/www.facebook.com\\\/ChiaraDesignPL\",\"https:\\\/\\\/www.instagram.com\\\/chiara_design_\\\/\"]}]}<\/script>\n<!-- \/ Yoast SEO plugin. -->","yoast_head_json":{"title":"Ruksak Chiara Anto\u015b \u010cierny K7031 - Chiara Design","robots":{"index":"index","follow":"follow","max-snippet":"max-snippet:-1","max-image-preview":"max-image-preview:large","max-video-preview":"max-video-preview:-1"},"canonical":"https:\/\/chiara-design.com\/produkt\/plecak-chiara-antos-czarny-k7031\/","og_locale":"sk_SK","og_type":"article","og_title":"Ruksak Chiara Anto\u015b \u010cierny K7031 - Chiara Design","og_description":"Ruksak Anto\u015b od Chiara Design je \u0161t\u00fdlov\u00fd a funk\u010dn\u00fd doplnok v \u010diernej farbe, ide\u00e1lny na univerzitu, do pr\u00e1ce a na v\u00fdlety. Vyroben\u00fd z ekoko\u017ee, m\u00e1 nastavite\u013en\u00e9 popruhy, priestrann\u00e9 vrecko vpredu a priestrann\u00fa komoru. Navy\u0161e je vybaven\u00fd pekn\u00fdmi r\u00fa\u010dkami umo\u017e\u0148uj\u00facimi nosenie v ruke. \u013dahk\u00fd, praktick\u00fd a priestrann\u00fd, Anto\u015b je vynikaj\u00facou vo\u013ebou pre akt\u00edvnych \u013eud\u00ed, ktor\u00ed si cenia pohodlie a \u0161t\u00fdl.","og_url":"https:\/\/chiara-design.com\/produkt\/plecak-chiara-antos-czarny-k7031\/","og_site_name":"Chiara Design","article_publisher":"https:\/\/www.facebook.com\/ChiaraDesignPL","article_modified_time":"2025-09-23T09:50:04+00:00","og_image":[{"width":1200,"height":1500,"url":"https:\/\/chiara-design.com\/wp-content\/uploads\/2024\/10\/k7031-antos-czarny-e1740444155254.jpg","type":"image\/jpeg"}],"twitter_card":"summary_large_image","twitter_misc":{"Predpokladan\u00fd \u010das \u010d\u00edtania":"1 min\u00fata"},"schema":{"@context":"https:\/\/schema.org","@graph":[{"@type":"WebPage","@id":"https:\/\/chiara-design.com\/produkt\/plecak-chiara-antos-czarny-k7031\/","url":"https:\/\/chiara-design.com\/produkt\/plecak-chiara-antos-czarny-k7031\/","name":"Ruksak Chiara Anto\u015b \u010cierny K7031 - Chiara Design","isPartOf":{"@id":"https:\/\/chiara-design.com\/#website"},"primaryImageOfPage":{"@id":"https:\/\/chiara-design.com\/produkt\/plecak-chiara-antos-czarny-k7031\/#primaryimage"},"image":{"@id":"https:\/\/chiara-design.com\/produkt\/plecak-chiara-antos-czarny-k7031\/#primaryimage"},"thumbnailUrl":"https:\/\/chiara-design.com\/wp-content\/uploads\/2024\/09\/K7031-ANTOS-CZARNY_1.jpg","datePublished":"2025-02-17T23:48:21+00:00","dateModified":"2025-09-23T09:50:04+00:00","breadcrumb":{"@id":"https:\/\/chiara-design.com\/produkt\/plecak-chiara-antos-czarny-k7031\/#breadcrumb"},"inLanguage":"sk-SK","potentialAction":[{"@type":"ReadAction","target":["https:\/\/chiara-design.com\/produkt\/plecak-chiara-antos-czarny-k7031\/"]}]},{"@type":"ImageObject","inLanguage":"sk-SK","@id":"https:\/\/chiara-design.com\/produkt\/plecak-chiara-antos-czarny-k7031\/#primaryimage","url":"https:\/\/chiara-design.com\/wp-content\/uploads\/2024\/09\/K7031-ANTOS-CZARNY_1.jpg","contentUrl":"https:\/\/chiara-design.com\/wp-content\/uploads\/2024\/09\/K7031-ANTOS-CZARNY_1.jpg","width":1900,"height":2492},{"@type":"BreadcrumbList","@id":"https:\/\/chiara-design.com\/produkt\/plecak-chiara-antos-czarny-k7031\/#breadcrumb","itemListElement":[{"@type":"ListItem","position":1,"name":"Home","item":"https:\/\/chiara-design.com\/sk\/damske-kabelky-chiara-design\/"},{"@type":"ListItem","position":2,"name":"Obchod","item":"https:\/\/chiara-design.com\/sklep\/"},{"@type":"ListItem","position":3,"name":"Ruksak Chiara Anto\u015b \u010cierny K7031"}]},{"@type":"WebSite","@id":"https:\/\/chiara-design.com\/#website","url":"https:\/\/chiara-design.com\/","name":"Chiara Design","description":"Tw\u00f3j ulubiony sklep online z torebkami.","publisher":{"@id":"https:\/\/chiara-design.com\/#organization"},"potentialAction":[{"@type":"SearchAction","target":{"@type":"EntryPoint","urlTemplate":"https:\/\/chiara-design.com\/?s={search_term_string}"},"query-input":{"@type":"PropertyValueSpecification","valueRequired":true,"valueName":"search_term_string"}}],"inLanguage":"sk-SK"},{"@type":"Organization","@id":"https:\/\/chiara-design.com\/#organization","name":"Chiara Design","url":"https:\/\/chiara-design.com\/","logo":{"@type":"ImageObject","inLanguage":"sk-SK","@id":"https:\/\/chiara-design.com\/#\/schema\/logo\/image\/","url":"https:\/\/chiara-design.com\/wp-content\/uploads\/2024\/09\/CHIARA-DESIGN-LOGO.png","contentUrl":"https:\/\/chiara-design.com\/wp-content\/uploads\/2024\/09\/CHIARA-DESIGN-LOGO.png","width":500,"height":158,"caption":"Chiara Design"},"image":{"@id":"https:\/\/chiara-design.com\/#\/schema\/logo\/image\/"},"sameAs":["https:\/\/www.facebook.com\/ChiaraDesignPL","https:\/\/www.instagram.com\/chiara_design_\/"]}]}},"jetpack_sharing_enabled":true,"_links":{"self":[{"href":"https:\/\/chiara-design.com\/sk\/wp-json\/wp\/v2\/product\/60894","targetHints":{"allow":["GET"]}}],"collection":[{"href":"https:\/\/chiara-design.com\/sk\/wp-json\/wp\/v2\/product"}],"about":[{"href":"https:\/\/chiara-design.com\/sk\/wp-json\/wp\/v2\/types\/product"}],"replies":[{"embeddable":true,"href":"https:\/\/chiara-design.com\/sk\/wp-json\/wp\/v2\/comments?post=60894"}],"wp:featuredmedia":[{"embeddable":true,"href":"https:\/\/chiara-design.com\/sk\/wp-json\/wp\/v2\/media\/57395"}],"wp:attachment":[{"href":"https:\/\/chiara-design.com\/sk\/wp-json\/wp\/v2\/media?parent=60894"}],"wp:term":[{"taxonomy":"product_brand","embeddable":true,"href":"https:\/\/chiara-design.com\/sk\/wp-json\/wp\/v2\/product_brand?post=60894"},{"taxonomy":"product_cat","embeddable":true,"href":"https:\/\/chiara-design.com\/sk\/wp-json\/wp\/v2\/product_cat?post=60894"},{"taxonomy":"product_tag","embeddable":true,"href":"https:\/\/chiara-design.com\/sk\/wp-json\/wp\/v2\/product_tag?post=60894"}],"curies":[{"name":"wp","href":"https:\/\/api.w.org\/{rel}","templated":true}]}}