{"id":60890,"date":"2025-02-18T00:48:22","date_gmt":"2025-02-17T23:48:22","guid":{"rendered":"https:\/\/chiara-design.com\/product\/ruksak-chiara-antos-zlato-kalahari-k7031\/"},"modified":"2025-09-23T11:50:03","modified_gmt":"2025-09-23T09:50:03","slug":"ruksak-chiara-antos-zlato-kalahari-k7031","status":"publish","type":"product","link":"https:\/\/chiara-design.com\/sk\/produkt\/ruksak-chiara-antos-zlato-kalahari-k7031\/","title":{"rendered":"Ruksak Chiara Anto\u015b Zlato Kalahari K7031"},"content":{"rendered":"<p>Ruksak Anto\u015b od Chiara Design v neobvyklom zlatom odtieni Kalahari je skuto\u010dn\u00fdm skvostom elegancie, charakteru a v\u00fdrazn\u00e9ho dizajnu. Jeho jedine\u010dn\u00e1 farba ho rob\u00ed nielen funk\u010dn\u00fdm a praktick\u00fdm, ale aj mega elegantn\u00fdm s v\u00fdrazn\u00fdm charakterom. Anto\u015b vo farbe zlata Kalahari je mimoriadne \u0161t\u00fdlov\u00fd doplnok, ktor\u00fd sa odli\u0161uje od ostatn\u00fdch ruksakov. Jeho luxusn\u00fd vzh\u013ead dod\u00e1va ka\u017ed\u00e9mu outfitu jedine\u010dn\u00fd lesk a triedu. Bezpochyby tento ruksak pri\u0165ahuje pozornos\u0165 a pod\u010diarkuje individu\u00e1lny vkus nosite\u013ea. Spojenie elegancie s funk\u010dnos\u0165ou rob\u00ed z Anto\u015ba nielen praktick\u00fd doplnok, ale aj vkusn\u00fd akcent ka\u017ed\u00e9ho \u0161atn\u00edka. Stavte na Anto\u015ba vo farbe zlata Kalahari, aby ste pod\u010diarkli svoj jedine\u010dn\u00fd \u0161t\u00fdl a vy\u017earovali eleganciu v ka\u017edej situ\u00e1cii.<\/p>\n","protected":false},"excerpt":{"rendered":"<p>Ruksak Anto\u015b od Chiara Design v neobvyklom zlatom odtieni Kalahari nie je len funk\u010dn\u00fdm doplnkom, ale aj mega elegantn\u00fdm s charakterom. Jeho v\u00fdrazn\u00fd dizajn ho rob\u00ed mimoriadne \u0161t\u00fdlov\u00fdm a ide\u00e1lnym na r\u00f4zne pr\u00edle\u017eitosti. Anto\u015b vo farbe zlata Kalahari je dokonal\u00fdm sp\u00f4sobom, ako pod\u010diarknu\u0165 individu\u00e1lny \u0161t\u00fdl s n\u00e1dychom luxusu.<\/p>\n<p>&amp;nbsp;<\/p>\n","protected":false},"featured_media":57405,"comment_status":"open","ping_status":"closed","template":"","meta":[],"product_brand":[],"product_cat":[629],"product_tag":[636],"class_list":{"0":"post-60890","1":"product","2":"type-product","3":"status-publish","4":"has-post-thumbnail","6":"product_cat-batohy","7":"product_tag-chiara-sk","9":"first","10":"outofstock","11":"shipping-taxable","12":"purchasable","13":"product-type-simple"},"yoast_head":"<!-- This site is optimized with the Yoast SEO plugin v27.4 - https:\/\/yoast.com\/product\/yoast-seo-wordpress\/ -->\n<title>Ruksak Chiara Anto\u015b Zlato Kalahari K7031 - Chiara Design<\/title>\n<meta name=\"robots\" content=\"index, follow, max-snippet:-1, max-image-preview:large, max-video-preview:-1\" \/>\n<link rel=\"canonical\" href=\"https:\/\/chiara-design.com\/produkt\/plecak-chiara-antos-zloto-kalahari-k7031\/\" \/>\n<meta property=\"og:locale\" content=\"sk_SK\" \/>\n<meta property=\"og:type\" content=\"article\" \/>\n<meta property=\"og:title\" content=\"Ruksak Chiara Anto\u015b Zlato Kalahari K7031 - Chiara Design\" \/>\n<meta property=\"og:description\" content=\"Ruksak Anto\u015b od Chiara Design v neobvyklom zlatom odtieni Kalahari nie je len funk\u010dn\u00fdm doplnkom, ale aj mega elegantn\u00fdm s charakterom. Jeho v\u00fdrazn\u00fd dizajn ho rob\u00ed mimoriadne \u0161t\u00fdlov\u00fdm a ide\u00e1lnym na r\u00f4zne pr\u00edle\u017eitosti. Anto\u015b vo farbe zlata Kalahari je dokonal\u00fdm sp\u00f4sobom, ako pod\u010diarknu\u0165 individu\u00e1lny \u0161t\u00fdl s n\u00e1dychom luxusu. &amp;nbsp;\" \/>\n<meta property=\"og:url\" content=\"https:\/\/chiara-design.com\/produkt\/plecak-chiara-antos-zloto-kalahari-k7031\/\" \/>\n<meta property=\"og:site_name\" content=\"Chiara Design\" \/>\n<meta property=\"article:publisher\" content=\"https:\/\/www.facebook.com\/ChiaraDesignPL\" \/>\n<meta property=\"article:modified_time\" content=\"2025-09-23T09:50:03+00:00\" \/>\n<meta property=\"og:image\" content=\"https:\/\/chiara-design.com\/wp-content\/uploads\/2024\/10\/K7031-ANTOS-ZL.-KALAH.-\u2014-kopia-e1740444061436.jpg\" \/>\n\t<meta property=\"og:image:width\" content=\"1200\" \/>\n\t<meta property=\"og:image:height\" content=\"1500\" \/>\n\t<meta property=\"og:image:type\" content=\"image\/jpeg\" \/>\n<meta name=\"twitter:card\" content=\"summary_large_image\" \/>\n<meta name=\"twitter:label1\" content=\"Predpokladan\u00fd \u010das \u010d\u00edtania\" \/>\n\t<meta name=\"twitter:data1\" content=\"1 min\u00fata\" \/>\n<script type=\"application\/ld+json\" class=\"yoast-schema-graph\">{\"@context\":\"https:\\\/\\\/schema.org\",\"@graph\":[{\"@type\":\"WebPage\",\"@id\":\"https:\\\/\\\/chiara-design.com\\\/produkt\\\/plecak-chiara-antos-zloto-kalahari-k7031\\\/\",\"url\":\"https:\\\/\\\/chiara-design.com\\\/produkt\\\/plecak-chiara-antos-zloto-kalahari-k7031\\\/\",\"name\":\"Ruksak Chiara Anto\u015b Zlato Kalahari K7031 - Chiara Design\",\"isPartOf\":{\"@id\":\"https:\\\/\\\/chiara-design.com\\\/#website\"},\"primaryImageOfPage\":{\"@id\":\"https:\\\/\\\/chiara-design.com\\\/produkt\\\/plecak-chiara-antos-zloto-kalahari-k7031\\\/#primaryimage\"},\"image\":{\"@id\":\"https:\\\/\\\/chiara-design.com\\\/produkt\\\/plecak-chiara-antos-zloto-kalahari-k7031\\\/#primaryimage\"},\"thumbnailUrl\":\"https:\\\/\\\/chiara-design.com\\\/wp-content\\\/uploads\\\/2024\\\/09\\\/ANTOS-ZLOTO-KALAHARI_2.jpg\",\"datePublished\":\"2025-02-17T23:48:22+00:00\",\"dateModified\":\"2025-09-23T09:50:03+00:00\",\"breadcrumb\":{\"@id\":\"https:\\\/\\\/chiara-design.com\\\/produkt\\\/plecak-chiara-antos-zloto-kalahari-k7031\\\/#breadcrumb\"},\"inLanguage\":\"sk-SK\",\"potentialAction\":[{\"@type\":\"ReadAction\",\"target\":[\"https:\\\/\\\/chiara-design.com\\\/produkt\\\/plecak-chiara-antos-zloto-kalahari-k7031\\\/\"]}]},{\"@type\":\"ImageObject\",\"inLanguage\":\"sk-SK\",\"@id\":\"https:\\\/\\\/chiara-design.com\\\/produkt\\\/plecak-chiara-antos-zloto-kalahari-k7031\\\/#primaryimage\",\"url\":\"https:\\\/\\\/chiara-design.com\\\/wp-content\\\/uploads\\\/2024\\\/09\\\/ANTOS-ZLOTO-KALAHARI_2.jpg\",\"contentUrl\":\"https:\\\/\\\/chiara-design.com\\\/wp-content\\\/uploads\\\/2024\\\/09\\\/ANTOS-ZLOTO-KALAHARI_2.jpg\",\"width\":1900,\"height\":2492},{\"@type\":\"BreadcrumbList\",\"@id\":\"https:\\\/\\\/chiara-design.com\\\/produkt\\\/plecak-chiara-antos-zloto-kalahari-k7031\\\/#breadcrumb\",\"itemListElement\":[{\"@type\":\"ListItem\",\"position\":1,\"name\":\"Home\",\"item\":\"https:\\\/\\\/chiara-design.com\\\/sk\\\/damske-kabelky-chiara-design\\\/\"},{\"@type\":\"ListItem\",\"position\":2,\"name\":\"Obchod\",\"item\":\"https:\\\/\\\/chiara-design.com\\\/sklep\\\/\"},{\"@type\":\"ListItem\",\"position\":3,\"name\":\"Ruksak Chiara Anto\u015b Zlato Kalahari K7031\"}]},{\"@type\":\"WebSite\",\"@id\":\"https:\\\/\\\/chiara-design.com\\\/#website\",\"url\":\"https:\\\/\\\/chiara-design.com\\\/\",\"name\":\"Chiara Design\",\"description\":\"Tw\u00f3j ulubiony sklep online z torebkami.\",\"publisher\":{\"@id\":\"https:\\\/\\\/chiara-design.com\\\/#organization\"},\"potentialAction\":[{\"@type\":\"SearchAction\",\"target\":{\"@type\":\"EntryPoint\",\"urlTemplate\":\"https:\\\/\\\/chiara-design.com\\\/?s={search_term_string}\"},\"query-input\":{\"@type\":\"PropertyValueSpecification\",\"valueRequired\":true,\"valueName\":\"search_term_string\"}}],\"inLanguage\":\"sk-SK\"},{\"@type\":\"Organization\",\"@id\":\"https:\\\/\\\/chiara-design.com\\\/#organization\",\"name\":\"Chiara Design\",\"url\":\"https:\\\/\\\/chiara-design.com\\\/\",\"logo\":{\"@type\":\"ImageObject\",\"inLanguage\":\"sk-SK\",\"@id\":\"https:\\\/\\\/chiara-design.com\\\/#\\\/schema\\\/logo\\\/image\\\/\",\"url\":\"https:\\\/\\\/chiara-design.com\\\/wp-content\\\/uploads\\\/2024\\\/09\\\/CHIARA-DESIGN-LOGO.png\",\"contentUrl\":\"https:\\\/\\\/chiara-design.com\\\/wp-content\\\/uploads\\\/2024\\\/09\\\/CHIARA-DESIGN-LOGO.png\",\"width\":500,\"height\":158,\"caption\":\"Chiara Design\"},\"image\":{\"@id\":\"https:\\\/\\\/chiara-design.com\\\/#\\\/schema\\\/logo\\\/image\\\/\"},\"sameAs\":[\"https:\\\/\\\/www.facebook.com\\\/ChiaraDesignPL\",\"https:\\\/\\\/www.instagram.com\\\/chiara_design_\\\/\"]}]}<\/script>\n<!-- \/ Yoast SEO plugin. -->","yoast_head_json":{"title":"Ruksak Chiara Anto\u015b Zlato Kalahari K7031 - Chiara Design","robots":{"index":"index","follow":"follow","max-snippet":"max-snippet:-1","max-image-preview":"max-image-preview:large","max-video-preview":"max-video-preview:-1"},"canonical":"https:\/\/chiara-design.com\/produkt\/plecak-chiara-antos-zloto-kalahari-k7031\/","og_locale":"sk_SK","og_type":"article","og_title":"Ruksak Chiara Anto\u015b Zlato Kalahari K7031 - Chiara Design","og_description":"Ruksak Anto\u015b od Chiara Design v neobvyklom zlatom odtieni Kalahari nie je len funk\u010dn\u00fdm doplnkom, ale aj mega elegantn\u00fdm s charakterom. Jeho v\u00fdrazn\u00fd dizajn ho rob\u00ed mimoriadne \u0161t\u00fdlov\u00fdm a ide\u00e1lnym na r\u00f4zne pr\u00edle\u017eitosti. Anto\u015b vo farbe zlata Kalahari je dokonal\u00fdm sp\u00f4sobom, ako pod\u010diarknu\u0165 individu\u00e1lny \u0161t\u00fdl s n\u00e1dychom luxusu. &amp;nbsp;","og_url":"https:\/\/chiara-design.com\/produkt\/plecak-chiara-antos-zloto-kalahari-k7031\/","og_site_name":"Chiara Design","article_publisher":"https:\/\/www.facebook.com\/ChiaraDesignPL","article_modified_time":"2025-09-23T09:50:03+00:00","og_image":[{"width":1200,"height":1500,"url":"https:\/\/chiara-design.com\/wp-content\/uploads\/2024\/10\/K7031-ANTOS-ZL.-KALAH.-\u2014-kopia-e1740444061436.jpg","type":"image\/jpeg"}],"twitter_card":"summary_large_image","twitter_misc":{"Predpokladan\u00fd \u010das \u010d\u00edtania":"1 min\u00fata"},"schema":{"@context":"https:\/\/schema.org","@graph":[{"@type":"WebPage","@id":"https:\/\/chiara-design.com\/produkt\/plecak-chiara-antos-zloto-kalahari-k7031\/","url":"https:\/\/chiara-design.com\/produkt\/plecak-chiara-antos-zloto-kalahari-k7031\/","name":"Ruksak Chiara Anto\u015b Zlato Kalahari K7031 - Chiara Design","isPartOf":{"@id":"https:\/\/chiara-design.com\/#website"},"primaryImageOfPage":{"@id":"https:\/\/chiara-design.com\/produkt\/plecak-chiara-antos-zloto-kalahari-k7031\/#primaryimage"},"image":{"@id":"https:\/\/chiara-design.com\/produkt\/plecak-chiara-antos-zloto-kalahari-k7031\/#primaryimage"},"thumbnailUrl":"https:\/\/chiara-design.com\/wp-content\/uploads\/2024\/09\/ANTOS-ZLOTO-KALAHARI_2.jpg","datePublished":"2025-02-17T23:48:22+00:00","dateModified":"2025-09-23T09:50:03+00:00","breadcrumb":{"@id":"https:\/\/chiara-design.com\/produkt\/plecak-chiara-antos-zloto-kalahari-k7031\/#breadcrumb"},"inLanguage":"sk-SK","potentialAction":[{"@type":"ReadAction","target":["https:\/\/chiara-design.com\/produkt\/plecak-chiara-antos-zloto-kalahari-k7031\/"]}]},{"@type":"ImageObject","inLanguage":"sk-SK","@id":"https:\/\/chiara-design.com\/produkt\/plecak-chiara-antos-zloto-kalahari-k7031\/#primaryimage","url":"https:\/\/chiara-design.com\/wp-content\/uploads\/2024\/09\/ANTOS-ZLOTO-KALAHARI_2.jpg","contentUrl":"https:\/\/chiara-design.com\/wp-content\/uploads\/2024\/09\/ANTOS-ZLOTO-KALAHARI_2.jpg","width":1900,"height":2492},{"@type":"BreadcrumbList","@id":"https:\/\/chiara-design.com\/produkt\/plecak-chiara-antos-zloto-kalahari-k7031\/#breadcrumb","itemListElement":[{"@type":"ListItem","position":1,"name":"Home","item":"https:\/\/chiara-design.com\/sk\/damske-kabelky-chiara-design\/"},{"@type":"ListItem","position":2,"name":"Obchod","item":"https:\/\/chiara-design.com\/sklep\/"},{"@type":"ListItem","position":3,"name":"Ruksak Chiara Anto\u015b Zlato Kalahari K7031"}]},{"@type":"WebSite","@id":"https:\/\/chiara-design.com\/#website","url":"https:\/\/chiara-design.com\/","name":"Chiara Design","description":"Tw\u00f3j ulubiony sklep online z torebkami.","publisher":{"@id":"https:\/\/chiara-design.com\/#organization"},"potentialAction":[{"@type":"SearchAction","target":{"@type":"EntryPoint","urlTemplate":"https:\/\/chiara-design.com\/?s={search_term_string}"},"query-input":{"@type":"PropertyValueSpecification","valueRequired":true,"valueName":"search_term_string"}}],"inLanguage":"sk-SK"},{"@type":"Organization","@id":"https:\/\/chiara-design.com\/#organization","name":"Chiara Design","url":"https:\/\/chiara-design.com\/","logo":{"@type":"ImageObject","inLanguage":"sk-SK","@id":"https:\/\/chiara-design.com\/#\/schema\/logo\/image\/","url":"https:\/\/chiara-design.com\/wp-content\/uploads\/2024\/09\/CHIARA-DESIGN-LOGO.png","contentUrl":"https:\/\/chiara-design.com\/wp-content\/uploads\/2024\/09\/CHIARA-DESIGN-LOGO.png","width":500,"height":158,"caption":"Chiara Design"},"image":{"@id":"https:\/\/chiara-design.com\/#\/schema\/logo\/image\/"},"sameAs":["https:\/\/www.facebook.com\/ChiaraDesignPL","https:\/\/www.instagram.com\/chiara_design_\/"]}]}},"jetpack_sharing_enabled":true,"_links":{"self":[{"href":"https:\/\/chiara-design.com\/sk\/wp-json\/wp\/v2\/product\/60890","targetHints":{"allow":["GET"]}}],"collection":[{"href":"https:\/\/chiara-design.com\/sk\/wp-json\/wp\/v2\/product"}],"about":[{"href":"https:\/\/chiara-design.com\/sk\/wp-json\/wp\/v2\/types\/product"}],"replies":[{"embeddable":true,"href":"https:\/\/chiara-design.com\/sk\/wp-json\/wp\/v2\/comments?post=60890"}],"wp:featuredmedia":[{"embeddable":true,"href":"https:\/\/chiara-design.com\/sk\/wp-json\/wp\/v2\/media\/57405"}],"wp:attachment":[{"href":"https:\/\/chiara-design.com\/sk\/wp-json\/wp\/v2\/media?parent=60890"}],"wp:term":[{"taxonomy":"product_brand","embeddable":true,"href":"https:\/\/chiara-design.com\/sk\/wp-json\/wp\/v2\/product_brand?post=60890"},{"taxonomy":"product_cat","embeddable":true,"href":"https:\/\/chiara-design.com\/sk\/wp-json\/wp\/v2\/product_cat?post=60890"},{"taxonomy":"product_tag","embeddable":true,"href":"https:\/\/chiara-design.com\/sk\/wp-json\/wp\/v2\/product_tag?post=60890"}],"curies":[{"name":"wp","href":"https:\/\/api.w.org\/{rel}","templated":true}]}}