{"id":60889,"date":"2025-02-18T00:48:23","date_gmt":"2025-02-17T23:48:23","guid":{"rendered":"https:\/\/chiara-design.com\/product\/ruksak-chiara-fedele-cierny-strieborne-kovanie-k786\/"},"modified":"2025-09-23T11:50:02","modified_gmt":"2025-09-23T09:50:02","slug":"ruksak-chiara-fedele-cierny-strieborne-kovanie-k786","status":"publish","type":"product","link":"https:\/\/chiara-design.com\/sk\/produkt\/ruksak-chiara-fedele-cierny-strieborne-kovanie-k786\/","title":{"rendered":"Ruksak Chiara Fedele \u010cierny, Strieborn\u00e9 Kovanie K786"},"content":{"rendered":"<p>Mimoriadne origin\u00e1lny ruksak s funkciou nosenia aj ako kabelka.<\/p>\n<p>Ruksak m\u00e1 odn\u00edmate\u013en\u00e9 popruhy, v\u010faka \u010domu ho m\u00f4\u017eete nosi\u0165 v ruke za rukov\u00e4\u0165, \u0161tandardne na chrbte alebo ako kabelku.<\/p>\n<p>Ruksak je vyroben\u00fd z najkvalitnej\u0161ej ekoko\u017ee, tak\u017ee v\u00e1m m\u00f4\u017ee sl\u00fa\u017ei\u0165 mnoho sez\u00f3n. Pozornos\u0165 p\u00fata zips na prednej strane ruksaku, ktor\u00fd je zauj\u00edmavou dekor\u00e1ciou a z\u00e1rove\u0148 chr\u00e1ni pr\u00edstup do pomerne ve\u013ek\u00e9ho vrecka. Na zadnej strane m\u00e1 ruksak bezpe\u010dn\u00e9 vrecko na zips. Vn\u00fatro v\u00e1s prekvap\u00ed ve\u013emi \u017eenskou pod\u0161\u00edvkou hodv\u00e1bnou na dotyk. Ruksak m\u00e1 jednu ve\u013ek\u00fa komoru, v ktorej sa nach\u00e1dzaj\u00fa dve otvoren\u00e9 vreck\u00e1, vrecko na zips a zrkadielko na retiazke v tvare srdca.<\/p>\n<p>\u010cierna farba s doplnkami striebra sa skvele hod\u00ed do mestsk\u00fdch a le\u017e\u00e9rnych outfitov.<\/p>\n","protected":false},"excerpt":{"rendered":"<p>Ruksak a kabelka 2v1 ide\u00e1lny do pr\u00e1ce, na univerzitu, na v\u00fdlet alebo do mesta.<\/p>\n","protected":false},"featured_media":59038,"comment_status":"open","ping_status":"closed","template":"","meta":[],"product_brand":[],"product_cat":[629,661],"product_tag":[636],"class_list":{"0":"post-60889","1":"product","2":"type-product","3":"status-publish","4":"has-post-thumbnail","6":"product_cat-batohy","7":"product_cat-klasicke","8":"product_tag-chiara-sk","10":"first","11":"instock","12":"shipping-taxable","13":"purchasable","14":"product-type-simple"},"yoast_head":"<!-- This site is optimized with the Yoast SEO plugin v27.4 - https:\/\/yoast.com\/product\/yoast-seo-wordpress\/ -->\n<title>Ruksak Chiara Fedele \u010cierny, Strieborn\u00e9 Kovanie K786 - Chiara Design<\/title>\n<meta name=\"robots\" content=\"index, follow, max-snippet:-1, max-image-preview:large, max-video-preview:-1\" \/>\n<link rel=\"canonical\" href=\"https:\/\/chiara-design.com\/produkt\/plecak-chiara-fedele-czarny-srebrne-okucia-k786\/\" \/>\n<meta property=\"og:locale\" content=\"sk_SK\" \/>\n<meta property=\"og:type\" content=\"article\" \/>\n<meta property=\"og:title\" content=\"Ruksak Chiara Fedele \u010cierny, Strieborn\u00e9 Kovanie K786 - Chiara Design\" \/>\n<meta property=\"og:description\" content=\"Ruksak a kabelka 2v1 ide\u00e1lny do pr\u00e1ce, na univerzitu, na v\u00fdlet alebo do mesta.\" \/>\n<meta property=\"og:url\" content=\"https:\/\/chiara-design.com\/produkt\/plecak-chiara-fedele-czarny-srebrne-okucia-k786\/\" \/>\n<meta property=\"og:site_name\" content=\"Chiara Design\" \/>\n<meta property=\"article:publisher\" content=\"https:\/\/www.facebook.com\/ChiaraDesignPL\" \/>\n<meta property=\"article:modified_time\" content=\"2025-09-23T09:50:02+00:00\" \/>\n<meta property=\"og:image\" content=\"https:\/\/chiara-design.com\/wp-content\/uploads\/2025\/02\/Fedele-1.webp\" \/>\n\t<meta property=\"og:image:width\" content=\"1200\" \/>\n\t<meta property=\"og:image:height\" content=\"1500\" \/>\n\t<meta property=\"og:image:type\" content=\"image\/webp\" \/>\n<meta name=\"twitter:card\" content=\"summary_large_image\" \/>\n<meta name=\"twitter:label1\" content=\"Predpokladan\u00fd \u010das \u010d\u00edtania\" \/>\n\t<meta name=\"twitter:data1\" content=\"1 min\u00fata\" \/>\n<script type=\"application\/ld+json\" class=\"yoast-schema-graph\">{\"@context\":\"https:\\\/\\\/schema.org\",\"@graph\":[{\"@type\":\"WebPage\",\"@id\":\"https:\\\/\\\/chiara-design.com\\\/produkt\\\/plecak-chiara-fedele-czarny-srebrne-okucia-k786\\\/\",\"url\":\"https:\\\/\\\/chiara-design.com\\\/produkt\\\/plecak-chiara-fedele-czarny-srebrne-okucia-k786\\\/\",\"name\":\"Ruksak Chiara Fedele \u010cierny, Strieborn\u00e9 Kovanie K786 - Chiara Design\",\"isPartOf\":{\"@id\":\"https:\\\/\\\/chiara-design.com\\\/#website\"},\"primaryImageOfPage\":{\"@id\":\"https:\\\/\\\/chiara-design.com\\\/produkt\\\/plecak-chiara-fedele-czarny-srebrne-okucia-k786\\\/#primaryimage\"},\"image\":{\"@id\":\"https:\\\/\\\/chiara-design.com\\\/produkt\\\/plecak-chiara-fedele-czarny-srebrne-okucia-k786\\\/#primaryimage\"},\"thumbnailUrl\":\"https:\\\/\\\/chiara-design.com\\\/wp-content\\\/uploads\\\/2025\\\/02\\\/Fedele-1.webp\",\"datePublished\":\"2025-02-17T23:48:23+00:00\",\"dateModified\":\"2025-09-23T09:50:02+00:00\",\"breadcrumb\":{\"@id\":\"https:\\\/\\\/chiara-design.com\\\/produkt\\\/plecak-chiara-fedele-czarny-srebrne-okucia-k786\\\/#breadcrumb\"},\"inLanguage\":\"sk-SK\",\"potentialAction\":[{\"@type\":\"ReadAction\",\"target\":[\"https:\\\/\\\/chiara-design.com\\\/produkt\\\/plecak-chiara-fedele-czarny-srebrne-okucia-k786\\\/\"]}]},{\"@type\":\"ImageObject\",\"inLanguage\":\"sk-SK\",\"@id\":\"https:\\\/\\\/chiara-design.com\\\/produkt\\\/plecak-chiara-fedele-czarny-srebrne-okucia-k786\\\/#primaryimage\",\"url\":\"https:\\\/\\\/chiara-design.com\\\/wp-content\\\/uploads\\\/2025\\\/02\\\/Fedele-1.webp\",\"contentUrl\":\"https:\\\/\\\/chiara-design.com\\\/wp-content\\\/uploads\\\/2025\\\/02\\\/Fedele-1.webp\",\"width\":1200,\"height\":1500},{\"@type\":\"BreadcrumbList\",\"@id\":\"https:\\\/\\\/chiara-design.com\\\/produkt\\\/plecak-chiara-fedele-czarny-srebrne-okucia-k786\\\/#breadcrumb\",\"itemListElement\":[{\"@type\":\"ListItem\",\"position\":1,\"name\":\"Home\",\"item\":\"https:\\\/\\\/chiara-design.com\\\/sk\\\/damske-kabelky-chiara-design\\\/\"},{\"@type\":\"ListItem\",\"position\":2,\"name\":\"Obchod\",\"item\":\"https:\\\/\\\/chiara-design.com\\\/sklep\\\/\"},{\"@type\":\"ListItem\",\"position\":3,\"name\":\"Ruksak Chiara Fedele \u010cierny, Strieborn\u00e9 Kovanie K786\"}]},{\"@type\":\"WebSite\",\"@id\":\"https:\\\/\\\/chiara-design.com\\\/#website\",\"url\":\"https:\\\/\\\/chiara-design.com\\\/\",\"name\":\"Chiara Design\",\"description\":\"Tw\u00f3j ulubiony sklep online z torebkami.\",\"publisher\":{\"@id\":\"https:\\\/\\\/chiara-design.com\\\/#organization\"},\"potentialAction\":[{\"@type\":\"SearchAction\",\"target\":{\"@type\":\"EntryPoint\",\"urlTemplate\":\"https:\\\/\\\/chiara-design.com\\\/?s={search_term_string}\"},\"query-input\":{\"@type\":\"PropertyValueSpecification\",\"valueRequired\":true,\"valueName\":\"search_term_string\"}}],\"inLanguage\":\"sk-SK\"},{\"@type\":\"Organization\",\"@id\":\"https:\\\/\\\/chiara-design.com\\\/#organization\",\"name\":\"Chiara Design\",\"url\":\"https:\\\/\\\/chiara-design.com\\\/\",\"logo\":{\"@type\":\"ImageObject\",\"inLanguage\":\"sk-SK\",\"@id\":\"https:\\\/\\\/chiara-design.com\\\/#\\\/schema\\\/logo\\\/image\\\/\",\"url\":\"https:\\\/\\\/chiara-design.com\\\/wp-content\\\/uploads\\\/2024\\\/09\\\/CHIARA-DESIGN-LOGO.png\",\"contentUrl\":\"https:\\\/\\\/chiara-design.com\\\/wp-content\\\/uploads\\\/2024\\\/09\\\/CHIARA-DESIGN-LOGO.png\",\"width\":500,\"height\":158,\"caption\":\"Chiara Design\"},\"image\":{\"@id\":\"https:\\\/\\\/chiara-design.com\\\/#\\\/schema\\\/logo\\\/image\\\/\"},\"sameAs\":[\"https:\\\/\\\/www.facebook.com\\\/ChiaraDesignPL\",\"https:\\\/\\\/www.instagram.com\\\/chiara_design_\\\/\"]}]}<\/script>\n<!-- \/ Yoast SEO plugin. -->","yoast_head_json":{"title":"Ruksak Chiara Fedele \u010cierny, Strieborn\u00e9 Kovanie K786 - Chiara Design","robots":{"index":"index","follow":"follow","max-snippet":"max-snippet:-1","max-image-preview":"max-image-preview:large","max-video-preview":"max-video-preview:-1"},"canonical":"https:\/\/chiara-design.com\/produkt\/plecak-chiara-fedele-czarny-srebrne-okucia-k786\/","og_locale":"sk_SK","og_type":"article","og_title":"Ruksak Chiara Fedele \u010cierny, Strieborn\u00e9 Kovanie K786 - Chiara Design","og_description":"Ruksak a kabelka 2v1 ide\u00e1lny do pr\u00e1ce, na univerzitu, na v\u00fdlet alebo do mesta.","og_url":"https:\/\/chiara-design.com\/produkt\/plecak-chiara-fedele-czarny-srebrne-okucia-k786\/","og_site_name":"Chiara Design","article_publisher":"https:\/\/www.facebook.com\/ChiaraDesignPL","article_modified_time":"2025-09-23T09:50:02+00:00","og_image":[{"width":1200,"height":1500,"url":"https:\/\/chiara-design.com\/wp-content\/uploads\/2025\/02\/Fedele-1.webp","type":"image\/webp"}],"twitter_card":"summary_large_image","twitter_misc":{"Predpokladan\u00fd \u010das \u010d\u00edtania":"1 min\u00fata"},"schema":{"@context":"https:\/\/schema.org","@graph":[{"@type":"WebPage","@id":"https:\/\/chiara-design.com\/produkt\/plecak-chiara-fedele-czarny-srebrne-okucia-k786\/","url":"https:\/\/chiara-design.com\/produkt\/plecak-chiara-fedele-czarny-srebrne-okucia-k786\/","name":"Ruksak Chiara Fedele \u010cierny, Strieborn\u00e9 Kovanie K786 - Chiara Design","isPartOf":{"@id":"https:\/\/chiara-design.com\/#website"},"primaryImageOfPage":{"@id":"https:\/\/chiara-design.com\/produkt\/plecak-chiara-fedele-czarny-srebrne-okucia-k786\/#primaryimage"},"image":{"@id":"https:\/\/chiara-design.com\/produkt\/plecak-chiara-fedele-czarny-srebrne-okucia-k786\/#primaryimage"},"thumbnailUrl":"https:\/\/chiara-design.com\/wp-content\/uploads\/2025\/02\/Fedele-1.webp","datePublished":"2025-02-17T23:48:23+00:00","dateModified":"2025-09-23T09:50:02+00:00","breadcrumb":{"@id":"https:\/\/chiara-design.com\/produkt\/plecak-chiara-fedele-czarny-srebrne-okucia-k786\/#breadcrumb"},"inLanguage":"sk-SK","potentialAction":[{"@type":"ReadAction","target":["https:\/\/chiara-design.com\/produkt\/plecak-chiara-fedele-czarny-srebrne-okucia-k786\/"]}]},{"@type":"ImageObject","inLanguage":"sk-SK","@id":"https:\/\/chiara-design.com\/produkt\/plecak-chiara-fedele-czarny-srebrne-okucia-k786\/#primaryimage","url":"https:\/\/chiara-design.com\/wp-content\/uploads\/2025\/02\/Fedele-1.webp","contentUrl":"https:\/\/chiara-design.com\/wp-content\/uploads\/2025\/02\/Fedele-1.webp","width":1200,"height":1500},{"@type":"BreadcrumbList","@id":"https:\/\/chiara-design.com\/produkt\/plecak-chiara-fedele-czarny-srebrne-okucia-k786\/#breadcrumb","itemListElement":[{"@type":"ListItem","position":1,"name":"Home","item":"https:\/\/chiara-design.com\/sk\/damske-kabelky-chiara-design\/"},{"@type":"ListItem","position":2,"name":"Obchod","item":"https:\/\/chiara-design.com\/sklep\/"},{"@type":"ListItem","position":3,"name":"Ruksak Chiara Fedele \u010cierny, Strieborn\u00e9 Kovanie K786"}]},{"@type":"WebSite","@id":"https:\/\/chiara-design.com\/#website","url":"https:\/\/chiara-design.com\/","name":"Chiara Design","description":"Tw\u00f3j ulubiony sklep online z torebkami.","publisher":{"@id":"https:\/\/chiara-design.com\/#organization"},"potentialAction":[{"@type":"SearchAction","target":{"@type":"EntryPoint","urlTemplate":"https:\/\/chiara-design.com\/?s={search_term_string}"},"query-input":{"@type":"PropertyValueSpecification","valueRequired":true,"valueName":"search_term_string"}}],"inLanguage":"sk-SK"},{"@type":"Organization","@id":"https:\/\/chiara-design.com\/#organization","name":"Chiara Design","url":"https:\/\/chiara-design.com\/","logo":{"@type":"ImageObject","inLanguage":"sk-SK","@id":"https:\/\/chiara-design.com\/#\/schema\/logo\/image\/","url":"https:\/\/chiara-design.com\/wp-content\/uploads\/2024\/09\/CHIARA-DESIGN-LOGO.png","contentUrl":"https:\/\/chiara-design.com\/wp-content\/uploads\/2024\/09\/CHIARA-DESIGN-LOGO.png","width":500,"height":158,"caption":"Chiara Design"},"image":{"@id":"https:\/\/chiara-design.com\/#\/schema\/logo\/image\/"},"sameAs":["https:\/\/www.facebook.com\/ChiaraDesignPL","https:\/\/www.instagram.com\/chiara_design_\/"]}]}},"jetpack_sharing_enabled":true,"_links":{"self":[{"href":"https:\/\/chiara-design.com\/sk\/wp-json\/wp\/v2\/product\/60889","targetHints":{"allow":["GET"]}}],"collection":[{"href":"https:\/\/chiara-design.com\/sk\/wp-json\/wp\/v2\/product"}],"about":[{"href":"https:\/\/chiara-design.com\/sk\/wp-json\/wp\/v2\/types\/product"}],"replies":[{"embeddable":true,"href":"https:\/\/chiara-design.com\/sk\/wp-json\/wp\/v2\/comments?post=60889"}],"wp:featuredmedia":[{"embeddable":true,"href":"https:\/\/chiara-design.com\/sk\/wp-json\/wp\/v2\/media\/59038"}],"wp:attachment":[{"href":"https:\/\/chiara-design.com\/sk\/wp-json\/wp\/v2\/media?parent=60889"}],"wp:term":[{"taxonomy":"product_brand","embeddable":true,"href":"https:\/\/chiara-design.com\/sk\/wp-json\/wp\/v2\/product_brand?post=60889"},{"taxonomy":"product_cat","embeddable":true,"href":"https:\/\/chiara-design.com\/sk\/wp-json\/wp\/v2\/product_cat?post=60889"},{"taxonomy":"product_tag","embeddable":true,"href":"https:\/\/chiara-design.com\/sk\/wp-json\/wp\/v2\/product_tag?post=60889"}],"curies":[{"name":"wp","href":"https:\/\/api.w.org\/{rel}","templated":true}]}}