{"id":60886,"date":"2025-02-18T00:48:24","date_gmt":"2025-02-17T23:48:24","guid":{"rendered":"https:\/\/chiara-design.com\/product\/kabelka-chiara-alicja-bordova-prirodna-koza\/"},"modified":"2025-09-23T11:50:02","modified_gmt":"2025-09-23T09:50:02","slug":"kabelka-chiara-alicja-bordova-prirodna-koza","status":"publish","type":"product","link":"https:\/\/chiara-design.com\/sk\/produkt\/kabelka-chiara-alicja-bordova-prirodna-koza\/","title":{"rendered":"Kabelka Chiara Alicja Bordov\u00e1 Pr\u00edrodn\u00e1 Ko\u017ea"},"content":{"rendered":"<p>&lt;h2&gt;Kabelka Chiara Alicja Bordov\u00e1 Pr\u00edrodn\u00e1 Ko\u017ea \u2013 Klasika a Elegancia&lt;\/h2&gt;<br \/>\nKabelka Chiara Alicja Bordov\u00e1 je ide\u00e1lnym spojen\u00edm elegancie, trv\u00e1cnosti a funk\u010dnosti. Vyroben\u00e1 z najkvalitnej\u0161ej pr\u00edrodnej ko\u017ee, kabelka sa vyzna\u010duje jemnou bordovou farbou, ktor\u00e1 jej dod\u00e1va \u0161ik a triedu. V\u010faka premyslen\u00e9mu dizajnu sa tento model osved\u010d\u00ed v ka\u017edodenn\u00fdch outfitoch aj po\u010das v\u00fdnimo\u010dn\u00fdch pr\u00edle\u017eitost\u00ed.<br \/>\n&lt;h3&gt;Elegantn\u00fd Dizajn a Vysok\u00e1 Kvalita&lt;\/h3&gt;<br \/>\nMinimalistick\u00fd a z\u00e1rove\u0148 \u0161t\u00fdlov\u00fd vzh\u013ead kabelky pod\u010diarkuje kr\u00e1sne kovanie na prednej strane klopy. Vystu\u017een\u00e1 kon\u0161trukcia zais\u0165uje kabelke trv\u00e1cnos\u0165 a udr\u017eanie tvaru, \u010do z nej rob\u00ed nielen estetick\u00fd, ale aj praktick\u00fd doplnok. Navy\u0161e, funk\u010dn\u00e9 vreck\u00e1 \u2013 vn\u00fatorn\u00e9 a vonkaj\u0161ie \u2013 u\u013eah\u010duj\u00fa organiz\u00e1ciu a zais\u0165uj\u00fa r\u00fdchly pr\u00edstup k najpotrebnej\u0161\u00edm veciam.<br \/>\n&lt;h3&gt;Pohodln\u00e9 Rie\u0161enia&lt;\/h3&gt;<br \/>\nDva popruhy kabelky Alicja \u2013 kr\u00e1tka r\u00fa\u010dka a nastavite\u013en\u00fd popruh \u2013 umo\u017e\u0148uj\u00fa nosenie r\u00f4znymi sp\u00f4sobmi. M\u00f4\u017eete ju pohodlne nosi\u0165 na ramene alebo ako model cross-body, prisp\u00f4sobuj\u00fac ju svojim potreb\u00e1m a preferenci\u00e1m. Tak\u00e1to univerz\u00e1lnos\u0165 z nej rob\u00ed doplnok na ka\u017ed\u00fa pr\u00edle\u017eitos\u0165.<br \/>\n&lt;h3&gt;Praktick\u00e9 Detaily&lt;\/h3&gt;<br \/>\nVn\u00fatro kabelky vystlan\u00e9 elegantnou pod\u0161\u00edvkou bolo obohaten\u00e9 o firemn\u00e9 zrkadielko v tvare srdca, ktor\u00e9 je zavesen\u00e9 na retiazke. Tento drobn\u00fd, ale praktick\u00fd doplnok pod\u010diarkuje starostlivos\u0165 o detaily a jedine\u010dn\u00fd \u0161t\u00fdl zna\u010dky Chiara. V\u010faka tomu je model Alicja nielen kr\u00e1sny, ale aj mimoriadne praktick\u00fd.<br \/>\n&lt;h3&gt;Doplnok na Ka\u017ed\u00fd De\u0148&lt;\/h3&gt;<br \/>\nKabelka Chiara Alicja Bordov\u00e1 Pr\u00edrodn\u00e1 Ko\u017ea je vynikaj\u00facou vo\u013ebou pre \u017eeny, ktor\u00e9 si cenia vysok\u00fa kvalitu a nad\u010dasov\u00fa eleganciu. Jej klasick\u00fd dizajn a premyslen\u00e9 rie\u0161enia z nej robia ide\u00e1lneho spolo\u010dn\u00edka na ka\u017ed\u00fd de\u0148 aj po\u010das v\u00fdnimo\u010dn\u00fdch pr\u00edle\u017eitost\u00ed.<\/p>\n<p>Model: i5054 ALICJA<\/p>\n","protected":false},"excerpt":{"rendered":"<p>Kabelka Chiara Alicja Bordov\u00e1 \u2013 klasick\u00e1 kabelka z pr\u00edrodnej ko\u017ee s vystu\u017eenou kon\u0161trukciou a \u0161t\u00fdlov\u00fdmi detailmi.<\/p>\n","protected":false},"featured_media":59147,"comment_status":"open","ping_status":"closed","template":"","meta":[],"product_brand":[],"product_cat":[661,723],"product_tag":[748,810,641,813,812,637],"class_list":{"0":"post-60886","1":"product","2":"type-product","3":"status-publish","4":"has-post-thumbnail","6":"product_cat-klasicke","7":"product_cat-vecerne","8":"product_tag-bordova-kabelka","9":"product_tag-kabelka-alicja","10":"product_tag-kabelka-chiara","11":"product_tag-kabelka-na-specialne-prilezitosti","12":"product_tag-kabelka-na-vecer","13":"product_tag-prirodna-koza","15":"first","16":"instock","17":"shipping-taxable","18":"purchasable","19":"product-type-simple"},"yoast_head":"<!-- This site is optimized with the Yoast SEO plugin v27.4 - https:\/\/yoast.com\/product\/yoast-seo-wordpress\/ -->\n<title>Kabelka Chiara Alicja Bordov\u00e1 Pr\u00edrodn\u00e1 Ko\u017ea \u2013 Klasika a Funk\u010dnos\u0165<\/title>\n<meta name=\"description\" content=\"Kabelka Chiara Alicja Bordov\u00e1 Pr\u00edrodn\u00e1 Ko\u017ea \u2013 elegantn\u00e1 kabelka s klasick\u00fdm dizajnom, praktick\u00fdmi vreckami a nastavite\u013en\u00fdm popruhom.\" \/>\n<meta name=\"robots\" content=\"index, follow, max-snippet:-1, max-image-preview:large, max-video-preview:-1\" \/>\n<link rel=\"canonical\" href=\"https:\/\/chiara-design.com\/sk\/produkt\/kabelka-chiara-alicja-bordova-prirodna-koza\/\" \/>\n<meta property=\"og:locale\" content=\"sk_SK\" \/>\n<meta property=\"og:type\" content=\"article\" \/>\n<meta property=\"og:title\" content=\"Kabelka Chiara Alicja Bordov\u00e1 Pr\u00edrodn\u00e1 Ko\u017ea \u2013 Klasika a Funk\u010dnos\u0165\" \/>\n<meta property=\"og:description\" content=\"Kabelka Chiara Alicja Bordov\u00e1 Pr\u00edrodn\u00e1 Ko\u017ea \u2013 elegantn\u00e1 kabelka s klasick\u00fdm dizajnom, praktick\u00fdmi vreckami a nastavite\u013en\u00fdm popruhom.\" \/>\n<meta property=\"og:url\" content=\"https:\/\/chiara-design.com\/sk\/produkt\/kabelka-chiara-alicja-bordova-prirodna-koza\/\" \/>\n<meta property=\"og:site_name\" content=\"Chiara Design\" \/>\n<meta property=\"article:publisher\" content=\"https:\/\/www.facebook.com\/ChiaraDesignPL\" \/>\n<meta property=\"article:modified_time\" content=\"2025-09-23T09:50:02+00:00\" \/>\n<meta property=\"og:image\" content=\"https:\/\/chiara-design.com\/wp-content\/uploads\/2025\/03\/ALICJA-\u2013-Bordo-scaled-e1740957436820.webp\" \/>\n\t<meta property=\"og:image:width\" content=\"1200\" \/>\n\t<meta property=\"og:image:height\" content=\"1500\" \/>\n\t<meta property=\"og:image:type\" content=\"image\/webp\" \/>\n<meta name=\"twitter:card\" content=\"summary_large_image\" \/>\n<meta name=\"twitter:label1\" content=\"Predpokladan\u00fd \u010das \u010d\u00edtania\" \/>\n\t<meta name=\"twitter:data1\" content=\"2 min\u00faty\" \/>\n<script type=\"application\/ld+json\" class=\"yoast-schema-graph\">{\"@context\":\"https:\\\/\\\/schema.org\",\"@graph\":[{\"@type\":\"WebPage\",\"@id\":\"https:\\\/\\\/chiara-design.com\\\/sk\\\/produkt\\\/kabelka-chiara-alicja-bordova-prirodna-koza\\\/\",\"url\":\"https:\\\/\\\/chiara-design.com\\\/sk\\\/produkt\\\/kabelka-chiara-alicja-bordova-prirodna-koza\\\/\",\"name\":\"Kabelka Chiara Alicja Bordov\u00e1 Pr\u00edrodn\u00e1 Ko\u017ea \u2013 Klasika a Funk\u010dnos\u0165\",\"isPartOf\":{\"@id\":\"https:\\\/\\\/chiara-design.com\\\/#website\"},\"primaryImageOfPage\":{\"@id\":\"https:\\\/\\\/chiara-design.com\\\/sk\\\/produkt\\\/kabelka-chiara-alicja-bordova-prirodna-koza\\\/#primaryimage\"},\"image\":{\"@id\":\"https:\\\/\\\/chiara-design.com\\\/sk\\\/produkt\\\/kabelka-chiara-alicja-bordova-prirodna-koza\\\/#primaryimage\"},\"thumbnailUrl\":\"https:\\\/\\\/chiara-design.com\\\/wp-content\\\/uploads\\\/2025\\\/03\\\/ALICJA-\u2013-Bordo-scaled-e1740957436820.webp\",\"datePublished\":\"2025-02-17T23:48:24+00:00\",\"dateModified\":\"2025-09-23T09:50:02+00:00\",\"description\":\"Kabelka Chiara Alicja Bordov\u00e1 Pr\u00edrodn\u00e1 Ko\u017ea \u2013 elegantn\u00e1 kabelka s klasick\u00fdm dizajnom, praktick\u00fdmi vreckami a nastavite\u013en\u00fdm popruhom.\",\"breadcrumb\":{\"@id\":\"https:\\\/\\\/chiara-design.com\\\/sk\\\/produkt\\\/kabelka-chiara-alicja-bordova-prirodna-koza\\\/#breadcrumb\"},\"inLanguage\":\"sk-SK\",\"potentialAction\":[{\"@type\":\"ReadAction\",\"target\":[\"https:\\\/\\\/chiara-design.com\\\/sk\\\/produkt\\\/kabelka-chiara-alicja-bordova-prirodna-koza\\\/\"]}]},{\"@type\":\"ImageObject\",\"inLanguage\":\"sk-SK\",\"@id\":\"https:\\\/\\\/chiara-design.com\\\/sk\\\/produkt\\\/kabelka-chiara-alicja-bordova-prirodna-koza\\\/#primaryimage\",\"url\":\"https:\\\/\\\/chiara-design.com\\\/wp-content\\\/uploads\\\/2025\\\/03\\\/ALICJA-\u2013-Bordo-scaled-e1740957436820.webp\",\"contentUrl\":\"https:\\\/\\\/chiara-design.com\\\/wp-content\\\/uploads\\\/2025\\\/03\\\/ALICJA-\u2013-Bordo-scaled-e1740957436820.webp\",\"width\":1200,\"height\":1500},{\"@type\":\"BreadcrumbList\",\"@id\":\"https:\\\/\\\/chiara-design.com\\\/sk\\\/produkt\\\/kabelka-chiara-alicja-bordova-prirodna-koza\\\/#breadcrumb\",\"itemListElement\":[{\"@type\":\"ListItem\",\"position\":1,\"name\":\"Home\",\"item\":\"https:\\\/\\\/chiara-design.com\\\/sk\\\/damske-kabelky-chiara-design\\\/\"},{\"@type\":\"ListItem\",\"position\":2,\"name\":\"Obchod\",\"item\":\"https:\\\/\\\/chiara-design.com\\\/sklep\\\/\"},{\"@type\":\"ListItem\",\"position\":3,\"name\":\"Kabelka Chiara Alicja Bordov\u00e1 Pr\u00edrodn\u00e1 Ko\u017ea\"}]},{\"@type\":\"WebSite\",\"@id\":\"https:\\\/\\\/chiara-design.com\\\/#website\",\"url\":\"https:\\\/\\\/chiara-design.com\\\/\",\"name\":\"Chiara Design\",\"description\":\"Tw\u00f3j ulubiony sklep online z torebkami.\",\"publisher\":{\"@id\":\"https:\\\/\\\/chiara-design.com\\\/#organization\"},\"potentialAction\":[{\"@type\":\"SearchAction\",\"target\":{\"@type\":\"EntryPoint\",\"urlTemplate\":\"https:\\\/\\\/chiara-design.com\\\/?s={search_term_string}\"},\"query-input\":{\"@type\":\"PropertyValueSpecification\",\"valueRequired\":true,\"valueName\":\"search_term_string\"}}],\"inLanguage\":\"sk-SK\"},{\"@type\":\"Organization\",\"@id\":\"https:\\\/\\\/chiara-design.com\\\/#organization\",\"name\":\"Chiara Design\",\"url\":\"https:\\\/\\\/chiara-design.com\\\/\",\"logo\":{\"@type\":\"ImageObject\",\"inLanguage\":\"sk-SK\",\"@id\":\"https:\\\/\\\/chiara-design.com\\\/#\\\/schema\\\/logo\\\/image\\\/\",\"url\":\"https:\\\/\\\/chiara-design.com\\\/wp-content\\\/uploads\\\/2024\\\/09\\\/CHIARA-DESIGN-LOGO.png\",\"contentUrl\":\"https:\\\/\\\/chiara-design.com\\\/wp-content\\\/uploads\\\/2024\\\/09\\\/CHIARA-DESIGN-LOGO.png\",\"width\":500,\"height\":158,\"caption\":\"Chiara Design\"},\"image\":{\"@id\":\"https:\\\/\\\/chiara-design.com\\\/#\\\/schema\\\/logo\\\/image\\\/\"},\"sameAs\":[\"https:\\\/\\\/www.facebook.com\\\/ChiaraDesignPL\",\"https:\\\/\\\/www.instagram.com\\\/chiara_design_\\\/\"]}]}<\/script>\n<!-- \/ Yoast SEO plugin. -->","yoast_head_json":{"title":"Kabelka Chiara Alicja Bordov\u00e1 Pr\u00edrodn\u00e1 Ko\u017ea \u2013 Klasika a Funk\u010dnos\u0165","description":"Kabelka Chiara Alicja Bordov\u00e1 Pr\u00edrodn\u00e1 Ko\u017ea \u2013 elegantn\u00e1 kabelka s klasick\u00fdm dizajnom, praktick\u00fdmi vreckami a nastavite\u013en\u00fdm popruhom.","robots":{"index":"index","follow":"follow","max-snippet":"max-snippet:-1","max-image-preview":"max-image-preview:large","max-video-preview":"max-video-preview:-1"},"canonical":"https:\/\/chiara-design.com\/sk\/produkt\/kabelka-chiara-alicja-bordova-prirodna-koza\/","og_locale":"sk_SK","og_type":"article","og_title":"Kabelka Chiara Alicja Bordov\u00e1 Pr\u00edrodn\u00e1 Ko\u017ea \u2013 Klasika a Funk\u010dnos\u0165","og_description":"Kabelka Chiara Alicja Bordov\u00e1 Pr\u00edrodn\u00e1 Ko\u017ea \u2013 elegantn\u00e1 kabelka s klasick\u00fdm dizajnom, praktick\u00fdmi vreckami a nastavite\u013en\u00fdm popruhom.","og_url":"https:\/\/chiara-design.com\/sk\/produkt\/kabelka-chiara-alicja-bordova-prirodna-koza\/","og_site_name":"Chiara Design","article_publisher":"https:\/\/www.facebook.com\/ChiaraDesignPL","article_modified_time":"2025-09-23T09:50:02+00:00","og_image":[{"width":1200,"height":1500,"url":"https:\/\/chiara-design.com\/wp-content\/uploads\/2025\/03\/ALICJA-\u2013-Bordo-scaled-e1740957436820.webp","type":"image\/webp"}],"twitter_card":"summary_large_image","twitter_misc":{"Predpokladan\u00fd \u010das \u010d\u00edtania":"2 min\u00faty"},"schema":{"@context":"https:\/\/schema.org","@graph":[{"@type":"WebPage","@id":"https:\/\/chiara-design.com\/sk\/produkt\/kabelka-chiara-alicja-bordova-prirodna-koza\/","url":"https:\/\/chiara-design.com\/sk\/produkt\/kabelka-chiara-alicja-bordova-prirodna-koza\/","name":"Kabelka Chiara Alicja Bordov\u00e1 Pr\u00edrodn\u00e1 Ko\u017ea \u2013 Klasika a Funk\u010dnos\u0165","isPartOf":{"@id":"https:\/\/chiara-design.com\/#website"},"primaryImageOfPage":{"@id":"https:\/\/chiara-design.com\/sk\/produkt\/kabelka-chiara-alicja-bordova-prirodna-koza\/#primaryimage"},"image":{"@id":"https:\/\/chiara-design.com\/sk\/produkt\/kabelka-chiara-alicja-bordova-prirodna-koza\/#primaryimage"},"thumbnailUrl":"https:\/\/chiara-design.com\/wp-content\/uploads\/2025\/03\/ALICJA-\u2013-Bordo-scaled-e1740957436820.webp","datePublished":"2025-02-17T23:48:24+00:00","dateModified":"2025-09-23T09:50:02+00:00","description":"Kabelka Chiara Alicja Bordov\u00e1 Pr\u00edrodn\u00e1 Ko\u017ea \u2013 elegantn\u00e1 kabelka s klasick\u00fdm dizajnom, praktick\u00fdmi vreckami a nastavite\u013en\u00fdm popruhom.","breadcrumb":{"@id":"https:\/\/chiara-design.com\/sk\/produkt\/kabelka-chiara-alicja-bordova-prirodna-koza\/#breadcrumb"},"inLanguage":"sk-SK","potentialAction":[{"@type":"ReadAction","target":["https:\/\/chiara-design.com\/sk\/produkt\/kabelka-chiara-alicja-bordova-prirodna-koza\/"]}]},{"@type":"ImageObject","inLanguage":"sk-SK","@id":"https:\/\/chiara-design.com\/sk\/produkt\/kabelka-chiara-alicja-bordova-prirodna-koza\/#primaryimage","url":"https:\/\/chiara-design.com\/wp-content\/uploads\/2025\/03\/ALICJA-\u2013-Bordo-scaled-e1740957436820.webp","contentUrl":"https:\/\/chiara-design.com\/wp-content\/uploads\/2025\/03\/ALICJA-\u2013-Bordo-scaled-e1740957436820.webp","width":1200,"height":1500},{"@type":"BreadcrumbList","@id":"https:\/\/chiara-design.com\/sk\/produkt\/kabelka-chiara-alicja-bordova-prirodna-koza\/#breadcrumb","itemListElement":[{"@type":"ListItem","position":1,"name":"Home","item":"https:\/\/chiara-design.com\/sk\/damske-kabelky-chiara-design\/"},{"@type":"ListItem","position":2,"name":"Obchod","item":"https:\/\/chiara-design.com\/sklep\/"},{"@type":"ListItem","position":3,"name":"Kabelka Chiara Alicja Bordov\u00e1 Pr\u00edrodn\u00e1 Ko\u017ea"}]},{"@type":"WebSite","@id":"https:\/\/chiara-design.com\/#website","url":"https:\/\/chiara-design.com\/","name":"Chiara Design","description":"Tw\u00f3j ulubiony sklep online z torebkami.","publisher":{"@id":"https:\/\/chiara-design.com\/#organization"},"potentialAction":[{"@type":"SearchAction","target":{"@type":"EntryPoint","urlTemplate":"https:\/\/chiara-design.com\/?s={search_term_string}"},"query-input":{"@type":"PropertyValueSpecification","valueRequired":true,"valueName":"search_term_string"}}],"inLanguage":"sk-SK"},{"@type":"Organization","@id":"https:\/\/chiara-design.com\/#organization","name":"Chiara Design","url":"https:\/\/chiara-design.com\/","logo":{"@type":"ImageObject","inLanguage":"sk-SK","@id":"https:\/\/chiara-design.com\/#\/schema\/logo\/image\/","url":"https:\/\/chiara-design.com\/wp-content\/uploads\/2024\/09\/CHIARA-DESIGN-LOGO.png","contentUrl":"https:\/\/chiara-design.com\/wp-content\/uploads\/2024\/09\/CHIARA-DESIGN-LOGO.png","width":500,"height":158,"caption":"Chiara Design"},"image":{"@id":"https:\/\/chiara-design.com\/#\/schema\/logo\/image\/"},"sameAs":["https:\/\/www.facebook.com\/ChiaraDesignPL","https:\/\/www.instagram.com\/chiara_design_\/"]}]}},"jetpack_sharing_enabled":true,"_links":{"self":[{"href":"https:\/\/chiara-design.com\/sk\/wp-json\/wp\/v2\/product\/60886","targetHints":{"allow":["GET"]}}],"collection":[{"href":"https:\/\/chiara-design.com\/sk\/wp-json\/wp\/v2\/product"}],"about":[{"href":"https:\/\/chiara-design.com\/sk\/wp-json\/wp\/v2\/types\/product"}],"replies":[{"embeddable":true,"href":"https:\/\/chiara-design.com\/sk\/wp-json\/wp\/v2\/comments?post=60886"}],"wp:featuredmedia":[{"embeddable":true,"href":"https:\/\/chiara-design.com\/sk\/wp-json\/wp\/v2\/media\/59147"}],"wp:attachment":[{"href":"https:\/\/chiara-design.com\/sk\/wp-json\/wp\/v2\/media?parent=60886"}],"wp:term":[{"taxonomy":"product_brand","embeddable":true,"href":"https:\/\/chiara-design.com\/sk\/wp-json\/wp\/v2\/product_brand?post=60886"},{"taxonomy":"product_cat","embeddable":true,"href":"https:\/\/chiara-design.com\/sk\/wp-json\/wp\/v2\/product_cat?post=60886"},{"taxonomy":"product_tag","embeddable":true,"href":"https:\/\/chiara-design.com\/sk\/wp-json\/wp\/v2\/product_tag?post=60886"}],"curies":[{"name":"wp","href":"https:\/\/api.w.org\/{rel}","templated":true}]}}