{"id":60883,"date":"2025-02-18T00:48:26","date_gmt":"2025-02-17T23:48:26","guid":{"rendered":"https:\/\/chiara-design.com\/product\/kabelka-chiara-ilia-cierna-prirodna-koza\/"},"modified":"2025-09-23T11:50:01","modified_gmt":"2025-09-23T09:50:01","slug":"kabelka-chiara-ilia-cierna-prirodna-koza","status":"publish","type":"product","link":"https:\/\/chiara-design.com\/sk\/produkt\/kabelka-chiara-ilia-cierna-prirodna-koza\/","title":{"rendered":"Kabelka Chiara Ilia \u010cierna Pr\u00edrodn\u00e1 Ko\u017ea"},"content":{"rendered":"<p>&lt;h2&gt;Kabelka Chiara Ilia \u010cierna \u2013 Klasick\u00e1 Elegancia v Modernom Preveden\u00ed&lt;\/h2&gt;<br \/>\nKabelka Chiara Ilia je ide\u00e1lnou ponukou pre \u017eeny, ktor\u00e9 si cenia rafinovan\u00fd \u0161t\u00fdl a praktick\u00e9 rie\u0161enia. Zna\u010dka Chiara Design sa postarala o ka\u017ed\u00fd detail a vytvorila model z pr\u00edrodnej ko\u017ee s reli\u00e9fom krokod\u00edlej ko\u017ee. Jej luxusn\u00fd vzh\u013ead v kombin\u00e1cii s hlbokou \u010diernou a starostlivo vybran\u00fdmi detailmi sp\u00f4sobuje, \u017ee kabelka sa hod\u00ed ku ka\u017ed\u00e9mu outfitu \u2013 elegantn\u00e9mu aj le\u017e\u00e9rnemu.<br \/>\n&lt;h3&gt;V\u0161estrannos\u0165 a Pohodlie pri Nosen\u00ed&lt;\/h3&gt;<br \/>\n&lt;ul&gt;<br \/>\n \t&lt;li&gt;M\u00e1 dva popruhy \u2013 kr\u00e1tky na nosenie na ramene a nastavite\u013en\u00fd, ktor\u00fd umo\u017e\u0148uje nosenie cross-body.&lt;\/li&gt;<br \/>\n \t&lt;li&gt;V\u010faka r\u00f4znym sp\u00f4sobom nosenia ju \u013eahko prisp\u00f4sob\u00edte svojim potreb\u00e1m a outfitu.&lt;\/li&gt;<br \/>\n \t&lt;li&gt;\u013dahk\u00e1 a pohodln\u00e1, dokonale sa osved\u010d\u00ed na ka\u017ed\u00fd de\u0148 aj na v\u00fdnimo\u010dn\u00e9 pr\u00edle\u017eitosti.&lt;\/li&gt;<br \/>\n&lt;\/ul&gt;<br \/>\n&lt;h3&gt;Praktickos\u0165 a Funk\u010dnos\u0165&lt;\/h3&gt;<br \/>\nV\u010faka premyslen\u00e9mu usporiadaniu vreciek model Ilia zais\u0165uje pohodlie a organiz\u00e1ciu na najvy\u0161\u0161ej \u00farovni. Navy\u0161e, v\u0161etky priehradky boli navrhnut\u00e9 tak, aby u\u013eah\u010dovali ka\u017edodenn\u00e9 pou\u017e\u00edvanie.<br \/>\n&lt;ul&gt;<br \/>\n \t&lt;li&gt;Na zadnej strane sa nach\u00e1dza vrecko na zips \u2013 ide\u00e1lne na k\u013e\u00fa\u010de, telef\u00f3n alebo in\u00e9 cenn\u00e9 predmety.&lt;\/li&gt;<br \/>\n \t&lt;li&gt;Vn\u00fatro kabelky pon\u00faka premyslen\u00fa organiz\u00e1ciu, zmest\u00ed sa do nej pe\u0148a\u017eenka, kozmetick\u00e1 ta\u0161ti\u010dka a \u010fal\u0161ie nevyhnutn\u00e9 drobnosti.&lt;\/li&gt;<br \/>\n \t&lt;li&gt;Starostlivo vybran\u00e1 pod\u0161\u00edvka pod\u010diarkuje vysok\u00fa kvalitu spracovania a dod\u00e1va eleganciu.&lt;\/li&gt;<br \/>\n&lt;\/ul&gt;<br \/>\n&lt;h3&gt;Exkluz\u00edvne Detaily&lt;\/h3&gt;<br \/>\nChiara Design sa postarala o jedine\u010dn\u00e9 detaily, ktor\u00e9 pod\u010diarkuj\u00fa exkluz\u00edvny charakter tohto modelu. V\u010faka nim sa kabelka odli\u0161uje od ostatn\u00fdch doplnkov.<br \/>\n&lt;ul&gt;<br \/>\n \t&lt;li&gt;Polkruhov\u00fd tvar kabelky jej dod\u00e1va modern\u00fd vzh\u013ead.&lt;\/li&gt;<br \/>\n \t&lt;li&gt;Strieborn\u00e9 kovanie dod\u00e1va triedu a eleganciu a rob\u00ed model nad\u010dasov\u00fdm.&lt;\/li&gt;<br \/>\n \t&lt;li&gt;Firemn\u00fd dar\u010dek zna\u010dky Chiara \u2013 zrkadielko v tvare srdca zavesen\u00e9 na jemnej retiazke \u2013 je praktick\u00fdm a \u0161t\u00fdlov\u00fdm doplnkom.&lt;\/li&gt;<br \/>\n&lt;\/ul&gt;<br \/>\n&lt;h3&gt;Doplnok na Ka\u017ed\u00fa Pr\u00edle\u017eitos\u0165&lt;\/h3&gt;<br \/>\nBez oh\u013eadu na pr\u00edle\u017eitos\u0165, kabelka Ilia dokonale dopln\u00ed ka\u017ed\u00fd outfit. Navy\u0161e jej trv\u00e1cnos\u0165 zaru\u010duje, \u017ee bude nenahradite\u013en\u00fdm prvkom \u0161atn\u00edka na dlh\u00fd \u010das.<br \/>\n&lt;ul&gt;<br \/>\n \t&lt;li&gt;Skvele sa kombinuje s elegantn\u00fdmi kre\u00e1ciami aj ka\u017edodenn\u00fdmi outfitmi.&lt;\/li&gt;<br \/>\n \t&lt;li&gt;V\u010faka trv\u00e1cnej pr\u00edrodnej ko\u017ei v\u00e1m posl\u00fa\u017ei mnoho sez\u00f3n.&lt;\/li&gt;<br \/>\n \t&lt;li&gt;Je to ide\u00e1lna kabelka pre \u017eeny, ktor\u00e9 si cenia pohodlie a luxusn\u00fd vzh\u013ead.&lt;\/li&gt;<br \/>\n&lt;\/ul&gt;<br \/>\n&lt;h3&gt;Vyberte si Kvalitu a \u0160t\u00fdl&lt;\/h3&gt;<br \/>\nKabelka Chiara Ilia \u010cierna Pr\u00edrodn\u00e1 Ko\u017ea je model, ktor\u00fd sp\u00e1ja luxusn\u00fd vzh\u013ead s funk\u010dnos\u0165ou. Navy\u0161e jej dokonal\u00e9 spracovanie a starostlivos\u0165 o detaily ju robia ide\u00e1lnou vo\u013ebou pre \u017eeny, ktor\u00e9 si cenia eleganciu a pohodlie. Siahnite po kabelke Ilia, aby ste v\u017edy vyzerali \u0161t\u00fdlovo a c\u00edtili sa v\u00fdnimo\u010dne.<br \/>\n&lt;h3&gt;Unik\u00e1tny charakter&lt;\/h3&gt;<br \/>\nKabelky z kolekcie croko s\u00fa vyroben\u00e9 z vysokokvalitnej pr\u00edrodnej ko\u017ee, ktorej text\u00fara bola prec\u00edzne napodoben\u00e1 tak, aby imitovala krokod\u00edliu ko\u017eu. Vzh\u013eadom na prirodzenos\u0165 materi\u00e1lu sa ka\u017ed\u00e1 kabelka m\u00f4\u017ee mierne l\u00ed\u0161i\u0165 v text\u00fare od tej na fotke, \u010do ka\u017edej z nich dod\u00e1va unik\u00e1tny charakter.<\/p>\n<p>Model: L340 ILIA<\/p>\n","protected":false},"excerpt":{"rendered":"<p>Kabelka Ilia je kvintesenciou elegancie a \u0161t\u00fdlu. Vyroben\u00e1 z pr\u00edrodnej ko\u017ee s reli\u00e9fom krokod\u00edlej ko\u017ee, v klasickej \u010diernej farbe, t\u00e1to kabelka o\u010dar\u00ed svoj\u00edm origin\u00e1lnym dizajnom.<\/p>\n<p>M\u00e1 dva popruhy \u2013 jeden kr\u00e1tky umo\u017e\u0148uj\u00faci nosenie na ramene a druh\u00fd \u00fazky, nastavite\u013en\u00fd, ktor\u00fd d\u00e1va mo\u017enos\u0165 prisp\u00f4sobi\u0165 d\u013a\u017eku individu\u00e1lnym preferenci\u00e1m. S \u010fal\u0161\u00edm vreckom na zips na zadnej strane a dar\u010dekom \u2013 zrkadielkom v tvare srdca zna\u010dky Chiara, je kabelka Ilia nielen praktick\u00e1, ale aj mimoriadne o\u010daruj\u00faca.<\/p>\n<p>Jej vn\u00fatro ukon\u010den\u00e9 kr\u00e1snou pod\u0161\u00edvkou zais\u0165uje elegantn\u00fd vzh\u013ead a origin\u00e1lny tvar polkruhu rob\u00ed kabelku zgrabnou a z\u00e1rove\u0148 priestrannou, zmest\u00ed sa do nej ve\u013ek\u00e1 pe\u0148a\u017eenka, telef\u00f3n a mno\u017estvo \u010fal\u0161\u00edch drobnost\u00ed.<\/p>\n<p>Ide\u00e1lna ponuka pre \u017eeny, ktor\u00e9 si cenia nad\u010dasov\u00fa eleganciu.<\/p>\n","protected":false},"featured_media":59159,"comment_status":"open","ping_status":"closed","template":"","meta":[],"product_brand":[],"product_cat":[648],"product_tag":[730,649,641,799,806,712,637],"class_list":{"0":"post-60883","1":"product","2":"type-product","3":"status-publish","4":"has-post-thumbnail","6":"product_cat-crossbody-kabelky","7":"product_tag-cierna-kabelka-sk","8":"product_tag-crossbody-kabelka","9":"product_tag-kabelka-chiara","10":"product_tag-kabelka-croko","11":"product_tag-kabelka-ilia","12":"product_tag-kabelka-na-kazdy-den","13":"product_tag-prirodna-koza","15":"first","16":"instock","17":"shipping-taxable","18":"purchasable","19":"product-type-simple"},"yoast_head":"<!-- This site is optimized with the Yoast SEO plugin v27.3 - https:\/\/yoast.com\/product\/yoast-seo-wordpress\/ -->\n<title>Kabelka Chiara Ilia \u010cierna \u2013 Elegancia a Modern\u00fd \u0160t\u00fdl<\/title>\n<meta name=\"description\" content=\"Kabelka Chiara Ilia \u010cierna \u2013 luxusn\u00e1 ko\u017een\u00e1 kabelka s reli\u00e9fom krokod\u00edlej ko\u017ee, nastavite\u013en\u00fdm popruhom a funk\u010dn\u00fdm vn\u00fatrom.\" \/>\n<meta name=\"robots\" content=\"index, follow, max-snippet:-1, max-image-preview:large, max-video-preview:-1\" \/>\n<link rel=\"canonical\" href=\"https:\/\/chiara-design.com\/sk\/produkt\/kabelka-chiara-ilia-cierna-prirodna-koza\/\" \/>\n<meta property=\"og:locale\" content=\"sk_SK\" \/>\n<meta property=\"og:type\" content=\"article\" \/>\n<meta property=\"og:title\" content=\"Kabelka Chiara Ilia \u010cierna \u2013 Elegancia a Modern\u00fd \u0160t\u00fdl\" \/>\n<meta property=\"og:description\" content=\"Kabelka Chiara Ilia \u010cierna \u2013 luxusn\u00e1 ko\u017een\u00e1 kabelka s reli\u00e9fom krokod\u00edlej ko\u017ee, nastavite\u013en\u00fdm popruhom a funk\u010dn\u00fdm vn\u00fatrom.\" \/>\n<meta property=\"og:url\" content=\"https:\/\/chiara-design.com\/sk\/produkt\/kabelka-chiara-ilia-cierna-prirodna-koza\/\" \/>\n<meta property=\"og:site_name\" content=\"Chiara Design\" \/>\n<meta property=\"article:publisher\" content=\"https:\/\/www.facebook.com\/ChiaraDesignPL\" \/>\n<meta property=\"article:modified_time\" content=\"2025-09-23T09:50:01+00:00\" \/>\n<meta property=\"og:image\" content=\"https:\/\/chiara-design.com\/wp-content\/uploads\/2025\/03\/Ilia-Czarna-scaled-e1740957925218.webp\" \/>\n\t<meta property=\"og:image:width\" content=\"1200\" \/>\n\t<meta property=\"og:image:height\" content=\"1500\" \/>\n\t<meta property=\"og:image:type\" content=\"image\/webp\" \/>\n<meta name=\"twitter:card\" content=\"summary_large_image\" \/>\n<meta name=\"twitter:label1\" content=\"Predpokladan\u00fd \u010das \u010d\u00edtania\" \/>\n\t<meta name=\"twitter:data1\" content=\"3 min\u00faty\" \/>\n<script type=\"application\/ld+json\" class=\"yoast-schema-graph\">{\"@context\":\"https:\\\/\\\/schema.org\",\"@graph\":[{\"@type\":\"WebPage\",\"@id\":\"https:\\\/\\\/chiara-design.com\\\/sk\\\/produkt\\\/kabelka-chiara-ilia-cierna-prirodna-koza\\\/\",\"url\":\"https:\\\/\\\/chiara-design.com\\\/sk\\\/produkt\\\/kabelka-chiara-ilia-cierna-prirodna-koza\\\/\",\"name\":\"Kabelka Chiara Ilia \u010cierna \u2013 Elegancia a Modern\u00fd \u0160t\u00fdl\",\"isPartOf\":{\"@id\":\"https:\\\/\\\/chiara-design.com\\\/#website\"},\"primaryImageOfPage\":{\"@id\":\"https:\\\/\\\/chiara-design.com\\\/sk\\\/produkt\\\/kabelka-chiara-ilia-cierna-prirodna-koza\\\/#primaryimage\"},\"image\":{\"@id\":\"https:\\\/\\\/chiara-design.com\\\/sk\\\/produkt\\\/kabelka-chiara-ilia-cierna-prirodna-koza\\\/#primaryimage\"},\"thumbnailUrl\":\"https:\\\/\\\/chiara-design.com\\\/wp-content\\\/uploads\\\/2025\\\/03\\\/Ilia-Czarna-scaled-e1740957925218.webp\",\"datePublished\":\"2025-02-17T23:48:26+00:00\",\"dateModified\":\"2025-09-23T09:50:01+00:00\",\"description\":\"Kabelka Chiara Ilia \u010cierna \u2013 luxusn\u00e1 ko\u017een\u00e1 kabelka s reli\u00e9fom krokod\u00edlej ko\u017ee, nastavite\u013en\u00fdm popruhom a funk\u010dn\u00fdm vn\u00fatrom.\",\"breadcrumb\":{\"@id\":\"https:\\\/\\\/chiara-design.com\\\/sk\\\/produkt\\\/kabelka-chiara-ilia-cierna-prirodna-koza\\\/#breadcrumb\"},\"inLanguage\":\"sk-SK\",\"potentialAction\":[{\"@type\":\"ReadAction\",\"target\":[\"https:\\\/\\\/chiara-design.com\\\/sk\\\/produkt\\\/kabelka-chiara-ilia-cierna-prirodna-koza\\\/\"]}]},{\"@type\":\"ImageObject\",\"inLanguage\":\"sk-SK\",\"@id\":\"https:\\\/\\\/chiara-design.com\\\/sk\\\/produkt\\\/kabelka-chiara-ilia-cierna-prirodna-koza\\\/#primaryimage\",\"url\":\"https:\\\/\\\/chiara-design.com\\\/wp-content\\\/uploads\\\/2025\\\/03\\\/Ilia-Czarna-scaled-e1740957925218.webp\",\"contentUrl\":\"https:\\\/\\\/chiara-design.com\\\/wp-content\\\/uploads\\\/2025\\\/03\\\/Ilia-Czarna-scaled-e1740957925218.webp\",\"width\":1200,\"height\":1500},{\"@type\":\"BreadcrumbList\",\"@id\":\"https:\\\/\\\/chiara-design.com\\\/sk\\\/produkt\\\/kabelka-chiara-ilia-cierna-prirodna-koza\\\/#breadcrumb\",\"itemListElement\":[{\"@type\":\"ListItem\",\"position\":1,\"name\":\"Home\",\"item\":\"https:\\\/\\\/chiara-design.com\\\/sk\\\/damske-kabelky-chiara-design\\\/\"},{\"@type\":\"ListItem\",\"position\":2,\"name\":\"Obchod\",\"item\":\"https:\\\/\\\/chiara-design.com\\\/sklep\\\/\"},{\"@type\":\"ListItem\",\"position\":3,\"name\":\"Kabelka Chiara Ilia \u010cierna Pr\u00edrodn\u00e1 Ko\u017ea\"}]},{\"@type\":\"WebSite\",\"@id\":\"https:\\\/\\\/chiara-design.com\\\/#website\",\"url\":\"https:\\\/\\\/chiara-design.com\\\/\",\"name\":\"Chiara Design\",\"description\":\"Tw\u00f3j ulubiony sklep online z torebkami.\",\"publisher\":{\"@id\":\"https:\\\/\\\/chiara-design.com\\\/#organization\"},\"potentialAction\":[{\"@type\":\"SearchAction\",\"target\":{\"@type\":\"EntryPoint\",\"urlTemplate\":\"https:\\\/\\\/chiara-design.com\\\/?s={search_term_string}\"},\"query-input\":{\"@type\":\"PropertyValueSpecification\",\"valueRequired\":true,\"valueName\":\"search_term_string\"}}],\"inLanguage\":\"sk-SK\"},{\"@type\":\"Organization\",\"@id\":\"https:\\\/\\\/chiara-design.com\\\/#organization\",\"name\":\"Chiara Design\",\"url\":\"https:\\\/\\\/chiara-design.com\\\/\",\"logo\":{\"@type\":\"ImageObject\",\"inLanguage\":\"sk-SK\",\"@id\":\"https:\\\/\\\/chiara-design.com\\\/#\\\/schema\\\/logo\\\/image\\\/\",\"url\":\"https:\\\/\\\/chiara-design.com\\\/wp-content\\\/uploads\\\/2024\\\/09\\\/CHIARA-DESIGN-LOGO.png\",\"contentUrl\":\"https:\\\/\\\/chiara-design.com\\\/wp-content\\\/uploads\\\/2024\\\/09\\\/CHIARA-DESIGN-LOGO.png\",\"width\":500,\"height\":158,\"caption\":\"Chiara Design\"},\"image\":{\"@id\":\"https:\\\/\\\/chiara-design.com\\\/#\\\/schema\\\/logo\\\/image\\\/\"},\"sameAs\":[\"https:\\\/\\\/www.facebook.com\\\/ChiaraDesignPL\",\"https:\\\/\\\/www.instagram.com\\\/chiara_design_\\\/\"]}]}<\/script>\n<!-- \/ Yoast SEO plugin. -->","yoast_head_json":{"title":"Kabelka Chiara Ilia \u010cierna \u2013 Elegancia a Modern\u00fd \u0160t\u00fdl","description":"Kabelka Chiara Ilia \u010cierna \u2013 luxusn\u00e1 ko\u017een\u00e1 kabelka s reli\u00e9fom krokod\u00edlej ko\u017ee, nastavite\u013en\u00fdm popruhom a funk\u010dn\u00fdm vn\u00fatrom.","robots":{"index":"index","follow":"follow","max-snippet":"max-snippet:-1","max-image-preview":"max-image-preview:large","max-video-preview":"max-video-preview:-1"},"canonical":"https:\/\/chiara-design.com\/sk\/produkt\/kabelka-chiara-ilia-cierna-prirodna-koza\/","og_locale":"sk_SK","og_type":"article","og_title":"Kabelka Chiara Ilia \u010cierna \u2013 Elegancia a Modern\u00fd \u0160t\u00fdl","og_description":"Kabelka Chiara Ilia \u010cierna \u2013 luxusn\u00e1 ko\u017een\u00e1 kabelka s reli\u00e9fom krokod\u00edlej ko\u017ee, nastavite\u013en\u00fdm popruhom a funk\u010dn\u00fdm vn\u00fatrom.","og_url":"https:\/\/chiara-design.com\/sk\/produkt\/kabelka-chiara-ilia-cierna-prirodna-koza\/","og_site_name":"Chiara Design","article_publisher":"https:\/\/www.facebook.com\/ChiaraDesignPL","article_modified_time":"2025-09-23T09:50:01+00:00","og_image":[{"width":1200,"height":1500,"url":"https:\/\/chiara-design.com\/wp-content\/uploads\/2025\/03\/Ilia-Czarna-scaled-e1740957925218.webp","type":"image\/webp"}],"twitter_card":"summary_large_image","twitter_misc":{"Predpokladan\u00fd \u010das \u010d\u00edtania":"3 min\u00faty"},"schema":{"@context":"https:\/\/schema.org","@graph":[{"@type":"WebPage","@id":"https:\/\/chiara-design.com\/sk\/produkt\/kabelka-chiara-ilia-cierna-prirodna-koza\/","url":"https:\/\/chiara-design.com\/sk\/produkt\/kabelka-chiara-ilia-cierna-prirodna-koza\/","name":"Kabelka Chiara Ilia \u010cierna \u2013 Elegancia a Modern\u00fd \u0160t\u00fdl","isPartOf":{"@id":"https:\/\/chiara-design.com\/#website"},"primaryImageOfPage":{"@id":"https:\/\/chiara-design.com\/sk\/produkt\/kabelka-chiara-ilia-cierna-prirodna-koza\/#primaryimage"},"image":{"@id":"https:\/\/chiara-design.com\/sk\/produkt\/kabelka-chiara-ilia-cierna-prirodna-koza\/#primaryimage"},"thumbnailUrl":"https:\/\/chiara-design.com\/wp-content\/uploads\/2025\/03\/Ilia-Czarna-scaled-e1740957925218.webp","datePublished":"2025-02-17T23:48:26+00:00","dateModified":"2025-09-23T09:50:01+00:00","description":"Kabelka Chiara Ilia \u010cierna \u2013 luxusn\u00e1 ko\u017een\u00e1 kabelka s reli\u00e9fom krokod\u00edlej ko\u017ee, nastavite\u013en\u00fdm popruhom a funk\u010dn\u00fdm vn\u00fatrom.","breadcrumb":{"@id":"https:\/\/chiara-design.com\/sk\/produkt\/kabelka-chiara-ilia-cierna-prirodna-koza\/#breadcrumb"},"inLanguage":"sk-SK","potentialAction":[{"@type":"ReadAction","target":["https:\/\/chiara-design.com\/sk\/produkt\/kabelka-chiara-ilia-cierna-prirodna-koza\/"]}]},{"@type":"ImageObject","inLanguage":"sk-SK","@id":"https:\/\/chiara-design.com\/sk\/produkt\/kabelka-chiara-ilia-cierna-prirodna-koza\/#primaryimage","url":"https:\/\/chiara-design.com\/wp-content\/uploads\/2025\/03\/Ilia-Czarna-scaled-e1740957925218.webp","contentUrl":"https:\/\/chiara-design.com\/wp-content\/uploads\/2025\/03\/Ilia-Czarna-scaled-e1740957925218.webp","width":1200,"height":1500},{"@type":"BreadcrumbList","@id":"https:\/\/chiara-design.com\/sk\/produkt\/kabelka-chiara-ilia-cierna-prirodna-koza\/#breadcrumb","itemListElement":[{"@type":"ListItem","position":1,"name":"Home","item":"https:\/\/chiara-design.com\/sk\/damske-kabelky-chiara-design\/"},{"@type":"ListItem","position":2,"name":"Obchod","item":"https:\/\/chiara-design.com\/sklep\/"},{"@type":"ListItem","position":3,"name":"Kabelka Chiara Ilia \u010cierna Pr\u00edrodn\u00e1 Ko\u017ea"}]},{"@type":"WebSite","@id":"https:\/\/chiara-design.com\/#website","url":"https:\/\/chiara-design.com\/","name":"Chiara Design","description":"Tw\u00f3j ulubiony sklep online z torebkami.","publisher":{"@id":"https:\/\/chiara-design.com\/#organization"},"potentialAction":[{"@type":"SearchAction","target":{"@type":"EntryPoint","urlTemplate":"https:\/\/chiara-design.com\/?s={search_term_string}"},"query-input":{"@type":"PropertyValueSpecification","valueRequired":true,"valueName":"search_term_string"}}],"inLanguage":"sk-SK"},{"@type":"Organization","@id":"https:\/\/chiara-design.com\/#organization","name":"Chiara Design","url":"https:\/\/chiara-design.com\/","logo":{"@type":"ImageObject","inLanguage":"sk-SK","@id":"https:\/\/chiara-design.com\/#\/schema\/logo\/image\/","url":"https:\/\/chiara-design.com\/wp-content\/uploads\/2024\/09\/CHIARA-DESIGN-LOGO.png","contentUrl":"https:\/\/chiara-design.com\/wp-content\/uploads\/2024\/09\/CHIARA-DESIGN-LOGO.png","width":500,"height":158,"caption":"Chiara Design"},"image":{"@id":"https:\/\/chiara-design.com\/#\/schema\/logo\/image\/"},"sameAs":["https:\/\/www.facebook.com\/ChiaraDesignPL","https:\/\/www.instagram.com\/chiara_design_\/"]}]}},"jetpack_sharing_enabled":true,"_links":{"self":[{"href":"https:\/\/chiara-design.com\/sk\/wp-json\/wp\/v2\/product\/60883","targetHints":{"allow":["GET"]}}],"collection":[{"href":"https:\/\/chiara-design.com\/sk\/wp-json\/wp\/v2\/product"}],"about":[{"href":"https:\/\/chiara-design.com\/sk\/wp-json\/wp\/v2\/types\/product"}],"replies":[{"embeddable":true,"href":"https:\/\/chiara-design.com\/sk\/wp-json\/wp\/v2\/comments?post=60883"}],"wp:featuredmedia":[{"embeddable":true,"href":"https:\/\/chiara-design.com\/sk\/wp-json\/wp\/v2\/media\/59159"}],"wp:attachment":[{"href":"https:\/\/chiara-design.com\/sk\/wp-json\/wp\/v2\/media?parent=60883"}],"wp:term":[{"taxonomy":"product_brand","embeddable":true,"href":"https:\/\/chiara-design.com\/sk\/wp-json\/wp\/v2\/product_brand?post=60883"},{"taxonomy":"product_cat","embeddable":true,"href":"https:\/\/chiara-design.com\/sk\/wp-json\/wp\/v2\/product_cat?post=60883"},{"taxonomy":"product_tag","embeddable":true,"href":"https:\/\/chiara-design.com\/sk\/wp-json\/wp\/v2\/product_tag?post=60883"}],"curies":[{"name":"wp","href":"https:\/\/api.w.org\/{rel}","templated":true}]}}