{"id":60879,"date":"2025-02-18T00:48:30","date_gmt":"2025-02-17T23:48:30","guid":{"rendered":"https:\/\/chiara-design.com\/product\/kabelka-chiara-nesca-cierna-croko-prirodna-koza-strieborne-kovanie\/"},"modified":"2025-09-23T11:50:00","modified_gmt":"2025-09-23T09:50:00","slug":"kabelka-chiara-nesca-cierna-croko-prirodna-koza-strieborne-kovanie","status":"publish","type":"product","link":"https:\/\/chiara-design.com\/sk\/produkt\/kabelka-chiara-nesca-cierna-croko-prirodna-koza-strieborne-kovanie\/","title":{"rendered":"Kabelka Chiara Nesca \u010cierna Croko Pr\u00edrodn\u00e1 Ko\u017ea Strieborn\u00e9 Kovanie"},"content":{"rendered":"<p>&lt;h2&gt;Kabelka Chiara Nesca \u010cierna \u2013 Luxus a Elegancia&lt;\/h2&gt;<br \/>\nKabelka Chiara Nesca \u010cierna je dokonal\u00fdm spojen\u00edm klasiky a modern\u00e9ho dizajnu. Vyroben\u00e1 z pr\u00edrodnej ko\u017ee imituj\u00facej krokod\u00edliu ko\u017eu, p\u00f4sob\u00ed mimoriadne \u0161t\u00fdlovo a exkluz\u00edvne. Strieborn\u00e9 kovanie jej dod\u00e1va jemn\u00fd lesk, \u010do pod\u010diarkuje unik\u00e1tny charakter tohto modelu a dod\u00e1va mu nad\u010dasov\u00fd \u0161t\u00fdl. V\u010faka tomu sa kabelka Nesca stane jedine\u010dn\u00fdm prvkom ka\u017ed\u00e9ho \u0161atn\u00edka.<br \/>\n&lt;h3&gt;Spojenie Triedy a \u0160t\u00fdlu&lt;\/h3&gt;<br \/>\nChiara Design vytvorila kabelku, ktor\u00e1 sa dokonale hod\u00ed k najnov\u0161\u00edm trendom a z\u00e1rove\u0148 zost\u00e1va vern\u00e1 klasick\u00fdm vzorom. Reli\u00e9f imituj\u00faci krokod\u00edliu ko\u017eu dod\u00e1va luxusn\u00fd akcent a \u010dierna farba rob\u00ed tento model mimoriadne univerz\u00e1lnym. Navy\u0161e, strieborn\u00e9 detaily dokonale kontrastuj\u00fa s tmav\u00fdm pozad\u00edm, pod\u010diarkuj\u00fac eleganciu a sofistikovanos\u0165.<br \/>\n&lt;h3&gt;Funk\u010dnos\u0165 na Ka\u017ed\u00fd De\u0148&lt;\/h3&gt;<br \/>\nKabelka Nesca nie je len \u0161t\u00fdlov\u00fdm doplnkom, ale aj funk\u010dn\u00fdm pr\u00edslu\u0161enstvom. Vn\u00fatro bolo navrhnut\u00e9 s oh\u013eadom na pohodlie pou\u017e\u00edvate\u013eky. N\u00e1jdete tam \u010fal\u0161ie vreck\u00e1, ktor\u00e9 u\u013eah\u010duj\u00fa organiz\u00e1ciu najpotrebnej\u0161\u00edch predmetov, ako s\u00fa k\u013e\u00fa\u010de, telef\u00f3n alebo kozmetika. Navy\u0161e, na zadnej strane kabelky je umiestnen\u00e9 bezpe\u010dn\u00e9 vrecko uzatv\u00e1rate\u013en\u00e9 na zips, ide\u00e1lne na uchov\u00e1vanie cenn\u00fdch vec\u00ed. Dodato\u010dne, firemn\u00fd dar\u010dek \u2013 zrkadielko v tvare srdca \u2013 je o\u010daruj\u00facim akcentom, ktor\u00fd dod\u00e1va modelu jedine\u010dn\u00fd \u0161arm.<br \/>\n&lt;h3&gt;Doplnok na Ka\u017ed\u00fa Pr\u00edle\u017eitos\u0165&lt;\/h3&gt;<br \/>\nKabelka Nesca \u010cierna je ponukou, ktor\u00e1 sa osved\u010d\u00ed ako v ka\u017edodenn\u00fdch outfitoch, tak aj po\u010das form\u00e1lnej\u0161\u00edch pr\u00edle\u017eitost\u00ed. Jej elegantn\u00fd dizajn dokonale dopln\u00ed klasick\u00e9 outfity, ale rovnako dobre posl\u00fa\u017ei ako v\u00fdrazn\u00fd akcent k le\u017e\u00e9rnym s\u00faprav\u00e1m. Preto bez oh\u013eadu na situ\u00e1ciu t\u00e1to kabelka dod\u00e1 va\u0161im outfitom triedu a jedine\u010dn\u00fd charakter.<br \/>\n&lt;h3&gt;V\u00e1\u0161 Jedine\u010dn\u00fd \u0160t\u00fdl&lt;\/h3&gt;<br \/>\nKabelka Chiara Nesca \u010cierna Croko je model, ktor\u00fd sa vyzna\u010duje vysokou kvalitou spracovania, luxusn\u00fdm vzh\u013eadom a praktick\u00fdmi rie\u0161eniami. Vyberte si t\u00fato kabelku, aby ste pod\u010diarkli svoju sebad\u00f4veru a jedine\u010dn\u00fd vkus. V\u010faka nej z\u00edska ka\u017ed\u00fd outfit luxusn\u00fd lesk.<br \/>\n&lt;h3&gt;Unik\u00e1tny charakter&lt;\/h3&gt;<br \/>\nKabelky z kolekcie croko s\u00fa vyroben\u00e9 z vysokokvalitnej pr\u00edrodnej ko\u017ee, ktorej text\u00fara bola prec\u00edzne napodoben\u00e1 tak, aby imitovala krokod\u00edliu ko\u017eu. Vzh\u013eadom na prirodzenos\u0165 materi\u00e1lu sa ka\u017ed\u00e1 kabelka m\u00f4\u017ee mierne l\u00ed\u0161i\u0165 v text\u00fare od tej na fotke, \u010do ka\u017edej z nich dod\u00e1va unik\u00e1tny charakter.<\/p>\n<p>Model: SK772 BIS NESCA<\/p>\n","protected":false},"excerpt":{"rendered":"<p>Kabelka Chiara Nesca \u010cierna \u2013 elegantn\u00e1 ko\u017een\u00e1 kabelka s croko reli\u00e9fom, strieborn\u00fdm kovan\u00edm a praktick\u00fdm vn\u00fatrom.<\/p>\n","protected":false},"featured_media":58047,"comment_status":"open","ping_status":"closed","template":"","meta":[],"product_brand":[],"product_cat":[710,661],"product_tag":[636,638,730,641,799,712,713,691,711,637],"class_list":{"0":"post-60879","1":"product","2":"type-product","3":"status-publish","4":"has-post-thumbnail","6":"product_cat-kabelky-do-ruky","7":"product_cat-klasicke","8":"product_tag-chiara-sk","9":"product_tag-chiara-premium-sk","10":"product_tag-cierna-kabelka-sk","11":"product_tag-kabelka-chiara","12":"product_tag-kabelka-croko","13":"product_tag-kabelka-na-kazdy-den","14":"product_tag-kabelka-nesca","15":"product_tag-klasicka","16":"product_tag-kufrik","17":"product_tag-prirodna-koza","19":"first","20":"instock","21":"shipping-taxable","22":"purchasable","23":"product-type-simple"},"yoast_head":"<!-- This site is optimized with the Yoast SEO plugin v27.4 - https:\/\/yoast.com\/product\/yoast-seo-wordpress\/ -->\n<title>Kabelka Chiara Nesca \u010cierna \u2013 Croko Dizajn a Strieborn\u00e9 Detaily<\/title>\n<meta name=\"description\" content=\"Kabelka Chiara Nesca \u010cierna \u2013 luxusn\u00e1 ko\u017een\u00e1 kabelka s croko reli\u00e9fom, strieborn\u00fdm kovan\u00edm a funk\u010dn\u00fdm vn\u00fatrom.\" \/>\n<meta name=\"robots\" content=\"index, follow, max-snippet:-1, max-image-preview:large, max-video-preview:-1\" \/>\n<link rel=\"canonical\" href=\"https:\/\/chiara-design.com\/sk\/produkt\/kabelka-chiara-nesca-cierna-croko-prirodna-koza-strieborne-kovanie\/\" \/>\n<meta property=\"og:locale\" content=\"sk_SK\" \/>\n<meta property=\"og:type\" content=\"article\" \/>\n<meta property=\"og:title\" content=\"Kabelka Chiara Nesca \u010cierna \u2013 Croko Dizajn a Strieborn\u00e9 Detaily\" \/>\n<meta property=\"og:description\" content=\"Kabelka Chiara Nesca \u010cierna \u2013 luxusn\u00e1 ko\u017een\u00e1 kabelka s croko reli\u00e9fom, strieborn\u00fdm kovan\u00edm a funk\u010dn\u00fdm vn\u00fatrom.\" \/>\n<meta property=\"og:url\" content=\"https:\/\/chiara-design.com\/sk\/produkt\/kabelka-chiara-nesca-cierna-croko-prirodna-koza-strieborne-kovanie\/\" \/>\n<meta property=\"og:site_name\" content=\"Chiara Design\" \/>\n<meta property=\"article:publisher\" content=\"https:\/\/www.facebook.com\/ChiaraDesignPL\" \/>\n<meta property=\"article:modified_time\" content=\"2025-09-23T09:50:00+00:00\" \/>\n<meta property=\"og:image\" content=\"https:\/\/chiara-design.com\/wp-content\/uploads\/2025\/02\/K772-BIS-nesca-czarna.webp\" \/>\n\t<meta property=\"og:image:width\" content=\"1200\" \/>\n\t<meta property=\"og:image:height\" content=\"1500\" \/>\n\t<meta property=\"og:image:type\" content=\"image\/webp\" \/>\n<meta name=\"twitter:card\" content=\"summary_large_image\" \/>\n<meta name=\"twitter:label1\" content=\"Predpokladan\u00fd \u010das \u010d\u00edtania\" \/>\n\t<meta name=\"twitter:data1\" content=\"2 min\u00faty\" \/>\n<script type=\"application\/ld+json\" class=\"yoast-schema-graph\">{\"@context\":\"https:\\\/\\\/schema.org\",\"@graph\":[{\"@type\":\"WebPage\",\"@id\":\"https:\\\/\\\/chiara-design.com\\\/sk\\\/produkt\\\/kabelka-chiara-nesca-cierna-croko-prirodna-koza-strieborne-kovanie\\\/\",\"url\":\"https:\\\/\\\/chiara-design.com\\\/sk\\\/produkt\\\/kabelka-chiara-nesca-cierna-croko-prirodna-koza-strieborne-kovanie\\\/\",\"name\":\"Kabelka Chiara Nesca \u010cierna \u2013 Croko Dizajn a Strieborn\u00e9 Detaily\",\"isPartOf\":{\"@id\":\"https:\\\/\\\/chiara-design.com\\\/#website\"},\"primaryImageOfPage\":{\"@id\":\"https:\\\/\\\/chiara-design.com\\\/sk\\\/produkt\\\/kabelka-chiara-nesca-cierna-croko-prirodna-koza-strieborne-kovanie\\\/#primaryimage\"},\"image\":{\"@id\":\"https:\\\/\\\/chiara-design.com\\\/sk\\\/produkt\\\/kabelka-chiara-nesca-cierna-croko-prirodna-koza-strieborne-kovanie\\\/#primaryimage\"},\"thumbnailUrl\":\"https:\\\/\\\/chiara-design.com\\\/wp-content\\\/uploads\\\/2024\\\/10\\\/SK-772-BIS-NESCA-CZARNY-MAT-SREBRO_2.jpg\",\"datePublished\":\"2025-02-17T23:48:30+00:00\",\"dateModified\":\"2025-09-23T09:50:00+00:00\",\"description\":\"Kabelka Chiara Nesca \u010cierna \u2013 luxusn\u00e1 ko\u017een\u00e1 kabelka s croko reli\u00e9fom, strieborn\u00fdm kovan\u00edm a funk\u010dn\u00fdm vn\u00fatrom.\",\"breadcrumb\":{\"@id\":\"https:\\\/\\\/chiara-design.com\\\/sk\\\/produkt\\\/kabelka-chiara-nesca-cierna-croko-prirodna-koza-strieborne-kovanie\\\/#breadcrumb\"},\"inLanguage\":\"sk-SK\",\"potentialAction\":[{\"@type\":\"ReadAction\",\"target\":[\"https:\\\/\\\/chiara-design.com\\\/sk\\\/produkt\\\/kabelka-chiara-nesca-cierna-croko-prirodna-koza-strieborne-kovanie\\\/\"]}]},{\"@type\":\"ImageObject\",\"inLanguage\":\"sk-SK\",\"@id\":\"https:\\\/\\\/chiara-design.com\\\/sk\\\/produkt\\\/kabelka-chiara-nesca-cierna-croko-prirodna-koza-strieborne-kovanie\\\/#primaryimage\",\"url\":\"https:\\\/\\\/chiara-design.com\\\/wp-content\\\/uploads\\\/2024\\\/10\\\/SK-772-BIS-NESCA-CZARNY-MAT-SREBRO_2.jpg\",\"contentUrl\":\"https:\\\/\\\/chiara-design.com\\\/wp-content\\\/uploads\\\/2024\\\/10\\\/SK-772-BIS-NESCA-CZARNY-MAT-SREBRO_2.jpg\",\"width\":1900,\"height\":2492},{\"@type\":\"BreadcrumbList\",\"@id\":\"https:\\\/\\\/chiara-design.com\\\/sk\\\/produkt\\\/kabelka-chiara-nesca-cierna-croko-prirodna-koza-strieborne-kovanie\\\/#breadcrumb\",\"itemListElement\":[{\"@type\":\"ListItem\",\"position\":1,\"name\":\"Home\",\"item\":\"https:\\\/\\\/chiara-design.com\\\/sk\\\/damske-kabelky-chiara-design\\\/\"},{\"@type\":\"ListItem\",\"position\":2,\"name\":\"Obchod\",\"item\":\"https:\\\/\\\/chiara-design.com\\\/sklep\\\/\"},{\"@type\":\"ListItem\",\"position\":3,\"name\":\"Kabelka Chiara Nesca \u010cierna Croko Pr\u00edrodn\u00e1 Ko\u017ea Strieborn\u00e9 Kovanie\"}]},{\"@type\":\"WebSite\",\"@id\":\"https:\\\/\\\/chiara-design.com\\\/#website\",\"url\":\"https:\\\/\\\/chiara-design.com\\\/\",\"name\":\"Chiara Design\",\"description\":\"Tw\u00f3j ulubiony sklep online z torebkami.\",\"publisher\":{\"@id\":\"https:\\\/\\\/chiara-design.com\\\/#organization\"},\"potentialAction\":[{\"@type\":\"SearchAction\",\"target\":{\"@type\":\"EntryPoint\",\"urlTemplate\":\"https:\\\/\\\/chiara-design.com\\\/?s={search_term_string}\"},\"query-input\":{\"@type\":\"PropertyValueSpecification\",\"valueRequired\":true,\"valueName\":\"search_term_string\"}}],\"inLanguage\":\"sk-SK\"},{\"@type\":\"Organization\",\"@id\":\"https:\\\/\\\/chiara-design.com\\\/#organization\",\"name\":\"Chiara Design\",\"url\":\"https:\\\/\\\/chiara-design.com\\\/\",\"logo\":{\"@type\":\"ImageObject\",\"inLanguage\":\"sk-SK\",\"@id\":\"https:\\\/\\\/chiara-design.com\\\/#\\\/schema\\\/logo\\\/image\\\/\",\"url\":\"https:\\\/\\\/chiara-design.com\\\/wp-content\\\/uploads\\\/2024\\\/09\\\/CHIARA-DESIGN-LOGO.png\",\"contentUrl\":\"https:\\\/\\\/chiara-design.com\\\/wp-content\\\/uploads\\\/2024\\\/09\\\/CHIARA-DESIGN-LOGO.png\",\"width\":500,\"height\":158,\"caption\":\"Chiara Design\"},\"image\":{\"@id\":\"https:\\\/\\\/chiara-design.com\\\/#\\\/schema\\\/logo\\\/image\\\/\"},\"sameAs\":[\"https:\\\/\\\/www.facebook.com\\\/ChiaraDesignPL\",\"https:\\\/\\\/www.instagram.com\\\/chiara_design_\\\/\"]}]}<\/script>\n<!-- \/ Yoast SEO plugin. -->","yoast_head_json":{"title":"Kabelka Chiara Nesca \u010cierna \u2013 Croko Dizajn a Strieborn\u00e9 Detaily","description":"Kabelka Chiara Nesca \u010cierna \u2013 luxusn\u00e1 ko\u017een\u00e1 kabelka s croko reli\u00e9fom, strieborn\u00fdm kovan\u00edm a funk\u010dn\u00fdm vn\u00fatrom.","robots":{"index":"index","follow":"follow","max-snippet":"max-snippet:-1","max-image-preview":"max-image-preview:large","max-video-preview":"max-video-preview:-1"},"canonical":"https:\/\/chiara-design.com\/sk\/produkt\/kabelka-chiara-nesca-cierna-croko-prirodna-koza-strieborne-kovanie\/","og_locale":"sk_SK","og_type":"article","og_title":"Kabelka Chiara Nesca \u010cierna \u2013 Croko Dizajn a Strieborn\u00e9 Detaily","og_description":"Kabelka Chiara Nesca \u010cierna \u2013 luxusn\u00e1 ko\u017een\u00e1 kabelka s croko reli\u00e9fom, strieborn\u00fdm kovan\u00edm a funk\u010dn\u00fdm vn\u00fatrom.","og_url":"https:\/\/chiara-design.com\/sk\/produkt\/kabelka-chiara-nesca-cierna-croko-prirodna-koza-strieborne-kovanie\/","og_site_name":"Chiara Design","article_publisher":"https:\/\/www.facebook.com\/ChiaraDesignPL","article_modified_time":"2025-09-23T09:50:00+00:00","og_image":[{"width":1200,"height":1500,"url":"https:\/\/chiara-design.com\/wp-content\/uploads\/2025\/02\/K772-BIS-nesca-czarna.webp","type":"image\/webp"}],"twitter_card":"summary_large_image","twitter_misc":{"Predpokladan\u00fd \u010das \u010d\u00edtania":"2 min\u00faty"},"schema":{"@context":"https:\/\/schema.org","@graph":[{"@type":"WebPage","@id":"https:\/\/chiara-design.com\/sk\/produkt\/kabelka-chiara-nesca-cierna-croko-prirodna-koza-strieborne-kovanie\/","url":"https:\/\/chiara-design.com\/sk\/produkt\/kabelka-chiara-nesca-cierna-croko-prirodna-koza-strieborne-kovanie\/","name":"Kabelka Chiara Nesca \u010cierna \u2013 Croko Dizajn a Strieborn\u00e9 Detaily","isPartOf":{"@id":"https:\/\/chiara-design.com\/#website"},"primaryImageOfPage":{"@id":"https:\/\/chiara-design.com\/sk\/produkt\/kabelka-chiara-nesca-cierna-croko-prirodna-koza-strieborne-kovanie\/#primaryimage"},"image":{"@id":"https:\/\/chiara-design.com\/sk\/produkt\/kabelka-chiara-nesca-cierna-croko-prirodna-koza-strieborne-kovanie\/#primaryimage"},"thumbnailUrl":"https:\/\/chiara-design.com\/wp-content\/uploads\/2024\/10\/SK-772-BIS-NESCA-CZARNY-MAT-SREBRO_2.jpg","datePublished":"2025-02-17T23:48:30+00:00","dateModified":"2025-09-23T09:50:00+00:00","description":"Kabelka Chiara Nesca \u010cierna \u2013 luxusn\u00e1 ko\u017een\u00e1 kabelka s croko reli\u00e9fom, strieborn\u00fdm kovan\u00edm a funk\u010dn\u00fdm vn\u00fatrom.","breadcrumb":{"@id":"https:\/\/chiara-design.com\/sk\/produkt\/kabelka-chiara-nesca-cierna-croko-prirodna-koza-strieborne-kovanie\/#breadcrumb"},"inLanguage":"sk-SK","potentialAction":[{"@type":"ReadAction","target":["https:\/\/chiara-design.com\/sk\/produkt\/kabelka-chiara-nesca-cierna-croko-prirodna-koza-strieborne-kovanie\/"]}]},{"@type":"ImageObject","inLanguage":"sk-SK","@id":"https:\/\/chiara-design.com\/sk\/produkt\/kabelka-chiara-nesca-cierna-croko-prirodna-koza-strieborne-kovanie\/#primaryimage","url":"https:\/\/chiara-design.com\/wp-content\/uploads\/2024\/10\/SK-772-BIS-NESCA-CZARNY-MAT-SREBRO_2.jpg","contentUrl":"https:\/\/chiara-design.com\/wp-content\/uploads\/2024\/10\/SK-772-BIS-NESCA-CZARNY-MAT-SREBRO_2.jpg","width":1900,"height":2492},{"@type":"BreadcrumbList","@id":"https:\/\/chiara-design.com\/sk\/produkt\/kabelka-chiara-nesca-cierna-croko-prirodna-koza-strieborne-kovanie\/#breadcrumb","itemListElement":[{"@type":"ListItem","position":1,"name":"Home","item":"https:\/\/chiara-design.com\/sk\/damske-kabelky-chiara-design\/"},{"@type":"ListItem","position":2,"name":"Obchod","item":"https:\/\/chiara-design.com\/sklep\/"},{"@type":"ListItem","position":3,"name":"Kabelka Chiara Nesca \u010cierna Croko Pr\u00edrodn\u00e1 Ko\u017ea Strieborn\u00e9 Kovanie"}]},{"@type":"WebSite","@id":"https:\/\/chiara-design.com\/#website","url":"https:\/\/chiara-design.com\/","name":"Chiara Design","description":"Tw\u00f3j ulubiony sklep online z torebkami.","publisher":{"@id":"https:\/\/chiara-design.com\/#organization"},"potentialAction":[{"@type":"SearchAction","target":{"@type":"EntryPoint","urlTemplate":"https:\/\/chiara-design.com\/?s={search_term_string}"},"query-input":{"@type":"PropertyValueSpecification","valueRequired":true,"valueName":"search_term_string"}}],"inLanguage":"sk-SK"},{"@type":"Organization","@id":"https:\/\/chiara-design.com\/#organization","name":"Chiara Design","url":"https:\/\/chiara-design.com\/","logo":{"@type":"ImageObject","inLanguage":"sk-SK","@id":"https:\/\/chiara-design.com\/#\/schema\/logo\/image\/","url":"https:\/\/chiara-design.com\/wp-content\/uploads\/2024\/09\/CHIARA-DESIGN-LOGO.png","contentUrl":"https:\/\/chiara-design.com\/wp-content\/uploads\/2024\/09\/CHIARA-DESIGN-LOGO.png","width":500,"height":158,"caption":"Chiara Design"},"image":{"@id":"https:\/\/chiara-design.com\/#\/schema\/logo\/image\/"},"sameAs":["https:\/\/www.facebook.com\/ChiaraDesignPL","https:\/\/www.instagram.com\/chiara_design_\/"]}]}},"jetpack_sharing_enabled":true,"_links":{"self":[{"href":"https:\/\/chiara-design.com\/sk\/wp-json\/wp\/v2\/product\/60879","targetHints":{"allow":["GET"]}}],"collection":[{"href":"https:\/\/chiara-design.com\/sk\/wp-json\/wp\/v2\/product"}],"about":[{"href":"https:\/\/chiara-design.com\/sk\/wp-json\/wp\/v2\/types\/product"}],"replies":[{"embeddable":true,"href":"https:\/\/chiara-design.com\/sk\/wp-json\/wp\/v2\/comments?post=60879"}],"wp:featuredmedia":[{"embeddable":true,"href":"https:\/\/chiara-design.com\/sk\/wp-json\/wp\/v2\/media\/58047"}],"wp:attachment":[{"href":"https:\/\/chiara-design.com\/sk\/wp-json\/wp\/v2\/media?parent=60879"}],"wp:term":[{"taxonomy":"product_brand","embeddable":true,"href":"https:\/\/chiara-design.com\/sk\/wp-json\/wp\/v2\/product_brand?post=60879"},{"taxonomy":"product_cat","embeddable":true,"href":"https:\/\/chiara-design.com\/sk\/wp-json\/wp\/v2\/product_cat?post=60879"},{"taxonomy":"product_tag","embeddable":true,"href":"https:\/\/chiara-design.com\/sk\/wp-json\/wp\/v2\/product_tag?post=60879"}],"curies":[{"name":"wp","href":"https:\/\/api.w.org\/{rel}","templated":true}]}}