{"id":60870,"date":"2025-02-18T00:48:37","date_gmt":"2025-02-17T23:48:37","guid":{"rendered":"https:\/\/chiara-design.com\/product\/kabelka-chiara-saba-cierna-kabelka-z-prirodnej-koze\/"},"modified":"2025-09-23T11:49:58","modified_gmt":"2025-09-23T09:49:58","slug":"kabelka-chiara-saba-cierna-kabelka-z-prirodnej-koze","status":"publish","type":"product","link":"https:\/\/chiara-design.com\/sk\/produkt\/kabelka-chiara-saba-cierna-kabelka-z-prirodnej-koze\/","title":{"rendered":"Kabelka Chiara Saba \u2013 \u010cierna Kabelka z Pr\u00edrodnej Ko\u017ee"},"content":{"rendered":"<p>&lt;h2&gt;Exkluz\u00edvny dizajn pre modern\u00e9 \u017eeny&lt;\/h2&gt;<br \/>\n&lt;strong&gt;Kabelka Chiara Saba \u010cierna&lt;\/strong&gt; je neopakovate\u013en\u00fd doplnok, ktor\u00fd pod\u010diarkne v\u00e1\u0161 jedine\u010dn\u00fd \u0161t\u00fdl. Vyroben\u00e1 z &lt;strong&gt;pr\u00edrodnej ko\u017ee s reli\u00e9fom krokod\u00edlej ko\u017ee&lt;\/strong&gt;, o\u010dar\u00ed unik\u00e1tnym vzorom a luxusnou text\u00farou. &lt;strong&gt;Preto&lt;\/strong&gt;, ak h\u013ead\u00e1te kabelku, ktor\u00e1 dod\u00e1 eleganciu ka\u017ed\u00e9mu outfitu, tento model bude ide\u00e1lnou vo\u013ebou. &lt;strong&gt;Navy\u0161e&lt;\/strong&gt;, jej kompaktn\u00fd form\u00e1t A5 ju rob\u00ed pohodlnou a z\u00e1rove\u0148 ve\u013emi funk\u010dnou.<br \/>\n&lt;h2&gt;Funk\u010dnos\u0165 a pohodlie pri nosen\u00ed&lt;\/h2&gt;<br \/>\nModel Saba je viac ne\u017e len klasick\u00e1 kabelka \u2013 je to praktick\u00fd doplnok prisp\u00f4soben\u00fd va\u0161im potreb\u00e1m. &lt;strong&gt;Po prv\u00e9&lt;\/strong&gt;, kr\u00e1tku r\u00fa\u010dku mo\u017eno \u013eahko odopn\u00fa\u0165, &lt;strong&gt;okrem toho&lt;\/strong&gt; elegantn\u00e1 zlat\u00e1 retiazka pln\u00ed dekorat\u00edvnu aj praktick\u00fa funkciu a umo\u017e\u0148uje pohodln\u00e9 nosenie kabelky. &lt;strong&gt;\u010co je d\u00f4le\u017eit\u00e9&lt;\/strong&gt;, s\u00fa\u010das\u0165ou s\u00fapravy je aj nastavite\u013en\u00fd &lt;strong&gt;klasick\u00fd popruh&lt;\/strong&gt;, v\u010faka ktor\u00e9mu ju m\u00f4\u017eete nosi\u0165 v ruke, na ramene alebo ako crossbody.<br \/>\n&lt;h2&gt;Premyslen\u00e1 organiz\u00e1cia vn\u00fatra&lt;\/h2&gt;<br \/>\n&lt;strong&gt;Dvojkomorov\u00e1 kon\u0161trukcia&lt;\/strong&gt; zais\u0165uje pohodlie a poriadok. &lt;strong&gt;Jedna z kom\u00f4r&lt;\/strong&gt; je uzatv\u00e1rate\u013en\u00e1 na zips, &lt;strong&gt;zatia\u013e \u010do&lt;\/strong&gt; druh\u00e1 na magnet, \u010do u\u013eah\u010duje r\u00fdchly pr\u00edstup k najpotrebnej\u0161\u00edm veciam. &lt;strong&gt;Navy\u0161e&lt;\/strong&gt;, vo vn\u00fatri sa nach\u00e1dzaj\u00fa \u010fal\u0161ie &lt;strong&gt;vreck\u00e1&lt;\/strong&gt; na drobnosti a kozmetiku a &lt;strong&gt;vonkaj\u0161ie vrecko&lt;\/strong&gt; umo\u017e\u0148uje r\u00fdchle siahnutie po k\u013e\u00fa\u010doch alebo telef\u00f3ne. &lt;strong&gt;V\u010faka tomu&lt;\/strong&gt; budete ma\u0165 v\u0161etky svoje veci v\u017edy po ruke.<br \/>\n&lt;h2&gt;Detaily, ktor\u00e9 robia rozdiel&lt;\/h2&gt;<br \/>\nZlat\u00e9 kovanie dod\u00e1va kabelke eleganciu a jemn\u00fd lesk, &lt;strong&gt;preto&lt;\/strong&gt; sa skvele osved\u010d\u00ed na ka\u017ed\u00fd de\u0148 aj na \u0161peci\u00e1lne pr\u00edle\u017eitosti. &lt;strong&gt;Navy\u0161e&lt;\/strong&gt;, \u010fal\u0161ou v\u00fdhodou je &lt;strong&gt;zrkadielko v tvare srdca&lt;\/strong&gt; na retiazke \u2013 o\u010daruj\u00faci a z\u00e1rove\u0148 praktick\u00fd prvok, ktor\u00fd m\u00e1te v\u017edy po ruke. &lt;strong&gt;V\u010faka nemu&lt;\/strong&gt; si m\u00f4\u017eete r\u00fdchlo opravi\u0165 make-up v ka\u017edej situ\u00e1cii.<br \/>\n&lt;h3&gt;Najd\u00f4le\u017eitej\u0161ie vlastnosti:&lt;\/h3&gt;<br \/>\n&lt;ul&gt;<br \/>\n \t&lt;li&gt;Vyroben\u00e1 z pr\u00edrodnej ko\u017ee s reli\u00e9fom krokod\u00edlej ko\u017ee&lt;\/li&gt;<br \/>\n \t&lt;li&gt;Kapacita \u2013 zmest\u00ed sa do nej form\u00e1t A5&lt;\/li&gt;<br \/>\n \t&lt;li&gt;Dvojkomorov\u00e1 kon\u0161trukcia: jedna uzatv\u00e1rate\u013en\u00e1 na zips, druh\u00e1 na magnet&lt;\/li&gt;<br \/>\n \t&lt;li&gt;Vn\u00fatorn\u00e9 vreck\u00e1 na doplnky a kozmetiku&lt;\/li&gt;<br \/>\n \t&lt;li&gt;Vonkaj\u0161ie vrecko pre pohodlie&lt;\/li&gt;<br \/>\n \t&lt;li&gt;Odn\u00edmate\u013en\u00e1 r\u00fa\u010dka a elegantn\u00e1 zlat\u00e1 retiazka&lt;\/li&gt;<br \/>\n \t&lt;li&gt;Nastavite\u013en\u00fd popruh \u2013 mo\u017enos\u0165 nosenia r\u00f4znymi sp\u00f4sobmi&lt;\/li&gt;<br \/>\n \t&lt;li&gt;Firemn\u00fd dar\u010dek: zrkadielko v tvare srdca na retiazke&lt;\/li&gt;<br \/>\n \t&lt;li&gt;Zlat\u00e9 kovanie pod\u010diarkuj\u00face exkluz\u00edvny charakter&lt;\/li&gt;<br \/>\n&lt;\/ul&gt;<br \/>\n&lt;strong&gt;Zhrnut\u00edm&lt;\/strong&gt;, &lt;strong&gt;Kabelka Chiara Saba \u010cierna&lt;\/strong&gt; je ide\u00e1lnym spojen\u00edm \u0161t\u00fdlu a funk\u010dnosti. &lt;strong&gt;V\u010faka vysokej kvalite spracovania&lt;\/strong&gt; bude skvelou vo\u013ebou pre \u017eeny, ktor\u00e9 si cenia unik\u00e1tne doplnky.<br \/>\n&lt;h3&gt;Unik\u00e1tny charakter&lt;\/h3&gt;<br \/>\nKabelky z kolekcie croko s\u00fa vyroben\u00e9 z vysokokvalitnej pr\u00edrodnej ko\u017ee, ktorej text\u00fara bola prec\u00edzne napodoben\u00e1 tak, aby imitovala krokod\u00edliu ko\u017eu. Vzh\u013eadom na prirodzenos\u0165 materi\u00e1lu sa ka\u017ed\u00e1 kabelka m\u00f4\u017ee mierne l\u00ed\u0161i\u0165 v text\u00fare od tej na fotke, \u010do ka\u017edej z nich dod\u00e1va unik\u00e1tny charakter.<\/p>\n<p>&lt;strong&gt;Model:&lt;\/strong&gt; I537<\/p>\n","protected":false},"excerpt":{"rendered":"<p>&amp;lt;p&amp;gt;Kabelka Chiara Saba \u010cierna \u2013 elegantn\u00e1 kabelka z pr\u00edrodnej ko\u017ee s reli\u00e9fom krokod\u00edlej ko\u017ee. Zmest\u00ed sa do nej form\u00e1t A5, m\u00e1 zlat\u00fa retiazku a nastavite\u013en\u00fd popruh. Ide\u00e1lna na ka\u017ed\u00fd de\u0148 a v\u00fdnimo\u010dn\u00e9 pr\u00edle\u017eitosti.&amp;lt;\/p&amp;gt;<\/p>\n","protected":false},"featured_media":59026,"comment_status":"open","ping_status":"closed","template":"","meta":[],"product_brand":[177,193],"product_cat":[661],"product_tag":[636,730,701,789,788,787,786,637,785],"class_list":{"0":"post-60870","1":"product","2":"type-product","3":"status-publish","4":"has-post-thumbnail","6":"product_brand-chiara","7":"product_brand-chiara_premium","8":"product_cat-klasicke","9":"product_tag-chiara-sk","10":"product_tag-cierna-kabelka-sk","11":"product_tag-damska-kabelka","12":"product_tag-elegantna","13":"product_tag-kabelka-do-ruky","14":"product_tag-na-rameno","15":"product_tag-priestranna","16":"product_tag-prirodna-koza","17":"product_tag-shopperka-sk","19":"first","20":"instock","21":"shipping-taxable","22":"purchasable","23":"product-type-simple"},"yoast_head":"<!-- This site is optimized with the Yoast SEO plugin v27.4 - https:\/\/yoast.com\/product\/yoast-seo-wordpress\/ -->\n<title>Kabelka Chiara Saba \u010cierna<\/title>\n<meta name=\"description\" content=\"Kabelka Chiara Saba \u010cierna \u2013 exkluz\u00edvna ko\u017een\u00e1 kabelka s reli\u00e9fom krokod\u00edlej ko\u017ee. Zmest\u00ed sa do nej form\u00e1t A5, m\u00e1 zlat\u00fa retiazku a nastavite\u013en\u00fd popruh.\" \/>\n<meta name=\"robots\" content=\"index, follow, max-snippet:-1, max-image-preview:large, max-video-preview:-1\" \/>\n<link rel=\"canonical\" href=\"https:\/\/chiara-design.com\/sk\/produkt\/kabelka-chiara-saba-cierna-kabelka-z-prirodnej-koze\/\" \/>\n<meta property=\"og:locale\" content=\"sk_SK\" \/>\n<meta property=\"og:type\" content=\"article\" \/>\n<meta property=\"og:title\" content=\"Kabelka Chiara Saba \u010cierna\" \/>\n<meta property=\"og:description\" content=\"Kabelka Chiara Saba \u010cierna \u2013 exkluz\u00edvna ko\u017een\u00e1 kabelka s reli\u00e9fom krokod\u00edlej ko\u017ee. Zmest\u00ed sa do nej form\u00e1t A5, m\u00e1 zlat\u00fa retiazku a nastavite\u013en\u00fd popruh.\" \/>\n<meta property=\"og:url\" content=\"https:\/\/chiara-design.com\/sk\/produkt\/kabelka-chiara-saba-cierna-kabelka-z-prirodnej-koze\/\" \/>\n<meta property=\"og:site_name\" content=\"Chiara Design\" \/>\n<meta property=\"article:publisher\" content=\"https:\/\/www.facebook.com\/ChiaraDesignPL\" \/>\n<meta property=\"article:modified_time\" content=\"2025-09-23T09:49:58+00:00\" \/>\n<meta property=\"og:image\" content=\"https:\/\/chiara-design.com\/wp-content\/uploads\/2025\/02\/saba-4.webp\" \/>\n\t<meta property=\"og:image:width\" content=\"1200\" \/>\n\t<meta property=\"og:image:height\" content=\"1500\" \/>\n\t<meta property=\"og:image:type\" content=\"image\/webp\" \/>\n<meta name=\"twitter:card\" content=\"summary_large_image\" \/>\n<meta name=\"twitter:label1\" content=\"Predpokladan\u00fd \u010das \u010d\u00edtania\" \/>\n\t<meta name=\"twitter:data1\" content=\"4 min\u00faty\" \/>\n<script type=\"application\/ld+json\" class=\"yoast-schema-graph\">{\"@context\":\"https:\\\/\\\/schema.org\",\"@graph\":[{\"@type\":\"WebPage\",\"@id\":\"https:\\\/\\\/chiara-design.com\\\/sk\\\/produkt\\\/kabelka-chiara-saba-cierna-kabelka-z-prirodnej-koze\\\/\",\"url\":\"https:\\\/\\\/chiara-design.com\\\/sk\\\/produkt\\\/kabelka-chiara-saba-cierna-kabelka-z-prirodnej-koze\\\/\",\"name\":\"Kabelka Chiara Saba \u010cierna\",\"isPartOf\":{\"@id\":\"https:\\\/\\\/chiara-design.com\\\/#website\"},\"primaryImageOfPage\":{\"@id\":\"https:\\\/\\\/chiara-design.com\\\/sk\\\/produkt\\\/kabelka-chiara-saba-cierna-kabelka-z-prirodnej-koze\\\/#primaryimage\"},\"image\":{\"@id\":\"https:\\\/\\\/chiara-design.com\\\/sk\\\/produkt\\\/kabelka-chiara-saba-cierna-kabelka-z-prirodnej-koze\\\/#primaryimage\"},\"thumbnailUrl\":\"https:\\\/\\\/chiara-design.com\\\/wp-content\\\/uploads\\\/2025\\\/02\\\/saba-4.webp\",\"datePublished\":\"2025-02-17T23:48:37+00:00\",\"dateModified\":\"2025-09-23T09:49:58+00:00\",\"description\":\"Kabelka Chiara Saba \u010cierna \u2013 exkluz\u00edvna ko\u017een\u00e1 kabelka s reli\u00e9fom krokod\u00edlej ko\u017ee. Zmest\u00ed sa do nej form\u00e1t A5, m\u00e1 zlat\u00fa retiazku a nastavite\u013en\u00fd popruh.\",\"breadcrumb\":{\"@id\":\"https:\\\/\\\/chiara-design.com\\\/sk\\\/produkt\\\/kabelka-chiara-saba-cierna-kabelka-z-prirodnej-koze\\\/#breadcrumb\"},\"inLanguage\":\"sk-SK\",\"potentialAction\":[{\"@type\":\"ReadAction\",\"target\":[\"https:\\\/\\\/chiara-design.com\\\/sk\\\/produkt\\\/kabelka-chiara-saba-cierna-kabelka-z-prirodnej-koze\\\/\"]}]},{\"@type\":\"ImageObject\",\"inLanguage\":\"sk-SK\",\"@id\":\"https:\\\/\\\/chiara-design.com\\\/sk\\\/produkt\\\/kabelka-chiara-saba-cierna-kabelka-z-prirodnej-koze\\\/#primaryimage\",\"url\":\"https:\\\/\\\/chiara-design.com\\\/wp-content\\\/uploads\\\/2025\\\/02\\\/saba-4.webp\",\"contentUrl\":\"https:\\\/\\\/chiara-design.com\\\/wp-content\\\/uploads\\\/2025\\\/02\\\/saba-4.webp\",\"width\":1200,\"height\":1500,\"caption\":\"Ekskluzywna czarna torebka Chiara Saba \u2013 idealna na co dzie\u0144 i wyj\u0105tkowe okazje\"},{\"@type\":\"BreadcrumbList\",\"@id\":\"https:\\\/\\\/chiara-design.com\\\/sk\\\/produkt\\\/kabelka-chiara-saba-cierna-kabelka-z-prirodnej-koze\\\/#breadcrumb\",\"itemListElement\":[{\"@type\":\"ListItem\",\"position\":1,\"name\":\"Home\",\"item\":\"https:\\\/\\\/chiara-design.com\\\/sk\\\/damske-kabelky-chiara-design\\\/\"},{\"@type\":\"ListItem\",\"position\":2,\"name\":\"Obchod\",\"item\":\"https:\\\/\\\/chiara-design.com\\\/sklep\\\/\"},{\"@type\":\"ListItem\",\"position\":3,\"name\":\"Kabelka Chiara Saba \u2013 \u010cierna Kabelka z Pr\u00edrodnej Ko\u017ee\"}]},{\"@type\":\"WebSite\",\"@id\":\"https:\\\/\\\/chiara-design.com\\\/#website\",\"url\":\"https:\\\/\\\/chiara-design.com\\\/\",\"name\":\"Chiara Design\",\"description\":\"Tw\u00f3j ulubiony sklep online z torebkami.\",\"publisher\":{\"@id\":\"https:\\\/\\\/chiara-design.com\\\/#organization\"},\"potentialAction\":[{\"@type\":\"SearchAction\",\"target\":{\"@type\":\"EntryPoint\",\"urlTemplate\":\"https:\\\/\\\/chiara-design.com\\\/?s={search_term_string}\"},\"query-input\":{\"@type\":\"PropertyValueSpecification\",\"valueRequired\":true,\"valueName\":\"search_term_string\"}}],\"inLanguage\":\"sk-SK\"},{\"@type\":\"Organization\",\"@id\":\"https:\\\/\\\/chiara-design.com\\\/#organization\",\"name\":\"Chiara Design\",\"url\":\"https:\\\/\\\/chiara-design.com\\\/\",\"logo\":{\"@type\":\"ImageObject\",\"inLanguage\":\"sk-SK\",\"@id\":\"https:\\\/\\\/chiara-design.com\\\/#\\\/schema\\\/logo\\\/image\\\/\",\"url\":\"https:\\\/\\\/chiara-design.com\\\/wp-content\\\/uploads\\\/2024\\\/09\\\/CHIARA-DESIGN-LOGO.png\",\"contentUrl\":\"https:\\\/\\\/chiara-design.com\\\/wp-content\\\/uploads\\\/2024\\\/09\\\/CHIARA-DESIGN-LOGO.png\",\"width\":500,\"height\":158,\"caption\":\"Chiara Design\"},\"image\":{\"@id\":\"https:\\\/\\\/chiara-design.com\\\/#\\\/schema\\\/logo\\\/image\\\/\"},\"sameAs\":[\"https:\\\/\\\/www.facebook.com\\\/ChiaraDesignPL\",\"https:\\\/\\\/www.instagram.com\\\/chiara_design_\\\/\"]}]}<\/script>\n<!-- \/ Yoast SEO plugin. -->","yoast_head_json":{"title":"Kabelka Chiara Saba \u010cierna","description":"Kabelka Chiara Saba \u010cierna \u2013 exkluz\u00edvna ko\u017een\u00e1 kabelka s reli\u00e9fom krokod\u00edlej ko\u017ee. Zmest\u00ed sa do nej form\u00e1t A5, m\u00e1 zlat\u00fa retiazku a nastavite\u013en\u00fd popruh.","robots":{"index":"index","follow":"follow","max-snippet":"max-snippet:-1","max-image-preview":"max-image-preview:large","max-video-preview":"max-video-preview:-1"},"canonical":"https:\/\/chiara-design.com\/sk\/produkt\/kabelka-chiara-saba-cierna-kabelka-z-prirodnej-koze\/","og_locale":"sk_SK","og_type":"article","og_title":"Kabelka Chiara Saba \u010cierna","og_description":"Kabelka Chiara Saba \u010cierna \u2013 exkluz\u00edvna ko\u017een\u00e1 kabelka s reli\u00e9fom krokod\u00edlej ko\u017ee. Zmest\u00ed sa do nej form\u00e1t A5, m\u00e1 zlat\u00fa retiazku a nastavite\u013en\u00fd popruh.","og_url":"https:\/\/chiara-design.com\/sk\/produkt\/kabelka-chiara-saba-cierna-kabelka-z-prirodnej-koze\/","og_site_name":"Chiara Design","article_publisher":"https:\/\/www.facebook.com\/ChiaraDesignPL","article_modified_time":"2025-09-23T09:49:58+00:00","og_image":[{"width":1200,"height":1500,"url":"https:\/\/chiara-design.com\/wp-content\/uploads\/2025\/02\/saba-4.webp","type":"image\/webp"}],"twitter_card":"summary_large_image","twitter_misc":{"Predpokladan\u00fd \u010das \u010d\u00edtania":"4 min\u00faty"},"schema":{"@context":"https:\/\/schema.org","@graph":[{"@type":"WebPage","@id":"https:\/\/chiara-design.com\/sk\/produkt\/kabelka-chiara-saba-cierna-kabelka-z-prirodnej-koze\/","url":"https:\/\/chiara-design.com\/sk\/produkt\/kabelka-chiara-saba-cierna-kabelka-z-prirodnej-koze\/","name":"Kabelka Chiara Saba \u010cierna","isPartOf":{"@id":"https:\/\/chiara-design.com\/#website"},"primaryImageOfPage":{"@id":"https:\/\/chiara-design.com\/sk\/produkt\/kabelka-chiara-saba-cierna-kabelka-z-prirodnej-koze\/#primaryimage"},"image":{"@id":"https:\/\/chiara-design.com\/sk\/produkt\/kabelka-chiara-saba-cierna-kabelka-z-prirodnej-koze\/#primaryimage"},"thumbnailUrl":"https:\/\/chiara-design.com\/wp-content\/uploads\/2025\/02\/saba-4.webp","datePublished":"2025-02-17T23:48:37+00:00","dateModified":"2025-09-23T09:49:58+00:00","description":"Kabelka Chiara Saba \u010cierna \u2013 exkluz\u00edvna ko\u017een\u00e1 kabelka s reli\u00e9fom krokod\u00edlej ko\u017ee. Zmest\u00ed sa do nej form\u00e1t A5, m\u00e1 zlat\u00fa retiazku a nastavite\u013en\u00fd popruh.","breadcrumb":{"@id":"https:\/\/chiara-design.com\/sk\/produkt\/kabelka-chiara-saba-cierna-kabelka-z-prirodnej-koze\/#breadcrumb"},"inLanguage":"sk-SK","potentialAction":[{"@type":"ReadAction","target":["https:\/\/chiara-design.com\/sk\/produkt\/kabelka-chiara-saba-cierna-kabelka-z-prirodnej-koze\/"]}]},{"@type":"ImageObject","inLanguage":"sk-SK","@id":"https:\/\/chiara-design.com\/sk\/produkt\/kabelka-chiara-saba-cierna-kabelka-z-prirodnej-koze\/#primaryimage","url":"https:\/\/chiara-design.com\/wp-content\/uploads\/2025\/02\/saba-4.webp","contentUrl":"https:\/\/chiara-design.com\/wp-content\/uploads\/2025\/02\/saba-4.webp","width":1200,"height":1500,"caption":"Ekskluzywna czarna torebka Chiara Saba \u2013 idealna na co dzie\u0144 i wyj\u0105tkowe okazje"},{"@type":"BreadcrumbList","@id":"https:\/\/chiara-design.com\/sk\/produkt\/kabelka-chiara-saba-cierna-kabelka-z-prirodnej-koze\/#breadcrumb","itemListElement":[{"@type":"ListItem","position":1,"name":"Home","item":"https:\/\/chiara-design.com\/sk\/damske-kabelky-chiara-design\/"},{"@type":"ListItem","position":2,"name":"Obchod","item":"https:\/\/chiara-design.com\/sklep\/"},{"@type":"ListItem","position":3,"name":"Kabelka Chiara Saba \u2013 \u010cierna Kabelka z Pr\u00edrodnej Ko\u017ee"}]},{"@type":"WebSite","@id":"https:\/\/chiara-design.com\/#website","url":"https:\/\/chiara-design.com\/","name":"Chiara Design","description":"Tw\u00f3j ulubiony sklep online z torebkami.","publisher":{"@id":"https:\/\/chiara-design.com\/#organization"},"potentialAction":[{"@type":"SearchAction","target":{"@type":"EntryPoint","urlTemplate":"https:\/\/chiara-design.com\/?s={search_term_string}"},"query-input":{"@type":"PropertyValueSpecification","valueRequired":true,"valueName":"search_term_string"}}],"inLanguage":"sk-SK"},{"@type":"Organization","@id":"https:\/\/chiara-design.com\/#organization","name":"Chiara Design","url":"https:\/\/chiara-design.com\/","logo":{"@type":"ImageObject","inLanguage":"sk-SK","@id":"https:\/\/chiara-design.com\/#\/schema\/logo\/image\/","url":"https:\/\/chiara-design.com\/wp-content\/uploads\/2024\/09\/CHIARA-DESIGN-LOGO.png","contentUrl":"https:\/\/chiara-design.com\/wp-content\/uploads\/2024\/09\/CHIARA-DESIGN-LOGO.png","width":500,"height":158,"caption":"Chiara Design"},"image":{"@id":"https:\/\/chiara-design.com\/#\/schema\/logo\/image\/"},"sameAs":["https:\/\/www.facebook.com\/ChiaraDesignPL","https:\/\/www.instagram.com\/chiara_design_\/"]}]}},"jetpack_sharing_enabled":true,"_links":{"self":[{"href":"https:\/\/chiara-design.com\/sk\/wp-json\/wp\/v2\/product\/60870","targetHints":{"allow":["GET"]}}],"collection":[{"href":"https:\/\/chiara-design.com\/sk\/wp-json\/wp\/v2\/product"}],"about":[{"href":"https:\/\/chiara-design.com\/sk\/wp-json\/wp\/v2\/types\/product"}],"replies":[{"embeddable":true,"href":"https:\/\/chiara-design.com\/sk\/wp-json\/wp\/v2\/comments?post=60870"}],"wp:featuredmedia":[{"embeddable":true,"href":"https:\/\/chiara-design.com\/sk\/wp-json\/wp\/v2\/media\/59026"}],"wp:attachment":[{"href":"https:\/\/chiara-design.com\/sk\/wp-json\/wp\/v2\/media?parent=60870"}],"wp:term":[{"taxonomy":"product_brand","embeddable":true,"href":"https:\/\/chiara-design.com\/sk\/wp-json\/wp\/v2\/product_brand?post=60870"},{"taxonomy":"product_cat","embeddable":true,"href":"https:\/\/chiara-design.com\/sk\/wp-json\/wp\/v2\/product_cat?post=60870"},{"taxonomy":"product_tag","embeddable":true,"href":"https:\/\/chiara-design.com\/sk\/wp-json\/wp\/v2\/product_tag?post=60870"}],"curies":[{"name":"wp","href":"https:\/\/api.w.org\/{rel}","templated":true}]}}