{"id":60866,"date":"2025-02-18T00:48:39","date_gmt":"2025-02-17T23:48:39","guid":{"rendered":"https:\/\/chiara-design.com\/product\/ladvinka-chiara-mohito-cierna-ladvinka-z-prirodnej-koze\/"},"modified":"2025-09-23T11:49:57","modified_gmt":"2025-09-23T09:49:57","slug":"ladvinka-chiara-mohito-cierna-ladvinka-z-prirodnej-koze","status":"publish","type":"product","link":"https:\/\/chiara-design.com\/sk\/produkt\/ladvinka-chiara-mohito-cierna-ladvinka-z-prirodnej-koze\/","title":{"rendered":"\u013dadvinka Chiara Mohito \u2013 \u010cierna \u013dadvinka z Pr\u00edrodnej Ko\u017ee"},"content":{"rendered":"<p>&lt;h2&gt;\u013dadvinka Chiara Mohito \u2013 \u010cierna \u013dadvinka z Pr\u00edrodnej Ko\u017ee: ide\u00e1lna na ka\u017edodenn\u00e9 pou\u017eitie&lt;\/h2&gt;<br \/>\n\u013dadvinka Chiara Mohito \u2013 \u010cierna \u013dadvinka z Pr\u00edrodnej Ko\u017ee bola vytvoren\u00e1 s my\u0161lienkou na ka\u017edodenn\u00e9 dobrodru\u017estv\u00e1. Ur\u010den\u00e1 na pou\u017eitie na prech\u00e1dzkach, po\u010das bicyklovania a na stretnutiach, vyzna\u010duje sa jedine\u010dn\u00fdm, origin\u00e1lnym dizajnom. Navy\u0161e, jej \u010dierna farba dod\u00e1va triedu a univerz\u00e1lnos\u0165, v\u010faka \u010domu sa dokonale hod\u00ed k r\u00f4znym outfitom.<br \/>\n&lt;h3&gt;Funk\u010dn\u00e1 organiz\u00e1cia&lt;\/h3&gt;<br \/>\nV\u010faka premyslenej kon\u0161trukcii \u013eadvinka pon\u00faka:<br \/>\n&lt;ul&gt;<br \/>\n \t&lt;li&gt;Jednu hlavn\u00fa komoru zabezpe\u010den\u00fa zipsom, ktor\u00e1 chr\u00e1ni obsah;&lt;\/li&gt;<br \/>\n \t&lt;li&gt;Vonkaj\u0161ie vrecko, tie\u017e zabezpe\u010den\u00e9 zipsom, umo\u017e\u0148uj\u00face r\u00fdchly pr\u00edstup k najd\u00f4le\u017eitej\u0161\u00edm drobnostiam.&lt;\/li&gt;<br \/>\n&lt;\/ul&gt;<br \/>\n&lt;h3&gt;Pohodlie a dizajnov\u00e9 detaily&lt;\/h3&gt;<br \/>\nDodato\u010dne je produkt vybaven\u00fd nastavite\u013en\u00fdm popruhom, ktor\u00fd umo\u017e\u0148uje ide\u00e1lne prisp\u00f4sobenie, a tie\u017e m\u00e1 o\u010daruj\u00faci doplnok \u2013 zrkadielko v tvare srdca na retiazke. V\u010faka tomu je \u013eadvinka nielen praktick\u00e1, ale aj mimoriadne \u0161t\u00fdlov\u00e1. Navy\u0161e, \u013eahk\u00e1 kon\u0161trukcia zais\u0165uje mimoriadne pohodln\u00e9 nosenie po cel\u00fd de\u0148.<\/p>\n<p>Zhrnut\u00edm, \u013dadvinka Chiara Mohito \u2013 \u010cierna \u013dadvinka z Pr\u00edrodnej Ko\u017ee je vynikaj\u00facou vo\u013ebou pre \u013eud\u00ed, ktor\u00ed si cenia funk\u010dnos\u0165, pohodlie a neopakovate\u013en\u00fd dizajn. Preto sa oplat\u00ed stavi\u0165 na tento model, ktor\u00fd \u00faspe\u0161ne zvl\u00e1dne ka\u017edodenn\u00e9 v\u00fdzvy.<\/p>\n<p>&lt;strong&gt;Model: K760 \u013eadvinka MOHITO&lt;\/strong&gt;<\/p>\n","protected":false},"excerpt":{"rendered":"<p>\u010cierna \u013eadvinka Chiara Mohito z pr\u00edrodnej ko\u017ee, \u013eahk\u00e1 a dizajnov\u00e1 \u2013 ide\u00e1lna na ka\u017edodenn\u00e9 vych\u00e1dzky.<\/p>\n","protected":false},"featured_media":58955,"comment_status":"open","ping_status":"closed","template":"","meta":[],"product_brand":[177,193],"product_cat":[737],"product_tag":[636,665,739,779,637,775,692],"class_list":{"0":"post-60866","1":"product","2":"type-product","3":"status-publish","4":"has-post-thumbnail","6":"product_brand-chiara","7":"product_brand-chiara_premium","8":"product_cat-ladvinky","9":"product_tag-chiara-sk","10":"product_tag-cierna","11":"product_tag-ladvinka","12":"product_tag-mohito-sk","13":"product_tag-prirodna-koza","14":"product_tag-subscribers-only-sk","15":"product_tag-univerzalna","17":"first","18":"instock","19":"sale","20":"featured","21":"shipping-taxable","22":"purchasable","23":"product-type-simple"},"yoast_head":"<!-- This site is optimized with the Yoast SEO plugin v27.4 - https:\/\/yoast.com\/product\/yoast-seo-wordpress\/ -->\n<title>\u013dadvinka Chiara Mohito \u2013 \u010cierna \u013dadvinka z Pr\u00edrodnej Ko\u017ee<\/title>\n<meta name=\"description\" content=\"\u013dadvinka Chiara Mohito je \u010dierna \u013eadvinka z pr\u00edrodnej ko\u017ee. Ide\u00e1lna na ka\u017edodenn\u00e9 vych\u00e1dzky, prech\u00e1dzky a bicykel \u2013 \u013eahk\u00e1, dizajnov\u00e1 a praktick\u00e1.\" \/>\n<meta name=\"robots\" content=\"index, follow, max-snippet:-1, max-image-preview:large, max-video-preview:-1\" \/>\n<link rel=\"canonical\" href=\"https:\/\/chiara-design.com\/sk\/produkt\/ladvinka-chiara-mohito-cierna-ladvinka-z-prirodnej-koze\/\" \/>\n<meta property=\"og:locale\" content=\"sk_SK\" \/>\n<meta property=\"og:type\" content=\"article\" \/>\n<meta property=\"og:title\" content=\"\u013dadvinka Chiara Mohito \u2013 \u010cierna \u013dadvinka z Pr\u00edrodnej Ko\u017ee\" \/>\n<meta property=\"og:description\" content=\"\u013dadvinka Chiara Mohito je \u010dierna \u013eadvinka z pr\u00edrodnej ko\u017ee. Ide\u00e1lna na ka\u017edodenn\u00e9 vych\u00e1dzky, prech\u00e1dzky a bicykel \u2013 \u013eahk\u00e1, dizajnov\u00e1 a praktick\u00e1.\" \/>\n<meta property=\"og:url\" content=\"https:\/\/chiara-design.com\/sk\/produkt\/ladvinka-chiara-mohito-cierna-ladvinka-z-prirodnej-koze\/\" \/>\n<meta property=\"og:site_name\" content=\"Chiara Design\" \/>\n<meta property=\"article:publisher\" content=\"https:\/\/www.facebook.com\/ChiaraDesignPL\" \/>\n<meta property=\"article:modified_time\" content=\"2025-09-23T09:49:57+00:00\" \/>\n<meta property=\"og:image\" content=\"https:\/\/chiara-design.com\/wp-content\/uploads\/2025\/02\/K760-Mohito-czarna.webp\" \/>\n\t<meta property=\"og:image:width\" content=\"1200\" \/>\n\t<meta property=\"og:image:height\" content=\"1500\" \/>\n\t<meta property=\"og:image:type\" content=\"image\/webp\" \/>\n<meta name=\"twitter:card\" content=\"summary_large_image\" \/>\n<meta name=\"twitter:label1\" content=\"Predpokladan\u00fd \u010das \u010d\u00edtania\" \/>\n\t<meta name=\"twitter:data1\" content=\"1 min\u00fata\" \/>\n<script type=\"application\/ld+json\" class=\"yoast-schema-graph\">{\"@context\":\"https:\\\/\\\/schema.org\",\"@graph\":[{\"@type\":\"WebPage\",\"@id\":\"https:\\\/\\\/chiara-design.com\\\/sk\\\/produkt\\\/ladvinka-chiara-mohito-cierna-ladvinka-z-prirodnej-koze\\\/\",\"url\":\"https:\\\/\\\/chiara-design.com\\\/sk\\\/produkt\\\/ladvinka-chiara-mohito-cierna-ladvinka-z-prirodnej-koze\\\/\",\"name\":\"\u013dadvinka Chiara Mohito \u2013 \u010cierna \u013dadvinka z Pr\u00edrodnej Ko\u017ee\",\"isPartOf\":{\"@id\":\"https:\\\/\\\/chiara-design.com\\\/#website\"},\"primaryImageOfPage\":{\"@id\":\"https:\\\/\\\/chiara-design.com\\\/sk\\\/produkt\\\/ladvinka-chiara-mohito-cierna-ladvinka-z-prirodnej-koze\\\/#primaryimage\"},\"image\":{\"@id\":\"https:\\\/\\\/chiara-design.com\\\/sk\\\/produkt\\\/ladvinka-chiara-mohito-cierna-ladvinka-z-prirodnej-koze\\\/#primaryimage\"},\"thumbnailUrl\":\"https:\\\/\\\/chiara-design.com\\\/wp-content\\\/uploads\\\/2025\\\/02\\\/K760-Mohito-czarna.webp\",\"datePublished\":\"2025-02-17T23:48:39+00:00\",\"dateModified\":\"2025-09-23T09:49:57+00:00\",\"description\":\"\u013dadvinka Chiara Mohito je \u010dierna \u013eadvinka z pr\u00edrodnej ko\u017ee. Ide\u00e1lna na ka\u017edodenn\u00e9 vych\u00e1dzky, prech\u00e1dzky a bicykel \u2013 \u013eahk\u00e1, dizajnov\u00e1 a praktick\u00e1.\",\"breadcrumb\":{\"@id\":\"https:\\\/\\\/chiara-design.com\\\/sk\\\/produkt\\\/ladvinka-chiara-mohito-cierna-ladvinka-z-prirodnej-koze\\\/#breadcrumb\"},\"inLanguage\":\"sk-SK\",\"potentialAction\":[{\"@type\":\"ReadAction\",\"target\":[\"https:\\\/\\\/chiara-design.com\\\/sk\\\/produkt\\\/ladvinka-chiara-mohito-cierna-ladvinka-z-prirodnej-koze\\\/\"]}]},{\"@type\":\"ImageObject\",\"inLanguage\":\"sk-SK\",\"@id\":\"https:\\\/\\\/chiara-design.com\\\/sk\\\/produkt\\\/ladvinka-chiara-mohito-cierna-ladvinka-z-prirodnej-koze\\\/#primaryimage\",\"url\":\"https:\\\/\\\/chiara-design.com\\\/wp-content\\\/uploads\\\/2025\\\/02\\\/K760-Mohito-czarna.webp\",\"contentUrl\":\"https:\\\/\\\/chiara-design.com\\\/wp-content\\\/uploads\\\/2025\\\/02\\\/K760-Mohito-czarna.webp\",\"width\":1200,\"height\":1500},{\"@type\":\"BreadcrumbList\",\"@id\":\"https:\\\/\\\/chiara-design.com\\\/sk\\\/produkt\\\/ladvinka-chiara-mohito-cierna-ladvinka-z-prirodnej-koze\\\/#breadcrumb\",\"itemListElement\":[{\"@type\":\"ListItem\",\"position\":1,\"name\":\"Home\",\"item\":\"https:\\\/\\\/chiara-design.com\\\/sk\\\/damske-kabelky-chiara-design\\\/\"},{\"@type\":\"ListItem\",\"position\":2,\"name\":\"Obchod\",\"item\":\"https:\\\/\\\/chiara-design.com\\\/sklep\\\/\"},{\"@type\":\"ListItem\",\"position\":3,\"name\":\"\u013dadvinka Chiara Mohito \u2013 \u010cierna \u013dadvinka z Pr\u00edrodnej Ko\u017ee\"}]},{\"@type\":\"WebSite\",\"@id\":\"https:\\\/\\\/chiara-design.com\\\/#website\",\"url\":\"https:\\\/\\\/chiara-design.com\\\/\",\"name\":\"Chiara Design\",\"description\":\"Tw\u00f3j ulubiony sklep online z torebkami.\",\"publisher\":{\"@id\":\"https:\\\/\\\/chiara-design.com\\\/#organization\"},\"potentialAction\":[{\"@type\":\"SearchAction\",\"target\":{\"@type\":\"EntryPoint\",\"urlTemplate\":\"https:\\\/\\\/chiara-design.com\\\/?s={search_term_string}\"},\"query-input\":{\"@type\":\"PropertyValueSpecification\",\"valueRequired\":true,\"valueName\":\"search_term_string\"}}],\"inLanguage\":\"sk-SK\"},{\"@type\":\"Organization\",\"@id\":\"https:\\\/\\\/chiara-design.com\\\/#organization\",\"name\":\"Chiara Design\",\"url\":\"https:\\\/\\\/chiara-design.com\\\/\",\"logo\":{\"@type\":\"ImageObject\",\"inLanguage\":\"sk-SK\",\"@id\":\"https:\\\/\\\/chiara-design.com\\\/#\\\/schema\\\/logo\\\/image\\\/\",\"url\":\"https:\\\/\\\/chiara-design.com\\\/wp-content\\\/uploads\\\/2024\\\/09\\\/CHIARA-DESIGN-LOGO.png\",\"contentUrl\":\"https:\\\/\\\/chiara-design.com\\\/wp-content\\\/uploads\\\/2024\\\/09\\\/CHIARA-DESIGN-LOGO.png\",\"width\":500,\"height\":158,\"caption\":\"Chiara Design\"},\"image\":{\"@id\":\"https:\\\/\\\/chiara-design.com\\\/#\\\/schema\\\/logo\\\/image\\\/\"},\"sameAs\":[\"https:\\\/\\\/www.facebook.com\\\/ChiaraDesignPL\",\"https:\\\/\\\/www.instagram.com\\\/chiara_design_\\\/\"]}]}<\/script>\n<!-- \/ Yoast SEO plugin. -->","yoast_head_json":{"title":"\u013dadvinka Chiara Mohito \u2013 \u010cierna \u013dadvinka z Pr\u00edrodnej Ko\u017ee","description":"\u013dadvinka Chiara Mohito je \u010dierna \u013eadvinka z pr\u00edrodnej ko\u017ee. Ide\u00e1lna na ka\u017edodenn\u00e9 vych\u00e1dzky, prech\u00e1dzky a bicykel \u2013 \u013eahk\u00e1, dizajnov\u00e1 a praktick\u00e1.","robots":{"index":"index","follow":"follow","max-snippet":"max-snippet:-1","max-image-preview":"max-image-preview:large","max-video-preview":"max-video-preview:-1"},"canonical":"https:\/\/chiara-design.com\/sk\/produkt\/ladvinka-chiara-mohito-cierna-ladvinka-z-prirodnej-koze\/","og_locale":"sk_SK","og_type":"article","og_title":"\u013dadvinka Chiara Mohito \u2013 \u010cierna \u013dadvinka z Pr\u00edrodnej Ko\u017ee","og_description":"\u013dadvinka Chiara Mohito je \u010dierna \u013eadvinka z pr\u00edrodnej ko\u017ee. Ide\u00e1lna na ka\u017edodenn\u00e9 vych\u00e1dzky, prech\u00e1dzky a bicykel \u2013 \u013eahk\u00e1, dizajnov\u00e1 a praktick\u00e1.","og_url":"https:\/\/chiara-design.com\/sk\/produkt\/ladvinka-chiara-mohito-cierna-ladvinka-z-prirodnej-koze\/","og_site_name":"Chiara Design","article_publisher":"https:\/\/www.facebook.com\/ChiaraDesignPL","article_modified_time":"2025-09-23T09:49:57+00:00","og_image":[{"width":1200,"height":1500,"url":"https:\/\/chiara-design.com\/wp-content\/uploads\/2025\/02\/K760-Mohito-czarna.webp","type":"image\/webp"}],"twitter_card":"summary_large_image","twitter_misc":{"Predpokladan\u00fd \u010das \u010d\u00edtania":"1 min\u00fata"},"schema":{"@context":"https:\/\/schema.org","@graph":[{"@type":"WebPage","@id":"https:\/\/chiara-design.com\/sk\/produkt\/ladvinka-chiara-mohito-cierna-ladvinka-z-prirodnej-koze\/","url":"https:\/\/chiara-design.com\/sk\/produkt\/ladvinka-chiara-mohito-cierna-ladvinka-z-prirodnej-koze\/","name":"\u013dadvinka Chiara Mohito \u2013 \u010cierna \u013dadvinka z Pr\u00edrodnej Ko\u017ee","isPartOf":{"@id":"https:\/\/chiara-design.com\/#website"},"primaryImageOfPage":{"@id":"https:\/\/chiara-design.com\/sk\/produkt\/ladvinka-chiara-mohito-cierna-ladvinka-z-prirodnej-koze\/#primaryimage"},"image":{"@id":"https:\/\/chiara-design.com\/sk\/produkt\/ladvinka-chiara-mohito-cierna-ladvinka-z-prirodnej-koze\/#primaryimage"},"thumbnailUrl":"https:\/\/chiara-design.com\/wp-content\/uploads\/2025\/02\/K760-Mohito-czarna.webp","datePublished":"2025-02-17T23:48:39+00:00","dateModified":"2025-09-23T09:49:57+00:00","description":"\u013dadvinka Chiara Mohito je \u010dierna \u013eadvinka z pr\u00edrodnej ko\u017ee. Ide\u00e1lna na ka\u017edodenn\u00e9 vych\u00e1dzky, prech\u00e1dzky a bicykel \u2013 \u013eahk\u00e1, dizajnov\u00e1 a praktick\u00e1.","breadcrumb":{"@id":"https:\/\/chiara-design.com\/sk\/produkt\/ladvinka-chiara-mohito-cierna-ladvinka-z-prirodnej-koze\/#breadcrumb"},"inLanguage":"sk-SK","potentialAction":[{"@type":"ReadAction","target":["https:\/\/chiara-design.com\/sk\/produkt\/ladvinka-chiara-mohito-cierna-ladvinka-z-prirodnej-koze\/"]}]},{"@type":"ImageObject","inLanguage":"sk-SK","@id":"https:\/\/chiara-design.com\/sk\/produkt\/ladvinka-chiara-mohito-cierna-ladvinka-z-prirodnej-koze\/#primaryimage","url":"https:\/\/chiara-design.com\/wp-content\/uploads\/2025\/02\/K760-Mohito-czarna.webp","contentUrl":"https:\/\/chiara-design.com\/wp-content\/uploads\/2025\/02\/K760-Mohito-czarna.webp","width":1200,"height":1500},{"@type":"BreadcrumbList","@id":"https:\/\/chiara-design.com\/sk\/produkt\/ladvinka-chiara-mohito-cierna-ladvinka-z-prirodnej-koze\/#breadcrumb","itemListElement":[{"@type":"ListItem","position":1,"name":"Home","item":"https:\/\/chiara-design.com\/sk\/damske-kabelky-chiara-design\/"},{"@type":"ListItem","position":2,"name":"Obchod","item":"https:\/\/chiara-design.com\/sklep\/"},{"@type":"ListItem","position":3,"name":"\u013dadvinka Chiara Mohito \u2013 \u010cierna \u013dadvinka z Pr\u00edrodnej Ko\u017ee"}]},{"@type":"WebSite","@id":"https:\/\/chiara-design.com\/#website","url":"https:\/\/chiara-design.com\/","name":"Chiara Design","description":"Tw\u00f3j ulubiony sklep online z torebkami.","publisher":{"@id":"https:\/\/chiara-design.com\/#organization"},"potentialAction":[{"@type":"SearchAction","target":{"@type":"EntryPoint","urlTemplate":"https:\/\/chiara-design.com\/?s={search_term_string}"},"query-input":{"@type":"PropertyValueSpecification","valueRequired":true,"valueName":"search_term_string"}}],"inLanguage":"sk-SK"},{"@type":"Organization","@id":"https:\/\/chiara-design.com\/#organization","name":"Chiara Design","url":"https:\/\/chiara-design.com\/","logo":{"@type":"ImageObject","inLanguage":"sk-SK","@id":"https:\/\/chiara-design.com\/#\/schema\/logo\/image\/","url":"https:\/\/chiara-design.com\/wp-content\/uploads\/2024\/09\/CHIARA-DESIGN-LOGO.png","contentUrl":"https:\/\/chiara-design.com\/wp-content\/uploads\/2024\/09\/CHIARA-DESIGN-LOGO.png","width":500,"height":158,"caption":"Chiara Design"},"image":{"@id":"https:\/\/chiara-design.com\/#\/schema\/logo\/image\/"},"sameAs":["https:\/\/www.facebook.com\/ChiaraDesignPL","https:\/\/www.instagram.com\/chiara_design_\/"]}]}},"jetpack_sharing_enabled":true,"_links":{"self":[{"href":"https:\/\/chiara-design.com\/sk\/wp-json\/wp\/v2\/product\/60866","targetHints":{"allow":["GET"]}}],"collection":[{"href":"https:\/\/chiara-design.com\/sk\/wp-json\/wp\/v2\/product"}],"about":[{"href":"https:\/\/chiara-design.com\/sk\/wp-json\/wp\/v2\/types\/product"}],"replies":[{"embeddable":true,"href":"https:\/\/chiara-design.com\/sk\/wp-json\/wp\/v2\/comments?post=60866"}],"wp:featuredmedia":[{"embeddable":true,"href":"https:\/\/chiara-design.com\/sk\/wp-json\/wp\/v2\/media\/58955"}],"wp:attachment":[{"href":"https:\/\/chiara-design.com\/sk\/wp-json\/wp\/v2\/media?parent=60866"}],"wp:term":[{"taxonomy":"product_brand","embeddable":true,"href":"https:\/\/chiara-design.com\/sk\/wp-json\/wp\/v2\/product_brand?post=60866"},{"taxonomy":"product_cat","embeddable":true,"href":"https:\/\/chiara-design.com\/sk\/wp-json\/wp\/v2\/product_cat?post=60866"},{"taxonomy":"product_tag","embeddable":true,"href":"https:\/\/chiara-design.com\/sk\/wp-json\/wp\/v2\/product_tag?post=60866"}],"curies":[{"name":"wp","href":"https:\/\/api.w.org\/{rel}","templated":true}]}}