{"id":60864,"date":"2025-02-18T00:48:42","date_gmt":"2025-02-17T23:48:42","guid":{"rendered":"https:\/\/chiara-design.com\/product\/kabelka-chiara-mery-cierna-kabelka-z-hladkej-koze\/"},"modified":"2025-09-23T11:49:56","modified_gmt":"2025-09-23T09:49:56","slug":"kabelka-chiara-mery-cierna-kabelka-z-hladkej-koze","status":"publish","type":"product","link":"https:\/\/chiara-design.com\/sk\/produkt\/kabelka-chiara-mery-cierna-kabelka-z-hladkej-koze\/","title":{"rendered":"Kabelka Chiara Mery \u2013 \u010cierna Kabelka z Hladkej Ko\u017ee"},"content":{"rendered":"<p>&lt;h2&gt;Kabelka Chiara Mery \u2013 \u010cierna Kabelka z Hladkej Ko\u017ee: ide\u00e1lna na dynamick\u00fd de\u0148&lt;\/h2&gt;<br \/>\nKabelka Chiara Mery \u2013 \u010cierna Kabelka z Hladkej Ko\u017ee je produkt, ktor\u00fd sp\u00e1ja modern\u00fd dizajn s v\u00fdnimo\u010dnou funk\u010dnos\u0165ou. Vyrobili sme ju z vysokokvalitnej hladkej ko\u017ee, v\u010faka \u010domu sa vyzna\u010duje eleganciou a trv\u00e1cnos\u0165ou. Navy\u0161e, klasick\u00e1 \u010dierna farba a jemn\u00e9 strieborn\u00e9 kovanie dod\u00e1vaj\u00fa kabelke neopakovate\u013en\u00fd \u0161t\u00fdl, ktor\u00fd sa skvele hod\u00ed ku ka\u017edodenn\u00fdm, profesion\u00e1lnym aj univerzitn\u00fdm outfitom.<br \/>\n&lt;h3&gt;Premyslen\u00e1 organiz\u00e1cia a pohodlie pri pou\u017e\u00edvan\u00ed&lt;\/h3&gt;<br \/>\nKabelka bola navrhnut\u00e1 pre akt\u00edvnych \u013eud\u00ed, ktor\u00ed si cenia poriadok. Preto bolo jej vn\u00fatro starostlivo zorganizovan\u00e9, \u010do umo\u017e\u0148uje:<br \/>\n&lt;ul&gt;<br \/>\n \t&lt;li&gt;Bezpe\u010dn\u00e9 ulo\u017eenie predmetov v hlavnej komore zabezpe\u010denej zipsom;&lt;\/li&gt;<br \/>\n \t&lt;li&gt;Pohodln\u00fa organiz\u00e1ciu drobnost\u00ed v\u010faka vn\u00fatorn\u00fdm vreck\u00e1m;&lt;\/li&gt;<br \/>\n \t&lt;li&gt;R\u00fdchly pr\u00edstup k najd\u00f4le\u017eitej\u0161\u00edm veciam v\u010faka vreck\u00e1m vpredu a vzadu, zabezpe\u010den\u00fdm zipsom;&lt;\/li&gt;<br \/>\n \t&lt;li&gt;Dve d\u013a\u017eky r\u00fa\u010dok umo\u017e\u0148uj\u00fa nosenie kabelky v ruke aj na ramene&lt;\/li&gt;<br \/>\n&lt;\/ul&gt;<br \/>\n&lt;h3&gt;\u0160t\u00fdl, ktor\u00fd rob\u00ed dojem&lt;\/h3&gt;<br \/>\nDodato\u010dne, kabelka Chiara Mery sa vyzna\u010duje klasickou \u010diernou farbou a efektn\u00fdm strieborn\u00fdm kovan\u00edm. Navy\u0161e, tak\u00fdto dizajn ju rob\u00ed ide\u00e1lnou na ka\u017edodenn\u00e9 vych\u00e1dzky, do pr\u00e1ce a aj na univerzitu. Preto je tento produkt vynikaj\u00facou vo\u013ebou pre \u013eud\u00ed, ktor\u00ed o\u010dak\u00e1vaj\u00fa eleganciu spojen\u00fa s funk\u010dnos\u0165ou.<br \/>\n&lt;h3&gt;Zhrnutie v\u00fdhod&lt;\/h3&gt;<br \/>\nZhrnut\u00edm, Kabelka Chiara Mery \u2013 \u010cierna Kabelka z Hladkej Ko\u017ee je produkt, ktor\u00fd pon\u00faka:<br \/>\n&lt;ul&gt;<br \/>\n \t&lt;li&gt;Vysok\u00fa kvalitu spracovania a trv\u00e1cnos\u0165 materi\u00e1lu,&lt;\/li&gt;<br \/>\n \t&lt;li&gt;Premyslen\u00fa organiz\u00e1ciu vn\u00fatra,&lt;\/li&gt;<br \/>\n \t&lt;li&gt;Univerz\u00e1lny, klasick\u00fd dizajn s modern\u00fdmi detailmi,&lt;\/li&gt;<br \/>\n \t&lt;li&gt;Pohodlie pri pou\u017e\u00edvan\u00ed v\u010faka nastavite\u013en\u00e9mu popruhu a profilovanej r\u00fa\u010dke.&lt;\/li&gt;<br \/>\n&lt;\/ul&gt;<br \/>\nDodato\u010dne sa kabelka dokonale osved\u010d\u00ed v r\u00f4znych situ\u00e1ci\u00e1ch \u2013 preto sa oplat\u00ed stavi\u0165 na rie\u0161enie, ktor\u00e9 sp\u00e1ja funk\u010dnos\u0165 s m\u00f3dnym vzh\u013eadom.<\/p>\n<p>&lt;strong&gt;Model: I5051 MERY&lt;\/strong&gt;<\/p>\n","protected":false},"excerpt":{"rendered":"<p>\u010cierna kabelka Chiara Mery z hladkej ko\u017ee, so strieborn\u00fdm kovan\u00edm \u2013 elegantn\u00e1 a funk\u010dn\u00e1 na ka\u017ed\u00fd de\u0148.<\/p>\n","protected":false},"featured_media":58856,"comment_status":"open","ping_status":"closed","template":"","meta":[],"product_brand":[],"product_cat":[661],"product_tag":[695,636,665,694,663,691,775,692,702],"class_list":{"0":"post-60864","1":"product","2":"type-product","3":"status-publish","4":"has-post-thumbnail","6":"product_cat-klasicke","7":"product_tag-a4-sk","8":"product_tag-chiara-sk","9":"product_tag-cierna","10":"product_tag-hladka-koza","11":"product_tag-kabelka","12":"product_tag-klasicka","13":"product_tag-subscribers-only-sk","14":"product_tag-univerzalna","15":"product_tag-zlate-kovanie","17":"first","18":"onbackorder","19":"featured","20":"shipping-taxable","21":"purchasable","22":"product-type-simple"},"yoast_head":"<!-- This site is optimized with the Yoast SEO plugin v27.4 - https:\/\/yoast.com\/product\/yoast-seo-wordpress\/ -->\n<title>Kabelka Chiara Mery \u2013 \u010cierna Kabelka z Hladkej Ko\u017ee<\/title>\n<meta name=\"description\" content=\"Kabelka Chiara Mery je \u010dierna kabelka z hladkej ko\u017ee s efektn\u00fdm strieborn\u00fdm kovan\u00edm. Ide\u00e1lna do pr\u00e1ce, na univerzitu a na ka\u017edodenn\u00e9 vych\u00e1dzky.\" \/>\n<meta name=\"robots\" content=\"index, follow, max-snippet:-1, max-image-preview:large, max-video-preview:-1\" \/>\n<link rel=\"canonical\" href=\"https:\/\/chiara-design.com\/sk\/produkt\/kabelka-chiara-mery-cierna-kabelka-z-hladkej-koze\/\" \/>\n<meta property=\"og:locale\" content=\"sk_SK\" \/>\n<meta property=\"og:type\" content=\"article\" \/>\n<meta property=\"og:title\" content=\"Kabelka Chiara Mery \u2013 \u010cierna Kabelka z Hladkej Ko\u017ee\" \/>\n<meta property=\"og:description\" content=\"Kabelka Chiara Mery je \u010dierna kabelka z hladkej ko\u017ee s efektn\u00fdm strieborn\u00fdm kovan\u00edm. Ide\u00e1lna do pr\u00e1ce, na univerzitu a na ka\u017edodenn\u00e9 vych\u00e1dzky.\" \/>\n<meta property=\"og:url\" content=\"https:\/\/chiara-design.com\/sk\/produkt\/kabelka-chiara-mery-cierna-kabelka-z-hladkej-koze\/\" \/>\n<meta property=\"og:site_name\" content=\"Chiara Design\" \/>\n<meta property=\"article:publisher\" content=\"https:\/\/www.facebook.com\/ChiaraDesignPL\" \/>\n<meta property=\"article:modified_time\" content=\"2025-09-23T09:49:56+00:00\" \/>\n<meta property=\"og:image\" content=\"https:\/\/chiara-design.com\/wp-content\/uploads\/2025\/02\/I5051-mery-czarna-1.webp\" \/>\n\t<meta property=\"og:image:width\" content=\"1200\" \/>\n\t<meta property=\"og:image:height\" content=\"1500\" \/>\n\t<meta property=\"og:image:type\" content=\"image\/webp\" \/>\n<meta name=\"twitter:card\" content=\"summary_large_image\" \/>\n<meta name=\"twitter:label1\" content=\"Predpokladan\u00fd \u010das \u010d\u00edtania\" \/>\n\t<meta name=\"twitter:data1\" content=\"2 min\u00faty\" \/>\n<script type=\"application\/ld+json\" class=\"yoast-schema-graph\">{\"@context\":\"https:\\\/\\\/schema.org\",\"@graph\":[{\"@type\":\"WebPage\",\"@id\":\"https:\\\/\\\/chiara-design.com\\\/sk\\\/produkt\\\/kabelka-chiara-mery-cierna-kabelka-z-hladkej-koze\\\/\",\"url\":\"https:\\\/\\\/chiara-design.com\\\/sk\\\/produkt\\\/kabelka-chiara-mery-cierna-kabelka-z-hladkej-koze\\\/\",\"name\":\"Kabelka Chiara Mery \u2013 \u010cierna Kabelka z Hladkej Ko\u017ee\",\"isPartOf\":{\"@id\":\"https:\\\/\\\/chiara-design.com\\\/#website\"},\"primaryImageOfPage\":{\"@id\":\"https:\\\/\\\/chiara-design.com\\\/sk\\\/produkt\\\/kabelka-chiara-mery-cierna-kabelka-z-hladkej-koze\\\/#primaryimage\"},\"image\":{\"@id\":\"https:\\\/\\\/chiara-design.com\\\/sk\\\/produkt\\\/kabelka-chiara-mery-cierna-kabelka-z-hladkej-koze\\\/#primaryimage\"},\"thumbnailUrl\":\"https:\\\/\\\/chiara-design.com\\\/wp-content\\\/uploads\\\/2025\\\/02\\\/MERY-BLACK_1.webp\",\"datePublished\":\"2025-02-17T23:48:42+00:00\",\"dateModified\":\"2025-09-23T09:49:56+00:00\",\"description\":\"Kabelka Chiara Mery je \u010dierna kabelka z hladkej ko\u017ee s efektn\u00fdm strieborn\u00fdm kovan\u00edm. Ide\u00e1lna do pr\u00e1ce, na univerzitu a na ka\u017edodenn\u00e9 vych\u00e1dzky.\",\"breadcrumb\":{\"@id\":\"https:\\\/\\\/chiara-design.com\\\/sk\\\/produkt\\\/kabelka-chiara-mery-cierna-kabelka-z-hladkej-koze\\\/#breadcrumb\"},\"inLanguage\":\"sk-SK\",\"potentialAction\":[{\"@type\":\"ReadAction\",\"target\":[\"https:\\\/\\\/chiara-design.com\\\/sk\\\/produkt\\\/kabelka-chiara-mery-cierna-kabelka-z-hladkej-koze\\\/\"]}]},{\"@type\":\"ImageObject\",\"inLanguage\":\"sk-SK\",\"@id\":\"https:\\\/\\\/chiara-design.com\\\/sk\\\/produkt\\\/kabelka-chiara-mery-cierna-kabelka-z-hladkej-koze\\\/#primaryimage\",\"url\":\"https:\\\/\\\/chiara-design.com\\\/wp-content\\\/uploads\\\/2025\\\/02\\\/MERY-BLACK_1.webp\",\"contentUrl\":\"https:\\\/\\\/chiara-design.com\\\/wp-content\\\/uploads\\\/2025\\\/02\\\/MERY-BLACK_1.webp\",\"width\":1900,\"height\":2492},{\"@type\":\"BreadcrumbList\",\"@id\":\"https:\\\/\\\/chiara-design.com\\\/sk\\\/produkt\\\/kabelka-chiara-mery-cierna-kabelka-z-hladkej-koze\\\/#breadcrumb\",\"itemListElement\":[{\"@type\":\"ListItem\",\"position\":1,\"name\":\"Home\",\"item\":\"https:\\\/\\\/chiara-design.com\\\/sk\\\/damske-kabelky-chiara-design\\\/\"},{\"@type\":\"ListItem\",\"position\":2,\"name\":\"Obchod\",\"item\":\"https:\\\/\\\/chiara-design.com\\\/sklep\\\/\"},{\"@type\":\"ListItem\",\"position\":3,\"name\":\"Kabelka Chiara Mery \u2013 \u010cierna Kabelka z Hladkej Ko\u017ee\"}]},{\"@type\":\"WebSite\",\"@id\":\"https:\\\/\\\/chiara-design.com\\\/#website\",\"url\":\"https:\\\/\\\/chiara-design.com\\\/\",\"name\":\"Chiara Design\",\"description\":\"Tw\u00f3j ulubiony sklep online z torebkami.\",\"publisher\":{\"@id\":\"https:\\\/\\\/chiara-design.com\\\/#organization\"},\"potentialAction\":[{\"@type\":\"SearchAction\",\"target\":{\"@type\":\"EntryPoint\",\"urlTemplate\":\"https:\\\/\\\/chiara-design.com\\\/?s={search_term_string}\"},\"query-input\":{\"@type\":\"PropertyValueSpecification\",\"valueRequired\":true,\"valueName\":\"search_term_string\"}}],\"inLanguage\":\"sk-SK\"},{\"@type\":\"Organization\",\"@id\":\"https:\\\/\\\/chiara-design.com\\\/#organization\",\"name\":\"Chiara Design\",\"url\":\"https:\\\/\\\/chiara-design.com\\\/\",\"logo\":{\"@type\":\"ImageObject\",\"inLanguage\":\"sk-SK\",\"@id\":\"https:\\\/\\\/chiara-design.com\\\/#\\\/schema\\\/logo\\\/image\\\/\",\"url\":\"https:\\\/\\\/chiara-design.com\\\/wp-content\\\/uploads\\\/2024\\\/09\\\/CHIARA-DESIGN-LOGO.png\",\"contentUrl\":\"https:\\\/\\\/chiara-design.com\\\/wp-content\\\/uploads\\\/2024\\\/09\\\/CHIARA-DESIGN-LOGO.png\",\"width\":500,\"height\":158,\"caption\":\"Chiara Design\"},\"image\":{\"@id\":\"https:\\\/\\\/chiara-design.com\\\/#\\\/schema\\\/logo\\\/image\\\/\"},\"sameAs\":[\"https:\\\/\\\/www.facebook.com\\\/ChiaraDesignPL\",\"https:\\\/\\\/www.instagram.com\\\/chiara_design_\\\/\"]}]}<\/script>\n<!-- \/ Yoast SEO plugin. -->","yoast_head_json":{"title":"Kabelka Chiara Mery \u2013 \u010cierna Kabelka z Hladkej Ko\u017ee","description":"Kabelka Chiara Mery je \u010dierna kabelka z hladkej ko\u017ee s efektn\u00fdm strieborn\u00fdm kovan\u00edm. Ide\u00e1lna do pr\u00e1ce, na univerzitu a na ka\u017edodenn\u00e9 vych\u00e1dzky.","robots":{"index":"index","follow":"follow","max-snippet":"max-snippet:-1","max-image-preview":"max-image-preview:large","max-video-preview":"max-video-preview:-1"},"canonical":"https:\/\/chiara-design.com\/sk\/produkt\/kabelka-chiara-mery-cierna-kabelka-z-hladkej-koze\/","og_locale":"sk_SK","og_type":"article","og_title":"Kabelka Chiara Mery \u2013 \u010cierna Kabelka z Hladkej Ko\u017ee","og_description":"Kabelka Chiara Mery je \u010dierna kabelka z hladkej ko\u017ee s efektn\u00fdm strieborn\u00fdm kovan\u00edm. Ide\u00e1lna do pr\u00e1ce, na univerzitu a na ka\u017edodenn\u00e9 vych\u00e1dzky.","og_url":"https:\/\/chiara-design.com\/sk\/produkt\/kabelka-chiara-mery-cierna-kabelka-z-hladkej-koze\/","og_site_name":"Chiara Design","article_publisher":"https:\/\/www.facebook.com\/ChiaraDesignPL","article_modified_time":"2025-09-23T09:49:56+00:00","og_image":[{"width":1200,"height":1500,"url":"https:\/\/chiara-design.com\/wp-content\/uploads\/2025\/02\/I5051-mery-czarna-1.webp","type":"image\/webp"}],"twitter_card":"summary_large_image","twitter_misc":{"Predpokladan\u00fd \u010das \u010d\u00edtania":"2 min\u00faty"},"schema":{"@context":"https:\/\/schema.org","@graph":[{"@type":"WebPage","@id":"https:\/\/chiara-design.com\/sk\/produkt\/kabelka-chiara-mery-cierna-kabelka-z-hladkej-koze\/","url":"https:\/\/chiara-design.com\/sk\/produkt\/kabelka-chiara-mery-cierna-kabelka-z-hladkej-koze\/","name":"Kabelka Chiara Mery \u2013 \u010cierna Kabelka z Hladkej Ko\u017ee","isPartOf":{"@id":"https:\/\/chiara-design.com\/#website"},"primaryImageOfPage":{"@id":"https:\/\/chiara-design.com\/sk\/produkt\/kabelka-chiara-mery-cierna-kabelka-z-hladkej-koze\/#primaryimage"},"image":{"@id":"https:\/\/chiara-design.com\/sk\/produkt\/kabelka-chiara-mery-cierna-kabelka-z-hladkej-koze\/#primaryimage"},"thumbnailUrl":"https:\/\/chiara-design.com\/wp-content\/uploads\/2025\/02\/MERY-BLACK_1.webp","datePublished":"2025-02-17T23:48:42+00:00","dateModified":"2025-09-23T09:49:56+00:00","description":"Kabelka Chiara Mery je \u010dierna kabelka z hladkej ko\u017ee s efektn\u00fdm strieborn\u00fdm kovan\u00edm. Ide\u00e1lna do pr\u00e1ce, na univerzitu a na ka\u017edodenn\u00e9 vych\u00e1dzky.","breadcrumb":{"@id":"https:\/\/chiara-design.com\/sk\/produkt\/kabelka-chiara-mery-cierna-kabelka-z-hladkej-koze\/#breadcrumb"},"inLanguage":"sk-SK","potentialAction":[{"@type":"ReadAction","target":["https:\/\/chiara-design.com\/sk\/produkt\/kabelka-chiara-mery-cierna-kabelka-z-hladkej-koze\/"]}]},{"@type":"ImageObject","inLanguage":"sk-SK","@id":"https:\/\/chiara-design.com\/sk\/produkt\/kabelka-chiara-mery-cierna-kabelka-z-hladkej-koze\/#primaryimage","url":"https:\/\/chiara-design.com\/wp-content\/uploads\/2025\/02\/MERY-BLACK_1.webp","contentUrl":"https:\/\/chiara-design.com\/wp-content\/uploads\/2025\/02\/MERY-BLACK_1.webp","width":1900,"height":2492},{"@type":"BreadcrumbList","@id":"https:\/\/chiara-design.com\/sk\/produkt\/kabelka-chiara-mery-cierna-kabelka-z-hladkej-koze\/#breadcrumb","itemListElement":[{"@type":"ListItem","position":1,"name":"Home","item":"https:\/\/chiara-design.com\/sk\/damske-kabelky-chiara-design\/"},{"@type":"ListItem","position":2,"name":"Obchod","item":"https:\/\/chiara-design.com\/sklep\/"},{"@type":"ListItem","position":3,"name":"Kabelka Chiara Mery \u2013 \u010cierna Kabelka z Hladkej Ko\u017ee"}]},{"@type":"WebSite","@id":"https:\/\/chiara-design.com\/#website","url":"https:\/\/chiara-design.com\/","name":"Chiara Design","description":"Tw\u00f3j ulubiony sklep online z torebkami.","publisher":{"@id":"https:\/\/chiara-design.com\/#organization"},"potentialAction":[{"@type":"SearchAction","target":{"@type":"EntryPoint","urlTemplate":"https:\/\/chiara-design.com\/?s={search_term_string}"},"query-input":{"@type":"PropertyValueSpecification","valueRequired":true,"valueName":"search_term_string"}}],"inLanguage":"sk-SK"},{"@type":"Organization","@id":"https:\/\/chiara-design.com\/#organization","name":"Chiara Design","url":"https:\/\/chiara-design.com\/","logo":{"@type":"ImageObject","inLanguage":"sk-SK","@id":"https:\/\/chiara-design.com\/#\/schema\/logo\/image\/","url":"https:\/\/chiara-design.com\/wp-content\/uploads\/2024\/09\/CHIARA-DESIGN-LOGO.png","contentUrl":"https:\/\/chiara-design.com\/wp-content\/uploads\/2024\/09\/CHIARA-DESIGN-LOGO.png","width":500,"height":158,"caption":"Chiara Design"},"image":{"@id":"https:\/\/chiara-design.com\/#\/schema\/logo\/image\/"},"sameAs":["https:\/\/www.facebook.com\/ChiaraDesignPL","https:\/\/www.instagram.com\/chiara_design_\/"]}]}},"jetpack_sharing_enabled":true,"_links":{"self":[{"href":"https:\/\/chiara-design.com\/sk\/wp-json\/wp\/v2\/product\/60864","targetHints":{"allow":["GET"]}}],"collection":[{"href":"https:\/\/chiara-design.com\/sk\/wp-json\/wp\/v2\/product"}],"about":[{"href":"https:\/\/chiara-design.com\/sk\/wp-json\/wp\/v2\/types\/product"}],"replies":[{"embeddable":true,"href":"https:\/\/chiara-design.com\/sk\/wp-json\/wp\/v2\/comments?post=60864"}],"wp:featuredmedia":[{"embeddable":true,"href":"https:\/\/chiara-design.com\/sk\/wp-json\/wp\/v2\/media\/58856"}],"wp:attachment":[{"href":"https:\/\/chiara-design.com\/sk\/wp-json\/wp\/v2\/media?parent=60864"}],"wp:term":[{"taxonomy":"product_brand","embeddable":true,"href":"https:\/\/chiara-design.com\/sk\/wp-json\/wp\/v2\/product_brand?post=60864"},{"taxonomy":"product_cat","embeddable":true,"href":"https:\/\/chiara-design.com\/sk\/wp-json\/wp\/v2\/product_cat?post=60864"},{"taxonomy":"product_tag","embeddable":true,"href":"https:\/\/chiara-design.com\/sk\/wp-json\/wp\/v2\/product_tag?post=60864"}],"curies":[{"name":"wp","href":"https:\/\/api.w.org\/{rel}","templated":true}]}}