{"id":60860,"date":"2025-02-18T00:48:43","date_gmt":"2025-02-17T23:48:43","guid":{"rendered":"https:\/\/chiara-design.com\/product\/kabelka-chiara-joy-cierna-crossbody-kabelka-z-prirodnej-koze\/"},"modified":"2025-09-23T11:49:55","modified_gmt":"2025-09-23T09:49:55","slug":"kabelka-chiara-joy-cierna-crossbody-kabelka-z-prirodnej-koze","status":"publish","type":"product","link":"https:\/\/chiara-design.com\/sk\/produkt\/kabelka-chiara-joy-cierna-crossbody-kabelka-z-prirodnej-koze\/","title":{"rendered":"Kabelka Chiara Joy \u2013 \u010cierna Crossbody kabelka z Pr\u00edrodnej Ko\u017ee"},"content":{"rendered":"<p>&lt;h2&gt;Kabelka Chiara Joy \u2013 ide\u00e1lna crossbody kabelka na ka\u017ed\u00fd de\u0148&lt;\/h2&gt;<br \/>\nKabelka Chiara Joy \u2013 \u010cierna Crossbody kabelka z Pr\u00edrodnej Ko\u017ee je jedine\u010dn\u00fd produkt, ktor\u00fd sp\u00e1ja eleganciu s funk\u010dnos\u0165ou. Vyrobili sme ju z najkvalitnej\u0161ej pr\u00edrodnej ko\u017ee, preto zaru\u010duje trv\u00e1cnos\u0165 a \u0161t\u00fdlov\u00fd vzh\u013ead na mnoho rokov. Navy\u0161e, text\u00fara hr\u00e1\u0161ku dod\u00e1va kabelke unik\u00e1tny charakter, ktor\u00fd sa ide\u00e1lne hod\u00ed do modern\u00e9ho mestsk\u00e9ho \u017eivotn\u00e9ho \u0161t\u00fdlu.<br \/>\n&lt;h3&gt;V\u0161estrann\u00fd dizajn a praktickos\u0165&lt;\/h3&gt;<br \/>\nKabelka Chiara Joy bola navrhnut\u00e1 s my\u0161lienkou na n\u00e1ro\u010dn\u00fdch pou\u017e\u00edvate\u013eov. V\u010faka \u010diernej farbe sa dokonale hod\u00ed k mnoh\u00fdm outfitom, preto sa osved\u010d\u00ed na stretnutiach aj v pr\u00e1ci. Okrem toho je produkt \u013eahk\u00fd a ve\u013emi priestrann\u00fd, \u010do umo\u017e\u0148uje ulo\u017eenie v\u0161etk\u00fdch nevyhnutn\u00fdch drobnost\u00ed. Dodato\u010dne stoj\u00ed za zmienku:<br \/>\n&lt;ul&gt;<br \/>\n \t&lt;li&gt;Premyslen\u00e1 organiz\u00e1cia vn\u00fatra s jednou hlavnou komorou zabezpe\u010denou zipsom;&lt;\/li&gt;<br \/>\n \t&lt;li&gt;Dodato\u010dn\u00e1 priehradka, ktor\u00e1 pln\u00ed funkciu priestrann\u00e9ho vrecka;&lt;\/li&gt;<br \/>\n \t&lt;li&gt;Otvoren\u00e9 vreck\u00e1 na drobnosti a vreck\u00e1 na zips vpredu aj vzadu;&lt;\/li&gt;<br \/>\n \t&lt;li&gt;Nastavite\u013en\u00fd popruh, ktor\u00fd umo\u017e\u0148uje nosenie kabelky crossbody;&lt;\/li&gt;<br \/>\n \t&lt;li&gt;Pohodln\u00e1, profilovan\u00e1 r\u00fa\u010dka, v\u010faka ktorej m\u00f4\u017eete kabelku nosi\u0165 na ramene;&lt;\/li&gt;<br \/>\n \t&lt;li&gt;Dodato\u010dn\u00fd doplnok \u2013 zrkadielko v tvare srdca na retiazke, ktor\u00e9 dod\u00e1va \u0161arm.&lt;\/li&gt;<br \/>\n&lt;\/ul&gt;<br \/>\n&lt;h3&gt;Funk\u010dnos\u0165 a \u0161t\u00fdl v jednom&lt;\/h3&gt;<br \/>\nNavy\u0161e bola kabelka Chiara Joy vytvoren\u00e1 s my\u0161lienkou na \u013eahk\u00fd pr\u00edstup k ulo\u017een\u00fdm predmetom. Preto jej funk\u010dn\u00e9 vn\u00fatro umo\u017e\u0148uje udr\u017eiava\u0165 poriadok aj v najru\u0161nej\u0161om dni. Okrem toho po\u010detn\u00e9 vreck\u00e1 umo\u017e\u0148uj\u00fa r\u00fdchle n\u00e1jdenie k\u013e\u00fa\u010dov, telef\u00f3nu alebo pe\u0148a\u017eenky, preto sa jej pou\u017e\u00edvanie st\u00e1va mimoriadne pohodln\u00fdm.<br \/>\n&lt;h3&gt;Pre\u010do si vybra\u0165 Kabelku Chiara Joy?&lt;\/h3&gt;<br \/>\nKabelka Chiara Joy je synonymom pohodlia a \u0161t\u00fdlu. Preto, ak si cen\u00edte vysok\u00fa kvalitu spracovania a jedine\u010dn\u00fd dizajn, tento produkt bude ide\u00e1lnou vo\u013ebou. V\u010faka svojej v\u0161estrannosti sa kabelka osved\u010d\u00ed po\u010das ka\u017edodenn\u00fdch vych\u00e1dzok, stretnut\u00ed s priate\u013emi a v pr\u00e1ci. Dodato\u010dne, nastavite\u013en\u00fd popruh a ergonomick\u00e1 r\u00fa\u010dka zais\u0165uj\u00fa pohodlie pri nosen\u00ed, \u010do z nej rob\u00ed nielen m\u00f3dny, ale aj praktick\u00fd doplnok.<\/p>\n<p>Zhrnut\u00edm, Kabelka Chiara Joy \u2013 \u010cierna Crossbody kabelka z Pr\u00edrodnej Ko\u017ee je produkt, ktor\u00fd sp\u00e1ja modern\u00fd dizajn s funk\u010dnos\u0165ou. Preto sa oplat\u00ed stavi\u0165 na toto rie\u0161enie, aby ste dodali eleganciu svojim ka\u017edodenn\u00fdm outfitom. V\u010faka tomu si budete u\u017e\u00edva\u0165 nielen m\u00f3dny vzh\u013ead, ale aj pohodlie pri pou\u017e\u00edvan\u00ed.<\/p>\n<p>&lt;strong&gt;Model: E6019&lt;\/strong&gt;<\/p>\n","protected":false},"excerpt":{"rendered":"<p>\u010cierna crossbody kabelka Chiara Joy z pr\u00edrodnej ko\u017ee. \u013dahk\u00e1, priestrann\u00e1 a \u0161t\u00fdlov\u00e1, ide\u00e1lna na ka\u017edodenn\u00e9 vych\u00e1dzky.<\/p>\n","protected":false},"featured_media":59125,"comment_status":"open","ping_status":"closed","template":"","meta":[],"product_brand":[],"product_cat":[648],"product_tag":[731,636,665,649,663,691,637,775,692],"class_list":{"0":"post-60860","1":"product","2":"type-product","3":"status-publish","4":"has-post-thumbnail","6":"product_cat-crossbody-kabelky","7":"product_tag-a5-sk","8":"product_tag-chiara-sk","9":"product_tag-cierna","10":"product_tag-crossbody-kabelka","11":"product_tag-kabelka","12":"product_tag-klasicka","13":"product_tag-prirodna-koza","14":"product_tag-subscribers-only-sk","15":"product_tag-univerzalna","17":"first","18":"instock","19":"shipping-taxable","20":"purchasable","21":"product-type-simple"},"yoast_head":"<!-- This site is optimized with the Yoast SEO plugin v27.4 - https:\/\/yoast.com\/product\/yoast-seo-wordpress\/ -->\n<title>Kabelka Chiara Joy \u2013 B\u00e9\u017eov\u00e1 Crossbody kabelka z Pr\u00edrodnej Ko\u017eeKabelka Chiara Joy \u2013 \u010cierna Crossbody kabelka z Pr\u00edrodnej Ko\u017ee<\/title>\n<meta name=\"description\" content=\"Kabelka Chiara Joy je \u010dierna crossbody kabelka z pr\u00edrodnej ko\u017ee. \u013dahk\u00e1, priestrann\u00e1 a \u0161t\u00fdlov\u00e1 \u2013 ide\u00e1lna na ka\u017edodenn\u00e9 vych\u00e1dzky a stretnutia.\" \/>\n<meta name=\"robots\" content=\"index, follow, max-snippet:-1, max-image-preview:large, max-video-preview:-1\" \/>\n<link rel=\"canonical\" href=\"https:\/\/chiara-design.com\/sk\/produkt\/kabelka-chiara-joy-cierna-crossbody-kabelka-z-prirodnej-koze\/\" \/>\n<meta property=\"og:locale\" content=\"sk_SK\" \/>\n<meta property=\"og:type\" content=\"article\" \/>\n<meta property=\"og:title\" content=\"Kabelka Chiara Joy \u2013 B\u00e9\u017eov\u00e1 Crossbody kabelka z Pr\u00edrodnej Ko\u017eeKabelka Chiara Joy \u2013 \u010cierna Crossbody kabelka z Pr\u00edrodnej Ko\u017ee\" \/>\n<meta property=\"og:description\" content=\"Kabelka Chiara Joy je \u010dierna crossbody kabelka z pr\u00edrodnej ko\u017ee. \u013dahk\u00e1, priestrann\u00e1 a \u0161t\u00fdlov\u00e1 \u2013 ide\u00e1lna na ka\u017edodenn\u00e9 vych\u00e1dzky a stretnutia.\" \/>\n<meta property=\"og:url\" content=\"https:\/\/chiara-design.com\/sk\/produkt\/kabelka-chiara-joy-cierna-crossbody-kabelka-z-prirodnej-koze\/\" \/>\n<meta property=\"og:site_name\" content=\"Chiara Design\" \/>\n<meta property=\"article:publisher\" content=\"https:\/\/www.facebook.com\/ChiaraDesignPL\" \/>\n<meta property=\"article:modified_time\" content=\"2025-09-23T09:49:55+00:00\" \/>\n<meta property=\"og:image\" content=\"https:\/\/chiara-design.com\/wp-content\/uploads\/2025\/03\/Joy-Czarna-scaled.webp\" \/>\n\t<meta property=\"og:image:width\" content=\"1707\" \/>\n\t<meta property=\"og:image:height\" content=\"2560\" \/>\n\t<meta property=\"og:image:type\" content=\"image\/webp\" \/>\n<meta name=\"twitter:card\" content=\"summary_large_image\" \/>\n<meta name=\"twitter:label1\" content=\"Predpokladan\u00fd \u010das \u010d\u00edtania\" \/>\n\t<meta name=\"twitter:data1\" content=\"3 min\u00faty\" \/>\n<script type=\"application\/ld+json\" class=\"yoast-schema-graph\">{\"@context\":\"https:\\\/\\\/schema.org\",\"@graph\":[{\"@type\":\"WebPage\",\"@id\":\"https:\\\/\\\/chiara-design.com\\\/sk\\\/produkt\\\/kabelka-chiara-joy-cierna-crossbody-kabelka-z-prirodnej-koze\\\/\",\"url\":\"https:\\\/\\\/chiara-design.com\\\/sk\\\/produkt\\\/kabelka-chiara-joy-cierna-crossbody-kabelka-z-prirodnej-koze\\\/\",\"name\":\"Kabelka Chiara Joy \u2013 B\u00e9\u017eov\u00e1 Crossbody kabelka z Pr\u00edrodnej Ko\u017eeKabelka Chiara Joy \u2013 \u010cierna Crossbody kabelka z Pr\u00edrodnej Ko\u017ee\",\"isPartOf\":{\"@id\":\"https:\\\/\\\/chiara-design.com\\\/#website\"},\"primaryImageOfPage\":{\"@id\":\"https:\\\/\\\/chiara-design.com\\\/sk\\\/produkt\\\/kabelka-chiara-joy-cierna-crossbody-kabelka-z-prirodnej-koze\\\/#primaryimage\"},\"image\":{\"@id\":\"https:\\\/\\\/chiara-design.com\\\/sk\\\/produkt\\\/kabelka-chiara-joy-cierna-crossbody-kabelka-z-prirodnej-koze\\\/#primaryimage\"},\"thumbnailUrl\":\"https:\\\/\\\/chiara-design.com\\\/wp-content\\\/uploads\\\/2025\\\/03\\\/joy-czarna_1.webp\",\"datePublished\":\"2025-02-17T23:48:43+00:00\",\"dateModified\":\"2025-09-23T09:49:55+00:00\",\"description\":\"Kabelka Chiara Joy je \u010dierna crossbody kabelka z pr\u00edrodnej ko\u017ee. \u013dahk\u00e1, priestrann\u00e1 a \u0161t\u00fdlov\u00e1 \u2013 ide\u00e1lna na ka\u017edodenn\u00e9 vych\u00e1dzky a stretnutia.\",\"breadcrumb\":{\"@id\":\"https:\\\/\\\/chiara-design.com\\\/sk\\\/produkt\\\/kabelka-chiara-joy-cierna-crossbody-kabelka-z-prirodnej-koze\\\/#breadcrumb\"},\"inLanguage\":\"sk-SK\",\"potentialAction\":[{\"@type\":\"ReadAction\",\"target\":[\"https:\\\/\\\/chiara-design.com\\\/sk\\\/produkt\\\/kabelka-chiara-joy-cierna-crossbody-kabelka-z-prirodnej-koze\\\/\"]}]},{\"@type\":\"ImageObject\",\"inLanguage\":\"sk-SK\",\"@id\":\"https:\\\/\\\/chiara-design.com\\\/sk\\\/produkt\\\/kabelka-chiara-joy-cierna-crossbody-kabelka-z-prirodnej-koze\\\/#primaryimage\",\"url\":\"https:\\\/\\\/chiara-design.com\\\/wp-content\\\/uploads\\\/2025\\\/03\\\/joy-czarna_1.webp\",\"contentUrl\":\"https:\\\/\\\/chiara-design.com\\\/wp-content\\\/uploads\\\/2025\\\/03\\\/joy-czarna_1.webp\",\"width\":1900,\"height\":2492},{\"@type\":\"BreadcrumbList\",\"@id\":\"https:\\\/\\\/chiara-design.com\\\/sk\\\/produkt\\\/kabelka-chiara-joy-cierna-crossbody-kabelka-z-prirodnej-koze\\\/#breadcrumb\",\"itemListElement\":[{\"@type\":\"ListItem\",\"position\":1,\"name\":\"Home\",\"item\":\"https:\\\/\\\/chiara-design.com\\\/sk\\\/damske-kabelky-chiara-design\\\/\"},{\"@type\":\"ListItem\",\"position\":2,\"name\":\"Obchod\",\"item\":\"https:\\\/\\\/chiara-design.com\\\/sklep\\\/\"},{\"@type\":\"ListItem\",\"position\":3,\"name\":\"Kabelka Chiara Joy \u2013 \u010cierna Crossbody kabelka z Pr\u00edrodnej Ko\u017ee\"}]},{\"@type\":\"WebSite\",\"@id\":\"https:\\\/\\\/chiara-design.com\\\/#website\",\"url\":\"https:\\\/\\\/chiara-design.com\\\/\",\"name\":\"Chiara Design\",\"description\":\"Tw\u00f3j ulubiony sklep online z torebkami.\",\"publisher\":{\"@id\":\"https:\\\/\\\/chiara-design.com\\\/#organization\"},\"potentialAction\":[{\"@type\":\"SearchAction\",\"target\":{\"@type\":\"EntryPoint\",\"urlTemplate\":\"https:\\\/\\\/chiara-design.com\\\/?s={search_term_string}\"},\"query-input\":{\"@type\":\"PropertyValueSpecification\",\"valueRequired\":true,\"valueName\":\"search_term_string\"}}],\"inLanguage\":\"sk-SK\"},{\"@type\":\"Organization\",\"@id\":\"https:\\\/\\\/chiara-design.com\\\/#organization\",\"name\":\"Chiara Design\",\"url\":\"https:\\\/\\\/chiara-design.com\\\/\",\"logo\":{\"@type\":\"ImageObject\",\"inLanguage\":\"sk-SK\",\"@id\":\"https:\\\/\\\/chiara-design.com\\\/#\\\/schema\\\/logo\\\/image\\\/\",\"url\":\"https:\\\/\\\/chiara-design.com\\\/wp-content\\\/uploads\\\/2024\\\/09\\\/CHIARA-DESIGN-LOGO.png\",\"contentUrl\":\"https:\\\/\\\/chiara-design.com\\\/wp-content\\\/uploads\\\/2024\\\/09\\\/CHIARA-DESIGN-LOGO.png\",\"width\":500,\"height\":158,\"caption\":\"Chiara Design\"},\"image\":{\"@id\":\"https:\\\/\\\/chiara-design.com\\\/#\\\/schema\\\/logo\\\/image\\\/\"},\"sameAs\":[\"https:\\\/\\\/www.facebook.com\\\/ChiaraDesignPL\",\"https:\\\/\\\/www.instagram.com\\\/chiara_design_\\\/\"]}]}<\/script>\n<!-- \/ Yoast SEO plugin. -->","yoast_head_json":{"title":"Kabelka Chiara Joy \u2013 B\u00e9\u017eov\u00e1 Crossbody kabelka z Pr\u00edrodnej Ko\u017eeKabelka Chiara Joy \u2013 \u010cierna Crossbody kabelka z Pr\u00edrodnej Ko\u017ee","description":"Kabelka Chiara Joy je \u010dierna crossbody kabelka z pr\u00edrodnej ko\u017ee. \u013dahk\u00e1, priestrann\u00e1 a \u0161t\u00fdlov\u00e1 \u2013 ide\u00e1lna na ka\u017edodenn\u00e9 vych\u00e1dzky a stretnutia.","robots":{"index":"index","follow":"follow","max-snippet":"max-snippet:-1","max-image-preview":"max-image-preview:large","max-video-preview":"max-video-preview:-1"},"canonical":"https:\/\/chiara-design.com\/sk\/produkt\/kabelka-chiara-joy-cierna-crossbody-kabelka-z-prirodnej-koze\/","og_locale":"sk_SK","og_type":"article","og_title":"Kabelka Chiara Joy \u2013 B\u00e9\u017eov\u00e1 Crossbody kabelka z Pr\u00edrodnej Ko\u017eeKabelka Chiara Joy \u2013 \u010cierna Crossbody kabelka z Pr\u00edrodnej Ko\u017ee","og_description":"Kabelka Chiara Joy je \u010dierna crossbody kabelka z pr\u00edrodnej ko\u017ee. \u013dahk\u00e1, priestrann\u00e1 a \u0161t\u00fdlov\u00e1 \u2013 ide\u00e1lna na ka\u017edodenn\u00e9 vych\u00e1dzky a stretnutia.","og_url":"https:\/\/chiara-design.com\/sk\/produkt\/kabelka-chiara-joy-cierna-crossbody-kabelka-z-prirodnej-koze\/","og_site_name":"Chiara Design","article_publisher":"https:\/\/www.facebook.com\/ChiaraDesignPL","article_modified_time":"2025-09-23T09:49:55+00:00","og_image":[{"width":1707,"height":2560,"url":"https:\/\/chiara-design.com\/wp-content\/uploads\/2025\/03\/Joy-Czarna-scaled.webp","type":"image\/webp"}],"twitter_card":"summary_large_image","twitter_misc":{"Predpokladan\u00fd \u010das \u010d\u00edtania":"3 min\u00faty"},"schema":{"@context":"https:\/\/schema.org","@graph":[{"@type":"WebPage","@id":"https:\/\/chiara-design.com\/sk\/produkt\/kabelka-chiara-joy-cierna-crossbody-kabelka-z-prirodnej-koze\/","url":"https:\/\/chiara-design.com\/sk\/produkt\/kabelka-chiara-joy-cierna-crossbody-kabelka-z-prirodnej-koze\/","name":"Kabelka Chiara Joy \u2013 B\u00e9\u017eov\u00e1 Crossbody kabelka z Pr\u00edrodnej Ko\u017eeKabelka Chiara Joy \u2013 \u010cierna Crossbody kabelka z Pr\u00edrodnej Ko\u017ee","isPartOf":{"@id":"https:\/\/chiara-design.com\/#website"},"primaryImageOfPage":{"@id":"https:\/\/chiara-design.com\/sk\/produkt\/kabelka-chiara-joy-cierna-crossbody-kabelka-z-prirodnej-koze\/#primaryimage"},"image":{"@id":"https:\/\/chiara-design.com\/sk\/produkt\/kabelka-chiara-joy-cierna-crossbody-kabelka-z-prirodnej-koze\/#primaryimage"},"thumbnailUrl":"https:\/\/chiara-design.com\/wp-content\/uploads\/2025\/03\/joy-czarna_1.webp","datePublished":"2025-02-17T23:48:43+00:00","dateModified":"2025-09-23T09:49:55+00:00","description":"Kabelka Chiara Joy je \u010dierna crossbody kabelka z pr\u00edrodnej ko\u017ee. \u013dahk\u00e1, priestrann\u00e1 a \u0161t\u00fdlov\u00e1 \u2013 ide\u00e1lna na ka\u017edodenn\u00e9 vych\u00e1dzky a stretnutia.","breadcrumb":{"@id":"https:\/\/chiara-design.com\/sk\/produkt\/kabelka-chiara-joy-cierna-crossbody-kabelka-z-prirodnej-koze\/#breadcrumb"},"inLanguage":"sk-SK","potentialAction":[{"@type":"ReadAction","target":["https:\/\/chiara-design.com\/sk\/produkt\/kabelka-chiara-joy-cierna-crossbody-kabelka-z-prirodnej-koze\/"]}]},{"@type":"ImageObject","inLanguage":"sk-SK","@id":"https:\/\/chiara-design.com\/sk\/produkt\/kabelka-chiara-joy-cierna-crossbody-kabelka-z-prirodnej-koze\/#primaryimage","url":"https:\/\/chiara-design.com\/wp-content\/uploads\/2025\/03\/joy-czarna_1.webp","contentUrl":"https:\/\/chiara-design.com\/wp-content\/uploads\/2025\/03\/joy-czarna_1.webp","width":1900,"height":2492},{"@type":"BreadcrumbList","@id":"https:\/\/chiara-design.com\/sk\/produkt\/kabelka-chiara-joy-cierna-crossbody-kabelka-z-prirodnej-koze\/#breadcrumb","itemListElement":[{"@type":"ListItem","position":1,"name":"Home","item":"https:\/\/chiara-design.com\/sk\/damske-kabelky-chiara-design\/"},{"@type":"ListItem","position":2,"name":"Obchod","item":"https:\/\/chiara-design.com\/sklep\/"},{"@type":"ListItem","position":3,"name":"Kabelka Chiara Joy \u2013 \u010cierna Crossbody kabelka z Pr\u00edrodnej Ko\u017ee"}]},{"@type":"WebSite","@id":"https:\/\/chiara-design.com\/#website","url":"https:\/\/chiara-design.com\/","name":"Chiara Design","description":"Tw\u00f3j ulubiony sklep online z torebkami.","publisher":{"@id":"https:\/\/chiara-design.com\/#organization"},"potentialAction":[{"@type":"SearchAction","target":{"@type":"EntryPoint","urlTemplate":"https:\/\/chiara-design.com\/?s={search_term_string}"},"query-input":{"@type":"PropertyValueSpecification","valueRequired":true,"valueName":"search_term_string"}}],"inLanguage":"sk-SK"},{"@type":"Organization","@id":"https:\/\/chiara-design.com\/#organization","name":"Chiara Design","url":"https:\/\/chiara-design.com\/","logo":{"@type":"ImageObject","inLanguage":"sk-SK","@id":"https:\/\/chiara-design.com\/#\/schema\/logo\/image\/","url":"https:\/\/chiara-design.com\/wp-content\/uploads\/2024\/09\/CHIARA-DESIGN-LOGO.png","contentUrl":"https:\/\/chiara-design.com\/wp-content\/uploads\/2024\/09\/CHIARA-DESIGN-LOGO.png","width":500,"height":158,"caption":"Chiara Design"},"image":{"@id":"https:\/\/chiara-design.com\/#\/schema\/logo\/image\/"},"sameAs":["https:\/\/www.facebook.com\/ChiaraDesignPL","https:\/\/www.instagram.com\/chiara_design_\/"]}]}},"jetpack_sharing_enabled":true,"_links":{"self":[{"href":"https:\/\/chiara-design.com\/sk\/wp-json\/wp\/v2\/product\/60860","targetHints":{"allow":["GET"]}}],"collection":[{"href":"https:\/\/chiara-design.com\/sk\/wp-json\/wp\/v2\/product"}],"about":[{"href":"https:\/\/chiara-design.com\/sk\/wp-json\/wp\/v2\/types\/product"}],"replies":[{"embeddable":true,"href":"https:\/\/chiara-design.com\/sk\/wp-json\/wp\/v2\/comments?post=60860"}],"wp:featuredmedia":[{"embeddable":true,"href":"https:\/\/chiara-design.com\/sk\/wp-json\/wp\/v2\/media\/59125"}],"wp:attachment":[{"href":"https:\/\/chiara-design.com\/sk\/wp-json\/wp\/v2\/media?parent=60860"}],"wp:term":[{"taxonomy":"product_brand","embeddable":true,"href":"https:\/\/chiara-design.com\/sk\/wp-json\/wp\/v2\/product_brand?post=60860"},{"taxonomy":"product_cat","embeddable":true,"href":"https:\/\/chiara-design.com\/sk\/wp-json\/wp\/v2\/product_cat?post=60860"},{"taxonomy":"product_tag","embeddable":true,"href":"https:\/\/chiara-design.com\/sk\/wp-json\/wp\/v2\/product_tag?post=60860"}],"curies":[{"name":"wp","href":"https:\/\/api.w.org\/{rel}","templated":true}]}}