{"id":60856,"date":"2025-02-18T00:48:44","date_gmt":"2025-02-17T23:48:44","guid":{"rendered":"https:\/\/chiara-design.com\/product\/ladvinka-chiara-dina-biela-ladvinka-z-prirodnej-koze\/"},"modified":"2025-09-23T11:49:54","modified_gmt":"2025-09-23T09:49:54","slug":"ladvinka-chiara-dina-biela-ladvinka-z-prirodnej-koze","status":"publish","type":"product","link":"https:\/\/chiara-design.com\/sk\/produkt\/ladvinka-chiara-dina-biela-ladvinka-z-prirodnej-koze\/","title":{"rendered":"\u013dadvinka Chiara Dina \u2013 Biela \u013dadvinka z Pr\u00edrodnej Ko\u017ee"},"content":{"rendered":"<p>&lt;h2&gt;\u013dadvinka Chiara Dina \u2013 ide\u00e1lna na ka\u017edodenn\u00e9 dobrodru\u017estv\u00e1&lt;\/h2&gt;<br \/>\n\u013dadvinka Chiara Dina \u2013 Biela \u013dadvinka z Pr\u00edrodnej Ko\u017ee je produkt, ktor\u00fd sp\u00e1ja modern\u00fd dizajn s praktickos\u0165ou. Vyrobili sme ju z najkvalitnej\u0161ej pr\u00edrodnej ko\u017ee, preto zaru\u010duje trv\u00e1cnos\u0165 a elegantn\u00fd vzh\u013ead na mnoho rokov. Navy\u0161e, text\u00fara hr\u00e1\u0161ku dod\u00e1va \u013eadvinke jedine\u010dn\u00fd charakter, ktor\u00fd sa ide\u00e1lne hod\u00ed do dynamick\u00e9ho mestsk\u00e9ho \u017eivotn\u00e9ho \u0161t\u00fdlu.<br \/>\n&lt;h3&gt;Funk\u010dnos\u0165 a v\u0161estrannos\u0165&lt;\/h3&gt;<br \/>\n\u013dadvinka Chiara Dina bola vytvoren\u00e1 pre \u013eud\u00ed, ktor\u00ed si cenia poriadok a pohodlie. Preto pon\u00faka priestrann\u00e9 vn\u00fatro, ktor\u00e9 umo\u017e\u0148uje ulo\u017eenie v\u0161etk\u00fdch nevyhnutn\u00fdch drobnost\u00ed. Okrem toho je produkt vybaven\u00fd:<br \/>\n&lt;ul&gt;<br \/>\n \t&lt;li&gt;Hlavnou komorou zabezpe\u010denou zipsom, v\u010faka ktorej s\u00fa va\u0161e predmety v\u017edy v bezpe\u010d\u00ed;&lt;\/li&gt;<br \/>\n \t&lt;li&gt;Dodato\u010dn\u00fdmi vn\u00fatorn\u00fdmi vreckami, ktor\u00e9 u\u013eah\u010duj\u00fa organiz\u00e1ciu drobnost\u00ed;&lt;\/li&gt;<br \/>\n \t&lt;li&gt;Vonkaj\u0161\u00edm vreckom vpredu, zabezpe\u010den\u00fdm zipsom, \u010do umo\u017e\u0148uje r\u00fdchly pr\u00edstup k najd\u00f4le\u017eitej\u0161\u00edm veciam;&lt;\/li&gt;<br \/>\n \t&lt;li&gt;Nastavite\u013en\u00fdm popruhom umo\u017e\u0148uj\u00facim pohodln\u00e9 nosenie \u013eadvinky crossbody;&lt;\/li&gt;<br \/>\n \t&lt;li&gt;Profilovanou r\u00fa\u010dkou, v\u010faka ktorej m\u00f4\u017eete \u013eadvinku nosi\u0165 aj na ramene.&lt;\/li&gt;<br \/>\n&lt;\/ul&gt;<br \/>\n&lt;h3&gt;\u0160t\u00fdl a detaily, ktor\u00e9 robia rozdiel&lt;\/h3&gt;<br \/>\nNavy\u0161e bola \u013eadvinka Dina obohaten\u00e1 o o\u010daruj\u00faci doplnok \u2013 zrkadielko v tvare srdca na retiazke, ktor\u00e9 nielen\u017ee dod\u00e1va \u0161arm, ale je aj praktick\u00e9. Navy\u0161e, biela farba \u013eadvinky sa dokonale hod\u00ed k r\u00f4znym outfitom, tak le\u017e\u00e9rnym, ako aj elegantnej\u0161\u00edm. Preto, ak h\u013ead\u00e1te produkt, ktor\u00fd sp\u00e1ja funk\u010dnos\u0165 s m\u00f3dnym vzh\u013eadom, \u013eadvinka Dina bude ide\u00e1lnou vo\u013ebou.<br \/>\n&lt;h3&gt;Pre\u010do si vybra\u0165 \u013dadvinku Dina?&lt;\/h3&gt;<br \/>\nPredov\u0161etk\u00fdm \u013eadvinka Chiara Dina \u2013 Biela \u013dadvinka z Pr\u00edrodnej Ko\u017ee je z\u00e1rukou kvality a origin\u00e1lneho dizajnu. Preto, ak v\u00e1m z\u00e1le\u017e\u00ed na praktickom doplnku na ka\u017edodenn\u00e9 pou\u017eitie, tento produkt spln\u00ed va\u0161e o\u010dak\u00e1vania. Okrem toho, nastavite\u013en\u00fd popruh a ergonomick\u00e1 kon\u0161trukcia zais\u0165uj\u00fa pohodlie aj po\u010das dlh\u00e9ho nosenia. V\u010faka tomu sa pou\u017e\u00edvanie \u013eadvinky Dina st\u00e1va nielen praktick\u00fdm, ale aj \u0161t\u00fdlov\u00fdm.<\/p>\n<p>Zhrnut\u00edm, \u013eadvinka Dina je vynikaj\u00facou vo\u013ebou pre \u013eud\u00ed, ktor\u00ed si cenia modern\u00fd dizajn a funk\u010dnos\u0165. V\u010faka nej budete v\u017edy pripraven\u00ed na ka\u017edodenn\u00e9 v\u00fdzvy a jej jedine\u010dn\u00fd vzh\u013ead dod\u00e1 lesk va\u0161im outfitom. Navy\u0161e je tento produkt ide\u00e1lny ako na ka\u017edodenn\u00e9 pou\u017eitie, tak aj na \u0161peci\u00e1lne pr\u00edle\u017eitosti.<\/p>\n<p>&lt;strong&gt;Model: E6023&lt;\/strong&gt;<\/p>\n","protected":false},"excerpt":{"rendered":"<p>Biela \u013eadvinka Dina z pr\u00edrodnej ko\u017ee. \u013dahk\u00e1, priestrann\u00e1 a \u0161t\u00fdlov\u00e1 \u2013 vynikaj\u00faca na ka\u017edodenn\u00e9 vych\u00e1dzky.<\/p>\n","protected":false},"featured_media":58935,"comment_status":"open","ping_status":"closed","template":"","meta":[],"product_brand":[177,193],"product_cat":[737],"product_tag":[776,636,738,739,637,775,692],"class_list":{"0":"post-60856","1":"product","2":"type-product","3":"status-publish","4":"has-post-thumbnail","6":"product_brand-chiara","7":"product_brand-chiara_premium","8":"product_cat-ladvinky","9":"product_tag-biela","10":"product_tag-chiara-sk","11":"product_tag-dina-sk","12":"product_tag-ladvinka","13":"product_tag-prirodna-koza","14":"product_tag-subscribers-only-sk","15":"product_tag-univerzalna","17":"first","18":"instock","19":"featured","20":"shipping-taxable","21":"purchasable","22":"product-type-simple"},"yoast_head":"<!-- This site is optimized with the Yoast SEO plugin v27.4 - https:\/\/yoast.com\/product\/yoast-seo-wordpress\/ -->\n<title>\u013dadvinka Chiara Dina \u2013 Biela \u013dadvinka z Pr\u00edrodnej Ko\u017ee<\/title>\n<meta name=\"description\" content=\"\u013dadvinka Chiara Dina je biela \u013eadvinka z pr\u00edrodnej ko\u017ee. \u013dahk\u00e1, priestrann\u00e1 a \u0161t\u00fdlov\u00e1 \u2013 ide\u00e1lna na ka\u017edodenn\u00e9 dobrodru\u017estv\u00e1 a mestsk\u00e9 v\u00fdzvy.\" \/>\n<meta name=\"robots\" content=\"index, follow, max-snippet:-1, max-image-preview:large, max-video-preview:-1\" \/>\n<link rel=\"canonical\" href=\"https:\/\/chiara-design.com\/sk\/produkt\/ladvinka-chiara-dina-biela-ladvinka-z-prirodnej-koze\/\" \/>\n<meta property=\"og:locale\" content=\"sk_SK\" \/>\n<meta property=\"og:type\" content=\"article\" \/>\n<meta property=\"og:title\" content=\"\u013dadvinka Chiara Dina \u2013 Biela \u013dadvinka z Pr\u00edrodnej Ko\u017ee\" \/>\n<meta property=\"og:description\" content=\"\u013dadvinka Chiara Dina je biela \u013eadvinka z pr\u00edrodnej ko\u017ee. \u013dahk\u00e1, priestrann\u00e1 a \u0161t\u00fdlov\u00e1 \u2013 ide\u00e1lna na ka\u017edodenn\u00e9 dobrodru\u017estv\u00e1 a mestsk\u00e9 v\u00fdzvy.\" \/>\n<meta property=\"og:url\" content=\"https:\/\/chiara-design.com\/sk\/produkt\/ladvinka-chiara-dina-biela-ladvinka-z-prirodnej-koze\/\" \/>\n<meta property=\"og:site_name\" content=\"Chiara Design\" \/>\n<meta property=\"article:publisher\" content=\"https:\/\/www.facebook.com\/ChiaraDesignPL\" \/>\n<meta property=\"article:modified_time\" content=\"2025-09-23T09:49:54+00:00\" \/>\n<meta property=\"og:image\" content=\"https:\/\/chiara-design.com\/wp-content\/uploads\/2025\/02\/E6023-nerka-dina-biala-2.webp\" \/>\n\t<meta property=\"og:image:width\" content=\"1200\" \/>\n\t<meta property=\"og:image:height\" content=\"1500\" \/>\n\t<meta property=\"og:image:type\" content=\"image\/webp\" \/>\n<meta name=\"twitter:card\" content=\"summary_large_image\" \/>\n<meta name=\"twitter:label1\" content=\"Predpokladan\u00fd \u010das \u010d\u00edtania\" \/>\n\t<meta name=\"twitter:data1\" content=\"2 min\u00faty\" \/>\n<script type=\"application\/ld+json\" class=\"yoast-schema-graph\">{\"@context\":\"https:\\\/\\\/schema.org\",\"@graph\":[{\"@type\":\"WebPage\",\"@id\":\"https:\\\/\\\/chiara-design.com\\\/sk\\\/produkt\\\/ladvinka-chiara-dina-biela-ladvinka-z-prirodnej-koze\\\/\",\"url\":\"https:\\\/\\\/chiara-design.com\\\/sk\\\/produkt\\\/ladvinka-chiara-dina-biela-ladvinka-z-prirodnej-koze\\\/\",\"name\":\"\u013dadvinka Chiara Dina \u2013 Biela \u013dadvinka z Pr\u00edrodnej Ko\u017ee\",\"isPartOf\":{\"@id\":\"https:\\\/\\\/chiara-design.com\\\/#website\"},\"primaryImageOfPage\":{\"@id\":\"https:\\\/\\\/chiara-design.com\\\/sk\\\/produkt\\\/ladvinka-chiara-dina-biela-ladvinka-z-prirodnej-koze\\\/#primaryimage\"},\"image\":{\"@id\":\"https:\\\/\\\/chiara-design.com\\\/sk\\\/produkt\\\/ladvinka-chiara-dina-biela-ladvinka-z-prirodnej-koze\\\/#primaryimage\"},\"thumbnailUrl\":\"https:\\\/\\\/chiara-design.com\\\/wp-content\\\/uploads\\\/2025\\\/02\\\/E6023-nerka-dina-biala-2.webp\",\"datePublished\":\"2025-02-17T23:48:44+00:00\",\"dateModified\":\"2025-09-23T09:49:54+00:00\",\"description\":\"\u013dadvinka Chiara Dina je biela \u013eadvinka z pr\u00edrodnej ko\u017ee. \u013dahk\u00e1, priestrann\u00e1 a \u0161t\u00fdlov\u00e1 \u2013 ide\u00e1lna na ka\u017edodenn\u00e9 dobrodru\u017estv\u00e1 a mestsk\u00e9 v\u00fdzvy.\",\"breadcrumb\":{\"@id\":\"https:\\\/\\\/chiara-design.com\\\/sk\\\/produkt\\\/ladvinka-chiara-dina-biela-ladvinka-z-prirodnej-koze\\\/#breadcrumb\"},\"inLanguage\":\"sk-SK\",\"potentialAction\":[{\"@type\":\"ReadAction\",\"target\":[\"https:\\\/\\\/chiara-design.com\\\/sk\\\/produkt\\\/ladvinka-chiara-dina-biela-ladvinka-z-prirodnej-koze\\\/\"]}]},{\"@type\":\"ImageObject\",\"inLanguage\":\"sk-SK\",\"@id\":\"https:\\\/\\\/chiara-design.com\\\/sk\\\/produkt\\\/ladvinka-chiara-dina-biela-ladvinka-z-prirodnej-koze\\\/#primaryimage\",\"url\":\"https:\\\/\\\/chiara-design.com\\\/wp-content\\\/uploads\\\/2025\\\/02\\\/E6023-nerka-dina-biala-2.webp\",\"contentUrl\":\"https:\\\/\\\/chiara-design.com\\\/wp-content\\\/uploads\\\/2025\\\/02\\\/E6023-nerka-dina-biala-2.webp\",\"width\":1200,\"height\":1500},{\"@type\":\"BreadcrumbList\",\"@id\":\"https:\\\/\\\/chiara-design.com\\\/sk\\\/produkt\\\/ladvinka-chiara-dina-biela-ladvinka-z-prirodnej-koze\\\/#breadcrumb\",\"itemListElement\":[{\"@type\":\"ListItem\",\"position\":1,\"name\":\"Home\",\"item\":\"https:\\\/\\\/chiara-design.com\\\/sk\\\/damske-kabelky-chiara-design\\\/\"},{\"@type\":\"ListItem\",\"position\":2,\"name\":\"Obchod\",\"item\":\"https:\\\/\\\/chiara-design.com\\\/sklep\\\/\"},{\"@type\":\"ListItem\",\"position\":3,\"name\":\"\u013dadvinka Chiara Dina \u2013 Biela \u013dadvinka z Pr\u00edrodnej Ko\u017ee\"}]},{\"@type\":\"WebSite\",\"@id\":\"https:\\\/\\\/chiara-design.com\\\/#website\",\"url\":\"https:\\\/\\\/chiara-design.com\\\/\",\"name\":\"Chiara Design\",\"description\":\"Tw\u00f3j ulubiony sklep online z torebkami.\",\"publisher\":{\"@id\":\"https:\\\/\\\/chiara-design.com\\\/#organization\"},\"potentialAction\":[{\"@type\":\"SearchAction\",\"target\":{\"@type\":\"EntryPoint\",\"urlTemplate\":\"https:\\\/\\\/chiara-design.com\\\/?s={search_term_string}\"},\"query-input\":{\"@type\":\"PropertyValueSpecification\",\"valueRequired\":true,\"valueName\":\"search_term_string\"}}],\"inLanguage\":\"sk-SK\"},{\"@type\":\"Organization\",\"@id\":\"https:\\\/\\\/chiara-design.com\\\/#organization\",\"name\":\"Chiara Design\",\"url\":\"https:\\\/\\\/chiara-design.com\\\/\",\"logo\":{\"@type\":\"ImageObject\",\"inLanguage\":\"sk-SK\",\"@id\":\"https:\\\/\\\/chiara-design.com\\\/#\\\/schema\\\/logo\\\/image\\\/\",\"url\":\"https:\\\/\\\/chiara-design.com\\\/wp-content\\\/uploads\\\/2024\\\/09\\\/CHIARA-DESIGN-LOGO.png\",\"contentUrl\":\"https:\\\/\\\/chiara-design.com\\\/wp-content\\\/uploads\\\/2024\\\/09\\\/CHIARA-DESIGN-LOGO.png\",\"width\":500,\"height\":158,\"caption\":\"Chiara Design\"},\"image\":{\"@id\":\"https:\\\/\\\/chiara-design.com\\\/#\\\/schema\\\/logo\\\/image\\\/\"},\"sameAs\":[\"https:\\\/\\\/www.facebook.com\\\/ChiaraDesignPL\",\"https:\\\/\\\/www.instagram.com\\\/chiara_design_\\\/\"]}]}<\/script>\n<!-- \/ Yoast SEO plugin. -->","yoast_head_json":{"title":"\u013dadvinka Chiara Dina \u2013 Biela \u013dadvinka z Pr\u00edrodnej Ko\u017ee","description":"\u013dadvinka Chiara Dina je biela \u013eadvinka z pr\u00edrodnej ko\u017ee. \u013dahk\u00e1, priestrann\u00e1 a \u0161t\u00fdlov\u00e1 \u2013 ide\u00e1lna na ka\u017edodenn\u00e9 dobrodru\u017estv\u00e1 a mestsk\u00e9 v\u00fdzvy.","robots":{"index":"index","follow":"follow","max-snippet":"max-snippet:-1","max-image-preview":"max-image-preview:large","max-video-preview":"max-video-preview:-1"},"canonical":"https:\/\/chiara-design.com\/sk\/produkt\/ladvinka-chiara-dina-biela-ladvinka-z-prirodnej-koze\/","og_locale":"sk_SK","og_type":"article","og_title":"\u013dadvinka Chiara Dina \u2013 Biela \u013dadvinka z Pr\u00edrodnej Ko\u017ee","og_description":"\u013dadvinka Chiara Dina je biela \u013eadvinka z pr\u00edrodnej ko\u017ee. \u013dahk\u00e1, priestrann\u00e1 a \u0161t\u00fdlov\u00e1 \u2013 ide\u00e1lna na ka\u017edodenn\u00e9 dobrodru\u017estv\u00e1 a mestsk\u00e9 v\u00fdzvy.","og_url":"https:\/\/chiara-design.com\/sk\/produkt\/ladvinka-chiara-dina-biela-ladvinka-z-prirodnej-koze\/","og_site_name":"Chiara Design","article_publisher":"https:\/\/www.facebook.com\/ChiaraDesignPL","article_modified_time":"2025-09-23T09:49:54+00:00","og_image":[{"width":1200,"height":1500,"url":"https:\/\/chiara-design.com\/wp-content\/uploads\/2025\/02\/E6023-nerka-dina-biala-2.webp","type":"image\/webp"}],"twitter_card":"summary_large_image","twitter_misc":{"Predpokladan\u00fd \u010das \u010d\u00edtania":"2 min\u00faty"},"schema":{"@context":"https:\/\/schema.org","@graph":[{"@type":"WebPage","@id":"https:\/\/chiara-design.com\/sk\/produkt\/ladvinka-chiara-dina-biela-ladvinka-z-prirodnej-koze\/","url":"https:\/\/chiara-design.com\/sk\/produkt\/ladvinka-chiara-dina-biela-ladvinka-z-prirodnej-koze\/","name":"\u013dadvinka Chiara Dina \u2013 Biela \u013dadvinka z Pr\u00edrodnej Ko\u017ee","isPartOf":{"@id":"https:\/\/chiara-design.com\/#website"},"primaryImageOfPage":{"@id":"https:\/\/chiara-design.com\/sk\/produkt\/ladvinka-chiara-dina-biela-ladvinka-z-prirodnej-koze\/#primaryimage"},"image":{"@id":"https:\/\/chiara-design.com\/sk\/produkt\/ladvinka-chiara-dina-biela-ladvinka-z-prirodnej-koze\/#primaryimage"},"thumbnailUrl":"https:\/\/chiara-design.com\/wp-content\/uploads\/2025\/02\/E6023-nerka-dina-biala-2.webp","datePublished":"2025-02-17T23:48:44+00:00","dateModified":"2025-09-23T09:49:54+00:00","description":"\u013dadvinka Chiara Dina je biela \u013eadvinka z pr\u00edrodnej ko\u017ee. \u013dahk\u00e1, priestrann\u00e1 a \u0161t\u00fdlov\u00e1 \u2013 ide\u00e1lna na ka\u017edodenn\u00e9 dobrodru\u017estv\u00e1 a mestsk\u00e9 v\u00fdzvy.","breadcrumb":{"@id":"https:\/\/chiara-design.com\/sk\/produkt\/ladvinka-chiara-dina-biela-ladvinka-z-prirodnej-koze\/#breadcrumb"},"inLanguage":"sk-SK","potentialAction":[{"@type":"ReadAction","target":["https:\/\/chiara-design.com\/sk\/produkt\/ladvinka-chiara-dina-biela-ladvinka-z-prirodnej-koze\/"]}]},{"@type":"ImageObject","inLanguage":"sk-SK","@id":"https:\/\/chiara-design.com\/sk\/produkt\/ladvinka-chiara-dina-biela-ladvinka-z-prirodnej-koze\/#primaryimage","url":"https:\/\/chiara-design.com\/wp-content\/uploads\/2025\/02\/E6023-nerka-dina-biala-2.webp","contentUrl":"https:\/\/chiara-design.com\/wp-content\/uploads\/2025\/02\/E6023-nerka-dina-biala-2.webp","width":1200,"height":1500},{"@type":"BreadcrumbList","@id":"https:\/\/chiara-design.com\/sk\/produkt\/ladvinka-chiara-dina-biela-ladvinka-z-prirodnej-koze\/#breadcrumb","itemListElement":[{"@type":"ListItem","position":1,"name":"Home","item":"https:\/\/chiara-design.com\/sk\/damske-kabelky-chiara-design\/"},{"@type":"ListItem","position":2,"name":"Obchod","item":"https:\/\/chiara-design.com\/sklep\/"},{"@type":"ListItem","position":3,"name":"\u013dadvinka Chiara Dina \u2013 Biela \u013dadvinka z Pr\u00edrodnej Ko\u017ee"}]},{"@type":"WebSite","@id":"https:\/\/chiara-design.com\/#website","url":"https:\/\/chiara-design.com\/","name":"Chiara Design","description":"Tw\u00f3j ulubiony sklep online z torebkami.","publisher":{"@id":"https:\/\/chiara-design.com\/#organization"},"potentialAction":[{"@type":"SearchAction","target":{"@type":"EntryPoint","urlTemplate":"https:\/\/chiara-design.com\/?s={search_term_string}"},"query-input":{"@type":"PropertyValueSpecification","valueRequired":true,"valueName":"search_term_string"}}],"inLanguage":"sk-SK"},{"@type":"Organization","@id":"https:\/\/chiara-design.com\/#organization","name":"Chiara Design","url":"https:\/\/chiara-design.com\/","logo":{"@type":"ImageObject","inLanguage":"sk-SK","@id":"https:\/\/chiara-design.com\/#\/schema\/logo\/image\/","url":"https:\/\/chiara-design.com\/wp-content\/uploads\/2024\/09\/CHIARA-DESIGN-LOGO.png","contentUrl":"https:\/\/chiara-design.com\/wp-content\/uploads\/2024\/09\/CHIARA-DESIGN-LOGO.png","width":500,"height":158,"caption":"Chiara Design"},"image":{"@id":"https:\/\/chiara-design.com\/#\/schema\/logo\/image\/"},"sameAs":["https:\/\/www.facebook.com\/ChiaraDesignPL","https:\/\/www.instagram.com\/chiara_design_\/"]}]}},"jetpack_sharing_enabled":true,"_links":{"self":[{"href":"https:\/\/chiara-design.com\/sk\/wp-json\/wp\/v2\/product\/60856","targetHints":{"allow":["GET"]}}],"collection":[{"href":"https:\/\/chiara-design.com\/sk\/wp-json\/wp\/v2\/product"}],"about":[{"href":"https:\/\/chiara-design.com\/sk\/wp-json\/wp\/v2\/types\/product"}],"replies":[{"embeddable":true,"href":"https:\/\/chiara-design.com\/sk\/wp-json\/wp\/v2\/comments?post=60856"}],"wp:featuredmedia":[{"embeddable":true,"href":"https:\/\/chiara-design.com\/sk\/wp-json\/wp\/v2\/media\/58935"}],"wp:attachment":[{"href":"https:\/\/chiara-design.com\/sk\/wp-json\/wp\/v2\/media?parent=60856"}],"wp:term":[{"taxonomy":"product_brand","embeddable":true,"href":"https:\/\/chiara-design.com\/sk\/wp-json\/wp\/v2\/product_brand?post=60856"},{"taxonomy":"product_cat","embeddable":true,"href":"https:\/\/chiara-design.com\/sk\/wp-json\/wp\/v2\/product_cat?post=60856"},{"taxonomy":"product_tag","embeddable":true,"href":"https:\/\/chiara-design.com\/sk\/wp-json\/wp\/v2\/product_tag?post=60856"}],"curies":[{"name":"wp","href":"https:\/\/api.w.org\/{rel}","templated":true}]}}