{"id":60820,"date":"2025-03-08T01:36:35","date_gmt":"2025-03-08T00:36:35","guid":{"rendered":"https:\/\/chiara-design.com\/product\/kabelka-chiara-klara-cierna-kabelka-z-prirodnej-koze\/"},"modified":"2025-09-23T11:49:46","modified_gmt":"2025-09-23T09:49:46","slug":"kabelka-chiara-klara-cierna-kabelka-z-prirodnej-koze","status":"publish","type":"product","link":"https:\/\/chiara-design.com\/sk\/produkt\/kabelka-chiara-klara-cierna-kabelka-z-prirodnej-koze\/","title":{"rendered":"Kabelka Chiara Klara \u2013 \u010cierna Kabelka z Pr\u00edrodnej Ko\u017ee"},"content":{"rendered":"<p>&lt;h2&gt;Kabelka Chiara Klara \u2013 klasick\u00e1 \u010dierna kabelka z pr\u00edrodnej ko\u017ee&lt;\/h2&gt;<br \/>\n&lt;strong&gt;Kabelka Chiara Klara \u2013 \u010cierna Kabelka z Pr\u00edrodnej Ko\u017ee&lt;\/strong&gt; je model, ktor\u00fd nikdy nevyjde z m\u00f3dy. Vyroben\u00e1 z &lt;strong&gt;vysokokvalitnej pr\u00edrodnej ko\u017ee&lt;\/strong&gt;, vyzna\u010duje sa eleganciou, trv\u00e1cnos\u0165ou a funk\u010dnos\u0165ou. &lt;strong&gt;Preto&lt;\/strong&gt;, ak h\u013ead\u00e1te doplnok, ktor\u00fd sa bude hodi\u0165 k denn\u00fdm aj form\u00e1lnym outfitom, tento model bude ide\u00e1lnou vo\u013ebou. &lt;strong&gt;Navy\u0161e&lt;\/strong&gt;, jej klasick\u00fd dizajn sa skvele hod\u00ed ku ka\u017ed\u00e9mu outfitu.<br \/>\n&lt;h2&gt;Praktick\u00e1 organiz\u00e1cia a pohodlie pri pou\u017e\u00edvan\u00ed&lt;\/h2&gt;<br \/>\nPri navrhovan\u00ed tejto &lt;strong&gt;\u010diernej kabelky z pr\u00edrodnej ko\u017ee&lt;\/strong&gt; sme dbali na funk\u010dnos\u0165 a pohodlie pri pou\u017e\u00edvan\u00ed. &lt;strong&gt;Preto&lt;\/strong&gt; v\u010faka premyslen\u00e9mu vn\u00fatraj\u0161ku si m\u00f4\u017eete u\u017e\u00edva\u0165 dokonal\u00fa organiz\u00e1ciu svojich vec\u00ed. Kabelka pon\u00faka:<br \/>\n&lt;ul&gt;<br \/>\n \t&lt;li&gt;&lt;strong&gt;Priestrann\u00fa hlavn\u00fa komoru&lt;\/strong&gt; uzatv\u00e1rate\u013en\u00fa na zips, ktor\u00e1 zais\u0165uje bezpe\u010dnos\u0165 ulo\u017een\u00fdch predmetov.&lt;\/li&gt;<br \/>\n \t&lt;li&gt;&lt;strong&gt;Vn\u00fatorn\u00e9 vreck\u00e1&lt;\/strong&gt;, ktor\u00e9 pom\u00e1haj\u00fa udr\u017eiava\u0165 poriadok a \u013eahk\u00fd pr\u00edstup k drobnostiam.&lt;\/li&gt;<br \/>\n \t&lt;li&gt;&lt;strong&gt;Vonkaj\u0161ie vrecko na zips&lt;\/strong&gt;, ide\u00e1lne na ulo\u017eenie telef\u00f3nu alebo k\u013e\u00fa\u010dov.&lt;\/li&gt;<br \/>\n \t&lt;li&gt;&lt;strong&gt;Nastavite\u013en\u00fd popruh&lt;\/strong&gt;, v\u010faka ktor\u00e9mu m\u00f4\u017eete kabelku nosi\u0165 na ramene alebo ako crossbody.&lt;\/li&gt;<br \/>\n \t&lt;li&gt;&lt;strong&gt;Ergonomick\u00fa r\u00fa\u010dku&lt;\/strong&gt;, ktor\u00e1 zais\u0165uje pohodlie pri nosen\u00ed v ruke.&lt;\/li&gt;<br \/>\n&lt;\/ul&gt;<br \/>\n&lt;h2&gt;\u0160t\u00fdlov\u00e1 a nad\u010dasov\u00e1&lt;\/h2&gt;<br \/>\nMinimalistick\u00fd dizajn, &lt;strong&gt;\u010dierna pr\u00edrodn\u00e1 ko\u017ea&lt;\/strong&gt; a elegantn\u00e9 kovanie robia tento model mimoriadne univerz\u00e1lnym. &lt;strong&gt;Navy\u0161e&lt;\/strong&gt;, jej klasick\u00fd vzh\u013ead sa hod\u00ed k kancel\u00e1rskym aj le\u017e\u00e9rnym outfitom. &lt;strong&gt;Okrem toho&lt;\/strong&gt; jej neutr\u00e1lna farebnos\u0165 umo\u017e\u0148uje \u013eahk\u00e9 kombinovanie s r\u00f4znymi doplnkami.<br \/>\n&lt;h2&gt;Ide\u00e1lna na ka\u017ed\u00fa pr\u00edle\u017eitos\u0165&lt;\/h2&gt;<br \/>\nUniverz\u00e1lna &lt;strong&gt;\u010dierna kabelka z pr\u00edrodnej ko\u017ee&lt;\/strong&gt; je must-have v \u0161atn\u00edku ka\u017edej \u017eeny. &lt;strong&gt;Z tohto d\u00f4vodu&lt;\/strong&gt; sa osved\u010d\u00ed ako doplnok ku ka\u017edodenn\u00fdm outfitom, tak aj ako elegantn\u00e1 kabelka na \u0161peci\u00e1lne pr\u00edle\u017eitosti. &lt;strong&gt;V\u010faka tomu&lt;\/strong&gt; budete v\u017edy vyzera\u0165 \u0161t\u00fdlovo a c\u00edti\u0165 sa sebavedomo.<br \/>\n&lt;h3&gt;Najd\u00f4le\u017eitej\u0161ie vlastnosti Kabelky Chiara Klara:&lt;\/h3&gt;<br \/>\n&lt;ul&gt;<br \/>\n \t&lt;li&gt;Vyroben\u00e1 z pr\u00edrodnej ko\u017ee vysokej kvality.&lt;\/li&gt;<br \/>\n \t&lt;li&gt;Univerz\u00e1lny a klasick\u00fd dizajn hodiaci sa k mnoh\u00fdm outfitom.&lt;\/li&gt;<br \/>\n \t&lt;li&gt;Priestrann\u00e1 hlavn\u00e1 komora uzatv\u00e1rate\u013en\u00e1 na zips pre v\u00e4\u010d\u0161iu bezpe\u010dnos\u0165.&lt;\/li&gt;<br \/>\n \t&lt;li&gt;Praktick\u00e9 vn\u00fatorn\u00e9 a vonkaj\u0161ie vreck\u00e1 u\u013eah\u010duj\u00face organiz\u00e1ciu.&lt;\/li&gt;<br \/>\n \t&lt;li&gt;Nastavite\u013en\u00fd popruh a ergonomick\u00e1 r\u00fa\u010dka zais\u0165uj\u00face pohodlie pri nosen\u00ed.&lt;\/li&gt;<br \/>\n \t&lt;li&gt;Ide\u00e1lna na ka\u017ed\u00fd de\u0148, do pr\u00e1ce aj na elegantn\u00e9 pr\u00edle\u017eitosti.&lt;\/li&gt;<br \/>\n&lt;\/ul&gt;<br \/>\n&lt;strong&gt;Zhrnut\u00edm&lt;\/strong&gt;, &lt;strong&gt;Kabelka Chiara Klara \u2013 \u010cierna Kabelka z Pr\u00edrodnej Ko\u017ee&lt;\/strong&gt; je spojen\u00edm &lt;strong&gt;elegancie, funk\u010dnosti a najvy\u0161\u0161ej kvality spracovania&lt;\/strong&gt;. &lt;strong&gt;Preto&lt;\/strong&gt;, ak h\u013ead\u00e1te kabelku, ktor\u00e1 v\u00e1m posl\u00fa\u017ei mnoho sez\u00f3n, tento model je presne pre v\u00e1s.<\/p>\n<p>&lt;strong&gt;Model:&lt;\/strong&gt; I5051<\/p>\n","protected":false},"excerpt":{"rendered":"<p>Kabelka Chiara Klara \u2013 \u010dierna kabelka z pr\u00edrodnej ko\u017ee. M\u00e1 priestrann\u00fa komoru, vreck\u00e1 a nastavite\u013en\u00fd popruh. Ide\u00e1lna na ka\u017ed\u00fd de\u0148 a elegantn\u00e9 pr\u00edle\u017eitosti.<\/p>\n","protected":false},"featured_media":59213,"comment_status":"open","ping_status":"closed","template":"","meta":[],"product_brand":[],"product_cat":[661],"product_tag":[636,730,700,691,637,692,702],"class_list":{"0":"post-60820","1":"product","2":"type-product","3":"status-publish","4":"has-post-thumbnail","6":"product_cat-klasicke","7":"product_tag-chiara-sk","8":"product_tag-cierna-kabelka-sk","9":"product_tag-kabelka-na-rameno","10":"product_tag-klasicka","11":"product_tag-prirodna-koza","12":"product_tag-univerzalna","13":"product_tag-zlate-kovanie","15":"first","16":"instock","17":"featured","18":"shipping-taxable","19":"purchasable","20":"product-type-simple"},"yoast_head":"<!-- This site is optimized with the Yoast SEO plugin v27.3 - https:\/\/yoast.com\/product\/yoast-seo-wordpress\/ -->\n<title>Kabelka Chiara Klara \u2013 \u010cierna Kabelka z Pr\u00edrodnej Ko\u017ee<\/title>\n<meta name=\"description\" content=\"Kabelka Chiara Klara \u2013 \u010dierna kabelka z pr\u00edrodnej ko\u017ee. Priestrann\u00e1, s vreckami a nastavite\u013en\u00fdm popruhom. Ide\u00e1lna na ka\u017ed\u00fd de\u0148 a elegantn\u00e9 pr\u00edle\u017eitosti.\" \/>\n<meta name=\"robots\" content=\"index, follow, max-snippet:-1, max-image-preview:large, max-video-preview:-1\" \/>\n<link rel=\"canonical\" href=\"https:\/\/chiara-design.com\/sk\/produkt\/kabelka-chiara-klara-cierna-kabelka-z-prirodnej-koze\/\" \/>\n<meta property=\"og:locale\" content=\"sk_SK\" \/>\n<meta property=\"og:type\" content=\"article\" \/>\n<meta property=\"og:title\" content=\"Kabelka Chiara Klara \u2013 \u010cierna Kabelka z Pr\u00edrodnej Ko\u017ee\" \/>\n<meta property=\"og:description\" content=\"Kabelka Chiara Klara \u2013 \u010dierna kabelka z pr\u00edrodnej ko\u017ee. Priestrann\u00e1, s vreckami a nastavite\u013en\u00fdm popruhom. Ide\u00e1lna na ka\u017ed\u00fd de\u0148 a elegantn\u00e9 pr\u00edle\u017eitosti.\" \/>\n<meta property=\"og:url\" content=\"https:\/\/chiara-design.com\/sk\/produkt\/kabelka-chiara-klara-cierna-kabelka-z-prirodnej-koze\/\" \/>\n<meta property=\"og:site_name\" content=\"Chiara Design\" \/>\n<meta property=\"article:publisher\" content=\"https:\/\/www.facebook.com\/ChiaraDesignPL\" \/>\n<meta property=\"article:modified_time\" content=\"2025-09-23T09:49:46+00:00\" \/>\n<meta property=\"og:image\" content=\"https:\/\/chiara-design.com\/wp-content\/uploads\/2025\/05\/Klara-10.webp\" \/>\n\t<meta property=\"og:image:width\" content=\"1200\" \/>\n\t<meta property=\"og:image:height\" content=\"1500\" \/>\n\t<meta property=\"og:image:type\" content=\"image\/webp\" \/>\n<meta name=\"twitter:card\" content=\"summary_large_image\" \/>\n<meta name=\"twitter:label1\" content=\"Predpokladan\u00fd \u010das \u010d\u00edtania\" \/>\n\t<meta name=\"twitter:data1\" content=\"3 min\u00faty\" \/>\n<script type=\"application\/ld+json\" class=\"yoast-schema-graph\">{\"@context\":\"https:\\\/\\\/schema.org\",\"@graph\":[{\"@type\":\"WebPage\",\"@id\":\"https:\\\/\\\/chiara-design.com\\\/sk\\\/produkt\\\/kabelka-chiara-klara-cierna-kabelka-z-prirodnej-koze\\\/\",\"url\":\"https:\\\/\\\/chiara-design.com\\\/sk\\\/produkt\\\/kabelka-chiara-klara-cierna-kabelka-z-prirodnej-koze\\\/\",\"name\":\"Kabelka Chiara Klara \u2013 \u010cierna Kabelka z Pr\u00edrodnej Ko\u017ee\",\"isPartOf\":{\"@id\":\"https:\\\/\\\/chiara-design.com\\\/#website\"},\"primaryImageOfPage\":{\"@id\":\"https:\\\/\\\/chiara-design.com\\\/sk\\\/produkt\\\/kabelka-chiara-klara-cierna-kabelka-z-prirodnej-koze\\\/#primaryimage\"},\"image\":{\"@id\":\"https:\\\/\\\/chiara-design.com\\\/sk\\\/produkt\\\/kabelka-chiara-klara-cierna-kabelka-z-prirodnej-koze\\\/#primaryimage\"},\"thumbnailUrl\":\"https:\\\/\\\/chiara-design.com\\\/wp-content\\\/uploads\\\/2025\\\/03\\\/KLARA-CZARNA_1.webp\",\"datePublished\":\"2025-03-08T00:36:35+00:00\",\"dateModified\":\"2025-09-23T09:49:46+00:00\",\"description\":\"Kabelka Chiara Klara \u2013 \u010dierna kabelka z pr\u00edrodnej ko\u017ee. Priestrann\u00e1, s vreckami a nastavite\u013en\u00fdm popruhom. Ide\u00e1lna na ka\u017ed\u00fd de\u0148 a elegantn\u00e9 pr\u00edle\u017eitosti.\",\"breadcrumb\":{\"@id\":\"https:\\\/\\\/chiara-design.com\\\/sk\\\/produkt\\\/kabelka-chiara-klara-cierna-kabelka-z-prirodnej-koze\\\/#breadcrumb\"},\"inLanguage\":\"sk-SK\",\"potentialAction\":[{\"@type\":\"ReadAction\",\"target\":[\"https:\\\/\\\/chiara-design.com\\\/sk\\\/produkt\\\/kabelka-chiara-klara-cierna-kabelka-z-prirodnej-koze\\\/\"]}]},{\"@type\":\"ImageObject\",\"inLanguage\":\"sk-SK\",\"@id\":\"https:\\\/\\\/chiara-design.com\\\/sk\\\/produkt\\\/kabelka-chiara-klara-cierna-kabelka-z-prirodnej-koze\\\/#primaryimage\",\"url\":\"https:\\\/\\\/chiara-design.com\\\/wp-content\\\/uploads\\\/2025\\\/03\\\/KLARA-CZARNA_1.webp\",\"contentUrl\":\"https:\\\/\\\/chiara-design.com\\\/wp-content\\\/uploads\\\/2025\\\/03\\\/KLARA-CZARNA_1.webp\",\"width\":1900,\"height\":2492},{\"@type\":\"BreadcrumbList\",\"@id\":\"https:\\\/\\\/chiara-design.com\\\/sk\\\/produkt\\\/kabelka-chiara-klara-cierna-kabelka-z-prirodnej-koze\\\/#breadcrumb\",\"itemListElement\":[{\"@type\":\"ListItem\",\"position\":1,\"name\":\"Home\",\"item\":\"https:\\\/\\\/chiara-design.com\\\/sk\\\/damske-kabelky-chiara-design\\\/\"},{\"@type\":\"ListItem\",\"position\":2,\"name\":\"Obchod\",\"item\":\"https:\\\/\\\/chiara-design.com\\\/sklep\\\/\"},{\"@type\":\"ListItem\",\"position\":3,\"name\":\"Kabelka Chiara Klara \u2013 \u010cierna Kabelka z Pr\u00edrodnej Ko\u017ee\"}]},{\"@type\":\"WebSite\",\"@id\":\"https:\\\/\\\/chiara-design.com\\\/#website\",\"url\":\"https:\\\/\\\/chiara-design.com\\\/\",\"name\":\"Chiara Design\",\"description\":\"Tw\u00f3j ulubiony sklep online z torebkami.\",\"publisher\":{\"@id\":\"https:\\\/\\\/chiara-design.com\\\/#organization\"},\"potentialAction\":[{\"@type\":\"SearchAction\",\"target\":{\"@type\":\"EntryPoint\",\"urlTemplate\":\"https:\\\/\\\/chiara-design.com\\\/?s={search_term_string}\"},\"query-input\":{\"@type\":\"PropertyValueSpecification\",\"valueRequired\":true,\"valueName\":\"search_term_string\"}}],\"inLanguage\":\"sk-SK\"},{\"@type\":\"Organization\",\"@id\":\"https:\\\/\\\/chiara-design.com\\\/#organization\",\"name\":\"Chiara Design\",\"url\":\"https:\\\/\\\/chiara-design.com\\\/\",\"logo\":{\"@type\":\"ImageObject\",\"inLanguage\":\"sk-SK\",\"@id\":\"https:\\\/\\\/chiara-design.com\\\/#\\\/schema\\\/logo\\\/image\\\/\",\"url\":\"https:\\\/\\\/chiara-design.com\\\/wp-content\\\/uploads\\\/2024\\\/09\\\/CHIARA-DESIGN-LOGO.png\",\"contentUrl\":\"https:\\\/\\\/chiara-design.com\\\/wp-content\\\/uploads\\\/2024\\\/09\\\/CHIARA-DESIGN-LOGO.png\",\"width\":500,\"height\":158,\"caption\":\"Chiara Design\"},\"image\":{\"@id\":\"https:\\\/\\\/chiara-design.com\\\/#\\\/schema\\\/logo\\\/image\\\/\"},\"sameAs\":[\"https:\\\/\\\/www.facebook.com\\\/ChiaraDesignPL\",\"https:\\\/\\\/www.instagram.com\\\/chiara_design_\\\/\"]}]}<\/script>\n<!-- \/ Yoast SEO plugin. -->","yoast_head_json":{"title":"Kabelka Chiara Klara \u2013 \u010cierna Kabelka z Pr\u00edrodnej Ko\u017ee","description":"Kabelka Chiara Klara \u2013 \u010dierna kabelka z pr\u00edrodnej ko\u017ee. Priestrann\u00e1, s vreckami a nastavite\u013en\u00fdm popruhom. Ide\u00e1lna na ka\u017ed\u00fd de\u0148 a elegantn\u00e9 pr\u00edle\u017eitosti.","robots":{"index":"index","follow":"follow","max-snippet":"max-snippet:-1","max-image-preview":"max-image-preview:large","max-video-preview":"max-video-preview:-1"},"canonical":"https:\/\/chiara-design.com\/sk\/produkt\/kabelka-chiara-klara-cierna-kabelka-z-prirodnej-koze\/","og_locale":"sk_SK","og_type":"article","og_title":"Kabelka Chiara Klara \u2013 \u010cierna Kabelka z Pr\u00edrodnej Ko\u017ee","og_description":"Kabelka Chiara Klara \u2013 \u010dierna kabelka z pr\u00edrodnej ko\u017ee. Priestrann\u00e1, s vreckami a nastavite\u013en\u00fdm popruhom. Ide\u00e1lna na ka\u017ed\u00fd de\u0148 a elegantn\u00e9 pr\u00edle\u017eitosti.","og_url":"https:\/\/chiara-design.com\/sk\/produkt\/kabelka-chiara-klara-cierna-kabelka-z-prirodnej-koze\/","og_site_name":"Chiara Design","article_publisher":"https:\/\/www.facebook.com\/ChiaraDesignPL","article_modified_time":"2025-09-23T09:49:46+00:00","og_image":[{"width":1200,"height":1500,"url":"https:\/\/chiara-design.com\/wp-content\/uploads\/2025\/05\/Klara-10.webp","type":"image\/webp"}],"twitter_card":"summary_large_image","twitter_misc":{"Predpokladan\u00fd \u010das \u010d\u00edtania":"3 min\u00faty"},"schema":{"@context":"https:\/\/schema.org","@graph":[{"@type":"WebPage","@id":"https:\/\/chiara-design.com\/sk\/produkt\/kabelka-chiara-klara-cierna-kabelka-z-prirodnej-koze\/","url":"https:\/\/chiara-design.com\/sk\/produkt\/kabelka-chiara-klara-cierna-kabelka-z-prirodnej-koze\/","name":"Kabelka Chiara Klara \u2013 \u010cierna Kabelka z Pr\u00edrodnej Ko\u017ee","isPartOf":{"@id":"https:\/\/chiara-design.com\/#website"},"primaryImageOfPage":{"@id":"https:\/\/chiara-design.com\/sk\/produkt\/kabelka-chiara-klara-cierna-kabelka-z-prirodnej-koze\/#primaryimage"},"image":{"@id":"https:\/\/chiara-design.com\/sk\/produkt\/kabelka-chiara-klara-cierna-kabelka-z-prirodnej-koze\/#primaryimage"},"thumbnailUrl":"https:\/\/chiara-design.com\/wp-content\/uploads\/2025\/03\/KLARA-CZARNA_1.webp","datePublished":"2025-03-08T00:36:35+00:00","dateModified":"2025-09-23T09:49:46+00:00","description":"Kabelka Chiara Klara \u2013 \u010dierna kabelka z pr\u00edrodnej ko\u017ee. Priestrann\u00e1, s vreckami a nastavite\u013en\u00fdm popruhom. Ide\u00e1lna na ka\u017ed\u00fd de\u0148 a elegantn\u00e9 pr\u00edle\u017eitosti.","breadcrumb":{"@id":"https:\/\/chiara-design.com\/sk\/produkt\/kabelka-chiara-klara-cierna-kabelka-z-prirodnej-koze\/#breadcrumb"},"inLanguage":"sk-SK","potentialAction":[{"@type":"ReadAction","target":["https:\/\/chiara-design.com\/sk\/produkt\/kabelka-chiara-klara-cierna-kabelka-z-prirodnej-koze\/"]}]},{"@type":"ImageObject","inLanguage":"sk-SK","@id":"https:\/\/chiara-design.com\/sk\/produkt\/kabelka-chiara-klara-cierna-kabelka-z-prirodnej-koze\/#primaryimage","url":"https:\/\/chiara-design.com\/wp-content\/uploads\/2025\/03\/KLARA-CZARNA_1.webp","contentUrl":"https:\/\/chiara-design.com\/wp-content\/uploads\/2025\/03\/KLARA-CZARNA_1.webp","width":1900,"height":2492},{"@type":"BreadcrumbList","@id":"https:\/\/chiara-design.com\/sk\/produkt\/kabelka-chiara-klara-cierna-kabelka-z-prirodnej-koze\/#breadcrumb","itemListElement":[{"@type":"ListItem","position":1,"name":"Home","item":"https:\/\/chiara-design.com\/sk\/damske-kabelky-chiara-design\/"},{"@type":"ListItem","position":2,"name":"Obchod","item":"https:\/\/chiara-design.com\/sklep\/"},{"@type":"ListItem","position":3,"name":"Kabelka Chiara Klara \u2013 \u010cierna Kabelka z Pr\u00edrodnej Ko\u017ee"}]},{"@type":"WebSite","@id":"https:\/\/chiara-design.com\/#website","url":"https:\/\/chiara-design.com\/","name":"Chiara Design","description":"Tw\u00f3j ulubiony sklep online z torebkami.","publisher":{"@id":"https:\/\/chiara-design.com\/#organization"},"potentialAction":[{"@type":"SearchAction","target":{"@type":"EntryPoint","urlTemplate":"https:\/\/chiara-design.com\/?s={search_term_string}"},"query-input":{"@type":"PropertyValueSpecification","valueRequired":true,"valueName":"search_term_string"}}],"inLanguage":"sk-SK"},{"@type":"Organization","@id":"https:\/\/chiara-design.com\/#organization","name":"Chiara Design","url":"https:\/\/chiara-design.com\/","logo":{"@type":"ImageObject","inLanguage":"sk-SK","@id":"https:\/\/chiara-design.com\/#\/schema\/logo\/image\/","url":"https:\/\/chiara-design.com\/wp-content\/uploads\/2024\/09\/CHIARA-DESIGN-LOGO.png","contentUrl":"https:\/\/chiara-design.com\/wp-content\/uploads\/2024\/09\/CHIARA-DESIGN-LOGO.png","width":500,"height":158,"caption":"Chiara Design"},"image":{"@id":"https:\/\/chiara-design.com\/#\/schema\/logo\/image\/"},"sameAs":["https:\/\/www.facebook.com\/ChiaraDesignPL","https:\/\/www.instagram.com\/chiara_design_\/"]}]}},"jetpack_sharing_enabled":true,"_links":{"self":[{"href":"https:\/\/chiara-design.com\/sk\/wp-json\/wp\/v2\/product\/60820","targetHints":{"allow":["GET"]}}],"collection":[{"href":"https:\/\/chiara-design.com\/sk\/wp-json\/wp\/v2\/product"}],"about":[{"href":"https:\/\/chiara-design.com\/sk\/wp-json\/wp\/v2\/types\/product"}],"replies":[{"embeddable":true,"href":"https:\/\/chiara-design.com\/sk\/wp-json\/wp\/v2\/comments?post=60820"}],"wp:featuredmedia":[{"embeddable":true,"href":"https:\/\/chiara-design.com\/sk\/wp-json\/wp\/v2\/media\/59213"}],"wp:attachment":[{"href":"https:\/\/chiara-design.com\/sk\/wp-json\/wp\/v2\/media?parent=60820"}],"wp:term":[{"taxonomy":"product_brand","embeddable":true,"href":"https:\/\/chiara-design.com\/sk\/wp-json\/wp\/v2\/product_brand?post=60820"},{"taxonomy":"product_cat","embeddable":true,"href":"https:\/\/chiara-design.com\/sk\/wp-json\/wp\/v2\/product_cat?post=60820"},{"taxonomy":"product_tag","embeddable":true,"href":"https:\/\/chiara-design.com\/sk\/wp-json\/wp\/v2\/product_tag?post=60820"}],"curies":[{"name":"wp","href":"https:\/\/api.w.org\/{rel}","templated":true}]}}