{"id":60818,"date":"2025-03-16T01:29:36","date_gmt":"2025-03-16T00:29:36","guid":{"rendered":"https:\/\/chiara-design.com\/product\/kabelka-chiara-joy-bordova-crossbody-kabelka-z-prirodnej-koze\/"},"modified":"2025-09-23T11:49:46","modified_gmt":"2025-09-23T09:49:46","slug":"kabelka-chiara-joy-bordova-crossbody-kabelka-z-prirodnej-koze","status":"publish","type":"product","link":"https:\/\/chiara-design.com\/sk\/produkt\/kabelka-chiara-joy-bordova-crossbody-kabelka-z-prirodnej-koze\/","title":{"rendered":"Kabelka Chiara Joy \u2013 Bordov\u00e1 Crossbody kabelka z Pr\u00edrodnej Ko\u017ee"},"content":{"rendered":"<p>&lt;h2&gt;Kabelka Chiara Joy \u2013 ide\u00e1lna bordov\u00e1 crossbody kabelka na ka\u017ed\u00fd de\u0148&lt;\/h2&gt;<br \/>\n&lt;p&gt;&lt;strong&gt;Kabelka Chiara Joy \u2013 Bordov\u00e1 Crossbody kabelka z Pr\u00edrodnej Ko\u017ee&lt;\/strong&gt; je jedine\u010dn\u00fd model, ktor\u00fd sp\u00e1ja klasick\u00fa eleganciu s modern\u00fdm \u0161t\u00fdlom. Vyroben\u00e1 z &lt;strong&gt;pr\u00edrodnej ko\u017ee&lt;\/strong&gt; s text\u00farou hr\u00e1\u0161ku, vyzna\u010duje sa trv\u00e1cnos\u0165ou a neopakovate\u013en\u00fdm vzh\u013eadom. &lt;strong&gt;Preto&lt;\/strong&gt;, ak h\u013ead\u00e1te crossbody kabelku, ktor\u00e1 dod\u00e1 charakter va\u0161im outfitom, tento model spln\u00ed va\u0161e o\u010dak\u00e1vania.&lt;\/p&gt;<\/p>\n<p>&lt;h2&gt;V\u0161estrann\u00fd dizajn a funk\u010dnos\u0165&lt;\/h2&gt;<br \/>\n&lt;p&gt;&lt;strong&gt;Bordov\u00e1 crossbody kabelka z pr\u00edrodnej ko\u017ee&lt;\/strong&gt; je ide\u00e1lnou vo\u013ebou pre \u017eeny, ktor\u00e9 si cenia \u0161t\u00fdl a praktickos\u0165. &lt;strong&gt;Okrem toho&lt;\/strong&gt;, v\u010faka kompaktn\u00fdm rozmerom a priestrann\u00e9mu vn\u00fatraj\u0161ku, pojme v\u0161etky nevyhnutn\u00e9 predmety. &lt;strong&gt;Preto&lt;\/strong&gt; sa osved\u010d\u00ed ako po\u010das stretnut\u00ed, tak aj v pr\u00e1ci. &lt;strong&gt;Dodato\u010dne&lt;\/strong&gt; sa vyzna\u010duje:&lt;\/p&gt;<br \/>\n&lt;ul&gt;<br \/>\n&lt;li&gt;&lt;strong&gt;Premyslenou organiz\u00e1ciou vn\u00fatra&lt;\/strong&gt; \u2013 hlavn\u00e1 komora uzatv\u00e1rate\u013en\u00e1 na zips zais\u0165uje bezpe\u010dnos\u0165 ulo\u017een\u00fdch vec\u00ed.&lt;\/li&gt;<br \/>\n&lt;li&gt;&lt;strong&gt;Dodato\u010dnou priehradkou&lt;\/strong&gt;, ktor\u00e1 pln\u00ed funkciu priestrann\u00e9ho vrecka.&lt;\/li&gt;<br \/>\n&lt;li&gt;&lt;strong&gt;Vreckami na zips&lt;\/strong&gt; umiestnen\u00fdmi vpredu aj vzadu, \u010do u\u013eah\u010duje pr\u00edstup k najpotrebnej\u0161\u00edm veciam.&lt;\/li&gt;<br \/>\n&lt;li&gt;&lt;strong&gt;Nastavite\u013en\u00fdm popruhom&lt;\/strong&gt;, ktor\u00fd umo\u017e\u0148uje nosi\u0165 kabelku ako crossbody.&lt;\/li&gt;<br \/>\n&lt;li&gt;&lt;strong&gt;Pohodlnou r\u00fa\u010dkou&lt;\/strong&gt;, v\u010faka ktorej mo\u017eno kabelku komfortne nosi\u0165 na ramene.&lt;\/li&gt;<br \/>\n&lt;li&gt;&lt;strong&gt;\u0160t\u00fdlov\u00fdm doplnkom&lt;\/strong&gt; \u2013 zrkadielkom v tvare srdca na retiazke, ktor\u00e9 dod\u00e1va \u0161arm.&lt;\/li&gt;<br \/>\n&lt;\/ul&gt;<\/p>\n<p>&lt;h2&gt;Funk\u010dnos\u0165 a pohodlie v jednom&lt;\/h2&gt;<br \/>\n&lt;p&gt;&lt;strong&gt;Navy\u0161e&lt;\/strong&gt;, po\u010detn\u00e9 vreck\u00e1 u\u013eah\u010duj\u00fa udr\u017eiavanie poriadku a starostlivo navrhnut\u00e9 vn\u00fatro zais\u0165uje, \u017ee v\u0161etko m\u00e1 svoje miesto. &lt;strong&gt;Preto&lt;\/strong&gt; si aj v najru\u0161nej\u0161\u00edch d\u0148och m\u00f4\u017eete u\u017e\u00edva\u0165 pohodlie pri pou\u017e\u00edvan\u00ed. &lt;strong&gt;Okrem toho&lt;\/strong&gt;, v\u010faka svojej \u013eahkosti a ergonomick\u00e9mu tvaru, kabelka neza\u0165a\u017euje rameno, \u010do sa premieta do pohodlia po\u010das cel\u00e9ho d\u0148a.&lt;\/p&gt;<\/p>\n<p>&lt;h2&gt;Pre\u010do si vybra\u0165 Kabelku Chiara Joy?&lt;\/h2&gt;<br \/>\n&lt;p&gt;Tento model je &lt;strong&gt;synonymom pohodlia a nad\u010dasov\u00e9ho \u0161t\u00fdlu&lt;\/strong&gt;. &lt;strong&gt;Okrem toho&lt;\/strong&gt;, bordov\u00e1 farba dod\u00e1va eleganciu a originalitu, v\u010faka \u010domu sa crossbody kabelka stane jedine\u010dn\u00fdm prvkom ka\u017ed\u00e9ho outfitu. &lt;strong&gt;Preto&lt;\/strong&gt;, ak si cen\u00edte vysok\u00fa kvalitu a funk\u010dnos\u0165, t\u00e1to kabelka bude vynikaj\u00facou vo\u013ebou.&lt;\/p&gt;<\/p>\n<p>&lt;h3&gt;Najd\u00f4le\u017eitej\u0161ie vlastnosti Kabelky Chiara Joy:&lt;\/h3&gt;<br \/>\n&lt;ul&gt;<br \/>\n&lt;li&gt;Pr\u00edrodn\u00e1 ko\u017ea s text\u00farou hr\u00e1\u0161ku&lt;\/li&gt;<br \/>\n&lt;li&gt;Hlbok\u00e1 bordov\u00e1 farba&lt;\/li&gt;<br \/>\n&lt;li&gt;Priestrann\u00e1 hlavn\u00e1 komora uzatv\u00e1rate\u013en\u00e1 na zips&lt;\/li&gt;<br \/>\n&lt;li&gt;Praktick\u00e9 vn\u00fatorn\u00e9 a vonkaj\u0161ie vreck\u00e1&lt;\/li&gt;<br \/>\n&lt;li&gt;Nastavite\u013en\u00fd popruh a ergonomick\u00e1 r\u00fa\u010dka&lt;\/li&gt;<br \/>\n&lt;li&gt;Firemn\u00fd dar\u010dek \u2013 zrkadielko v tvare srdca&lt;\/li&gt;<br \/>\n&lt;li&gt;Ide\u00e1lna na ka\u017ed\u00fd de\u0148 a elegantn\u00e9 pr\u00edle\u017eitosti&lt;\/li&gt;<br \/>\n&lt;\/ul&gt;<\/p>\n<p>&lt;p&gt;&lt;strong&gt;Zhrnut\u00edm&lt;\/strong&gt;, &lt;strong&gt;Kabelka Chiara Joy \u2013 Bordov\u00e1 Crossbody kabelka z Pr\u00edrodnej Ko\u017ee&lt;\/strong&gt; je spojen\u00edm modern\u00e9ho dizajnu, pohodlia a vysokej kvality spracovania. &lt;strong&gt;Preto&lt;\/strong&gt;, ak h\u013ead\u00e1te kabelku, ktor\u00e1 dod\u00e1 triedu va\u0161im outfitom a zaist\u00ed pohodlie pri pou\u017e\u00edvan\u00ed, tento model bude ide\u00e1lnou vo\u013ebou.&lt;\/p&gt;<\/p>\n<p>&lt;p&gt;&lt;strong&gt;Model:&lt;\/strong&gt; E6019&lt;\/p&gt;<\/p>\n","protected":false},"excerpt":{"rendered":"<p>&lt;p&gt;Kabelka Chiara Joy \u2013 bordov\u00e1 crossbody kabelka z pr\u00edrodnej ko\u017ee. Zmestia sa do nej najpotrebnej\u0161ie doplnky, m\u00e1 nastavite\u013en\u00fd popruh a pohodln\u00fa r\u00fa\u010dku. Ide\u00e1lna na ka\u017ed\u00fd de\u0148.&lt;\/p&gt;<\/p>\n","protected":false},"featured_media":59241,"comment_status":"open","ping_status":"closed","template":"","meta":[],"product_brand":[],"product_cat":[648],"product_tag":[731,753,636,649,663,691,637,692],"class_list":{"0":"post-60818","1":"product","2":"type-product","3":"status-publish","4":"has-post-thumbnail","6":"product_cat-crossbody-kabelky","7":"product_tag-a5-sk","8":"product_tag-bordova","9":"product_tag-chiara-sk","10":"product_tag-crossbody-kabelka","11":"product_tag-kabelka","12":"product_tag-klasicka","13":"product_tag-prirodna-koza","14":"product_tag-univerzalna","16":"first","17":"instock","18":"sale","19":"shipping-taxable","20":"purchasable","21":"product-type-simple"},"yoast_head":"<!-- This site is optimized with the Yoast SEO plugin v27.4 - https:\/\/yoast.com\/product\/yoast-seo-wordpress\/ -->\n<title>Kabelka Chiara Joy \u2013 Bordov\u00e1 Crossbody kabelka z Pr\u00edrodnej Ko\u017ee<\/title>\n<meta name=\"description\" content=\"Kabelka Chiara Joy \u2013 bordov\u00e1 crossbody kabelka z pr\u00edrodnej ko\u017ee. \u013dahk\u00e1, priestrann\u00e1 a \u0161t\u00fdlov\u00e1. M\u00e1 nastavite\u013en\u00fd popruh a vreck\u00e1 na zips. Ide\u00e1lna na ka\u017ed\u00fd de\u0148!\" \/>\n<meta name=\"robots\" content=\"index, follow, max-snippet:-1, max-image-preview:large, max-video-preview:-1\" \/>\n<link rel=\"canonical\" href=\"https:\/\/chiara-design.com\/sk\/produkt\/kabelka-chiara-joy-bordova-crossbody-kabelka-z-prirodnej-koze\/\" \/>\n<meta property=\"og:locale\" content=\"sk_SK\" \/>\n<meta property=\"og:type\" content=\"article\" \/>\n<meta property=\"og:title\" content=\"Kabelka Chiara Joy \u2013 Bordov\u00e1 Crossbody kabelka z Pr\u00edrodnej Ko\u017ee\" \/>\n<meta property=\"og:description\" content=\"Kabelka Chiara Joy \u2013 bordov\u00e1 crossbody kabelka z pr\u00edrodnej ko\u017ee. \u013dahk\u00e1, priestrann\u00e1 a \u0161t\u00fdlov\u00e1. M\u00e1 nastavite\u013en\u00fd popruh a vreck\u00e1 na zips. Ide\u00e1lna na ka\u017ed\u00fd de\u0148!\" \/>\n<meta property=\"og:url\" content=\"https:\/\/chiara-design.com\/sk\/produkt\/kabelka-chiara-joy-bordova-crossbody-kabelka-z-prirodnej-koze\/\" \/>\n<meta property=\"og:site_name\" content=\"Chiara Design\" \/>\n<meta property=\"article:publisher\" content=\"https:\/\/www.facebook.com\/ChiaraDesignPL\" \/>\n<meta property=\"article:modified_time\" content=\"2025-09-23T09:49:46+00:00\" \/>\n<meta property=\"og:image\" content=\"https:\/\/chiara-design.com\/wp-content\/uploads\/2025\/03\/JOY-BORDO_1.webp\" \/>\n\t<meta property=\"og:image:width\" content=\"1900\" \/>\n\t<meta property=\"og:image:height\" content=\"2492\" \/>\n\t<meta property=\"og:image:type\" content=\"image\/webp\" \/>\n<meta name=\"twitter:card\" content=\"summary_large_image\" \/>\n<meta name=\"twitter:label1\" content=\"Predpokladan\u00fd \u010das \u010d\u00edtania\" \/>\n\t<meta name=\"twitter:data1\" content=\"4 min\u00faty\" \/>\n<script type=\"application\/ld+json\" class=\"yoast-schema-graph\">{\"@context\":\"https:\\\/\\\/schema.org\",\"@graph\":[{\"@type\":\"WebPage\",\"@id\":\"https:\\\/\\\/chiara-design.com\\\/sk\\\/produkt\\\/kabelka-chiara-joy-bordova-crossbody-kabelka-z-prirodnej-koze\\\/\",\"url\":\"https:\\\/\\\/chiara-design.com\\\/sk\\\/produkt\\\/kabelka-chiara-joy-bordova-crossbody-kabelka-z-prirodnej-koze\\\/\",\"name\":\"Kabelka Chiara Joy \u2013 Bordov\u00e1 Crossbody kabelka z Pr\u00edrodnej Ko\u017ee\",\"isPartOf\":{\"@id\":\"https:\\\/\\\/chiara-design.com\\\/#website\"},\"primaryImageOfPage\":{\"@id\":\"https:\\\/\\\/chiara-design.com\\\/sk\\\/produkt\\\/kabelka-chiara-joy-bordova-crossbody-kabelka-z-prirodnej-koze\\\/#primaryimage\"},\"image\":{\"@id\":\"https:\\\/\\\/chiara-design.com\\\/sk\\\/produkt\\\/kabelka-chiara-joy-bordova-crossbody-kabelka-z-prirodnej-koze\\\/#primaryimage\"},\"thumbnailUrl\":\"https:\\\/\\\/chiara-design.com\\\/wp-content\\\/uploads\\\/2025\\\/03\\\/JOY-BORDO_1.webp\",\"datePublished\":\"2025-03-16T00:29:36+00:00\",\"dateModified\":\"2025-09-23T09:49:46+00:00\",\"description\":\"Kabelka Chiara Joy \u2013 bordov\u00e1 crossbody kabelka z pr\u00edrodnej ko\u017ee. \u013dahk\u00e1, priestrann\u00e1 a \u0161t\u00fdlov\u00e1. M\u00e1 nastavite\u013en\u00fd popruh a vreck\u00e1 na zips. Ide\u00e1lna na ka\u017ed\u00fd de\u0148!\",\"breadcrumb\":{\"@id\":\"https:\\\/\\\/chiara-design.com\\\/sk\\\/produkt\\\/kabelka-chiara-joy-bordova-crossbody-kabelka-z-prirodnej-koze\\\/#breadcrumb\"},\"inLanguage\":\"sk-SK\",\"potentialAction\":[{\"@type\":\"ReadAction\",\"target\":[\"https:\\\/\\\/chiara-design.com\\\/sk\\\/produkt\\\/kabelka-chiara-joy-bordova-crossbody-kabelka-z-prirodnej-koze\\\/\"]}]},{\"@type\":\"ImageObject\",\"inLanguage\":\"sk-SK\",\"@id\":\"https:\\\/\\\/chiara-design.com\\\/sk\\\/produkt\\\/kabelka-chiara-joy-bordova-crossbody-kabelka-z-prirodnej-koze\\\/#primaryimage\",\"url\":\"https:\\\/\\\/chiara-design.com\\\/wp-content\\\/uploads\\\/2025\\\/03\\\/JOY-BORDO_1.webp\",\"contentUrl\":\"https:\\\/\\\/chiara-design.com\\\/wp-content\\\/uploads\\\/2025\\\/03\\\/JOY-BORDO_1.webp\",\"width\":1900,\"height\":2492,\"caption\":\"Bordowa listonoszka Chiara Joy \u2013 stylowy model ze sk\u00f3ry naturalnej z regulowanym paskiem\"},{\"@type\":\"BreadcrumbList\",\"@id\":\"https:\\\/\\\/chiara-design.com\\\/sk\\\/produkt\\\/kabelka-chiara-joy-bordova-crossbody-kabelka-z-prirodnej-koze\\\/#breadcrumb\",\"itemListElement\":[{\"@type\":\"ListItem\",\"position\":1,\"name\":\"Home\",\"item\":\"https:\\\/\\\/chiara-design.com\\\/sk\\\/damske-kabelky-chiara-design\\\/\"},{\"@type\":\"ListItem\",\"position\":2,\"name\":\"Obchod\",\"item\":\"https:\\\/\\\/chiara-design.com\\\/sklep\\\/\"},{\"@type\":\"ListItem\",\"position\":3,\"name\":\"Kabelka Chiara Joy \u2013 Bordov\u00e1 Crossbody kabelka z Pr\u00edrodnej Ko\u017ee\"}]},{\"@type\":\"WebSite\",\"@id\":\"https:\\\/\\\/chiara-design.com\\\/#website\",\"url\":\"https:\\\/\\\/chiara-design.com\\\/\",\"name\":\"Chiara Design\",\"description\":\"Tw\u00f3j ulubiony sklep online z torebkami.\",\"publisher\":{\"@id\":\"https:\\\/\\\/chiara-design.com\\\/#organization\"},\"potentialAction\":[{\"@type\":\"SearchAction\",\"target\":{\"@type\":\"EntryPoint\",\"urlTemplate\":\"https:\\\/\\\/chiara-design.com\\\/?s={search_term_string}\"},\"query-input\":{\"@type\":\"PropertyValueSpecification\",\"valueRequired\":true,\"valueName\":\"search_term_string\"}}],\"inLanguage\":\"sk-SK\"},{\"@type\":\"Organization\",\"@id\":\"https:\\\/\\\/chiara-design.com\\\/#organization\",\"name\":\"Chiara Design\",\"url\":\"https:\\\/\\\/chiara-design.com\\\/\",\"logo\":{\"@type\":\"ImageObject\",\"inLanguage\":\"sk-SK\",\"@id\":\"https:\\\/\\\/chiara-design.com\\\/#\\\/schema\\\/logo\\\/image\\\/\",\"url\":\"https:\\\/\\\/chiara-design.com\\\/wp-content\\\/uploads\\\/2024\\\/09\\\/CHIARA-DESIGN-LOGO.png\",\"contentUrl\":\"https:\\\/\\\/chiara-design.com\\\/wp-content\\\/uploads\\\/2024\\\/09\\\/CHIARA-DESIGN-LOGO.png\",\"width\":500,\"height\":158,\"caption\":\"Chiara Design\"},\"image\":{\"@id\":\"https:\\\/\\\/chiara-design.com\\\/#\\\/schema\\\/logo\\\/image\\\/\"},\"sameAs\":[\"https:\\\/\\\/www.facebook.com\\\/ChiaraDesignPL\",\"https:\\\/\\\/www.instagram.com\\\/chiara_design_\\\/\"]}]}<\/script>\n<!-- \/ Yoast SEO plugin. -->","yoast_head_json":{"title":"Kabelka Chiara Joy \u2013 Bordov\u00e1 Crossbody kabelka z Pr\u00edrodnej Ko\u017ee","description":"Kabelka Chiara Joy \u2013 bordov\u00e1 crossbody kabelka z pr\u00edrodnej ko\u017ee. \u013dahk\u00e1, priestrann\u00e1 a \u0161t\u00fdlov\u00e1. M\u00e1 nastavite\u013en\u00fd popruh a vreck\u00e1 na zips. Ide\u00e1lna na ka\u017ed\u00fd de\u0148!","robots":{"index":"index","follow":"follow","max-snippet":"max-snippet:-1","max-image-preview":"max-image-preview:large","max-video-preview":"max-video-preview:-1"},"canonical":"https:\/\/chiara-design.com\/sk\/produkt\/kabelka-chiara-joy-bordova-crossbody-kabelka-z-prirodnej-koze\/","og_locale":"sk_SK","og_type":"article","og_title":"Kabelka Chiara Joy \u2013 Bordov\u00e1 Crossbody kabelka z Pr\u00edrodnej Ko\u017ee","og_description":"Kabelka Chiara Joy \u2013 bordov\u00e1 crossbody kabelka z pr\u00edrodnej ko\u017ee. \u013dahk\u00e1, priestrann\u00e1 a \u0161t\u00fdlov\u00e1. M\u00e1 nastavite\u013en\u00fd popruh a vreck\u00e1 na zips. Ide\u00e1lna na ka\u017ed\u00fd de\u0148!","og_url":"https:\/\/chiara-design.com\/sk\/produkt\/kabelka-chiara-joy-bordova-crossbody-kabelka-z-prirodnej-koze\/","og_site_name":"Chiara Design","article_publisher":"https:\/\/www.facebook.com\/ChiaraDesignPL","article_modified_time":"2025-09-23T09:49:46+00:00","og_image":[{"width":1900,"height":2492,"url":"https:\/\/chiara-design.com\/wp-content\/uploads\/2025\/03\/JOY-BORDO_1.webp","type":"image\/webp"}],"twitter_card":"summary_large_image","twitter_misc":{"Predpokladan\u00fd \u010das \u010d\u00edtania":"4 min\u00faty"},"schema":{"@context":"https:\/\/schema.org","@graph":[{"@type":"WebPage","@id":"https:\/\/chiara-design.com\/sk\/produkt\/kabelka-chiara-joy-bordova-crossbody-kabelka-z-prirodnej-koze\/","url":"https:\/\/chiara-design.com\/sk\/produkt\/kabelka-chiara-joy-bordova-crossbody-kabelka-z-prirodnej-koze\/","name":"Kabelka Chiara Joy \u2013 Bordov\u00e1 Crossbody kabelka z Pr\u00edrodnej Ko\u017ee","isPartOf":{"@id":"https:\/\/chiara-design.com\/#website"},"primaryImageOfPage":{"@id":"https:\/\/chiara-design.com\/sk\/produkt\/kabelka-chiara-joy-bordova-crossbody-kabelka-z-prirodnej-koze\/#primaryimage"},"image":{"@id":"https:\/\/chiara-design.com\/sk\/produkt\/kabelka-chiara-joy-bordova-crossbody-kabelka-z-prirodnej-koze\/#primaryimage"},"thumbnailUrl":"https:\/\/chiara-design.com\/wp-content\/uploads\/2025\/03\/JOY-BORDO_1.webp","datePublished":"2025-03-16T00:29:36+00:00","dateModified":"2025-09-23T09:49:46+00:00","description":"Kabelka Chiara Joy \u2013 bordov\u00e1 crossbody kabelka z pr\u00edrodnej ko\u017ee. \u013dahk\u00e1, priestrann\u00e1 a \u0161t\u00fdlov\u00e1. M\u00e1 nastavite\u013en\u00fd popruh a vreck\u00e1 na zips. Ide\u00e1lna na ka\u017ed\u00fd de\u0148!","breadcrumb":{"@id":"https:\/\/chiara-design.com\/sk\/produkt\/kabelka-chiara-joy-bordova-crossbody-kabelka-z-prirodnej-koze\/#breadcrumb"},"inLanguage":"sk-SK","potentialAction":[{"@type":"ReadAction","target":["https:\/\/chiara-design.com\/sk\/produkt\/kabelka-chiara-joy-bordova-crossbody-kabelka-z-prirodnej-koze\/"]}]},{"@type":"ImageObject","inLanguage":"sk-SK","@id":"https:\/\/chiara-design.com\/sk\/produkt\/kabelka-chiara-joy-bordova-crossbody-kabelka-z-prirodnej-koze\/#primaryimage","url":"https:\/\/chiara-design.com\/wp-content\/uploads\/2025\/03\/JOY-BORDO_1.webp","contentUrl":"https:\/\/chiara-design.com\/wp-content\/uploads\/2025\/03\/JOY-BORDO_1.webp","width":1900,"height":2492,"caption":"Bordowa listonoszka Chiara Joy \u2013 stylowy model ze sk\u00f3ry naturalnej z regulowanym paskiem"},{"@type":"BreadcrumbList","@id":"https:\/\/chiara-design.com\/sk\/produkt\/kabelka-chiara-joy-bordova-crossbody-kabelka-z-prirodnej-koze\/#breadcrumb","itemListElement":[{"@type":"ListItem","position":1,"name":"Home","item":"https:\/\/chiara-design.com\/sk\/damske-kabelky-chiara-design\/"},{"@type":"ListItem","position":2,"name":"Obchod","item":"https:\/\/chiara-design.com\/sklep\/"},{"@type":"ListItem","position":3,"name":"Kabelka Chiara Joy \u2013 Bordov\u00e1 Crossbody kabelka z Pr\u00edrodnej Ko\u017ee"}]},{"@type":"WebSite","@id":"https:\/\/chiara-design.com\/#website","url":"https:\/\/chiara-design.com\/","name":"Chiara Design","description":"Tw\u00f3j ulubiony sklep online z torebkami.","publisher":{"@id":"https:\/\/chiara-design.com\/#organization"},"potentialAction":[{"@type":"SearchAction","target":{"@type":"EntryPoint","urlTemplate":"https:\/\/chiara-design.com\/?s={search_term_string}"},"query-input":{"@type":"PropertyValueSpecification","valueRequired":true,"valueName":"search_term_string"}}],"inLanguage":"sk-SK"},{"@type":"Organization","@id":"https:\/\/chiara-design.com\/#organization","name":"Chiara Design","url":"https:\/\/chiara-design.com\/","logo":{"@type":"ImageObject","inLanguage":"sk-SK","@id":"https:\/\/chiara-design.com\/#\/schema\/logo\/image\/","url":"https:\/\/chiara-design.com\/wp-content\/uploads\/2024\/09\/CHIARA-DESIGN-LOGO.png","contentUrl":"https:\/\/chiara-design.com\/wp-content\/uploads\/2024\/09\/CHIARA-DESIGN-LOGO.png","width":500,"height":158,"caption":"Chiara Design"},"image":{"@id":"https:\/\/chiara-design.com\/#\/schema\/logo\/image\/"},"sameAs":["https:\/\/www.facebook.com\/ChiaraDesignPL","https:\/\/www.instagram.com\/chiara_design_\/"]}]}},"jetpack_sharing_enabled":true,"_links":{"self":[{"href":"https:\/\/chiara-design.com\/sk\/wp-json\/wp\/v2\/product\/60818","targetHints":{"allow":["GET"]}}],"collection":[{"href":"https:\/\/chiara-design.com\/sk\/wp-json\/wp\/v2\/product"}],"about":[{"href":"https:\/\/chiara-design.com\/sk\/wp-json\/wp\/v2\/types\/product"}],"replies":[{"embeddable":true,"href":"https:\/\/chiara-design.com\/sk\/wp-json\/wp\/v2\/comments?post=60818"}],"wp:featuredmedia":[{"embeddable":true,"href":"https:\/\/chiara-design.com\/sk\/wp-json\/wp\/v2\/media\/59241"}],"wp:attachment":[{"href":"https:\/\/chiara-design.com\/sk\/wp-json\/wp\/v2\/media?parent=60818"}],"wp:term":[{"taxonomy":"product_brand","embeddable":true,"href":"https:\/\/chiara-design.com\/sk\/wp-json\/wp\/v2\/product_brand?post=60818"},{"taxonomy":"product_cat","embeddable":true,"href":"https:\/\/chiara-design.com\/sk\/wp-json\/wp\/v2\/product_cat?post=60818"},{"taxonomy":"product_tag","embeddable":true,"href":"https:\/\/chiara-design.com\/sk\/wp-json\/wp\/v2\/product_tag?post=60818"}],"curies":[{"name":"wp","href":"https:\/\/api.w.org\/{rel}","templated":true}]}}