{"id":60811,"date":"2025-04-09T11:09:03","date_gmt":"2025-04-09T09:09:03","guid":{"rendered":"https:\/\/chiara-design.com\/product\/ladvinka-chiara-dina-ruzova-ladvinka-z-prirodnej-koze\/"},"modified":"2025-09-23T11:49:44","modified_gmt":"2025-09-23T09:49:44","slug":"ladvinka-chiara-dina-ruzova-ladvinka-z-prirodnej-koze","status":"publish","type":"product","link":"https:\/\/chiara-design.com\/sk\/produkt\/ladvinka-chiara-dina-ruzova-ladvinka-z-prirodnej-koze\/","title":{"rendered":"\u013dadvinka Chiara Dina \u2013 Ru\u017eov\u00e1 \u013dadvinka z Pr\u00edrodnej Ko\u017ee"},"content":{"rendered":"<p>\u013dadvinka Chiara Dina \u2013 Ru\u017eov\u00e1 \u013dadvinka z Pr\u00edrodnej Ko\u017ee je jedine\u010dn\u00fd produkt, ktor\u00fd sp\u00e1ja funk\u010dnos\u0165 s modern\u00fdm \u0161t\u00fdlom. Bola navrhnut\u00e1 pre \u013eud\u00ed, ktor\u00ed si cenia praktick\u00e9 rie\u0161enia a m\u00f3dny dizajn. Vyrobili sme ju z najkvalitnej\u0161ej pr\u00edrodnej ko\u017ee, preto zaru\u010duje trv\u00e1cnos\u0165 a elegantn\u00fd vzh\u013ead na mnoho rokov. Navy\u0161e, text\u00fara hr\u00e1\u0161ku dod\u00e1va \u013eadvinke jedine\u010dn\u00fd charakter, ktor\u00fd zd\u00f4raz\u0148uje jej mestsk\u00fd \u0161t\u00fdl.<br \/>\n&lt;h3&gt;V\u0161estrannos\u0165 pou\u017eitia&lt;\/h3&gt;<br \/>\n\u013dadvinka Dina je ur\u010den\u00e1 na ka\u017edodenn\u00e9 pou\u017eitie, preto sa ide\u00e1lne osved\u010d\u00ed po\u010das prech\u00e1dzok, bicyklovania alebo stretnut\u00ed s priate\u013emi. Okrem toho jej univerz\u00e1lny dizajn umo\u017e\u0148uje nosenie v r\u00f4znych situ\u00e1ci\u00e1ch. Preto, bez oh\u013eadu na to, \u010di sa chyst\u00e1te na relaxa\u010dn\u00fa prech\u00e1dzku alebo pl\u00e1nujete akt\u00edvny de\u0148, \u013eadvinka Dina bude skvel\u00fdm spolo\u010dn\u00edkom.<br \/>\n&lt;h3&gt;Premyslen\u00e1 organiz\u00e1cia vn\u00fatra&lt;\/h3&gt;<br \/>\nV\u010faka priestrann\u00e9mu vn\u00fatri \u013eadvinka Dina umo\u017e\u0148uje pohodln\u00e9 ulo\u017eenie v\u0161etk\u00fdch najd\u00f4le\u017eitej\u0161\u00edch drobnost\u00ed. Obzvl\u00e1\u0161\u0165 stoj\u00ed za zmienku nasleduj\u00face vlastnosti:<br \/>\n&lt;ul&gt;<br \/>\n \t&lt;li&gt;Hlavn\u00e1 komora zabezpe\u010den\u00e1 zipsom, ktor\u00e1 chr\u00e1ni va\u0161e predmety;&lt;\/li&gt;<br \/>\n \t&lt;li&gt;Dodato\u010dn\u00e9 vn\u00fatorn\u00e9 vreck\u00e1, ktor\u00e9 umo\u017e\u0148uj\u00fa lep\u0161iu organiz\u00e1ciu;&lt;\/li&gt;<br \/>\n \t&lt;li&gt;Vonkaj\u0161ie vrecko vpredu aj vzadu, obe zabezpe\u010den\u00e9 zipsom, \u010do zais\u0165uje r\u00fdchly pr\u00edstup k potrebn\u00fdm doplnkom;&lt;\/li&gt;<br \/>\n \t&lt;li&gt;Nastavite\u013en\u00fd klasick\u00fd popruh, ktor\u00fd umo\u017e\u0148uje nosenie \u013eadvinky crossbody;&lt;\/li&gt;<br \/>\n \t&lt;li&gt;Profilovan\u00e1 r\u00fa\u010dka, ktor\u00e1 zais\u0165uje pohodlie pri nosen\u00ed na ramene.&lt;\/li&gt;<br \/>\n&lt;\/ul&gt;<br \/>\n&lt;h3&gt;\u0160t\u00fdlov\u00e9 detaily a dodato\u010dn\u00fd doplnok&lt;\/h3&gt;<br \/>\nNavy\u0161e bola \u013eadvinka Dina obohaten\u00e1 o o\u010daruj\u00faci doplnok \u2013 zrkadielko v tvare srdca na retiazke. Tento praktick\u00fd doplnok nielen\u017ee dod\u00e1va \u0161arm, ale tie\u017e umo\u017e\u0148uje r\u00fdchle \u00fapravy mejkapu. Preto, ak v\u00e1m z\u00e1le\u017e\u00ed na m\u00f3dnom a z\u00e1rove\u0148 praktickom doplnku, \u013eadvinka Dina spln\u00ed va\u0161e o\u010dak\u00e1vania.<br \/>\n&lt;h3&gt;Pre\u010do si vybra\u0165 \u013dadvinku Dina?&lt;\/h3&gt;<br \/>\n\u013dadvinka Chiara Dina \u2013 Ru\u017eov\u00e1 \u013dadvinka z Pr\u00edrodnej Ko\u017ee je produkt, ktor\u00fd sp\u00e1ja \u0161t\u00fdl, funk\u010dnos\u0165 a vysok\u00fa kvalitu spracovania. V\u010faka pevnej kon\u0161trukcii a premyslenej organiz\u00e1cii vn\u00fatra \u013eahko usporiadate v\u0161etky drobnosti. Okrem toho, tlmen\u00e1 farba \u013eadvinky sa dokonale hod\u00ed k mnoh\u00fdm outfitom, tak le\u017e\u00e9rnym, ako aj elegantnej\u0161\u00edm.<\/p>\n<p>Zhrnut\u00edm, v\u00fdberom \u013eadvinky Dina sa rozhodujete pre produkt, ktor\u00fd zais\u0165uje pohodlie, poriadok a jedine\u010dn\u00fd dizajn. Preto sa oplat\u00ed stavi\u0165 na t\u00fato \u013eadvinku, aby ste si u\u017e\u00edvali nielen praktickos\u0165, ale aj m\u00f3dny vzh\u013ead ka\u017ed\u00fd de\u0148.<\/p>\n<p>&lt;strong&gt;Model: E6023&lt;\/strong&gt;<\/p>\n","protected":false},"excerpt":{"rendered":"<p>\u013dadvinka Chiara Dina \u2013 Ru\u017eov\u00e1 \u013dadvinka z Pr\u00edrodnej Ko\u017ee je jedine\u010dn\u00fd produkt, ktor\u00fd sp\u00e1ja funk\u010dnos\u0165 s modern\u00fdm \u0161t\u00fdlom. Bola navrhnut\u00e1 pre \u013eud\u00ed, ktor\u00ed si cenia praktick\u00e9 rie\u0161enia a m\u00f3dny dizajn. Vyrobili sme ju z najkvalitnej\u0161ej pr\u00edrodnej ko\u017ee, preto zaru\u010duje trv\u00e1cnos\u0165 a elegantn\u00fd vzh\u013ead na mnoho rokov. Navy\u0161e, text\u00fara hr\u00e1\u0161ku dod\u00e1va \u013eadvinke jedine\u010dn\u00fd charakter, ktor\u00fd zd\u00f4raz\u0148uje<\/p>\n<div class=\"klb-readmore button\"><a class=\"btn link\" href=\"https:\/\/chiara-design.com\/sk\/produkt\/ladvinka-chiara-dina-ruzova-ladvinka-z-prirodnej-koze\/\">Read More <i class=\"klbth-icon-right-arrow\"><\/i><\/a><\/div>\n","protected":false},"featured_media":59172,"comment_status":"open","ping_status":"closed","template":"","meta":[],"product_brand":[193],"product_cat":[736,737],"product_tag":[636,738,739,637,740,692],"class_list":{"0":"post-60811","1":"product","2":"type-product","3":"status-publish","4":"has-post-thumbnail","6":"product_brand-chiara_premium","7":"product_cat-crossbody-ladvinka","8":"product_cat-ladvinky","9":"product_tag-chiara-sk","10":"product_tag-dina-sk","11":"product_tag-ladvinka","12":"product_tag-prirodna-koza","13":"product_tag-ruzova","14":"product_tag-univerzalna","16":"first","17":"instock","18":"shipping-taxable","19":"purchasable","20":"product-type-simple"},"yoast_head":"<!-- This site is optimized with the Yoast SEO plugin v27.4 - https:\/\/yoast.com\/product\/yoast-seo-wordpress\/ -->\n<title>\u013dadvinka Chiara Dina \u2013 Ru\u017eov\u00e1 \u013dadvinka z Pr\u00edrodnej Ko\u017ee - Chiara Design<\/title>\n<meta name=\"robots\" content=\"index, follow, max-snippet:-1, max-image-preview:large, max-video-preview:-1\" \/>\n<link rel=\"canonical\" href=\"https:\/\/chiara-design.com\/?post_type=product&p=53643\" \/>\n<meta property=\"og:locale\" content=\"sk_SK\" \/>\n<meta property=\"og:type\" content=\"article\" \/>\n<meta property=\"og:title\" content=\"\u013dadvinka Chiara Dina \u2013 Ru\u017eov\u00e1 \u013dadvinka z Pr\u00edrodnej Ko\u017ee - Chiara Design\" \/>\n<meta property=\"og:description\" content=\"\u013dadvinka Chiara Dina \u2013 Ru\u017eov\u00e1 \u013dadvinka z Pr\u00edrodnej Ko\u017ee je jedine\u010dn\u00fd produkt, ktor\u00fd sp\u00e1ja funk\u010dnos\u0165 s modern\u00fdm \u0161t\u00fdlom. Bola navrhnut\u00e1 pre \u013eud\u00ed, ktor\u00ed si cenia praktick\u00e9 rie\u0161enia a m\u00f3dny dizajn. Vyrobili sme ju z najkvalitnej\u0161ej pr\u00edrodnej ko\u017ee, preto zaru\u010duje trv\u00e1cnos\u0165 a elegantn\u00fd vzh\u013ead na mnoho rokov. Navy\u0161e, text\u00fara hr\u00e1\u0161ku dod\u00e1va \u013eadvinke jedine\u010dn\u00fd charakter, ktor\u00fd zd\u00f4raz\u0148ujeRead More\" \/>\n<meta property=\"og:url\" content=\"https:\/\/chiara-design.com\/?post_type=product&amp;p=53643\" \/>\n<meta property=\"og:site_name\" content=\"Chiara Design\" \/>\n<meta property=\"article:publisher\" content=\"https:\/\/www.facebook.com\/ChiaraDesignPL\" \/>\n<meta property=\"article:modified_time\" content=\"2025-09-23T09:49:44+00:00\" \/>\n<meta property=\"og:image\" content=\"https:\/\/chiara-design.com\/wp-content\/uploads\/2025\/03\/Dina-roz-1-scaled.webp\" \/>\n\t<meta property=\"og:image:width\" content=\"1707\" \/>\n\t<meta property=\"og:image:height\" content=\"2560\" \/>\n\t<meta property=\"og:image:type\" content=\"image\/webp\" \/>\n<meta name=\"twitter:card\" content=\"summary_large_image\" \/>\n<meta name=\"twitter:label1\" content=\"Predpokladan\u00fd \u010das \u010d\u00edtania\" \/>\n\t<meta name=\"twitter:data1\" content=\"2 min\u00faty\" \/>\n<script type=\"application\/ld+json\" class=\"yoast-schema-graph\">{\"@context\":\"https:\\\/\\\/schema.org\",\"@graph\":[{\"@type\":\"WebPage\",\"@id\":\"https:\\\/\\\/chiara-design.com\\\/?post_type=product&p=53643\",\"url\":\"https:\\\/\\\/chiara-design.com\\\/?post_type=product&p=53643\",\"name\":\"\u013dadvinka Chiara Dina \u2013 Ru\u017eov\u00e1 \u013dadvinka z Pr\u00edrodnej Ko\u017ee - Chiara Design\",\"isPartOf\":{\"@id\":\"https:\\\/\\\/chiara-design.com\\\/#website\"},\"primaryImageOfPage\":{\"@id\":\"https:\\\/\\\/chiara-design.com\\\/?post_type=product&p=53643#primaryimage\"},\"image\":{\"@id\":\"https:\\\/\\\/chiara-design.com\\\/?post_type=product&p=53643#primaryimage\"},\"thumbnailUrl\":\"https:\\\/\\\/chiara-design.com\\\/wp-content\\\/uploads\\\/2025\\\/03\\\/Dina-roz-1-scaled.webp\",\"datePublished\":\"2025-04-09T09:09:03+00:00\",\"dateModified\":\"2025-09-23T09:49:44+00:00\",\"breadcrumb\":{\"@id\":\"https:\\\/\\\/chiara-design.com\\\/?post_type=product&p=53643#breadcrumb\"},\"inLanguage\":\"sk-SK\",\"potentialAction\":[{\"@type\":\"ReadAction\",\"target\":[\"https:\\\/\\\/chiara-design.com\\\/?post_type=product&p=53643\"]}]},{\"@type\":\"ImageObject\",\"inLanguage\":\"sk-SK\",\"@id\":\"https:\\\/\\\/chiara-design.com\\\/?post_type=product&p=53643#primaryimage\",\"url\":\"https:\\\/\\\/chiara-design.com\\\/wp-content\\\/uploads\\\/2025\\\/03\\\/Dina-roz-1-scaled.webp\",\"contentUrl\":\"https:\\\/\\\/chiara-design.com\\\/wp-content\\\/uploads\\\/2025\\\/03\\\/Dina-roz-1-scaled.webp\",\"width\":1707,\"height\":2560},{\"@type\":\"BreadcrumbList\",\"@id\":\"https:\\\/\\\/chiara-design.com\\\/?post_type=product&p=53643#breadcrumb\",\"itemListElement\":[{\"@type\":\"ListItem\",\"position\":1,\"name\":\"Home\",\"item\":\"https:\\\/\\\/chiara-design.com\\\/sk\\\/damske-kabelky-chiara-design\\\/\"},{\"@type\":\"ListItem\",\"position\":2,\"name\":\"Obchod\",\"item\":\"https:\\\/\\\/chiara-design.com\\\/sklep\\\/\"},{\"@type\":\"ListItem\",\"position\":3,\"name\":\"\u013dadvinka Chiara Dina \u2013 Ru\u017eov\u00e1 \u013dadvinka z Pr\u00edrodnej Ko\u017ee\"}]},{\"@type\":\"WebSite\",\"@id\":\"https:\\\/\\\/chiara-design.com\\\/#website\",\"url\":\"https:\\\/\\\/chiara-design.com\\\/\",\"name\":\"Chiara Design\",\"description\":\"Tw\u00f3j ulubiony sklep online z torebkami.\",\"publisher\":{\"@id\":\"https:\\\/\\\/chiara-design.com\\\/#organization\"},\"potentialAction\":[{\"@type\":\"SearchAction\",\"target\":{\"@type\":\"EntryPoint\",\"urlTemplate\":\"https:\\\/\\\/chiara-design.com\\\/?s={search_term_string}\"},\"query-input\":{\"@type\":\"PropertyValueSpecification\",\"valueRequired\":true,\"valueName\":\"search_term_string\"}}],\"inLanguage\":\"sk-SK\"},{\"@type\":\"Organization\",\"@id\":\"https:\\\/\\\/chiara-design.com\\\/#organization\",\"name\":\"Chiara Design\",\"url\":\"https:\\\/\\\/chiara-design.com\\\/\",\"logo\":{\"@type\":\"ImageObject\",\"inLanguage\":\"sk-SK\",\"@id\":\"https:\\\/\\\/chiara-design.com\\\/#\\\/schema\\\/logo\\\/image\\\/\",\"url\":\"https:\\\/\\\/chiara-design.com\\\/wp-content\\\/uploads\\\/2024\\\/09\\\/CHIARA-DESIGN-LOGO.png\",\"contentUrl\":\"https:\\\/\\\/chiara-design.com\\\/wp-content\\\/uploads\\\/2024\\\/09\\\/CHIARA-DESIGN-LOGO.png\",\"width\":500,\"height\":158,\"caption\":\"Chiara Design\"},\"image\":{\"@id\":\"https:\\\/\\\/chiara-design.com\\\/#\\\/schema\\\/logo\\\/image\\\/\"},\"sameAs\":[\"https:\\\/\\\/www.facebook.com\\\/ChiaraDesignPL\",\"https:\\\/\\\/www.instagram.com\\\/chiara_design_\\\/\"]}]}<\/script>\n<!-- \/ Yoast SEO plugin. -->","yoast_head_json":{"title":"\u013dadvinka Chiara Dina \u2013 Ru\u017eov\u00e1 \u013dadvinka z Pr\u00edrodnej Ko\u017ee - Chiara Design","robots":{"index":"index","follow":"follow","max-snippet":"max-snippet:-1","max-image-preview":"max-image-preview:large","max-video-preview":"max-video-preview:-1"},"canonical":"https:\/\/chiara-design.com\/?post_type=product&p=53643","og_locale":"sk_SK","og_type":"article","og_title":"\u013dadvinka Chiara Dina \u2013 Ru\u017eov\u00e1 \u013dadvinka z Pr\u00edrodnej Ko\u017ee - Chiara Design","og_description":"\u013dadvinka Chiara Dina \u2013 Ru\u017eov\u00e1 \u013dadvinka z Pr\u00edrodnej Ko\u017ee je jedine\u010dn\u00fd produkt, ktor\u00fd sp\u00e1ja funk\u010dnos\u0165 s modern\u00fdm \u0161t\u00fdlom. Bola navrhnut\u00e1 pre \u013eud\u00ed, ktor\u00ed si cenia praktick\u00e9 rie\u0161enia a m\u00f3dny dizajn. Vyrobili sme ju z najkvalitnej\u0161ej pr\u00edrodnej ko\u017ee, preto zaru\u010duje trv\u00e1cnos\u0165 a elegantn\u00fd vzh\u013ead na mnoho rokov. Navy\u0161e, text\u00fara hr\u00e1\u0161ku dod\u00e1va \u013eadvinke jedine\u010dn\u00fd charakter, ktor\u00fd zd\u00f4raz\u0148ujeRead More","og_url":"https:\/\/chiara-design.com\/?post_type=product&p=53643","og_site_name":"Chiara Design","article_publisher":"https:\/\/www.facebook.com\/ChiaraDesignPL","article_modified_time":"2025-09-23T09:49:44+00:00","og_image":[{"width":1707,"height":2560,"url":"https:\/\/chiara-design.com\/wp-content\/uploads\/2025\/03\/Dina-roz-1-scaled.webp","type":"image\/webp"}],"twitter_card":"summary_large_image","twitter_misc":{"Predpokladan\u00fd \u010das \u010d\u00edtania":"2 min\u00faty"},"schema":{"@context":"https:\/\/schema.org","@graph":[{"@type":"WebPage","@id":"https:\/\/chiara-design.com\/?post_type=product&p=53643","url":"https:\/\/chiara-design.com\/?post_type=product&p=53643","name":"\u013dadvinka Chiara Dina \u2013 Ru\u017eov\u00e1 \u013dadvinka z Pr\u00edrodnej Ko\u017ee - Chiara Design","isPartOf":{"@id":"https:\/\/chiara-design.com\/#website"},"primaryImageOfPage":{"@id":"https:\/\/chiara-design.com\/?post_type=product&p=53643#primaryimage"},"image":{"@id":"https:\/\/chiara-design.com\/?post_type=product&p=53643#primaryimage"},"thumbnailUrl":"https:\/\/chiara-design.com\/wp-content\/uploads\/2025\/03\/Dina-roz-1-scaled.webp","datePublished":"2025-04-09T09:09:03+00:00","dateModified":"2025-09-23T09:49:44+00:00","breadcrumb":{"@id":"https:\/\/chiara-design.com\/?post_type=product&p=53643#breadcrumb"},"inLanguage":"sk-SK","potentialAction":[{"@type":"ReadAction","target":["https:\/\/chiara-design.com\/?post_type=product&p=53643"]}]},{"@type":"ImageObject","inLanguage":"sk-SK","@id":"https:\/\/chiara-design.com\/?post_type=product&p=53643#primaryimage","url":"https:\/\/chiara-design.com\/wp-content\/uploads\/2025\/03\/Dina-roz-1-scaled.webp","contentUrl":"https:\/\/chiara-design.com\/wp-content\/uploads\/2025\/03\/Dina-roz-1-scaled.webp","width":1707,"height":2560},{"@type":"BreadcrumbList","@id":"https:\/\/chiara-design.com\/?post_type=product&p=53643#breadcrumb","itemListElement":[{"@type":"ListItem","position":1,"name":"Home","item":"https:\/\/chiara-design.com\/sk\/damske-kabelky-chiara-design\/"},{"@type":"ListItem","position":2,"name":"Obchod","item":"https:\/\/chiara-design.com\/sklep\/"},{"@type":"ListItem","position":3,"name":"\u013dadvinka Chiara Dina \u2013 Ru\u017eov\u00e1 \u013dadvinka z Pr\u00edrodnej Ko\u017ee"}]},{"@type":"WebSite","@id":"https:\/\/chiara-design.com\/#website","url":"https:\/\/chiara-design.com\/","name":"Chiara Design","description":"Tw\u00f3j ulubiony sklep online z torebkami.","publisher":{"@id":"https:\/\/chiara-design.com\/#organization"},"potentialAction":[{"@type":"SearchAction","target":{"@type":"EntryPoint","urlTemplate":"https:\/\/chiara-design.com\/?s={search_term_string}"},"query-input":{"@type":"PropertyValueSpecification","valueRequired":true,"valueName":"search_term_string"}}],"inLanguage":"sk-SK"},{"@type":"Organization","@id":"https:\/\/chiara-design.com\/#organization","name":"Chiara Design","url":"https:\/\/chiara-design.com\/","logo":{"@type":"ImageObject","inLanguage":"sk-SK","@id":"https:\/\/chiara-design.com\/#\/schema\/logo\/image\/","url":"https:\/\/chiara-design.com\/wp-content\/uploads\/2024\/09\/CHIARA-DESIGN-LOGO.png","contentUrl":"https:\/\/chiara-design.com\/wp-content\/uploads\/2024\/09\/CHIARA-DESIGN-LOGO.png","width":500,"height":158,"caption":"Chiara Design"},"image":{"@id":"https:\/\/chiara-design.com\/#\/schema\/logo\/image\/"},"sameAs":["https:\/\/www.facebook.com\/ChiaraDesignPL","https:\/\/www.instagram.com\/chiara_design_\/"]}]}},"jetpack_sharing_enabled":true,"_links":{"self":[{"href":"https:\/\/chiara-design.com\/sk\/wp-json\/wp\/v2\/product\/60811","targetHints":{"allow":["GET"]}}],"collection":[{"href":"https:\/\/chiara-design.com\/sk\/wp-json\/wp\/v2\/product"}],"about":[{"href":"https:\/\/chiara-design.com\/sk\/wp-json\/wp\/v2\/types\/product"}],"replies":[{"embeddable":true,"href":"https:\/\/chiara-design.com\/sk\/wp-json\/wp\/v2\/comments?post=60811"}],"wp:featuredmedia":[{"embeddable":true,"href":"https:\/\/chiara-design.com\/sk\/wp-json\/wp\/v2\/media\/59172"}],"wp:attachment":[{"href":"https:\/\/chiara-design.com\/sk\/wp-json\/wp\/v2\/media?parent=60811"}],"wp:term":[{"taxonomy":"product_brand","embeddable":true,"href":"https:\/\/chiara-design.com\/sk\/wp-json\/wp\/v2\/product_brand?post=60811"},{"taxonomy":"product_cat","embeddable":true,"href":"https:\/\/chiara-design.com\/sk\/wp-json\/wp\/v2\/product_cat?post=60811"},{"taxonomy":"product_tag","embeddable":true,"href":"https:\/\/chiara-design.com\/sk\/wp-json\/wp\/v2\/product_tag?post=60811"}],"curies":[{"name":"wp","href":"https:\/\/api.w.org\/{rel}","templated":true}]}}