{"id":60809,"date":"2025-04-09T11:31:48","date_gmt":"2025-04-09T09:31:48","guid":{"rendered":"https:\/\/chiara-design.com\/product\/kabelka-chiara-gerda-cierna-prirodna-koza-croko-zlate-kovanie\/"},"modified":"2025-09-23T11:49:43","modified_gmt":"2025-09-23T09:49:43","slug":"kabelka-chiara-gerda-cierna-prirodna-koza-croko-zlate-kovanie","status":"publish","type":"product","link":"https:\/\/chiara-design.com\/sk\/produkt\/kabelka-chiara-gerda-cierna-prirodna-koza-croko-zlate-kovanie\/","title":{"rendered":"Kabelka Chiara Gerda \u010cierna Pr\u00edrodn\u00e1 Ko\u017ea Croko Zlat\u00e9 Kovanie"},"content":{"rendered":"<p>Kabelka Chiara Gerda je ide\u00e1lnou vo\u013ebou pre \u017eeny, ktor\u00e9 si cenia \u0161t\u00fdl a funk\u010dnos\u0165. Vyroben\u00e1 z pr\u00edrodnej ko\u017ee s reli\u00e9fom krokod\u00edlej ko\u017ee, o\u010dar\u00ed eleganciou a trv\u00e1cnos\u0165ou. Navy\u0161e, jej hlbok\u00e1 \u010dierna v kombin\u00e1cii s elegantn\u00fdm zlat\u00fdm kovan\u00edm sa hod\u00ed ku ka\u017ed\u00e9mu outfitu.<br \/>\n&lt;h3&gt;Najd\u00f4le\u017eitej\u0161ie vlastnosti kabelky Gerda&lt;\/h3&gt;<br \/>\n&lt;ol&gt;<br \/>\n \t&lt;li&gt;&lt;strong&gt;Pr\u00e9miov\u00e1 pr\u00edrodn\u00e1 ko\u017ea&lt;\/strong&gt; \u2013 Pr\u00edrodn\u00e1 ko\u017ea s reli\u00e9fom croko dod\u00e1va kabelke luxusn\u00fd vzh\u013ead. Navy\u0161e jej vysok\u00e1 kvalita zaru\u010duje dlh\u00fa \u017eivotnos\u0165.&lt;\/li&gt;<br \/>\n \t&lt;li&gt;&lt;strong&gt;Funk\u010dn\u00e9 vn\u00fatro&lt;\/strong&gt; \u2013 Vo vn\u00fatri n\u00e1jdete zrkadielko v tvare srdca, puzdro a ko\u017een\u00fd pr\u00edvesok. V\u010faka nim m\u00e1te po ruke najd\u00f4le\u017eitej\u0161ie doplnky.&lt;\/li&gt;<br \/>\n \t&lt;li&gt;&lt;strong&gt;Hrub\u00fd popruh&lt;\/strong&gt; \u2013 kr\u00e1tky, hrub\u00fd popruh dod\u00e1va kabelke modern\u00fd a elegantn\u00fd charakter.&lt;\/li&gt;<br \/>\n \t&lt;li&gt;&lt;strong&gt;Premyslen\u00e1 organiz\u00e1cia&lt;\/strong&gt; \u2013 Dve priehradky pom\u00e1haj\u00fa lep\u0161ie usporiada\u0165 obsah. \u010co je d\u00f4le\u017eit\u00e9, umo\u017e\u0148uj\u00fa pohodlne oddeli\u0165 dokumenty od kozmetiky \u010di in\u00fdch drobnost\u00ed.&lt;\/li&gt;<br \/>\n \t&lt;li&gt;&lt;strong&gt;Praktick\u00e9 vonkaj\u0161ie vrecko&lt;\/strong&gt; \u2013 Na zadnej strane sa nach\u00e1dza vrecko uzatv\u00e1rate\u013en\u00e9 na zips. V\u010faka nemu m\u00e1te r\u00fdchly pr\u00edstup ku k\u013e\u00fa\u010dom, telef\u00f3nu alebo in\u00fdm potrebn\u00fdm veciam.&lt;\/li&gt;<br \/>\n \t&lt;li&gt;&lt;strong&gt;Kompaktn\u00fd form\u00e1t A5&lt;\/strong&gt; \u2013 Kabelka je priestrann\u00e1, no z\u00e1rove\u0148 \u013eahk\u00e1 a pohodln\u00e1. Preto sa dokonale osved\u010d\u00ed ako na ka\u017ed\u00fd de\u0148, tak aj po\u010das v\u00fdnimo\u010dn\u00fdch pr\u00edle\u017eitost\u00ed.&lt;\/li&gt;<br \/>\n&lt;\/ol&gt;<br \/>\n&lt;h3&gt;\u0160t\u00fdlov\u00fd doplnok na ka\u017ed\u00fa pr\u00edle\u017eitos\u0165&lt;\/h3&gt;<br \/>\nKabelka Chiara Gerda sa dokonale hod\u00ed ku klasick\u00fdm aj modern\u00fdm outfitom. Okrem toho zlat\u00e9 kovanie jej dod\u00e1va jedine\u010dn\u00fd charakter a m\u00f3dny vzor croko zd\u00f4raz\u0148uje luxusn\u00fd \u0161t\u00fdl. Bez oh\u013eadu na pr\u00edle\u017eitos\u0165, v\u017edy bude ide\u00e1lnym doplnkom v\u00e1\u0161ho \u0161atn\u00edka.<br \/>\n&lt;h3&gt;Vyberte si nad\u010dasov\u00fd \u0161t\u00fdl&lt;\/h3&gt;<br \/>\nAk h\u013ead\u00e1te elegantn\u00fa a praktick\u00fa kabelku, model Gerda spln\u00ed va\u0161e o\u010dak\u00e1vania. Navy\u0161e jej funk\u010dnos\u0165 a luxusn\u00e9 spracovanie sp\u00f4sobia, \u017ee sa budete c\u00edti\u0165 v\u00fdnimo\u010dne v ka\u017edej situ\u00e1cii.<br \/>\n&lt;h3&gt;Unik\u00e1tny charakter&lt;\/h3&gt;<br \/>\nKabelky z kolekcie croko s\u00fa vyroben\u00e9 z vysokokvalitnej pr\u00edrodnej ko\u017ee, ktorej text\u00fara bola prec\u00edzne napodoben\u00e1 tak, aby imitovala krokod\u00edliu ko\u017eu. Vzh\u013eadom na prirodzenos\u0165 materi\u00e1lu sa ka\u017ed\u00e1 kabelka m\u00f4\u017ee mierne l\u00ed\u0161i\u0165 v text\u00fare od tej na fotke, \u010do ka\u017edej z nich dod\u00e1va unik\u00e1tny charakter.<\/p>\n<p>Model: K761 GERDA<\/p>\n","protected":false},"excerpt":{"rendered":"<p>Kabelka Chiara Gerda \u010cierna \u2013 luxusn\u00e1 ko\u017een\u00e1 kabelka A5 s reli\u00e9fom croko, funk\u010dn\u00fdm vn\u00fatrom a modern\u00fdm \u0161t\u00fdlom.<\/p>\n","protected":false},"featured_media":57196,"comment_status":"open","ping_status":"closed","template":"","meta":[],"product_brand":[193],"product_cat":[648],"product_tag":[636,638,730,649,641,651,637],"class_list":{"0":"post-60809","1":"product","2":"type-product","3":"status-publish","4":"has-post-thumbnail","6":"product_brand-chiara_premium","7":"product_cat-crossbody-kabelky","8":"product_tag-chiara-sk","9":"product_tag-chiara-premium-sk","10":"product_tag-cierna-kabelka-sk","11":"product_tag-crossbody-kabelka","12":"product_tag-kabelka-chiara","13":"product_tag-kabelka-gerda","14":"product_tag-prirodna-koza","16":"first","17":"instock","18":"shipping-taxable","19":"purchasable","20":"product-type-simple"},"yoast_head":"<!-- This site is optimized with the Yoast SEO plugin v27.4 - https:\/\/yoast.com\/product\/yoast-seo-wordpress\/ -->\n<title>Kabelka Chiara Gerda \u010cierna Pr\u00edrodn\u00e1 Ko\u017ea Croko Zlat\u00e9 Kovanie<\/title>\n<meta name=\"description\" content=\"Gerda \u010cierna \u2013 ko\u017een\u00e1 kabelka A5 s reli\u00e9fom croko, elegantn\u00fdm dizajnom a praktick\u00fdm vn\u00fatrom.\" \/>\n<meta name=\"robots\" content=\"index, follow, max-snippet:-1, max-image-preview:large, max-video-preview:-1\" \/>\n<link rel=\"canonical\" href=\"https:\/\/chiara-design.com\/sk\/produkt\/kabelka-chiara-gerda-cierna-prirodna-koza-croko-zlate-kovanie\/\" \/>\n<meta property=\"og:locale\" content=\"sk_SK\" \/>\n<meta property=\"og:type\" content=\"article\" \/>\n<meta property=\"og:title\" content=\"Kabelka Chiara Gerda \u010cierna Pr\u00edrodn\u00e1 Ko\u017ea Croko Zlat\u00e9 Kovanie\" \/>\n<meta property=\"og:description\" content=\"Gerda \u010cierna \u2013 ko\u017een\u00e1 kabelka A5 s reli\u00e9fom croko, elegantn\u00fdm dizajnom a praktick\u00fdm vn\u00fatrom.\" \/>\n<meta property=\"og:url\" content=\"https:\/\/chiara-design.com\/sk\/produkt\/kabelka-chiara-gerda-cierna-prirodna-koza-croko-zlate-kovanie\/\" \/>\n<meta property=\"og:site_name\" content=\"Chiara Design\" \/>\n<meta property=\"article:publisher\" content=\"https:\/\/www.facebook.com\/ChiaraDesignPL\" \/>\n<meta property=\"article:modified_time\" content=\"2025-09-23T09:49:43+00:00\" \/>\n<meta property=\"og:image\" content=\"https:\/\/chiara-design.com\/wp-content\/uploads\/2024\/08\/7175n-Torebka-Chiara-K761-GERDA-\u2013-Czarna-kroko-Skora-Naturalna-e1740443420565.jpg\" \/>\n\t<meta property=\"og:image:width\" content=\"1200\" \/>\n\t<meta property=\"og:image:height\" content=\"1500\" \/>\n\t<meta property=\"og:image:type\" content=\"image\/jpeg\" \/>\n<meta name=\"twitter:card\" content=\"summary_large_image\" \/>\n<meta name=\"twitter:label1\" content=\"Predpokladan\u00fd \u010das \u010d\u00edtania\" \/>\n\t<meta name=\"twitter:data1\" content=\"3 min\u00faty\" \/>\n<script type=\"application\/ld+json\" class=\"yoast-schema-graph\">{\"@context\":\"https:\\\/\\\/schema.org\",\"@graph\":[{\"@type\":\"WebPage\",\"@id\":\"https:\\\/\\\/chiara-design.com\\\/sk\\\/produkt\\\/kabelka-chiara-gerda-cierna-prirodna-koza-croko-zlate-kovanie\\\/\",\"url\":\"https:\\\/\\\/chiara-design.com\\\/sk\\\/produkt\\\/kabelka-chiara-gerda-cierna-prirodna-koza-croko-zlate-kovanie\\\/\",\"name\":\"Kabelka Chiara Gerda \u010cierna Pr\u00edrodn\u00e1 Ko\u017ea Croko Zlat\u00e9 Kovanie\",\"isPartOf\":{\"@id\":\"https:\\\/\\\/chiara-design.com\\\/#website\"},\"primaryImageOfPage\":{\"@id\":\"https:\\\/\\\/chiara-design.com\\\/sk\\\/produkt\\\/kabelka-chiara-gerda-cierna-prirodna-koza-croko-zlate-kovanie\\\/#primaryimage\"},\"image\":{\"@id\":\"https:\\\/\\\/chiara-design.com\\\/sk\\\/produkt\\\/kabelka-chiara-gerda-cierna-prirodna-koza-croko-zlate-kovanie\\\/#primaryimage\"},\"thumbnailUrl\":\"https:\\\/\\\/chiara-design.com\\\/wp-content\\\/uploads\\\/2024\\\/08\\\/7175n-Torebka-Chiara-K761-GERDA-\u2013-Czarna-kroko-Skora-Naturalna-e1740443420565.jpg\",\"datePublished\":\"2025-04-09T09:31:48+00:00\",\"dateModified\":\"2025-09-23T09:49:43+00:00\",\"description\":\"Gerda \u010cierna \u2013 ko\u017een\u00e1 kabelka A5 s reli\u00e9fom croko, elegantn\u00fdm dizajnom a praktick\u00fdm vn\u00fatrom.\",\"breadcrumb\":{\"@id\":\"https:\\\/\\\/chiara-design.com\\\/sk\\\/produkt\\\/kabelka-chiara-gerda-cierna-prirodna-koza-croko-zlate-kovanie\\\/#breadcrumb\"},\"inLanguage\":\"sk-SK\",\"potentialAction\":[{\"@type\":\"ReadAction\",\"target\":[\"https:\\\/\\\/chiara-design.com\\\/sk\\\/produkt\\\/kabelka-chiara-gerda-cierna-prirodna-koza-croko-zlate-kovanie\\\/\"]}]},{\"@type\":\"ImageObject\",\"inLanguage\":\"sk-SK\",\"@id\":\"https:\\\/\\\/chiara-design.com\\\/sk\\\/produkt\\\/kabelka-chiara-gerda-cierna-prirodna-koza-croko-zlate-kovanie\\\/#primaryimage\",\"url\":\"https:\\\/\\\/chiara-design.com\\\/wp-content\\\/uploads\\\/2024\\\/08\\\/7175n-Torebka-Chiara-K761-GERDA-\u2013-Czarna-kroko-Skora-Naturalna-e1740443420565.jpg\",\"contentUrl\":\"https:\\\/\\\/chiara-design.com\\\/wp-content\\\/uploads\\\/2024\\\/08\\\/7175n-Torebka-Chiara-K761-GERDA-\u2013-Czarna-kroko-Skora-Naturalna-e1740443420565.jpg\",\"width\":1200,\"height\":1500},{\"@type\":\"BreadcrumbList\",\"@id\":\"https:\\\/\\\/chiara-design.com\\\/sk\\\/produkt\\\/kabelka-chiara-gerda-cierna-prirodna-koza-croko-zlate-kovanie\\\/#breadcrumb\",\"itemListElement\":[{\"@type\":\"ListItem\",\"position\":1,\"name\":\"Home\",\"item\":\"https:\\\/\\\/chiara-design.com\\\/sk\\\/damske-kabelky-chiara-design\\\/\"},{\"@type\":\"ListItem\",\"position\":2,\"name\":\"Obchod\",\"item\":\"https:\\\/\\\/chiara-design.com\\\/sklep\\\/\"},{\"@type\":\"ListItem\",\"position\":3,\"name\":\"Kabelka Chiara Gerda \u010cierna Pr\u00edrodn\u00e1 Ko\u017ea Croko Zlat\u00e9 Kovanie\"}]},{\"@type\":\"WebSite\",\"@id\":\"https:\\\/\\\/chiara-design.com\\\/#website\",\"url\":\"https:\\\/\\\/chiara-design.com\\\/\",\"name\":\"Chiara Design\",\"description\":\"Tw\u00f3j ulubiony sklep online z torebkami.\",\"publisher\":{\"@id\":\"https:\\\/\\\/chiara-design.com\\\/#organization\"},\"potentialAction\":[{\"@type\":\"SearchAction\",\"target\":{\"@type\":\"EntryPoint\",\"urlTemplate\":\"https:\\\/\\\/chiara-design.com\\\/?s={search_term_string}\"},\"query-input\":{\"@type\":\"PropertyValueSpecification\",\"valueRequired\":true,\"valueName\":\"search_term_string\"}}],\"inLanguage\":\"sk-SK\"},{\"@type\":\"Organization\",\"@id\":\"https:\\\/\\\/chiara-design.com\\\/#organization\",\"name\":\"Chiara Design\",\"url\":\"https:\\\/\\\/chiara-design.com\\\/\",\"logo\":{\"@type\":\"ImageObject\",\"inLanguage\":\"sk-SK\",\"@id\":\"https:\\\/\\\/chiara-design.com\\\/#\\\/schema\\\/logo\\\/image\\\/\",\"url\":\"https:\\\/\\\/chiara-design.com\\\/wp-content\\\/uploads\\\/2024\\\/09\\\/CHIARA-DESIGN-LOGO.png\",\"contentUrl\":\"https:\\\/\\\/chiara-design.com\\\/wp-content\\\/uploads\\\/2024\\\/09\\\/CHIARA-DESIGN-LOGO.png\",\"width\":500,\"height\":158,\"caption\":\"Chiara Design\"},\"image\":{\"@id\":\"https:\\\/\\\/chiara-design.com\\\/#\\\/schema\\\/logo\\\/image\\\/\"},\"sameAs\":[\"https:\\\/\\\/www.facebook.com\\\/ChiaraDesignPL\",\"https:\\\/\\\/www.instagram.com\\\/chiara_design_\\\/\"]}]}<\/script>\n<!-- \/ Yoast SEO plugin. -->","yoast_head_json":{"title":"Kabelka Chiara Gerda \u010cierna Pr\u00edrodn\u00e1 Ko\u017ea Croko Zlat\u00e9 Kovanie","description":"Gerda \u010cierna \u2013 ko\u017een\u00e1 kabelka A5 s reli\u00e9fom croko, elegantn\u00fdm dizajnom a praktick\u00fdm vn\u00fatrom.","robots":{"index":"index","follow":"follow","max-snippet":"max-snippet:-1","max-image-preview":"max-image-preview:large","max-video-preview":"max-video-preview:-1"},"canonical":"https:\/\/chiara-design.com\/sk\/produkt\/kabelka-chiara-gerda-cierna-prirodna-koza-croko-zlate-kovanie\/","og_locale":"sk_SK","og_type":"article","og_title":"Kabelka Chiara Gerda \u010cierna Pr\u00edrodn\u00e1 Ko\u017ea Croko Zlat\u00e9 Kovanie","og_description":"Gerda \u010cierna \u2013 ko\u017een\u00e1 kabelka A5 s reli\u00e9fom croko, elegantn\u00fdm dizajnom a praktick\u00fdm vn\u00fatrom.","og_url":"https:\/\/chiara-design.com\/sk\/produkt\/kabelka-chiara-gerda-cierna-prirodna-koza-croko-zlate-kovanie\/","og_site_name":"Chiara Design","article_publisher":"https:\/\/www.facebook.com\/ChiaraDesignPL","article_modified_time":"2025-09-23T09:49:43+00:00","og_image":[{"width":1200,"height":1500,"url":"https:\/\/chiara-design.com\/wp-content\/uploads\/2024\/08\/7175n-Torebka-Chiara-K761-GERDA-\u2013-Czarna-kroko-Skora-Naturalna-e1740443420565.jpg","type":"image\/jpeg"}],"twitter_card":"summary_large_image","twitter_misc":{"Predpokladan\u00fd \u010das \u010d\u00edtania":"3 min\u00faty"},"schema":{"@context":"https:\/\/schema.org","@graph":[{"@type":"WebPage","@id":"https:\/\/chiara-design.com\/sk\/produkt\/kabelka-chiara-gerda-cierna-prirodna-koza-croko-zlate-kovanie\/","url":"https:\/\/chiara-design.com\/sk\/produkt\/kabelka-chiara-gerda-cierna-prirodna-koza-croko-zlate-kovanie\/","name":"Kabelka Chiara Gerda \u010cierna Pr\u00edrodn\u00e1 Ko\u017ea Croko Zlat\u00e9 Kovanie","isPartOf":{"@id":"https:\/\/chiara-design.com\/#website"},"primaryImageOfPage":{"@id":"https:\/\/chiara-design.com\/sk\/produkt\/kabelka-chiara-gerda-cierna-prirodna-koza-croko-zlate-kovanie\/#primaryimage"},"image":{"@id":"https:\/\/chiara-design.com\/sk\/produkt\/kabelka-chiara-gerda-cierna-prirodna-koza-croko-zlate-kovanie\/#primaryimage"},"thumbnailUrl":"https:\/\/chiara-design.com\/wp-content\/uploads\/2024\/08\/7175n-Torebka-Chiara-K761-GERDA-\u2013-Czarna-kroko-Skora-Naturalna-e1740443420565.jpg","datePublished":"2025-04-09T09:31:48+00:00","dateModified":"2025-09-23T09:49:43+00:00","description":"Gerda \u010cierna \u2013 ko\u017een\u00e1 kabelka A5 s reli\u00e9fom croko, elegantn\u00fdm dizajnom a praktick\u00fdm vn\u00fatrom.","breadcrumb":{"@id":"https:\/\/chiara-design.com\/sk\/produkt\/kabelka-chiara-gerda-cierna-prirodna-koza-croko-zlate-kovanie\/#breadcrumb"},"inLanguage":"sk-SK","potentialAction":[{"@type":"ReadAction","target":["https:\/\/chiara-design.com\/sk\/produkt\/kabelka-chiara-gerda-cierna-prirodna-koza-croko-zlate-kovanie\/"]}]},{"@type":"ImageObject","inLanguage":"sk-SK","@id":"https:\/\/chiara-design.com\/sk\/produkt\/kabelka-chiara-gerda-cierna-prirodna-koza-croko-zlate-kovanie\/#primaryimage","url":"https:\/\/chiara-design.com\/wp-content\/uploads\/2024\/08\/7175n-Torebka-Chiara-K761-GERDA-\u2013-Czarna-kroko-Skora-Naturalna-e1740443420565.jpg","contentUrl":"https:\/\/chiara-design.com\/wp-content\/uploads\/2024\/08\/7175n-Torebka-Chiara-K761-GERDA-\u2013-Czarna-kroko-Skora-Naturalna-e1740443420565.jpg","width":1200,"height":1500},{"@type":"BreadcrumbList","@id":"https:\/\/chiara-design.com\/sk\/produkt\/kabelka-chiara-gerda-cierna-prirodna-koza-croko-zlate-kovanie\/#breadcrumb","itemListElement":[{"@type":"ListItem","position":1,"name":"Home","item":"https:\/\/chiara-design.com\/sk\/damske-kabelky-chiara-design\/"},{"@type":"ListItem","position":2,"name":"Obchod","item":"https:\/\/chiara-design.com\/sklep\/"},{"@type":"ListItem","position":3,"name":"Kabelka Chiara Gerda \u010cierna Pr\u00edrodn\u00e1 Ko\u017ea Croko Zlat\u00e9 Kovanie"}]},{"@type":"WebSite","@id":"https:\/\/chiara-design.com\/#website","url":"https:\/\/chiara-design.com\/","name":"Chiara Design","description":"Tw\u00f3j ulubiony sklep online z torebkami.","publisher":{"@id":"https:\/\/chiara-design.com\/#organization"},"potentialAction":[{"@type":"SearchAction","target":{"@type":"EntryPoint","urlTemplate":"https:\/\/chiara-design.com\/?s={search_term_string}"},"query-input":{"@type":"PropertyValueSpecification","valueRequired":true,"valueName":"search_term_string"}}],"inLanguage":"sk-SK"},{"@type":"Organization","@id":"https:\/\/chiara-design.com\/#organization","name":"Chiara Design","url":"https:\/\/chiara-design.com\/","logo":{"@type":"ImageObject","inLanguage":"sk-SK","@id":"https:\/\/chiara-design.com\/#\/schema\/logo\/image\/","url":"https:\/\/chiara-design.com\/wp-content\/uploads\/2024\/09\/CHIARA-DESIGN-LOGO.png","contentUrl":"https:\/\/chiara-design.com\/wp-content\/uploads\/2024\/09\/CHIARA-DESIGN-LOGO.png","width":500,"height":158,"caption":"Chiara Design"},"image":{"@id":"https:\/\/chiara-design.com\/#\/schema\/logo\/image\/"},"sameAs":["https:\/\/www.facebook.com\/ChiaraDesignPL","https:\/\/www.instagram.com\/chiara_design_\/"]}]}},"jetpack_sharing_enabled":true,"_links":{"self":[{"href":"https:\/\/chiara-design.com\/sk\/wp-json\/wp\/v2\/product\/60809","targetHints":{"allow":["GET"]}}],"collection":[{"href":"https:\/\/chiara-design.com\/sk\/wp-json\/wp\/v2\/product"}],"about":[{"href":"https:\/\/chiara-design.com\/sk\/wp-json\/wp\/v2\/types\/product"}],"replies":[{"embeddable":true,"href":"https:\/\/chiara-design.com\/sk\/wp-json\/wp\/v2\/comments?post=60809"}],"wp:featuredmedia":[{"embeddable":true,"href":"https:\/\/chiara-design.com\/sk\/wp-json\/wp\/v2\/media\/57196"}],"wp:attachment":[{"href":"https:\/\/chiara-design.com\/sk\/wp-json\/wp\/v2\/media?parent=60809"}],"wp:term":[{"taxonomy":"product_brand","embeddable":true,"href":"https:\/\/chiara-design.com\/sk\/wp-json\/wp\/v2\/product_brand?post=60809"},{"taxonomy":"product_cat","embeddable":true,"href":"https:\/\/chiara-design.com\/sk\/wp-json\/wp\/v2\/product_cat?post=60809"},{"taxonomy":"product_tag","embeddable":true,"href":"https:\/\/chiara-design.com\/sk\/wp-json\/wp\/v2\/product_tag?post=60809"}],"curies":[{"name":"wp","href":"https:\/\/api.w.org\/{rel}","templated":true}]}}