{"id":60808,"date":"2025-04-10T17:51:27","date_gmt":"2025-04-10T15:51:27","guid":{"rendered":"https:\/\/chiara-design.com\/product\/kabelka-chiara-bella-hneda-horka-cokolada-prirodny-semis\/"},"modified":"2026-03-28T20:50:42","modified_gmt":"2026-03-28T19:50:42","slug":"kabelka-chiara-bella-hneda-horka-cokolada-prirodny-semis","status":"publish","type":"product","link":"https:\/\/chiara-design.com\/sk\/produkt\/kabelka-chiara-bella-hneda-horka-cokolada-prirodny-semis\/","title":{"rendered":"Kabelka Chiara Bella Hned\u00e1 Hork\u00e1 \u010cokol\u00e1da Pr\u00edrodn\u00fd Semi\u0161"},"content":{"rendered":"<p>Kabelka Chiara Bella je jedn\u00fdm z najhor\u00facej\u0161\u00edch trendov v kabelkovej m\u00f3de. Jej \u0161t\u00edhly, pred\u013a\u017een\u00fd tvar znamen\u00e1, \u017ee sa do nej oplat\u00ed investova\u0165 s pln\u00fdm presved\u010den\u00edm.<\/p>\n<p>Bella je kabelka typu east-west, ktor\u00e1 ide\u00e1lne dopln\u00ed va\u0161e ka\u017edodenn\u00e9 outfity.<\/p>\n<p>Kabelka je vyroben\u00e1 z vysokokvalitn\u00e9ho pr\u00edrodn\u00e9ho semi\u0161u v najm\u00f3dnej\u0161ej farbe tejto sez\u00f3ny \u2013 horkej \u010dokol\u00e1dy. Zlat\u00e9 kovanie jej dod\u00e1va eleganciu a \u0161ik.<\/p>\n<p>Kabelka je mimoriadne \u013eahk\u00e1 a pohodln\u00e1 na nosenie. Zips zaru\u010duje bezpe\u010dnos\u0165 va\u0161ich predmetov. Vn\u00fatro je ukon\u010den\u00e9 prekr\u00e1snou pod\u0161\u00edvkou, m\u00e1 potrebn\u00e9 vreck\u00e1 a n\u00e1\u0161 super doplnok \u2013 zrkadielko v tvare srdca zavesen\u00e9 na zlatej retiazke.<\/p>\n<p>Ide\u00e1lne prepracovan\u00e9 r\u00fa\u010dky umo\u017e\u0148uj\u00fa pohodln\u00e9 nosenie na ramene, zais\u0165uj\u00fac komfort pou\u017e\u00edvania.<\/p>\n<p>Kabelka Chiara Bella je synonymom luxusu a nad\u010dasovej elegancie.<\/p>\n<p>Model: I5059 BELLA<\/p>\n","protected":false},"excerpt":{"rendered":"<p>Vzh\u013eadom na obrovsk\u00fd z\u00e1ujem je \u010dakacia doba na kabelku pred\u013a\u017een\u00e1 do 15. augusta.<\/p>\n","protected":false},"featured_media":59497,"comment_status":"open","ping_status":"closed","template":"","meta":[],"product_brand":[],"product_cat":[661],"product_tag":[932,933],"class_list":{"0":"post-60808","1":"product","2":"type-product","3":"status-publish","4":"has-post-thumbnail","6":"product_cat-klasicke","7":"product_tag-hneda-kabelka-sk","8":"product_tag-prirodny-semis-sk","10":"first","11":"outofstock","12":"sale","13":"featured","14":"shipping-taxable","15":"purchasable","16":"product-type-simple"},"yoast_head":"<!-- This site is optimized with the Yoast SEO plugin v27.4 - https:\/\/yoast.com\/product\/yoast-seo-wordpress\/ -->\n<title>Kabelka Chiara Bella Hned\u00e1 Hork\u00e1 \u010cokol\u00e1da Pr\u00edrodn\u00fd Semi\u0161 - Chiara Design<\/title>\n<meta name=\"robots\" content=\"index, follow, max-snippet:-1, max-image-preview:large, max-video-preview:-1\" \/>\n<link rel=\"canonical\" href=\"https:\/\/chiara-design.com\/sk\/produkt\/kabelka-chiara-bella-hneda-horka-cokolada-prirodny-semis\/\" \/>\n<meta property=\"og:locale\" content=\"sk_SK\" \/>\n<meta property=\"og:type\" content=\"article\" \/>\n<meta property=\"og:title\" content=\"Kabelka Chiara Bella Hned\u00e1 Hork\u00e1 \u010cokol\u00e1da Pr\u00edrodn\u00fd Semi\u0161 - Chiara Design\" \/>\n<meta property=\"og:description\" content=\"Vzh\u013eadom na obrovsk\u00fd z\u00e1ujem je \u010dakacia doba na kabelku pred\u013a\u017een\u00e1 do 15. augusta.\" \/>\n<meta property=\"og:url\" content=\"https:\/\/chiara-design.com\/sk\/produkt\/kabelka-chiara-bella-hneda-horka-cokolada-prirodny-semis\/\" \/>\n<meta property=\"og:site_name\" content=\"Chiara Design\" \/>\n<meta property=\"article:publisher\" content=\"https:\/\/www.facebook.com\/ChiaraDesignPL\" \/>\n<meta property=\"article:modified_time\" content=\"2026-03-28T19:50:42+00:00\" \/>\n<meta property=\"og:image\" content=\"https:\/\/chiara-design.com\/wp-content\/uploads\/2025\/05\/Bella-12.webp\" \/>\n\t<meta property=\"og:image:width\" content=\"1200\" \/>\n\t<meta property=\"og:image:height\" content=\"1500\" \/>\n\t<meta property=\"og:image:type\" content=\"image\/webp\" \/>\n<meta name=\"twitter:card\" content=\"summary_large_image\" \/>\n<meta name=\"twitter:label1\" content=\"Predpokladan\u00fd \u010das \u010d\u00edtania\" \/>\n\t<meta name=\"twitter:data1\" content=\"1 min\u00fata\" \/>\n<script type=\"application\/ld+json\" class=\"yoast-schema-graph\">{\"@context\":\"https:\\\/\\\/schema.org\",\"@graph\":[{\"@type\":\"WebPage\",\"@id\":\"https:\\\/\\\/chiara-design.com\\\/sk\\\/produkt\\\/kabelka-chiara-bella-hneda-horka-cokolada-prirodny-semis\\\/\",\"url\":\"https:\\\/\\\/chiara-design.com\\\/sk\\\/produkt\\\/kabelka-chiara-bella-hneda-horka-cokolada-prirodny-semis\\\/\",\"name\":\"Kabelka Chiara Bella Hned\u00e1 Hork\u00e1 \u010cokol\u00e1da Pr\u00edrodn\u00fd Semi\u0161 - Chiara Design\",\"isPartOf\":{\"@id\":\"https:\\\/\\\/chiara-design.com\\\/#website\"},\"primaryImageOfPage\":{\"@id\":\"https:\\\/\\\/chiara-design.com\\\/sk\\\/produkt\\\/kabelka-chiara-bella-hneda-horka-cokolada-prirodny-semis\\\/#primaryimage\"},\"image\":{\"@id\":\"https:\\\/\\\/chiara-design.com\\\/sk\\\/produkt\\\/kabelka-chiara-bella-hneda-horka-cokolada-prirodny-semis\\\/#primaryimage\"},\"thumbnailUrl\":\"https:\\\/\\\/chiara-design.com\\\/wp-content\\\/uploads\\\/2025\\\/04\\\/i5059-bella-czekolada-zamsz_1.webp\",\"datePublished\":\"2025-04-10T15:51:27+00:00\",\"dateModified\":\"2026-03-28T19:50:42+00:00\",\"breadcrumb\":{\"@id\":\"https:\\\/\\\/chiara-design.com\\\/sk\\\/produkt\\\/kabelka-chiara-bella-hneda-horka-cokolada-prirodny-semis\\\/#breadcrumb\"},\"inLanguage\":\"sk-SK\",\"potentialAction\":[{\"@type\":\"ReadAction\",\"target\":[\"https:\\\/\\\/chiara-design.com\\\/sk\\\/produkt\\\/kabelka-chiara-bella-hneda-horka-cokolada-prirodny-semis\\\/\"]}]},{\"@type\":\"ImageObject\",\"inLanguage\":\"sk-SK\",\"@id\":\"https:\\\/\\\/chiara-design.com\\\/sk\\\/produkt\\\/kabelka-chiara-bella-hneda-horka-cokolada-prirodny-semis\\\/#primaryimage\",\"url\":\"https:\\\/\\\/chiara-design.com\\\/wp-content\\\/uploads\\\/2025\\\/04\\\/i5059-bella-czekolada-zamsz_1.webp\",\"contentUrl\":\"https:\\\/\\\/chiara-design.com\\\/wp-content\\\/uploads\\\/2025\\\/04\\\/i5059-bella-czekolada-zamsz_1.webp\",\"width\":1200,\"height\":1500},{\"@type\":\"BreadcrumbList\",\"@id\":\"https:\\\/\\\/chiara-design.com\\\/sk\\\/produkt\\\/kabelka-chiara-bella-hneda-horka-cokolada-prirodny-semis\\\/#breadcrumb\",\"itemListElement\":[{\"@type\":\"ListItem\",\"position\":1,\"name\":\"Home\",\"item\":\"https:\\\/\\\/chiara-design.com\\\/sk\\\/damske-kabelky-chiara-design\\\/\"},{\"@type\":\"ListItem\",\"position\":2,\"name\":\"Obchod\",\"item\":\"https:\\\/\\\/chiara-design.com\\\/sklep\\\/\"},{\"@type\":\"ListItem\",\"position\":3,\"name\":\"Kabelka Chiara Bella Hned\u00e1 Hork\u00e1 \u010cokol\u00e1da Pr\u00edrodn\u00fd Semi\u0161\"}]},{\"@type\":\"WebSite\",\"@id\":\"https:\\\/\\\/chiara-design.com\\\/#website\",\"url\":\"https:\\\/\\\/chiara-design.com\\\/\",\"name\":\"Chiara Design\",\"description\":\"Tw\u00f3j ulubiony sklep online z torebkami.\",\"publisher\":{\"@id\":\"https:\\\/\\\/chiara-design.com\\\/#organization\"},\"potentialAction\":[{\"@type\":\"SearchAction\",\"target\":{\"@type\":\"EntryPoint\",\"urlTemplate\":\"https:\\\/\\\/chiara-design.com\\\/?s={search_term_string}\"},\"query-input\":{\"@type\":\"PropertyValueSpecification\",\"valueRequired\":true,\"valueName\":\"search_term_string\"}}],\"inLanguage\":\"sk-SK\"},{\"@type\":\"Organization\",\"@id\":\"https:\\\/\\\/chiara-design.com\\\/#organization\",\"name\":\"Chiara Design\",\"url\":\"https:\\\/\\\/chiara-design.com\\\/\",\"logo\":{\"@type\":\"ImageObject\",\"inLanguage\":\"sk-SK\",\"@id\":\"https:\\\/\\\/chiara-design.com\\\/#\\\/schema\\\/logo\\\/image\\\/\",\"url\":\"https:\\\/\\\/chiara-design.com\\\/wp-content\\\/uploads\\\/2024\\\/09\\\/CHIARA-DESIGN-LOGO.png\",\"contentUrl\":\"https:\\\/\\\/chiara-design.com\\\/wp-content\\\/uploads\\\/2024\\\/09\\\/CHIARA-DESIGN-LOGO.png\",\"width\":500,\"height\":158,\"caption\":\"Chiara Design\"},\"image\":{\"@id\":\"https:\\\/\\\/chiara-design.com\\\/#\\\/schema\\\/logo\\\/image\\\/\"},\"sameAs\":[\"https:\\\/\\\/www.facebook.com\\\/ChiaraDesignPL\",\"https:\\\/\\\/www.instagram.com\\\/chiara_design_\\\/\"]}]}<\/script>\n<!-- \/ Yoast SEO plugin. -->","yoast_head_json":{"title":"Kabelka Chiara Bella Hned\u00e1 Hork\u00e1 \u010cokol\u00e1da Pr\u00edrodn\u00fd Semi\u0161 - Chiara Design","robots":{"index":"index","follow":"follow","max-snippet":"max-snippet:-1","max-image-preview":"max-image-preview:large","max-video-preview":"max-video-preview:-1"},"canonical":"https:\/\/chiara-design.com\/sk\/produkt\/kabelka-chiara-bella-hneda-horka-cokolada-prirodny-semis\/","og_locale":"sk_SK","og_type":"article","og_title":"Kabelka Chiara Bella Hned\u00e1 Hork\u00e1 \u010cokol\u00e1da Pr\u00edrodn\u00fd Semi\u0161 - Chiara Design","og_description":"Vzh\u013eadom na obrovsk\u00fd z\u00e1ujem je \u010dakacia doba na kabelku pred\u013a\u017een\u00e1 do 15. augusta.","og_url":"https:\/\/chiara-design.com\/sk\/produkt\/kabelka-chiara-bella-hneda-horka-cokolada-prirodny-semis\/","og_site_name":"Chiara Design","article_publisher":"https:\/\/www.facebook.com\/ChiaraDesignPL","article_modified_time":"2026-03-28T19:50:42+00:00","og_image":[{"width":1200,"height":1500,"url":"https:\/\/chiara-design.com\/wp-content\/uploads\/2025\/05\/Bella-12.webp","type":"image\/webp"}],"twitter_card":"summary_large_image","twitter_misc":{"Predpokladan\u00fd \u010das \u010d\u00edtania":"1 min\u00fata"},"schema":{"@context":"https:\/\/schema.org","@graph":[{"@type":"WebPage","@id":"https:\/\/chiara-design.com\/sk\/produkt\/kabelka-chiara-bella-hneda-horka-cokolada-prirodny-semis\/","url":"https:\/\/chiara-design.com\/sk\/produkt\/kabelka-chiara-bella-hneda-horka-cokolada-prirodny-semis\/","name":"Kabelka Chiara Bella Hned\u00e1 Hork\u00e1 \u010cokol\u00e1da Pr\u00edrodn\u00fd Semi\u0161 - Chiara Design","isPartOf":{"@id":"https:\/\/chiara-design.com\/#website"},"primaryImageOfPage":{"@id":"https:\/\/chiara-design.com\/sk\/produkt\/kabelka-chiara-bella-hneda-horka-cokolada-prirodny-semis\/#primaryimage"},"image":{"@id":"https:\/\/chiara-design.com\/sk\/produkt\/kabelka-chiara-bella-hneda-horka-cokolada-prirodny-semis\/#primaryimage"},"thumbnailUrl":"https:\/\/chiara-design.com\/wp-content\/uploads\/2025\/04\/i5059-bella-czekolada-zamsz_1.webp","datePublished":"2025-04-10T15:51:27+00:00","dateModified":"2026-03-28T19:50:42+00:00","breadcrumb":{"@id":"https:\/\/chiara-design.com\/sk\/produkt\/kabelka-chiara-bella-hneda-horka-cokolada-prirodny-semis\/#breadcrumb"},"inLanguage":"sk-SK","potentialAction":[{"@type":"ReadAction","target":["https:\/\/chiara-design.com\/sk\/produkt\/kabelka-chiara-bella-hneda-horka-cokolada-prirodny-semis\/"]}]},{"@type":"ImageObject","inLanguage":"sk-SK","@id":"https:\/\/chiara-design.com\/sk\/produkt\/kabelka-chiara-bella-hneda-horka-cokolada-prirodny-semis\/#primaryimage","url":"https:\/\/chiara-design.com\/wp-content\/uploads\/2025\/04\/i5059-bella-czekolada-zamsz_1.webp","contentUrl":"https:\/\/chiara-design.com\/wp-content\/uploads\/2025\/04\/i5059-bella-czekolada-zamsz_1.webp","width":1200,"height":1500},{"@type":"BreadcrumbList","@id":"https:\/\/chiara-design.com\/sk\/produkt\/kabelka-chiara-bella-hneda-horka-cokolada-prirodny-semis\/#breadcrumb","itemListElement":[{"@type":"ListItem","position":1,"name":"Home","item":"https:\/\/chiara-design.com\/sk\/damske-kabelky-chiara-design\/"},{"@type":"ListItem","position":2,"name":"Obchod","item":"https:\/\/chiara-design.com\/sklep\/"},{"@type":"ListItem","position":3,"name":"Kabelka Chiara Bella Hned\u00e1 Hork\u00e1 \u010cokol\u00e1da Pr\u00edrodn\u00fd Semi\u0161"}]},{"@type":"WebSite","@id":"https:\/\/chiara-design.com\/#website","url":"https:\/\/chiara-design.com\/","name":"Chiara Design","description":"Tw\u00f3j ulubiony sklep online z torebkami.","publisher":{"@id":"https:\/\/chiara-design.com\/#organization"},"potentialAction":[{"@type":"SearchAction","target":{"@type":"EntryPoint","urlTemplate":"https:\/\/chiara-design.com\/?s={search_term_string}"},"query-input":{"@type":"PropertyValueSpecification","valueRequired":true,"valueName":"search_term_string"}}],"inLanguage":"sk-SK"},{"@type":"Organization","@id":"https:\/\/chiara-design.com\/#organization","name":"Chiara Design","url":"https:\/\/chiara-design.com\/","logo":{"@type":"ImageObject","inLanguage":"sk-SK","@id":"https:\/\/chiara-design.com\/#\/schema\/logo\/image\/","url":"https:\/\/chiara-design.com\/wp-content\/uploads\/2024\/09\/CHIARA-DESIGN-LOGO.png","contentUrl":"https:\/\/chiara-design.com\/wp-content\/uploads\/2024\/09\/CHIARA-DESIGN-LOGO.png","width":500,"height":158,"caption":"Chiara Design"},"image":{"@id":"https:\/\/chiara-design.com\/#\/schema\/logo\/image\/"},"sameAs":["https:\/\/www.facebook.com\/ChiaraDesignPL","https:\/\/www.instagram.com\/chiara_design_\/"]}]}},"jetpack_sharing_enabled":true,"_links":{"self":[{"href":"https:\/\/chiara-design.com\/sk\/wp-json\/wp\/v2\/product\/60808","targetHints":{"allow":["GET"]}}],"collection":[{"href":"https:\/\/chiara-design.com\/sk\/wp-json\/wp\/v2\/product"}],"about":[{"href":"https:\/\/chiara-design.com\/sk\/wp-json\/wp\/v2\/types\/product"}],"replies":[{"embeddable":true,"href":"https:\/\/chiara-design.com\/sk\/wp-json\/wp\/v2\/comments?post=60808"}],"wp:featuredmedia":[{"embeddable":true,"href":"https:\/\/chiara-design.com\/sk\/wp-json\/wp\/v2\/media\/59497"}],"wp:attachment":[{"href":"https:\/\/chiara-design.com\/sk\/wp-json\/wp\/v2\/media?parent=60808"}],"wp:term":[{"taxonomy":"product_brand","embeddable":true,"href":"https:\/\/chiara-design.com\/sk\/wp-json\/wp\/v2\/product_brand?post=60808"},{"taxonomy":"product_cat","embeddable":true,"href":"https:\/\/chiara-design.com\/sk\/wp-json\/wp\/v2\/product_cat?post=60808"},{"taxonomy":"product_tag","embeddable":true,"href":"https:\/\/chiara-design.com\/sk\/wp-json\/wp\/v2\/product_tag?post=60808"}],"curies":[{"name":"wp","href":"https:\/\/api.w.org\/{rel}","templated":true}]}}