{"id":60806,"date":"2025-04-10T18:27:09","date_gmt":"2025-04-10T16:27:09","guid":{"rendered":"https:\/\/chiara-design.com\/product\/ruksak-chiara-fedele-cierny-prirodna-koza\/"},"modified":"2026-03-11T00:37:04","modified_gmt":"2026-03-10T23:37:04","slug":"ruksak-chiara-fedele-cierny-prirodna-koza","status":"publish","type":"product","link":"https:\/\/chiara-design.com\/sk\/produkt\/ruksak-chiara-fedele-cierny-prirodna-koza\/","title":{"rendered":"Ruksak Chiara Fedele \u010cierny Pr\u00edrodn\u00e1 Ko\u017ea"},"content":{"rendered":"<p>Ruksak Chiara Fedele \u010cierny je jedine\u010dn\u00fd model, ktor\u00fd sp\u00e1ja funk\u010dnos\u0165 s eleganciou. Vyroben\u00fd z najkvalitnej\u0161ej pr\u00edrodnej ko\u017ee. Preto v\u00e1m m\u00f4\u017ee sl\u00fa\u017ei\u0165 mnoho sez\u00f3n, pri\u010dom si zachov\u00e1 svoj jedine\u010dn\u00fd vzh\u013ead a trv\u00e1cnos\u0165.<br \/>\n&lt;h3&gt;V\u0161estrannos\u0165 Nosenia&lt;\/h3&gt;<br \/>\nV\u010faka odn\u00edmate\u013en\u00fdm popruhom m\u00f4\u017eete ruksak Chiara Fedele nosi\u0165 r\u00f4znymi sp\u00f4sobmi. \u0160tandardne ho noste na chrbte, ale rukov\u00e4\u0165 umo\u017e\u0148uje pohodln\u00e9 dr\u017eanie v ruke. Navy\u0161e ho m\u00f4\u017eete nosi\u0165 aj ako kabelku. Toto univerz\u00e1lne rie\u0161enie sa osved\u010d\u00ed ako na ka\u017ed\u00fd de\u0148, tak aj po\u010das v\u00fdnimo\u010dn\u00fdch pr\u00edle\u017eitost\u00ed.<br \/>\n&lt;h3&gt;Funk\u010dn\u00e9 Ukladanie&lt;\/h3&gt;<br \/>\nRuksak pon\u00faka mnoho premyslen\u00fdch priestorov na v\u0161etky potrebn\u00e9 veci. Napr\u00edklad vpredu sa nach\u00e1dza ve\u013ek\u00e9 vrecko na zips, ktor\u00e9 pln\u00ed dekorat\u00edvnu aj ochrann\u00fa funkciu. Okrem toho na zadnej strane n\u00e1jdete \u010fal\u0161ie bezpe\u010dn\u00e9 vrecko na zips, ide\u00e1lne na drobn\u00e9 predmety. Vn\u00fatro ruksaku obsahuje jednu ve\u013ek\u00fa komoru, dve otvoren\u00e9 vreck\u00e1 a vrecko na zips, \u010do umo\u017e\u0148uje jednoduch\u00fa organiz\u00e1ciu va\u0161ich vec\u00ed.<br \/>\n&lt;h3&gt;Elegancia a Detaily&lt;\/h3&gt;<br \/>\nVn\u00fatro ruksaku o\u010dar\u00ed hodv\u00e1bnou pod\u0161\u00edvkou v \u017eenskom \u0161t\u00fdle, ktor\u00e1 mu dod\u00e1va luxusn\u00fd charakter. Navy\u0161e m\u00e1 ruksak jedine\u010dn\u00fd doplnok \u2013 zrkadielko v tvare srdca zavesen\u00e9 na retiazke. Je to nielen praktick\u00fd, ale aj o\u010daruj\u00faci doplnok, ktor\u00fd zd\u00f4raz\u0148uje jeho jedine\u010dnos\u0165.<br \/>\n&lt;h3&gt;Doplnok na Ka\u017ed\u00fa Pr\u00edle\u017eitos\u0165&lt;\/h3&gt;<br \/>\nChiara Fedele \u010cierny je ide\u00e1lnou vo\u013ebou pre \u017eeny, ktor\u00e9 si cenia vysok\u00fa kvalitu, \u0161t\u00fdl a funk\u010dnos\u0165. Jeho jedine\u010dn\u00fd dizajn a praktick\u00e9 rie\u0161enia ho robia skvel\u00fdm na ka\u017edodenn\u00e9 nosenie aj na cesty. V\u010faka tomu sa stane nepostr\u00e1date\u013en\u00fdm prvkom v\u00e1\u0161ho \u0161atn\u00edka.<\/p>\n<p>Model: SK786 FEDELE<\/p>\n","protected":false},"excerpt":{"rendered":"<p>Ruksak Chiara Fedele \u010cierny je jedine\u010dn\u00fd model, ktor\u00fd sp\u00e1ja funk\u010dnos\u0165 s eleganciou. Vyroben\u00fd z najkvalitnej\u0161ej pr\u00edrodnej ko\u017ee. Preto v\u00e1m m\u00f4\u017ee sl\u00fa\u017ei\u0165 mnoho sez\u00f3n, pri\u010dom si zachov\u00e1 svoj jedine\u010dn\u00fd vzh\u013ead a trv\u00e1cnos\u0165. &lt;h3&gt;V\u0161estrannos\u0165 Nosenia&lt;\/h3&gt; V\u010faka odn\u00edmate\u013en\u00fdm popruhom m\u00f4\u017eete ruksak Chiara Fedele nosi\u0165 r\u00f4znymi sp\u00f4sobmi. \u0160tandardne ho noste na chrbte, ale rukov\u00e4\u0165 umo\u017e\u0148uje pohodln\u00e9 dr\u017eanie v ruke.<\/p>\n<div class=\"klb-readmore button\"><a class=\"btn link\" href=\"https:\/\/chiara-design.com\/sk\/produkt\/ruksak-chiara-fedele-cierny-prirodna-koza\/\">Read More <i class=\"klbth-icon-right-arrow\"><\/i><\/a><\/div>\n","protected":false},"featured_media":59421,"comment_status":"open","ping_status":"closed","template":"","meta":[],"product_brand":[],"product_cat":[629],"product_tag":[],"class_list":{"0":"post-60806","1":"product","2":"type-product","3":"status-publish","4":"has-post-thumbnail","6":"product_cat-batohy","8":"first","9":"instock","10":"shipping-taxable","11":"purchasable","12":"product-type-simple"},"yoast_head":"<!-- This site is optimized with the Yoast SEO plugin v27.4 - https:\/\/yoast.com\/product\/yoast-seo-wordpress\/ -->\n<title>Ruksak Chiara Fedele \u010cierny Pr\u00edrodn\u00e1 Ko\u017ea - Chiara Design<\/title>\n<meta name=\"robots\" content=\"index, follow, max-snippet:-1, max-image-preview:large, max-video-preview:-1\" \/>\n<link rel=\"canonical\" href=\"https:\/\/chiara-design.com\/produkt\/plecak-chiara-fedele-czarny-skora-naturalna\/\" \/>\n<meta property=\"og:locale\" content=\"sk_SK\" \/>\n<meta property=\"og:type\" content=\"article\" \/>\n<meta property=\"og:title\" content=\"Ruksak Chiara Fedele \u010cierny Pr\u00edrodn\u00e1 Ko\u017ea - Chiara Design\" \/>\n<meta property=\"og:description\" content=\"Ruksak Chiara Fedele \u010cierny je jedine\u010dn\u00fd model, ktor\u00fd sp\u00e1ja funk\u010dnos\u0165 s eleganciou. Vyroben\u00fd z najkvalitnej\u0161ej pr\u00edrodnej ko\u017ee. Preto v\u00e1m m\u00f4\u017ee sl\u00fa\u017ei\u0165 mnoho sez\u00f3n, pri\u010dom si zachov\u00e1 svoj jedine\u010dn\u00fd vzh\u013ead a trv\u00e1cnos\u0165. &lt;h3&gt;V\u0161estrannos\u0165 Nosenia&lt;\/h3&gt; V\u010faka odn\u00edmate\u013en\u00fdm popruhom m\u00f4\u017eete ruksak Chiara Fedele nosi\u0165 r\u00f4znymi sp\u00f4sobmi. \u0160tandardne ho noste na chrbte, ale rukov\u00e4\u0165 umo\u017e\u0148uje pohodln\u00e9 dr\u017eanie v ruke.Read More\" \/>\n<meta property=\"og:url\" content=\"https:\/\/chiara-design.com\/produkt\/plecak-chiara-fedele-czarny-skora-naturalna\/\" \/>\n<meta property=\"og:site_name\" content=\"Chiara Design\" \/>\n<meta property=\"article:publisher\" content=\"https:\/\/www.facebook.com\/ChiaraDesignPL\" \/>\n<meta property=\"article:modified_time\" content=\"2026-03-10T23:37:04+00:00\" \/>\n<meta property=\"og:image\" content=\"https:\/\/chiara-design.com\/wp-content\/uploads\/2025\/05\/Fedele-3.webp\" \/>\n\t<meta property=\"og:image:width\" content=\"1200\" \/>\n\t<meta property=\"og:image:height\" content=\"1500\" \/>\n\t<meta property=\"og:image:type\" content=\"image\/webp\" \/>\n<meta name=\"twitter:card\" content=\"summary_large_image\" \/>\n<meta name=\"twitter:label1\" content=\"Predpokladan\u00fd \u010das \u010d\u00edtania\" \/>\n\t<meta name=\"twitter:data1\" content=\"2 min\u00faty\" \/>\n<script type=\"application\/ld+json\" class=\"yoast-schema-graph\">{\"@context\":\"https:\\\/\\\/schema.org\",\"@graph\":[{\"@type\":\"WebPage\",\"@id\":\"https:\\\/\\\/chiara-design.com\\\/produkt\\\/plecak-chiara-fedele-czarny-skora-naturalna\\\/\",\"url\":\"https:\\\/\\\/chiara-design.com\\\/produkt\\\/plecak-chiara-fedele-czarny-skora-naturalna\\\/\",\"name\":\"Ruksak Chiara Fedele \u010cierny Pr\u00edrodn\u00e1 Ko\u017ea - Chiara Design\",\"isPartOf\":{\"@id\":\"https:\\\/\\\/chiara-design.com\\\/#website\"},\"primaryImageOfPage\":{\"@id\":\"https:\\\/\\\/chiara-design.com\\\/produkt\\\/plecak-chiara-fedele-czarny-skora-naturalna\\\/#primaryimage\"},\"image\":{\"@id\":\"https:\\\/\\\/chiara-design.com\\\/produkt\\\/plecak-chiara-fedele-czarny-skora-naturalna\\\/#primaryimage\"},\"thumbnailUrl\":\"https:\\\/\\\/chiara-design.com\\\/wp-content\\\/uploads\\\/2025\\\/02\\\/fedele-skora-czarny_2.jpg\",\"datePublished\":\"2025-04-10T16:27:09+00:00\",\"dateModified\":\"2026-03-10T23:37:04+00:00\",\"breadcrumb\":{\"@id\":\"https:\\\/\\\/chiara-design.com\\\/produkt\\\/plecak-chiara-fedele-czarny-skora-naturalna\\\/#breadcrumb\"},\"inLanguage\":\"sk-SK\",\"potentialAction\":[{\"@type\":\"ReadAction\",\"target\":[\"https:\\\/\\\/chiara-design.com\\\/produkt\\\/plecak-chiara-fedele-czarny-skora-naturalna\\\/\"]}]},{\"@type\":\"ImageObject\",\"inLanguage\":\"sk-SK\",\"@id\":\"https:\\\/\\\/chiara-design.com\\\/produkt\\\/plecak-chiara-fedele-czarny-skora-naturalna\\\/#primaryimage\",\"url\":\"https:\\\/\\\/chiara-design.com\\\/wp-content\\\/uploads\\\/2025\\\/02\\\/fedele-skora-czarny_2.jpg\",\"contentUrl\":\"https:\\\/\\\/chiara-design.com\\\/wp-content\\\/uploads\\\/2025\\\/02\\\/fedele-skora-czarny_2.jpg\",\"width\":1900,\"height\":2492},{\"@type\":\"BreadcrumbList\",\"@id\":\"https:\\\/\\\/chiara-design.com\\\/produkt\\\/plecak-chiara-fedele-czarny-skora-naturalna\\\/#breadcrumb\",\"itemListElement\":[{\"@type\":\"ListItem\",\"position\":1,\"name\":\"Home\",\"item\":\"https:\\\/\\\/chiara-design.com\\\/sk\\\/damske-kabelky-chiara-design\\\/\"},{\"@type\":\"ListItem\",\"position\":2,\"name\":\"Obchod\",\"item\":\"https:\\\/\\\/chiara-design.com\\\/sklep\\\/\"},{\"@type\":\"ListItem\",\"position\":3,\"name\":\"Ruksak Chiara Fedele \u010cierny Pr\u00edrodn\u00e1 Ko\u017ea\"}]},{\"@type\":\"WebSite\",\"@id\":\"https:\\\/\\\/chiara-design.com\\\/#website\",\"url\":\"https:\\\/\\\/chiara-design.com\\\/\",\"name\":\"Chiara Design\",\"description\":\"Tw\u00f3j ulubiony sklep online z torebkami.\",\"publisher\":{\"@id\":\"https:\\\/\\\/chiara-design.com\\\/#organization\"},\"potentialAction\":[{\"@type\":\"SearchAction\",\"target\":{\"@type\":\"EntryPoint\",\"urlTemplate\":\"https:\\\/\\\/chiara-design.com\\\/?s={search_term_string}\"},\"query-input\":{\"@type\":\"PropertyValueSpecification\",\"valueRequired\":true,\"valueName\":\"search_term_string\"}}],\"inLanguage\":\"sk-SK\"},{\"@type\":\"Organization\",\"@id\":\"https:\\\/\\\/chiara-design.com\\\/#organization\",\"name\":\"Chiara Design\",\"url\":\"https:\\\/\\\/chiara-design.com\\\/\",\"logo\":{\"@type\":\"ImageObject\",\"inLanguage\":\"sk-SK\",\"@id\":\"https:\\\/\\\/chiara-design.com\\\/#\\\/schema\\\/logo\\\/image\\\/\",\"url\":\"https:\\\/\\\/chiara-design.com\\\/wp-content\\\/uploads\\\/2024\\\/09\\\/CHIARA-DESIGN-LOGO.png\",\"contentUrl\":\"https:\\\/\\\/chiara-design.com\\\/wp-content\\\/uploads\\\/2024\\\/09\\\/CHIARA-DESIGN-LOGO.png\",\"width\":500,\"height\":158,\"caption\":\"Chiara Design\"},\"image\":{\"@id\":\"https:\\\/\\\/chiara-design.com\\\/#\\\/schema\\\/logo\\\/image\\\/\"},\"sameAs\":[\"https:\\\/\\\/www.facebook.com\\\/ChiaraDesignPL\",\"https:\\\/\\\/www.instagram.com\\\/chiara_design_\\\/\"]}]}<\/script>\n<!-- \/ Yoast SEO plugin. -->","yoast_head_json":{"title":"Ruksak Chiara Fedele \u010cierny Pr\u00edrodn\u00e1 Ko\u017ea - Chiara Design","robots":{"index":"index","follow":"follow","max-snippet":"max-snippet:-1","max-image-preview":"max-image-preview:large","max-video-preview":"max-video-preview:-1"},"canonical":"https:\/\/chiara-design.com\/produkt\/plecak-chiara-fedele-czarny-skora-naturalna\/","og_locale":"sk_SK","og_type":"article","og_title":"Ruksak Chiara Fedele \u010cierny Pr\u00edrodn\u00e1 Ko\u017ea - Chiara Design","og_description":"Ruksak Chiara Fedele \u010cierny je jedine\u010dn\u00fd model, ktor\u00fd sp\u00e1ja funk\u010dnos\u0165 s eleganciou. Vyroben\u00fd z najkvalitnej\u0161ej pr\u00edrodnej ko\u017ee. Preto v\u00e1m m\u00f4\u017ee sl\u00fa\u017ei\u0165 mnoho sez\u00f3n, pri\u010dom si zachov\u00e1 svoj jedine\u010dn\u00fd vzh\u013ead a trv\u00e1cnos\u0165. &lt;h3&gt;V\u0161estrannos\u0165 Nosenia&lt;\/h3&gt; V\u010faka odn\u00edmate\u013en\u00fdm popruhom m\u00f4\u017eete ruksak Chiara Fedele nosi\u0165 r\u00f4znymi sp\u00f4sobmi. \u0160tandardne ho noste na chrbte, ale rukov\u00e4\u0165 umo\u017e\u0148uje pohodln\u00e9 dr\u017eanie v ruke.Read More","og_url":"https:\/\/chiara-design.com\/produkt\/plecak-chiara-fedele-czarny-skora-naturalna\/","og_site_name":"Chiara Design","article_publisher":"https:\/\/www.facebook.com\/ChiaraDesignPL","article_modified_time":"2026-03-10T23:37:04+00:00","og_image":[{"width":1200,"height":1500,"url":"https:\/\/chiara-design.com\/wp-content\/uploads\/2025\/05\/Fedele-3.webp","type":"image\/webp"}],"twitter_card":"summary_large_image","twitter_misc":{"Predpokladan\u00fd \u010das \u010d\u00edtania":"2 min\u00faty"},"schema":{"@context":"https:\/\/schema.org","@graph":[{"@type":"WebPage","@id":"https:\/\/chiara-design.com\/produkt\/plecak-chiara-fedele-czarny-skora-naturalna\/","url":"https:\/\/chiara-design.com\/produkt\/plecak-chiara-fedele-czarny-skora-naturalna\/","name":"Ruksak Chiara Fedele \u010cierny Pr\u00edrodn\u00e1 Ko\u017ea - Chiara Design","isPartOf":{"@id":"https:\/\/chiara-design.com\/#website"},"primaryImageOfPage":{"@id":"https:\/\/chiara-design.com\/produkt\/plecak-chiara-fedele-czarny-skora-naturalna\/#primaryimage"},"image":{"@id":"https:\/\/chiara-design.com\/produkt\/plecak-chiara-fedele-czarny-skora-naturalna\/#primaryimage"},"thumbnailUrl":"https:\/\/chiara-design.com\/wp-content\/uploads\/2025\/02\/fedele-skora-czarny_2.jpg","datePublished":"2025-04-10T16:27:09+00:00","dateModified":"2026-03-10T23:37:04+00:00","breadcrumb":{"@id":"https:\/\/chiara-design.com\/produkt\/plecak-chiara-fedele-czarny-skora-naturalna\/#breadcrumb"},"inLanguage":"sk-SK","potentialAction":[{"@type":"ReadAction","target":["https:\/\/chiara-design.com\/produkt\/plecak-chiara-fedele-czarny-skora-naturalna\/"]}]},{"@type":"ImageObject","inLanguage":"sk-SK","@id":"https:\/\/chiara-design.com\/produkt\/plecak-chiara-fedele-czarny-skora-naturalna\/#primaryimage","url":"https:\/\/chiara-design.com\/wp-content\/uploads\/2025\/02\/fedele-skora-czarny_2.jpg","contentUrl":"https:\/\/chiara-design.com\/wp-content\/uploads\/2025\/02\/fedele-skora-czarny_2.jpg","width":1900,"height":2492},{"@type":"BreadcrumbList","@id":"https:\/\/chiara-design.com\/produkt\/plecak-chiara-fedele-czarny-skora-naturalna\/#breadcrumb","itemListElement":[{"@type":"ListItem","position":1,"name":"Home","item":"https:\/\/chiara-design.com\/sk\/damske-kabelky-chiara-design\/"},{"@type":"ListItem","position":2,"name":"Obchod","item":"https:\/\/chiara-design.com\/sklep\/"},{"@type":"ListItem","position":3,"name":"Ruksak Chiara Fedele \u010cierny Pr\u00edrodn\u00e1 Ko\u017ea"}]},{"@type":"WebSite","@id":"https:\/\/chiara-design.com\/#website","url":"https:\/\/chiara-design.com\/","name":"Chiara Design","description":"Tw\u00f3j ulubiony sklep online z torebkami.","publisher":{"@id":"https:\/\/chiara-design.com\/#organization"},"potentialAction":[{"@type":"SearchAction","target":{"@type":"EntryPoint","urlTemplate":"https:\/\/chiara-design.com\/?s={search_term_string}"},"query-input":{"@type":"PropertyValueSpecification","valueRequired":true,"valueName":"search_term_string"}}],"inLanguage":"sk-SK"},{"@type":"Organization","@id":"https:\/\/chiara-design.com\/#organization","name":"Chiara Design","url":"https:\/\/chiara-design.com\/","logo":{"@type":"ImageObject","inLanguage":"sk-SK","@id":"https:\/\/chiara-design.com\/#\/schema\/logo\/image\/","url":"https:\/\/chiara-design.com\/wp-content\/uploads\/2024\/09\/CHIARA-DESIGN-LOGO.png","contentUrl":"https:\/\/chiara-design.com\/wp-content\/uploads\/2024\/09\/CHIARA-DESIGN-LOGO.png","width":500,"height":158,"caption":"Chiara Design"},"image":{"@id":"https:\/\/chiara-design.com\/#\/schema\/logo\/image\/"},"sameAs":["https:\/\/www.facebook.com\/ChiaraDesignPL","https:\/\/www.instagram.com\/chiara_design_\/"]}]}},"jetpack_sharing_enabled":true,"_links":{"self":[{"href":"https:\/\/chiara-design.com\/sk\/wp-json\/wp\/v2\/product\/60806","targetHints":{"allow":["GET"]}}],"collection":[{"href":"https:\/\/chiara-design.com\/sk\/wp-json\/wp\/v2\/product"}],"about":[{"href":"https:\/\/chiara-design.com\/sk\/wp-json\/wp\/v2\/types\/product"}],"replies":[{"embeddable":true,"href":"https:\/\/chiara-design.com\/sk\/wp-json\/wp\/v2\/comments?post=60806"}],"wp:featuredmedia":[{"embeddable":true,"href":"https:\/\/chiara-design.com\/sk\/wp-json\/wp\/v2\/media\/59421"}],"wp:attachment":[{"href":"https:\/\/chiara-design.com\/sk\/wp-json\/wp\/v2\/media?parent=60806"}],"wp:term":[{"taxonomy":"product_brand","embeddable":true,"href":"https:\/\/chiara-design.com\/sk\/wp-json\/wp\/v2\/product_brand?post=60806"},{"taxonomy":"product_cat","embeddable":true,"href":"https:\/\/chiara-design.com\/sk\/wp-json\/wp\/v2\/product_cat?post=60806"},{"taxonomy":"product_tag","embeddable":true,"href":"https:\/\/chiara-design.com\/sk\/wp-json\/wp\/v2\/product_tag?post=60806"}],"curies":[{"name":"wp","href":"https:\/\/api.w.org\/{rel}","templated":true}]}}