{"id":60804,"date":"2025-04-11T09:27:50","date_gmt":"2025-04-11T07:27:50","guid":{"rendered":"https:\/\/chiara-design.com\/product\/kabelka-chiara-luna-hneda-horka-cokolada-z-prirodneho-semisu\/"},"modified":"2025-09-23T11:49:42","modified_gmt":"2025-09-23T09:49:42","slug":"kabelka-chiara-luna-hneda-horka-cokolada-z-prirodneho-semisu","status":"publish","type":"product","link":"https:\/\/chiara-design.com\/sk\/produkt\/kabelka-chiara-luna-hneda-horka-cokolada-z-prirodneho-semisu\/","title":{"rendered":"Kabelka Chiara LUNA \u2013 Hned\u00e1 Hork\u00e1 \u010cokol\u00e1da z Pr\u00edrodn\u00e9ho Semi\u0161u"},"content":{"rendered":"<p>Kabelka Chiara Luna navrhnut\u00e1 v tvare polmesiaca.<\/p>\n<p>Kabelka bola u\u0161it\u00e1 z pr\u00edrodn\u00e9ho semi\u0161u v \u017eiadanej farbe tejto sez\u00f3ny \u2013 horkej \u010dokol\u00e1dy. S\u00fa\u010das\u0165ou s\u00fapravy je nastavite\u013en\u00fd popruh. V\u010faka dodato\u010dn\u00fdm \u00fachytom v\u0161it\u00fdm po bokoch kabelky je mo\u017en\u00e9 popruh \u013eubovo\u013ene prep\u00edna\u0165 a nosi\u0165 kabelku nieko\u013ek\u00fdmi sp\u00f4sobmi: do ruky, pod pazuchou alebo cez rameno. Vn\u00fatro kabelky je priestrann\u00e9 a objemn\u00e9, ukon\u010den\u00e9 kr\u00e1snou pod\u0161\u00edvkou a vybaven\u00e9 \u010fal\u0161\u00edmi vreckami. Do kabelky sa vo\u013ene zmest\u00ed zo\u0161it form\u00e1tu A5. Kabelka bude skvel\u00fdm doplnkom ku ka\u017edodenn\u00fdm outfitom, dostupn\u00e1 aj vo farbe taupe.<\/p>\n<p>Klasick\u00e1 hork\u00e1 \u010dokol\u00e1da sa dokonale hod\u00ed k mnoh\u00fdm outfitom a dod\u00e1va jemn\u00fd luxusn\u00fd akcent.<\/p>\n<p>&lt;strong&gt;Model: i5048 LUNA<br \/>\n&lt;\/strong&gt;<\/p>\n","protected":false},"excerpt":{"rendered":"<p>Kabelka Chiara Luna navrhnut\u00e1 v tvare polmesiaca. Kabelka bola u\u0161it\u00e1 z pr\u00edrodn\u00e9ho semi\u0161u v \u017eiadanej farbe tejto sez\u00f3ny \u2013 horkej \u010dokol\u00e1dy. S\u00fa\u010das\u0165ou s\u00fapravy je nastavite\u013en\u00fd popruh. V\u010faka dodato\u010dn\u00fdm \u00fachytom v\u0161it\u00fdm po bokoch kabelky je mo\u017en\u00e9 popruh \u013eubovo\u013ene prep\u00edna\u0165 a nosi\u0165 kabelku nieko\u013ek\u00fdmi sp\u00f4sobmi: do ruky, pod pazuchou alebo cez rameno. Vn\u00fatro kabelky je priestrann\u00e9 a<\/p>\n<div class=\"klb-readmore button\"><a class=\"btn link\" href=\"https:\/\/chiara-design.com\/sk\/produkt\/kabelka-chiara-luna-hneda-horka-cokolada-z-prirodneho-semisu\/\">Read More <i class=\"klbth-icon-right-arrow\"><\/i><\/a><\/div>\n","protected":false},"featured_media":59598,"comment_status":"open","ping_status":"closed","template":"","meta":[],"product_brand":[177,193],"product_cat":[648,710],"product_tag":[],"class_list":{"0":"post-60804","1":"product","2":"type-product","3":"status-publish","4":"has-post-thumbnail","6":"product_brand-chiara","7":"product_brand-chiara_premium","8":"product_cat-crossbody-kabelky","9":"product_cat-kabelky-do-ruky","11":"first","12":"instock","13":"shipping-taxable","14":"purchasable","15":"product-type-simple"},"yoast_head":"<!-- This site is optimized with the Yoast SEO plugin v27.4 - https:\/\/yoast.com\/product\/yoast-seo-wordpress\/ -->\n<title>Kabelka Chiara LUNA \u2013 Hned\u00e1 Hork\u00e1 \u010cokol\u00e1da z Pr\u00edrodn\u00e9ho Semi\u0161u - Chiara Design<\/title>\n<meta name=\"robots\" content=\"index, follow, max-snippet:-1, max-image-preview:large, max-video-preview:-1\" \/>\n<link rel=\"canonical\" href=\"https:\/\/chiara-design.com\/?post_type=product&p=53847\" \/>\n<meta property=\"og:locale\" content=\"sk_SK\" \/>\n<meta property=\"og:type\" content=\"article\" \/>\n<meta property=\"og:title\" content=\"Kabelka Chiara LUNA \u2013 Hned\u00e1 Hork\u00e1 \u010cokol\u00e1da z Pr\u00edrodn\u00e9ho Semi\u0161u - Chiara Design\" \/>\n<meta property=\"og:description\" content=\"Kabelka Chiara Luna navrhnut\u00e1 v tvare polmesiaca. Kabelka bola u\u0161it\u00e1 z pr\u00edrodn\u00e9ho semi\u0161u v \u017eiadanej farbe tejto sez\u00f3ny \u2013 horkej \u010dokol\u00e1dy. S\u00fa\u010das\u0165ou s\u00fapravy je nastavite\u013en\u00fd popruh. V\u010faka dodato\u010dn\u00fdm \u00fachytom v\u0161it\u00fdm po bokoch kabelky je mo\u017en\u00e9 popruh \u013eubovo\u013ene prep\u00edna\u0165 a nosi\u0165 kabelku nieko\u013ek\u00fdmi sp\u00f4sobmi: do ruky, pod pazuchou alebo cez rameno. Vn\u00fatro kabelky je priestrann\u00e9 aRead More\" \/>\n<meta property=\"og:url\" content=\"https:\/\/chiara-design.com\/?post_type=product&amp;p=53847\" \/>\n<meta property=\"og:site_name\" content=\"Chiara Design\" \/>\n<meta property=\"article:publisher\" content=\"https:\/\/www.facebook.com\/ChiaraDesignPL\" \/>\n<meta property=\"article:modified_time\" content=\"2025-09-23T09:49:42+00:00\" \/>\n<meta property=\"og:image\" content=\"https:\/\/chiara-design.com\/wp-content\/uploads\/2025\/05\/Luna-7.webp\" \/>\n\t<meta property=\"og:image:width\" content=\"1200\" \/>\n\t<meta property=\"og:image:height\" content=\"1500\" \/>\n\t<meta property=\"og:image:type\" content=\"image\/webp\" \/>\n<meta name=\"twitter:card\" content=\"summary_large_image\" \/>\n<meta name=\"twitter:label1\" content=\"Predpokladan\u00fd \u010das \u010d\u00edtania\" \/>\n\t<meta name=\"twitter:data1\" content=\"1 min\u00fata\" \/>\n<script type=\"application\/ld+json\" class=\"yoast-schema-graph\">{\"@context\":\"https:\\\/\\\/schema.org\",\"@graph\":[{\"@type\":\"WebPage\",\"@id\":\"https:\\\/\\\/chiara-design.com\\\/?post_type=product&p=53847\",\"url\":\"https:\\\/\\\/chiara-design.com\\\/?post_type=product&p=53847\",\"name\":\"Kabelka Chiara LUNA \u2013 Hned\u00e1 Hork\u00e1 \u010cokol\u00e1da z Pr\u00edrodn\u00e9ho Semi\u0161u - Chiara Design\",\"isPartOf\":{\"@id\":\"https:\\\/\\\/chiara-design.com\\\/#website\"},\"primaryImageOfPage\":{\"@id\":\"https:\\\/\\\/chiara-design.com\\\/?post_type=product&p=53847#primaryimage\"},\"image\":{\"@id\":\"https:\\\/\\\/chiara-design.com\\\/?post_type=product&p=53847#primaryimage\"},\"thumbnailUrl\":\"https:\\\/\\\/chiara-design.com\\\/wp-content\\\/uploads\\\/2025\\\/05\\\/Luna-7.webp\",\"datePublished\":\"2025-04-11T07:27:50+00:00\",\"dateModified\":\"2025-09-23T09:49:42+00:00\",\"breadcrumb\":{\"@id\":\"https:\\\/\\\/chiara-design.com\\\/?post_type=product&p=53847#breadcrumb\"},\"inLanguage\":\"sk-SK\",\"potentialAction\":[{\"@type\":\"ReadAction\",\"target\":[\"https:\\\/\\\/chiara-design.com\\\/?post_type=product&p=53847\"]}]},{\"@type\":\"ImageObject\",\"inLanguage\":\"sk-SK\",\"@id\":\"https:\\\/\\\/chiara-design.com\\\/?post_type=product&p=53847#primaryimage\",\"url\":\"https:\\\/\\\/chiara-design.com\\\/wp-content\\\/uploads\\\/2025\\\/05\\\/Luna-7.webp\",\"contentUrl\":\"https:\\\/\\\/chiara-design.com\\\/wp-content\\\/uploads\\\/2025\\\/05\\\/Luna-7.webp\",\"width\":1200,\"height\":1500},{\"@type\":\"BreadcrumbList\",\"@id\":\"https:\\\/\\\/chiara-design.com\\\/?post_type=product&p=53847#breadcrumb\",\"itemListElement\":[{\"@type\":\"ListItem\",\"position\":1,\"name\":\"Home\",\"item\":\"https:\\\/\\\/chiara-design.com\\\/sk\\\/damske-kabelky-chiara-design\\\/\"},{\"@type\":\"ListItem\",\"position\":2,\"name\":\"Obchod\",\"item\":\"https:\\\/\\\/chiara-design.com\\\/sklep\\\/\"},{\"@type\":\"ListItem\",\"position\":3,\"name\":\"Kabelka Chiara LUNA \u2013 Hned\u00e1 Hork\u00e1 \u010cokol\u00e1da z Pr\u00edrodn\u00e9ho Semi\u0161u\"}]},{\"@type\":\"WebSite\",\"@id\":\"https:\\\/\\\/chiara-design.com\\\/#website\",\"url\":\"https:\\\/\\\/chiara-design.com\\\/\",\"name\":\"Chiara Design\",\"description\":\"Tw\u00f3j ulubiony sklep online z torebkami.\",\"publisher\":{\"@id\":\"https:\\\/\\\/chiara-design.com\\\/#organization\"},\"potentialAction\":[{\"@type\":\"SearchAction\",\"target\":{\"@type\":\"EntryPoint\",\"urlTemplate\":\"https:\\\/\\\/chiara-design.com\\\/?s={search_term_string}\"},\"query-input\":{\"@type\":\"PropertyValueSpecification\",\"valueRequired\":true,\"valueName\":\"search_term_string\"}}],\"inLanguage\":\"sk-SK\"},{\"@type\":\"Organization\",\"@id\":\"https:\\\/\\\/chiara-design.com\\\/#organization\",\"name\":\"Chiara Design\",\"url\":\"https:\\\/\\\/chiara-design.com\\\/\",\"logo\":{\"@type\":\"ImageObject\",\"inLanguage\":\"sk-SK\",\"@id\":\"https:\\\/\\\/chiara-design.com\\\/#\\\/schema\\\/logo\\\/image\\\/\",\"url\":\"https:\\\/\\\/chiara-design.com\\\/wp-content\\\/uploads\\\/2024\\\/09\\\/CHIARA-DESIGN-LOGO.png\",\"contentUrl\":\"https:\\\/\\\/chiara-design.com\\\/wp-content\\\/uploads\\\/2024\\\/09\\\/CHIARA-DESIGN-LOGO.png\",\"width\":500,\"height\":158,\"caption\":\"Chiara Design\"},\"image\":{\"@id\":\"https:\\\/\\\/chiara-design.com\\\/#\\\/schema\\\/logo\\\/image\\\/\"},\"sameAs\":[\"https:\\\/\\\/www.facebook.com\\\/ChiaraDesignPL\",\"https:\\\/\\\/www.instagram.com\\\/chiara_design_\\\/\"]}]}<\/script>\n<!-- \/ Yoast SEO plugin. -->","yoast_head_json":{"title":"Kabelka Chiara LUNA \u2013 Hned\u00e1 Hork\u00e1 \u010cokol\u00e1da z Pr\u00edrodn\u00e9ho Semi\u0161u - Chiara Design","robots":{"index":"index","follow":"follow","max-snippet":"max-snippet:-1","max-image-preview":"max-image-preview:large","max-video-preview":"max-video-preview:-1"},"canonical":"https:\/\/chiara-design.com\/?post_type=product&p=53847","og_locale":"sk_SK","og_type":"article","og_title":"Kabelka Chiara LUNA \u2013 Hned\u00e1 Hork\u00e1 \u010cokol\u00e1da z Pr\u00edrodn\u00e9ho Semi\u0161u - Chiara Design","og_description":"Kabelka Chiara Luna navrhnut\u00e1 v tvare polmesiaca. Kabelka bola u\u0161it\u00e1 z pr\u00edrodn\u00e9ho semi\u0161u v \u017eiadanej farbe tejto sez\u00f3ny \u2013 horkej \u010dokol\u00e1dy. S\u00fa\u010das\u0165ou s\u00fapravy je nastavite\u013en\u00fd popruh. V\u010faka dodato\u010dn\u00fdm \u00fachytom v\u0161it\u00fdm po bokoch kabelky je mo\u017en\u00e9 popruh \u013eubovo\u013ene prep\u00edna\u0165 a nosi\u0165 kabelku nieko\u013ek\u00fdmi sp\u00f4sobmi: do ruky, pod pazuchou alebo cez rameno. Vn\u00fatro kabelky je priestrann\u00e9 aRead More","og_url":"https:\/\/chiara-design.com\/?post_type=product&p=53847","og_site_name":"Chiara Design","article_publisher":"https:\/\/www.facebook.com\/ChiaraDesignPL","article_modified_time":"2025-09-23T09:49:42+00:00","og_image":[{"width":1200,"height":1500,"url":"https:\/\/chiara-design.com\/wp-content\/uploads\/2025\/05\/Luna-7.webp","type":"image\/webp"}],"twitter_card":"summary_large_image","twitter_misc":{"Predpokladan\u00fd \u010das \u010d\u00edtania":"1 min\u00fata"},"schema":{"@context":"https:\/\/schema.org","@graph":[{"@type":"WebPage","@id":"https:\/\/chiara-design.com\/?post_type=product&p=53847","url":"https:\/\/chiara-design.com\/?post_type=product&p=53847","name":"Kabelka Chiara LUNA \u2013 Hned\u00e1 Hork\u00e1 \u010cokol\u00e1da z Pr\u00edrodn\u00e9ho Semi\u0161u - Chiara Design","isPartOf":{"@id":"https:\/\/chiara-design.com\/#website"},"primaryImageOfPage":{"@id":"https:\/\/chiara-design.com\/?post_type=product&p=53847#primaryimage"},"image":{"@id":"https:\/\/chiara-design.com\/?post_type=product&p=53847#primaryimage"},"thumbnailUrl":"https:\/\/chiara-design.com\/wp-content\/uploads\/2025\/05\/Luna-7.webp","datePublished":"2025-04-11T07:27:50+00:00","dateModified":"2025-09-23T09:49:42+00:00","breadcrumb":{"@id":"https:\/\/chiara-design.com\/?post_type=product&p=53847#breadcrumb"},"inLanguage":"sk-SK","potentialAction":[{"@type":"ReadAction","target":["https:\/\/chiara-design.com\/?post_type=product&p=53847"]}]},{"@type":"ImageObject","inLanguage":"sk-SK","@id":"https:\/\/chiara-design.com\/?post_type=product&p=53847#primaryimage","url":"https:\/\/chiara-design.com\/wp-content\/uploads\/2025\/05\/Luna-7.webp","contentUrl":"https:\/\/chiara-design.com\/wp-content\/uploads\/2025\/05\/Luna-7.webp","width":1200,"height":1500},{"@type":"BreadcrumbList","@id":"https:\/\/chiara-design.com\/?post_type=product&p=53847#breadcrumb","itemListElement":[{"@type":"ListItem","position":1,"name":"Home","item":"https:\/\/chiara-design.com\/sk\/damske-kabelky-chiara-design\/"},{"@type":"ListItem","position":2,"name":"Obchod","item":"https:\/\/chiara-design.com\/sklep\/"},{"@type":"ListItem","position":3,"name":"Kabelka Chiara LUNA \u2013 Hned\u00e1 Hork\u00e1 \u010cokol\u00e1da z Pr\u00edrodn\u00e9ho Semi\u0161u"}]},{"@type":"WebSite","@id":"https:\/\/chiara-design.com\/#website","url":"https:\/\/chiara-design.com\/","name":"Chiara Design","description":"Tw\u00f3j ulubiony sklep online z torebkami.","publisher":{"@id":"https:\/\/chiara-design.com\/#organization"},"potentialAction":[{"@type":"SearchAction","target":{"@type":"EntryPoint","urlTemplate":"https:\/\/chiara-design.com\/?s={search_term_string}"},"query-input":{"@type":"PropertyValueSpecification","valueRequired":true,"valueName":"search_term_string"}}],"inLanguage":"sk-SK"},{"@type":"Organization","@id":"https:\/\/chiara-design.com\/#organization","name":"Chiara Design","url":"https:\/\/chiara-design.com\/","logo":{"@type":"ImageObject","inLanguage":"sk-SK","@id":"https:\/\/chiara-design.com\/#\/schema\/logo\/image\/","url":"https:\/\/chiara-design.com\/wp-content\/uploads\/2024\/09\/CHIARA-DESIGN-LOGO.png","contentUrl":"https:\/\/chiara-design.com\/wp-content\/uploads\/2024\/09\/CHIARA-DESIGN-LOGO.png","width":500,"height":158,"caption":"Chiara Design"},"image":{"@id":"https:\/\/chiara-design.com\/#\/schema\/logo\/image\/"},"sameAs":["https:\/\/www.facebook.com\/ChiaraDesignPL","https:\/\/www.instagram.com\/chiara_design_\/"]}]}},"jetpack_sharing_enabled":true,"_links":{"self":[{"href":"https:\/\/chiara-design.com\/sk\/wp-json\/wp\/v2\/product\/60804","targetHints":{"allow":["GET"]}}],"collection":[{"href":"https:\/\/chiara-design.com\/sk\/wp-json\/wp\/v2\/product"}],"about":[{"href":"https:\/\/chiara-design.com\/sk\/wp-json\/wp\/v2\/types\/product"}],"replies":[{"embeddable":true,"href":"https:\/\/chiara-design.com\/sk\/wp-json\/wp\/v2\/comments?post=60804"}],"wp:featuredmedia":[{"embeddable":true,"href":"https:\/\/chiara-design.com\/sk\/wp-json\/wp\/v2\/media\/59598"}],"wp:attachment":[{"href":"https:\/\/chiara-design.com\/sk\/wp-json\/wp\/v2\/media?parent=60804"}],"wp:term":[{"taxonomy":"product_brand","embeddable":true,"href":"https:\/\/chiara-design.com\/sk\/wp-json\/wp\/v2\/product_brand?post=60804"},{"taxonomy":"product_cat","embeddable":true,"href":"https:\/\/chiara-design.com\/sk\/wp-json\/wp\/v2\/product_cat?post=60804"},{"taxonomy":"product_tag","embeddable":true,"href":"https:\/\/chiara-design.com\/sk\/wp-json\/wp\/v2\/product_tag?post=60804"}],"curies":[{"name":"wp","href":"https:\/\/api.w.org\/{rel}","templated":true}]}}