{"id":60803,"date":"2025-04-11T10:05:25","date_gmt":"2025-04-11T08:05:25","guid":{"rendered":"https:\/\/chiara-design.com\/product\/kabelka-chiara-wiki-hneda-horka-cokolada-crossbody-kabelka-z-prirodneho-semisu\/"},"modified":"2025-09-23T11:49:42","modified_gmt":"2025-09-23T09:49:42","slug":"kabelka-chiara-wiki-hneda-horka-cokolada-crossbody-kabelka-z-prirodneho-semisu","status":"publish","type":"product","link":"https:\/\/chiara-design.com\/sk\/produkt\/kabelka-chiara-wiki-hneda-horka-cokolada-crossbody-kabelka-z-prirodneho-semisu\/","title":{"rendered":"Kabelka Chiara WIKI \u2013 Hned\u00e1 Hork\u00e1 \u010cokol\u00e1da Crossbody kabelka z Pr\u00edrodn\u00e9ho Semi\u0161u"},"content":{"rendered":"<p>Kabelka Chiara Wiki z Pr\u00edrodn\u00e9ho Semi\u0161u je mal\u00e1, elegantn\u00e1 kabelka, ide\u00e1lna na nosenie na ramene alebo v ruke. M\u00e1 nastavite\u013en\u00fa r\u00fa\u010dku, dve vreck\u00e1 uzatv\u00e1rate\u013en\u00e9 na magnet na prednej strane a vrecko na zadnej strane zabezpe\u010den\u00e9 zipsom. Vn\u00fatro kabelky ukon\u010den\u00e9 kr\u00e1snou pod\u0161\u00edvkou obsahuje \u010fal\u0161ie vreck\u00e1 a o\u010daruj\u00facu ozdobu v podobe zrkadielka v tvare srdca zavesen\u00e9ho na retiazke.<\/p>\n<p>Kabelka Wiki bola vyroben\u00e1 z pr\u00edrodn\u00e9ho semi\u0161u najvy\u0161\u0161ej kvality v odtieni hnedej horkej \u010dokol\u00e1dy, ve\u013emi m\u00f3dnom v tejto sez\u00f3ne. Zlat\u00e9 kovanie dod\u00e1va eleganciu a \u0161ik.<\/p>\n<p>Je to absol\u00fatny must-have, ide\u00e1lny doplnok ka\u017ed\u00e9ho le\u017e\u00e9rneho outfitu, dokonale sa osved\u010d\u00ed po\u010das rande alebo stretnutia s priate\u013ekami. Zmest\u00ed sa do nej ve\u013ek\u00e1 pe\u0148a\u017eenka, telef\u00f3n, nevyhnutn\u00e9 drobnosti a dokonca aj mal\u00e1 f\u013ea\u0161a s vodou.<\/p>\n<p>Objavte nov\u00fd rozmer \u0161t\u00fdlu s na\u0161ou kabelkou Wiki!<\/p>\n<p>&lt;strong&gt;Model: E6027 WIKI&lt;\/strong&gt;<\/p>\n","protected":false},"excerpt":{"rendered":"<p>Kabelka WIKI je dostupn\u00e1 &#8222;ihne\u010f\u201d.<\/p>\n","protected":false},"featured_media":61768,"comment_status":"open","ping_status":"closed","template":"","meta":[],"product_brand":[],"product_cat":[661],"product_tag":[],"class_list":{"0":"post-60803","1":"product","2":"type-product","3":"status-publish","4":"has-post-thumbnail","6":"product_cat-klasicke","8":"first","9":"outofstock","10":"sale","11":"featured","12":"shipping-taxable","13":"purchasable","14":"product-type-simple"},"yoast_head":"<!-- This site is optimized with the Yoast SEO plugin v27.4 - https:\/\/yoast.com\/product\/yoast-seo-wordpress\/ -->\n<title>Kabelka Chiara WIKI \u2013 Hned\u00e1 Hork\u00e1 \u010cokol\u00e1da Crossbody kabelka z Pr\u00edrodn\u00e9ho Semi\u0161u - Chiara Design<\/title>\n<meta name=\"robots\" content=\"index, follow, max-snippet:-1, max-image-preview:large, max-video-preview:-1\" \/>\n<link rel=\"canonical\" href=\"https:\/\/chiara-design.com\/produkt\/torebka-chiara-wiki-brazowa-gorzka-czekolada-listonoszka-z-zamszu-naturalnego\/\" \/>\n<meta property=\"og:locale\" content=\"sk_SK\" \/>\n<meta property=\"og:type\" content=\"article\" \/>\n<meta property=\"og:title\" content=\"Kabelka Chiara WIKI \u2013 Hned\u00e1 Hork\u00e1 \u010cokol\u00e1da Crossbody kabelka z Pr\u00edrodn\u00e9ho Semi\u0161u - Chiara Design\" \/>\n<meta property=\"og:description\" content=\"Kabelka WIKI je dostupn\u00e1 &quot;ihne\u010f&quot;.\" \/>\n<meta property=\"og:url\" content=\"https:\/\/chiara-design.com\/produkt\/torebka-chiara-wiki-brazowa-gorzka-czekolada-listonoszka-z-zamszu-naturalnego\/\" \/>\n<meta property=\"og:site_name\" content=\"Chiara Design\" \/>\n<meta property=\"article:publisher\" content=\"https:\/\/www.facebook.com\/ChiaraDesignPL\" \/>\n<meta property=\"article:modified_time\" content=\"2025-09-23T09:49:42+00:00\" \/>\n<meta property=\"og:image\" content=\"https:\/\/chiara-design.com\/wp-content\/uploads\/2025\/04\/wiki_3.webp\" \/>\n\t<meta property=\"og:image:width\" content=\"1200\" \/>\n\t<meta property=\"og:image:height\" content=\"1500\" \/>\n\t<meta property=\"og:image:type\" content=\"image\/webp\" \/>\n<meta name=\"twitter:card\" content=\"summary_large_image\" \/>\n<meta name=\"twitter:label1\" content=\"Predpokladan\u00fd \u010das \u010d\u00edtania\" \/>\n\t<meta name=\"twitter:data1\" content=\"1 min\u00fata\" \/>\n<script type=\"application\/ld+json\" class=\"yoast-schema-graph\">{\"@context\":\"https:\\\/\\\/schema.org\",\"@graph\":[{\"@type\":\"WebPage\",\"@id\":\"https:\\\/\\\/chiara-design.com\\\/produkt\\\/torebka-chiara-wiki-brazowa-gorzka-czekolada-listonoszka-z-zamszu-naturalnego\\\/\",\"url\":\"https:\\\/\\\/chiara-design.com\\\/produkt\\\/torebka-chiara-wiki-brazowa-gorzka-czekolada-listonoszka-z-zamszu-naturalnego\\\/\",\"name\":\"Kabelka Chiara WIKI \u2013 Hned\u00e1 Hork\u00e1 \u010cokol\u00e1da Crossbody kabelka z Pr\u00edrodn\u00e9ho Semi\u0161u - Chiara Design\",\"isPartOf\":{\"@id\":\"https:\\\/\\\/chiara-design.com\\\/#website\"},\"primaryImageOfPage\":{\"@id\":\"https:\\\/\\\/chiara-design.com\\\/produkt\\\/torebka-chiara-wiki-brazowa-gorzka-czekolada-listonoszka-z-zamszu-naturalnego\\\/#primaryimage\"},\"image\":{\"@id\":\"https:\\\/\\\/chiara-design.com\\\/produkt\\\/torebka-chiara-wiki-brazowa-gorzka-czekolada-listonoszka-z-zamszu-naturalnego\\\/#primaryimage\"},\"thumbnailUrl\":\"https:\\\/\\\/chiara-design.com\\\/wp-content\\\/uploads\\\/2025\\\/10\\\/wiki-czekolada-zamsz-e6027-zdjecia-do-podmiany_2.webp\",\"datePublished\":\"2025-04-11T08:05:25+00:00\",\"dateModified\":\"2025-09-23T09:49:42+00:00\",\"breadcrumb\":{\"@id\":\"https:\\\/\\\/chiara-design.com\\\/produkt\\\/torebka-chiara-wiki-brazowa-gorzka-czekolada-listonoszka-z-zamszu-naturalnego\\\/#breadcrumb\"},\"inLanguage\":\"sk-SK\",\"potentialAction\":[{\"@type\":\"ReadAction\",\"target\":[\"https:\\\/\\\/chiara-design.com\\\/produkt\\\/torebka-chiara-wiki-brazowa-gorzka-czekolada-listonoszka-z-zamszu-naturalnego\\\/\"]}]},{\"@type\":\"ImageObject\",\"inLanguage\":\"sk-SK\",\"@id\":\"https:\\\/\\\/chiara-design.com\\\/produkt\\\/torebka-chiara-wiki-brazowa-gorzka-czekolada-listonoszka-z-zamszu-naturalnego\\\/#primaryimage\",\"url\":\"https:\\\/\\\/chiara-design.com\\\/wp-content\\\/uploads\\\/2025\\\/10\\\/wiki-czekolada-zamsz-e6027-zdjecia-do-podmiany_2.webp\",\"contentUrl\":\"https:\\\/\\\/chiara-design.com\\\/wp-content\\\/uploads\\\/2025\\\/10\\\/wiki-czekolada-zamsz-e6027-zdjecia-do-podmiany_2.webp\",\"width\":1200,\"height\":1500},{\"@type\":\"BreadcrumbList\",\"@id\":\"https:\\\/\\\/chiara-design.com\\\/produkt\\\/torebka-chiara-wiki-brazowa-gorzka-czekolada-listonoszka-z-zamszu-naturalnego\\\/#breadcrumb\",\"itemListElement\":[{\"@type\":\"ListItem\",\"position\":1,\"name\":\"Home\",\"item\":\"https:\\\/\\\/chiara-design.com\\\/sk\\\/damske-kabelky-chiara-design\\\/\"},{\"@type\":\"ListItem\",\"position\":2,\"name\":\"Obchod\",\"item\":\"https:\\\/\\\/chiara-design.com\\\/sklep\\\/\"},{\"@type\":\"ListItem\",\"position\":3,\"name\":\"Kabelka Chiara WIKI \u2013 Hned\u00e1 Hork\u00e1 \u010cokol\u00e1da Crossbody kabelka z Pr\u00edrodn\u00e9ho Semi\u0161u\"}]},{\"@type\":\"WebSite\",\"@id\":\"https:\\\/\\\/chiara-design.com\\\/#website\",\"url\":\"https:\\\/\\\/chiara-design.com\\\/\",\"name\":\"Chiara Design\",\"description\":\"Tw\u00f3j ulubiony sklep online z torebkami.\",\"publisher\":{\"@id\":\"https:\\\/\\\/chiara-design.com\\\/#organization\"},\"potentialAction\":[{\"@type\":\"SearchAction\",\"target\":{\"@type\":\"EntryPoint\",\"urlTemplate\":\"https:\\\/\\\/chiara-design.com\\\/?s={search_term_string}\"},\"query-input\":{\"@type\":\"PropertyValueSpecification\",\"valueRequired\":true,\"valueName\":\"search_term_string\"}}],\"inLanguage\":\"sk-SK\"},{\"@type\":\"Organization\",\"@id\":\"https:\\\/\\\/chiara-design.com\\\/#organization\",\"name\":\"Chiara Design\",\"url\":\"https:\\\/\\\/chiara-design.com\\\/\",\"logo\":{\"@type\":\"ImageObject\",\"inLanguage\":\"sk-SK\",\"@id\":\"https:\\\/\\\/chiara-design.com\\\/#\\\/schema\\\/logo\\\/image\\\/\",\"url\":\"https:\\\/\\\/chiara-design.com\\\/wp-content\\\/uploads\\\/2024\\\/09\\\/CHIARA-DESIGN-LOGO.png\",\"contentUrl\":\"https:\\\/\\\/chiara-design.com\\\/wp-content\\\/uploads\\\/2024\\\/09\\\/CHIARA-DESIGN-LOGO.png\",\"width\":500,\"height\":158,\"caption\":\"Chiara Design\"},\"image\":{\"@id\":\"https:\\\/\\\/chiara-design.com\\\/#\\\/schema\\\/logo\\\/image\\\/\"},\"sameAs\":[\"https:\\\/\\\/www.facebook.com\\\/ChiaraDesignPL\",\"https:\\\/\\\/www.instagram.com\\\/chiara_design_\\\/\"]}]}<\/script>\n<!-- \/ Yoast SEO plugin. -->","yoast_head_json":{"title":"Kabelka Chiara WIKI \u2013 Hned\u00e1 Hork\u00e1 \u010cokol\u00e1da Crossbody kabelka z Pr\u00edrodn\u00e9ho Semi\u0161u - Chiara Design","robots":{"index":"index","follow":"follow","max-snippet":"max-snippet:-1","max-image-preview":"max-image-preview:large","max-video-preview":"max-video-preview:-1"},"canonical":"https:\/\/chiara-design.com\/produkt\/torebka-chiara-wiki-brazowa-gorzka-czekolada-listonoszka-z-zamszu-naturalnego\/","og_locale":"sk_SK","og_type":"article","og_title":"Kabelka Chiara WIKI \u2013 Hned\u00e1 Hork\u00e1 \u010cokol\u00e1da Crossbody kabelka z Pr\u00edrodn\u00e9ho Semi\u0161u - Chiara Design","og_description":"Kabelka WIKI je dostupn\u00e1 \"ihne\u010f\".","og_url":"https:\/\/chiara-design.com\/produkt\/torebka-chiara-wiki-brazowa-gorzka-czekolada-listonoszka-z-zamszu-naturalnego\/","og_site_name":"Chiara Design","article_publisher":"https:\/\/www.facebook.com\/ChiaraDesignPL","article_modified_time":"2025-09-23T09:49:42+00:00","og_image":[{"width":1200,"height":1500,"url":"https:\/\/chiara-design.com\/wp-content\/uploads\/2025\/04\/wiki_3.webp","type":"image\/webp"}],"twitter_card":"summary_large_image","twitter_misc":{"Predpokladan\u00fd \u010das \u010d\u00edtania":"1 min\u00fata"},"schema":{"@context":"https:\/\/schema.org","@graph":[{"@type":"WebPage","@id":"https:\/\/chiara-design.com\/produkt\/torebka-chiara-wiki-brazowa-gorzka-czekolada-listonoszka-z-zamszu-naturalnego\/","url":"https:\/\/chiara-design.com\/produkt\/torebka-chiara-wiki-brazowa-gorzka-czekolada-listonoszka-z-zamszu-naturalnego\/","name":"Kabelka Chiara WIKI \u2013 Hned\u00e1 Hork\u00e1 \u010cokol\u00e1da Crossbody kabelka z Pr\u00edrodn\u00e9ho Semi\u0161u - Chiara Design","isPartOf":{"@id":"https:\/\/chiara-design.com\/#website"},"primaryImageOfPage":{"@id":"https:\/\/chiara-design.com\/produkt\/torebka-chiara-wiki-brazowa-gorzka-czekolada-listonoszka-z-zamszu-naturalnego\/#primaryimage"},"image":{"@id":"https:\/\/chiara-design.com\/produkt\/torebka-chiara-wiki-brazowa-gorzka-czekolada-listonoszka-z-zamszu-naturalnego\/#primaryimage"},"thumbnailUrl":"https:\/\/chiara-design.com\/wp-content\/uploads\/2025\/10\/wiki-czekolada-zamsz-e6027-zdjecia-do-podmiany_2.webp","datePublished":"2025-04-11T08:05:25+00:00","dateModified":"2025-09-23T09:49:42+00:00","breadcrumb":{"@id":"https:\/\/chiara-design.com\/produkt\/torebka-chiara-wiki-brazowa-gorzka-czekolada-listonoszka-z-zamszu-naturalnego\/#breadcrumb"},"inLanguage":"sk-SK","potentialAction":[{"@type":"ReadAction","target":["https:\/\/chiara-design.com\/produkt\/torebka-chiara-wiki-brazowa-gorzka-czekolada-listonoszka-z-zamszu-naturalnego\/"]}]},{"@type":"ImageObject","inLanguage":"sk-SK","@id":"https:\/\/chiara-design.com\/produkt\/torebka-chiara-wiki-brazowa-gorzka-czekolada-listonoszka-z-zamszu-naturalnego\/#primaryimage","url":"https:\/\/chiara-design.com\/wp-content\/uploads\/2025\/10\/wiki-czekolada-zamsz-e6027-zdjecia-do-podmiany_2.webp","contentUrl":"https:\/\/chiara-design.com\/wp-content\/uploads\/2025\/10\/wiki-czekolada-zamsz-e6027-zdjecia-do-podmiany_2.webp","width":1200,"height":1500},{"@type":"BreadcrumbList","@id":"https:\/\/chiara-design.com\/produkt\/torebka-chiara-wiki-brazowa-gorzka-czekolada-listonoszka-z-zamszu-naturalnego\/#breadcrumb","itemListElement":[{"@type":"ListItem","position":1,"name":"Home","item":"https:\/\/chiara-design.com\/sk\/damske-kabelky-chiara-design\/"},{"@type":"ListItem","position":2,"name":"Obchod","item":"https:\/\/chiara-design.com\/sklep\/"},{"@type":"ListItem","position":3,"name":"Kabelka Chiara WIKI \u2013 Hned\u00e1 Hork\u00e1 \u010cokol\u00e1da Crossbody kabelka z Pr\u00edrodn\u00e9ho Semi\u0161u"}]},{"@type":"WebSite","@id":"https:\/\/chiara-design.com\/#website","url":"https:\/\/chiara-design.com\/","name":"Chiara Design","description":"Tw\u00f3j ulubiony sklep online z torebkami.","publisher":{"@id":"https:\/\/chiara-design.com\/#organization"},"potentialAction":[{"@type":"SearchAction","target":{"@type":"EntryPoint","urlTemplate":"https:\/\/chiara-design.com\/?s={search_term_string}"},"query-input":{"@type":"PropertyValueSpecification","valueRequired":true,"valueName":"search_term_string"}}],"inLanguage":"sk-SK"},{"@type":"Organization","@id":"https:\/\/chiara-design.com\/#organization","name":"Chiara Design","url":"https:\/\/chiara-design.com\/","logo":{"@type":"ImageObject","inLanguage":"sk-SK","@id":"https:\/\/chiara-design.com\/#\/schema\/logo\/image\/","url":"https:\/\/chiara-design.com\/wp-content\/uploads\/2024\/09\/CHIARA-DESIGN-LOGO.png","contentUrl":"https:\/\/chiara-design.com\/wp-content\/uploads\/2024\/09\/CHIARA-DESIGN-LOGO.png","width":500,"height":158,"caption":"Chiara Design"},"image":{"@id":"https:\/\/chiara-design.com\/#\/schema\/logo\/image\/"},"sameAs":["https:\/\/www.facebook.com\/ChiaraDesignPL","https:\/\/www.instagram.com\/chiara_design_\/"]}]}},"jetpack_sharing_enabled":true,"_links":{"self":[{"href":"https:\/\/chiara-design.com\/sk\/wp-json\/wp\/v2\/product\/60803","targetHints":{"allow":["GET"]}}],"collection":[{"href":"https:\/\/chiara-design.com\/sk\/wp-json\/wp\/v2\/product"}],"about":[{"href":"https:\/\/chiara-design.com\/sk\/wp-json\/wp\/v2\/types\/product"}],"replies":[{"embeddable":true,"href":"https:\/\/chiara-design.com\/sk\/wp-json\/wp\/v2\/comments?post=60803"}],"wp:featuredmedia":[{"embeddable":true,"href":"https:\/\/chiara-design.com\/sk\/wp-json\/wp\/v2\/media\/61768"}],"wp:attachment":[{"href":"https:\/\/chiara-design.com\/sk\/wp-json\/wp\/v2\/media?parent=60803"}],"wp:term":[{"taxonomy":"product_brand","embeddable":true,"href":"https:\/\/chiara-design.com\/sk\/wp-json\/wp\/v2\/product_brand?post=60803"},{"taxonomy":"product_cat","embeddable":true,"href":"https:\/\/chiara-design.com\/sk\/wp-json\/wp\/v2\/product_cat?post=60803"},{"taxonomy":"product_tag","embeddable":true,"href":"https:\/\/chiara-design.com\/sk\/wp-json\/wp\/v2\/product_tag?post=60803"}],"curies":[{"name":"wp","href":"https:\/\/api.w.org\/{rel}","templated":true}]}}