{"id":60802,"date":"2025-04-11T10:22:31","date_gmt":"2025-04-11T08:22:31","guid":{"rendered":"https:\/\/chiara-design.com\/product\/kabelka-chiara-suzi-hneda-horka-cokolada-z-prirodneho-semisu\/"},"modified":"2026-03-11T06:05:06","modified_gmt":"2026-03-11T05:05:06","slug":"kabelka-chiara-suzi-hneda-horka-cokolada-z-prirodneho-semisu","status":"publish","type":"product","link":"https:\/\/chiara-design.com\/sk\/produkt\/kabelka-chiara-suzi-hneda-horka-cokolada-z-prirodneho-semisu\/","title":{"rendered":"Kabelka Chiara SUZI \u2013 Hned\u00e1 Hork\u00e1 \u010cokol\u00e1da z Pr\u00edrodn\u00e9ho Semi\u0161u"},"content":{"rendered":"<p>&lt;div id=\u201dproduct-description-short-77&#8243;&gt;<\/p>\n<p>Kabelka Chiara Suzi je jemne vystu\u017een\u00e1 kabelka vo verzii mini, u\u0161it\u00e1 z pr\u00edrodn\u00e9ho semi\u0161u vo farbe hnedej \u2013 horkej \u010dokol\u00e1dy. Klop\u0148a kabelky je jemne zaoblen\u00e1, \u010do jej dod\u00e1va jemnos\u0165. Logo firmy je vygrav\u00edrovan\u00e9 na zlatej obd\u013a\u017enikovej do\u0161ti\u010dke. S\u00fa\u010das\u0165ou s\u00fapravy je nastavite\u013en\u00fd popruh. Vn\u00fatro bolo s mimoriadnou starostlivos\u0165ou ukon\u010den\u00e9 kr\u00e1snou pod\u0161\u00edvkou. Vo vn\u00fatri n\u00e1jdete vrecko na drobnosti zabezpe\u010den\u00e9 zipsom a firemn\u00fd dar\u010dek Chiara \u2013 zrkadielko v tvare srdca zavesen\u00e9 na retiazke. \u010eal\u0161ie vrecko na zips sa nach\u00e1dza na zadnej strane kabelky.<\/p>\n<p>&lt;\/div&gt;<br \/>\n&lt;div class=\u201dproduct-description\u201d&gt;<\/p>\n<p>Suzi je mal\u00e1 kabelka, ktor\u00e1 sa ide\u00e1lne hod\u00ed na ka\u017ed\u00fd de\u0148, ale aj na \u0161peci\u00e1lne pr\u00edle\u017eitosti. Model je zachovan\u00fd v minimalistickom \u0161t\u00fdle, tak\u017ee v\u00e1m \u00faspe\u0161ne posl\u00fa\u017ei ako doplnok k mnoh\u00fdm r\u00f4znym outfitom v\u010faka svojej univerz\u00e1lnosti. Do kabelky sa zmest\u00ed pe\u0148a\u017eenka, telef\u00f3n, puzdro na k\u013e\u00fa\u010de alebo okuliare. Je mimoriadne praktick\u00e1 a pohodln\u00e1 na nosenie. M\u00e1 klop\u0148u uzatv\u00e1rate\u013en\u00fa na praktick\u00fd magnetick\u00fd z\u00e1mok.<\/p>\n<p>&lt;strong&gt;Model: M870-bis SUZI&lt;\/strong&gt;<\/p>\n<p>&lt;\/div&gt;<\/p>\n","protected":false},"excerpt":{"rendered":"<p>&lt;div id=\u201dproduct-description-short-77&#8243;&gt; Kabelka Chiara Suzi je jemne vystu\u017een\u00e1 kabelka vo verzii mini, u\u0161it\u00e1 z pr\u00edrodn\u00e9ho semi\u0161u vo farbe hnedej \u2013 horkej \u010dokol\u00e1dy. Klop\u0148a kabelky je jemne zaoblen\u00e1, \u010do jej dod\u00e1va jemnos\u0165. Logo firmy je vygrav\u00edrovan\u00e9 na zlatej obd\u013a\u017enikovej do\u0161ti\u010dke. S\u00fa\u010das\u0165ou s\u00fapravy je nastavite\u013en\u00fd popruh. Vn\u00fatro bolo s mimoriadnou starostlivos\u0165ou ukon\u010den\u00e9 kr\u00e1snou pod\u0161\u00edvkou. Vo vn\u00fatri n\u00e1jdete<\/p>\n<div class=\"klb-readmore button\"><a class=\"btn link\" href=\"https:\/\/chiara-design.com\/sk\/produkt\/kabelka-chiara-suzi-hneda-horka-cokolada-z-prirodneho-semisu\/\">Read More <i class=\"klbth-icon-right-arrow\"><\/i><\/a><\/div>\n","protected":false},"featured_media":59510,"comment_status":"open","ping_status":"closed","template":"","meta":[],"product_brand":[],"product_cat":[661,723],"product_tag":[],"class_list":{"0":"post-60802","1":"product","2":"type-product","3":"status-publish","4":"has-post-thumbnail","6":"product_cat-klasicke","7":"product_cat-vecerne","9":"first","10":"instock","11":"sale","12":"featured","13":"shipping-taxable","14":"purchasable","15":"product-type-simple"},"yoast_head":"<!-- This site is optimized with the Yoast SEO plugin v27.4 - https:\/\/yoast.com\/product\/yoast-seo-wordpress\/ -->\n<title>Kabelka Chiara SUZI \u2013 Hned\u00e1 Hork\u00e1 \u010cokol\u00e1da z Pr\u00edrodn\u00e9ho Semi\u0161u - Chiara Design<\/title>\n<meta name=\"robots\" content=\"index, follow, max-snippet:-1, max-image-preview:large, max-video-preview:-1\" \/>\n<link rel=\"canonical\" href=\"https:\/\/chiara-design.com\/sk\/produkt\/kabelka-chiara-suzi-hneda-horka-cokolada-z-prirodneho-semisu\/\" \/>\n<meta property=\"og:locale\" content=\"sk_SK\" \/>\n<meta property=\"og:type\" content=\"article\" \/>\n<meta property=\"og:title\" content=\"Kabelka Chiara SUZI \u2013 Hned\u00e1 Hork\u00e1 \u010cokol\u00e1da z Pr\u00edrodn\u00e9ho Semi\u0161u - Chiara Design\" \/>\n<meta property=\"og:description\" content=\"&lt;div id=\u201dproduct-description-short-77&#8243;&gt; Kabelka Chiara Suzi je jemne vystu\u017een\u00e1 kabelka vo verzii mini, u\u0161it\u00e1 z pr\u00edrodn\u00e9ho semi\u0161u vo farbe hnedej \u2013 horkej \u010dokol\u00e1dy. Klop\u0148a kabelky je jemne zaoblen\u00e1, \u010do jej dod\u00e1va jemnos\u0165. Logo firmy je vygrav\u00edrovan\u00e9 na zlatej obd\u013a\u017enikovej do\u0161ti\u010dke. S\u00fa\u010das\u0165ou s\u00fapravy je nastavite\u013en\u00fd popruh. Vn\u00fatro bolo s mimoriadnou starostlivos\u0165ou ukon\u010den\u00e9 kr\u00e1snou pod\u0161\u00edvkou. Vo vn\u00fatri n\u00e1jdeteRead More\" \/>\n<meta property=\"og:url\" content=\"https:\/\/chiara-design.com\/sk\/produkt\/kabelka-chiara-suzi-hneda-horka-cokolada-z-prirodneho-semisu\/\" \/>\n<meta property=\"og:site_name\" content=\"Chiara Design\" \/>\n<meta property=\"article:publisher\" content=\"https:\/\/www.facebook.com\/ChiaraDesignPL\" \/>\n<meta property=\"article:modified_time\" content=\"2026-03-11T05:05:06+00:00\" \/>\n<meta property=\"og:image\" content=\"https:\/\/chiara-design.com\/wp-content\/uploads\/2025\/04\/Suzi-5.webp\" \/>\n\t<meta property=\"og:image:width\" content=\"1200\" \/>\n\t<meta property=\"og:image:height\" content=\"1500\" \/>\n\t<meta property=\"og:image:type\" content=\"image\/webp\" \/>\n<meta name=\"twitter:card\" content=\"summary_large_image\" \/>\n<meta name=\"twitter:label1\" content=\"Predpokladan\u00fd \u010das \u010d\u00edtania\" \/>\n\t<meta name=\"twitter:data1\" content=\"1 min\u00fata\" \/>\n<script type=\"application\/ld+json\" class=\"yoast-schema-graph\">{\"@context\":\"https:\\\/\\\/schema.org\",\"@graph\":[{\"@type\":\"WebPage\",\"@id\":\"https:\\\/\\\/chiara-design.com\\\/sk\\\/produkt\\\/kabelka-chiara-suzi-hneda-horka-cokolada-z-prirodneho-semisu\\\/\",\"url\":\"https:\\\/\\\/chiara-design.com\\\/sk\\\/produkt\\\/kabelka-chiara-suzi-hneda-horka-cokolada-z-prirodneho-semisu\\\/\",\"name\":\"Kabelka Chiara SUZI \u2013 Hned\u00e1 Hork\u00e1 \u010cokol\u00e1da z Pr\u00edrodn\u00e9ho Semi\u0161u - Chiara Design\",\"isPartOf\":{\"@id\":\"https:\\\/\\\/chiara-design.com\\\/#website\"},\"primaryImageOfPage\":{\"@id\":\"https:\\\/\\\/chiara-design.com\\\/sk\\\/produkt\\\/kabelka-chiara-suzi-hneda-horka-cokolada-z-prirodneho-semisu\\\/#primaryimage\"},\"image\":{\"@id\":\"https:\\\/\\\/chiara-design.com\\\/sk\\\/produkt\\\/kabelka-chiara-suzi-hneda-horka-cokolada-z-prirodneho-semisu\\\/#primaryimage\"},\"thumbnailUrl\":\"https:\\\/\\\/chiara-design.com\\\/wp-content\\\/uploads\\\/2025\\\/04\\\/M870-BIS-SUZI_2.webp\",\"datePublished\":\"2025-04-11T08:22:31+00:00\",\"dateModified\":\"2026-03-11T05:05:06+00:00\",\"breadcrumb\":{\"@id\":\"https:\\\/\\\/chiara-design.com\\\/sk\\\/produkt\\\/kabelka-chiara-suzi-hneda-horka-cokolada-z-prirodneho-semisu\\\/#breadcrumb\"},\"inLanguage\":\"sk-SK\",\"potentialAction\":[{\"@type\":\"ReadAction\",\"target\":[\"https:\\\/\\\/chiara-design.com\\\/sk\\\/produkt\\\/kabelka-chiara-suzi-hneda-horka-cokolada-z-prirodneho-semisu\\\/\"]}]},{\"@type\":\"ImageObject\",\"inLanguage\":\"sk-SK\",\"@id\":\"https:\\\/\\\/chiara-design.com\\\/sk\\\/produkt\\\/kabelka-chiara-suzi-hneda-horka-cokolada-z-prirodneho-semisu\\\/#primaryimage\",\"url\":\"https:\\\/\\\/chiara-design.com\\\/wp-content\\\/uploads\\\/2025\\\/04\\\/M870-BIS-SUZI_2.webp\",\"contentUrl\":\"https:\\\/\\\/chiara-design.com\\\/wp-content\\\/uploads\\\/2025\\\/04\\\/M870-BIS-SUZI_2.webp\",\"width\":1200,\"height\":1500},{\"@type\":\"BreadcrumbList\",\"@id\":\"https:\\\/\\\/chiara-design.com\\\/sk\\\/produkt\\\/kabelka-chiara-suzi-hneda-horka-cokolada-z-prirodneho-semisu\\\/#breadcrumb\",\"itemListElement\":[{\"@type\":\"ListItem\",\"position\":1,\"name\":\"Home\",\"item\":\"https:\\\/\\\/chiara-design.com\\\/sk\\\/damske-kabelky-chiara-design\\\/\"},{\"@type\":\"ListItem\",\"position\":2,\"name\":\"Obchod\",\"item\":\"https:\\\/\\\/chiara-design.com\\\/sklep\\\/\"},{\"@type\":\"ListItem\",\"position\":3,\"name\":\"Kabelka Chiara SUZI \u2013 Hned\u00e1 Hork\u00e1 \u010cokol\u00e1da z Pr\u00edrodn\u00e9ho Semi\u0161u\"}]},{\"@type\":\"WebSite\",\"@id\":\"https:\\\/\\\/chiara-design.com\\\/#website\",\"url\":\"https:\\\/\\\/chiara-design.com\\\/\",\"name\":\"Chiara Design\",\"description\":\"Tw\u00f3j ulubiony sklep online z torebkami.\",\"publisher\":{\"@id\":\"https:\\\/\\\/chiara-design.com\\\/#organization\"},\"potentialAction\":[{\"@type\":\"SearchAction\",\"target\":{\"@type\":\"EntryPoint\",\"urlTemplate\":\"https:\\\/\\\/chiara-design.com\\\/?s={search_term_string}\"},\"query-input\":{\"@type\":\"PropertyValueSpecification\",\"valueRequired\":true,\"valueName\":\"search_term_string\"}}],\"inLanguage\":\"sk-SK\"},{\"@type\":\"Organization\",\"@id\":\"https:\\\/\\\/chiara-design.com\\\/#organization\",\"name\":\"Chiara Design\",\"url\":\"https:\\\/\\\/chiara-design.com\\\/\",\"logo\":{\"@type\":\"ImageObject\",\"inLanguage\":\"sk-SK\",\"@id\":\"https:\\\/\\\/chiara-design.com\\\/#\\\/schema\\\/logo\\\/image\\\/\",\"url\":\"https:\\\/\\\/chiara-design.com\\\/wp-content\\\/uploads\\\/2024\\\/09\\\/CHIARA-DESIGN-LOGO.png\",\"contentUrl\":\"https:\\\/\\\/chiara-design.com\\\/wp-content\\\/uploads\\\/2024\\\/09\\\/CHIARA-DESIGN-LOGO.png\",\"width\":500,\"height\":158,\"caption\":\"Chiara Design\"},\"image\":{\"@id\":\"https:\\\/\\\/chiara-design.com\\\/#\\\/schema\\\/logo\\\/image\\\/\"},\"sameAs\":[\"https:\\\/\\\/www.facebook.com\\\/ChiaraDesignPL\",\"https:\\\/\\\/www.instagram.com\\\/chiara_design_\\\/\"]}]}<\/script>\n<!-- \/ Yoast SEO plugin. -->","yoast_head_json":{"title":"Kabelka Chiara SUZI \u2013 Hned\u00e1 Hork\u00e1 \u010cokol\u00e1da z Pr\u00edrodn\u00e9ho Semi\u0161u - Chiara Design","robots":{"index":"index","follow":"follow","max-snippet":"max-snippet:-1","max-image-preview":"max-image-preview:large","max-video-preview":"max-video-preview:-1"},"canonical":"https:\/\/chiara-design.com\/sk\/produkt\/kabelka-chiara-suzi-hneda-horka-cokolada-z-prirodneho-semisu\/","og_locale":"sk_SK","og_type":"article","og_title":"Kabelka Chiara SUZI \u2013 Hned\u00e1 Hork\u00e1 \u010cokol\u00e1da z Pr\u00edrodn\u00e9ho Semi\u0161u - Chiara Design","og_description":"&lt;div id=\u201dproduct-description-short-77&#8243;&gt; Kabelka Chiara Suzi je jemne vystu\u017een\u00e1 kabelka vo verzii mini, u\u0161it\u00e1 z pr\u00edrodn\u00e9ho semi\u0161u vo farbe hnedej \u2013 horkej \u010dokol\u00e1dy. Klop\u0148a kabelky je jemne zaoblen\u00e1, \u010do jej dod\u00e1va jemnos\u0165. Logo firmy je vygrav\u00edrovan\u00e9 na zlatej obd\u013a\u017enikovej do\u0161ti\u010dke. S\u00fa\u010das\u0165ou s\u00fapravy je nastavite\u013en\u00fd popruh. Vn\u00fatro bolo s mimoriadnou starostlivos\u0165ou ukon\u010den\u00e9 kr\u00e1snou pod\u0161\u00edvkou. Vo vn\u00fatri n\u00e1jdeteRead More","og_url":"https:\/\/chiara-design.com\/sk\/produkt\/kabelka-chiara-suzi-hneda-horka-cokolada-z-prirodneho-semisu\/","og_site_name":"Chiara Design","article_publisher":"https:\/\/www.facebook.com\/ChiaraDesignPL","article_modified_time":"2026-03-11T05:05:06+00:00","og_image":[{"width":1200,"height":1500,"url":"https:\/\/chiara-design.com\/wp-content\/uploads\/2025\/04\/Suzi-5.webp","type":"image\/webp"}],"twitter_card":"summary_large_image","twitter_misc":{"Predpokladan\u00fd \u010das \u010d\u00edtania":"1 min\u00fata"},"schema":{"@context":"https:\/\/schema.org","@graph":[{"@type":"WebPage","@id":"https:\/\/chiara-design.com\/sk\/produkt\/kabelka-chiara-suzi-hneda-horka-cokolada-z-prirodneho-semisu\/","url":"https:\/\/chiara-design.com\/sk\/produkt\/kabelka-chiara-suzi-hneda-horka-cokolada-z-prirodneho-semisu\/","name":"Kabelka Chiara SUZI \u2013 Hned\u00e1 Hork\u00e1 \u010cokol\u00e1da z Pr\u00edrodn\u00e9ho Semi\u0161u - Chiara Design","isPartOf":{"@id":"https:\/\/chiara-design.com\/#website"},"primaryImageOfPage":{"@id":"https:\/\/chiara-design.com\/sk\/produkt\/kabelka-chiara-suzi-hneda-horka-cokolada-z-prirodneho-semisu\/#primaryimage"},"image":{"@id":"https:\/\/chiara-design.com\/sk\/produkt\/kabelka-chiara-suzi-hneda-horka-cokolada-z-prirodneho-semisu\/#primaryimage"},"thumbnailUrl":"https:\/\/chiara-design.com\/wp-content\/uploads\/2025\/04\/M870-BIS-SUZI_2.webp","datePublished":"2025-04-11T08:22:31+00:00","dateModified":"2026-03-11T05:05:06+00:00","breadcrumb":{"@id":"https:\/\/chiara-design.com\/sk\/produkt\/kabelka-chiara-suzi-hneda-horka-cokolada-z-prirodneho-semisu\/#breadcrumb"},"inLanguage":"sk-SK","potentialAction":[{"@type":"ReadAction","target":["https:\/\/chiara-design.com\/sk\/produkt\/kabelka-chiara-suzi-hneda-horka-cokolada-z-prirodneho-semisu\/"]}]},{"@type":"ImageObject","inLanguage":"sk-SK","@id":"https:\/\/chiara-design.com\/sk\/produkt\/kabelka-chiara-suzi-hneda-horka-cokolada-z-prirodneho-semisu\/#primaryimage","url":"https:\/\/chiara-design.com\/wp-content\/uploads\/2025\/04\/M870-BIS-SUZI_2.webp","contentUrl":"https:\/\/chiara-design.com\/wp-content\/uploads\/2025\/04\/M870-BIS-SUZI_2.webp","width":1200,"height":1500},{"@type":"BreadcrumbList","@id":"https:\/\/chiara-design.com\/sk\/produkt\/kabelka-chiara-suzi-hneda-horka-cokolada-z-prirodneho-semisu\/#breadcrumb","itemListElement":[{"@type":"ListItem","position":1,"name":"Home","item":"https:\/\/chiara-design.com\/sk\/damske-kabelky-chiara-design\/"},{"@type":"ListItem","position":2,"name":"Obchod","item":"https:\/\/chiara-design.com\/sklep\/"},{"@type":"ListItem","position":3,"name":"Kabelka Chiara SUZI \u2013 Hned\u00e1 Hork\u00e1 \u010cokol\u00e1da z Pr\u00edrodn\u00e9ho Semi\u0161u"}]},{"@type":"WebSite","@id":"https:\/\/chiara-design.com\/#website","url":"https:\/\/chiara-design.com\/","name":"Chiara Design","description":"Tw\u00f3j ulubiony sklep online z torebkami.","publisher":{"@id":"https:\/\/chiara-design.com\/#organization"},"potentialAction":[{"@type":"SearchAction","target":{"@type":"EntryPoint","urlTemplate":"https:\/\/chiara-design.com\/?s={search_term_string}"},"query-input":{"@type":"PropertyValueSpecification","valueRequired":true,"valueName":"search_term_string"}}],"inLanguage":"sk-SK"},{"@type":"Organization","@id":"https:\/\/chiara-design.com\/#organization","name":"Chiara Design","url":"https:\/\/chiara-design.com\/","logo":{"@type":"ImageObject","inLanguage":"sk-SK","@id":"https:\/\/chiara-design.com\/#\/schema\/logo\/image\/","url":"https:\/\/chiara-design.com\/wp-content\/uploads\/2024\/09\/CHIARA-DESIGN-LOGO.png","contentUrl":"https:\/\/chiara-design.com\/wp-content\/uploads\/2024\/09\/CHIARA-DESIGN-LOGO.png","width":500,"height":158,"caption":"Chiara Design"},"image":{"@id":"https:\/\/chiara-design.com\/#\/schema\/logo\/image\/"},"sameAs":["https:\/\/www.facebook.com\/ChiaraDesignPL","https:\/\/www.instagram.com\/chiara_design_\/"]}]}},"jetpack_sharing_enabled":true,"_links":{"self":[{"href":"https:\/\/chiara-design.com\/sk\/wp-json\/wp\/v2\/product\/60802","targetHints":{"allow":["GET"]}}],"collection":[{"href":"https:\/\/chiara-design.com\/sk\/wp-json\/wp\/v2\/product"}],"about":[{"href":"https:\/\/chiara-design.com\/sk\/wp-json\/wp\/v2\/types\/product"}],"replies":[{"embeddable":true,"href":"https:\/\/chiara-design.com\/sk\/wp-json\/wp\/v2\/comments?post=60802"}],"wp:featuredmedia":[{"embeddable":true,"href":"https:\/\/chiara-design.com\/sk\/wp-json\/wp\/v2\/media\/59510"}],"wp:attachment":[{"href":"https:\/\/chiara-design.com\/sk\/wp-json\/wp\/v2\/media?parent=60802"}],"wp:term":[{"taxonomy":"product_brand","embeddable":true,"href":"https:\/\/chiara-design.com\/sk\/wp-json\/wp\/v2\/product_brand?post=60802"},{"taxonomy":"product_cat","embeddable":true,"href":"https:\/\/chiara-design.com\/sk\/wp-json\/wp\/v2\/product_cat?post=60802"},{"taxonomy":"product_tag","embeddable":true,"href":"https:\/\/chiara-design.com\/sk\/wp-json\/wp\/v2\/product_tag?post=60802"}],"curies":[{"name":"wp","href":"https:\/\/api.w.org\/{rel}","templated":true}]}}