{"id":60800,"date":"2025-04-11T10:52:31","date_gmt":"2025-04-11T08:52:31","guid":{"rendered":"https:\/\/chiara-design.com\/product\/kabelka-chiara-nasti-bezova-z-prirodnej-koze\/"},"modified":"2025-09-23T11:49:42","modified_gmt":"2025-09-23T09:49:42","slug":"kabelka-chiara-nasti-bezova-z-prirodnej-koze","status":"publish","type":"product","link":"https:\/\/chiara-design.com\/sk\/produkt\/kabelka-chiara-nasti-bezova-z-prirodnej-koze\/","title":{"rendered":"Kabelka Chiara NASTI \u2013 B\u00e9\u017eov\u00e1 z Pr\u00edrodnej Ko\u017ee"},"content":{"rendered":"<p>Kabelka Nasti:<br \/>\n\u2013 Klasick\u00fd a jednoduch\u00fd strih vyroben\u00fd z pr\u00edrodnej ko\u017ee vo svetlob\u00e9\u017eovej farbe<br \/>\n\u2013 R\u00fa\u010dky \u010diasto\u010dne vyroben\u00e9 zo zlatej retiazky, dod\u00e1vaj\u00face dodato\u010dn\u00fd \u0161arm<br \/>\n\u2013 Vybaven\u00e1 nastavite\u013en\u00fdm popruhom, ide\u00e1lna na ka\u017ed\u00fd de\u0148<br \/>\n\u2013 Zmest\u00ed sa do nej zo\u0161it form\u00e1tu A4<br \/>\n\u2013 Vonkaj\u0161ie vrecko zabezpe\u010den\u00e9 zipsom na zadnej strane<br \/>\n\u2013 Vn\u00fatro rozdelen\u00e9 priehradkou, \u010fal\u0161ie vreck\u00e1 a firemn\u00e9 zrkadielko v tvare srdca na retiazke<br \/>\n\u2013 Ukon\u010den\u00e1 kr\u00e1snou pod\u0161\u00edvkou, ktor\u00e1 dod\u00e1va eleganciu<br \/>\n\u2013 Ide\u00e1lna do pr\u00e1ce, kancel\u00e1rie alebo na univerzitu<br \/>\n\u2013 Zlat\u00e9 logo firmy dod\u00e1va kabelke charakter a triedu<\/p>\n<p><strong>Model: I582-bis NASTI<\/strong><\/p>\n<p>&nbsp;<\/p>\n","protected":false},"excerpt":{"rendered":"<p>Kabelka Nasti dostupn\u00e1 na objedn\u00e1vku, dodacia lehota 7 dn\u00ed.<\/p>\n","protected":false},"featured_media":58972,"comment_status":"open","ping_status":"closed","template":"","meta":[],"product_brand":[177,193],"product_cat":[721],"product_tag":[],"class_list":{"0":"post-60800","1":"product","2":"type-product","3":"status-publish","4":"has-post-thumbnail","6":"product_brand-chiara","7":"product_brand-chiara_premium","8":"product_cat-aktovky","10":"first","11":"instock","12":"shipping-taxable","13":"purchasable","14":"product-type-simple"},"yoast_head":"<!-- This site is optimized with the Yoast SEO plugin v27.5 - https:\/\/yoast.com\/product\/yoast-seo-wordpress\/ -->\n<title>Kabelka Chiara NASTI \u2013 B\u00e9\u017eov\u00e1 z Pr\u00edrodnej Ko\u017ee - Chiara Design<\/title>\n<meta name=\"robots\" content=\"index, follow, max-snippet:-1, max-image-preview:large, max-video-preview:-1\" \/>\n<link rel=\"canonical\" href=\"https:\/\/chiara-design.com\/?post_type=product&p=53853\" \/>\n<meta property=\"og:locale\" content=\"sk_SK\" \/>\n<meta property=\"og:type\" content=\"article\" \/>\n<meta property=\"og:title\" content=\"Kabelka Chiara NASTI \u2013 B\u00e9\u017eov\u00e1 z Pr\u00edrodnej Ko\u017ee - Chiara Design\" \/>\n<meta property=\"og:description\" content=\"Kabelka Nasti dostupn\u00e1 na objedn\u00e1vku, dodacia lehota 7 dn\u00ed.\" \/>\n<meta property=\"og:url\" content=\"https:\/\/chiara-design.com\/?post_type=product&amp;p=53853\" \/>\n<meta property=\"og:site_name\" content=\"Chiara Design\" \/>\n<meta property=\"article:publisher\" content=\"https:\/\/www.facebook.com\/ChiaraDesignPL\" \/>\n<meta property=\"article:modified_time\" content=\"2025-09-23T09:49:42+00:00\" \/>\n<meta property=\"og:image\" content=\"https:\/\/chiara-design.com\/wp-content\/uploads\/2025\/02\/nasti-bez-1.webp\" \/>\n\t<meta property=\"og:image:width\" content=\"1200\" \/>\n\t<meta property=\"og:image:height\" content=\"1500\" \/>\n\t<meta property=\"og:image:type\" content=\"image\/webp\" \/>\n<meta name=\"twitter:card\" content=\"summary_large_image\" \/>\n<meta name=\"twitter:label1\" content=\"Predpokladan\u00fd \u010das \u010d\u00edtania\" \/>\n\t<meta name=\"twitter:data1\" content=\"1 min\u00fata\" \/>\n<script type=\"application\/ld+json\" class=\"yoast-schema-graph\">{\"@context\":\"https:\\\/\\\/schema.org\",\"@graph\":[{\"@type\":\"WebPage\",\"@id\":\"https:\\\/\\\/chiara-design.com\\\/?post_type=product&p=53853\",\"url\":\"https:\\\/\\\/chiara-design.com\\\/?post_type=product&p=53853\",\"name\":\"Kabelka Chiara NASTI \u2013 B\u00e9\u017eov\u00e1 z Pr\u00edrodnej Ko\u017ee - Chiara Design\",\"isPartOf\":{\"@id\":\"https:\\\/\\\/chiara-design.com\\\/#website\"},\"primaryImageOfPage\":{\"@id\":\"https:\\\/\\\/chiara-design.com\\\/?post_type=product&p=53853#primaryimage\"},\"image\":{\"@id\":\"https:\\\/\\\/chiara-design.com\\\/?post_type=product&p=53853#primaryimage\"},\"thumbnailUrl\":\"https:\\\/\\\/chiara-design.com\\\/wp-content\\\/uploads\\\/2025\\\/02\\\/nasti-bez-1.webp\",\"datePublished\":\"2025-04-11T08:52:31+00:00\",\"dateModified\":\"2025-09-23T09:49:42+00:00\",\"breadcrumb\":{\"@id\":\"https:\\\/\\\/chiara-design.com\\\/?post_type=product&p=53853#breadcrumb\"},\"inLanguage\":\"sk-SK\",\"potentialAction\":[{\"@type\":\"ReadAction\",\"target\":[\"https:\\\/\\\/chiara-design.com\\\/?post_type=product&p=53853\"]}]},{\"@type\":\"ImageObject\",\"inLanguage\":\"sk-SK\",\"@id\":\"https:\\\/\\\/chiara-design.com\\\/?post_type=product&p=53853#primaryimage\",\"url\":\"https:\\\/\\\/chiara-design.com\\\/wp-content\\\/uploads\\\/2025\\\/02\\\/nasti-bez-1.webp\",\"contentUrl\":\"https:\\\/\\\/chiara-design.com\\\/wp-content\\\/uploads\\\/2025\\\/02\\\/nasti-bez-1.webp\",\"width\":1200,\"height\":1500},{\"@type\":\"BreadcrumbList\",\"@id\":\"https:\\\/\\\/chiara-design.com\\\/?post_type=product&p=53853#breadcrumb\",\"itemListElement\":[{\"@type\":\"ListItem\",\"position\":1,\"name\":\"Home\",\"item\":\"https:\\\/\\\/chiara-design.com\\\/sk\\\/damske-kabelky-chiara-design\\\/\"},{\"@type\":\"ListItem\",\"position\":2,\"name\":\"Obchod\",\"item\":\"https:\\\/\\\/chiara-design.com\\\/sklep\\\/\"},{\"@type\":\"ListItem\",\"position\":3,\"name\":\"Kabelka Chiara NASTI \u2013 B\u00e9\u017eov\u00e1 z Pr\u00edrodnej Ko\u017ee\"}]},{\"@type\":\"WebSite\",\"@id\":\"https:\\\/\\\/chiara-design.com\\\/#website\",\"url\":\"https:\\\/\\\/chiara-design.com\\\/\",\"name\":\"Chiara Design\",\"description\":\"Tw\u00f3j ulubiony sklep online z torebkami.\",\"publisher\":{\"@id\":\"https:\\\/\\\/chiara-design.com\\\/#organization\"},\"potentialAction\":[{\"@type\":\"SearchAction\",\"target\":{\"@type\":\"EntryPoint\",\"urlTemplate\":\"https:\\\/\\\/chiara-design.com\\\/?s={search_term_string}\"},\"query-input\":{\"@type\":\"PropertyValueSpecification\",\"valueRequired\":true,\"valueName\":\"search_term_string\"}}],\"inLanguage\":\"sk-SK\"},{\"@type\":\"Organization\",\"@id\":\"https:\\\/\\\/chiara-design.com\\\/#organization\",\"name\":\"Chiara Design\",\"url\":\"https:\\\/\\\/chiara-design.com\\\/\",\"logo\":{\"@type\":\"ImageObject\",\"inLanguage\":\"sk-SK\",\"@id\":\"https:\\\/\\\/chiara-design.com\\\/#\\\/schema\\\/logo\\\/image\\\/\",\"url\":\"https:\\\/\\\/chiara-design.com\\\/wp-content\\\/uploads\\\/2024\\\/09\\\/CHIARA-DESIGN-LOGO.png\",\"contentUrl\":\"https:\\\/\\\/chiara-design.com\\\/wp-content\\\/uploads\\\/2024\\\/09\\\/CHIARA-DESIGN-LOGO.png\",\"width\":500,\"height\":158,\"caption\":\"Chiara Design\"},\"image\":{\"@id\":\"https:\\\/\\\/chiara-design.com\\\/#\\\/schema\\\/logo\\\/image\\\/\"},\"sameAs\":[\"https:\\\/\\\/www.facebook.com\\\/ChiaraDesignPL\",\"https:\\\/\\\/www.instagram.com\\\/chiara_design_\\\/\"]}]}<\/script>\n<!-- \/ Yoast SEO plugin. -->","yoast_head_json":{"title":"Kabelka Chiara NASTI \u2013 B\u00e9\u017eov\u00e1 z Pr\u00edrodnej Ko\u017ee - Chiara Design","robots":{"index":"index","follow":"follow","max-snippet":"max-snippet:-1","max-image-preview":"max-image-preview:large","max-video-preview":"max-video-preview:-1"},"canonical":"https:\/\/chiara-design.com\/?post_type=product&p=53853","og_locale":"sk_SK","og_type":"article","og_title":"Kabelka Chiara NASTI \u2013 B\u00e9\u017eov\u00e1 z Pr\u00edrodnej Ko\u017ee - Chiara Design","og_description":"Kabelka Nasti dostupn\u00e1 na objedn\u00e1vku, dodacia lehota 7 dn\u00ed.","og_url":"https:\/\/chiara-design.com\/?post_type=product&p=53853","og_site_name":"Chiara Design","article_publisher":"https:\/\/www.facebook.com\/ChiaraDesignPL","article_modified_time":"2025-09-23T09:49:42+00:00","og_image":[{"width":1200,"height":1500,"url":"https:\/\/chiara-design.com\/wp-content\/uploads\/2025\/02\/nasti-bez-1.webp","type":"image\/webp"}],"twitter_card":"summary_large_image","twitter_misc":{"Predpokladan\u00fd \u010das \u010d\u00edtania":"1 min\u00fata"},"schema":{"@context":"https:\/\/schema.org","@graph":[{"@type":"WebPage","@id":"https:\/\/chiara-design.com\/?post_type=product&p=53853","url":"https:\/\/chiara-design.com\/?post_type=product&p=53853","name":"Kabelka Chiara NASTI \u2013 B\u00e9\u017eov\u00e1 z Pr\u00edrodnej Ko\u017ee - Chiara Design","isPartOf":{"@id":"https:\/\/chiara-design.com\/#website"},"primaryImageOfPage":{"@id":"https:\/\/chiara-design.com\/?post_type=product&p=53853#primaryimage"},"image":{"@id":"https:\/\/chiara-design.com\/?post_type=product&p=53853#primaryimage"},"thumbnailUrl":"https:\/\/chiara-design.com\/wp-content\/uploads\/2025\/02\/nasti-bez-1.webp","datePublished":"2025-04-11T08:52:31+00:00","dateModified":"2025-09-23T09:49:42+00:00","breadcrumb":{"@id":"https:\/\/chiara-design.com\/?post_type=product&p=53853#breadcrumb"},"inLanguage":"sk-SK","potentialAction":[{"@type":"ReadAction","target":["https:\/\/chiara-design.com\/?post_type=product&p=53853"]}]},{"@type":"ImageObject","inLanguage":"sk-SK","@id":"https:\/\/chiara-design.com\/?post_type=product&p=53853#primaryimage","url":"https:\/\/chiara-design.com\/wp-content\/uploads\/2025\/02\/nasti-bez-1.webp","contentUrl":"https:\/\/chiara-design.com\/wp-content\/uploads\/2025\/02\/nasti-bez-1.webp","width":1200,"height":1500},{"@type":"BreadcrumbList","@id":"https:\/\/chiara-design.com\/?post_type=product&p=53853#breadcrumb","itemListElement":[{"@type":"ListItem","position":1,"name":"Home","item":"https:\/\/chiara-design.com\/sk\/damske-kabelky-chiara-design\/"},{"@type":"ListItem","position":2,"name":"Obchod","item":"https:\/\/chiara-design.com\/sklep\/"},{"@type":"ListItem","position":3,"name":"Kabelka Chiara NASTI \u2013 B\u00e9\u017eov\u00e1 z Pr\u00edrodnej Ko\u017ee"}]},{"@type":"WebSite","@id":"https:\/\/chiara-design.com\/#website","url":"https:\/\/chiara-design.com\/","name":"Chiara Design","description":"Tw\u00f3j ulubiony sklep online z torebkami.","publisher":{"@id":"https:\/\/chiara-design.com\/#organization"},"potentialAction":[{"@type":"SearchAction","target":{"@type":"EntryPoint","urlTemplate":"https:\/\/chiara-design.com\/?s={search_term_string}"},"query-input":{"@type":"PropertyValueSpecification","valueRequired":true,"valueName":"search_term_string"}}],"inLanguage":"sk-SK"},{"@type":"Organization","@id":"https:\/\/chiara-design.com\/#organization","name":"Chiara Design","url":"https:\/\/chiara-design.com\/","logo":{"@type":"ImageObject","inLanguage":"sk-SK","@id":"https:\/\/chiara-design.com\/#\/schema\/logo\/image\/","url":"https:\/\/chiara-design.com\/wp-content\/uploads\/2024\/09\/CHIARA-DESIGN-LOGO.png","contentUrl":"https:\/\/chiara-design.com\/wp-content\/uploads\/2024\/09\/CHIARA-DESIGN-LOGO.png","width":500,"height":158,"caption":"Chiara Design"},"image":{"@id":"https:\/\/chiara-design.com\/#\/schema\/logo\/image\/"},"sameAs":["https:\/\/www.facebook.com\/ChiaraDesignPL","https:\/\/www.instagram.com\/chiara_design_\/"]}]}},"jetpack_sharing_enabled":true,"_links":{"self":[{"href":"https:\/\/chiara-design.com\/sk\/wp-json\/wp\/v2\/product\/60800","targetHints":{"allow":["GET"]}}],"collection":[{"href":"https:\/\/chiara-design.com\/sk\/wp-json\/wp\/v2\/product"}],"about":[{"href":"https:\/\/chiara-design.com\/sk\/wp-json\/wp\/v2\/types\/product"}],"replies":[{"embeddable":true,"href":"https:\/\/chiara-design.com\/sk\/wp-json\/wp\/v2\/comments?post=60800"}],"wp:featuredmedia":[{"embeddable":true,"href":"https:\/\/chiara-design.com\/sk\/wp-json\/wp\/v2\/media\/58972"}],"wp:attachment":[{"href":"https:\/\/chiara-design.com\/sk\/wp-json\/wp\/v2\/media?parent=60800"}],"wp:term":[{"taxonomy":"product_brand","embeddable":true,"href":"https:\/\/chiara-design.com\/sk\/wp-json\/wp\/v2\/product_brand?post=60800"},{"taxonomy":"product_cat","embeddable":true,"href":"https:\/\/chiara-design.com\/sk\/wp-json\/wp\/v2\/product_cat?post=60800"},{"taxonomy":"product_tag","embeddable":true,"href":"https:\/\/chiara-design.com\/sk\/wp-json\/wp\/v2\/product_tag?post=60800"}],"curies":[{"name":"wp","href":"https:\/\/api.w.org\/{rel}","templated":true}]}}