{"id":60788,"date":"2025-08-14T11:54:57","date_gmt":"2025-08-14T09:54:57","guid":{"rendered":"https:\/\/chiara-design.com\/product\/kabelka-mery-hladka-prirodna-koza-svetlohneda\/"},"modified":"2025-09-23T11:49:40","modified_gmt":"2025-09-23T09:49:40","slug":"kabelka-mery-hladka-prirodna-koza-svetlohneda","status":"publish","type":"product","link":"https:\/\/chiara-design.com\/sk\/produkt\/kabelka-mery-hladka-prirodna-koza-svetlohneda\/","title":{"rendered":"Kabelka &#8222;Mery\u201d \u2013 Hladk\u00e1 Pr\u00edrodn\u00e1 Ko\u017ea, Svetlohned\u00e1"},"content":{"rendered":"<p>&lt;h2&gt;Kabelka Chiara Mery \u2013 Svetlohned\u00e1 Kabelka z Hladkej Ko\u017ee: elegancia na ka\u017ed\u00fd de\u0148&lt;\/h2&gt;<br \/>\nKabelka Chiara Mery \u2013 Svetlohned\u00e1 Kabelka z Hladkej Ko\u017ee je jedine\u010dn\u00fd produkt, ktor\u00fd sp\u00e1ja modern\u00fd dizajn s praktickos\u0165ou. Vyrobili sme ju z vysokokvalitnej hladkej ko\u017ee, preto zaru\u010duje nielen trv\u00e1cnos\u0165, ale aj elegantn\u00fd vzh\u013ead na mnoho rokov. Navy\u0161e, klasick\u00e1 svetlohned\u00e1 farba dod\u00e1va charakter a rob\u00ed z kabelky ozdobu ka\u017ed\u00e9ho outfitu.<br \/>\n&lt;h3&gt;Funk\u010dnos\u0165, ktor\u00e1 u\u013eah\u010duje ka\u017edodenn\u00fd \u017eivot&lt;\/h3&gt;<br \/>\nV\u010faka premyslenej kon\u0161trukcii bola kabelka Chiara Mery vytvoren\u00e1 s my\u0161lienkou na osoby, ktor\u00e9 si cenia poriadok a pohodlie. Okrem toho jej kompaktn\u00fd rozmer A4 umo\u017e\u0148uje jednoduch\u00e9 uschovanie nevyhnutn\u00fdch drobnost\u00ed. Dodato\u010dne stoj\u00ed za zmienku, \u017ee:<br \/>\n&lt;ul&gt;<br \/>\n \t&lt;li&gt;M\u00e1 hlavn\u00fa komoru zabezpe\u010den\u00fa zipsom, \u010do zaru\u010duje bezpe\u010dnos\u0165 va\u0161ich predmetov;&lt;\/li&gt;<br \/>\n \t&lt;li&gt;Vn\u00fatro je rozdelen\u00e9 na nieko\u013eko vreciek, ktor\u00e9 u\u013eah\u010duj\u00fa organiz\u00e1ciu;&lt;\/li&gt;<br \/>\n \t&lt;li&gt;Dve d\u013a\u017eky r\u00fa\u010dok umo\u017e\u0148uj\u00fa nosenie kabelky na ramene aj v ruke&lt;\/li&gt;<br \/>\n&lt;\/ul&gt;<br \/>\n&lt;h3&gt;Dizajn a \u0161t\u00fdl v ka\u017edom detaile&lt;\/h3&gt;<br \/>\nNavy\u0161e, kabelka Chiara Mery sa vyzna\u010duje elegantnou, pr\u00edrodnou svetlohnedou farbou, ktor\u00e1 sa dokonale hod\u00ed k mnoh\u00fdm outfitom \u2013 tak le\u017e\u00e9rnym, ako aj form\u00e1lnej\u0161\u00edm. Preto, ak chcete doda\u0165 svojmu \u0161atn\u00edku jedine\u010dn\u00fd akcent, tento model je pre v\u00e1s ide\u00e1lny. Dodato\u010dne, hladk\u00e1 ko\u017ea dod\u00e1va kabelke luxusn\u00fd vzh\u013ead a starostlivo vybran\u00e9 detaily zd\u00f4raz\u0148uj\u00fa jej modern\u00fd charakter.<br \/>\n&lt;h3&gt;Zhrnutie v\u00fdhod&lt;\/h3&gt;<br \/>\nZhrnut\u00edm, Kabelka Chiara Mery \u2013 Svetlohned\u00e1 Kabelka z Hladkej Ko\u017ee je produkt, ktor\u00fd pon\u00faka:<br \/>\n&lt;ul&gt;<br \/>\n \t&lt;li&gt;Vysok\u00fa kvalitu spracovania a trv\u00e1cnos\u0165 materi\u00e1lu,&lt;\/li&gt;<br \/>\n \t&lt;li&gt;Premyslen\u00fa organiz\u00e1ciu vn\u00fatra,&lt;\/li&gt;<br \/>\n \t&lt;li&gt;Univerz\u00e1lny, elegantn\u00fd dizajn,&lt;\/li&gt;<br \/>\n \t&lt;li&gt;Pohodlie pri pou\u017e\u00edvan\u00ed v\u010faka nastavite\u013en\u00e9mu popruhu a profilovanej r\u00fa\u010dke.&lt;\/li&gt;<br \/>\n&lt;\/ul&gt;<br \/>\nDodato\u010dne, kabelka sa osved\u010d\u00ed v r\u00f4znych situ\u00e1ci\u00e1ch \u2013 preto sa oplat\u00ed stavi\u0165 na produkt, ktor\u00fd sp\u00e1ja \u0161t\u00fdl s funk\u010dnos\u0165ou.<\/p>\n<p>&lt;strong&gt;Model: I5051 MERY&lt;\/strong&gt;<\/p>\n","protected":false},"excerpt":{"rendered":"<p>Luxusn\u00e1 kabelka kufr\u00edk &#8222;Mery\u201d z pr\u00edrodnej hladkej ko\u017ee v odtieni svetlohnedej. Ide\u00e1lna na ka\u017ed\u00fd de\u0148 a \u0161peci\u00e1lne pr\u00edle\u017eitosti, s nastavite\u013en\u00fdm popruhom a elegantn\u00fdm zlat\u00fdm kovan\u00edm.<\/p>\n","protected":false},"featured_media":62104,"comment_status":"open","ping_status":"closed","template":"","meta":[],"product_brand":[],"product_cat":[661],"product_tag":[695,693,691],"class_list":{"0":"post-60788","1":"product","2":"type-product","3":"status-publish","4":"has-post-thumbnail","6":"product_cat-klasicke","7":"product_tag-a4-sk","8":"product_tag-chiara-mery-sk","9":"product_tag-klasicka","11":"first","12":"instock","13":"shipping-taxable","14":"purchasable","15":"product-type-simple"},"yoast_head":"<!-- This site is optimized with the Yoast SEO plugin v27.4 - https:\/\/yoast.com\/product\/yoast-seo-wordpress\/ -->\n<title>Kabelka Kufr\u00edk &quot;Mery&quot; | Hladk\u00e1 Ko\u017ea Svetlohned\u00e1 | Elegantn\u00e1 D\u00e1mska Kabelka<\/title>\n<meta name=\"description\" content=\"Objavte kabelku kufr\u00edk &quot;Mery&quot; z pr\u00edrodnej hladkej ko\u017ee v odtieni svetlohnedej. \u0160t\u00fdlov\u00e1, priestrann\u00e1 a funk\u010dn\u00e1, ide\u00e1lna na ka\u017ed\u00fa pr\u00edle\u017eitos\u0165. K\u00fapte teraz!\" \/>\n<meta name=\"robots\" content=\"index, follow, max-snippet:-1, max-image-preview:large, max-video-preview:-1\" \/>\n<link rel=\"canonical\" href=\"https:\/\/chiara-design.com\/sk\/produkt\/kabelka-mery-hladka-prirodna-koza-svetlohneda\/\" \/>\n<meta property=\"og:locale\" content=\"sk_SK\" \/>\n<meta property=\"og:type\" content=\"article\" \/>\n<meta property=\"og:title\" content=\"Kabelka Kufr\u00edk &quot;Mery&quot; | Hladk\u00e1 Ko\u017ea Svetlohned\u00e1 | Elegantn\u00e1 D\u00e1mska Kabelka\" \/>\n<meta property=\"og:description\" content=\"Objavte kabelku kufr\u00edk &quot;Mery&quot; z pr\u00edrodnej hladkej ko\u017ee v odtieni svetlohnedej. \u0160t\u00fdlov\u00e1, priestrann\u00e1 a funk\u010dn\u00e1, ide\u00e1lna na ka\u017ed\u00fa pr\u00edle\u017eitos\u0165. K\u00fapte teraz!\" \/>\n<meta property=\"og:url\" content=\"https:\/\/chiara-design.com\/sk\/produkt\/kabelka-mery-hladka-prirodna-koza-svetlohneda\/\" \/>\n<meta property=\"og:site_name\" content=\"Chiara Design\" \/>\n<meta property=\"article:publisher\" content=\"https:\/\/www.facebook.com\/ChiaraDesignPL\" \/>\n<meta property=\"article:modified_time\" content=\"2025-09-23T09:49:40+00:00\" \/>\n<meta property=\"og:image\" content=\"https:\/\/chiara-design.com\/wp-content\/uploads\/2025\/08\/MERY-JASNY-BRAZ_6.webp\" \/>\n\t<meta property=\"og:image:width\" content=\"1200\" \/>\n\t<meta property=\"og:image:height\" content=\"1500\" \/>\n\t<meta property=\"og:image:type\" content=\"image\/webp\" \/>\n<meta name=\"twitter:card\" content=\"summary_large_image\" \/>\n<meta name=\"twitter:label1\" content=\"Predpokladan\u00fd \u010das \u010d\u00edtania\" \/>\n\t<meta name=\"twitter:data1\" content=\"2 min\u00faty\" \/>\n<script type=\"application\/ld+json\" class=\"yoast-schema-graph\">{\"@context\":\"https:\\\/\\\/schema.org\",\"@graph\":[{\"@type\":\"WebPage\",\"@id\":\"https:\\\/\\\/chiara-design.com\\\/sk\\\/produkt\\\/kabelka-mery-hladka-prirodna-koza-svetlohneda\\\/\",\"url\":\"https:\\\/\\\/chiara-design.com\\\/sk\\\/produkt\\\/kabelka-mery-hladka-prirodna-koza-svetlohneda\\\/\",\"name\":\"Kabelka Kufr\u00edk \\\"Mery\\\" | Hladk\u00e1 Ko\u017ea Svetlohned\u00e1 | Elegantn\u00e1 D\u00e1mska Kabelka\",\"isPartOf\":{\"@id\":\"https:\\\/\\\/chiara-design.com\\\/#website\"},\"primaryImageOfPage\":{\"@id\":\"https:\\\/\\\/chiara-design.com\\\/sk\\\/produkt\\\/kabelka-mery-hladka-prirodna-koza-svetlohneda\\\/#primaryimage\"},\"image\":{\"@id\":\"https:\\\/\\\/chiara-design.com\\\/sk\\\/produkt\\\/kabelka-mery-hladka-prirodna-koza-svetlohneda\\\/#primaryimage\"},\"thumbnailUrl\":\"https:\\\/\\\/chiara-design.com\\\/wp-content\\\/uploads\\\/2025\\\/10\\\/mery-braz-naturalny_2.webp\",\"datePublished\":\"2025-08-14T09:54:57+00:00\",\"dateModified\":\"2025-09-23T09:49:40+00:00\",\"description\":\"Objavte kabelku kufr\u00edk \\\"Mery\\\" z pr\u00edrodnej hladkej ko\u017ee v odtieni svetlohnedej. \u0160t\u00fdlov\u00e1, priestrann\u00e1 a funk\u010dn\u00e1, ide\u00e1lna na ka\u017ed\u00fa pr\u00edle\u017eitos\u0165. K\u00fapte teraz!\",\"breadcrumb\":{\"@id\":\"https:\\\/\\\/chiara-design.com\\\/sk\\\/produkt\\\/kabelka-mery-hladka-prirodna-koza-svetlohneda\\\/#breadcrumb\"},\"inLanguage\":\"sk-SK\",\"potentialAction\":[{\"@type\":\"ReadAction\",\"target\":[\"https:\\\/\\\/chiara-design.com\\\/sk\\\/produkt\\\/kabelka-mery-hladka-prirodna-koza-svetlohneda\\\/\"]}]},{\"@type\":\"ImageObject\",\"inLanguage\":\"sk-SK\",\"@id\":\"https:\\\/\\\/chiara-design.com\\\/sk\\\/produkt\\\/kabelka-mery-hladka-prirodna-koza-svetlohneda\\\/#primaryimage\",\"url\":\"https:\\\/\\\/chiara-design.com\\\/wp-content\\\/uploads\\\/2025\\\/10\\\/mery-braz-naturalny_2.webp\",\"contentUrl\":\"https:\\\/\\\/chiara-design.com\\\/wp-content\\\/uploads\\\/2025\\\/10\\\/mery-braz-naturalny_2.webp\",\"width\":1200,\"height\":1500},{\"@type\":\"BreadcrumbList\",\"@id\":\"https:\\\/\\\/chiara-design.com\\\/sk\\\/produkt\\\/kabelka-mery-hladka-prirodna-koza-svetlohneda\\\/#breadcrumb\",\"itemListElement\":[{\"@type\":\"ListItem\",\"position\":1,\"name\":\"Home\",\"item\":\"https:\\\/\\\/chiara-design.com\\\/sk\\\/damske-kabelky-chiara-design\\\/\"},{\"@type\":\"ListItem\",\"position\":2,\"name\":\"Obchod\",\"item\":\"https:\\\/\\\/chiara-design.com\\\/sklep\\\/\"},{\"@type\":\"ListItem\",\"position\":3,\"name\":\"Kabelka &#8222;Mery&#8220; &#8211; Hladk\u00e1 Pr\u00edrodn\u00e1 Ko\u017ea, Svetlohned\u00e1\"}]},{\"@type\":\"WebSite\",\"@id\":\"https:\\\/\\\/chiara-design.com\\\/#website\",\"url\":\"https:\\\/\\\/chiara-design.com\\\/\",\"name\":\"Chiara Design\",\"description\":\"Tw\u00f3j ulubiony sklep online z torebkami.\",\"publisher\":{\"@id\":\"https:\\\/\\\/chiara-design.com\\\/#organization\"},\"potentialAction\":[{\"@type\":\"SearchAction\",\"target\":{\"@type\":\"EntryPoint\",\"urlTemplate\":\"https:\\\/\\\/chiara-design.com\\\/?s={search_term_string}\"},\"query-input\":{\"@type\":\"PropertyValueSpecification\",\"valueRequired\":true,\"valueName\":\"search_term_string\"}}],\"inLanguage\":\"sk-SK\"},{\"@type\":\"Organization\",\"@id\":\"https:\\\/\\\/chiara-design.com\\\/#organization\",\"name\":\"Chiara Design\",\"url\":\"https:\\\/\\\/chiara-design.com\\\/\",\"logo\":{\"@type\":\"ImageObject\",\"inLanguage\":\"sk-SK\",\"@id\":\"https:\\\/\\\/chiara-design.com\\\/#\\\/schema\\\/logo\\\/image\\\/\",\"url\":\"https:\\\/\\\/chiara-design.com\\\/wp-content\\\/uploads\\\/2024\\\/09\\\/CHIARA-DESIGN-LOGO.png\",\"contentUrl\":\"https:\\\/\\\/chiara-design.com\\\/wp-content\\\/uploads\\\/2024\\\/09\\\/CHIARA-DESIGN-LOGO.png\",\"width\":500,\"height\":158,\"caption\":\"Chiara Design\"},\"image\":{\"@id\":\"https:\\\/\\\/chiara-design.com\\\/#\\\/schema\\\/logo\\\/image\\\/\"},\"sameAs\":[\"https:\\\/\\\/www.facebook.com\\\/ChiaraDesignPL\",\"https:\\\/\\\/www.instagram.com\\\/chiara_design_\\\/\"]}]}<\/script>\n<!-- \/ Yoast SEO plugin. -->","yoast_head_json":{"title":"Kabelka Kufr\u00edk \"Mery\" | Hladk\u00e1 Ko\u017ea Svetlohned\u00e1 | Elegantn\u00e1 D\u00e1mska Kabelka","description":"Objavte kabelku kufr\u00edk \"Mery\" z pr\u00edrodnej hladkej ko\u017ee v odtieni svetlohnedej. \u0160t\u00fdlov\u00e1, priestrann\u00e1 a funk\u010dn\u00e1, ide\u00e1lna na ka\u017ed\u00fa pr\u00edle\u017eitos\u0165. K\u00fapte teraz!","robots":{"index":"index","follow":"follow","max-snippet":"max-snippet:-1","max-image-preview":"max-image-preview:large","max-video-preview":"max-video-preview:-1"},"canonical":"https:\/\/chiara-design.com\/sk\/produkt\/kabelka-mery-hladka-prirodna-koza-svetlohneda\/","og_locale":"sk_SK","og_type":"article","og_title":"Kabelka Kufr\u00edk \"Mery\" | Hladk\u00e1 Ko\u017ea Svetlohned\u00e1 | Elegantn\u00e1 D\u00e1mska Kabelka","og_description":"Objavte kabelku kufr\u00edk \"Mery\" z pr\u00edrodnej hladkej ko\u017ee v odtieni svetlohnedej. \u0160t\u00fdlov\u00e1, priestrann\u00e1 a funk\u010dn\u00e1, ide\u00e1lna na ka\u017ed\u00fa pr\u00edle\u017eitos\u0165. K\u00fapte teraz!","og_url":"https:\/\/chiara-design.com\/sk\/produkt\/kabelka-mery-hladka-prirodna-koza-svetlohneda\/","og_site_name":"Chiara Design","article_publisher":"https:\/\/www.facebook.com\/ChiaraDesignPL","article_modified_time":"2025-09-23T09:49:40+00:00","og_image":[{"width":1200,"height":1500,"url":"https:\/\/chiara-design.com\/wp-content\/uploads\/2025\/08\/MERY-JASNY-BRAZ_6.webp","type":"image\/webp"}],"twitter_card":"summary_large_image","twitter_misc":{"Predpokladan\u00fd \u010das \u010d\u00edtania":"2 min\u00faty"},"schema":{"@context":"https:\/\/schema.org","@graph":[{"@type":"WebPage","@id":"https:\/\/chiara-design.com\/sk\/produkt\/kabelka-mery-hladka-prirodna-koza-svetlohneda\/","url":"https:\/\/chiara-design.com\/sk\/produkt\/kabelka-mery-hladka-prirodna-koza-svetlohneda\/","name":"Kabelka Kufr\u00edk \"Mery\" | Hladk\u00e1 Ko\u017ea Svetlohned\u00e1 | Elegantn\u00e1 D\u00e1mska Kabelka","isPartOf":{"@id":"https:\/\/chiara-design.com\/#website"},"primaryImageOfPage":{"@id":"https:\/\/chiara-design.com\/sk\/produkt\/kabelka-mery-hladka-prirodna-koza-svetlohneda\/#primaryimage"},"image":{"@id":"https:\/\/chiara-design.com\/sk\/produkt\/kabelka-mery-hladka-prirodna-koza-svetlohneda\/#primaryimage"},"thumbnailUrl":"https:\/\/chiara-design.com\/wp-content\/uploads\/2025\/10\/mery-braz-naturalny_2.webp","datePublished":"2025-08-14T09:54:57+00:00","dateModified":"2025-09-23T09:49:40+00:00","description":"Objavte kabelku kufr\u00edk \"Mery\" z pr\u00edrodnej hladkej ko\u017ee v odtieni svetlohnedej. \u0160t\u00fdlov\u00e1, priestrann\u00e1 a funk\u010dn\u00e1, ide\u00e1lna na ka\u017ed\u00fa pr\u00edle\u017eitos\u0165. K\u00fapte teraz!","breadcrumb":{"@id":"https:\/\/chiara-design.com\/sk\/produkt\/kabelka-mery-hladka-prirodna-koza-svetlohneda\/#breadcrumb"},"inLanguage":"sk-SK","potentialAction":[{"@type":"ReadAction","target":["https:\/\/chiara-design.com\/sk\/produkt\/kabelka-mery-hladka-prirodna-koza-svetlohneda\/"]}]},{"@type":"ImageObject","inLanguage":"sk-SK","@id":"https:\/\/chiara-design.com\/sk\/produkt\/kabelka-mery-hladka-prirodna-koza-svetlohneda\/#primaryimage","url":"https:\/\/chiara-design.com\/wp-content\/uploads\/2025\/10\/mery-braz-naturalny_2.webp","contentUrl":"https:\/\/chiara-design.com\/wp-content\/uploads\/2025\/10\/mery-braz-naturalny_2.webp","width":1200,"height":1500},{"@type":"BreadcrumbList","@id":"https:\/\/chiara-design.com\/sk\/produkt\/kabelka-mery-hladka-prirodna-koza-svetlohneda\/#breadcrumb","itemListElement":[{"@type":"ListItem","position":1,"name":"Home","item":"https:\/\/chiara-design.com\/sk\/damske-kabelky-chiara-design\/"},{"@type":"ListItem","position":2,"name":"Obchod","item":"https:\/\/chiara-design.com\/sklep\/"},{"@type":"ListItem","position":3,"name":"Kabelka &#8222;Mery&#8220; &#8211; Hladk\u00e1 Pr\u00edrodn\u00e1 Ko\u017ea, Svetlohned\u00e1"}]},{"@type":"WebSite","@id":"https:\/\/chiara-design.com\/#website","url":"https:\/\/chiara-design.com\/","name":"Chiara Design","description":"Tw\u00f3j ulubiony sklep online z torebkami.","publisher":{"@id":"https:\/\/chiara-design.com\/#organization"},"potentialAction":[{"@type":"SearchAction","target":{"@type":"EntryPoint","urlTemplate":"https:\/\/chiara-design.com\/?s={search_term_string}"},"query-input":{"@type":"PropertyValueSpecification","valueRequired":true,"valueName":"search_term_string"}}],"inLanguage":"sk-SK"},{"@type":"Organization","@id":"https:\/\/chiara-design.com\/#organization","name":"Chiara Design","url":"https:\/\/chiara-design.com\/","logo":{"@type":"ImageObject","inLanguage":"sk-SK","@id":"https:\/\/chiara-design.com\/#\/schema\/logo\/image\/","url":"https:\/\/chiara-design.com\/wp-content\/uploads\/2024\/09\/CHIARA-DESIGN-LOGO.png","contentUrl":"https:\/\/chiara-design.com\/wp-content\/uploads\/2024\/09\/CHIARA-DESIGN-LOGO.png","width":500,"height":158,"caption":"Chiara Design"},"image":{"@id":"https:\/\/chiara-design.com\/#\/schema\/logo\/image\/"},"sameAs":["https:\/\/www.facebook.com\/ChiaraDesignPL","https:\/\/www.instagram.com\/chiara_design_\/"]}]}},"jetpack_sharing_enabled":true,"_links":{"self":[{"href":"https:\/\/chiara-design.com\/sk\/wp-json\/wp\/v2\/product\/60788","targetHints":{"allow":["GET"]}}],"collection":[{"href":"https:\/\/chiara-design.com\/sk\/wp-json\/wp\/v2\/product"}],"about":[{"href":"https:\/\/chiara-design.com\/sk\/wp-json\/wp\/v2\/types\/product"}],"replies":[{"embeddable":true,"href":"https:\/\/chiara-design.com\/sk\/wp-json\/wp\/v2\/comments?post=60788"}],"wp:featuredmedia":[{"embeddable":true,"href":"https:\/\/chiara-design.com\/sk\/wp-json\/wp\/v2\/media\/62104"}],"wp:attachment":[{"href":"https:\/\/chiara-design.com\/sk\/wp-json\/wp\/v2\/media?parent=60788"}],"wp:term":[{"taxonomy":"product_brand","embeddable":true,"href":"https:\/\/chiara-design.com\/sk\/wp-json\/wp\/v2\/product_brand?post=60788"},{"taxonomy":"product_cat","embeddable":true,"href":"https:\/\/chiara-design.com\/sk\/wp-json\/wp\/v2\/product_cat?post=60788"},{"taxonomy":"product_tag","embeddable":true,"href":"https:\/\/chiara-design.com\/sk\/wp-json\/wp\/v2\/product_tag?post=60788"}],"curies":[{"name":"wp","href":"https:\/\/api.w.org\/{rel}","templated":true}]}}