{"id":60089,"date":"2025-04-10T18:08:40","date_gmt":"2025-04-10T16:08:40","guid":{"rendered":"https:\/\/chiara-design.com\/product\/kabelka-chiara-bella-svetlobezova-prava-koza\/"},"modified":"2025-04-10T18:08:40","modified_gmt":"2025-04-10T16:08:40","slug":"kabelka-chiara-bella-svetlobezova-prava-koza","status":"publish","type":"product","link":"https:\/\/chiara-design.com\/sk\/produkt\/kabelka-chiara-bella-svetlobezova-prava-koza\/","title":{"rendered":"Kabelka Chiara Bella Svetlob\u00e9\u017eov\u00e1 Prav\u00e1 ko\u017ea"},"content":{"rendered":"<p>Kabelka Chiara Bella je jedn\u00fdm z najhor\u00facej\u0161\u00edch kabelkov\u00fdch trendov v m\u00f3de. Jej \u0161t\u00edhly, pred\u013a\u017een\u00fd tvar zaru\u010duje, \u017ee sa do nej oplat\u00ed investova\u0165. <\/p>\n<p>Bella je kabelka typu east-west, ktor\u00e1 dokonale dopln\u00ed va\u0161e ka\u017edodenn\u00e9 outfity.<\/p>\n<p>Kabelka je vyroben\u00e1 z vysokokvalitnej pravej ko\u017ee v nad\u010dasovom b\u00e9\u017eovom odtieni. Zlat\u00e9 kovanie jej dod\u00e1va eleganciu a \u0161ik. <\/p>\n<p>Kabelka je mimoriadne \u013eahk\u00e1 a pohodln\u00e1 na nosenie. Zips zaru\u010duje bezpe\u010dnos\u0165 va\u0161ich vec\u00ed. Vn\u00fatri je pod\u0161it\u00e1 n\u00e1dhernou pod\u0161\u00edvkou, m\u00e1 nevyhnutn\u00e9 vreck\u00e1 a n\u00e1\u0161 super gadget \u2013 zrkadielko v tvare srdca zavesen\u00e9 na zlatej retiazke.  <\/p>\n<p>Dokonale prepracovan\u00e9 r\u00fa\u010dky umo\u017e\u0148uj\u00fa pohodln\u00e9 nosenie na ramene, \u010d\u00edm zais\u0165uj\u00fa komfort pou\u017e\u00edvania.<\/p>\n<p>Kabelka Chiara Bella je synonymom luxusu a nad\u010dasovej elegancie.<\/p>\n<p>Model: I5059 BELLA<\/p>\n","protected":false},"excerpt":{"rendered":"<p>Kabelka Chiara Bella je jedn\u00fdm z najhor\u00facej\u0161\u00edch kabelkov\u00fdch trendov v m\u00f3de. Jej \u0161t\u00edhly, pred\u013a\u017een\u00fd tvar zaru\u010duje, \u017ee sa do nej oplat\u00ed investova\u0165. Bella je kabelka typu east-west, ktor\u00e1 dokonale dopln\u00ed va\u0161e ka\u017edodenn\u00e9 outfity. Kabelka je vyroben\u00e1 z vysokokvalitnej pravej ko\u017ee v nad\u010dasovom b\u00e9\u017eovom odtieni. Zlat\u00e9 kovanie jej dod\u00e1va eleganciu a \u0161ik. Kabelka je mimoriadne \u013eahk\u00e1<\/p>\n<div class=\"klb-readmore button\"><a class=\"btn link\" href=\"https:\/\/chiara-design.com\/sk\/produkt\/kabelka-chiara-bella-svetlobezova-prava-koza\/\">Read More <i class=\"klbth-icon-right-arrow\"><\/i><\/a><\/div>\n","protected":false},"featured_media":59466,"comment_status":"open","ping_status":"closed","template":"","meta":[],"product_brand":[177,193],"product_cat":[661],"product_tag":[],"class_list":{"0":"post-60089","1":"product","2":"type-product","3":"status-publish","4":"has-post-thumbnail","6":"product_brand-chiara","7":"product_brand-chiara_premium","8":"product_cat-klasicke","10":"first","11":"instock","12":"shipping-taxable","13":"purchasable","14":"product-type-simple"},"yoast_head":"<!-- This site is optimized with the Yoast SEO plugin v27.4 - https:\/\/yoast.com\/product\/yoast-seo-wordpress\/ -->\n<title>Kabelka Chiara Bella Svetlob\u00e9\u017eov\u00e1 Prav\u00e1 ko\u017ea - Chiara Design<\/title>\n<meta name=\"robots\" content=\"index, follow, max-snippet:-1, max-image-preview:large, max-video-preview:-1\" \/>\n<link rel=\"canonical\" href=\"https:\/\/chiara-design.com\/sk\/produkt\/kabelka-chiara-bella-svetlobezova-prava-koza\/\" \/>\n<meta property=\"og:locale\" content=\"sk_SK\" \/>\n<meta property=\"og:type\" content=\"article\" \/>\n<meta property=\"og:title\" content=\"Kabelka Chiara Bella Svetlob\u00e9\u017eov\u00e1 Prav\u00e1 ko\u017ea - Chiara Design\" \/>\n<meta property=\"og:description\" content=\"Kabelka Chiara Bella je jedn\u00fdm z najhor\u00facej\u0161\u00edch kabelkov\u00fdch trendov v m\u00f3de. Jej \u0161t\u00edhly, pred\u013a\u017een\u00fd tvar zaru\u010duje, \u017ee sa do nej oplat\u00ed investova\u0165. Bella je kabelka typu east-west, ktor\u00e1 dokonale dopln\u00ed va\u0161e ka\u017edodenn\u00e9 outfity. Kabelka je vyroben\u00e1 z vysokokvalitnej pravej ko\u017ee v nad\u010dasovom b\u00e9\u017eovom odtieni. Zlat\u00e9 kovanie jej dod\u00e1va eleganciu a \u0161ik. Kabelka je mimoriadne \u013eahk\u00e1Read More\" \/>\n<meta property=\"og:url\" content=\"https:\/\/chiara-design.com\/sk\/produkt\/kabelka-chiara-bella-svetlobezova-prava-koza\/\" \/>\n<meta property=\"og:site_name\" content=\"Chiara Design\" \/>\n<meta property=\"article:publisher\" content=\"https:\/\/www.facebook.com\/ChiaraDesignPL\" \/>\n<meta property=\"og:image\" content=\"https:\/\/chiara-design.com\/wp-content\/uploads\/2025\/02\/bella-bez-groszek_1.jpg\" \/>\n\t<meta property=\"og:image:width\" content=\"1900\" \/>\n\t<meta property=\"og:image:height\" content=\"2492\" \/>\n\t<meta property=\"og:image:type\" content=\"image\/jpeg\" \/>\n<meta name=\"twitter:card\" content=\"summary_large_image\" \/>\n<meta name=\"twitter:label1\" content=\"Predpokladan\u00fd \u010das \u010d\u00edtania\" \/>\n\t<meta name=\"twitter:data1\" content=\"1 min\u00fata\" \/>\n<script type=\"application\/ld+json\" class=\"yoast-schema-graph\">{\"@context\":\"https:\\\/\\\/schema.org\",\"@graph\":[{\"@type\":\"WebPage\",\"@id\":\"https:\\\/\\\/chiara-design.com\\\/sk\\\/produkt\\\/kabelka-chiara-bella-svetlobezova-prava-koza\\\/\",\"url\":\"https:\\\/\\\/chiara-design.com\\\/sk\\\/produkt\\\/kabelka-chiara-bella-svetlobezova-prava-koza\\\/\",\"name\":\"Kabelka Chiara Bella Svetlob\u00e9\u017eov\u00e1 Prav\u00e1 ko\u017ea - Chiara Design\",\"isPartOf\":{\"@id\":\"https:\\\/\\\/chiara-design.com\\\/#website\"},\"primaryImageOfPage\":{\"@id\":\"https:\\\/\\\/chiara-design.com\\\/sk\\\/produkt\\\/kabelka-chiara-bella-svetlobezova-prava-koza\\\/#primaryimage\"},\"image\":{\"@id\":\"https:\\\/\\\/chiara-design.com\\\/sk\\\/produkt\\\/kabelka-chiara-bella-svetlobezova-prava-koza\\\/#primaryimage\"},\"thumbnailUrl\":\"https:\\\/\\\/chiara-design.com\\\/wp-content\\\/uploads\\\/2025\\\/02\\\/bella-bez-groszek_1.jpg\",\"datePublished\":\"2025-04-10T16:08:40+00:00\",\"breadcrumb\":{\"@id\":\"https:\\\/\\\/chiara-design.com\\\/sk\\\/produkt\\\/kabelka-chiara-bella-svetlobezova-prava-koza\\\/#breadcrumb\"},\"inLanguage\":\"sk-SK\",\"potentialAction\":[{\"@type\":\"ReadAction\",\"target\":[\"https:\\\/\\\/chiara-design.com\\\/sk\\\/produkt\\\/kabelka-chiara-bella-svetlobezova-prava-koza\\\/\"]}]},{\"@type\":\"ImageObject\",\"inLanguage\":\"sk-SK\",\"@id\":\"https:\\\/\\\/chiara-design.com\\\/sk\\\/produkt\\\/kabelka-chiara-bella-svetlobezova-prava-koza\\\/#primaryimage\",\"url\":\"https:\\\/\\\/chiara-design.com\\\/wp-content\\\/uploads\\\/2025\\\/02\\\/bella-bez-groszek_1.jpg\",\"contentUrl\":\"https:\\\/\\\/chiara-design.com\\\/wp-content\\\/uploads\\\/2025\\\/02\\\/bella-bez-groszek_1.jpg\",\"width\":1900,\"height\":2492},{\"@type\":\"BreadcrumbList\",\"@id\":\"https:\\\/\\\/chiara-design.com\\\/sk\\\/produkt\\\/kabelka-chiara-bella-svetlobezova-prava-koza\\\/#breadcrumb\",\"itemListElement\":[{\"@type\":\"ListItem\",\"position\":1,\"name\":\"Home\",\"item\":\"https:\\\/\\\/chiara-design.com\\\/sk\\\/damske-kabelky-chiara-design\\\/\"},{\"@type\":\"ListItem\",\"position\":2,\"name\":\"Obchod\",\"item\":\"https:\\\/\\\/chiara-design.com\\\/sklep\\\/\"},{\"@type\":\"ListItem\",\"position\":3,\"name\":\"Kabelka Chiara Bella Svetlob\u00e9\u017eov\u00e1 Prav\u00e1 ko\u017ea\"}]},{\"@type\":\"WebSite\",\"@id\":\"https:\\\/\\\/chiara-design.com\\\/#website\",\"url\":\"https:\\\/\\\/chiara-design.com\\\/\",\"name\":\"Chiara Design\",\"description\":\"Tw\u00f3j ulubiony sklep online z torebkami.\",\"publisher\":{\"@id\":\"https:\\\/\\\/chiara-design.com\\\/#organization\"},\"potentialAction\":[{\"@type\":\"SearchAction\",\"target\":{\"@type\":\"EntryPoint\",\"urlTemplate\":\"https:\\\/\\\/chiara-design.com\\\/?s={search_term_string}\"},\"query-input\":{\"@type\":\"PropertyValueSpecification\",\"valueRequired\":true,\"valueName\":\"search_term_string\"}}],\"inLanguage\":\"sk-SK\"},{\"@type\":\"Organization\",\"@id\":\"https:\\\/\\\/chiara-design.com\\\/#organization\",\"name\":\"Chiara Design\",\"url\":\"https:\\\/\\\/chiara-design.com\\\/\",\"logo\":{\"@type\":\"ImageObject\",\"inLanguage\":\"sk-SK\",\"@id\":\"https:\\\/\\\/chiara-design.com\\\/#\\\/schema\\\/logo\\\/image\\\/\",\"url\":\"https:\\\/\\\/chiara-design.com\\\/wp-content\\\/uploads\\\/2024\\\/09\\\/CHIARA-DESIGN-LOGO.png\",\"contentUrl\":\"https:\\\/\\\/chiara-design.com\\\/wp-content\\\/uploads\\\/2024\\\/09\\\/CHIARA-DESIGN-LOGO.png\",\"width\":500,\"height\":158,\"caption\":\"Chiara Design\"},\"image\":{\"@id\":\"https:\\\/\\\/chiara-design.com\\\/#\\\/schema\\\/logo\\\/image\\\/\"},\"sameAs\":[\"https:\\\/\\\/www.facebook.com\\\/ChiaraDesignPL\",\"https:\\\/\\\/www.instagram.com\\\/chiara_design_\\\/\"]}]}<\/script>\n<!-- \/ Yoast SEO plugin. -->","yoast_head_json":{"title":"Kabelka Chiara Bella Svetlob\u00e9\u017eov\u00e1 Prav\u00e1 ko\u017ea - Chiara Design","robots":{"index":"index","follow":"follow","max-snippet":"max-snippet:-1","max-image-preview":"max-image-preview:large","max-video-preview":"max-video-preview:-1"},"canonical":"https:\/\/chiara-design.com\/sk\/produkt\/kabelka-chiara-bella-svetlobezova-prava-koza\/","og_locale":"sk_SK","og_type":"article","og_title":"Kabelka Chiara Bella Svetlob\u00e9\u017eov\u00e1 Prav\u00e1 ko\u017ea - Chiara Design","og_description":"Kabelka Chiara Bella je jedn\u00fdm z najhor\u00facej\u0161\u00edch kabelkov\u00fdch trendov v m\u00f3de. Jej \u0161t\u00edhly, pred\u013a\u017een\u00fd tvar zaru\u010duje, \u017ee sa do nej oplat\u00ed investova\u0165. Bella je kabelka typu east-west, ktor\u00e1 dokonale dopln\u00ed va\u0161e ka\u017edodenn\u00e9 outfity. Kabelka je vyroben\u00e1 z vysokokvalitnej pravej ko\u017ee v nad\u010dasovom b\u00e9\u017eovom odtieni. Zlat\u00e9 kovanie jej dod\u00e1va eleganciu a \u0161ik. Kabelka je mimoriadne \u013eahk\u00e1Read More","og_url":"https:\/\/chiara-design.com\/sk\/produkt\/kabelka-chiara-bella-svetlobezova-prava-koza\/","og_site_name":"Chiara Design","article_publisher":"https:\/\/www.facebook.com\/ChiaraDesignPL","og_image":[{"width":1900,"height":2492,"url":"https:\/\/chiara-design.com\/wp-content\/uploads\/2025\/02\/bella-bez-groszek_1.jpg","type":"image\/jpeg"}],"twitter_card":"summary_large_image","twitter_misc":{"Predpokladan\u00fd \u010das \u010d\u00edtania":"1 min\u00fata"},"schema":{"@context":"https:\/\/schema.org","@graph":[{"@type":"WebPage","@id":"https:\/\/chiara-design.com\/sk\/produkt\/kabelka-chiara-bella-svetlobezova-prava-koza\/","url":"https:\/\/chiara-design.com\/sk\/produkt\/kabelka-chiara-bella-svetlobezova-prava-koza\/","name":"Kabelka Chiara Bella Svetlob\u00e9\u017eov\u00e1 Prav\u00e1 ko\u017ea - Chiara Design","isPartOf":{"@id":"https:\/\/chiara-design.com\/#website"},"primaryImageOfPage":{"@id":"https:\/\/chiara-design.com\/sk\/produkt\/kabelka-chiara-bella-svetlobezova-prava-koza\/#primaryimage"},"image":{"@id":"https:\/\/chiara-design.com\/sk\/produkt\/kabelka-chiara-bella-svetlobezova-prava-koza\/#primaryimage"},"thumbnailUrl":"https:\/\/chiara-design.com\/wp-content\/uploads\/2025\/02\/bella-bez-groszek_1.jpg","datePublished":"2025-04-10T16:08:40+00:00","breadcrumb":{"@id":"https:\/\/chiara-design.com\/sk\/produkt\/kabelka-chiara-bella-svetlobezova-prava-koza\/#breadcrumb"},"inLanguage":"sk-SK","potentialAction":[{"@type":"ReadAction","target":["https:\/\/chiara-design.com\/sk\/produkt\/kabelka-chiara-bella-svetlobezova-prava-koza\/"]}]},{"@type":"ImageObject","inLanguage":"sk-SK","@id":"https:\/\/chiara-design.com\/sk\/produkt\/kabelka-chiara-bella-svetlobezova-prava-koza\/#primaryimage","url":"https:\/\/chiara-design.com\/wp-content\/uploads\/2025\/02\/bella-bez-groszek_1.jpg","contentUrl":"https:\/\/chiara-design.com\/wp-content\/uploads\/2025\/02\/bella-bez-groszek_1.jpg","width":1900,"height":2492},{"@type":"BreadcrumbList","@id":"https:\/\/chiara-design.com\/sk\/produkt\/kabelka-chiara-bella-svetlobezova-prava-koza\/#breadcrumb","itemListElement":[{"@type":"ListItem","position":1,"name":"Home","item":"https:\/\/chiara-design.com\/sk\/damske-kabelky-chiara-design\/"},{"@type":"ListItem","position":2,"name":"Obchod","item":"https:\/\/chiara-design.com\/sklep\/"},{"@type":"ListItem","position":3,"name":"Kabelka Chiara Bella Svetlob\u00e9\u017eov\u00e1 Prav\u00e1 ko\u017ea"}]},{"@type":"WebSite","@id":"https:\/\/chiara-design.com\/#website","url":"https:\/\/chiara-design.com\/","name":"Chiara Design","description":"Tw\u00f3j ulubiony sklep online z torebkami.","publisher":{"@id":"https:\/\/chiara-design.com\/#organization"},"potentialAction":[{"@type":"SearchAction","target":{"@type":"EntryPoint","urlTemplate":"https:\/\/chiara-design.com\/?s={search_term_string}"},"query-input":{"@type":"PropertyValueSpecification","valueRequired":true,"valueName":"search_term_string"}}],"inLanguage":"sk-SK"},{"@type":"Organization","@id":"https:\/\/chiara-design.com\/#organization","name":"Chiara Design","url":"https:\/\/chiara-design.com\/","logo":{"@type":"ImageObject","inLanguage":"sk-SK","@id":"https:\/\/chiara-design.com\/#\/schema\/logo\/image\/","url":"https:\/\/chiara-design.com\/wp-content\/uploads\/2024\/09\/CHIARA-DESIGN-LOGO.png","contentUrl":"https:\/\/chiara-design.com\/wp-content\/uploads\/2024\/09\/CHIARA-DESIGN-LOGO.png","width":500,"height":158,"caption":"Chiara Design"},"image":{"@id":"https:\/\/chiara-design.com\/#\/schema\/logo\/image\/"},"sameAs":["https:\/\/www.facebook.com\/ChiaraDesignPL","https:\/\/www.instagram.com\/chiara_design_\/"]}]}},"jetpack_sharing_enabled":true,"_links":{"self":[{"href":"https:\/\/chiara-design.com\/sk\/wp-json\/wp\/v2\/product\/60089","targetHints":{"allow":["GET"]}}],"collection":[{"href":"https:\/\/chiara-design.com\/sk\/wp-json\/wp\/v2\/product"}],"about":[{"href":"https:\/\/chiara-design.com\/sk\/wp-json\/wp\/v2\/types\/product"}],"replies":[{"embeddable":true,"href":"https:\/\/chiara-design.com\/sk\/wp-json\/wp\/v2\/comments?post=60089"}],"wp:featuredmedia":[{"embeddable":true,"href":"https:\/\/chiara-design.com\/sk\/wp-json\/wp\/v2\/media\/59466"}],"wp:attachment":[{"href":"https:\/\/chiara-design.com\/sk\/wp-json\/wp\/v2\/media?parent=60089"}],"wp:term":[{"taxonomy":"product_brand","embeddable":true,"href":"https:\/\/chiara-design.com\/sk\/wp-json\/wp\/v2\/product_brand?post=60089"},{"taxonomy":"product_cat","embeddable":true,"href":"https:\/\/chiara-design.com\/sk\/wp-json\/wp\/v2\/product_cat?post=60089"},{"taxonomy":"product_tag","embeddable":true,"href":"https:\/\/chiara-design.com\/sk\/wp-json\/wp\/v2\/product_tag?post=60089"}],"curies":[{"name":"wp","href":"https:\/\/api.w.org\/{rel}","templated":true}]}}