{"id":60084,"date":"2024-11-17T01:53:27","date_gmt":"2024-11-17T00:53:27","guid":{"rendered":"https:\/\/chiara-design.com\/product\/batoh-2v1-chiara-m882-martin-cierny-zlate-kovanie\/"},"modified":"2024-11-17T01:53:27","modified_gmt":"2024-11-17T00:53:27","slug":"batoh-2v1-chiara-m882-martin-cierny-zlate-kovanie","status":"publish","type":"product","link":"https:\/\/chiara-design.com\/sk\/produkt\/batoh-2v1-chiara-m882-martin-cierny-zlate-kovanie\/","title":{"rendered":"Batoh 2v1 Chiara m882 MARTIN \u2013 \u010dierny-zlat\u00e9 kovanie"},"content":{"rendered":"<p>Batoh-kabelka Martin je jedine\u010dnou kombin\u00e1ciou funk\u010dnosti batohu s nad\u010dasov\u00fdm \u0161t\u00fdlom kabelky, je to ide\u00e1lne rie\u0161enie pre \u017eeny, ktor\u00e9 si cenia pohodlie a m\u00f3dny vzh\u013ead.<br \/>\nN\u00e1\u0161 batoh-kabelka bol vyroben\u00fd z vysoko kvalitn\u00fdch materi\u00e1lov, ktor\u00e9 zaru\u010duj\u00fa trvanlivos\u0165 a odolnos\u0165 vo\u010di ka\u017edodenn\u00e9mu pou\u017e\u00edvaniu. \u010cierna farba mu dod\u00e1va jemnos\u0165 a eleganciu, hodiaca sa k r\u00f4znym \u0161t\u00fdlom a pr\u00edle\u017eitostiam.<\/p>\n<p>Zlat\u00e9 kovanie, ktor\u00e9 zdob\u00ed tento model, mu dod\u00e1va v\u00fdnimo\u010dn\u00fd lesk a exkluz\u00edvny charakter. Navy\u0161e, s\u00fa pevne upevnen\u00e9, zabezpe\u010duj\u00fac trvanlivos\u0165 a dlhodob\u00e9 pou\u017e\u00edvanie batohu-kabelky.<\/p>\n<p>N\u00e1\u0161 model m\u00e1 mnoho praktick\u00fdch funkci\u00ed, ako je hlavn\u00e1 komora uzatv\u00e1rate\u013en\u00e1 na pevn\u00fd zips, ktor\u00e1 zabezpe\u010duje bezpe\u010dn\u00e9 ulo\u017eenie vec\u00ed. Okrem toho, batoh-kabelka m\u00e1 aj vreck\u00e1 vpredu a zadn\u00e9 vrecko, ide\u00e1lne na ulo\u017eenie men\u0161\u00edch predmetov, ako je mobiln\u00fd telef\u00f3n, pe\u0148a\u017eenka alebo k\u013e\u00fa\u010de.<\/p>\n<p>Nastavite\u013en\u00e9 a pohodln\u00e9 popruhy batohu umo\u017e\u0148uj\u00fa prisp\u00f4sobi\u0165 ho individu\u00e1lnym preferenci\u00e1m. Mo\u017eno ho nosi\u0165 na chrbte, ako aj dr\u017ea\u0165 v ruke, vyu\u017e\u00edvaj\u00fac rukov\u00e4\u0165 umiestnen\u00fa na vrchu batohu.<br \/>\nTento v\u00fdnimo\u010dn\u00fd model je vybaven\u00fd super vychyt\u00e1vkami: zrkadielko v tvare srdca zavesen\u00e9 na retiazke a \u201epiterek\u201c na ulo\u017eenie k\u013e\u00fa\u010da, r\u00fa\u017eu alebo sl\u00fachadiel.<\/p>\n","protected":false},"excerpt":{"rendered":"<p>Batoh-kabelka Martin je jedine\u010dnou kombin\u00e1ciou funk\u010dnosti batohu s nad\u010dasov\u00fdm \u0161t\u00fdlom kabelky, je to ide\u00e1lne rie\u0161enie pre \u017eeny, ktor\u00e9 si cenia pohodlie a m\u00f3dny vzh\u013ead. N\u00e1\u0161 batoh-kabelka bol vyroben\u00fd z vysoko kvalitn\u00fdch materi\u00e1lov, ktor\u00e9 zaru\u010duj\u00fa trvanlivos\u0165 a odolnos\u0165 vo\u010di ka\u017edodenn\u00e9mu pou\u017e\u00edvaniu. \u010cierna farba mu dod\u00e1va jemnos\u0165 a eleganciu, hodiaca sa k r\u00f4znym \u0161t\u00fdlom a pr\u00edle\u017eitostiam. Zlat\u00e9<\/p>\n<div class=\"klb-readmore button\"><a class=\"btn link\" href=\"https:\/\/chiara-design.com\/sk\/produkt\/batoh-2v1-chiara-m882-martin-cierny-zlate-kovanie\/\">Read More <i class=\"klbth-icon-right-arrow\"><\/i><\/a><\/div>\n","protected":false},"featured_media":58986,"comment_status":"open","ping_status":"closed","template":"","meta":[],"product_brand":[177],"product_cat":[629],"product_tag":[636],"class_list":{"0":"post-60084","1":"product","2":"type-product","3":"status-publish","4":"has-post-thumbnail","6":"product_brand-chiara","7":"product_cat-batohy","8":"product_tag-chiara-sk","10":"first","11":"instock","12":"shipping-taxable","13":"purchasable","14":"product-type-simple"},"yoast_head":"<!-- This site is optimized with the Yoast SEO plugin v27.5 - https:\/\/yoast.com\/product\/yoast-seo-wordpress\/ -->\n<title>Batoh 2v1 Chiara m882 MARTIN - \u010dierny-zlat\u00e9 kovanie - Chiara Design<\/title>\n<meta name=\"robots\" content=\"index, follow, max-snippet:-1, max-image-preview:large, max-video-preview:-1\" \/>\n<link rel=\"canonical\" href=\"https:\/\/chiara-design.com\/sk\/produkt\/batoh-2v1-chiara-m882-martin-cierny-zlate-kovanie\/\" \/>\n<meta property=\"og:locale\" content=\"sk_SK\" \/>\n<meta property=\"og:type\" content=\"article\" \/>\n<meta property=\"og:title\" content=\"Batoh 2v1 Chiara m882 MARTIN - \u010dierny-zlat\u00e9 kovanie - Chiara Design\" \/>\n<meta property=\"og:description\" content=\"Batoh-kabelka Martin je jedine\u010dnou kombin\u00e1ciou funk\u010dnosti batohu s nad\u010dasov\u00fdm \u0161t\u00fdlom kabelky, je to ide\u00e1lne rie\u0161enie pre \u017eeny, ktor\u00e9 si cenia pohodlie a m\u00f3dny vzh\u013ead. N\u00e1\u0161 batoh-kabelka bol vyroben\u00fd z vysoko kvalitn\u00fdch materi\u00e1lov, ktor\u00e9 zaru\u010duj\u00fa trvanlivos\u0165 a odolnos\u0165 vo\u010di ka\u017edodenn\u00e9mu pou\u017e\u00edvaniu. \u010cierna farba mu dod\u00e1va jemnos\u0165 a eleganciu, hodiaca sa k r\u00f4znym \u0161t\u00fdlom a pr\u00edle\u017eitostiam. Zlat\u00e9Read More\" \/>\n<meta property=\"og:url\" content=\"https:\/\/chiara-design.com\/sk\/produkt\/batoh-2v1-chiara-m882-martin-cierny-zlate-kovanie\/\" \/>\n<meta property=\"og:site_name\" content=\"Chiara Design\" \/>\n<meta property=\"article:publisher\" content=\"https:\/\/www.facebook.com\/ChiaraDesignPL\" \/>\n<meta property=\"og:image\" content=\"https:\/\/chiara-design.com\/wp-content\/uploads\/2025\/02\/M882-Martin-2.webp\" \/>\n\t<meta property=\"og:image:width\" content=\"1200\" \/>\n\t<meta property=\"og:image:height\" content=\"1500\" \/>\n\t<meta property=\"og:image:type\" content=\"image\/webp\" \/>\n<meta name=\"twitter:card\" content=\"summary_large_image\" \/>\n<meta name=\"twitter:label1\" content=\"Predpokladan\u00fd \u010das \u010d\u00edtania\" \/>\n\t<meta name=\"twitter:data1\" content=\"1 min\u00fata\" \/>\n<script type=\"application\/ld+json\" class=\"yoast-schema-graph\">{\"@context\":\"https:\\\/\\\/schema.org\",\"@graph\":[{\"@type\":\"WebPage\",\"@id\":\"https:\\\/\\\/chiara-design.com\\\/sk\\\/produkt\\\/batoh-2v1-chiara-m882-martin-cierny-zlate-kovanie\\\/\",\"url\":\"https:\\\/\\\/chiara-design.com\\\/sk\\\/produkt\\\/batoh-2v1-chiara-m882-martin-cierny-zlate-kovanie\\\/\",\"name\":\"Batoh 2v1 Chiara m882 MARTIN - \u010dierny-zlat\u00e9 kovanie - Chiara Design\",\"isPartOf\":{\"@id\":\"https:\\\/\\\/chiara-design.com\\\/#website\"},\"primaryImageOfPage\":{\"@id\":\"https:\\\/\\\/chiara-design.com\\\/sk\\\/produkt\\\/batoh-2v1-chiara-m882-martin-cierny-zlate-kovanie\\\/#primaryimage\"},\"image\":{\"@id\":\"https:\\\/\\\/chiara-design.com\\\/sk\\\/produkt\\\/batoh-2v1-chiara-m882-martin-cierny-zlate-kovanie\\\/#primaryimage\"},\"thumbnailUrl\":\"https:\\\/\\\/chiara-design.com\\\/wp-content\\\/uploads\\\/2025\\\/02\\\/M882-Martin-2.webp\",\"datePublished\":\"2024-11-17T00:53:27+00:00\",\"breadcrumb\":{\"@id\":\"https:\\\/\\\/chiara-design.com\\\/sk\\\/produkt\\\/batoh-2v1-chiara-m882-martin-cierny-zlate-kovanie\\\/#breadcrumb\"},\"inLanguage\":\"sk-SK\",\"potentialAction\":[{\"@type\":\"ReadAction\",\"target\":[\"https:\\\/\\\/chiara-design.com\\\/sk\\\/produkt\\\/batoh-2v1-chiara-m882-martin-cierny-zlate-kovanie\\\/\"]}]},{\"@type\":\"ImageObject\",\"inLanguage\":\"sk-SK\",\"@id\":\"https:\\\/\\\/chiara-design.com\\\/sk\\\/produkt\\\/batoh-2v1-chiara-m882-martin-cierny-zlate-kovanie\\\/#primaryimage\",\"url\":\"https:\\\/\\\/chiara-design.com\\\/wp-content\\\/uploads\\\/2025\\\/02\\\/M882-Martin-2.webp\",\"contentUrl\":\"https:\\\/\\\/chiara-design.com\\\/wp-content\\\/uploads\\\/2025\\\/02\\\/M882-Martin-2.webp\",\"width\":1200,\"height\":1500},{\"@type\":\"BreadcrumbList\",\"@id\":\"https:\\\/\\\/chiara-design.com\\\/sk\\\/produkt\\\/batoh-2v1-chiara-m882-martin-cierny-zlate-kovanie\\\/#breadcrumb\",\"itemListElement\":[{\"@type\":\"ListItem\",\"position\":1,\"name\":\"Home\",\"item\":\"https:\\\/\\\/chiara-design.com\\\/sk\\\/damske-kabelky-chiara-design\\\/\"},{\"@type\":\"ListItem\",\"position\":2,\"name\":\"Obchod\",\"item\":\"https:\\\/\\\/chiara-design.com\\\/sklep\\\/\"},{\"@type\":\"ListItem\",\"position\":3,\"name\":\"Batoh 2v1 Chiara m882 MARTIN &#8211; \u010dierny-zlat\u00e9 kovanie\"}]},{\"@type\":\"WebSite\",\"@id\":\"https:\\\/\\\/chiara-design.com\\\/#website\",\"url\":\"https:\\\/\\\/chiara-design.com\\\/\",\"name\":\"Chiara Design\",\"description\":\"Tw\u00f3j ulubiony sklep online z torebkami.\",\"publisher\":{\"@id\":\"https:\\\/\\\/chiara-design.com\\\/#organization\"},\"potentialAction\":[{\"@type\":\"SearchAction\",\"target\":{\"@type\":\"EntryPoint\",\"urlTemplate\":\"https:\\\/\\\/chiara-design.com\\\/?s={search_term_string}\"},\"query-input\":{\"@type\":\"PropertyValueSpecification\",\"valueRequired\":true,\"valueName\":\"search_term_string\"}}],\"inLanguage\":\"sk-SK\"},{\"@type\":\"Organization\",\"@id\":\"https:\\\/\\\/chiara-design.com\\\/#organization\",\"name\":\"Chiara Design\",\"url\":\"https:\\\/\\\/chiara-design.com\\\/\",\"logo\":{\"@type\":\"ImageObject\",\"inLanguage\":\"sk-SK\",\"@id\":\"https:\\\/\\\/chiara-design.com\\\/#\\\/schema\\\/logo\\\/image\\\/\",\"url\":\"https:\\\/\\\/chiara-design.com\\\/wp-content\\\/uploads\\\/2024\\\/09\\\/CHIARA-DESIGN-LOGO.png\",\"contentUrl\":\"https:\\\/\\\/chiara-design.com\\\/wp-content\\\/uploads\\\/2024\\\/09\\\/CHIARA-DESIGN-LOGO.png\",\"width\":500,\"height\":158,\"caption\":\"Chiara Design\"},\"image\":{\"@id\":\"https:\\\/\\\/chiara-design.com\\\/#\\\/schema\\\/logo\\\/image\\\/\"},\"sameAs\":[\"https:\\\/\\\/www.facebook.com\\\/ChiaraDesignPL\",\"https:\\\/\\\/www.instagram.com\\\/chiara_design_\\\/\"]}]}<\/script>\n<!-- \/ Yoast SEO plugin. -->","yoast_head_json":{"title":"Batoh 2v1 Chiara m882 MARTIN - \u010dierny-zlat\u00e9 kovanie - Chiara Design","robots":{"index":"index","follow":"follow","max-snippet":"max-snippet:-1","max-image-preview":"max-image-preview:large","max-video-preview":"max-video-preview:-1"},"canonical":"https:\/\/chiara-design.com\/sk\/produkt\/batoh-2v1-chiara-m882-martin-cierny-zlate-kovanie\/","og_locale":"sk_SK","og_type":"article","og_title":"Batoh 2v1 Chiara m882 MARTIN - \u010dierny-zlat\u00e9 kovanie - Chiara Design","og_description":"Batoh-kabelka Martin je jedine\u010dnou kombin\u00e1ciou funk\u010dnosti batohu s nad\u010dasov\u00fdm \u0161t\u00fdlom kabelky, je to ide\u00e1lne rie\u0161enie pre \u017eeny, ktor\u00e9 si cenia pohodlie a m\u00f3dny vzh\u013ead. N\u00e1\u0161 batoh-kabelka bol vyroben\u00fd z vysoko kvalitn\u00fdch materi\u00e1lov, ktor\u00e9 zaru\u010duj\u00fa trvanlivos\u0165 a odolnos\u0165 vo\u010di ka\u017edodenn\u00e9mu pou\u017e\u00edvaniu. \u010cierna farba mu dod\u00e1va jemnos\u0165 a eleganciu, hodiaca sa k r\u00f4znym \u0161t\u00fdlom a pr\u00edle\u017eitostiam. Zlat\u00e9Read More","og_url":"https:\/\/chiara-design.com\/sk\/produkt\/batoh-2v1-chiara-m882-martin-cierny-zlate-kovanie\/","og_site_name":"Chiara Design","article_publisher":"https:\/\/www.facebook.com\/ChiaraDesignPL","og_image":[{"width":1200,"height":1500,"url":"https:\/\/chiara-design.com\/wp-content\/uploads\/2025\/02\/M882-Martin-2.webp","type":"image\/webp"}],"twitter_card":"summary_large_image","twitter_misc":{"Predpokladan\u00fd \u010das \u010d\u00edtania":"1 min\u00fata"},"schema":{"@context":"https:\/\/schema.org","@graph":[{"@type":"WebPage","@id":"https:\/\/chiara-design.com\/sk\/produkt\/batoh-2v1-chiara-m882-martin-cierny-zlate-kovanie\/","url":"https:\/\/chiara-design.com\/sk\/produkt\/batoh-2v1-chiara-m882-martin-cierny-zlate-kovanie\/","name":"Batoh 2v1 Chiara m882 MARTIN - \u010dierny-zlat\u00e9 kovanie - Chiara Design","isPartOf":{"@id":"https:\/\/chiara-design.com\/#website"},"primaryImageOfPage":{"@id":"https:\/\/chiara-design.com\/sk\/produkt\/batoh-2v1-chiara-m882-martin-cierny-zlate-kovanie\/#primaryimage"},"image":{"@id":"https:\/\/chiara-design.com\/sk\/produkt\/batoh-2v1-chiara-m882-martin-cierny-zlate-kovanie\/#primaryimage"},"thumbnailUrl":"https:\/\/chiara-design.com\/wp-content\/uploads\/2025\/02\/M882-Martin-2.webp","datePublished":"2024-11-17T00:53:27+00:00","breadcrumb":{"@id":"https:\/\/chiara-design.com\/sk\/produkt\/batoh-2v1-chiara-m882-martin-cierny-zlate-kovanie\/#breadcrumb"},"inLanguage":"sk-SK","potentialAction":[{"@type":"ReadAction","target":["https:\/\/chiara-design.com\/sk\/produkt\/batoh-2v1-chiara-m882-martin-cierny-zlate-kovanie\/"]}]},{"@type":"ImageObject","inLanguage":"sk-SK","@id":"https:\/\/chiara-design.com\/sk\/produkt\/batoh-2v1-chiara-m882-martin-cierny-zlate-kovanie\/#primaryimage","url":"https:\/\/chiara-design.com\/wp-content\/uploads\/2025\/02\/M882-Martin-2.webp","contentUrl":"https:\/\/chiara-design.com\/wp-content\/uploads\/2025\/02\/M882-Martin-2.webp","width":1200,"height":1500},{"@type":"BreadcrumbList","@id":"https:\/\/chiara-design.com\/sk\/produkt\/batoh-2v1-chiara-m882-martin-cierny-zlate-kovanie\/#breadcrumb","itemListElement":[{"@type":"ListItem","position":1,"name":"Home","item":"https:\/\/chiara-design.com\/sk\/damske-kabelky-chiara-design\/"},{"@type":"ListItem","position":2,"name":"Obchod","item":"https:\/\/chiara-design.com\/sklep\/"},{"@type":"ListItem","position":3,"name":"Batoh 2v1 Chiara m882 MARTIN &#8211; \u010dierny-zlat\u00e9 kovanie"}]},{"@type":"WebSite","@id":"https:\/\/chiara-design.com\/#website","url":"https:\/\/chiara-design.com\/","name":"Chiara Design","description":"Tw\u00f3j ulubiony sklep online z torebkami.","publisher":{"@id":"https:\/\/chiara-design.com\/#organization"},"potentialAction":[{"@type":"SearchAction","target":{"@type":"EntryPoint","urlTemplate":"https:\/\/chiara-design.com\/?s={search_term_string}"},"query-input":{"@type":"PropertyValueSpecification","valueRequired":true,"valueName":"search_term_string"}}],"inLanguage":"sk-SK"},{"@type":"Organization","@id":"https:\/\/chiara-design.com\/#organization","name":"Chiara Design","url":"https:\/\/chiara-design.com\/","logo":{"@type":"ImageObject","inLanguage":"sk-SK","@id":"https:\/\/chiara-design.com\/#\/schema\/logo\/image\/","url":"https:\/\/chiara-design.com\/wp-content\/uploads\/2024\/09\/CHIARA-DESIGN-LOGO.png","contentUrl":"https:\/\/chiara-design.com\/wp-content\/uploads\/2024\/09\/CHIARA-DESIGN-LOGO.png","width":500,"height":158,"caption":"Chiara Design"},"image":{"@id":"https:\/\/chiara-design.com\/#\/schema\/logo\/image\/"},"sameAs":["https:\/\/www.facebook.com\/ChiaraDesignPL","https:\/\/www.instagram.com\/chiara_design_\/"]}]}},"jetpack_sharing_enabled":true,"_links":{"self":[{"href":"https:\/\/chiara-design.com\/sk\/wp-json\/wp\/v2\/product\/60084","targetHints":{"allow":["GET"]}}],"collection":[{"href":"https:\/\/chiara-design.com\/sk\/wp-json\/wp\/v2\/product"}],"about":[{"href":"https:\/\/chiara-design.com\/sk\/wp-json\/wp\/v2\/types\/product"}],"replies":[{"embeddable":true,"href":"https:\/\/chiara-design.com\/sk\/wp-json\/wp\/v2\/comments?post=60084"}],"wp:featuredmedia":[{"embeddable":true,"href":"https:\/\/chiara-design.com\/sk\/wp-json\/wp\/v2\/media\/58986"}],"wp:attachment":[{"href":"https:\/\/chiara-design.com\/sk\/wp-json\/wp\/v2\/media?parent=60084"}],"wp:term":[{"taxonomy":"product_brand","embeddable":true,"href":"https:\/\/chiara-design.com\/sk\/wp-json\/wp\/v2\/product_brand?post=60084"},{"taxonomy":"product_cat","embeddable":true,"href":"https:\/\/chiara-design.com\/sk\/wp-json\/wp\/v2\/product_cat?post=60084"},{"taxonomy":"product_tag","embeddable":true,"href":"https:\/\/chiara-design.com\/sk\/wp-json\/wp\/v2\/product_tag?post=60084"}],"curies":[{"name":"wp","href":"https:\/\/api.w.org\/{rel}","templated":true}]}}