{"id":60062,"date":"2020-01-13T06:50:18","date_gmt":"2020-01-13T05:50:18","guid":{"rendered":"https:\/\/chiara-design.com\/o-nas\/"},"modified":"2025-08-25T23:25:05","modified_gmt":"2025-08-25T21:25:05","slug":"o-nas","status":"publish","type":"page","link":"https:\/\/chiara-design.com\/sk\/o-nas\/","title":{"rendered":"O n\u00e1s"},"content":{"rendered":"\t\t<div data-elementor-type=\"wp-page\" data-elementor-id=\"60062\" class=\"elementor elementor-60062 elementor-9095\">\n\t\t\t\t<div class=\"elementor-element elementor-element-3ee835d e-flex e-con-boxed e-con e-parent\" data-id=\"3ee835d\" data-element_type=\"container\" data-e-type=\"container\">\n\t\t\t\t\t<div class=\"e-con-inner\">\n\t\t\t\t<div class=\"elementor-element elementor-element-c129bf2 elementor-widget elementor-widget-spacer\" data-id=\"c129bf2\" data-element_type=\"widget\" data-e-type=\"widget\" data-widget_type=\"spacer.default\">\n\t\t\t\t<div class=\"elementor-widget-container\">\n\t\t\t\t\t\t\t<div class=\"elementor-spacer\">\n\t\t\t<div class=\"elementor-spacer-inner\"><\/div>\n\t\t<\/div>\n\t\t\t\t\t\t<\/div>\n\t\t\t\t<\/div>\n\t\t\t\t<div class=\"elementor-element elementor-element-feb52de elementor-widget elementor-widget-text-editor\" data-id=\"feb52de\" data-element_type=\"widget\" data-e-type=\"widget\" data-widget_type=\"text-editor.default\">\n\t\t\t\t<div class=\"elementor-widget-container\">\n\t\t\t\t\t\t\t\t\t<p><strong>Sme rodinn\u00e1 firma, ktor\u00e1 vznikla v Radome v roku 1995.<\/strong><\/p><p data-start=\"64\" data-end=\"493\" data-is-last-node=\"\" data-is-only-node=\"\">Na\u0161a firma m\u00e1 100% po\u013esk\u00fd kapit\u00e1l a zamestn\u00e1va viac ako 100 \u013eud\u00ed. Roky kladieme d\u00f4raz na kvalitu a inov\u00e1cie, \u010do sa odrazilo v zna\u010dke Chiara Design. Produkty tejto zna\u010dky sa vyzna\u010duj\u00fa jedine\u010dn\u00fdm dizajnom a starostlivo vybran\u00fdmi materi\u00e1lmi, ktor\u00e9 dod\u00e1vaj\u00fa ka\u017ed\u00e9mu interi\u00e9ru v\u00fdnimo\u010dn\u00fd charakter. V\u010faka modern\u00fdm rie\u0161eniam a d\u00f4razu na detaily vytv\u00e1ra Chiara Design priestory, v ktor\u00fdch sa elegancia stret\u00e1va s kreativitou.   <\/p>\t\t\t\t\t\t\t\t<\/div>\n\t\t\t\t<\/div>\n\t\t\t\t\t<\/div>\n\t\t\t\t<\/div>\n\t\t<div class=\"elementor-element elementor-element-e0411d7 e-flex e-con-boxed e-con e-parent\" data-id=\"e0411d7\" data-element_type=\"container\" data-e-type=\"container\">\n\t\t\t\t\t<div class=\"e-con-inner\">\n\t\t\t\t<div class=\"elementor-element elementor-element-e83ab6d elementor-widget-divider--view-line elementor-widget elementor-widget-divider\" data-id=\"e83ab6d\" data-element_type=\"widget\" data-e-type=\"widget\" data-widget_type=\"divider.default\">\n\t\t\t\t<div class=\"elementor-widget-container\">\n\t\t\t\t\t\t\t<div class=\"elementor-divider\">\n\t\t\t<span class=\"elementor-divider-separator\">\n\t\t\t\t\t\t<\/span>\n\t\t<\/div>\n\t\t\t\t\t\t<\/div>\n\t\t\t\t<\/div>\n\t\t\t\t<div class=\"elementor-element elementor-element-d6f468f elementor-widget elementor-widget-text-editor\" data-id=\"d6f468f\" data-element_type=\"widget\" data-e-type=\"widget\" data-widget_type=\"text-editor.default\">\n\t\t\t\t<div class=\"elementor-widget-container\">\n\t\t\t\t\t\t\t\t\t<p><b>\u010c\u00edm sa vyzna\u010duje na\u0161a zna\u010dka?<\/b><\/p><p><b>Zna\u010dka Chiara Design<\/b> bola vytvoren\u00e1 s my\u0161lienkou na modern\u00fa \u017eenu, ktor\u00e1 potrebuje funk\u010dn\u00e9 aj \u0161t\u00fdlov\u00e9 kabelky na ka\u017ed\u00fd de\u0148 \u2013 teda pre V\u00e1s.<br>Kabelky Chiara Design sa vyzna\u010duj\u00fa inovat\u00edvnym vn\u00fatrom a \u017eensk\u00fdm \u0161t\u00fdlom.<br>Vytv\u00e1rame pre V\u00e1s limitovan\u00e9 kolekcie, ktor\u00e9 V\u00e1m umo\u017enia by\u0165 sama sebou a vyjadri\u0165 svoj jedine\u010dn\u00fd \u0161t\u00fdl.<\/p>\t\t\t\t\t\t\t\t<\/div>\n\t\t\t\t<\/div>\n\t\t\t\t\t<\/div>\n\t\t\t\t<\/div>\n\t\t<div class=\"elementor-element elementor-element-1e479ad e-flex e-con-boxed e-con e-parent\" data-id=\"1e479ad\" data-element_type=\"container\" data-e-type=\"container\">\n\t\t\t\t\t<div class=\"e-con-inner\">\n\t\t\t\t<div class=\"elementor-element elementor-element-6b5516e elementor-widget-divider--view-line elementor-widget elementor-widget-divider\" data-id=\"6b5516e\" data-element_type=\"widget\" data-e-type=\"widget\" data-widget_type=\"divider.default\">\n\t\t\t\t<div class=\"elementor-widget-container\">\n\t\t\t\t\t\t\t<div class=\"elementor-divider\">\n\t\t\t<span class=\"elementor-divider-separator\">\n\t\t\t\t\t\t<\/span>\n\t\t<\/div>\n\t\t\t\t\t\t<\/div>\n\t\t\t\t<\/div>\n\t\t\t\t<div class=\"elementor-element elementor-element-1cdc857 elementor-widget elementor-widget-text-editor\" data-id=\"1cdc857\" data-element_type=\"widget\" data-e-type=\"widget\" data-widget_type=\"text-editor.default\">\n\t\t\t\t<div class=\"elementor-widget-container\">\n\t\t\t\t\t\t\t\t\t<p><b>Sme hrd\u00ed <\/b>na to, \u017ee na\u0161a zna\u010dka <b>Chiara Design<\/b> bola ocenen\u00e1 a odmenen\u00e1 zlatou medailou na Medzin\u00e1rodnom ve\u013etrhu v Poznani za sofistikovan\u00fd \u0161t\u00fdl a jedine\u010dn\u00e9 rie\u0161enia, ktor\u00e9 pou\u017e\u00edvame v na\u0161ich kabelk\u00e1ch.<\/p><p>Na\u0161\u00edm cie\u013eom je uk\u00e1za\u0165, \u017ee kvalitn\u00e9 a \u0161t\u00fdlov\u00e9 kabelky m\u00f4\u017eu by\u0165 vyroben\u00e9 nielen z ko\u017ee, ale aj z ekologick\u00fdch materi\u00e1lov.<\/p>\t\t\t\t\t\t\t\t<\/div>\n\t\t\t\t<\/div>\n\t\t\t\t\t<\/div>\n\t\t\t\t<\/div>\n\t\t<div class=\"elementor-element elementor-element-feb3fc0 e-flex e-con-boxed e-con e-parent\" data-id=\"feb3fc0\" data-element_type=\"container\" data-e-type=\"container\">\n\t\t\t\t\t<div class=\"e-con-inner\">\n\t\t\t\t<div class=\"elementor-element elementor-element-0cb204c elementor-widget-divider--view-line elementor-widget elementor-widget-divider\" data-id=\"0cb204c\" data-element_type=\"widget\" data-e-type=\"widget\" data-widget_type=\"divider.default\">\n\t\t\t\t<div class=\"elementor-widget-container\">\n\t\t\t\t\t\t\t<div class=\"elementor-divider\">\n\t\t\t<span class=\"elementor-divider-separator\">\n\t\t\t\t\t\t<\/span>\n\t\t<\/div>\n\t\t\t\t\t\t<\/div>\n\t\t\t\t<\/div>\n\t\t\t\t\t<\/div>\n\t\t\t\t<\/div>\n\t\t<div class=\"elementor-element elementor-element-4b89d02 e-flex e-con-boxed e-con e-parent\" data-id=\"4b89d02\" data-element_type=\"container\" data-e-type=\"container\">\n\t\t\t\t\t<div class=\"e-con-inner\">\n\t\t\t\t<div class=\"elementor-element elementor-element-a7bc99c elementor-widget elementor-widget-text-editor\" data-id=\"a7bc99c\" data-element_type=\"widget\" data-e-type=\"widget\" data-widget_type=\"text-editor.default\">\n\t\t\t\t<div class=\"elementor-widget-container\">\n\t\t\t\t\t\t\t\t\t<p><span style=\"font-weight: bold;\">Materi\u00e1ly si vyber\u00e1me sami<\/span>, <span style=\"font-weight: bold;\">navrhujeme limitovan\u00e9 kolekcie<\/span> in\u0161piruj\u00fac sa najnov\u0161\u00edmi m\u00f3dnymi trendmi a kontrolujeme kvalitu na\u0161ich produktov. V\u010faka tomu si m\u00f4\u017eete by\u0165 ist\u00e1 jedine\u010dnos\u0165ou a originalitou na\u0161ich kabeliek. <\/p><p>Zabezpe\u010dujeme najvy\u0161\u0161iu kvalitu na\u0161ich produktov, preto vykon\u00e1vame po\u010detn\u00e9 testy na\u0161ich kabeliek, aby ste dostali produkt najvy\u0161\u0161ieho \u0161tandardu. Va\u0161a spokojnos\u0165 je pre n\u00e1s prioritou, preto db\u00e1me na vynikaj\u00faci n\u00e1kupn\u00fd z\u00e1\u017eitok a pon\u00fakame produkty najvy\u0161\u0161ej kvality. <\/p>\t\t\t\t\t\t\t\t<\/div>\n\t\t\t\t<\/div>\n\t\t\t\t\t<\/div>\n\t\t\t\t<\/div>\n\t\t<div class=\"elementor-element elementor-element-9cd8f08 e-flex e-con-boxed e-con e-parent\" data-id=\"9cd8f08\" data-element_type=\"container\" data-e-type=\"container\">\n\t\t\t\t\t<div class=\"e-con-inner\">\n\t\t\t\t<div class=\"elementor-element elementor-element-6b16c91 elementor-widget-divider--view-line elementor-widget elementor-widget-divider\" data-id=\"6b16c91\" data-element_type=\"widget\" data-e-type=\"widget\" data-widget_type=\"divider.default\">\n\t\t\t\t<div class=\"elementor-widget-container\">\n\t\t\t\t\t\t\t<div class=\"elementor-divider\">\n\t\t\t<span class=\"elementor-divider-separator\">\n\t\t\t\t\t\t<\/span>\n\t\t<\/div>\n\t\t\t\t\t\t<\/div>\n\t\t\t\t<\/div>\n\t\t\t\t\t<\/div>\n\t\t\t\t<\/div>\n\t\t<div class=\"elementor-element elementor-element-74de479 e-flex e-con-boxed e-con e-parent\" data-id=\"74de479\" data-element_type=\"container\" data-e-type=\"container\">\n\t\t\t\t\t<div class=\"e-con-inner\">\n\t\t\t\t<div class=\"elementor-element elementor-element-9e712c4 elementor-widget elementor-widget-text-editor\" data-id=\"9e712c4\" data-element_type=\"widget\" data-e-type=\"widget\" data-widget_type=\"text-editor.default\">\n\t\t\t\t<div class=\"elementor-widget-container\">\n\t\t\t\t\t\t\t\t\t<p><b>Vklad\u00e1me do toho, \u010do rob\u00edme, ve\u013ea srdca,<\/b> preto\u017ee to rob\u00edme s v\u00e1\u0161\u0148ou.<\/p><p>Pridajte sa k radu \u0161\u0165astn\u00fdch majiteliek kabeliek Chiara a presved\u010dte sa o kvalite, \u0161t\u00fdle a funk\u010dnosti na\u0161ich produktov, ide\u00e1lnych na ka\u017ed\u00fa pr\u00edle\u017eitos\u0165.<\/p><p>Na\u0161e kabelky s\u00fa ide\u00e1lnou vo\u013ebou do pr\u00e1ce, na univerzitu, na n\u00e1kupy, ako aj na prech\u00e1dzku \u010di rande.<\/p><p>V\u010faka testom tkan\u00edn, funk\u010dnosti a odolnosti garantujeme, \u017ee na\u0161e kabelky splnia Va\u0161e najvy\u0161\u0161ie po\u017eiadavky na kvalitu a \u0161t\u00fdl.<\/p>\t\t\t\t\t\t\t\t<\/div>\n\t\t\t\t<\/div>\n\t\t\t\t\t<\/div>\n\t\t\t\t<\/div>\n\t\t\t\t<\/div>\n\t\t","protected":false},"excerpt":{"rendered":"<p>Sme rodinn\u00e1 firma, ktor\u00e1 vznikla v Radome v roku 1995. Na\u0161a firma m\u00e1 100% po\u013esk\u00fd kapit\u00e1l a zamestn\u00e1va viac ako 100 \u013eud\u00ed. Roky kladieme d\u00f4raz na kvalitu a inov\u00e1cie, \u010do sa odrazilo v zna\u010dke Chiara Design. Produkty tejto zna\u010dky sa vyzna\u010duj\u00fa jedine\u010dn\u00fdm dizajnom a starostlivo vybran\u00fdmi materi\u00e1lmi, ktor\u00e9 dod\u00e1vaj\u00fa ka\u017ed\u00e9mu interi\u00e9ru v\u00fdnimo\u010dn\u00fd charakter. V\u010faka modern\u00fdm<\/p>\n<div class=\"klb-readmore button\"><a class=\"btn link\" href=\"https:\/\/chiara-design.com\/sk\/o-nas\/\">Read More <i class=\"klbth-icon-right-arrow\"><\/i><\/a><\/div>\n","protected":false},"author":1,"featured_media":0,"parent":0,"menu_order":0,"comment_status":"closed","ping_status":"closed","template":"","meta":{"footnotes":""},"class_list":["post-60062","page","type-page","status-publish","hentry"],"yoast_head":"<!-- This site is optimized with the Yoast SEO plugin v27.5 - https:\/\/yoast.com\/product\/yoast-seo-wordpress\/ -->\n<title>O n\u00e1s - Chiara Design<\/title>\n<meta name=\"robots\" content=\"index, follow, max-snippet:-1, max-image-preview:large, max-video-preview:-1\" \/>\n<link rel=\"canonical\" href=\"https:\/\/chiara-design.com\/sk\/o-nas\/\" \/>\n<meta property=\"og:locale\" content=\"sk_SK\" \/>\n<meta property=\"og:type\" content=\"article\" \/>\n<meta property=\"og:title\" content=\"O n\u00e1s - Chiara Design\" \/>\n<meta property=\"og:description\" content=\"Sme rodinn\u00e1 firma, ktor\u00e1 vznikla v Radome v roku 1995. Na\u0161a firma m\u00e1 100% po\u013esk\u00fd kapit\u00e1l a zamestn\u00e1va viac ako 100 \u013eud\u00ed. Roky kladieme d\u00f4raz na kvalitu a inov\u00e1cie, \u010do sa odrazilo v zna\u010dke Chiara Design. Produkty tejto zna\u010dky sa vyzna\u010duj\u00fa jedine\u010dn\u00fdm dizajnom a starostlivo vybran\u00fdmi materi\u00e1lmi, ktor\u00e9 dod\u00e1vaj\u00fa ka\u017ed\u00e9mu interi\u00e9ru v\u00fdnimo\u010dn\u00fd charakter. V\u010faka modern\u00fdmRead More\" \/>\n<meta property=\"og:url\" content=\"https:\/\/chiara-design.com\/sk\/o-nas\/\" \/>\n<meta property=\"og:site_name\" content=\"Chiara Design\" \/>\n<meta property=\"article:publisher\" content=\"https:\/\/www.facebook.com\/ChiaraDesignPL\" \/>\n<meta property=\"article:modified_time\" content=\"2025-08-25T21:25:05+00:00\" \/>\n<meta name=\"twitter:card\" content=\"summary_large_image\" \/>\n<meta name=\"twitter:label1\" content=\"Predpokladan\u00fd \u010das \u010d\u00edtania\" \/>\n\t<meta name=\"twitter:data1\" content=\"2 min\u00faty\" \/>\n<script type=\"application\/ld+json\" class=\"yoast-schema-graph\">{\"@context\":\"https:\\\/\\\/schema.org\",\"@graph\":[{\"@type\":\"WebPage\",\"@id\":\"https:\\\/\\\/chiara-design.com\\\/sk\\\/o-nas\\\/\",\"url\":\"https:\\\/\\\/chiara-design.com\\\/sk\\\/o-nas\\\/\",\"name\":\"O n\u00e1s - Chiara Design\",\"isPartOf\":{\"@id\":\"https:\\\/\\\/chiara-design.com\\\/#website\"},\"datePublished\":\"2020-01-13T05:50:18+00:00\",\"dateModified\":\"2025-08-25T21:25:05+00:00\",\"breadcrumb\":{\"@id\":\"https:\\\/\\\/chiara-design.com\\\/sk\\\/o-nas\\\/#breadcrumb\"},\"inLanguage\":\"sk-SK\",\"potentialAction\":[{\"@type\":\"ReadAction\",\"target\":[\"https:\\\/\\\/chiara-design.com\\\/sk\\\/o-nas\\\/\"]}]},{\"@type\":\"BreadcrumbList\",\"@id\":\"https:\\\/\\\/chiara-design.com\\\/sk\\\/o-nas\\\/#breadcrumb\",\"itemListElement\":[{\"@type\":\"ListItem\",\"position\":1,\"name\":\"Home\",\"item\":\"https:\\\/\\\/chiara-design.com\\\/sk\\\/damske-kabelky-chiara-design\\\/\"},{\"@type\":\"ListItem\",\"position\":2,\"name\":\"O n\u00e1s\"}]},{\"@type\":\"WebSite\",\"@id\":\"https:\\\/\\\/chiara-design.com\\\/#website\",\"url\":\"https:\\\/\\\/chiara-design.com\\\/\",\"name\":\"Chiara Design\",\"description\":\"Tw\u00f3j ulubiony sklep online z torebkami.\",\"publisher\":{\"@id\":\"https:\\\/\\\/chiara-design.com\\\/#organization\"},\"potentialAction\":[{\"@type\":\"SearchAction\",\"target\":{\"@type\":\"EntryPoint\",\"urlTemplate\":\"https:\\\/\\\/chiara-design.com\\\/?s={search_term_string}\"},\"query-input\":{\"@type\":\"PropertyValueSpecification\",\"valueRequired\":true,\"valueName\":\"search_term_string\"}}],\"inLanguage\":\"sk-SK\"},{\"@type\":\"Organization\",\"@id\":\"https:\\\/\\\/chiara-design.com\\\/#organization\",\"name\":\"Chiara Design\",\"url\":\"https:\\\/\\\/chiara-design.com\\\/\",\"logo\":{\"@type\":\"ImageObject\",\"inLanguage\":\"sk-SK\",\"@id\":\"https:\\\/\\\/chiara-design.com\\\/#\\\/schema\\\/logo\\\/image\\\/\",\"url\":\"https:\\\/\\\/chiara-design.com\\\/wp-content\\\/uploads\\\/2024\\\/09\\\/CHIARA-DESIGN-LOGO.png\",\"contentUrl\":\"https:\\\/\\\/chiara-design.com\\\/wp-content\\\/uploads\\\/2024\\\/09\\\/CHIARA-DESIGN-LOGO.png\",\"width\":500,\"height\":158,\"caption\":\"Chiara Design\"},\"image\":{\"@id\":\"https:\\\/\\\/chiara-design.com\\\/#\\\/schema\\\/logo\\\/image\\\/\"},\"sameAs\":[\"https:\\\/\\\/www.facebook.com\\\/ChiaraDesignPL\",\"https:\\\/\\\/www.instagram.com\\\/chiara_design_\\\/\"]}]}<\/script>\n<!-- \/ Yoast SEO plugin. -->","yoast_head_json":{"title":"O n\u00e1s - Chiara Design","robots":{"index":"index","follow":"follow","max-snippet":"max-snippet:-1","max-image-preview":"max-image-preview:large","max-video-preview":"max-video-preview:-1"},"canonical":"https:\/\/chiara-design.com\/sk\/o-nas\/","og_locale":"sk_SK","og_type":"article","og_title":"O n\u00e1s - Chiara Design","og_description":"Sme rodinn\u00e1 firma, ktor\u00e1 vznikla v Radome v roku 1995. Na\u0161a firma m\u00e1 100% po\u013esk\u00fd kapit\u00e1l a zamestn\u00e1va viac ako 100 \u013eud\u00ed. Roky kladieme d\u00f4raz na kvalitu a inov\u00e1cie, \u010do sa odrazilo v zna\u010dke Chiara Design. Produkty tejto zna\u010dky sa vyzna\u010duj\u00fa jedine\u010dn\u00fdm dizajnom a starostlivo vybran\u00fdmi materi\u00e1lmi, ktor\u00e9 dod\u00e1vaj\u00fa ka\u017ed\u00e9mu interi\u00e9ru v\u00fdnimo\u010dn\u00fd charakter. V\u010faka modern\u00fdmRead More","og_url":"https:\/\/chiara-design.com\/sk\/o-nas\/","og_site_name":"Chiara Design","article_publisher":"https:\/\/www.facebook.com\/ChiaraDesignPL","article_modified_time":"2025-08-25T21:25:05+00:00","twitter_card":"summary_large_image","twitter_misc":{"Predpokladan\u00fd \u010das \u010d\u00edtania":"2 min\u00faty"},"schema":{"@context":"https:\/\/schema.org","@graph":[{"@type":"WebPage","@id":"https:\/\/chiara-design.com\/sk\/o-nas\/","url":"https:\/\/chiara-design.com\/sk\/o-nas\/","name":"O n\u00e1s - Chiara Design","isPartOf":{"@id":"https:\/\/chiara-design.com\/#website"},"datePublished":"2020-01-13T05:50:18+00:00","dateModified":"2025-08-25T21:25:05+00:00","breadcrumb":{"@id":"https:\/\/chiara-design.com\/sk\/o-nas\/#breadcrumb"},"inLanguage":"sk-SK","potentialAction":[{"@type":"ReadAction","target":["https:\/\/chiara-design.com\/sk\/o-nas\/"]}]},{"@type":"BreadcrumbList","@id":"https:\/\/chiara-design.com\/sk\/o-nas\/#breadcrumb","itemListElement":[{"@type":"ListItem","position":1,"name":"Home","item":"https:\/\/chiara-design.com\/sk\/damske-kabelky-chiara-design\/"},{"@type":"ListItem","position":2,"name":"O n\u00e1s"}]},{"@type":"WebSite","@id":"https:\/\/chiara-design.com\/#website","url":"https:\/\/chiara-design.com\/","name":"Chiara Design","description":"Tw\u00f3j ulubiony sklep online z torebkami.","publisher":{"@id":"https:\/\/chiara-design.com\/#organization"},"potentialAction":[{"@type":"SearchAction","target":{"@type":"EntryPoint","urlTemplate":"https:\/\/chiara-design.com\/?s={search_term_string}"},"query-input":{"@type":"PropertyValueSpecification","valueRequired":true,"valueName":"search_term_string"}}],"inLanguage":"sk-SK"},{"@type":"Organization","@id":"https:\/\/chiara-design.com\/#organization","name":"Chiara Design","url":"https:\/\/chiara-design.com\/","logo":{"@type":"ImageObject","inLanguage":"sk-SK","@id":"https:\/\/chiara-design.com\/#\/schema\/logo\/image\/","url":"https:\/\/chiara-design.com\/wp-content\/uploads\/2024\/09\/CHIARA-DESIGN-LOGO.png","contentUrl":"https:\/\/chiara-design.com\/wp-content\/uploads\/2024\/09\/CHIARA-DESIGN-LOGO.png","width":500,"height":158,"caption":"Chiara Design"},"image":{"@id":"https:\/\/chiara-design.com\/#\/schema\/logo\/image\/"},"sameAs":["https:\/\/www.facebook.com\/ChiaraDesignPL","https:\/\/www.instagram.com\/chiara_design_\/"]}]}},"jetpack_sharing_enabled":true,"_links":{"self":[{"href":"https:\/\/chiara-design.com\/sk\/wp-json\/wp\/v2\/pages\/60062","targetHints":{"allow":["GET"]}}],"collection":[{"href":"https:\/\/chiara-design.com\/sk\/wp-json\/wp\/v2\/pages"}],"about":[{"href":"https:\/\/chiara-design.com\/sk\/wp-json\/wp\/v2\/types\/page"}],"author":[{"embeddable":true,"href":"https:\/\/chiara-design.com\/sk\/wp-json\/wp\/v2\/users\/1"}],"replies":[{"embeddable":true,"href":"https:\/\/chiara-design.com\/sk\/wp-json\/wp\/v2\/comments?post=60062"}],"version-history":[{"count":0,"href":"https:\/\/chiara-design.com\/sk\/wp-json\/wp\/v2\/pages\/60062\/revisions"}],"wp:attachment":[{"href":"https:\/\/chiara-design.com\/sk\/wp-json\/wp\/v2\/media?parent=60062"}],"curies":[{"name":"wp","href":"https:\/\/api.w.org\/{rel}","templated":true}]}}