{"id":60057,"date":"2025-03-18T11:43:18","date_gmt":"2025-03-18T10:43:18","guid":{"rendered":"https:\/\/chiara-design.com\/dakujem\/"},"modified":"2025-08-25T23:24:38","modified_gmt":"2025-08-25T21:24:38","slug":"dakujem","status":"publish","type":"page","link":"https:\/\/chiara-design.com\/sk\/dakujem\/","title":{"rendered":"\u010eakujem"},"content":{"rendered":"\t\t<div data-elementor-type=\"wp-page\" data-elementor-id=\"60057\" class=\"elementor elementor-60057 elementor-53461\">\n\t\t\t\t<div class=\"elementor-element elementor-element-b0e2f9a e-flex e-con-boxed e-con e-parent\" data-id=\"b0e2f9a\" data-element_type=\"container\" data-e-type=\"container\">\n\t\t\t\t\t<div class=\"e-con-inner\">\n\t\t\t\t<div class=\"elementor-element elementor-element-6d1024a elementor-widget elementor-widget-image\" data-id=\"6d1024a\" data-element_type=\"widget\" data-e-type=\"widget\" data-widget_type=\"image.default\">\n\t\t\t\t<div class=\"elementor-widget-container\">\n\t\t\t\t\t\t\t\t\t\t\t\t\t\t\t<img decoding=\"async\" width=\"300\" height=\"131\" src=\"https:\/\/chiara-design.com\/wp-content\/uploads\/2025\/01\/CHIARA-DESIGN-LOGO-H500-300x131.jpg\" class=\"attachment-medium size-medium wp-image-58770\" alt=\"\" srcset=\"https:\/\/chiara-design.com\/wp-content\/uploads\/2025\/01\/CHIARA-DESIGN-LOGO-H500-300x131.jpg 300w, https:\/\/chiara-design.com\/wp-content\/uploads\/2025\/01\/CHIARA-DESIGN-LOGO-H500-1024x447.jpg 1024w, https:\/\/chiara-design.com\/wp-content\/uploads\/2025\/01\/CHIARA-DESIGN-LOGO-H500-768x335.jpg 768w, https:\/\/chiara-design.com\/wp-content\/uploads\/2025\/01\/CHIARA-DESIGN-LOGO-H500-650x284.jpg 650w, https:\/\/chiara-design.com\/wp-content\/uploads\/2025\/01\/CHIARA-DESIGN-LOGO-H500-90x39.jpg 90w, https:\/\/chiara-design.com\/wp-content\/uploads\/2025\/01\/CHIARA-DESIGN-LOGO-H500.jpg 1146w\" sizes=\"(max-width: 300px) 100vw, 300px\" \/>\t\t\t\t\t\t\t\t\t\t\t\t\t\t\t<\/div>\n\t\t\t\t<\/div>\n\t\t\t\t\t<\/div>\n\t\t\t\t<\/div>\n\t\t<div class=\"elementor-element elementor-element-e463fa5 e-flex e-con-boxed e-con e-parent\" data-id=\"e463fa5\" data-element_type=\"container\" data-e-type=\"container\">\n\t\t\t\t\t<div class=\"e-con-inner\">\n\t\t<div class=\"elementor-element elementor-element-e1ff1f3 e-con-full e-flex e-con e-child\" data-id=\"e1ff1f3\" data-element_type=\"container\" data-e-type=\"container\">\n\t\t\t\t<div class=\"elementor-element elementor-element-e550545 elementor-widget elementor-widget-heading\" data-id=\"e550545\" data-element_type=\"widget\" data-e-type=\"widget\" data-widget_type=\"heading.default\">\n\t\t\t\t<div class=\"elementor-widget-container\">\n\t\t\t\t\t<h2 class=\"elementor-heading-title elementor-size-default\"><h3 data-pm-slice=\"1 1 []\" style=\"font-family: Jost, sans-serif\">\u010eakujem, \u017ee ste s\u00fa\u010das\u0165ou sveta Chiara!<span style=\"color: var(--bs-heading-color,inherit);font-family: var(--theme-heading-font);font-size: 2rem;font-weight: var(--theme-heading-font-weight);letter-spacing: var(--theme-heading-letter-spacing);text-align: var(--text-align);background-color: var(--color-background)\"><\/span><\/h3><\/h2>\t\t\t\t<\/div>\n\t\t\t\t<\/div>\n\t\t\t\t<div class=\"elementor-element elementor-element-ffc2e46 elementor-widget elementor-widget-text-editor\" data-id=\"ffc2e46\" data-element_type=\"widget\" data-e-type=\"widget\" data-widget_type=\"text-editor.default\">\n\t\t\t\t<div class=\"elementor-widget-container\">\n\t\t\t\t\t\t\t\t\t<p>\u010eakujem, \u017ee ste si vybrali kabelku Chiara. <\/p><p>Pripravila som pre v\u00e1s kr\u00e1tke, osobn\u00e9 po\u010fakovanie:<\/p><p>Ka\u017ed\u00e1 kabelka Chiara vznik\u00e1 s my\u0161lienkou na \u017eeny ako ste vy \u2013 uvedomel\u00e9, pln\u00e9 \u0161t\u00fdlu a ceniace si kvalitu. Som presved\u010den\u00e1, \u017ee sa stane neoddelite\u013enou s\u00fa\u010das\u0165ou va\u0161ich kr\u00e1snych chv\u00ed\u013e. <\/p><p>Ak potrebujete \u010doko\u013evek, som tu, aby som v\u00e1m pomohla.<\/p><p>P.S.<\/p><p>V\u00e1\u0161 n\u00e1zor je pre n\u00e1s mimoriadne cenn\u00fd.<\/p><p>Kliknite ni\u017e\u0161ie, aby ste zanechali hodnotenie zak\u00fapen\u00e9ho produktu a z\u00edskajte <span style=\"color: #000000;\"><strong>10% z\u013eavu<\/strong><\/span> na \u010fal\u0161\u00ed n\u00e1kup:<\/p>\t\t\t\t\t\t\t\t<\/div>\n\t\t\t\t<\/div>\n\t\t\t\t<div class=\"elementor-element elementor-element-4f3d86e elementor-widget elementor-widget-shortcode\" data-id=\"4f3d86e\" data-element_type=\"widget\" data-e-type=\"widget\" data-widget_type=\"shortcode.default\">\n\t\t\t\t<div class=\"elementor-widget-container\">\n\t\t\t\t\t\t\t<div class=\"elementor-shortcode\"><strong>Zaloguj si\u0119, aby zobaczy\u0107 sw\u00f3j ostatni zakup: <a href=\"https:\/\/chiara-design.com\/wp-login.php?redirect_to=https%3A%2F%2Fchiara-design.com%2Fsk%2Fdakujem%2F\">Zaloguj si\u0119<\/a><\/strong>\n<\/div>\n\t\t\t\t\t\t<\/div>\n\t\t\t\t<\/div>\n\t\t\t\t<div class=\"elementor-element elementor-element-45bfdb1 elementor-widget elementor-widget-text-editor\" data-id=\"45bfdb1\" data-element_type=\"widget\" data-e-type=\"widget\" data-widget_type=\"text-editor.default\">\n\t\t\t\t<div class=\"elementor-widget-container\">\n\t\t\t\t\t\t\t\t\t<p>\u010eakujem za v\u00e1\u0161 \u010das a podporu!<\/p><p>S pozdravom,<\/p><p>Marlena<br><a href=\"http:\/\/chiara-design.com\" target=\"_blank\" rel=\"noopener\">chiara-design.com<\/a><\/p>\t\t\t\t\t\t\t\t<\/div>\n\t\t\t\t<\/div>\n\t\t\t\t<\/div>\n\t\t<div class=\"elementor-element elementor-element-e5442dc e-con-full e-flex e-con e-child\" data-id=\"e5442dc\" data-element_type=\"container\" data-e-type=\"container\">\n\t\t\t\t<div class=\"elementor-element elementor-element-878dc91 elementor-widget__width-initial elementor-widget elementor-widget-video\" data-id=\"878dc91\" data-element_type=\"widget\" data-e-type=\"widget\" data-settings=\"{&quot;video_type&quot;:&quot;hosted&quot;,&quot;controls&quot;:&quot;yes&quot;}\" data-widget_type=\"video.default\">\n\t\t\t\t<div class=\"elementor-widget-container\">\n\t\t\t\t\t\t\t<div class=\"e-hosted-video elementor-wrapper elementor-open-inline\">\n\t\t\t\t\t<video class=\"elementor-video\" src=\"https:\/\/chiara-design.com\/wp-content\/uploads\/2025\/03\/Podziekowanie.mp4\" controls=\"\" preload=\"metadata\" controlsList=\"nodownload\" poster=\"https:\/\/chiara-design.com\/wp-content\/uploads\/2025\/03\/Podziekowanie-thumbnail_play.jpg\"><\/video>\n\t\t\t\t<\/div>\n\t\t\t\t\t\t<\/div>\n\t\t\t\t<\/div>\n\t\t\t\t<\/div>\n\t\t\t\t\t<\/div>\n\t\t\t\t<\/div>\n\t\t\t\t<\/div>\n\t\t","protected":false},"excerpt":{"rendered":"<p>\u010eakujem, \u017ee ste s\u00fa\u010das\u0165ou sveta Chiara! \u010eakujem, \u017ee ste si vybrali kabelku Chiara. Pripravila som pre v\u00e1s kr\u00e1tke, osobn\u00e9 po\u010fakovanie: Ka\u017ed\u00e1 kabelka Chiara vznik\u00e1 s my\u0161lienkou na \u017eeny ako ste vy \u2013 uvedomel\u00e9, pln\u00e9 \u0161t\u00fdlu a ceniace si kvalitu. Som presved\u010den\u00e1, \u017ee sa stane neoddelite\u013enou s\u00fa\u010das\u0165ou va\u0161ich kr\u00e1snych chv\u00ed\u013e. Ak potrebujete \u010doko\u013evek, som tu, aby<\/p>\n<div class=\"klb-readmore button\"><a class=\"btn link\" href=\"https:\/\/chiara-design.com\/sk\/dakujem\/\">Read More <i class=\"klbth-icon-right-arrow\"><\/i><\/a><\/div>\n","protected":false},"author":1,"featured_media":0,"parent":0,"menu_order":0,"comment_status":"closed","ping_status":"closed","template":"elementor_canvas","meta":{"footnotes":""},"class_list":["post-60057","page","type-page","status-publish","hentry"],"yoast_head":"<!-- This site is optimized with the Yoast SEO plugin v27.4 - https:\/\/yoast.com\/product\/yoast-seo-wordpress\/ -->\n<title>\u010eakujem - Chiara Design<\/title>\n<meta name=\"robots\" content=\"index, follow, max-snippet:-1, max-image-preview:large, max-video-preview:-1\" \/>\n<link rel=\"canonical\" href=\"https:\/\/chiara-design.com\/sk\/dakujem\/\" \/>\n<meta property=\"og:locale\" content=\"sk_SK\" \/>\n<meta property=\"og:type\" content=\"article\" \/>\n<meta property=\"og:title\" content=\"\u010eakujem - Chiara Design\" \/>\n<meta property=\"og:description\" content=\"\u010eakujem, \u017ee ste s\u00fa\u010das\u0165ou sveta Chiara! \u010eakujem, \u017ee ste si vybrali kabelku Chiara. Pripravila som pre v\u00e1s kr\u00e1tke, osobn\u00e9 po\u010fakovanie: Ka\u017ed\u00e1 kabelka Chiara vznik\u00e1 s my\u0161lienkou na \u017eeny ako ste vy \u2013 uvedomel\u00e9, pln\u00e9 \u0161t\u00fdlu a ceniace si kvalitu. Som presved\u010den\u00e1, \u017ee sa stane neoddelite\u013enou s\u00fa\u010das\u0165ou va\u0161ich kr\u00e1snych chv\u00ed\u013e. Ak potrebujete \u010doko\u013evek, som tu, abyRead More\" \/>\n<meta property=\"og:url\" content=\"https:\/\/chiara-design.com\/sk\/dakujem\/\" \/>\n<meta property=\"og:site_name\" content=\"Chiara Design\" \/>\n<meta property=\"article:publisher\" content=\"https:\/\/www.facebook.com\/ChiaraDesignPL\" \/>\n<meta property=\"article:modified_time\" content=\"2025-08-25T21:24:38+00:00\" \/>\n<meta property=\"og:image\" content=\"https:\/\/chiara-design.com\/wp-content\/uploads\/2025\/01\/CHIARA-DESIGN-LOGO-H500.jpg\" \/>\n\t<meta property=\"og:image:width\" content=\"1146\" \/>\n\t<meta property=\"og:image:height\" content=\"500\" \/>\n\t<meta property=\"og:image:type\" content=\"image\/jpeg\" \/>\n<meta name=\"twitter:card\" content=\"summary_large_image\" \/>\n<meta name=\"twitter:label1\" content=\"Predpokladan\u00fd \u010das \u010d\u00edtania\" \/>\n\t<meta name=\"twitter:data1\" content=\"1 min\u00fata\" \/>\n<script type=\"application\/ld+json\" class=\"yoast-schema-graph\">{\"@context\":\"https:\\\/\\\/schema.org\",\"@graph\":[{\"@type\":\"WebPage\",\"@id\":\"https:\\\/\\\/chiara-design.com\\\/sk\\\/dakujem\\\/\",\"url\":\"https:\\\/\\\/chiara-design.com\\\/sk\\\/dakujem\\\/\",\"name\":\"\u010eakujem - Chiara Design\",\"isPartOf\":{\"@id\":\"https:\\\/\\\/chiara-design.com\\\/#website\"},\"primaryImageOfPage\":{\"@id\":\"https:\\\/\\\/chiara-design.com\\\/sk\\\/dakujem\\\/#primaryimage\"},\"image\":{\"@id\":\"https:\\\/\\\/chiara-design.com\\\/sk\\\/dakujem\\\/#primaryimage\"},\"thumbnailUrl\":\"https:\\\/\\\/chiara-design.com\\\/wp-content\\\/uploads\\\/2025\\\/01\\\/CHIARA-DESIGN-LOGO-H500-300x131.jpg\",\"datePublished\":\"2025-03-18T10:43:18+00:00\",\"dateModified\":\"2025-08-25T21:24:38+00:00\",\"breadcrumb\":{\"@id\":\"https:\\\/\\\/chiara-design.com\\\/sk\\\/dakujem\\\/#breadcrumb\"},\"inLanguage\":\"sk-SK\",\"potentialAction\":[{\"@type\":\"ReadAction\",\"target\":[\"https:\\\/\\\/chiara-design.com\\\/sk\\\/dakujem\\\/\"]}]},{\"@type\":\"ImageObject\",\"inLanguage\":\"sk-SK\",\"@id\":\"https:\\\/\\\/chiara-design.com\\\/sk\\\/dakujem\\\/#primaryimage\",\"url\":\"https:\\\/\\\/chiara-design.com\\\/wp-content\\\/uploads\\\/2025\\\/01\\\/CHIARA-DESIGN-LOGO-H500-300x131.jpg\",\"contentUrl\":\"https:\\\/\\\/chiara-design.com\\\/wp-content\\\/uploads\\\/2025\\\/01\\\/CHIARA-DESIGN-LOGO-H500-300x131.jpg\"},{\"@type\":\"BreadcrumbList\",\"@id\":\"https:\\\/\\\/chiara-design.com\\\/sk\\\/dakujem\\\/#breadcrumb\",\"itemListElement\":[{\"@type\":\"ListItem\",\"position\":1,\"name\":\"Home\",\"item\":\"https:\\\/\\\/chiara-design.com\\\/sk\\\/damske-kabelky-chiara-design\\\/\"},{\"@type\":\"ListItem\",\"position\":2,\"name\":\"\u010eakujem\"}]},{\"@type\":\"WebSite\",\"@id\":\"https:\\\/\\\/chiara-design.com\\\/#website\",\"url\":\"https:\\\/\\\/chiara-design.com\\\/\",\"name\":\"Chiara Design\",\"description\":\"Tw\u00f3j ulubiony sklep online z torebkami.\",\"publisher\":{\"@id\":\"https:\\\/\\\/chiara-design.com\\\/#organization\"},\"potentialAction\":[{\"@type\":\"SearchAction\",\"target\":{\"@type\":\"EntryPoint\",\"urlTemplate\":\"https:\\\/\\\/chiara-design.com\\\/?s={search_term_string}\"},\"query-input\":{\"@type\":\"PropertyValueSpecification\",\"valueRequired\":true,\"valueName\":\"search_term_string\"}}],\"inLanguage\":\"sk-SK\"},{\"@type\":\"Organization\",\"@id\":\"https:\\\/\\\/chiara-design.com\\\/#organization\",\"name\":\"Chiara Design\",\"url\":\"https:\\\/\\\/chiara-design.com\\\/\",\"logo\":{\"@type\":\"ImageObject\",\"inLanguage\":\"sk-SK\",\"@id\":\"https:\\\/\\\/chiara-design.com\\\/#\\\/schema\\\/logo\\\/image\\\/\",\"url\":\"https:\\\/\\\/chiara-design.com\\\/wp-content\\\/uploads\\\/2024\\\/09\\\/CHIARA-DESIGN-LOGO.png\",\"contentUrl\":\"https:\\\/\\\/chiara-design.com\\\/wp-content\\\/uploads\\\/2024\\\/09\\\/CHIARA-DESIGN-LOGO.png\",\"width\":500,\"height\":158,\"caption\":\"Chiara Design\"},\"image\":{\"@id\":\"https:\\\/\\\/chiara-design.com\\\/#\\\/schema\\\/logo\\\/image\\\/\"},\"sameAs\":[\"https:\\\/\\\/www.facebook.com\\\/ChiaraDesignPL\",\"https:\\\/\\\/www.instagram.com\\\/chiara_design_\\\/\"]}]}<\/script>\n<!-- \/ Yoast SEO plugin. -->","yoast_head_json":{"title":"\u010eakujem - Chiara Design","robots":{"index":"index","follow":"follow","max-snippet":"max-snippet:-1","max-image-preview":"max-image-preview:large","max-video-preview":"max-video-preview:-1"},"canonical":"https:\/\/chiara-design.com\/sk\/dakujem\/","og_locale":"sk_SK","og_type":"article","og_title":"\u010eakujem - Chiara Design","og_description":"\u010eakujem, \u017ee ste s\u00fa\u010das\u0165ou sveta Chiara! \u010eakujem, \u017ee ste si vybrali kabelku Chiara. Pripravila som pre v\u00e1s kr\u00e1tke, osobn\u00e9 po\u010fakovanie: Ka\u017ed\u00e1 kabelka Chiara vznik\u00e1 s my\u0161lienkou na \u017eeny ako ste vy \u2013 uvedomel\u00e9, pln\u00e9 \u0161t\u00fdlu a ceniace si kvalitu. Som presved\u010den\u00e1, \u017ee sa stane neoddelite\u013enou s\u00fa\u010das\u0165ou va\u0161ich kr\u00e1snych chv\u00ed\u013e. Ak potrebujete \u010doko\u013evek, som tu, abyRead More","og_url":"https:\/\/chiara-design.com\/sk\/dakujem\/","og_site_name":"Chiara Design","article_publisher":"https:\/\/www.facebook.com\/ChiaraDesignPL","article_modified_time":"2025-08-25T21:24:38+00:00","og_image":[{"width":1146,"height":500,"url":"https:\/\/chiara-design.com\/wp-content\/uploads\/2025\/01\/CHIARA-DESIGN-LOGO-H500.jpg","type":"image\/jpeg"}],"twitter_card":"summary_large_image","twitter_misc":{"Predpokladan\u00fd \u010das \u010d\u00edtania":"1 min\u00fata"},"schema":{"@context":"https:\/\/schema.org","@graph":[{"@type":"WebPage","@id":"https:\/\/chiara-design.com\/sk\/dakujem\/","url":"https:\/\/chiara-design.com\/sk\/dakujem\/","name":"\u010eakujem - Chiara Design","isPartOf":{"@id":"https:\/\/chiara-design.com\/#website"},"primaryImageOfPage":{"@id":"https:\/\/chiara-design.com\/sk\/dakujem\/#primaryimage"},"image":{"@id":"https:\/\/chiara-design.com\/sk\/dakujem\/#primaryimage"},"thumbnailUrl":"https:\/\/chiara-design.com\/wp-content\/uploads\/2025\/01\/CHIARA-DESIGN-LOGO-H500-300x131.jpg","datePublished":"2025-03-18T10:43:18+00:00","dateModified":"2025-08-25T21:24:38+00:00","breadcrumb":{"@id":"https:\/\/chiara-design.com\/sk\/dakujem\/#breadcrumb"},"inLanguage":"sk-SK","potentialAction":[{"@type":"ReadAction","target":["https:\/\/chiara-design.com\/sk\/dakujem\/"]}]},{"@type":"ImageObject","inLanguage":"sk-SK","@id":"https:\/\/chiara-design.com\/sk\/dakujem\/#primaryimage","url":"https:\/\/chiara-design.com\/wp-content\/uploads\/2025\/01\/CHIARA-DESIGN-LOGO-H500-300x131.jpg","contentUrl":"https:\/\/chiara-design.com\/wp-content\/uploads\/2025\/01\/CHIARA-DESIGN-LOGO-H500-300x131.jpg"},{"@type":"BreadcrumbList","@id":"https:\/\/chiara-design.com\/sk\/dakujem\/#breadcrumb","itemListElement":[{"@type":"ListItem","position":1,"name":"Home","item":"https:\/\/chiara-design.com\/sk\/damske-kabelky-chiara-design\/"},{"@type":"ListItem","position":2,"name":"\u010eakujem"}]},{"@type":"WebSite","@id":"https:\/\/chiara-design.com\/#website","url":"https:\/\/chiara-design.com\/","name":"Chiara Design","description":"Tw\u00f3j ulubiony sklep online z torebkami.","publisher":{"@id":"https:\/\/chiara-design.com\/#organization"},"potentialAction":[{"@type":"SearchAction","target":{"@type":"EntryPoint","urlTemplate":"https:\/\/chiara-design.com\/?s={search_term_string}"},"query-input":{"@type":"PropertyValueSpecification","valueRequired":true,"valueName":"search_term_string"}}],"inLanguage":"sk-SK"},{"@type":"Organization","@id":"https:\/\/chiara-design.com\/#organization","name":"Chiara Design","url":"https:\/\/chiara-design.com\/","logo":{"@type":"ImageObject","inLanguage":"sk-SK","@id":"https:\/\/chiara-design.com\/#\/schema\/logo\/image\/","url":"https:\/\/chiara-design.com\/wp-content\/uploads\/2024\/09\/CHIARA-DESIGN-LOGO.png","contentUrl":"https:\/\/chiara-design.com\/wp-content\/uploads\/2024\/09\/CHIARA-DESIGN-LOGO.png","width":500,"height":158,"caption":"Chiara Design"},"image":{"@id":"https:\/\/chiara-design.com\/#\/schema\/logo\/image\/"},"sameAs":["https:\/\/www.facebook.com\/ChiaraDesignPL","https:\/\/www.instagram.com\/chiara_design_\/"]}]}},"jetpack_sharing_enabled":true,"_links":{"self":[{"href":"https:\/\/chiara-design.com\/sk\/wp-json\/wp\/v2\/pages\/60057","targetHints":{"allow":["GET"]}}],"collection":[{"href":"https:\/\/chiara-design.com\/sk\/wp-json\/wp\/v2\/pages"}],"about":[{"href":"https:\/\/chiara-design.com\/sk\/wp-json\/wp\/v2\/types\/page"}],"author":[{"embeddable":true,"href":"https:\/\/chiara-design.com\/sk\/wp-json\/wp\/v2\/users\/1"}],"replies":[{"embeddable":true,"href":"https:\/\/chiara-design.com\/sk\/wp-json\/wp\/v2\/comments?post=60057"}],"version-history":[{"count":0,"href":"https:\/\/chiara-design.com\/sk\/wp-json\/wp\/v2\/pages\/60057\/revisions"}],"wp:attachment":[{"href":"https:\/\/chiara-design.com\/sk\/wp-json\/wp\/v2\/media?parent=60057"}],"curies":[{"name":"wp","href":"https:\/\/api.w.org\/{rel}","templated":true}]}}