{"id":60051,"date":"2025-04-26T00:34:44","date_gmt":"2025-04-25T22:34:44","guid":{"rendered":"https:\/\/chiara-design.com\/darcekove-poukazy\/"},"modified":"2025-08-25T23:24:25","modified_gmt":"2025-08-25T21:24:25","slug":"darcekove-poukazy","status":"publish","type":"page","link":"https:\/\/chiara-design.com\/sk\/darcekove-poukazy\/","title":{"rendered":"Dar\u010dekov\u00e9 poukazy"},"content":{"rendered":"\t\t<div data-elementor-type=\"wp-page\" data-elementor-id=\"60051\" class=\"elementor elementor-60051 elementor-54101\">\n\t\t\t\t<div class=\"elementor-element elementor-element-6ba2a36 e-flex e-con-boxed e-con e-parent\" data-id=\"6ba2a36\" data-element_type=\"container\" data-e-type=\"container\">\n\t\t\t\t\t<div class=\"e-con-inner\">\n\t\t\t\t<div class=\"elementor-element elementor-element-c4a83e1 elementor-widget elementor-widget-spacer\" data-id=\"c4a83e1\" data-element_type=\"widget\" data-e-type=\"widget\" data-widget_type=\"spacer.default\">\n\t\t\t\t<div class=\"elementor-widget-container\">\n\t\t\t\t\t\t\t<div class=\"elementor-spacer\">\n\t\t\t<div class=\"elementor-spacer-inner\"><\/div>\n\t\t<\/div>\n\t\t\t\t\t\t<\/div>\n\t\t\t\t<\/div>\n\t\t\t\t<div class=\"elementor-element elementor-element-2b4c150 elementor-widget elementor-widget-blonwe-product-tab-carousel\" data-id=\"2b4c150\" data-element_type=\"widget\" data-e-type=\"widget\" data-widget_type=\"blonwe-product-tab-carousel.default\">\n\t\t\t\t<div class=\"elementor-widget-container\">\n\t\t\t\t\t<div class=\"klb-module module-carousel default centered\">\r\n\t\t\t\t  <div class=\"module-header default extra-space centered\">\r\n\t\t\t\t\t<div class=\"module-header-inner\"><div class=\"column order-1 order-sm-1\"><h3 class=\"entry-title default-size\">Podaruj bliskim luksus i wyb\u00f3r. Bony podarunkowe na torebki Chiara, to idealny prezent na ka\u017cd\u0105 okazj\u0119.<\/h3><\/div><div class=\"column sub-column order-3 order-sm-2\"><div class=\"module-header-tab style-1\"><ul><li class=\"tab-item \"><a class=\"tab-link\" href=\"#darcekove-poukazy\" id=\"655\">Dar\u010dekov\u00e9 poukazy<\/a><\/li><\/ul><\/div><\/div><\/div><div class=\"entry-excerpt\"><p>Podaruj bliskim wolno\u015b\u0107 wyboru i niezr\u00f3wnany szyk dzi\u0119ki bonowi na torebk\u0119 Chiara \u2013 prezent, kt\u00f3ry zawsze trafia w idealny gust.<\/p><\/div>\r\n\t\t\t\t  <\/div>\r\n\t\t\t\t  <div class=\"klb-products-tab module-body klb-slider-wrapper\">\r\n\t\t\t\t\t<div class=\"klb-loader-wrapper\"><div class=\"klb-loader\" data-size=\"\" data-color=\"\" data-border=\"\"><\/div><\/div>  <div class=\"klb-slider carousel-style products arrows-center arrows-white-border hidden-arrows zoom-effect dots-style-1 arrows-style-1 gutter-10 align-start\" data-items=\"5\" data-mobileitems=\"2\" data-tabletitems=\"3\" data-autoplay=\"\" data-autospeed=\"\" data-css=\"cubic-bezier(.48,0,.12,1)\" data-speed=\"600\" data-arrows=\"true\" data-dots=\"true\" data-producttype=\"type5\" data-perpage=\"5\" data-best_selling=\"false\" data-featured=\"false\" data-onsale=\"false\" data-stockprogressbar=\"false\" data-countdown=\"\" data-stockstatus=\"false\" data-shippingclass=\"\" data-infinite=\"false\"><div class=\"slider-item\"> <div class=\"product type-product post-60899 status-publish first instock product_cat-darcekove-poukazy product_tag-100-zl-sk product_tag-chiara-sk product_tag-darcek product_tag-darcekova-poukazka has-post-thumbnail virtual purchasable product-type-simple\"> <div class=\"product-wrapper style-4  product-type-5\"><div class=\"product-inner\">\t<div class=\"thumbnail-wrapper entry-media\"><div class=\"images\"><div class=\"woocommerce-product-gallery__image\"><a href=\"https:\/\/chiara-design.com\/sk\/produkt\/darcekovy-poukaz-100-zl\/\"><\/a><a href=\"https:\/\/chiara-design.com\/sk\/produkt\/darcekovy-poukaz-100-zl\/\" class=\"product-thumbnail product-hover-gallery\"><img fetchpriority=\"high\" decoding=\"async\" width=\"500\" height=\"667\" src=\"https:\/\/chiara-design.com\/wp-content\/uploads\/2024\/07\/bon-podarunkowy-100-zl-500x667.png\" class=\"wp-post-image\" alt=\"Bon Podarunkowy o warto\u015bci 100 z\u0142\" \/><\/a><\/div><\/div><div class=\"thumbnail-buttons\"><\/div><div class=\"product-buttons\"><a href=\"\/sk\/wp-json\/wp\/v2\/pages\/60051?add-to-cart=60899\" aria-describedby=\"woocommerce_loop_add_to_cart_link_describedby_60899\" data-quantity=\"1\" class=\"button product_type_simple add_to_cart_button ajax_add_to_cart\" data-product_id=\"60899\" data-product_sku=\"\" aria-label=\"Prida\u0165 do ko\u0161\u00edka: \u201eDar\u010dekov\u00fd poukaz 100 z\u0142\u201c\" rel=\"nofollow\" data-success_message=\"\u201eDar\u010dekov\u00fd poukaz 100 z\u0142\u201c bol pridan\u00fd do v\u00e1\u0161ho ko\u0161\u00edka\" role=\"button\">Prida\u0165 do ko\u0161\u00edka <i class=\"klb-icon-shopping-cart-extra\"><\/i><\/a><\/div><\/div><div class=\"content-wrapper\"><h2 class=\"product-title\"><a href=\"https:\/\/chiara-design.com\/sk\/produkt\/darcekovy-poukaz-100-zl\/\">Dar\u010dekov\u00fd poukaz 100 z\u0142<\/a><\/h2><span class=\"price\"><span class=\"woocommerce-Price-amount amount\"><bdi>100,00\u00a0<span class=\"woocommerce-Price-currencySymbol\">z\u0142<\/span><\/bdi><\/span><\/span>\t<\/div><\/div><\/div><\/div><\/div><div class=\"slider-item\"> <div class=\"product type-product post-60087 status-publish instock product_cat-darcekove-poukazy product_tag-200-zl-sk product_tag-chiara-sk product_tag-darcek product_tag-darcekova-poukazka has-post-thumbnail virtual purchasable product-type-simple\"> <div class=\"product-wrapper style-4  product-type-5\"><div class=\"product-inner\">\t<div class=\"thumbnail-wrapper entry-media\"><div class=\"images\"><div class=\"woocommerce-product-gallery__image\"><a href=\"https:\/\/chiara-design.com\/sk\/produkt\/darcekova-poukazka-200-zl\/\"><\/a><a href=\"https:\/\/chiara-design.com\/sk\/produkt\/darcekova-poukazka-200-zl\/\" class=\"product-thumbnail product-hover-gallery\"><img decoding=\"async\" width=\"500\" height=\"667\" src=\"https:\/\/chiara-design.com\/wp-content\/uploads\/2024\/07\/bon-podarunkowy-200-zl-500x667.png\" class=\"wp-post-image\" alt=\"Bon Podarunkowy o warto\u015bci 200 z\u0142\" \/><\/a><\/div><\/div><div class=\"thumbnail-buttons\"><\/div><div class=\"product-buttons\"><a href=\"\/sk\/wp-json\/wp\/v2\/pages\/60051?add-to-cart=60087\" aria-describedby=\"woocommerce_loop_add_to_cart_link_describedby_60087\" data-quantity=\"1\" class=\"button product_type_simple add_to_cart_button ajax_add_to_cart\" data-product_id=\"60087\" data-product_sku=\"\" aria-label=\"Prida\u0165 do ko\u0161\u00edka: \u201eDar\u010dekov\u00e1 pouk\u00e1\u017eka 200 z\u0142\u201c\" rel=\"nofollow\" data-success_message=\"\u201eDar\u010dekov\u00e1 pouk\u00e1\u017eka 200 z\u0142\u201c bol pridan\u00fd do v\u00e1\u0161ho ko\u0161\u00edka\" role=\"button\">Prida\u0165 do ko\u0161\u00edka <i class=\"klb-icon-shopping-cart-extra\"><\/i><\/a><\/div><\/div><div class=\"content-wrapper\"><h2 class=\"product-title\"><a href=\"https:\/\/chiara-design.com\/sk\/produkt\/darcekova-poukazka-200-zl\/\">Dar\u010dekov\u00e1 pouk\u00e1\u017eka 200 z\u0142<\/a><\/h2><span class=\"price\"><span class=\"woocommerce-Price-amount amount\"><bdi>200,00\u00a0<span class=\"woocommerce-Price-currencySymbol\">z\u0142<\/span><\/bdi><\/span><\/span>\t<\/div><\/div><\/div><\/div><\/div><div class=\"slider-item\"> <div class=\"product type-product post-60898 status-publish instock product_cat-darcekove-poukazy product_tag-300-zl-sk product_tag-chiara-sk product_tag-darcek product_tag-darcekova-poukazka has-post-thumbnail virtual purchasable product-type-simple\"> <div class=\"product-wrapper style-4  product-type-5\"><div class=\"product-inner\">\t<div class=\"thumbnail-wrapper entry-media\"><div class=\"images\"><div class=\"woocommerce-product-gallery__image\"><a href=\"https:\/\/chiara-design.com\/sk\/produkt\/darcekovy-poukaz-300-zl\/\"><\/a><a href=\"https:\/\/chiara-design.com\/sk\/produkt\/darcekovy-poukaz-300-zl\/\" class=\"product-thumbnail product-hover-gallery\"><img decoding=\"async\" width=\"500\" height=\"667\" src=\"https:\/\/chiara-design.com\/wp-content\/uploads\/2024\/07\/bon-podarunkowy-300-zl-500x667.png\" class=\"wp-post-image\" alt=\"Bon Podarunkowy o warto\u015bci 300 z\u0142\" \/><\/a><\/div><\/div><div class=\"thumbnail-buttons\"><\/div><div class=\"product-buttons\"><a href=\"\/sk\/wp-json\/wp\/v2\/pages\/60051?add-to-cart=60898\" aria-describedby=\"woocommerce_loop_add_to_cart_link_describedby_60898\" data-quantity=\"1\" class=\"button product_type_simple add_to_cart_button ajax_add_to_cart\" data-product_id=\"60898\" data-product_sku=\"\" aria-label=\"Prida\u0165 do ko\u0161\u00edka: \u201eDar\u010dekov\u00fd poukaz 300 z\u0142\u201c\" rel=\"nofollow\" data-success_message=\"\u201eDar\u010dekov\u00fd poukaz 300 z\u0142\u201c bol pridan\u00fd do v\u00e1\u0161ho ko\u0161\u00edka\" role=\"button\">Prida\u0165 do ko\u0161\u00edka <i class=\"klb-icon-shopping-cart-extra\"><\/i><\/a><\/div><\/div><div class=\"content-wrapper\"><h2 class=\"product-title\"><a href=\"https:\/\/chiara-design.com\/sk\/produkt\/darcekovy-poukaz-300-zl\/\">Dar\u010dekov\u00fd poukaz 300 z\u0142<\/a><\/h2><span class=\"price\"><span class=\"woocommerce-Price-amount amount\"><bdi>300,00\u00a0<span class=\"woocommerce-Price-currencySymbol\">z\u0142<\/span><\/bdi><\/span><\/span>\t<\/div><\/div><\/div><\/div><\/div><div class=\"slider-item\"> <div class=\"product type-product post-60897 status-publish last instock product_cat-darcekove-poukazy product_tag-400-zl-sk product_tag-chiara-sk product_tag-darcek product_tag-darcekova-poukazka has-post-thumbnail virtual purchasable product-type-simple\"> <div class=\"product-wrapper style-4  product-type-5\"><div class=\"product-inner\">\t<div class=\"thumbnail-wrapper entry-media\"><div class=\"images\"><div class=\"woocommerce-product-gallery__image\"><a href=\"https:\/\/chiara-design.com\/sk\/produkt\/darcekovy-poukaz-400-zl\/\"><\/a><a href=\"https:\/\/chiara-design.com\/sk\/produkt\/darcekovy-poukaz-400-zl\/\" class=\"product-thumbnail product-hover-gallery\"><img loading=\"lazy\" decoding=\"async\" width=\"500\" height=\"667\" src=\"https:\/\/chiara-design.com\/wp-content\/uploads\/2024\/07\/bon-podarunkowy-400-zl-500x667.png\" class=\"wp-post-image\" alt=\"Bon Podarunkowy o warto\u015bci 400 z\u0142\" \/><\/a><\/div><\/div><div class=\"thumbnail-buttons\"><\/div><div class=\"product-buttons\"><a href=\"\/sk\/wp-json\/wp\/v2\/pages\/60051?add-to-cart=60897\" aria-describedby=\"woocommerce_loop_add_to_cart_link_describedby_60897\" data-quantity=\"1\" class=\"button product_type_simple add_to_cart_button ajax_add_to_cart\" data-product_id=\"60897\" data-product_sku=\"\" aria-label=\"Prida\u0165 do ko\u0161\u00edka: \u201eDar\u010dekov\u00fd poukaz 400 z\u0142\u201c\" rel=\"nofollow\" data-success_message=\"\u201eDar\u010dekov\u00fd poukaz 400 z\u0142\u201c bol pridan\u00fd do v\u00e1\u0161ho ko\u0161\u00edka\" role=\"button\">Prida\u0165 do ko\u0161\u00edka <i class=\"klb-icon-shopping-cart-extra\"><\/i><\/a><\/div><\/div><div class=\"content-wrapper\"><h2 class=\"product-title\"><a href=\"https:\/\/chiara-design.com\/sk\/produkt\/darcekovy-poukaz-400-zl\/\">Dar\u010dekov\u00fd poukaz 400 z\u0142<\/a><\/h2><span class=\"price\"><span class=\"woocommerce-Price-amount amount\"><bdi>400,00\u00a0<span class=\"woocommerce-Price-currencySymbol\">z\u0142<\/span><\/bdi><\/span><\/span>\t<\/div><\/div><\/div><\/div><\/div><div class=\"slider-item\"> <div class=\"product type-product post-60896 status-publish first instock product_cat-darcekove-poukazy product_tag-500-zl-sk product_tag-chiara-sk product_tag-darcek product_tag-darcekova-poukazka has-post-thumbnail virtual purchasable product-type-simple\"> <div class=\"product-wrapper style-4  product-type-5\"><div class=\"product-inner\">\t<div class=\"thumbnail-wrapper entry-media\"><div class=\"images\"><div class=\"woocommerce-product-gallery__image\"><a href=\"https:\/\/chiara-design.com\/sk\/produkt\/darcekovy-poukaz-500-zl\/\"><\/a><a href=\"https:\/\/chiara-design.com\/sk\/produkt\/darcekovy-poukaz-500-zl\/\" class=\"product-thumbnail product-hover-gallery\"><img loading=\"lazy\" decoding=\"async\" width=\"500\" height=\"667\" src=\"https:\/\/chiara-design.com\/wp-content\/uploads\/2024\/07\/bon-podarunkowy-500-zl-500x667.png\" class=\"wp-post-image\" alt=\"Bon Podarunkowy o warto\u015bci 500 z\u0142\" \/><\/a><\/div><\/div><div class=\"thumbnail-buttons\"><\/div><div class=\"product-buttons\"><a href=\"\/sk\/wp-json\/wp\/v2\/pages\/60051?add-to-cart=60896\" aria-describedby=\"woocommerce_loop_add_to_cart_link_describedby_60896\" data-quantity=\"1\" class=\"button product_type_simple add_to_cart_button ajax_add_to_cart\" data-product_id=\"60896\" data-product_sku=\"\" aria-label=\"Prida\u0165 do ko\u0161\u00edka: \u201eDar\u010dekov\u00fd poukaz 500 z\u0142\u201c\" rel=\"nofollow\" data-success_message=\"\u201eDar\u010dekov\u00fd poukaz 500 z\u0142\u201c bol pridan\u00fd do v\u00e1\u0161ho ko\u0161\u00edka\" role=\"button\">Prida\u0165 do ko\u0161\u00edka <i class=\"klb-icon-shopping-cart-extra\"><\/i><\/a><\/div><\/div><div class=\"content-wrapper\"><h2 class=\"product-title\"><a href=\"https:\/\/chiara-design.com\/sk\/produkt\/darcekovy-poukaz-500-zl\/\">Dar\u010dekov\u00fd poukaz 500 z\u0142<\/a><\/h2><span class=\"price\"><span class=\"woocommerce-Price-amount amount\"><bdi>500,00\u00a0<span class=\"woocommerce-Price-currencySymbol\">z\u0142<\/span><\/bdi><\/span><\/span>\t<\/div><\/div><\/div><\/div><\/div><\/div>\r\n\t\t\t\t  <\/div>\r\n\t\t\t\t<\/div>\t\t\t\t<\/div>\n\t\t\t\t<\/div>\n\t\t\t\t\t<\/div>\n\t\t\t\t<\/div>\n\t\t\t\t<\/div>\n\t\t","protected":false},"excerpt":{"rendered":"<p>Podaruj bliskim luksus i wyb\u00f3r. Bony podarunkowe na torebki Chiara, to idealny prezent na ka\u017cd\u0105 okazj\u0119. Bony Podarunkowe Podaruj bliskim wolno\u015b\u0107 wyboru i niezr\u00f3wnany szyk dzi\u0119ki bonowi na torebk\u0119 Chiara \u2013 prezent, kt\u00f3ry zawsze trafia w idealny gust. Do koszyka Bon Podarunkowy 100 z\u0142 100,00\u00a0z\u0142 Do koszyka Bon Podarunkowy 200 z\u0142 200,00\u00a0z\u0142 Do koszyka Bon<\/p>\n<div class=\"klb-readmore button\"><a class=\"btn link\" href=\"https:\/\/chiara-design.com\/sk\/produkt\/darcekovy-poukaz-500-zl\/\">Read More <i class=\"klbth-icon-right-arrow\"><\/i><\/a><\/div>\n","protected":false},"author":1,"featured_media":0,"parent":0,"menu_order":0,"comment_status":"closed","ping_status":"closed","template":"","meta":{"footnotes":""},"class_list":["post-60051","page","type-page","status-publish","hentry"],"yoast_head":"<!-- This site is optimized with the Yoast SEO plugin v27.5 - https:\/\/yoast.com\/product\/yoast-seo-wordpress\/ -->\n<title>Dar\u010dekov\u00e9 poukazy \u2013 ide\u00e1lny dar\u010dek na kabelky Chiara<\/title>\n<meta name=\"description\" content=\"Dar\u010dekov\u00e9 poukazy \u2013 dokonal\u00fd dar\u010dek na elegantn\u00e9 kabelky z kolekcie Chiara. Flexibilita, luxus a \u0161t\u00fdl v jednom!\" \/>\n<meta name=\"robots\" content=\"index, follow, max-snippet:-1, max-image-preview:large, max-video-preview:-1\" \/>\n<link rel=\"canonical\" href=\"https:\/\/chiara-design.com\/sk\/darcekove-poukazy\/\" \/>\n<meta property=\"og:locale\" content=\"sk_SK\" \/>\n<meta property=\"og:type\" content=\"article\" \/>\n<meta property=\"og:title\" content=\"Dar\u010dekov\u00e9 poukazy \u2013 ide\u00e1lny dar\u010dek na kabelky Chiara\" \/>\n<meta property=\"og:description\" content=\"Dar\u010dekov\u00e9 poukazy \u2013 dokonal\u00fd dar\u010dek na elegantn\u00e9 kabelky z kolekcie Chiara. Flexibilita, luxus a \u0161t\u00fdl v jednom!\" \/>\n<meta property=\"og:url\" content=\"https:\/\/chiara-design.com\/sk\/darcekove-poukazy\/\" \/>\n<meta property=\"og:site_name\" content=\"Chiara Design\" \/>\n<meta property=\"article:publisher\" content=\"https:\/\/www.facebook.com\/ChiaraDesignPL\" \/>\n<meta property=\"article:modified_time\" content=\"2025-08-25T21:24:25+00:00\" \/>\n<meta property=\"og:image\" content=\"https:\/\/chiara-design.com\/wp-content\/uploads\/2024\/07\/bon-podarunkowy-100-zl-500x667.png\" \/>\n<meta name=\"twitter:card\" content=\"summary_large_image\" \/>\n<script type=\"application\/ld+json\" class=\"yoast-schema-graph\">{\"@context\":\"https:\\\/\\\/schema.org\",\"@graph\":[{\"@type\":\"WebPage\",\"@id\":\"https:\\\/\\\/chiara-design.com\\\/sk\\\/darcekove-poukazy\\\/\",\"url\":\"https:\\\/\\\/chiara-design.com\\\/sk\\\/darcekove-poukazy\\\/\",\"name\":\"Dar\u010dekov\u00e9 poukazy \u2013 ide\u00e1lny dar\u010dek na kabelky Chiara\",\"isPartOf\":{\"@id\":\"https:\\\/\\\/chiara-design.com\\\/#website\"},\"primaryImageOfPage\":{\"@id\":\"https:\\\/\\\/chiara-design.com\\\/sk\\\/darcekove-poukazy\\\/#primaryimage\"},\"image\":{\"@id\":\"https:\\\/\\\/chiara-design.com\\\/sk\\\/darcekove-poukazy\\\/#primaryimage\"},\"thumbnailUrl\":\"https:\\\/\\\/chiara-design.com\\\/wp-content\\\/uploads\\\/2024\\\/07\\\/bon-podarunkowy-100-zl-500x667.png\",\"datePublished\":\"2025-04-25T22:34:44+00:00\",\"dateModified\":\"2025-08-25T21:24:25+00:00\",\"description\":\"Dar\u010dekov\u00e9 poukazy \u2013 dokonal\u00fd dar\u010dek na elegantn\u00e9 kabelky z kolekcie Chiara. Flexibilita, luxus a \u0161t\u00fdl v jednom!\",\"breadcrumb\":{\"@id\":\"https:\\\/\\\/chiara-design.com\\\/sk\\\/darcekove-poukazy\\\/#breadcrumb\"},\"inLanguage\":\"sk-SK\",\"potentialAction\":[{\"@type\":\"ReadAction\",\"target\":[\"https:\\\/\\\/chiara-design.com\\\/sk\\\/darcekove-poukazy\\\/\"]}]},{\"@type\":\"ImageObject\",\"inLanguage\":\"sk-SK\",\"@id\":\"https:\\\/\\\/chiara-design.com\\\/sk\\\/darcekove-poukazy\\\/#primaryimage\",\"url\":\"https:\\\/\\\/chiara-design.com\\\/wp-content\\\/uploads\\\/2024\\\/07\\\/bon-podarunkowy-100-zl-500x667.png\",\"contentUrl\":\"https:\\\/\\\/chiara-design.com\\\/wp-content\\\/uploads\\\/2024\\\/07\\\/bon-podarunkowy-100-zl-500x667.png\"},{\"@type\":\"BreadcrumbList\",\"@id\":\"https:\\\/\\\/chiara-design.com\\\/sk\\\/darcekove-poukazy\\\/#breadcrumb\",\"itemListElement\":[{\"@type\":\"ListItem\",\"position\":1,\"name\":\"Home\",\"item\":\"https:\\\/\\\/chiara-design.com\\\/sk\\\/damske-kabelky-chiara-design\\\/\"},{\"@type\":\"ListItem\",\"position\":2,\"name\":\"Dar\u010dekov\u00e9 poukazy\"}]},{\"@type\":\"WebSite\",\"@id\":\"https:\\\/\\\/chiara-design.com\\\/#website\",\"url\":\"https:\\\/\\\/chiara-design.com\\\/\",\"name\":\"Chiara Design\",\"description\":\"Tw\u00f3j ulubiony sklep online z torebkami.\",\"publisher\":{\"@id\":\"https:\\\/\\\/chiara-design.com\\\/#organization\"},\"potentialAction\":[{\"@type\":\"SearchAction\",\"target\":{\"@type\":\"EntryPoint\",\"urlTemplate\":\"https:\\\/\\\/chiara-design.com\\\/?s={search_term_string}\"},\"query-input\":{\"@type\":\"PropertyValueSpecification\",\"valueRequired\":true,\"valueName\":\"search_term_string\"}}],\"inLanguage\":\"sk-SK\"},{\"@type\":\"Organization\",\"@id\":\"https:\\\/\\\/chiara-design.com\\\/#organization\",\"name\":\"Chiara Design\",\"url\":\"https:\\\/\\\/chiara-design.com\\\/\",\"logo\":{\"@type\":\"ImageObject\",\"inLanguage\":\"sk-SK\",\"@id\":\"https:\\\/\\\/chiara-design.com\\\/#\\\/schema\\\/logo\\\/image\\\/\",\"url\":\"https:\\\/\\\/chiara-design.com\\\/wp-content\\\/uploads\\\/2024\\\/09\\\/CHIARA-DESIGN-LOGO.png\",\"contentUrl\":\"https:\\\/\\\/chiara-design.com\\\/wp-content\\\/uploads\\\/2024\\\/09\\\/CHIARA-DESIGN-LOGO.png\",\"width\":500,\"height\":158,\"caption\":\"Chiara Design\"},\"image\":{\"@id\":\"https:\\\/\\\/chiara-design.com\\\/#\\\/schema\\\/logo\\\/image\\\/\"},\"sameAs\":[\"https:\\\/\\\/www.facebook.com\\\/ChiaraDesignPL\",\"https:\\\/\\\/www.instagram.com\\\/chiara_design_\\\/\"]}]}<\/script>\n<!-- \/ Yoast SEO plugin. -->","yoast_head_json":{"title":"Dar\u010dekov\u00e9 poukazy \u2013 ide\u00e1lny dar\u010dek na kabelky Chiara","description":"Dar\u010dekov\u00e9 poukazy \u2013 dokonal\u00fd dar\u010dek na elegantn\u00e9 kabelky z kolekcie Chiara. Flexibilita, luxus a \u0161t\u00fdl v jednom!","robots":{"index":"index","follow":"follow","max-snippet":"max-snippet:-1","max-image-preview":"max-image-preview:large","max-video-preview":"max-video-preview:-1"},"canonical":"https:\/\/chiara-design.com\/sk\/darcekove-poukazy\/","og_locale":"sk_SK","og_type":"article","og_title":"Dar\u010dekov\u00e9 poukazy \u2013 ide\u00e1lny dar\u010dek na kabelky Chiara","og_description":"Dar\u010dekov\u00e9 poukazy \u2013 dokonal\u00fd dar\u010dek na elegantn\u00e9 kabelky z kolekcie Chiara. Flexibilita, luxus a \u0161t\u00fdl v jednom!","og_url":"https:\/\/chiara-design.com\/sk\/darcekove-poukazy\/","og_site_name":"Chiara Design","article_publisher":"https:\/\/www.facebook.com\/ChiaraDesignPL","article_modified_time":"2025-08-25T21:24:25+00:00","og_image":[{"url":"https:\/\/chiara-design.com\/wp-content\/uploads\/2024\/07\/bon-podarunkowy-100-zl-500x667.png","type":"","width":"","height":""}],"twitter_card":"summary_large_image","schema":{"@context":"https:\/\/schema.org","@graph":[{"@type":"WebPage","@id":"https:\/\/chiara-design.com\/sk\/darcekove-poukazy\/","url":"https:\/\/chiara-design.com\/sk\/darcekove-poukazy\/","name":"Dar\u010dekov\u00e9 poukazy \u2013 ide\u00e1lny dar\u010dek na kabelky Chiara","isPartOf":{"@id":"https:\/\/chiara-design.com\/#website"},"primaryImageOfPage":{"@id":"https:\/\/chiara-design.com\/sk\/darcekove-poukazy\/#primaryimage"},"image":{"@id":"https:\/\/chiara-design.com\/sk\/darcekove-poukazy\/#primaryimage"},"thumbnailUrl":"https:\/\/chiara-design.com\/wp-content\/uploads\/2024\/07\/bon-podarunkowy-100-zl-500x667.png","datePublished":"2025-04-25T22:34:44+00:00","dateModified":"2025-08-25T21:24:25+00:00","description":"Dar\u010dekov\u00e9 poukazy \u2013 dokonal\u00fd dar\u010dek na elegantn\u00e9 kabelky z kolekcie Chiara. Flexibilita, luxus a \u0161t\u00fdl v jednom!","breadcrumb":{"@id":"https:\/\/chiara-design.com\/sk\/darcekove-poukazy\/#breadcrumb"},"inLanguage":"sk-SK","potentialAction":[{"@type":"ReadAction","target":["https:\/\/chiara-design.com\/sk\/darcekove-poukazy\/"]}]},{"@type":"ImageObject","inLanguage":"sk-SK","@id":"https:\/\/chiara-design.com\/sk\/darcekove-poukazy\/#primaryimage","url":"https:\/\/chiara-design.com\/wp-content\/uploads\/2024\/07\/bon-podarunkowy-100-zl-500x667.png","contentUrl":"https:\/\/chiara-design.com\/wp-content\/uploads\/2024\/07\/bon-podarunkowy-100-zl-500x667.png"},{"@type":"BreadcrumbList","@id":"https:\/\/chiara-design.com\/sk\/darcekove-poukazy\/#breadcrumb","itemListElement":[{"@type":"ListItem","position":1,"name":"Home","item":"https:\/\/chiara-design.com\/sk\/damske-kabelky-chiara-design\/"},{"@type":"ListItem","position":2,"name":"Dar\u010dekov\u00e9 poukazy"}]},{"@type":"WebSite","@id":"https:\/\/chiara-design.com\/#website","url":"https:\/\/chiara-design.com\/","name":"Chiara Design","description":"Tw\u00f3j ulubiony sklep online z torebkami.","publisher":{"@id":"https:\/\/chiara-design.com\/#organization"},"potentialAction":[{"@type":"SearchAction","target":{"@type":"EntryPoint","urlTemplate":"https:\/\/chiara-design.com\/?s={search_term_string}"},"query-input":{"@type":"PropertyValueSpecification","valueRequired":true,"valueName":"search_term_string"}}],"inLanguage":"sk-SK"},{"@type":"Organization","@id":"https:\/\/chiara-design.com\/#organization","name":"Chiara Design","url":"https:\/\/chiara-design.com\/","logo":{"@type":"ImageObject","inLanguage":"sk-SK","@id":"https:\/\/chiara-design.com\/#\/schema\/logo\/image\/","url":"https:\/\/chiara-design.com\/wp-content\/uploads\/2024\/09\/CHIARA-DESIGN-LOGO.png","contentUrl":"https:\/\/chiara-design.com\/wp-content\/uploads\/2024\/09\/CHIARA-DESIGN-LOGO.png","width":500,"height":158,"caption":"Chiara Design"},"image":{"@id":"https:\/\/chiara-design.com\/#\/schema\/logo\/image\/"},"sameAs":["https:\/\/www.facebook.com\/ChiaraDesignPL","https:\/\/www.instagram.com\/chiara_design_\/"]}]}},"jetpack_sharing_enabled":true,"_links":{"self":[{"href":"https:\/\/chiara-design.com\/sk\/wp-json\/wp\/v2\/pages\/60051","targetHints":{"allow":["GET"]}}],"collection":[{"href":"https:\/\/chiara-design.com\/sk\/wp-json\/wp\/v2\/pages"}],"about":[{"href":"https:\/\/chiara-design.com\/sk\/wp-json\/wp\/v2\/types\/page"}],"author":[{"embeddable":true,"href":"https:\/\/chiara-design.com\/sk\/wp-json\/wp\/v2\/users\/1"}],"replies":[{"embeddable":true,"href":"https:\/\/chiara-design.com\/sk\/wp-json\/wp\/v2\/comments?post=60051"}],"version-history":[{"count":0,"href":"https:\/\/chiara-design.com\/sk\/wp-json\/wp\/v2\/pages\/60051\/revisions"}],"wp:attachment":[{"href":"https:\/\/chiara-design.com\/sk\/wp-json\/wp\/v2\/media?parent=60051"}],"curies":[{"name":"wp","href":"https:\/\/api.w.org\/{rel}","templated":true}]}}