{"id":56183,"date":"2024-08-08T14:32:48","date_gmt":"2024-08-08T12:32:48","guid":{"rendered":"https:\/\/chiara-design.com\/kosik\/"},"modified":"2025-09-23T11:50:40","modified_gmt":"2025-09-23T09:50:40","slug":"kosik","status":"publish","type":"page","link":"https:\/\/chiara-design.com\/sk\/kosik\/","title":{"rendered":"Ko\u0161\u00edk"},"content":{"rendered":"\n<div data-block-name=\"woocommerce\/cart\" data-translated-with-w-p-m-l-t-m=\"1\" class=\"wp-block-woocommerce-cart alignwide is-loading\">\n<div data-block-name=\"woocommerce\/filled-cart-block\" data-translated-with-w-p-m-l-t-m=\"1\" class=\"wp-block-woocommerce-filled-cart-block\">\n<div data-block-name=\"woocommerce\/cart-items-block\" data-translated-with-w-p-m-l-t-m=\"1\" class=\"wp-block-woocommerce-cart-items-block\">\n<div class=\u201dwp-block-woocommerce-cart-line-items-block\u201d><\/div>\n\n\n\n<div data-block-name=\"woocommerce\/cart-cross-sells-block\" data-translated-with-w-p-m-l-t-m=\"1\" class=\"wp-block-woocommerce-cart-cross-sells-block\">\n<h2 class=\"wp-block-heading has-large-font-size\">Mohlo by v\u00e1s zauj\u00edma\u0165\u2026<\/h2>\n\n\n\n<div class=\u201dwp-block-woocommerce-cart-cross-sells-products-block\u201d><\/div>\n<\/div>\n<\/div>\n\n\n\n<div data-block-name=\"woocommerce\/cart-totals-block\" data-translated-with-w-p-m-l-t-m=\"1\" class=\"wp-block-woocommerce-cart-totals-block\">\n<div data-block-name=\"woocommerce\/cart-order-summary-block\" data-translated-with-w-p-m-l-t-m=\"1\" class=\"wp-block-woocommerce-cart-order-summary-block\">\n\t\t\t<div data-block-name=\"woocommerce\/cart-order-summary-heading-block\" class=\"wp-block-woocommerce-cart-order-summary-heading-block\"><\/div>\n\t\t\t<div data-block-name=\"woocommerce\/cart-order-summary-subtotal-block\" class=\"wp-block-woocommerce-cart-order-summary-subtotal-block\"><\/div>\n\t\t\t<div data-block-name=\"woocommerce\/cart-order-summary-fee-block\" class=\"wp-block-woocommerce-cart-order-summary-fee-block\"><\/div>\n\t\t\t<div data-block-name=\"woocommerce\/cart-order-summary-discount-block\" class=\"wp-block-woocommerce-cart-order-summary-discount-block\"><\/div>\n\t\t\t<div data-block-name=\"woocommerce\/cart-order-summary-coupon-form-block\" class=\"wp-block-woocommerce-cart-order-summary-coupon-form-block\"><\/div>\n\t\t\t<div data-block-name=\"woocommerce\/cart-order-summary-shipping-form-block\" class=\"wp-block-woocommerce-cart-order-summary-shipping-block\"><\/div>\n\t\t\t<div data-block-name=\"woocommerce\/cart-order-summary-taxes-block\" class=\"wp-block-woocommerce-cart-order-summary-taxes-block\"><\/div>\n\t\t\n<div data-block-name=\"woocommerce\/cart-order-summary-heading-block\" class=\"wp-block-woocommerce-cart-order-summary-heading-block\"><\/div><div class=\u201dwp-block-woocommerce-cart-order-summary-coupon-form-block\u201d><\/div><div class=\u201dwp-block-woocommerce-cart-order-summary-subtotal-block\u201d><\/div><div class=\u201dwp-block-woocommerce-cart-order-summary-fee-block\u201d><\/div><div class=\u201dwp-block-woocommerce-cart-order-summary-discount-block\u201d><\/div><div class=\u201dwp-block-woocommerce-cart-order-summary-shipping-block\u201d><\/div><div class=\u201dwp-block-woocommerce-cart-order-summary-taxes-block\u201d><\/div>\n<\/div>\n\n\n\n<div class=\u201dwp-block-woocommerce-cart-express-payment-block\u201d><\/div>\n\n\n\n<div data-block-name=\"woocommerce\/proceed-to-checkout-block\" class=\"wp-block-woocommerce-proceed-to-checkout-block\"><\/div>\n\n\n\n<div class=\u201dwp-block-woocommerce-cart-accepted-payment-methods-block\u201d><\/div>\n<\/div>\n<\/div>\n\n\n\n<div data-block-name=\"woocommerce\/empty-cart-block\" data-translated-with-w-p-m-l-t-m=\"1\" class=\"wp-block-woocommerce-empty-cart-block\">\n<h2 class=\"wp-block-heading has-text-align-center with-empty-cart-icon wc-block-cart__empty-cart__title\">V\u00e1\u0161 ko\u0161\u00edk je moment\u00e1lne pr\u00e1zdny!<\/h2>\n\n\n\n<hr class=\"wp-block-separator has-alpha-channel-opacity is-style-dots\"\/>\n\n\n\n<h2 class=\"wp-block-heading has-text-align-center\">Novinky v obchode<\/h2>\n\n\n<div data-block-name=\"woocommerce\/product-new\" data-columns=\"4\" data-rows=\"1\" class=\"wc-block-grid wp-block-product-new wp-block-woocommerce-product-new wc-block-product-new has-4-columns\"><ul class=\"wc-block-grid__products\"><li class=\"wc-block-grid__product\"><span class=\"gtm4wp_productdata\" style=\"display:none; visibility:hidden;\" data-gtm4wp_product_data=\"{&quot;internal_id&quot;:64106,&quot;item_id&quot;:64106,&quot;item_name&quot;:&quot;Kabelka Chiara Nesca \\u010cierna Croko Pr\\u00edrodn\\u00e1 Ko\\u017ea Strieborn\\u00e9 Kovanie (Copy)&quot;,&quot;sku&quot;:64106,&quot;price&quot;:405,&quot;stocklevel&quot;:8,&quot;stockstatus&quot;:&quot;instock&quot;,&quot;google_business_vertical&quot;:&quot;retail&quot;,&quot;item_category&quot;:&quot;Kabelky do ruky&quot;,&quot;id&quot;:64106,&quot;productlink&quot;:&quot;https:\\\/\\\/chiara-design.com\\\/sk\\\/produkt\\\/kabelka-chiara-nesca-cierna-croko-prirodna-koza-strieborne-kovanie-copy\\\/&quot;,&quot;item_list_name&quot;:&quot;General Product List&quot;,&quot;index&quot;:0,&quot;product_type&quot;:&quot;simple&quot;,&quot;item_brand&quot;:&quot;&quot;}\"><\/span>\n\t\t\t\t<a href=\"https:\/\/chiara-design.com\/sk\/produkt\/kabelka-chiara-nesca-cierna-croko-prirodna-koza-strieborne-kovanie-copy\/\" class=\"wc-block-grid__product-link\">\n\t\t\t\t\t\n\t\t\t\t\t<div class=\"wc-block-grid__product-image\"><img fetchpriority=\"high\" decoding=\"async\" width=\"500\" height=\"667\" src=\"https:\/\/chiara-design.com\/wp-content\/uploads\/2024\/10\/sk772-BIS-NESCA-CZARNY-MAT-ZLOTO_2-500x667.jpg\" class=\"attachment-woocommerce_thumbnail size-woocommerce_thumbnail\" alt=\"Kabelka Chiara Nesca \u010cierna Croko Pr\u00edrodn\u00e1 Ko\u017ea Strieborn\u00e9 Kovanie (Copy)\" srcset=\"https:\/\/chiara-design.com\/wp-content\/uploads\/2024\/10\/sk772-BIS-NESCA-CZARNY-MAT-ZLOTO_2-500x667.jpg 500w, https:\/\/chiara-design.com\/wp-content\/uploads\/2024\/10\/sk772-BIS-NESCA-CZARNY-MAT-ZLOTO_2-41x54.jpg 41w\" sizes=\"(max-width: 500px) 100vw, 500px\" \/><\/div>\n\t\t\t\t\t<div class=\"wc-block-grid__product-title\">Kabelka Chiara Nesca \u010cierna Croko Pr\u00edrodn\u00e1 Ko\u017ea Strieborn\u00e9 Kovanie (Copy)<\/div>\n\t\t\t\t<\/a>\n\t\t\t\t<div class=\"wc-block-grid__product-price price\"><span class=\"woocommerce-Price-amount amount\">405,00\u00a0<span class=\"woocommerce-Price-currencySymbol\">z\u0142<\/span><\/span><\/div>\n\t\t\t\t\n\t\t\t\t<div class=\"wp-block-button wc-block-grid__product-add-to-cart\"><a href=\"\/sk\/wp-json\/wp\/v2\/pages\/56183?add-to-cart=64106\" aria-label=\"Prida\u0165 do ko\u0161\u00edka: \u201eKabelka Chiara Nesca \u010cierna Croko Pr\u00edrodn\u00e1 Ko\u017ea Strieborn\u00e9 Kovanie (Copy)\u201c\" data-quantity=\"1\" data-product_id=\"64106\" data-product_sku=\"\" data-price=\"405\" rel=\"nofollow\" class=\"wp-block-button__link  add_to_cart_button ajax_add_to_cart\">Prida\u0165 do ko\u0161\u00edka<\/a><\/div>\n\t\t\t<\/li><li class=\"wc-block-grid__product\"><span class=\"gtm4wp_productdata\" style=\"display:none; visibility:hidden;\" data-gtm4wp_product_data=\"{&quot;internal_id&quot;:63279,&quot;item_id&quot;:63279,&quot;item_name&quot;:&quot;Torebka ZARINA Czarna w Z\\u0142ote Kwiaty&quot;,&quot;sku&quot;:63279,&quot;price&quot;:285,&quot;stocklevel&quot;:null,&quot;stockstatus&quot;:&quot;instock&quot;,&quot;google_business_vertical&quot;:&quot;retail&quot;,&quot;item_category&quot;:&quot;Torebki do R\\u0119ki&quot;,&quot;id&quot;:63279,&quot;productlink&quot;:&quot;https:\\\/\\\/chiara-design.com\\\/sk\\\/produkt\\\/torebka-zarina-czarna-w-zlote-kwiaty\\\/&quot;,&quot;item_list_name&quot;:&quot;General Product List&quot;,&quot;index&quot;:0,&quot;product_type&quot;:&quot;simple&quot;,&quot;item_brand&quot;:&quot;&quot;}\"><\/span>\n\t\t\t\t<a href=\"https:\/\/chiara-design.com\/sk\/produkt\/torebka-zarina-czarna-w-zlote-kwiaty\/\" class=\"wc-block-grid__product-link\">\n\t\t\t\t\t\n\t\t\t\t\t<div class=\"wc-block-grid__product-image\"><img decoding=\"async\" width=\"500\" height=\"667\" src=\"https:\/\/chiara-design.com\/wp-content\/uploads\/2025\/12\/ZARINA-I564-DZ_6-1-500x667.webp\" class=\"attachment-woocommerce_thumbnail size-woocommerce_thumbnail\" alt=\"Torebka ZARINA Czarna w Z\u0142ote Kwiaty\" \/><\/div>\n\t\t\t\t\t<div class=\"wc-block-grid__product-title\">Torebka ZARINA Czarna w Z\u0142ote Kwiaty<\/div>\n\t\t\t\t<\/a>\n\t\t\t\t<div class=\"wc-block-grid__product-price price\"><span class=\"woocommerce-Price-amount amount\">285,00\u00a0<span class=\"woocommerce-Price-currencySymbol\">z\u0142<\/span><\/span><\/div>\n\t\t\t\t\n\t\t\t\t<div class=\"wp-block-button wc-block-grid__product-add-to-cart\"><a href=\"\/sk\/wp-json\/wp\/v2\/pages\/56183?add-to-cart=63279\" aria-label=\"Prida\u0165 do ko\u0161\u00edka: \u201eTorebka ZARINA Czarna w Z\u0142ote Kwiaty\u201c\" data-quantity=\"1\" data-product_id=\"63279\" data-product_sku=\"\" data-price=\"285\" rel=\"nofollow\" class=\"wp-block-button__link  add_to_cart_button ajax_add_to_cart\">Prida\u0165 do ko\u0161\u00edka<\/a><\/div>\n\t\t\t<\/li><li class=\"wc-block-grid__product\"><span class=\"gtm4wp_productdata\" style=\"display:none; visibility:hidden;\" data-gtm4wp_product_data=\"{&quot;internal_id&quot;:63280,&quot;item_id&quot;:63280,&quot;item_name&quot;:&quot;Torebka PANDORA Czarna w Z\\u0142ote Kwiaty&quot;,&quot;sku&quot;:63280,&quot;price&quot;:285,&quot;stocklevel&quot;:null,&quot;stockstatus&quot;:&quot;instock&quot;,&quot;google_business_vertical&quot;:&quot;retail&quot;,&quot;item_category&quot;:&quot;Klasyczne&quot;,&quot;id&quot;:63280,&quot;productlink&quot;:&quot;https:\\\/\\\/chiara-design.com\\\/sk\\\/produkt\\\/torebka-pandora-czarna-w-zlote-kwiaty\\\/&quot;,&quot;item_list_name&quot;:&quot;General Product List&quot;,&quot;index&quot;:0,&quot;product_type&quot;:&quot;simple&quot;,&quot;item_brand&quot;:&quot;&quot;}\"><\/span>\n\t\t\t\t<a href=\"https:\/\/chiara-design.com\/sk\/produkt\/torebka-pandora-czarna-w-zlote-kwiaty\/\" class=\"wc-block-grid__product-link\">\n\t\t\t\t\t\n\t\t\t\t\t<div class=\"wc-block-grid__product-image\"><img decoding=\"async\" width=\"500\" height=\"667\" src=\"https:\/\/chiara-design.com\/wp-content\/uploads\/2024\/08\/6965c-Torebka-Chiara-E698-PANDORA-\u2013-czarna-kwiaty-500x667.jpg\" class=\"attachment-woocommerce_thumbnail size-woocommerce_thumbnail\" alt=\"Torebka PANDORA Czarna w Z\u0142ote Kwiaty\" \/><\/div>\n\t\t\t\t\t<div class=\"wc-block-grid__product-title\">Torebka PANDORA Czarna w Z\u0142ote Kwiaty<\/div>\n\t\t\t\t<\/a>\n\t\t\t\t<div class=\"wc-block-grid__product-price price\"><span class=\"woocommerce-Price-amount amount\">285,00\u00a0<span class=\"woocommerce-Price-currencySymbol\">z\u0142<\/span><\/span><\/div>\n\t\t\t\t\n\t\t\t\t<div class=\"wp-block-button wc-block-grid__product-add-to-cart\"><a href=\"\/sk\/wp-json\/wp\/v2\/pages\/56183?add-to-cart=63280\" aria-label=\"Prida\u0165 do ko\u0161\u00edka: \u201eTorebka PANDORA Czarna w Z\u0142ote Kwiaty\u201c\" data-quantity=\"1\" data-product_id=\"63280\" data-product_sku=\"\" data-price=\"285\" rel=\"nofollow\" class=\"wp-block-button__link  add_to_cart_button ajax_add_to_cart\">Prida\u0165 do ko\u0161\u00edka<\/a><\/div>\n\t\t\t<\/li><li class=\"wc-block-grid__product\"><span class=\"gtm4wp_productdata\" style=\"display:none; visibility:hidden;\" data-gtm4wp_product_data=\"{&quot;internal_id&quot;:63281,&quot;item_id&quot;:63281,&quot;item_name&quot;:&quot;Plecak Torebka FEDELE Czarny w Z\\u0142ote Kwiaty&quot;,&quot;sku&quot;:63281,&quot;price&quot;:295,&quot;stocklevel&quot;:null,&quot;stockstatus&quot;:&quot;instock&quot;,&quot;google_business_vertical&quot;:&quot;retail&quot;,&quot;item_category&quot;:&quot;Plecaki&quot;,&quot;id&quot;:63281,&quot;productlink&quot;:&quot;https:\\\/\\\/chiara-design.com\\\/sk\\\/produkt\\\/plecak-torebka-fedele-czarny-w-zlote-kwiaty\\\/&quot;,&quot;item_list_name&quot;:&quot;General Product List&quot;,&quot;index&quot;:0,&quot;product_type&quot;:&quot;simple&quot;,&quot;item_brand&quot;:&quot;&quot;}\"><\/span>\n\t\t\t\t<a href=\"https:\/\/chiara-design.com\/sk\/produkt\/plecak-torebka-fedele-czarny-w-zlote-kwiaty\/\" class=\"wc-block-grid__product-link\">\n\t\t\t\t\t\n\t\t\t\t\t<div class=\"wc-block-grid__product-image\"><img loading=\"lazy\" decoding=\"async\" width=\"500\" height=\"667\" src=\"https:\/\/chiara-design.com\/wp-content\/uploads\/2025\/12\/5590b-Plecak-2w1-Chiara-K786-Fedele-czarny-z-kwiatami-500x667.webp\" class=\"attachment-woocommerce_thumbnail size-woocommerce_thumbnail\" alt=\"Plecak Torebka FEDELE Czarny w Z\u0142ote Kwiaty\" \/><\/div>\n\t\t\t\t\t<div class=\"wc-block-grid__product-title\">Plecak Torebka FEDELE Czarny w Z\u0142ote Kwiaty<\/div>\n\t\t\t\t<\/a>\n\t\t\t\t<div class=\"wc-block-grid__product-price price\"><span class=\"woocommerce-Price-amount amount\">295,00\u00a0<span class=\"woocommerce-Price-currencySymbol\">z\u0142<\/span><\/span><\/div>\n\t\t\t\t<div class=\"wc-block-grid__product-rating\"><div class=\"star-rating\" role=\"img\" aria-label=\"Hodnotenie 5.00 z 5\"><span style=\"width:100%\">Hodnotenie <strong class=\"rating\">5.00<\/strong> z 5 na z\u00e1klade <span class=\"rating\">1<\/span> z\u00e1kazn\u00edckej recenzie<\/span><\/div><\/div>\n\t\t\t\t<div class=\"wp-block-button wc-block-grid__product-add-to-cart\"><a href=\"\/sk\/wp-json\/wp\/v2\/pages\/56183?add-to-cart=63281\" aria-label=\"Prida\u0165 do ko\u0161\u00edka: \u201ePlecak Torebka FEDELE Czarny w Z\u0142ote Kwiaty\u201c\" data-quantity=\"1\" data-product_id=\"63281\" data-product_sku=\"\" data-price=\"295\" rel=\"nofollow\" class=\"wp-block-button__link  add_to_cart_button ajax_add_to_cart\">Prida\u0165 do ko\u0161\u00edka<\/a><\/div>\n\t\t\t<\/li><\/ul><\/div><\/div>\n<\/div>\n","protected":false},"excerpt":{"rendered":"","protected":false},"author":1,"featured_media":0,"parent":0,"menu_order":0,"comment_status":"closed","ping_status":"closed","template":"","meta":{"footnotes":""},"class_list":["post-56183","page","type-page","status-publish","hentry"],"yoast_head":"<!-- This site is optimized with the Yoast SEO plugin v27.5 - https:\/\/yoast.com\/product\/yoast-seo-wordpress\/ -->\n<title>Ko\u0161\u00edk - Chiara Design<\/title>\n<meta name=\"robots\" content=\"index, follow, max-snippet:-1, max-image-preview:large, max-video-preview:-1\" \/>\n<link rel=\"canonical\" href=\"https:\/\/chiara-design.com\/sk\/kosik\/\" \/>\n<meta property=\"og:locale\" content=\"sk_SK\" \/>\n<meta property=\"og:type\" content=\"article\" \/>\n<meta property=\"og:title\" content=\"Ko\u0161\u00edk - Chiara Design\" \/>\n<meta property=\"og:url\" content=\"https:\/\/chiara-design.com\/sk\/kosik\/\" \/>\n<meta property=\"og:site_name\" content=\"Chiara Design\" \/>\n<meta property=\"article:publisher\" content=\"https:\/\/www.facebook.com\/ChiaraDesignPL\" \/>\n<meta property=\"article:modified_time\" content=\"2025-09-23T09:50:40+00:00\" \/>\n<meta name=\"twitter:card\" content=\"summary_large_image\" \/>\n<script type=\"application\/ld+json\" class=\"yoast-schema-graph\">{\"@context\":\"https:\\\/\\\/schema.org\",\"@graph\":[{\"@type\":\"WebPage\",\"@id\":\"https:\\\/\\\/chiara-design.com\\\/sk\\\/kosik\\\/\",\"url\":\"https:\\\/\\\/chiara-design.com\\\/sk\\\/kosik\\\/\",\"name\":\"Ko\u0161\u00edk - Chiara Design\",\"isPartOf\":{\"@id\":\"https:\\\/\\\/chiara-design.com\\\/#website\"},\"datePublished\":\"2024-08-08T12:32:48+00:00\",\"dateModified\":\"2025-09-23T09:50:40+00:00\",\"breadcrumb\":{\"@id\":\"https:\\\/\\\/chiara-design.com\\\/sk\\\/kosik\\\/#breadcrumb\"},\"inLanguage\":\"sk-SK\",\"potentialAction\":[{\"@type\":\"ReadAction\",\"target\":[\"https:\\\/\\\/chiara-design.com\\\/sk\\\/kosik\\\/\"]}]},{\"@type\":\"BreadcrumbList\",\"@id\":\"https:\\\/\\\/chiara-design.com\\\/sk\\\/kosik\\\/#breadcrumb\",\"itemListElement\":[{\"@type\":\"ListItem\",\"position\":1,\"name\":\"Home\",\"item\":\"https:\\\/\\\/chiara-design.com\\\/sk\\\/damske-kabelky-chiara-design\\\/\"},{\"@type\":\"ListItem\",\"position\":2,\"name\":\"Ko\u0161\u00edk\"}]},{\"@type\":\"WebSite\",\"@id\":\"https:\\\/\\\/chiara-design.com\\\/#website\",\"url\":\"https:\\\/\\\/chiara-design.com\\\/\",\"name\":\"Chiara Design\",\"description\":\"Tw\u00f3j ulubiony sklep online z torebkami.\",\"publisher\":{\"@id\":\"https:\\\/\\\/chiara-design.com\\\/#organization\"},\"potentialAction\":[{\"@type\":\"SearchAction\",\"target\":{\"@type\":\"EntryPoint\",\"urlTemplate\":\"https:\\\/\\\/chiara-design.com\\\/?s={search_term_string}\"},\"query-input\":{\"@type\":\"PropertyValueSpecification\",\"valueRequired\":true,\"valueName\":\"search_term_string\"}}],\"inLanguage\":\"sk-SK\"},{\"@type\":\"Organization\",\"@id\":\"https:\\\/\\\/chiara-design.com\\\/#organization\",\"name\":\"Chiara Design\",\"url\":\"https:\\\/\\\/chiara-design.com\\\/\",\"logo\":{\"@type\":\"ImageObject\",\"inLanguage\":\"sk-SK\",\"@id\":\"https:\\\/\\\/chiara-design.com\\\/#\\\/schema\\\/logo\\\/image\\\/\",\"url\":\"https:\\\/\\\/chiara-design.com\\\/wp-content\\\/uploads\\\/2024\\\/09\\\/CHIARA-DESIGN-LOGO.png\",\"contentUrl\":\"https:\\\/\\\/chiara-design.com\\\/wp-content\\\/uploads\\\/2024\\\/09\\\/CHIARA-DESIGN-LOGO.png\",\"width\":500,\"height\":158,\"caption\":\"Chiara Design\"},\"image\":{\"@id\":\"https:\\\/\\\/chiara-design.com\\\/#\\\/schema\\\/logo\\\/image\\\/\"},\"sameAs\":[\"https:\\\/\\\/www.facebook.com\\\/ChiaraDesignPL\",\"https:\\\/\\\/www.instagram.com\\\/chiara_design_\\\/\"]}]}<\/script>\n<!-- \/ Yoast SEO plugin. -->","yoast_head_json":{"title":"Ko\u0161\u00edk - Chiara Design","robots":{"index":"index","follow":"follow","max-snippet":"max-snippet:-1","max-image-preview":"max-image-preview:large","max-video-preview":"max-video-preview:-1"},"canonical":"https:\/\/chiara-design.com\/sk\/kosik\/","og_locale":"sk_SK","og_type":"article","og_title":"Ko\u0161\u00edk - Chiara Design","og_url":"https:\/\/chiara-design.com\/sk\/kosik\/","og_site_name":"Chiara Design","article_publisher":"https:\/\/www.facebook.com\/ChiaraDesignPL","article_modified_time":"2025-09-23T09:50:40+00:00","twitter_card":"summary_large_image","schema":{"@context":"https:\/\/schema.org","@graph":[{"@type":"WebPage","@id":"https:\/\/chiara-design.com\/sk\/kosik\/","url":"https:\/\/chiara-design.com\/sk\/kosik\/","name":"Ko\u0161\u00edk - Chiara Design","isPartOf":{"@id":"https:\/\/chiara-design.com\/#website"},"datePublished":"2024-08-08T12:32:48+00:00","dateModified":"2025-09-23T09:50:40+00:00","breadcrumb":{"@id":"https:\/\/chiara-design.com\/sk\/kosik\/#breadcrumb"},"inLanguage":"sk-SK","potentialAction":[{"@type":"ReadAction","target":["https:\/\/chiara-design.com\/sk\/kosik\/"]}]},{"@type":"BreadcrumbList","@id":"https:\/\/chiara-design.com\/sk\/kosik\/#breadcrumb","itemListElement":[{"@type":"ListItem","position":1,"name":"Home","item":"https:\/\/chiara-design.com\/sk\/damske-kabelky-chiara-design\/"},{"@type":"ListItem","position":2,"name":"Ko\u0161\u00edk"}]},{"@type":"WebSite","@id":"https:\/\/chiara-design.com\/#website","url":"https:\/\/chiara-design.com\/","name":"Chiara Design","description":"Tw\u00f3j ulubiony sklep online z torebkami.","publisher":{"@id":"https:\/\/chiara-design.com\/#organization"},"potentialAction":[{"@type":"SearchAction","target":{"@type":"EntryPoint","urlTemplate":"https:\/\/chiara-design.com\/?s={search_term_string}"},"query-input":{"@type":"PropertyValueSpecification","valueRequired":true,"valueName":"search_term_string"}}],"inLanguage":"sk-SK"},{"@type":"Organization","@id":"https:\/\/chiara-design.com\/#organization","name":"Chiara Design","url":"https:\/\/chiara-design.com\/","logo":{"@type":"ImageObject","inLanguage":"sk-SK","@id":"https:\/\/chiara-design.com\/#\/schema\/logo\/image\/","url":"https:\/\/chiara-design.com\/wp-content\/uploads\/2024\/09\/CHIARA-DESIGN-LOGO.png","contentUrl":"https:\/\/chiara-design.com\/wp-content\/uploads\/2024\/09\/CHIARA-DESIGN-LOGO.png","width":500,"height":158,"caption":"Chiara Design"},"image":{"@id":"https:\/\/chiara-design.com\/#\/schema\/logo\/image\/"},"sameAs":["https:\/\/www.facebook.com\/ChiaraDesignPL","https:\/\/www.instagram.com\/chiara_design_\/"]}]}},"jetpack_sharing_enabled":true,"_links":{"self":[{"href":"https:\/\/chiara-design.com\/sk\/wp-json\/wp\/v2\/pages\/56183","targetHints":{"allow":["GET"]}}],"collection":[{"href":"https:\/\/chiara-design.com\/sk\/wp-json\/wp\/v2\/pages"}],"about":[{"href":"https:\/\/chiara-design.com\/sk\/wp-json\/wp\/v2\/types\/page"}],"author":[{"embeddable":true,"href":"https:\/\/chiara-design.com\/sk\/wp-json\/wp\/v2\/users\/1"}],"replies":[{"embeddable":true,"href":"https:\/\/chiara-design.com\/sk\/wp-json\/wp\/v2\/comments?post=56183"}],"version-history":[{"count":0,"href":"https:\/\/chiara-design.com\/sk\/wp-json\/wp\/v2\/pages\/56183\/revisions"}],"wp:attachment":[{"href":"https:\/\/chiara-design.com\/sk\/wp-json\/wp\/v2\/media?parent=56183"}],"curies":[{"name":"wp","href":"https:\/\/api.w.org\/{rel}","templated":true}]}}