{"id":62355,"date":"2025-11-07T01:14:25","date_gmt":"2025-11-07T00:14:25","guid":{"rendered":"https:\/\/chiara-design.com\/?post_type=product&#038;p=62355"},"modified":"2026-04-01T00:15:13","modified_gmt":"2026-03-31T22:15:13","slug":"torebka-listonoszka-skora-groszkowa-czekolada","status":"publish","type":"product","link":"https:\/\/chiara-design.com\/en\/product\/torebka-listonoszka-skora-groszkowa-czekolada\/","title":{"rendered":"Torebka Listonoszka &#8220;JOY&#8221; &#8211; Sk\u00f3ra Naturalna Groszkowa, Czekolada"},"content":{"rendered":"<h2>Odkryj Torebk\u0119 JOY \u2013 Listonoszka na Co Dzie\u0144 w Klasycznej Czekoladzie<\/h2>\n<p><strong>Torebka Listonoszka &#8220;JOY&#8221; \u2013 Sk\u00f3ra Naturalna Groszkowa, Czekolada<\/strong> to wyj\u0105tkowy model, kt\u00f3ry \u0142\u0105czy klasyczn\u0105 elegancj\u0119 z nowoczesnym stylem. Wykonana z <strong>naturalnej sk\u00f3ry<\/strong> o fakturowanym wzorze groszku, wyr\u00f3\u017cnia si\u0119 trwa\u0142o\u015bci\u0105 oraz ponadczasowym wygl\u0105dem. Je\u015bli szukasz listonoszki, kt\u00f3ra doda charakteru Twoim codziennym stylizacjom, ten model spe\u0142ni Twoje oczekiwania.<\/p>\n<h2>Wszechstronny design i funkcjonalno\u015b\u0107<\/h2>\n<p><strong>Czekoladowa listonoszka ze sk\u00f3ry naturalnej<\/strong> to idealny wyb\u00f3r dla kobiet, kt\u00f3re ceni\u0105 styl i praktyczno\u015b\u0107. Ponadto, dzi\u0119ki kompaktowym wymiarom i pojemnemu wn\u0119trzu, pomie\u015bci wszystkie niezb\u0119dne przedmioty. Dlatego, sprawdzi si\u0119 zar\u00f3wno podczas spotka\u0144, jak i w pracy. Dodatkowo, wyr\u00f3\u017cnia si\u0119:<\/p>\n<ul>\n<li><strong>Przemy\u015blan\u0105 organizacj\u0105 wn\u0119trza<\/strong> \u2013 g\u0142\u00f3wna komora zamykana na suwak zapewnia bezpiecze\u0144stwo przechowywanych rzeczy.<\/li>\n<li><strong>Dodatkow\u0105 przegrod\u0105<\/strong>, kt\u00f3ra pe\u0142ni funkcj\u0119 pojemnej kieszeni.<\/li>\n<li><strong>Kieszonkami na suwak<\/strong> umieszczonymi zar\u00f3wno z przodu, jak i z ty\u0142u, co u\u0142atwia dost\u0119p do najpotrzebniejszych przedmiot\u00f3w.<\/li>\n<li><strong>Regulowanym paskiem<\/strong>, kt\u00f3ry pozwala nosi\u0107 torebk\u0119 wygodnie jako crossbody.<\/li>\n<li><strong>Wygodn\u0105 r\u0105czk\u0105<\/strong>, dzi\u0119ki kt\u00f3rej torebk\u0119 mo\u017cna komfortowo nosi\u0107 na ramieniu.<\/li>\n<li><strong>Stylowym dodatkiem<\/strong> \u2013 lusterkiem w kszta\u0142cie serca na \u0142a\u0144cuszku, kt\u00f3re dodaje uroku.<\/li>\n<\/ul>\n<h2>Funkcjonalno\u015b\u0107 i wygoda w jednym<\/h2>\n<p>Co wi\u0119cej, liczne kieszonki u\u0142atwiaj\u0105 utrzymanie porz\u0105dku, a starannie zaprojektowane wn\u0119trze sprawia, \u017ce wszystko ma swoje miejsce. Dlatego, nawet w najbardziej zabiegane dni mo\u017cesz cieszy\u0107 si\u0119 komfortem u\u017cytkowania. Ponadto, dzi\u0119ki swojej lekko\u015bci i ergonomicznemu kszta\u0142towi, torebka nie obci\u0105\u017ca ramienia, co przek\u0142ada si\u0119 na wygod\u0119 przez ca\u0142y dzie\u0144.<\/p>\n<h2>Dlaczego warto wybra\u0107 Torebk\u0119 JOY?<\/h2>\n<p>Model ten to <strong>synonim wygody i ponadczasowego stylu<\/strong>. Ponadto, g\u0142\u0119boki czekoladowy kolor dodaje elegancji i uniwersalno\u015bci, dzi\u0119ki czemu listonoszka stanie si\u0119 wyj\u0105tkowym elementem ka\u017cdej stylizacji. Dlatego, je\u015bli cenisz wysok\u0105 jako\u015b\u0107 i funkcjonalno\u015b\u0107, ta torebka b\u0119dzie doskona\u0142ym wyborem.<\/p>\n<h3>Najwa\u017cniejsze cechy Torebki JOY:<\/h3>\n<ul>\n<li>Naturalna sk\u00f3ra o fakturze groszku<\/li>\n<li>G\u0142\u0119boki czekoladowy kolor<\/li>\n<li>Pojemna komora g\u0142\u00f3wna zamykana na suwak<\/li>\n<li>Praktyczne kieszenie wewn\u0119trzne i zewn\u0119trzne<\/li>\n<li>Regulowany pasek oraz ergonomiczna r\u0105czka<\/li>\n<li>Firmowy gad\u017cet \u2013 lusterko w kszta\u0142cie serca<\/li>\n<li>Idealna na co dzie\u0144 i eleganckie wyj\u015bcia<\/li>\n<\/ul>\n<p><strong>Podsumowuj\u0105c<\/strong>, <strong>Torebka Listonoszka &#8220;JOY&#8221; \u2013 Sk\u00f3ra Naturalna Groszkowa, Czekolada<\/strong> to po\u0142\u0105czenie nowoczesnego designu, komfortu i wysokiej jako\u015bci wykonania. Dlatego, je\u015bli szukasz torebki, kt\u00f3ra doda klasy Twoim stylizacjom i zapewni wygod\u0119 u\u017cytkowania, ten model b\u0119dzie idealnym wyborem.<\/p>\n<p><strong>Model:<\/strong> E6019<\/p>\n","protected":false},"excerpt":{"rendered":"<p>Luksusowa listonoszka JOY z naturalnej sk\u00f3ry groszkowej w g\u0142\u0119bokim kolorze czekoladowym. Wszechstronna, z regulowanym paskiem i licznymi kieszonkami, idealna na co dzie\u0144.<\/p>\n","protected":false},"featured_media":61928,"comment_status":"open","ping_status":"closed","template":"","meta":[],"product_brand":[177,193],"product_cat":[138],"product_tag":[546,182,453,480,255,259,547],"class_list":{"0":"post-62355","1":"product","2":"type-product","3":"status-publish","4":"has-post-thumbnail","6":"product_brand-chiara","7":"product_brand-chiara_premium","8":"product_cat-listonoszki","9":"product_tag-a5","10":"product_tag-chiara","11":"product_tag-klasyczna","12":"product_tag-listonoszka","13":"product_tag-skora-naturalna","14":"product_tag-torebka","15":"product_tag-uniwersalna","17":"first","18":"instock","19":"featured","20":"shipping-taxable","21":"purchasable","22":"product-type-simple"},"yoast_head":"<!-- This site is optimized with the Yoast SEO plugin v27.4 - https:\/\/yoast.com\/product\/yoast-seo-wordpress\/ -->\n<title>Torebka Listonoszka JOY | Sk\u00f3ra Groszkowa Czekolada | Elegancka Torebka<\/title>\n<meta name=\"description\" content=\"Odkryj listonoszk\u0119 JOY z naturalnej sk\u00f3ry groszkowej w g\u0142\u0119bokim czekoladowym kolorze. Idealna na co dzie\u0144, pojemna i funkcjonalna. Kup teraz!\" \/>\n<meta name=\"robots\" content=\"index, follow, max-snippet:-1, max-image-preview:large, max-video-preview:-1\" \/>\n<link rel=\"canonical\" href=\"https:\/\/chiara-design.com\/produkt\/torebka-listonoszka-skora-groszkowa-czekolada\/\" \/>\n<meta property=\"og:locale\" content=\"en_US\" \/>\n<meta property=\"og:type\" content=\"article\" \/>\n<meta property=\"og:title\" content=\"Torebka Listonoszka JOY | Sk\u00f3ra Groszkowa Czekolada | Elegancka Torebka\" \/>\n<meta property=\"og:description\" content=\"Odkryj listonoszk\u0119 JOY z naturalnej sk\u00f3ry groszkowej w g\u0142\u0119bokim czekoladowym kolorze. Idealna na co dzie\u0144, pojemna i funkcjonalna. Kup teraz!\" \/>\n<meta property=\"og:url\" content=\"https:\/\/chiara-design.com\/produkt\/torebka-listonoszka-skora-groszkowa-czekolada\/\" \/>\n<meta property=\"og:site_name\" content=\"Chiara Design\" \/>\n<meta property=\"article:publisher\" content=\"https:\/\/www.facebook.com\/ChiaraDesignPL\" \/>\n<meta property=\"article:modified_time\" content=\"2026-03-31T22:15:13+00:00\" \/>\n<meta property=\"og:image\" content=\"https:\/\/chiara-design.com\/wp-content\/uploads\/2025\/11\/Joy-czekolada-groszek-2.webp\" \/>\n\t<meta property=\"og:image:width\" content=\"1200\" \/>\n\t<meta property=\"og:image:height\" content=\"1500\" \/>\n\t<meta property=\"og:image:type\" content=\"image\/webp\" \/>\n<meta name=\"twitter:card\" content=\"summary_large_image\" \/>\n<meta name=\"twitter:label1\" content=\"Est. reading time\" \/>\n\t<meta name=\"twitter:data1\" content=\"2 minutes\" \/>\n<script type=\"application\/ld+json\" class=\"yoast-schema-graph\">{\"@context\":\"https:\\\/\\\/schema.org\",\"@graph\":[{\"@type\":\"WebPage\",\"@id\":\"https:\\\/\\\/chiara-design.com\\\/produkt\\\/torebka-listonoszka-skora-groszkowa-czekolada\\\/\",\"url\":\"https:\\\/\\\/chiara-design.com\\\/produkt\\\/torebka-listonoszka-skora-groszkowa-czekolada\\\/\",\"name\":\"Torebka Listonoszka JOY | Sk\u00f3ra Groszkowa Czekolada | Elegancka Torebka\",\"isPartOf\":{\"@id\":\"https:\\\/\\\/chiara-design.com\\\/#website\"},\"primaryImageOfPage\":{\"@id\":\"https:\\\/\\\/chiara-design.com\\\/produkt\\\/torebka-listonoszka-skora-groszkowa-czekolada\\\/#primaryimage\"},\"image\":{\"@id\":\"https:\\\/\\\/chiara-design.com\\\/produkt\\\/torebka-listonoszka-skora-groszkowa-czekolada\\\/#primaryimage\"},\"thumbnailUrl\":\"https:\\\/\\\/chiara-design.com\\\/wp-content\\\/uploads\\\/2025\\\/10\\\/JOY-CZEKOLADA-GROSZEK_3.webp\",\"datePublished\":\"2025-11-07T00:14:25+00:00\",\"dateModified\":\"2026-03-31T22:15:13+00:00\",\"description\":\"Odkryj listonoszk\u0119 JOY z naturalnej sk\u00f3ry groszkowej w g\u0142\u0119bokim czekoladowym kolorze. Idealna na co dzie\u0144, pojemna i funkcjonalna. Kup teraz!\",\"breadcrumb\":{\"@id\":\"https:\\\/\\\/chiara-design.com\\\/produkt\\\/torebka-listonoszka-skora-groszkowa-czekolada\\\/#breadcrumb\"},\"inLanguage\":\"en-US\",\"potentialAction\":[{\"@type\":\"ReadAction\",\"target\":[\"https:\\\/\\\/chiara-design.com\\\/produkt\\\/torebka-listonoszka-skora-groszkowa-czekolada\\\/\"]}]},{\"@type\":\"ImageObject\",\"inLanguage\":\"en-US\",\"@id\":\"https:\\\/\\\/chiara-design.com\\\/produkt\\\/torebka-listonoszka-skora-groszkowa-czekolada\\\/#primaryimage\",\"url\":\"https:\\\/\\\/chiara-design.com\\\/wp-content\\\/uploads\\\/2025\\\/10\\\/JOY-CZEKOLADA-GROSZEK_3.webp\",\"contentUrl\":\"https:\\\/\\\/chiara-design.com\\\/wp-content\\\/uploads\\\/2025\\\/10\\\/JOY-CZEKOLADA-GROSZEK_3.webp\",\"width\":1200,\"height\":1500},{\"@type\":\"BreadcrumbList\",\"@id\":\"https:\\\/\\\/chiara-design.com\\\/produkt\\\/torebka-listonoszka-skora-groszkowa-czekolada\\\/#breadcrumb\",\"itemListElement\":[{\"@type\":\"ListItem\",\"position\":1,\"name\":\"Home\",\"item\":\"https:\\\/\\\/chiara-design.com\\\/\"},{\"@type\":\"ListItem\",\"position\":2,\"name\":\"Store\",\"item\":\"https:\\\/\\\/chiara-design.com\\\/sklep\\\/\"},{\"@type\":\"ListItem\",\"position\":3,\"name\":\"Torebka Listonoszka &#8220;JOY&#8221; &#8211; Sk\u00f3ra Naturalna Groszkowa, Czekolada\"}]},{\"@type\":\"WebSite\",\"@id\":\"https:\\\/\\\/chiara-design.com\\\/#website\",\"url\":\"https:\\\/\\\/chiara-design.com\\\/\",\"name\":\"Chiara Design\",\"description\":\"Tw\u00f3j ulubiony sklep online z torebkami.\",\"publisher\":{\"@id\":\"https:\\\/\\\/chiara-design.com\\\/#organization\"},\"potentialAction\":[{\"@type\":\"SearchAction\",\"target\":{\"@type\":\"EntryPoint\",\"urlTemplate\":\"https:\\\/\\\/chiara-design.com\\\/?s={search_term_string}\"},\"query-input\":{\"@type\":\"PropertyValueSpecification\",\"valueRequired\":true,\"valueName\":\"search_term_string\"}}],\"inLanguage\":\"en-US\"},{\"@type\":\"Organization\",\"@id\":\"https:\\\/\\\/chiara-design.com\\\/#organization\",\"name\":\"Chiara Design\",\"url\":\"https:\\\/\\\/chiara-design.com\\\/\",\"logo\":{\"@type\":\"ImageObject\",\"inLanguage\":\"en-US\",\"@id\":\"https:\\\/\\\/chiara-design.com\\\/#\\\/schema\\\/logo\\\/image\\\/\",\"url\":\"https:\\\/\\\/chiara-design.com\\\/wp-content\\\/uploads\\\/2024\\\/09\\\/CHIARA-DESIGN-LOGO.png\",\"contentUrl\":\"https:\\\/\\\/chiara-design.com\\\/wp-content\\\/uploads\\\/2024\\\/09\\\/CHIARA-DESIGN-LOGO.png\",\"width\":500,\"height\":158,\"caption\":\"Chiara Design\"},\"image\":{\"@id\":\"https:\\\/\\\/chiara-design.com\\\/#\\\/schema\\\/logo\\\/image\\\/\"},\"sameAs\":[\"https:\\\/\\\/www.facebook.com\\\/ChiaraDesignPL\",\"https:\\\/\\\/www.instagram.com\\\/chiara_design_\\\/\"]}]}<\/script>\n<!-- \/ Yoast SEO plugin. -->","yoast_head_json":{"title":"Torebka Listonoszka JOY | Sk\u00f3ra Groszkowa Czekolada | Elegancka Torebka","description":"Odkryj listonoszk\u0119 JOY z naturalnej sk\u00f3ry groszkowej w g\u0142\u0119bokim czekoladowym kolorze. Idealna na co dzie\u0144, pojemna i funkcjonalna. Kup teraz!","robots":{"index":"index","follow":"follow","max-snippet":"max-snippet:-1","max-image-preview":"max-image-preview:large","max-video-preview":"max-video-preview:-1"},"canonical":"https:\/\/chiara-design.com\/produkt\/torebka-listonoszka-skora-groszkowa-czekolada\/","og_locale":"en_US","og_type":"article","og_title":"Torebka Listonoszka JOY | Sk\u00f3ra Groszkowa Czekolada | Elegancka Torebka","og_description":"Odkryj listonoszk\u0119 JOY z naturalnej sk\u00f3ry groszkowej w g\u0142\u0119bokim czekoladowym kolorze. Idealna na co dzie\u0144, pojemna i funkcjonalna. Kup teraz!","og_url":"https:\/\/chiara-design.com\/produkt\/torebka-listonoszka-skora-groszkowa-czekolada\/","og_site_name":"Chiara Design","article_publisher":"https:\/\/www.facebook.com\/ChiaraDesignPL","article_modified_time":"2026-03-31T22:15:13+00:00","og_image":[{"width":1200,"height":1500,"url":"https:\/\/chiara-design.com\/wp-content\/uploads\/2025\/11\/Joy-czekolada-groszek-2.webp","type":"image\/webp"}],"twitter_card":"summary_large_image","twitter_misc":{"Est. reading time":"2 minutes"},"schema":{"@context":"https:\/\/schema.org","@graph":[{"@type":"WebPage","@id":"https:\/\/chiara-design.com\/produkt\/torebka-listonoszka-skora-groszkowa-czekolada\/","url":"https:\/\/chiara-design.com\/produkt\/torebka-listonoszka-skora-groszkowa-czekolada\/","name":"Torebka Listonoszka JOY | Sk\u00f3ra Groszkowa Czekolada | Elegancka Torebka","isPartOf":{"@id":"https:\/\/chiara-design.com\/#website"},"primaryImageOfPage":{"@id":"https:\/\/chiara-design.com\/produkt\/torebka-listonoszka-skora-groszkowa-czekolada\/#primaryimage"},"image":{"@id":"https:\/\/chiara-design.com\/produkt\/torebka-listonoszka-skora-groszkowa-czekolada\/#primaryimage"},"thumbnailUrl":"https:\/\/chiara-design.com\/wp-content\/uploads\/2025\/10\/JOY-CZEKOLADA-GROSZEK_3.webp","datePublished":"2025-11-07T00:14:25+00:00","dateModified":"2026-03-31T22:15:13+00:00","description":"Odkryj listonoszk\u0119 JOY z naturalnej sk\u00f3ry groszkowej w g\u0142\u0119bokim czekoladowym kolorze. Idealna na co dzie\u0144, pojemna i funkcjonalna. Kup teraz!","breadcrumb":{"@id":"https:\/\/chiara-design.com\/produkt\/torebka-listonoszka-skora-groszkowa-czekolada\/#breadcrumb"},"inLanguage":"en-US","potentialAction":[{"@type":"ReadAction","target":["https:\/\/chiara-design.com\/produkt\/torebka-listonoszka-skora-groszkowa-czekolada\/"]}]},{"@type":"ImageObject","inLanguage":"en-US","@id":"https:\/\/chiara-design.com\/produkt\/torebka-listonoszka-skora-groszkowa-czekolada\/#primaryimage","url":"https:\/\/chiara-design.com\/wp-content\/uploads\/2025\/10\/JOY-CZEKOLADA-GROSZEK_3.webp","contentUrl":"https:\/\/chiara-design.com\/wp-content\/uploads\/2025\/10\/JOY-CZEKOLADA-GROSZEK_3.webp","width":1200,"height":1500},{"@type":"BreadcrumbList","@id":"https:\/\/chiara-design.com\/produkt\/torebka-listonoszka-skora-groszkowa-czekolada\/#breadcrumb","itemListElement":[{"@type":"ListItem","position":1,"name":"Home","item":"https:\/\/chiara-design.com\/"},{"@type":"ListItem","position":2,"name":"Store","item":"https:\/\/chiara-design.com\/sklep\/"},{"@type":"ListItem","position":3,"name":"Torebka Listonoszka &#8220;JOY&#8221; &#8211; Sk\u00f3ra Naturalna Groszkowa, Czekolada"}]},{"@type":"WebSite","@id":"https:\/\/chiara-design.com\/#website","url":"https:\/\/chiara-design.com\/","name":"Chiara Design","description":"Tw\u00f3j ulubiony sklep online z torebkami.","publisher":{"@id":"https:\/\/chiara-design.com\/#organization"},"potentialAction":[{"@type":"SearchAction","target":{"@type":"EntryPoint","urlTemplate":"https:\/\/chiara-design.com\/?s={search_term_string}"},"query-input":{"@type":"PropertyValueSpecification","valueRequired":true,"valueName":"search_term_string"}}],"inLanguage":"en-US"},{"@type":"Organization","@id":"https:\/\/chiara-design.com\/#organization","name":"Chiara Design","url":"https:\/\/chiara-design.com\/","logo":{"@type":"ImageObject","inLanguage":"en-US","@id":"https:\/\/chiara-design.com\/#\/schema\/logo\/image\/","url":"https:\/\/chiara-design.com\/wp-content\/uploads\/2024\/09\/CHIARA-DESIGN-LOGO.png","contentUrl":"https:\/\/chiara-design.com\/wp-content\/uploads\/2024\/09\/CHIARA-DESIGN-LOGO.png","width":500,"height":158,"caption":"Chiara Design"},"image":{"@id":"https:\/\/chiara-design.com\/#\/schema\/logo\/image\/"},"sameAs":["https:\/\/www.facebook.com\/ChiaraDesignPL","https:\/\/www.instagram.com\/chiara_design_\/"]}]}},"jetpack_sharing_enabled":true,"_links":{"self":[{"href":"https:\/\/chiara-design.com\/en\/wp-json\/wp\/v2\/product\/62355","targetHints":{"allow":["GET"]}}],"collection":[{"href":"https:\/\/chiara-design.com\/en\/wp-json\/wp\/v2\/product"}],"about":[{"href":"https:\/\/chiara-design.com\/en\/wp-json\/wp\/v2\/types\/product"}],"replies":[{"embeddable":true,"href":"https:\/\/chiara-design.com\/en\/wp-json\/wp\/v2\/comments?post=62355"}],"wp:featuredmedia":[{"embeddable":true,"href":"https:\/\/chiara-design.com\/en\/wp-json\/wp\/v2\/media\/61928"}],"wp:attachment":[{"href":"https:\/\/chiara-design.com\/en\/wp-json\/wp\/v2\/media?parent=62355"}],"wp:term":[{"taxonomy":"product_brand","embeddable":true,"href":"https:\/\/chiara-design.com\/en\/wp-json\/wp\/v2\/product_brand?post=62355"},{"taxonomy":"product_cat","embeddable":true,"href":"https:\/\/chiara-design.com\/en\/wp-json\/wp\/v2\/product_cat?post=62355"},{"taxonomy":"product_tag","embeddable":true,"href":"https:\/\/chiara-design.com\/en\/wp-json\/wp\/v2\/product_tag?post=62355"}],"curies":[{"name":"wp","href":"https:\/\/api.w.org\/{rel}","templated":true}]}}