{"id":61117,"date":"2025-02-18T00:48:23","date_gmt":"2025-02-17T23:48:23","guid":{"rendered":"https:\/\/chiara-design.com\/product\/plecak-chiara-fedele-czarny-z-kwiatami-k786\/"},"modified":"2025-02-18T00:48:23","modified_gmt":"2025-02-17T23:48:23","slug":"plecak-chiara-fedele-czarny-z-kwiatami-k786","status":"publish","type":"product","link":"https:\/\/chiara-design.com\/en\/product\/plecak-chiara-fedele-czarny-z-kwiatami-k786\/","title":{"rendered":"Plecak Chiara Fedele Czarny z Kwiatami K786"},"content":{"rendered":"<p>Plecak posiada odpinane szelki dzi\u0119ki czemu mo\u017cesz go nosi\u0107 w r\u0119ku za uchwyt, standardowo na plecach lub jako torebk\u0119.<\/p>\n<p>Plecak wykonany jest z najwy\u017cszej jako\u015bci eco sk\u00f3ry, zatem mo\u017ce pos\u0142u\u017cy\u0107 Ci przez wiele sezon\u00f3w. Uwag\u0119 przykuwa suwak z przodu plecaka, kt\u00f3ry jest ciekaw\u0105 dekoracj\u0105 jak r\u00f3wnie\u017c zabezpiecza dost\u0119p do do\u015b\u0107 sporej kieszonki. Z ty\u0142u plecak posiada bezpieczn\u0105 kieszonk\u0119 na suwak. Wn\u0119trze zaskoczy Ci\u0119 bardzo kobiec\u0105 podszewk\u0105 jedwabist\u0105 w dotyku.<\/p>\n<p>Plecak posiada jedn\u0105 du\u017c\u0105 komor\u0119, w kt\u00f3rej znajduj\u0105 si\u0119 dwie otwarte kieszenie, kieszonka na suwak oraz lusterko na \u0142a\u0144cuszku w kszta\u0142cie serca.<\/p>\n","protected":false},"excerpt":{"rendered":"<p>Plecak posiada odpinane szelki dzi\u0119ki czemu mo\u017cesz go nosi\u0107 w r\u0119ku za uchwyt, standardowo na plecach lub jako torebk\u0119. Plecak wykonany jest z najwy\u017cszej jako\u015bci eco sk\u00f3ry, zatem mo\u017ce pos\u0142u\u017cy\u0107 Ci przez wiele sezon\u00f3w. Uwag\u0119 przykuwa suwak z przodu plecaka, kt\u00f3ry jest ciekaw\u0105 dekoracj\u0105 jak r\u00f3wnie\u017c zabezpiecza dost\u0119p do do\u015b\u0107 sporej kieszonki. Z ty\u0142u plecak<\/p>\n<div class=\"klb-readmore button\"><a class=\"btn link\" href=\"https:\/\/chiara-design.com\/en\/product\/plecak-chiara-fedele-czarny-z-kwiatami-k786\/\">Read More <i class=\"klbth-icon-right-arrow\"><\/i><\/a><\/div>\n","protected":false},"featured_media":0,"comment_status":"open","ping_status":"closed","template":"","meta":[],"product_brand":[],"product_cat":[844,873],"product_tag":[864],"class_list":{"0":"post-61117","1":"product","2":"type-product","3":"status-publish","5":"product_cat-klasyczne-en","6":"product_cat-plecaki-en","7":"product_tag-chiara-en","9":"first","10":"instock","11":"shipping-taxable","12":"purchasable","13":"product-type-simple"},"yoast_head":"<!-- This site is optimized with the Yoast SEO plugin v27.5 - https:\/\/yoast.com\/product\/yoast-seo-wordpress\/ -->\n<title>Plecak Chiara Fedele Czarny z Kwiatami K786 - Chiara Design<\/title>\n<meta name=\"robots\" content=\"index, follow, max-snippet:-1, max-image-preview:large, max-video-preview:-1\" \/>\n<link rel=\"canonical\" href=\"https:\/\/chiara-design.com\/produkt\/plecak-chiara-fedele-czarny-z-kwiatami-k786\/\" \/>\n<meta property=\"og:locale\" content=\"en_US\" \/>\n<meta property=\"og:type\" content=\"article\" \/>\n<meta property=\"og:title\" content=\"Plecak Chiara Fedele Czarny z Kwiatami K786 - Chiara Design\" \/>\n<meta property=\"og:description\" content=\"Plecak posiada odpinane szelki dzi\u0119ki czemu mo\u017cesz go nosi\u0107 w r\u0119ku za uchwyt, standardowo na plecach lub jako torebk\u0119. Plecak wykonany jest z najwy\u017cszej jako\u015bci eco sk\u00f3ry, zatem mo\u017ce pos\u0142u\u017cy\u0107 Ci przez wiele sezon\u00f3w. Uwag\u0119 przykuwa suwak z przodu plecaka, kt\u00f3ry jest ciekaw\u0105 dekoracj\u0105 jak r\u00f3wnie\u017c zabezpiecza dost\u0119p do do\u015b\u0107 sporej kieszonki. Z ty\u0142u plecakRead More\" \/>\n<meta property=\"og:url\" content=\"https:\/\/chiara-design.com\/produkt\/plecak-chiara-fedele-czarny-z-kwiatami-k786\/\" \/>\n<meta property=\"og:site_name\" content=\"Chiara Design\" \/>\n<meta property=\"article:publisher\" content=\"https:\/\/www.facebook.com\/ChiaraDesignPL\" \/>\n<meta name=\"twitter:card\" content=\"summary_large_image\" \/>\n<meta name=\"twitter:label1\" content=\"Est. reading time\" \/>\n\t<meta name=\"twitter:data1\" content=\"1 minute\" \/>\n<script type=\"application\/ld+json\" class=\"yoast-schema-graph\">{\"@context\":\"https:\\\/\\\/schema.org\",\"@graph\":[{\"@type\":\"WebPage\",\"@id\":\"https:\\\/\\\/chiara-design.com\\\/produkt\\\/plecak-chiara-fedele-czarny-z-kwiatami-k786\\\/\",\"url\":\"https:\\\/\\\/chiara-design.com\\\/produkt\\\/plecak-chiara-fedele-czarny-z-kwiatami-k786\\\/\",\"name\":\"Plecak Chiara Fedele Czarny z Kwiatami K786 - Chiara Design\",\"isPartOf\":{\"@id\":\"https:\\\/\\\/chiara-design.com\\\/#website\"},\"datePublished\":\"2025-02-17T23:48:23+00:00\",\"breadcrumb\":{\"@id\":\"https:\\\/\\\/chiara-design.com\\\/produkt\\\/plecak-chiara-fedele-czarny-z-kwiatami-k786\\\/#breadcrumb\"},\"inLanguage\":\"en-US\",\"potentialAction\":[{\"@type\":\"ReadAction\",\"target\":[\"https:\\\/\\\/chiara-design.com\\\/produkt\\\/plecak-chiara-fedele-czarny-z-kwiatami-k786\\\/\"]}]},{\"@type\":\"BreadcrumbList\",\"@id\":\"https:\\\/\\\/chiara-design.com\\\/produkt\\\/plecak-chiara-fedele-czarny-z-kwiatami-k786\\\/#breadcrumb\",\"itemListElement\":[{\"@type\":\"ListItem\",\"position\":1,\"name\":\"Home\",\"item\":\"https:\\\/\\\/chiara-design.com\\\/\"},{\"@type\":\"ListItem\",\"position\":2,\"name\":\"Store\",\"item\":\"https:\\\/\\\/chiara-design.com\\\/sklep\\\/\"},{\"@type\":\"ListItem\",\"position\":3,\"name\":\"Plecak Chiara Fedele Czarny z Kwiatami K786\"}]},{\"@type\":\"WebSite\",\"@id\":\"https:\\\/\\\/chiara-design.com\\\/#website\",\"url\":\"https:\\\/\\\/chiara-design.com\\\/\",\"name\":\"Chiara Design\",\"description\":\"Tw\u00f3j ulubiony sklep online z torebkami.\",\"publisher\":{\"@id\":\"https:\\\/\\\/chiara-design.com\\\/#organization\"},\"potentialAction\":[{\"@type\":\"SearchAction\",\"target\":{\"@type\":\"EntryPoint\",\"urlTemplate\":\"https:\\\/\\\/chiara-design.com\\\/?s={search_term_string}\"},\"query-input\":{\"@type\":\"PropertyValueSpecification\",\"valueRequired\":true,\"valueName\":\"search_term_string\"}}],\"inLanguage\":\"en-US\"},{\"@type\":\"Organization\",\"@id\":\"https:\\\/\\\/chiara-design.com\\\/#organization\",\"name\":\"Chiara Design\",\"url\":\"https:\\\/\\\/chiara-design.com\\\/\",\"logo\":{\"@type\":\"ImageObject\",\"inLanguage\":\"en-US\",\"@id\":\"https:\\\/\\\/chiara-design.com\\\/#\\\/schema\\\/logo\\\/image\\\/\",\"url\":\"https:\\\/\\\/chiara-design.com\\\/wp-content\\\/uploads\\\/2024\\\/09\\\/CHIARA-DESIGN-LOGO.png\",\"contentUrl\":\"https:\\\/\\\/chiara-design.com\\\/wp-content\\\/uploads\\\/2024\\\/09\\\/CHIARA-DESIGN-LOGO.png\",\"width\":500,\"height\":158,\"caption\":\"Chiara Design\"},\"image\":{\"@id\":\"https:\\\/\\\/chiara-design.com\\\/#\\\/schema\\\/logo\\\/image\\\/\"},\"sameAs\":[\"https:\\\/\\\/www.facebook.com\\\/ChiaraDesignPL\",\"https:\\\/\\\/www.instagram.com\\\/chiara_design_\\\/\"]}]}<\/script>\n<!-- \/ Yoast SEO plugin. -->","yoast_head_json":{"title":"Plecak Chiara Fedele Czarny z Kwiatami K786 - Chiara Design","robots":{"index":"index","follow":"follow","max-snippet":"max-snippet:-1","max-image-preview":"max-image-preview:large","max-video-preview":"max-video-preview:-1"},"canonical":"https:\/\/chiara-design.com\/produkt\/plecak-chiara-fedele-czarny-z-kwiatami-k786\/","og_locale":"en_US","og_type":"article","og_title":"Plecak Chiara Fedele Czarny z Kwiatami K786 - Chiara Design","og_description":"Plecak posiada odpinane szelki dzi\u0119ki czemu mo\u017cesz go nosi\u0107 w r\u0119ku za uchwyt, standardowo na plecach lub jako torebk\u0119. Plecak wykonany jest z najwy\u017cszej jako\u015bci eco sk\u00f3ry, zatem mo\u017ce pos\u0142u\u017cy\u0107 Ci przez wiele sezon\u00f3w. Uwag\u0119 przykuwa suwak z przodu plecaka, kt\u00f3ry jest ciekaw\u0105 dekoracj\u0105 jak r\u00f3wnie\u017c zabezpiecza dost\u0119p do do\u015b\u0107 sporej kieszonki. Z ty\u0142u plecakRead More","og_url":"https:\/\/chiara-design.com\/produkt\/plecak-chiara-fedele-czarny-z-kwiatami-k786\/","og_site_name":"Chiara Design","article_publisher":"https:\/\/www.facebook.com\/ChiaraDesignPL","twitter_card":"summary_large_image","twitter_misc":{"Est. reading time":"1 minute"},"schema":{"@context":"https:\/\/schema.org","@graph":[{"@type":"WebPage","@id":"https:\/\/chiara-design.com\/produkt\/plecak-chiara-fedele-czarny-z-kwiatami-k786\/","url":"https:\/\/chiara-design.com\/produkt\/plecak-chiara-fedele-czarny-z-kwiatami-k786\/","name":"Plecak Chiara Fedele Czarny z Kwiatami K786 - Chiara Design","isPartOf":{"@id":"https:\/\/chiara-design.com\/#website"},"datePublished":"2025-02-17T23:48:23+00:00","breadcrumb":{"@id":"https:\/\/chiara-design.com\/produkt\/plecak-chiara-fedele-czarny-z-kwiatami-k786\/#breadcrumb"},"inLanguage":"en-US","potentialAction":[{"@type":"ReadAction","target":["https:\/\/chiara-design.com\/produkt\/plecak-chiara-fedele-czarny-z-kwiatami-k786\/"]}]},{"@type":"BreadcrumbList","@id":"https:\/\/chiara-design.com\/produkt\/plecak-chiara-fedele-czarny-z-kwiatami-k786\/#breadcrumb","itemListElement":[{"@type":"ListItem","position":1,"name":"Home","item":"https:\/\/chiara-design.com\/"},{"@type":"ListItem","position":2,"name":"Store","item":"https:\/\/chiara-design.com\/sklep\/"},{"@type":"ListItem","position":3,"name":"Plecak Chiara Fedele Czarny z Kwiatami K786"}]},{"@type":"WebSite","@id":"https:\/\/chiara-design.com\/#website","url":"https:\/\/chiara-design.com\/","name":"Chiara Design","description":"Tw\u00f3j ulubiony sklep online z torebkami.","publisher":{"@id":"https:\/\/chiara-design.com\/#organization"},"potentialAction":[{"@type":"SearchAction","target":{"@type":"EntryPoint","urlTemplate":"https:\/\/chiara-design.com\/?s={search_term_string}"},"query-input":{"@type":"PropertyValueSpecification","valueRequired":true,"valueName":"search_term_string"}}],"inLanguage":"en-US"},{"@type":"Organization","@id":"https:\/\/chiara-design.com\/#organization","name":"Chiara Design","url":"https:\/\/chiara-design.com\/","logo":{"@type":"ImageObject","inLanguage":"en-US","@id":"https:\/\/chiara-design.com\/#\/schema\/logo\/image\/","url":"https:\/\/chiara-design.com\/wp-content\/uploads\/2024\/09\/CHIARA-DESIGN-LOGO.png","contentUrl":"https:\/\/chiara-design.com\/wp-content\/uploads\/2024\/09\/CHIARA-DESIGN-LOGO.png","width":500,"height":158,"caption":"Chiara Design"},"image":{"@id":"https:\/\/chiara-design.com\/#\/schema\/logo\/image\/"},"sameAs":["https:\/\/www.facebook.com\/ChiaraDesignPL","https:\/\/www.instagram.com\/chiara_design_\/"]}]}},"jetpack_sharing_enabled":true,"_links":{"self":[{"href":"https:\/\/chiara-design.com\/en\/wp-json\/wp\/v2\/product\/61117","targetHints":{"allow":["GET"]}}],"collection":[{"href":"https:\/\/chiara-design.com\/en\/wp-json\/wp\/v2\/product"}],"about":[{"href":"https:\/\/chiara-design.com\/en\/wp-json\/wp\/v2\/types\/product"}],"replies":[{"embeddable":true,"href":"https:\/\/chiara-design.com\/en\/wp-json\/wp\/v2\/comments?post=61117"}],"wp:attachment":[{"href":"https:\/\/chiara-design.com\/en\/wp-json\/wp\/v2\/media?parent=61117"}],"wp:term":[{"taxonomy":"product_brand","embeddable":true,"href":"https:\/\/chiara-design.com\/en\/wp-json\/wp\/v2\/product_brand?post=61117"},{"taxonomy":"product_cat","embeddable":true,"href":"https:\/\/chiara-design.com\/en\/wp-json\/wp\/v2\/product_cat?post=61117"},{"taxonomy":"product_tag","embeddable":true,"href":"https:\/\/chiara-design.com\/en\/wp-json\/wp\/v2\/product_tag?post=61117"}],"curies":[{"name":"wp","href":"https:\/\/api.w.org\/{rel}","templated":true}]}}