{"id":61115,"date":"2025-04-10T17:51:27","date_gmt":"2025-04-10T15:51:27","guid":{"rendered":"https:\/\/chiara-design.com\/product\/torebka-chiara-bella-braz-gorzka-czekolada-zamsz-naturalny\/"},"modified":"2026-03-28T20:50:42","modified_gmt":"2026-03-28T19:50:42","slug":"torebka-chiara-bella-braz-gorzka-czekolada-zamsz-naturalny","status":"publish","type":"product","link":"https:\/\/chiara-design.com\/en\/product\/torebka-chiara-bella-braz-gorzka-czekolada-zamsz-naturalny\/","title":{"rendered":"Torebka Chiara Bella Br\u0105z Gorzka Czekolada Zamsz Naturalny"},"content":{"rendered":"<p>Torebka Chiara Bella to jedna z najgor\u0119tszych torebkowych tendencji w modzie. Jej smuk\u0142y, wyd\u0142u\u017cony kszta\u0142t sprawia, \u017ce z pe\u0142nym przekonaniem warto w ni\u0105 zainwestowa\u0107.<\/p>\n<p>Bella to torebka typu east-west, kt\u00f3ra idealnie dope\u0142ni twoje codzienne stylizacje.<\/p>\n<p>Torebka wykonana jest z wysokiej jako\u015bci zamszu naturalnego w najmodniejszym w tym sezonie kolorze gorzkiej czekolady. Z\u0142ote okucia dodaj\u0105 jej elegancji i szyku.<\/p>\n<p>Torebka jest niezwykle lekka i wygodna w noszeniu. Zamek b\u0142yskawiczny gwarantuje bezpiecze\u0144stwo Twoich przedmiot\u00f3w. Wewn\u0105trz wyko\u0144czona jest przepi\u0119kn\u0105 podszewk\u0105, posiada niezb\u0119dne kieszonki oraz nasz super gad\u017cet &#8211; lusterko w kszta\u0142cie serca zawieszone na z\u0142otym \u0142a\u0144cuszku.<\/p>\n<p>Idealnie dopracowane uchwyty pozwalaj\u0105 nosi\u0107 j\u0105 wygodnie na ramieniu, zapewniaj\u0105c komfort u\u017cytkowania.<\/p>\n<p>Torebka Chiara bella to synonim luksusu i ponadczasowej elegancji.<\/p>\n<p>Model: I5059 BELLA<\/p>\n","protected":false},"excerpt":{"rendered":"<p>Z uwagi na ogromne zainteresowanie termin oczekiwania na torebk\u0119 wyd\u0142u\u017cony jest do 15 sierpnia.<\/p>\n","protected":false},"featured_media":62950,"comment_status":"open","ping_status":"closed","template":"","meta":[],"product_brand":[],"product_cat":[844],"product_tag":[930,931],"class_list":{"0":"post-61115","1":"product","2":"type-product","3":"status-publish","4":"has-post-thumbnail","6":"product_cat-klasyczne-en","7":"product_tag-hneda-kabelka-en","8":"product_tag-prirodny-semis-en","10":"first","11":"outofstock","12":"sale","13":"featured","14":"shipping-taxable","15":"purchasable","16":"product-type-simple"},"yoast_head":"<!-- This site is optimized with the Yoast SEO plugin v27.4 - https:\/\/yoast.com\/product\/yoast-seo-wordpress\/ -->\n<title>Torebka Chiara Bella Br\u0105z Gorzka Czekolada Zamsz Naturalny - Chiara Design<\/title>\n<meta name=\"robots\" content=\"index, follow, max-snippet:-1, max-image-preview:large, max-video-preview:-1\" \/>\n<link rel=\"canonical\" href=\"https:\/\/chiara-design.com\/produkt\/torebka-chiara-bella-braz-gorzka-czekolada-zamsz-naturalny\/\" \/>\n<meta property=\"og:locale\" content=\"en_US\" \/>\n<meta property=\"og:type\" content=\"article\" \/>\n<meta property=\"og:title\" content=\"Torebka Chiara Bella Br\u0105z Gorzka Czekolada Zamsz Naturalny - Chiara Design\" \/>\n<meta property=\"og:description\" content=\"Z uwagi na ogromne zainteresowanie termin oczekiwania na torebk\u0119 wyd\u0142u\u017cony jest do 15 sierpnia.\" \/>\n<meta property=\"og:url\" content=\"https:\/\/chiara-design.com\/produkt\/torebka-chiara-bella-braz-gorzka-czekolada-zamsz-naturalny\/\" \/>\n<meta property=\"og:site_name\" content=\"Chiara Design\" \/>\n<meta property=\"article:publisher\" content=\"https:\/\/www.facebook.com\/ChiaraDesignPL\" \/>\n<meta property=\"article:modified_time\" content=\"2026-03-28T19:50:42+00:00\" \/>\n<meta name=\"twitter:card\" content=\"summary_large_image\" \/>\n<meta name=\"twitter:label1\" content=\"Est. reading time\" \/>\n\t<meta name=\"twitter:data1\" content=\"1 minute\" \/>\n<script type=\"application\/ld+json\" class=\"yoast-schema-graph\">{\"@context\":\"https:\\\/\\\/schema.org\",\"@graph\":[{\"@type\":\"WebPage\",\"@id\":\"https:\\\/\\\/chiara-design.com\\\/produkt\\\/torebka-chiara-bella-braz-gorzka-czekolada-zamsz-naturalny\\\/\",\"url\":\"https:\\\/\\\/chiara-design.com\\\/produkt\\\/torebka-chiara-bella-braz-gorzka-czekolada-zamsz-naturalny\\\/\",\"name\":\"Torebka Chiara Bella Br\u0105z Gorzka Czekolada Zamsz Naturalny - Chiara Design\",\"isPartOf\":{\"@id\":\"https:\\\/\\\/chiara-design.com\\\/#website\"},\"primaryImageOfPage\":{\"@id\":\"https:\\\/\\\/chiara-design.com\\\/produkt\\\/torebka-chiara-bella-braz-gorzka-czekolada-zamsz-naturalny\\\/#primaryimage\"},\"image\":{\"@id\":\"https:\\\/\\\/chiara-design.com\\\/produkt\\\/torebka-chiara-bella-braz-gorzka-czekolada-zamsz-naturalny\\\/#primaryimage\"},\"thumbnailUrl\":\"https:\\\/\\\/chiara-design.com\\\/wp-content\\\/uploads\\\/2025\\\/04\\\/i5059-bella-czekolada-zamsz_1.webp\",\"datePublished\":\"2025-04-10T15:51:27+00:00\",\"dateModified\":\"2026-03-28T19:50:42+00:00\",\"breadcrumb\":{\"@id\":\"https:\\\/\\\/chiara-design.com\\\/produkt\\\/torebka-chiara-bella-braz-gorzka-czekolada-zamsz-naturalny\\\/#breadcrumb\"},\"inLanguage\":\"en-US\",\"potentialAction\":[{\"@type\":\"ReadAction\",\"target\":[\"https:\\\/\\\/chiara-design.com\\\/produkt\\\/torebka-chiara-bella-braz-gorzka-czekolada-zamsz-naturalny\\\/\"]}]},{\"@type\":\"ImageObject\",\"inLanguage\":\"en-US\",\"@id\":\"https:\\\/\\\/chiara-design.com\\\/produkt\\\/torebka-chiara-bella-braz-gorzka-czekolada-zamsz-naturalny\\\/#primaryimage\",\"url\":\"https:\\\/\\\/chiara-design.com\\\/wp-content\\\/uploads\\\/2025\\\/04\\\/i5059-bella-czekolada-zamsz_1.webp\",\"contentUrl\":\"https:\\\/\\\/chiara-design.com\\\/wp-content\\\/uploads\\\/2025\\\/04\\\/i5059-bella-czekolada-zamsz_1.webp\",\"width\":1200,\"height\":1500},{\"@type\":\"BreadcrumbList\",\"@id\":\"https:\\\/\\\/chiara-design.com\\\/produkt\\\/torebka-chiara-bella-braz-gorzka-czekolada-zamsz-naturalny\\\/#breadcrumb\",\"itemListElement\":[{\"@type\":\"ListItem\",\"position\":1,\"name\":\"Home\",\"item\":\"https:\\\/\\\/chiara-design.com\\\/\"},{\"@type\":\"ListItem\",\"position\":2,\"name\":\"Store\",\"item\":\"https:\\\/\\\/chiara-design.com\\\/sklep\\\/\"},{\"@type\":\"ListItem\",\"position\":3,\"name\":\"Torebka Chiara Bella Br\u0105z Gorzka Czekolada Zamsz Naturalny\"}]},{\"@type\":\"WebSite\",\"@id\":\"https:\\\/\\\/chiara-design.com\\\/#website\",\"url\":\"https:\\\/\\\/chiara-design.com\\\/\",\"name\":\"Chiara Design\",\"description\":\"Tw\u00f3j ulubiony sklep online z torebkami.\",\"publisher\":{\"@id\":\"https:\\\/\\\/chiara-design.com\\\/#organization\"},\"potentialAction\":[{\"@type\":\"SearchAction\",\"target\":{\"@type\":\"EntryPoint\",\"urlTemplate\":\"https:\\\/\\\/chiara-design.com\\\/?s={search_term_string}\"},\"query-input\":{\"@type\":\"PropertyValueSpecification\",\"valueRequired\":true,\"valueName\":\"search_term_string\"}}],\"inLanguage\":\"en-US\"},{\"@type\":\"Organization\",\"@id\":\"https:\\\/\\\/chiara-design.com\\\/#organization\",\"name\":\"Chiara Design\",\"url\":\"https:\\\/\\\/chiara-design.com\\\/\",\"logo\":{\"@type\":\"ImageObject\",\"inLanguage\":\"en-US\",\"@id\":\"https:\\\/\\\/chiara-design.com\\\/#\\\/schema\\\/logo\\\/image\\\/\",\"url\":\"https:\\\/\\\/chiara-design.com\\\/wp-content\\\/uploads\\\/2024\\\/09\\\/CHIARA-DESIGN-LOGO.png\",\"contentUrl\":\"https:\\\/\\\/chiara-design.com\\\/wp-content\\\/uploads\\\/2024\\\/09\\\/CHIARA-DESIGN-LOGO.png\",\"width\":500,\"height\":158,\"caption\":\"Chiara Design\"},\"image\":{\"@id\":\"https:\\\/\\\/chiara-design.com\\\/#\\\/schema\\\/logo\\\/image\\\/\"},\"sameAs\":[\"https:\\\/\\\/www.facebook.com\\\/ChiaraDesignPL\",\"https:\\\/\\\/www.instagram.com\\\/chiara_design_\\\/\"]}]}<\/script>\n<!-- \/ Yoast SEO plugin. -->","yoast_head_json":{"title":"Torebka Chiara Bella Br\u0105z Gorzka Czekolada Zamsz Naturalny - Chiara Design","robots":{"index":"index","follow":"follow","max-snippet":"max-snippet:-1","max-image-preview":"max-image-preview:large","max-video-preview":"max-video-preview:-1"},"canonical":"https:\/\/chiara-design.com\/produkt\/torebka-chiara-bella-braz-gorzka-czekolada-zamsz-naturalny\/","og_locale":"en_US","og_type":"article","og_title":"Torebka Chiara Bella Br\u0105z Gorzka Czekolada Zamsz Naturalny - Chiara Design","og_description":"Z uwagi na ogromne zainteresowanie termin oczekiwania na torebk\u0119 wyd\u0142u\u017cony jest do 15 sierpnia.","og_url":"https:\/\/chiara-design.com\/produkt\/torebka-chiara-bella-braz-gorzka-czekolada-zamsz-naturalny\/","og_site_name":"Chiara Design","article_publisher":"https:\/\/www.facebook.com\/ChiaraDesignPL","article_modified_time":"2026-03-28T19:50:42+00:00","twitter_card":"summary_large_image","twitter_misc":{"Est. reading time":"1 minute"},"schema":{"@context":"https:\/\/schema.org","@graph":[{"@type":"WebPage","@id":"https:\/\/chiara-design.com\/produkt\/torebka-chiara-bella-braz-gorzka-czekolada-zamsz-naturalny\/","url":"https:\/\/chiara-design.com\/produkt\/torebka-chiara-bella-braz-gorzka-czekolada-zamsz-naturalny\/","name":"Torebka Chiara Bella Br\u0105z Gorzka Czekolada Zamsz Naturalny - Chiara Design","isPartOf":{"@id":"https:\/\/chiara-design.com\/#website"},"primaryImageOfPage":{"@id":"https:\/\/chiara-design.com\/produkt\/torebka-chiara-bella-braz-gorzka-czekolada-zamsz-naturalny\/#primaryimage"},"image":{"@id":"https:\/\/chiara-design.com\/produkt\/torebka-chiara-bella-braz-gorzka-czekolada-zamsz-naturalny\/#primaryimage"},"thumbnailUrl":"https:\/\/chiara-design.com\/wp-content\/uploads\/2025\/04\/i5059-bella-czekolada-zamsz_1.webp","datePublished":"2025-04-10T15:51:27+00:00","dateModified":"2026-03-28T19:50:42+00:00","breadcrumb":{"@id":"https:\/\/chiara-design.com\/produkt\/torebka-chiara-bella-braz-gorzka-czekolada-zamsz-naturalny\/#breadcrumb"},"inLanguage":"en-US","potentialAction":[{"@type":"ReadAction","target":["https:\/\/chiara-design.com\/produkt\/torebka-chiara-bella-braz-gorzka-czekolada-zamsz-naturalny\/"]}]},{"@type":"ImageObject","inLanguage":"en-US","@id":"https:\/\/chiara-design.com\/produkt\/torebka-chiara-bella-braz-gorzka-czekolada-zamsz-naturalny\/#primaryimage","url":"https:\/\/chiara-design.com\/wp-content\/uploads\/2025\/04\/i5059-bella-czekolada-zamsz_1.webp","contentUrl":"https:\/\/chiara-design.com\/wp-content\/uploads\/2025\/04\/i5059-bella-czekolada-zamsz_1.webp","width":1200,"height":1500},{"@type":"BreadcrumbList","@id":"https:\/\/chiara-design.com\/produkt\/torebka-chiara-bella-braz-gorzka-czekolada-zamsz-naturalny\/#breadcrumb","itemListElement":[{"@type":"ListItem","position":1,"name":"Home","item":"https:\/\/chiara-design.com\/"},{"@type":"ListItem","position":2,"name":"Store","item":"https:\/\/chiara-design.com\/sklep\/"},{"@type":"ListItem","position":3,"name":"Torebka Chiara Bella Br\u0105z Gorzka Czekolada Zamsz Naturalny"}]},{"@type":"WebSite","@id":"https:\/\/chiara-design.com\/#website","url":"https:\/\/chiara-design.com\/","name":"Chiara Design","description":"Tw\u00f3j ulubiony sklep online z torebkami.","publisher":{"@id":"https:\/\/chiara-design.com\/#organization"},"potentialAction":[{"@type":"SearchAction","target":{"@type":"EntryPoint","urlTemplate":"https:\/\/chiara-design.com\/?s={search_term_string}"},"query-input":{"@type":"PropertyValueSpecification","valueRequired":true,"valueName":"search_term_string"}}],"inLanguage":"en-US"},{"@type":"Organization","@id":"https:\/\/chiara-design.com\/#organization","name":"Chiara Design","url":"https:\/\/chiara-design.com\/","logo":{"@type":"ImageObject","inLanguage":"en-US","@id":"https:\/\/chiara-design.com\/#\/schema\/logo\/image\/","url":"https:\/\/chiara-design.com\/wp-content\/uploads\/2024\/09\/CHIARA-DESIGN-LOGO.png","contentUrl":"https:\/\/chiara-design.com\/wp-content\/uploads\/2024\/09\/CHIARA-DESIGN-LOGO.png","width":500,"height":158,"caption":"Chiara Design"},"image":{"@id":"https:\/\/chiara-design.com\/#\/schema\/logo\/image\/"},"sameAs":["https:\/\/www.facebook.com\/ChiaraDesignPL","https:\/\/www.instagram.com\/chiara_design_\/"]}]}},"jetpack_sharing_enabled":true,"_links":{"self":[{"href":"https:\/\/chiara-design.com\/en\/wp-json\/wp\/v2\/product\/61115","targetHints":{"allow":["GET"]}}],"collection":[{"href":"https:\/\/chiara-design.com\/en\/wp-json\/wp\/v2\/product"}],"about":[{"href":"https:\/\/chiara-design.com\/en\/wp-json\/wp\/v2\/types\/product"}],"replies":[{"embeddable":true,"href":"https:\/\/chiara-design.com\/en\/wp-json\/wp\/v2\/comments?post=61115"}],"wp:featuredmedia":[{"embeddable":true,"href":"https:\/\/chiara-design.com\/en\/wp-json\/wp\/v2\/media\/62950"}],"wp:attachment":[{"href":"https:\/\/chiara-design.com\/en\/wp-json\/wp\/v2\/media?parent=61115"}],"wp:term":[{"taxonomy":"product_brand","embeddable":true,"href":"https:\/\/chiara-design.com\/en\/wp-json\/wp\/v2\/product_brand?post=61115"},{"taxonomy":"product_cat","embeddable":true,"href":"https:\/\/chiara-design.com\/en\/wp-json\/wp\/v2\/product_cat?post=61115"},{"taxonomy":"product_tag","embeddable":true,"href":"https:\/\/chiara-design.com\/en\/wp-json\/wp\/v2\/product_tag?post=61115"}],"curies":[{"name":"wp","href":"https:\/\/api.w.org\/{rel}","templated":true}]}}