{"id":61114,"date":"2025-04-11T10:22:31","date_gmt":"2025-04-11T08:22:31","guid":{"rendered":"https:\/\/chiara-design.com\/product\/torebka-chiara-suzi-brazowa-gorzka-czekolada-z-zamszu-naturalnego\/"},"modified":"2026-03-11T06:05:06","modified_gmt":"2026-03-11T05:05:06","slug":"torebka-chiara-suzi-brazowa-gorzka-czekolada-z-zamszu-naturalnego","status":"publish","type":"product","link":"https:\/\/chiara-design.com\/en\/product\/torebka-chiara-suzi-brazowa-gorzka-czekolada-z-zamszu-naturalnego\/","title":{"rendered":"Torebka Chiara SUZI \u2013 Br\u0105zowa Gorzka Czekolada z Zamszu Naturalnego"},"content":{"rendered":"<div id=\"product-description-short-77\">\n<p>Torebka Chiara Suzi to delikatnie usztywniona torebka w wersji mini, uszyta z naturalnego zamszu w kolorze br\u0105zu &#8211; gorzkiej czekolady. Klapka torebki jest delikatnie zaokr\u0105glona co nadaje jej delikatno\u015bci. Logo firmy zosta\u0142o wygrawerowane na z\u0142otej prostok\u0105tnej blaszce. W zestawie znajduje si\u0119 regulowany pasek. \u015arodek zosta\u0142 wyko\u0144czony z niezwyk\u0142\u0105 staranno\u015bci\u0105 pi\u0119kn\u0105 podszewk\u0105. Wewn\u0105trz znajdziesz kieszonk\u0119 na drobiazgi zabezpieczon\u0105 suwakiem oraz firmowy gad\u017cet Chiara &#8211; lusterko w kszta\u0142cie serca zawieszone na \u0142a\u0144cuszku. Dodatkowa kiesze\u0144 na suwak znajduje si\u0119 z ty\u0142u torebki.<\/p>\n<\/div>\n<div class=\"product-description\">\n<p>Suzi to ma\u0142a torebka, kt\u00f3ra idealnie sprawdzi si\u0119 na co dzie\u0144, ale tak\u017ce na specjalne okazje. Model jest zachowany minimalistycznym stylu, wi\u0119c z powodzeniem pos\u0142u\u017cy Ci jako uzupe\u0142nienie do wielu r\u00f3\u017cnych stylizacji, ze wzgl\u0119du na swoj\u0105 uniwersalno\u015b\u0107. Torebka pomie\u015bci portfel, telefon, etui na klucze lub okulary. Jest niezwykle por\u0119czna i wygodna w noszeniu. Posiada klap\u0119 zamykan\u0105 na praktyczne magnetyczne zapi\u0119cie.<\/p>\n<p><strong>Model: M870-bis SUZI<\/strong><\/p>\n<\/div>\n","protected":false},"excerpt":{"rendered":"<p>Torebka Chiara Suzi to delikatnie usztywniona torebka w wersji mini, uszyta z naturalnego zamszu w kolorze br\u0105zu &#8211; gorzkiej czekolady. Klapka torebki jest delikatnie zaokr\u0105glona co nadaje jej delikatno\u015bci. Logo firmy zosta\u0142o wygrawerowane na z\u0142otej prostok\u0105tnej blaszce. W zestawie znajduje si\u0119 regulowany pasek. \u015arodek zosta\u0142 wyko\u0144czony z niezwyk\u0142\u0105 staranno\u015bci\u0105 pi\u0119kn\u0105 podszewk\u0105. Wewn\u0105trz znajdziesz kieszonk\u0119 na<\/p>\n<div class=\"klb-readmore button\"><a class=\"btn link\" href=\"https:\/\/chiara-design.com\/en\/product\/torebka-chiara-suzi-brazowa-gorzka-czekolada-z-zamszu-naturalnego\/\">Read More <i class=\"klbth-icon-right-arrow\"><\/i><\/a><\/div>\n","protected":false},"featured_media":62957,"comment_status":"open","ping_status":"closed","template":"","meta":[],"product_brand":[],"product_cat":[844,929],"product_tag":[],"class_list":{"0":"post-61114","1":"product","2":"type-product","3":"status-publish","4":"has-post-thumbnail","6":"product_cat-klasyczne-en","7":"product_cat-wieczorowe-en","9":"first","10":"instock","11":"sale","12":"featured","13":"shipping-taxable","14":"purchasable","15":"product-type-simple"},"yoast_head":"<!-- This site is optimized with the Yoast SEO plugin v27.4 - https:\/\/yoast.com\/product\/yoast-seo-wordpress\/ -->\n<title>Torebka Chiara SUZI \u2013 Br\u0105zowa Gorzka Czekolada z Zamszu Naturalnego - Chiara Design<\/title>\n<meta name=\"robots\" content=\"index, follow, max-snippet:-1, max-image-preview:large, max-video-preview:-1\" \/>\n<link rel=\"canonical\" href=\"https:\/\/chiara-design.com\/produkt\/torebka-chiara-suzi-brazowa-gorzka-czekolada-z-zamszu-naturalnego\/\" \/>\n<meta property=\"og:locale\" content=\"en_US\" \/>\n<meta property=\"og:type\" content=\"article\" \/>\n<meta property=\"og:title\" content=\"Torebka Chiara SUZI \u2013 Br\u0105zowa Gorzka Czekolada z Zamszu Naturalnego - Chiara Design\" \/>\n<meta property=\"og:description\" content=\"Torebka Chiara Suzi to delikatnie usztywniona torebka w wersji mini, uszyta z naturalnego zamszu w kolorze br\u0105zu &#8211; gorzkiej czekolady. Klapka torebki jest delikatnie zaokr\u0105glona co nadaje jej delikatno\u015bci. Logo firmy zosta\u0142o wygrawerowane na z\u0142otej prostok\u0105tnej blaszce. W zestawie znajduje si\u0119 regulowany pasek. \u015arodek zosta\u0142 wyko\u0144czony z niezwyk\u0142\u0105 staranno\u015bci\u0105 pi\u0119kn\u0105 podszewk\u0105. Wewn\u0105trz znajdziesz kieszonk\u0119 naRead More\" \/>\n<meta property=\"og:url\" content=\"https:\/\/chiara-design.com\/produkt\/torebka-chiara-suzi-brazowa-gorzka-czekolada-z-zamszu-naturalnego\/\" \/>\n<meta property=\"og:site_name\" content=\"Chiara Design\" \/>\n<meta property=\"article:publisher\" content=\"https:\/\/www.facebook.com\/ChiaraDesignPL\" \/>\n<meta property=\"article:modified_time\" content=\"2026-03-11T05:05:06+00:00\" \/>\n<meta name=\"twitter:card\" content=\"summary_large_image\" \/>\n<meta name=\"twitter:label1\" content=\"Est. reading time\" \/>\n\t<meta name=\"twitter:data1\" content=\"1 minute\" \/>\n<script type=\"application\/ld+json\" class=\"yoast-schema-graph\">{\"@context\":\"https:\\\/\\\/schema.org\",\"@graph\":[{\"@type\":\"WebPage\",\"@id\":\"https:\\\/\\\/chiara-design.com\\\/produkt\\\/torebka-chiara-suzi-brazowa-gorzka-czekolada-z-zamszu-naturalnego\\\/\",\"url\":\"https:\\\/\\\/chiara-design.com\\\/produkt\\\/torebka-chiara-suzi-brazowa-gorzka-czekolada-z-zamszu-naturalnego\\\/\",\"name\":\"Torebka Chiara SUZI \u2013 Br\u0105zowa Gorzka Czekolada z Zamszu Naturalnego - Chiara Design\",\"isPartOf\":{\"@id\":\"https:\\\/\\\/chiara-design.com\\\/#website\"},\"primaryImageOfPage\":{\"@id\":\"https:\\\/\\\/chiara-design.com\\\/produkt\\\/torebka-chiara-suzi-brazowa-gorzka-czekolada-z-zamszu-naturalnego\\\/#primaryimage\"},\"image\":{\"@id\":\"https:\\\/\\\/chiara-design.com\\\/produkt\\\/torebka-chiara-suzi-brazowa-gorzka-czekolada-z-zamszu-naturalnego\\\/#primaryimage\"},\"thumbnailUrl\":\"https:\\\/\\\/chiara-design.com\\\/wp-content\\\/uploads\\\/2025\\\/04\\\/M870-BIS-SUZI_2.webp\",\"datePublished\":\"2025-04-11T08:22:31+00:00\",\"dateModified\":\"2026-03-11T05:05:06+00:00\",\"breadcrumb\":{\"@id\":\"https:\\\/\\\/chiara-design.com\\\/produkt\\\/torebka-chiara-suzi-brazowa-gorzka-czekolada-z-zamszu-naturalnego\\\/#breadcrumb\"},\"inLanguage\":\"en-US\",\"potentialAction\":[{\"@type\":\"ReadAction\",\"target\":[\"https:\\\/\\\/chiara-design.com\\\/produkt\\\/torebka-chiara-suzi-brazowa-gorzka-czekolada-z-zamszu-naturalnego\\\/\"]}]},{\"@type\":\"ImageObject\",\"inLanguage\":\"en-US\",\"@id\":\"https:\\\/\\\/chiara-design.com\\\/produkt\\\/torebka-chiara-suzi-brazowa-gorzka-czekolada-z-zamszu-naturalnego\\\/#primaryimage\",\"url\":\"https:\\\/\\\/chiara-design.com\\\/wp-content\\\/uploads\\\/2025\\\/04\\\/M870-BIS-SUZI_2.webp\",\"contentUrl\":\"https:\\\/\\\/chiara-design.com\\\/wp-content\\\/uploads\\\/2025\\\/04\\\/M870-BIS-SUZI_2.webp\",\"width\":1200,\"height\":1500},{\"@type\":\"BreadcrumbList\",\"@id\":\"https:\\\/\\\/chiara-design.com\\\/produkt\\\/torebka-chiara-suzi-brazowa-gorzka-czekolada-z-zamszu-naturalnego\\\/#breadcrumb\",\"itemListElement\":[{\"@type\":\"ListItem\",\"position\":1,\"name\":\"Home\",\"item\":\"https:\\\/\\\/chiara-design.com\\\/\"},{\"@type\":\"ListItem\",\"position\":2,\"name\":\"Store\",\"item\":\"https:\\\/\\\/chiara-design.com\\\/sklep\\\/\"},{\"@type\":\"ListItem\",\"position\":3,\"name\":\"Torebka Chiara SUZI \u2013 Br\u0105zowa Gorzka Czekolada z Zamszu Naturalnego\"}]},{\"@type\":\"WebSite\",\"@id\":\"https:\\\/\\\/chiara-design.com\\\/#website\",\"url\":\"https:\\\/\\\/chiara-design.com\\\/\",\"name\":\"Chiara Design\",\"description\":\"Tw\u00f3j ulubiony sklep online z torebkami.\",\"publisher\":{\"@id\":\"https:\\\/\\\/chiara-design.com\\\/#organization\"},\"potentialAction\":[{\"@type\":\"SearchAction\",\"target\":{\"@type\":\"EntryPoint\",\"urlTemplate\":\"https:\\\/\\\/chiara-design.com\\\/?s={search_term_string}\"},\"query-input\":{\"@type\":\"PropertyValueSpecification\",\"valueRequired\":true,\"valueName\":\"search_term_string\"}}],\"inLanguage\":\"en-US\"},{\"@type\":\"Organization\",\"@id\":\"https:\\\/\\\/chiara-design.com\\\/#organization\",\"name\":\"Chiara Design\",\"url\":\"https:\\\/\\\/chiara-design.com\\\/\",\"logo\":{\"@type\":\"ImageObject\",\"inLanguage\":\"en-US\",\"@id\":\"https:\\\/\\\/chiara-design.com\\\/#\\\/schema\\\/logo\\\/image\\\/\",\"url\":\"https:\\\/\\\/chiara-design.com\\\/wp-content\\\/uploads\\\/2024\\\/09\\\/CHIARA-DESIGN-LOGO.png\",\"contentUrl\":\"https:\\\/\\\/chiara-design.com\\\/wp-content\\\/uploads\\\/2024\\\/09\\\/CHIARA-DESIGN-LOGO.png\",\"width\":500,\"height\":158,\"caption\":\"Chiara Design\"},\"image\":{\"@id\":\"https:\\\/\\\/chiara-design.com\\\/#\\\/schema\\\/logo\\\/image\\\/\"},\"sameAs\":[\"https:\\\/\\\/www.facebook.com\\\/ChiaraDesignPL\",\"https:\\\/\\\/www.instagram.com\\\/chiara_design_\\\/\"]}]}<\/script>\n<!-- \/ Yoast SEO plugin. -->","yoast_head_json":{"title":"Torebka Chiara SUZI \u2013 Br\u0105zowa Gorzka Czekolada z Zamszu Naturalnego - Chiara Design","robots":{"index":"index","follow":"follow","max-snippet":"max-snippet:-1","max-image-preview":"max-image-preview:large","max-video-preview":"max-video-preview:-1"},"canonical":"https:\/\/chiara-design.com\/produkt\/torebka-chiara-suzi-brazowa-gorzka-czekolada-z-zamszu-naturalnego\/","og_locale":"en_US","og_type":"article","og_title":"Torebka Chiara SUZI \u2013 Br\u0105zowa Gorzka Czekolada z Zamszu Naturalnego - Chiara Design","og_description":"Torebka Chiara Suzi to delikatnie usztywniona torebka w wersji mini, uszyta z naturalnego zamszu w kolorze br\u0105zu &#8211; gorzkiej czekolady. Klapka torebki jest delikatnie zaokr\u0105glona co nadaje jej delikatno\u015bci. Logo firmy zosta\u0142o wygrawerowane na z\u0142otej prostok\u0105tnej blaszce. W zestawie znajduje si\u0119 regulowany pasek. \u015arodek zosta\u0142 wyko\u0144czony z niezwyk\u0142\u0105 staranno\u015bci\u0105 pi\u0119kn\u0105 podszewk\u0105. Wewn\u0105trz znajdziesz kieszonk\u0119 naRead More","og_url":"https:\/\/chiara-design.com\/produkt\/torebka-chiara-suzi-brazowa-gorzka-czekolada-z-zamszu-naturalnego\/","og_site_name":"Chiara Design","article_publisher":"https:\/\/www.facebook.com\/ChiaraDesignPL","article_modified_time":"2026-03-11T05:05:06+00:00","twitter_card":"summary_large_image","twitter_misc":{"Est. reading time":"1 minute"},"schema":{"@context":"https:\/\/schema.org","@graph":[{"@type":"WebPage","@id":"https:\/\/chiara-design.com\/produkt\/torebka-chiara-suzi-brazowa-gorzka-czekolada-z-zamszu-naturalnego\/","url":"https:\/\/chiara-design.com\/produkt\/torebka-chiara-suzi-brazowa-gorzka-czekolada-z-zamszu-naturalnego\/","name":"Torebka Chiara SUZI \u2013 Br\u0105zowa Gorzka Czekolada z Zamszu Naturalnego - Chiara Design","isPartOf":{"@id":"https:\/\/chiara-design.com\/#website"},"primaryImageOfPage":{"@id":"https:\/\/chiara-design.com\/produkt\/torebka-chiara-suzi-brazowa-gorzka-czekolada-z-zamszu-naturalnego\/#primaryimage"},"image":{"@id":"https:\/\/chiara-design.com\/produkt\/torebka-chiara-suzi-brazowa-gorzka-czekolada-z-zamszu-naturalnego\/#primaryimage"},"thumbnailUrl":"https:\/\/chiara-design.com\/wp-content\/uploads\/2025\/04\/M870-BIS-SUZI_2.webp","datePublished":"2025-04-11T08:22:31+00:00","dateModified":"2026-03-11T05:05:06+00:00","breadcrumb":{"@id":"https:\/\/chiara-design.com\/produkt\/torebka-chiara-suzi-brazowa-gorzka-czekolada-z-zamszu-naturalnego\/#breadcrumb"},"inLanguage":"en-US","potentialAction":[{"@type":"ReadAction","target":["https:\/\/chiara-design.com\/produkt\/torebka-chiara-suzi-brazowa-gorzka-czekolada-z-zamszu-naturalnego\/"]}]},{"@type":"ImageObject","inLanguage":"en-US","@id":"https:\/\/chiara-design.com\/produkt\/torebka-chiara-suzi-brazowa-gorzka-czekolada-z-zamszu-naturalnego\/#primaryimage","url":"https:\/\/chiara-design.com\/wp-content\/uploads\/2025\/04\/M870-BIS-SUZI_2.webp","contentUrl":"https:\/\/chiara-design.com\/wp-content\/uploads\/2025\/04\/M870-BIS-SUZI_2.webp","width":1200,"height":1500},{"@type":"BreadcrumbList","@id":"https:\/\/chiara-design.com\/produkt\/torebka-chiara-suzi-brazowa-gorzka-czekolada-z-zamszu-naturalnego\/#breadcrumb","itemListElement":[{"@type":"ListItem","position":1,"name":"Home","item":"https:\/\/chiara-design.com\/"},{"@type":"ListItem","position":2,"name":"Store","item":"https:\/\/chiara-design.com\/sklep\/"},{"@type":"ListItem","position":3,"name":"Torebka Chiara SUZI \u2013 Br\u0105zowa Gorzka Czekolada z Zamszu Naturalnego"}]},{"@type":"WebSite","@id":"https:\/\/chiara-design.com\/#website","url":"https:\/\/chiara-design.com\/","name":"Chiara Design","description":"Tw\u00f3j ulubiony sklep online z torebkami.","publisher":{"@id":"https:\/\/chiara-design.com\/#organization"},"potentialAction":[{"@type":"SearchAction","target":{"@type":"EntryPoint","urlTemplate":"https:\/\/chiara-design.com\/?s={search_term_string}"},"query-input":{"@type":"PropertyValueSpecification","valueRequired":true,"valueName":"search_term_string"}}],"inLanguage":"en-US"},{"@type":"Organization","@id":"https:\/\/chiara-design.com\/#organization","name":"Chiara Design","url":"https:\/\/chiara-design.com\/","logo":{"@type":"ImageObject","inLanguage":"en-US","@id":"https:\/\/chiara-design.com\/#\/schema\/logo\/image\/","url":"https:\/\/chiara-design.com\/wp-content\/uploads\/2024\/09\/CHIARA-DESIGN-LOGO.png","contentUrl":"https:\/\/chiara-design.com\/wp-content\/uploads\/2024\/09\/CHIARA-DESIGN-LOGO.png","width":500,"height":158,"caption":"Chiara Design"},"image":{"@id":"https:\/\/chiara-design.com\/#\/schema\/logo\/image\/"},"sameAs":["https:\/\/www.facebook.com\/ChiaraDesignPL","https:\/\/www.instagram.com\/chiara_design_\/"]}]}},"jetpack_sharing_enabled":true,"_links":{"self":[{"href":"https:\/\/chiara-design.com\/en\/wp-json\/wp\/v2\/product\/61114","targetHints":{"allow":["GET"]}}],"collection":[{"href":"https:\/\/chiara-design.com\/en\/wp-json\/wp\/v2\/product"}],"about":[{"href":"https:\/\/chiara-design.com\/en\/wp-json\/wp\/v2\/types\/product"}],"replies":[{"embeddable":true,"href":"https:\/\/chiara-design.com\/en\/wp-json\/wp\/v2\/comments?post=61114"}],"wp:featuredmedia":[{"embeddable":true,"href":"https:\/\/chiara-design.com\/en\/wp-json\/wp\/v2\/media\/62957"}],"wp:attachment":[{"href":"https:\/\/chiara-design.com\/en\/wp-json\/wp\/v2\/media?parent=61114"}],"wp:term":[{"taxonomy":"product_brand","embeddable":true,"href":"https:\/\/chiara-design.com\/en\/wp-json\/wp\/v2\/product_brand?post=61114"},{"taxonomy":"product_cat","embeddable":true,"href":"https:\/\/chiara-design.com\/en\/wp-json\/wp\/v2\/product_cat?post=61114"},{"taxonomy":"product_tag","embeddable":true,"href":"https:\/\/chiara-design.com\/en\/wp-json\/wp\/v2\/product_tag?post=61114"}],"curies":[{"name":"wp","href":"https:\/\/api.w.org\/{rel}","templated":true}]}}