{"id":61110,"date":"2025-08-08T15:59:25","date_gmt":"2025-08-08T13:59:25","guid":{"rendered":"https:\/\/chiara-design.com\/product\/torebka-chiara-nesca-czekoladowa-bez-logo-listonoszka-ze-skory-naturalnej\/"},"modified":"2025-08-08T15:59:25","modified_gmt":"2025-08-08T13:59:25","slug":"torebka-chiara-nesca-czekoladowa-bez-logo-listonoszka-ze-skory-naturalnej","status":"publish","type":"product","link":"https:\/\/chiara-design.com\/en\/product\/torebka-chiara-nesca-czekoladowa-bez-logo-listonoszka-ze-skory-naturalnej\/","title":{"rendered":"Torebka Chiara Nesca \u2013 Czekoladowa, (Bez Logo) Listonoszka ze Sk\u00f3ry Naturalnej"},"content":{"rendered":"<h2>Torebka Chiara Nesca \u2013 Elegancja i Styl w Czekoladowym Wydaniu (Bez Logo)<\/h2>\n<p>Torebka Chiara Nesca \u2013 Czekoladowa, (Bez Logo) Listonoszka ze Sk\u00f3ry Naturalnej to doskona\u0142y wyb\u00f3r dla kobiet, kt\u00f3re ceni\u0105 elegancj\u0119 po\u0142\u0105czon\u0105 z funkcjonalno\u015bci\u0105. Wykonana z wysokiej jako\u015bci sk\u00f3ry naturalnej o dekoracyjnym t\u0142oczeniu \u201egroszek\u201d, zachwyca luksusowym designem i perfekcyjnym wyko\u0144czeniem. Co wi\u0119cej, jej g\u0142\u0119boki, czekoladowy kolor sprawia, \u017ce \u015bwietnie komponuje si\u0119 zar\u00f3wno z casualowymi, jak i eleganckimi stylizacjami.<\/p>\n<h2>Po\u0142\u0105czenie elegancji i wygody<\/h2>\n<p>Model Nesca zosta\u0142 zaprojektowany z my\u015bl\u0105 o kobietach, kt\u00f3re szukaj\u0105 torebki zar\u00f3wno na co dzie\u0144, jak i na specjalne okazje. Dlatego, dzi\u0119ki praktycznym rozwi\u0105zaniom, ten model spe\u0142ni wszystkie Twoje oczekiwania. Ponadto, jego lekka konstrukcja i przemy\u015blana organizacja wn\u0119trza sprawiaj\u0105, \u017ce korzystanie z niego jest wyj\u0105tkowo komfortowe.<\/p>\n<h2>Przemy\u015blana organizacja wn\u0119trza<\/h2>\n<p>Listonoszka ze sk\u00f3ry naturalnej w kolorze Czekoladowym \u201eGroszek\u201d wyr\u00f3\u017cnia si\u0119 funkcjonalnym wn\u0119trzem, kt\u00f3re u\u0142atwia codzienne u\u017cytkowanie. Znajdziesz w niej:<\/p>\n<ul>\n\u00a0\t<\/p>\n<li>Pojemn\u0105 komor\u0119 g\u0142\u00f3wn\u0105, zabezpieczon\u0105 zamkiem b\u0142yskawicznym.<\/li>\n<p>\u00a0\t<\/p>\n<li>Praktyczne kieszonki, kt\u00f3re u\u0142atwiaj\u0105 przechowywanie drobiazg\u00f3w, takich jak telefon, klucze czy kosmetyki.<\/li>\n<p>\u00a0\t<\/p>\n<li>Bezpieczn\u0105 kiesze\u0144 na suwak umieszczon\u0105 z ty\u0142u torebki, zapewniaj\u0105c\u0105 \u0142atwy dost\u0119p do najwa\u017cniejszych rzeczy.<\/li>\n<\/ul>\n<h2>Listonoszka w kolorze Czekoladowym \u2013 dodatek na ka\u017cd\u0105 okazj\u0119<\/h2>\n<p>Dzi\u0119ki regulowanemu paskowi, torebk\u0119 mo\u017cesz nosi\u0107 na ramieniu lub crossbody, co zapewnia wygod\u0119 w ka\u017cdej sytuacji. Ponadto, jej klasyczny kszta\u0142t i subtelne, z\u0142ote okucia dodaj\u0105 ca\u0142o\u015bci nowoczesnego, ale jednocze\u015bnie ponadczasowego wygl\u0105du.<\/p>\n<h3>Najwa\u017cniejsze cechy Torebki Chiara Nesca:<\/h3>\n<ul>\n\u00a0\t<\/p>\n<li style=\"list-style-type: none\">\n<ul>\n\u00a0\t<\/p>\n<li>Naturalna sk\u00f3ra o dekoracyjnym t\u0142oczeniu \u201egroszek\u201d<\/li>\n<p>\u00a0\t<\/p>\n<li>G\u0142\u0119boki, czekoladowy kolor<\/li>\n<p>\u00a0\t<\/p>\n<li>Pojemna komora g\u0142\u00f3wna zamykana na suwak<\/li>\n<\/ul>\n<\/li>\n<\/ul>\n<ul>\n\u00a0\t<\/p>\n<li>Praktyczne kieszenie wewn\u0119trzne i zewn\u0119trzne<\/li>\n<p>\u00a0\t<\/p>\n<li>Regulowany pasek dla wi\u0119kszej wygody<\/li>\n<p>\u00a0\t<\/p>\n<li>Idealna na co dzie\u0144 i eleganckie wyj\u015bcia<\/li>\n<\/ul>\n<p>Podsumowuj\u0105c, Torebka Chiara Nesca \u2013 Listonoszka w Kolorze Czekoladowym ze Sk\u00f3ry Naturalnej \u201eGroszek\u201d bez logo to elegancki i funkcjonalny dodatek, kt\u00f3ry podkre\u015bli Tw\u00f3j styl. Dlatego, je\u015bli szukasz torebki, kt\u00f3ra b\u0119dzie zar\u00f3wno praktyczna, jak i modna, ten model jest w\u0142a\u015bnie dla Ciebie.<\/p>\n<p><strong>Model:<\/strong> SK772 BIS NESCA<\/p>\n","protected":false},"excerpt":{"rendered":"<p>Torebka Chiara Nesca \u2013 listonoszka w kolorze czekoladowym ze sk\u00f3ry naturalnej \u201egroszek\u201d, bez widocznego logo. Pojemna, lekka i stylowa. Posiada regulowany pasek oraz kieszenie na suwak. Idealna na codzie\u0144.<\/p>\n","protected":false},"featured_media":62986,"comment_status":"open","ping_status":"closed","template":"","meta":[],"product_brand":[],"product_cat":[844,917],"product_tag":[864,918,866,909,860,919,920,921],"class_list":{"0":"post-61110","1":"product","2":"type-product","3":"status-publish","4":"has-post-thumbnail","6":"product_cat-klasyczne-en","7":"product_cat-torebki-do-reki-en","8":"product_tag-chiara-en","9":"product_tag-chiara-premium-en","10":"product_tag-klasyczna-en","11":"product_tag-kuferek-en","12":"product_tag-skora-naturalna-en","13":"product_tag-torebka-chiara-en","14":"product_tag-torebka-na-co-dzien-en","15":"product_tag-torebka-nesca-en","17":"first","18":"instock","19":"featured","20":"shipping-taxable","21":"purchasable","22":"product-type-simple"},"yoast_head":"<!-- This site is optimized with the Yoast SEO plugin v27.4 - https:\/\/yoast.com\/product\/yoast-seo-wordpress\/ -->\n<title>Torebka Chiara Nesca \u2013 Czekoladowa, (Bez Logo) Listonoszka ze Sk\u00f3ry Naturalnej<\/title>\n<meta name=\"description\" content=\"Torebka Chiara Nesca \u2013 listonoszka w kolorze czekoladowym ze sk\u00f3ry naturalnej z t\u0142oczeniem groszek. Elegancka, pojemna, z regulowanym paskiem i praktycznymi kieszeniami. Model bez logo.\" \/>\n<meta name=\"robots\" content=\"index, follow, max-snippet:-1, max-image-preview:large, max-video-preview:-1\" \/>\n<link rel=\"canonical\" href=\"https:\/\/chiara-design.com\/produkt\/torebka-chiara-nesca-czekoladowa-bez-logo-listonoszka-ze-skory-naturalnej\/\" \/>\n<meta property=\"og:locale\" content=\"en_US\" \/>\n<meta property=\"og:type\" content=\"article\" \/>\n<meta property=\"og:title\" content=\"Torebka Chiara Nesca \u2013 Czekoladowa, (Bez Logo) Listonoszka ze Sk\u00f3ry Naturalnej\" \/>\n<meta property=\"og:description\" content=\"Torebka Chiara Nesca \u2013 listonoszka w kolorze czekoladowym ze sk\u00f3ry naturalnej z t\u0142oczeniem groszek. Elegancka, pojemna, z regulowanym paskiem i praktycznymi kieszeniami. Model bez logo.\" \/>\n<meta property=\"og:url\" content=\"https:\/\/chiara-design.com\/produkt\/torebka-chiara-nesca-czekoladowa-bez-logo-listonoszka-ze-skory-naturalnej\/\" \/>\n<meta property=\"og:site_name\" content=\"Chiara Design\" \/>\n<meta property=\"article:publisher\" content=\"https:\/\/www.facebook.com\/ChiaraDesignPL\" \/>\n<meta name=\"twitter:card\" content=\"summary_large_image\" \/>\n<meta name=\"twitter:label1\" content=\"Est. reading time\" \/>\n\t<meta name=\"twitter:data1\" content=\"2 minutes\" \/>\n<script type=\"application\/ld+json\" class=\"yoast-schema-graph\">{\"@context\":\"https:\\\/\\\/schema.org\",\"@graph\":[{\"@type\":\"WebPage\",\"@id\":\"https:\\\/\\\/chiara-design.com\\\/produkt\\\/torebka-chiara-nesca-czekoladowa-bez-logo-listonoszka-ze-skory-naturalnej\\\/\",\"url\":\"https:\\\/\\\/chiara-design.com\\\/produkt\\\/torebka-chiara-nesca-czekoladowa-bez-logo-listonoszka-ze-skory-naturalnej\\\/\",\"name\":\"Torebka Chiara Nesca \u2013 Czekoladowa, (Bez Logo) Listonoszka ze Sk\u00f3ry Naturalnej\",\"isPartOf\":{\"@id\":\"https:\\\/\\\/chiara-design.com\\\/#website\"},\"primaryImageOfPage\":{\"@id\":\"https:\\\/\\\/chiara-design.com\\\/produkt\\\/torebka-chiara-nesca-czekoladowa-bez-logo-listonoszka-ze-skory-naturalnej\\\/#primaryimage\"},\"image\":{\"@id\":\"https:\\\/\\\/chiara-design.com\\\/produkt\\\/torebka-chiara-nesca-czekoladowa-bez-logo-listonoszka-ze-skory-naturalnej\\\/#primaryimage\"},\"thumbnailUrl\":\"https:\\\/\\\/chiara-design.com\\\/wp-content\\\/uploads\\\/2025\\\/08\\\/nesca-czekolada-skora-bez-logo_1.webp\",\"datePublished\":\"2025-08-08T13:59:25+00:00\",\"description\":\"Torebka Chiara Nesca \u2013 listonoszka w kolorze czekoladowym ze sk\u00f3ry naturalnej z t\u0142oczeniem groszek. Elegancka, pojemna, z regulowanym paskiem i praktycznymi kieszeniami. Model bez logo.\",\"breadcrumb\":{\"@id\":\"https:\\\/\\\/chiara-design.com\\\/produkt\\\/torebka-chiara-nesca-czekoladowa-bez-logo-listonoszka-ze-skory-naturalnej\\\/#breadcrumb\"},\"inLanguage\":\"en-US\",\"potentialAction\":[{\"@type\":\"ReadAction\",\"target\":[\"https:\\\/\\\/chiara-design.com\\\/produkt\\\/torebka-chiara-nesca-czekoladowa-bez-logo-listonoszka-ze-skory-naturalnej\\\/\"]}]},{\"@type\":\"ImageObject\",\"inLanguage\":\"en-US\",\"@id\":\"https:\\\/\\\/chiara-design.com\\\/produkt\\\/torebka-chiara-nesca-czekoladowa-bez-logo-listonoszka-ze-skory-naturalnej\\\/#primaryimage\",\"url\":\"https:\\\/\\\/chiara-design.com\\\/wp-content\\\/uploads\\\/2025\\\/08\\\/nesca-czekolada-skora-bez-logo_1.webp\",\"contentUrl\":\"https:\\\/\\\/chiara-design.com\\\/wp-content\\\/uploads\\\/2025\\\/08\\\/nesca-czekolada-skora-bez-logo_1.webp\",\"width\":1200,\"height\":1500,\"caption\":\"Minimalistyczna listonoszka Chiara Nesca w klasycznym odcieniu czekoladowym, z t\u0142oczeniem \u201egroszek\u201d i bez widocznego logo.\"},{\"@type\":\"BreadcrumbList\",\"@id\":\"https:\\\/\\\/chiara-design.com\\\/produkt\\\/torebka-chiara-nesca-czekoladowa-bez-logo-listonoszka-ze-skory-naturalnej\\\/#breadcrumb\",\"itemListElement\":[{\"@type\":\"ListItem\",\"position\":1,\"name\":\"Home\",\"item\":\"https:\\\/\\\/chiara-design.com\\\/\"},{\"@type\":\"ListItem\",\"position\":2,\"name\":\"Store\",\"item\":\"https:\\\/\\\/chiara-design.com\\\/sklep\\\/\"},{\"@type\":\"ListItem\",\"position\":3,\"name\":\"Torebka Chiara Nesca \u2013 Czekoladowa, (Bez Logo) Listonoszka ze Sk\u00f3ry Naturalnej\"}]},{\"@type\":\"WebSite\",\"@id\":\"https:\\\/\\\/chiara-design.com\\\/#website\",\"url\":\"https:\\\/\\\/chiara-design.com\\\/\",\"name\":\"Chiara Design\",\"description\":\"Tw\u00f3j ulubiony sklep online z torebkami.\",\"publisher\":{\"@id\":\"https:\\\/\\\/chiara-design.com\\\/#organization\"},\"potentialAction\":[{\"@type\":\"SearchAction\",\"target\":{\"@type\":\"EntryPoint\",\"urlTemplate\":\"https:\\\/\\\/chiara-design.com\\\/?s={search_term_string}\"},\"query-input\":{\"@type\":\"PropertyValueSpecification\",\"valueRequired\":true,\"valueName\":\"search_term_string\"}}],\"inLanguage\":\"en-US\"},{\"@type\":\"Organization\",\"@id\":\"https:\\\/\\\/chiara-design.com\\\/#organization\",\"name\":\"Chiara Design\",\"url\":\"https:\\\/\\\/chiara-design.com\\\/\",\"logo\":{\"@type\":\"ImageObject\",\"inLanguage\":\"en-US\",\"@id\":\"https:\\\/\\\/chiara-design.com\\\/#\\\/schema\\\/logo\\\/image\\\/\",\"url\":\"https:\\\/\\\/chiara-design.com\\\/wp-content\\\/uploads\\\/2024\\\/09\\\/CHIARA-DESIGN-LOGO.png\",\"contentUrl\":\"https:\\\/\\\/chiara-design.com\\\/wp-content\\\/uploads\\\/2024\\\/09\\\/CHIARA-DESIGN-LOGO.png\",\"width\":500,\"height\":158,\"caption\":\"Chiara Design\"},\"image\":{\"@id\":\"https:\\\/\\\/chiara-design.com\\\/#\\\/schema\\\/logo\\\/image\\\/\"},\"sameAs\":[\"https:\\\/\\\/www.facebook.com\\\/ChiaraDesignPL\",\"https:\\\/\\\/www.instagram.com\\\/chiara_design_\\\/\"]}]}<\/script>\n<!-- \/ Yoast SEO plugin. -->","yoast_head_json":{"title":"Torebka Chiara Nesca \u2013 Czekoladowa, (Bez Logo) Listonoszka ze Sk\u00f3ry Naturalnej","description":"Torebka Chiara Nesca \u2013 listonoszka w kolorze czekoladowym ze sk\u00f3ry naturalnej z t\u0142oczeniem groszek. Elegancka, pojemna, z regulowanym paskiem i praktycznymi kieszeniami. Model bez logo.","robots":{"index":"index","follow":"follow","max-snippet":"max-snippet:-1","max-image-preview":"max-image-preview:large","max-video-preview":"max-video-preview:-1"},"canonical":"https:\/\/chiara-design.com\/produkt\/torebka-chiara-nesca-czekoladowa-bez-logo-listonoszka-ze-skory-naturalnej\/","og_locale":"en_US","og_type":"article","og_title":"Torebka Chiara Nesca \u2013 Czekoladowa, (Bez Logo) Listonoszka ze Sk\u00f3ry Naturalnej","og_description":"Torebka Chiara Nesca \u2013 listonoszka w kolorze czekoladowym ze sk\u00f3ry naturalnej z t\u0142oczeniem groszek. Elegancka, pojemna, z regulowanym paskiem i praktycznymi kieszeniami. Model bez logo.","og_url":"https:\/\/chiara-design.com\/produkt\/torebka-chiara-nesca-czekoladowa-bez-logo-listonoszka-ze-skory-naturalnej\/","og_site_name":"Chiara Design","article_publisher":"https:\/\/www.facebook.com\/ChiaraDesignPL","twitter_card":"summary_large_image","twitter_misc":{"Est. reading time":"2 minutes"},"schema":{"@context":"https:\/\/schema.org","@graph":[{"@type":"WebPage","@id":"https:\/\/chiara-design.com\/produkt\/torebka-chiara-nesca-czekoladowa-bez-logo-listonoszka-ze-skory-naturalnej\/","url":"https:\/\/chiara-design.com\/produkt\/torebka-chiara-nesca-czekoladowa-bez-logo-listonoszka-ze-skory-naturalnej\/","name":"Torebka Chiara Nesca \u2013 Czekoladowa, (Bez Logo) Listonoszka ze Sk\u00f3ry Naturalnej","isPartOf":{"@id":"https:\/\/chiara-design.com\/#website"},"primaryImageOfPage":{"@id":"https:\/\/chiara-design.com\/produkt\/torebka-chiara-nesca-czekoladowa-bez-logo-listonoszka-ze-skory-naturalnej\/#primaryimage"},"image":{"@id":"https:\/\/chiara-design.com\/produkt\/torebka-chiara-nesca-czekoladowa-bez-logo-listonoszka-ze-skory-naturalnej\/#primaryimage"},"thumbnailUrl":"https:\/\/chiara-design.com\/wp-content\/uploads\/2025\/08\/nesca-czekolada-skora-bez-logo_1.webp","datePublished":"2025-08-08T13:59:25+00:00","description":"Torebka Chiara Nesca \u2013 listonoszka w kolorze czekoladowym ze sk\u00f3ry naturalnej z t\u0142oczeniem groszek. Elegancka, pojemna, z regulowanym paskiem i praktycznymi kieszeniami. Model bez logo.","breadcrumb":{"@id":"https:\/\/chiara-design.com\/produkt\/torebka-chiara-nesca-czekoladowa-bez-logo-listonoszka-ze-skory-naturalnej\/#breadcrumb"},"inLanguage":"en-US","potentialAction":[{"@type":"ReadAction","target":["https:\/\/chiara-design.com\/produkt\/torebka-chiara-nesca-czekoladowa-bez-logo-listonoszka-ze-skory-naturalnej\/"]}]},{"@type":"ImageObject","inLanguage":"en-US","@id":"https:\/\/chiara-design.com\/produkt\/torebka-chiara-nesca-czekoladowa-bez-logo-listonoszka-ze-skory-naturalnej\/#primaryimage","url":"https:\/\/chiara-design.com\/wp-content\/uploads\/2025\/08\/nesca-czekolada-skora-bez-logo_1.webp","contentUrl":"https:\/\/chiara-design.com\/wp-content\/uploads\/2025\/08\/nesca-czekolada-skora-bez-logo_1.webp","width":1200,"height":1500,"caption":"Minimalistyczna listonoszka Chiara Nesca w klasycznym odcieniu czekoladowym, z t\u0142oczeniem \u201egroszek\u201d i bez widocznego logo."},{"@type":"BreadcrumbList","@id":"https:\/\/chiara-design.com\/produkt\/torebka-chiara-nesca-czekoladowa-bez-logo-listonoszka-ze-skory-naturalnej\/#breadcrumb","itemListElement":[{"@type":"ListItem","position":1,"name":"Home","item":"https:\/\/chiara-design.com\/"},{"@type":"ListItem","position":2,"name":"Store","item":"https:\/\/chiara-design.com\/sklep\/"},{"@type":"ListItem","position":3,"name":"Torebka Chiara Nesca \u2013 Czekoladowa, (Bez Logo) Listonoszka ze Sk\u00f3ry Naturalnej"}]},{"@type":"WebSite","@id":"https:\/\/chiara-design.com\/#website","url":"https:\/\/chiara-design.com\/","name":"Chiara Design","description":"Tw\u00f3j ulubiony sklep online z torebkami.","publisher":{"@id":"https:\/\/chiara-design.com\/#organization"},"potentialAction":[{"@type":"SearchAction","target":{"@type":"EntryPoint","urlTemplate":"https:\/\/chiara-design.com\/?s={search_term_string}"},"query-input":{"@type":"PropertyValueSpecification","valueRequired":true,"valueName":"search_term_string"}}],"inLanguage":"en-US"},{"@type":"Organization","@id":"https:\/\/chiara-design.com\/#organization","name":"Chiara Design","url":"https:\/\/chiara-design.com\/","logo":{"@type":"ImageObject","inLanguage":"en-US","@id":"https:\/\/chiara-design.com\/#\/schema\/logo\/image\/","url":"https:\/\/chiara-design.com\/wp-content\/uploads\/2024\/09\/CHIARA-DESIGN-LOGO.png","contentUrl":"https:\/\/chiara-design.com\/wp-content\/uploads\/2024\/09\/CHIARA-DESIGN-LOGO.png","width":500,"height":158,"caption":"Chiara Design"},"image":{"@id":"https:\/\/chiara-design.com\/#\/schema\/logo\/image\/"},"sameAs":["https:\/\/www.facebook.com\/ChiaraDesignPL","https:\/\/www.instagram.com\/chiara_design_\/"]}]}},"jetpack_sharing_enabled":true,"_links":{"self":[{"href":"https:\/\/chiara-design.com\/en\/wp-json\/wp\/v2\/product\/61110","targetHints":{"allow":["GET"]}}],"collection":[{"href":"https:\/\/chiara-design.com\/en\/wp-json\/wp\/v2\/product"}],"about":[{"href":"https:\/\/chiara-design.com\/en\/wp-json\/wp\/v2\/types\/product"}],"replies":[{"embeddable":true,"href":"https:\/\/chiara-design.com\/en\/wp-json\/wp\/v2\/comments?post=61110"}],"wp:featuredmedia":[{"embeddable":true,"href":"https:\/\/chiara-design.com\/en\/wp-json\/wp\/v2\/media\/62986"}],"wp:attachment":[{"href":"https:\/\/chiara-design.com\/en\/wp-json\/wp\/v2\/media?parent=61110"}],"wp:term":[{"taxonomy":"product_brand","embeddable":true,"href":"https:\/\/chiara-design.com\/en\/wp-json\/wp\/v2\/product_brand?post=61110"},{"taxonomy":"product_cat","embeddable":true,"href":"https:\/\/chiara-design.com\/en\/wp-json\/wp\/v2\/product_cat?post=61110"},{"taxonomy":"product_tag","embeddable":true,"href":"https:\/\/chiara-design.com\/en\/wp-json\/wp\/v2\/product_tag?post=61110"}],"curies":[{"name":"wp","href":"https:\/\/api.w.org\/{rel}","templated":true}]}}