{"id":53848,"date":"2025-04-11T10:05:25","date_gmt":"2025-04-11T08:05:25","guid":{"rendered":"https:\/\/chiara-design.com\/?post_type=product&#038;p=53848"},"modified":"2026-04-01T00:15:01","modified_gmt":"2026-03-31T22:15:01","slug":"torebka-chiara-wiki-brazowa-gorzka-czekolada-listonoszka-z-zamszu-naturalnego","status":"publish","type":"product","link":"https:\/\/chiara-design.com\/en\/product\/torebka-chiara-wiki-brazowa-gorzka-czekolada-listonoszka-z-zamszu-naturalnego\/","title":{"rendered":"Torebka Chiara WIKI \u2013 Listonoszka Br\u0105zowa Gorzka Czekolada z Zamszu Naturalnego"},"content":{"rendered":"<p>Torebka Chiara Wiki z Zamszu Naturalnego to ma\u0142a, elegancka torebk\u0105, idealna torebka do noszenia na ramieniu lub w r\u0119ce. Posiada regulowan\u0105 r\u0105czk\u0119, dwie kieszonki zamykane na magnes na przodzie oraz kieszonk\u0119 z ty\u0142u zabezpieczon\u0105 suwakiem. Wn\u0119trze torebki wyko\u0144czone pi\u0119kn\u0105 podszewk\u0105 zawiera dodatkowe kieszonki oraz urocz\u0105 ozdob\u0119 w postaci lusterka w kszta\u0142cie serca zawieszonego na \u0142a\u0144cuszku.<\/p>\n<p>Torebka Wiki zosta\u0142a wykonana z naturalnego zamszu najwy\u017cszej jako\u015bci w odcieniu br\u0105zowej gorzkiej czekolady, bardzo modnym w tym sezonie. Z\u0142ote okucia dodaj\u0105 elegancji i szyku.<\/p>\n<p>To absolutny must-have, idealne uzupe\u0142nienie ka\u017cdej casualowej stylizacji, sprawdzi si\u0119 doskonale podczas randki czy spotkania z przyjaci\u00f3\u0142kami. Pomie\u015bci du\u017cy portfel, telefon, niezb\u0119dne drobiazgi, a nawet ma\u0142\u0105 butelk\u0119 z wod\u0105.<\/p>\n<p>Odkryj nowy wymiar stylu z nasz\u0105 torebk\u0105 Wiki!<\/p>\n<p><strong>Model: E6027 WIKI<\/strong><\/p>\n","protected":false},"excerpt":{"rendered":"<p>Torebka WIKI dost\u0119pna jest &#8220;od r\u0119ki&#8221;.<\/p>\n","protected":false},"featured_media":61766,"comment_status":"open","ping_status":"closed","template":"","meta":[],"product_brand":[],"product_cat":[137],"product_tag":[],"class_list":{"0":"post-53848","1":"product","2":"type-product","3":"status-publish","4":"has-post-thumbnail","6":"product_cat-klasyczne","8":"first","9":"outofstock","10":"sale","11":"featured","12":"shipping-taxable","13":"purchasable","14":"product-type-simple"},"yoast_head":"<!-- This site is optimized with the Yoast SEO plugin v27.4 - https:\/\/yoast.com\/product\/yoast-seo-wordpress\/ -->\n<title>Torebka Chiara WIKI \u2013 Listonoszka Br\u0105zowa Gorzka Czekolada z Zamszu Naturalnego - Chiara Design<\/title>\n<meta name=\"robots\" content=\"index, follow, max-snippet:-1, max-image-preview:large, max-video-preview:-1\" \/>\n<link rel=\"canonical\" href=\"https:\/\/chiara-design.com\/produkt\/torebka-chiara-wiki-brazowa-gorzka-czekolada-listonoszka-z-zamszu-naturalnego\/\" \/>\n<meta property=\"og:locale\" content=\"en_US\" \/>\n<meta property=\"og:type\" content=\"article\" \/>\n<meta property=\"og:title\" content=\"Torebka Chiara WIKI \u2013 Listonoszka Br\u0105zowa Gorzka Czekolada z Zamszu Naturalnego - Chiara Design\" \/>\n<meta property=\"og:description\" content=\"Torebka WIKI dost\u0119pna jest &quot;od r\u0119ki&quot;.\" \/>\n<meta property=\"og:url\" content=\"https:\/\/chiara-design.com\/produkt\/torebka-chiara-wiki-brazowa-gorzka-czekolada-listonoszka-z-zamszu-naturalnego\/\" \/>\n<meta property=\"og:site_name\" content=\"Chiara Design\" \/>\n<meta property=\"article:publisher\" content=\"https:\/\/www.facebook.com\/ChiaraDesignPL\" \/>\n<meta property=\"article:modified_time\" content=\"2026-03-31T22:15:01+00:00\" \/>\n<meta property=\"og:image\" content=\"https:\/\/chiara-design.com\/wp-content\/uploads\/2025\/09\/Wiki-czekolada-zamsz-2.webp\" \/>\n\t<meta property=\"og:image:width\" content=\"1200\" \/>\n\t<meta property=\"og:image:height\" content=\"1500\" \/>\n\t<meta property=\"og:image:type\" content=\"image\/webp\" \/>\n<meta name=\"twitter:card\" content=\"summary_large_image\" \/>\n<meta name=\"twitter:label1\" content=\"Est. reading time\" \/>\n\t<meta name=\"twitter:data1\" content=\"1 minute\" \/>\n<script type=\"application\/ld+json\" class=\"yoast-schema-graph\">{\"@context\":\"https:\\\/\\\/schema.org\",\"@graph\":[{\"@type\":\"WebPage\",\"@id\":\"https:\\\/\\\/chiara-design.com\\\/produkt\\\/torebka-chiara-wiki-brazowa-gorzka-czekolada-listonoszka-z-zamszu-naturalnego\\\/\",\"url\":\"https:\\\/\\\/chiara-design.com\\\/produkt\\\/torebka-chiara-wiki-brazowa-gorzka-czekolada-listonoszka-z-zamszu-naturalnego\\\/\",\"name\":\"Torebka Chiara WIKI \u2013 Listonoszka Br\u0105zowa Gorzka Czekolada z Zamszu Naturalnego - Chiara Design\",\"isPartOf\":{\"@id\":\"https:\\\/\\\/chiara-design.com\\\/#website\"},\"primaryImageOfPage\":{\"@id\":\"https:\\\/\\\/chiara-design.com\\\/produkt\\\/torebka-chiara-wiki-brazowa-gorzka-czekolada-listonoszka-z-zamszu-naturalnego\\\/#primaryimage\"},\"image\":{\"@id\":\"https:\\\/\\\/chiara-design.com\\\/produkt\\\/torebka-chiara-wiki-brazowa-gorzka-czekolada-listonoszka-z-zamszu-naturalnego\\\/#primaryimage\"},\"thumbnailUrl\":\"https:\\\/\\\/chiara-design.com\\\/wp-content\\\/uploads\\\/2025\\\/10\\\/wiki-czekolada-zamsz-e6027-zdjecia-do-podmiany_2.webp\",\"datePublished\":\"2025-04-11T08:05:25+00:00\",\"dateModified\":\"2026-03-31T22:15:01+00:00\",\"breadcrumb\":{\"@id\":\"https:\\\/\\\/chiara-design.com\\\/produkt\\\/torebka-chiara-wiki-brazowa-gorzka-czekolada-listonoszka-z-zamszu-naturalnego\\\/#breadcrumb\"},\"inLanguage\":\"en-US\",\"potentialAction\":[{\"@type\":\"ReadAction\",\"target\":[\"https:\\\/\\\/chiara-design.com\\\/produkt\\\/torebka-chiara-wiki-brazowa-gorzka-czekolada-listonoszka-z-zamszu-naturalnego\\\/\"]}]},{\"@type\":\"ImageObject\",\"inLanguage\":\"en-US\",\"@id\":\"https:\\\/\\\/chiara-design.com\\\/produkt\\\/torebka-chiara-wiki-brazowa-gorzka-czekolada-listonoszka-z-zamszu-naturalnego\\\/#primaryimage\",\"url\":\"https:\\\/\\\/chiara-design.com\\\/wp-content\\\/uploads\\\/2025\\\/10\\\/wiki-czekolada-zamsz-e6027-zdjecia-do-podmiany_2.webp\",\"contentUrl\":\"https:\\\/\\\/chiara-design.com\\\/wp-content\\\/uploads\\\/2025\\\/10\\\/wiki-czekolada-zamsz-e6027-zdjecia-do-podmiany_2.webp\",\"width\":1200,\"height\":1500},{\"@type\":\"BreadcrumbList\",\"@id\":\"https:\\\/\\\/chiara-design.com\\\/produkt\\\/torebka-chiara-wiki-brazowa-gorzka-czekolada-listonoszka-z-zamszu-naturalnego\\\/#breadcrumb\",\"itemListElement\":[{\"@type\":\"ListItem\",\"position\":1,\"name\":\"Home\",\"item\":\"https:\\\/\\\/chiara-design.com\\\/\"},{\"@type\":\"ListItem\",\"position\":2,\"name\":\"Store\",\"item\":\"https:\\\/\\\/chiara-design.com\\\/sklep\\\/\"},{\"@type\":\"ListItem\",\"position\":3,\"name\":\"Torebka Chiara WIKI \u2013 Listonoszka Br\u0105zowa Gorzka Czekolada z Zamszu Naturalnego\"}]},{\"@type\":\"WebSite\",\"@id\":\"https:\\\/\\\/chiara-design.com\\\/#website\",\"url\":\"https:\\\/\\\/chiara-design.com\\\/\",\"name\":\"Chiara Design\",\"description\":\"Tw\u00f3j ulubiony sklep online z torebkami.\",\"publisher\":{\"@id\":\"https:\\\/\\\/chiara-design.com\\\/#organization\"},\"potentialAction\":[{\"@type\":\"SearchAction\",\"target\":{\"@type\":\"EntryPoint\",\"urlTemplate\":\"https:\\\/\\\/chiara-design.com\\\/?s={search_term_string}\"},\"query-input\":{\"@type\":\"PropertyValueSpecification\",\"valueRequired\":true,\"valueName\":\"search_term_string\"}}],\"inLanguage\":\"en-US\"},{\"@type\":\"Organization\",\"@id\":\"https:\\\/\\\/chiara-design.com\\\/#organization\",\"name\":\"Chiara Design\",\"url\":\"https:\\\/\\\/chiara-design.com\\\/\",\"logo\":{\"@type\":\"ImageObject\",\"inLanguage\":\"en-US\",\"@id\":\"https:\\\/\\\/chiara-design.com\\\/#\\\/schema\\\/logo\\\/image\\\/\",\"url\":\"https:\\\/\\\/chiara-design.com\\\/wp-content\\\/uploads\\\/2024\\\/09\\\/CHIARA-DESIGN-LOGO.png\",\"contentUrl\":\"https:\\\/\\\/chiara-design.com\\\/wp-content\\\/uploads\\\/2024\\\/09\\\/CHIARA-DESIGN-LOGO.png\",\"width\":500,\"height\":158,\"caption\":\"Chiara Design\"},\"image\":{\"@id\":\"https:\\\/\\\/chiara-design.com\\\/#\\\/schema\\\/logo\\\/image\\\/\"},\"sameAs\":[\"https:\\\/\\\/www.facebook.com\\\/ChiaraDesignPL\",\"https:\\\/\\\/www.instagram.com\\\/chiara_design_\\\/\"]}]}<\/script>\n<!-- \/ Yoast SEO plugin. -->","yoast_head_json":{"title":"Torebka Chiara WIKI \u2013 Listonoszka Br\u0105zowa Gorzka Czekolada z Zamszu Naturalnego - Chiara Design","robots":{"index":"index","follow":"follow","max-snippet":"max-snippet:-1","max-image-preview":"max-image-preview:large","max-video-preview":"max-video-preview:-1"},"canonical":"https:\/\/chiara-design.com\/produkt\/torebka-chiara-wiki-brazowa-gorzka-czekolada-listonoszka-z-zamszu-naturalnego\/","og_locale":"en_US","og_type":"article","og_title":"Torebka Chiara WIKI \u2013 Listonoszka Br\u0105zowa Gorzka Czekolada z Zamszu Naturalnego - Chiara Design","og_description":"Torebka WIKI dost\u0119pna jest \"od r\u0119ki\".","og_url":"https:\/\/chiara-design.com\/produkt\/torebka-chiara-wiki-brazowa-gorzka-czekolada-listonoszka-z-zamszu-naturalnego\/","og_site_name":"Chiara Design","article_publisher":"https:\/\/www.facebook.com\/ChiaraDesignPL","article_modified_time":"2026-03-31T22:15:01+00:00","og_image":[{"width":1200,"height":1500,"url":"https:\/\/chiara-design.com\/wp-content\/uploads\/2025\/09\/Wiki-czekolada-zamsz-2.webp","type":"image\/webp"}],"twitter_card":"summary_large_image","twitter_misc":{"Est. reading time":"1 minute"},"schema":{"@context":"https:\/\/schema.org","@graph":[{"@type":"WebPage","@id":"https:\/\/chiara-design.com\/produkt\/torebka-chiara-wiki-brazowa-gorzka-czekolada-listonoszka-z-zamszu-naturalnego\/","url":"https:\/\/chiara-design.com\/produkt\/torebka-chiara-wiki-brazowa-gorzka-czekolada-listonoszka-z-zamszu-naturalnego\/","name":"Torebka Chiara WIKI \u2013 Listonoszka Br\u0105zowa Gorzka Czekolada z Zamszu Naturalnego - Chiara Design","isPartOf":{"@id":"https:\/\/chiara-design.com\/#website"},"primaryImageOfPage":{"@id":"https:\/\/chiara-design.com\/produkt\/torebka-chiara-wiki-brazowa-gorzka-czekolada-listonoszka-z-zamszu-naturalnego\/#primaryimage"},"image":{"@id":"https:\/\/chiara-design.com\/produkt\/torebka-chiara-wiki-brazowa-gorzka-czekolada-listonoszka-z-zamszu-naturalnego\/#primaryimage"},"thumbnailUrl":"https:\/\/chiara-design.com\/wp-content\/uploads\/2025\/10\/wiki-czekolada-zamsz-e6027-zdjecia-do-podmiany_2.webp","datePublished":"2025-04-11T08:05:25+00:00","dateModified":"2026-03-31T22:15:01+00:00","breadcrumb":{"@id":"https:\/\/chiara-design.com\/produkt\/torebka-chiara-wiki-brazowa-gorzka-czekolada-listonoszka-z-zamszu-naturalnego\/#breadcrumb"},"inLanguage":"en-US","potentialAction":[{"@type":"ReadAction","target":["https:\/\/chiara-design.com\/produkt\/torebka-chiara-wiki-brazowa-gorzka-czekolada-listonoszka-z-zamszu-naturalnego\/"]}]},{"@type":"ImageObject","inLanguage":"en-US","@id":"https:\/\/chiara-design.com\/produkt\/torebka-chiara-wiki-brazowa-gorzka-czekolada-listonoszka-z-zamszu-naturalnego\/#primaryimage","url":"https:\/\/chiara-design.com\/wp-content\/uploads\/2025\/10\/wiki-czekolada-zamsz-e6027-zdjecia-do-podmiany_2.webp","contentUrl":"https:\/\/chiara-design.com\/wp-content\/uploads\/2025\/10\/wiki-czekolada-zamsz-e6027-zdjecia-do-podmiany_2.webp","width":1200,"height":1500},{"@type":"BreadcrumbList","@id":"https:\/\/chiara-design.com\/produkt\/torebka-chiara-wiki-brazowa-gorzka-czekolada-listonoszka-z-zamszu-naturalnego\/#breadcrumb","itemListElement":[{"@type":"ListItem","position":1,"name":"Home","item":"https:\/\/chiara-design.com\/"},{"@type":"ListItem","position":2,"name":"Store","item":"https:\/\/chiara-design.com\/sklep\/"},{"@type":"ListItem","position":3,"name":"Torebka Chiara WIKI \u2013 Listonoszka Br\u0105zowa Gorzka Czekolada z Zamszu Naturalnego"}]},{"@type":"WebSite","@id":"https:\/\/chiara-design.com\/#website","url":"https:\/\/chiara-design.com\/","name":"Chiara Design","description":"Tw\u00f3j ulubiony sklep online z torebkami.","publisher":{"@id":"https:\/\/chiara-design.com\/#organization"},"potentialAction":[{"@type":"SearchAction","target":{"@type":"EntryPoint","urlTemplate":"https:\/\/chiara-design.com\/?s={search_term_string}"},"query-input":{"@type":"PropertyValueSpecification","valueRequired":true,"valueName":"search_term_string"}}],"inLanguage":"en-US"},{"@type":"Organization","@id":"https:\/\/chiara-design.com\/#organization","name":"Chiara Design","url":"https:\/\/chiara-design.com\/","logo":{"@type":"ImageObject","inLanguage":"en-US","@id":"https:\/\/chiara-design.com\/#\/schema\/logo\/image\/","url":"https:\/\/chiara-design.com\/wp-content\/uploads\/2024\/09\/CHIARA-DESIGN-LOGO.png","contentUrl":"https:\/\/chiara-design.com\/wp-content\/uploads\/2024\/09\/CHIARA-DESIGN-LOGO.png","width":500,"height":158,"caption":"Chiara Design"},"image":{"@id":"https:\/\/chiara-design.com\/#\/schema\/logo\/image\/"},"sameAs":["https:\/\/www.facebook.com\/ChiaraDesignPL","https:\/\/www.instagram.com\/chiara_design_\/"]}]}},"jetpack_sharing_enabled":true,"_links":{"self":[{"href":"https:\/\/chiara-design.com\/en\/wp-json\/wp\/v2\/product\/53848","targetHints":{"allow":["GET"]}}],"collection":[{"href":"https:\/\/chiara-design.com\/en\/wp-json\/wp\/v2\/product"}],"about":[{"href":"https:\/\/chiara-design.com\/en\/wp-json\/wp\/v2\/types\/product"}],"replies":[{"embeddable":true,"href":"https:\/\/chiara-design.com\/en\/wp-json\/wp\/v2\/comments?post=53848"}],"wp:featuredmedia":[{"embeddable":true,"href":"https:\/\/chiara-design.com\/en\/wp-json\/wp\/v2\/media\/61766"}],"wp:attachment":[{"href":"https:\/\/chiara-design.com\/en\/wp-json\/wp\/v2\/media?parent=53848"}],"wp:term":[{"taxonomy":"product_brand","embeddable":true,"href":"https:\/\/chiara-design.com\/en\/wp-json\/wp\/v2\/product_brand?post=53848"},{"taxonomy":"product_cat","embeddable":true,"href":"https:\/\/chiara-design.com\/en\/wp-json\/wp\/v2\/product_cat?post=53848"},{"taxonomy":"product_tag","embeddable":true,"href":"https:\/\/chiara-design.com\/en\/wp-json\/wp\/v2\/product_tag?post=53848"}],"curies":[{"name":"wp","href":"https:\/\/api.w.org\/{rel}","templated":true}]}}