{"id":53839,"date":"2025-04-10T18:27:09","date_gmt":"2025-04-10T16:27:09","guid":{"rendered":"https:\/\/chiara-design.com\/?post_type=product&#038;p=53839"},"modified":"2026-04-01T00:15:01","modified_gmt":"2026-03-31T22:15:01","slug":"plecak-chiara-fedele-czarny-skora-naturalna","status":"publish","type":"product","link":"https:\/\/chiara-design.com\/en\/product\/plecak-chiara-fedele-czarny-skora-naturalna\/","title":{"rendered":"Plecak Chiara Fedele Czarny Sk\u00f3ra Naturalna"},"content":{"rendered":"<p>Plecak Chiara Fedele Czarny to wyj\u0105tkowy model, kt\u00f3ry \u0142\u0105czy funkcjonalno\u015b\u0107 z elegancj\u0105. Wykonany z najwy\u017cszej jako\u015bci sk\u00f3ry naturalnej. Dlatego mo\u017ce pos\u0142u\u017cy\u0107 Ci przez wiele sezon\u00f3w, zachowuj\u0105c sw\u00f3j wyj\u0105tkowy wygl\u0105d i trwa\u0142o\u015b\u0107.<\/p>\n<h3>Wszechstronno\u015b\u0107 Noszenia<\/h3>\n<p>Dzi\u0119ki odpinanym szelkom plecak Chiara Fedele mo\u017cesz nosi\u0107 na r\u00f3\u017cne sposoby. Standardowo no\u015b go na plecach, ale uchwyt pozwala wygodnie trzyma\u0107 go w r\u0119ku. Co wi\u0119cej, mo\u017cesz nosi\u0107 go tak\u017ce jako torebk\u0119. To uniwersalne rozwi\u0105zanie sprawdzi si\u0119 zar\u00f3wno na co dzie\u0144, jak i podczas wyj\u0105tkowych okazji.<\/p>\n<h3>Funkcjonalne Przechowywanie<\/h3>\n<p>Plecak oferuje wiele przemy\u015blanych przestrzeni na wszystkie niezb\u0119dne rzeczy. Na przyk\u0142ad z przodu znajduje si\u0119 du\u017ca kiesze\u0144 zamykana na suwak, kt\u00f3ra pe\u0142ni zar\u00f3wno funkcj\u0119 dekoracyjn\u0105, jak i zabezpiecza zawarto\u015b\u0107. Ponadto, z ty\u0142u znajdziesz dodatkow\u0105 bezpieczn\u0105 kieszonk\u0119 na suwak, idealn\u0105 na drobne przedmioty. Wn\u0119trze plecaka zawiera jedn\u0105 du\u017c\u0105 komor\u0119, dwie otwarte kieszenie oraz kieszonk\u0119 na suwak, co pozwala \u0142atwo zorganizowa\u0107 swoje rzeczy.<\/p>\n<h3>Elegancja i Detale<\/h3>\n<p>Wn\u0119trze plecaka zachwyca jedwabist\u0105 podszewk\u0105 w kobiecym stylu, kt\u00f3ra dodaje mu luksusowego charakteru. Co wi\u0119cej, plecak posiada wyj\u0105tkowy gad\u017cet \u2013 lusterko w kszta\u0142cie serca zawieszone na \u0142a\u0144cuszku. To nie tylko praktyczny, ale tak\u017ce uroczy dodatek, kt\u00f3ry podkre\u015bla jego wyj\u0105tkowo\u015b\u0107.<\/p>\n<h3>Dodatek na Ka\u017cd\u0105 Okazj\u0119<\/h3>\n<p>Chiara Fedele Czarny to idealny wyb\u00f3r dla kobiet, kt\u00f3re ceni\u0105 wysok\u0105 jako\u015b\u0107, styl i funkcjonalno\u015b\u0107. Jego wyj\u0105tkowy design i praktyczne rozwi\u0105zania sprawiaj\u0105, \u017ce \u015bwietnie sprawdzi si\u0119 zar\u00f3wno na co dzie\u0144, jak i w podr\u00f3\u017cy. Dzi\u0119ki temu stanie si\u0119 niezast\u0105pionym elementem Twojej garderoby.<\/p>\n<p>Model: SK786 FEDELE<\/p>\n","protected":false},"excerpt":{"rendered":"<p>Plecak Chiara Fedele Czarny to wyj\u0105tkowy model, kt\u00f3ry \u0142\u0105czy funkcjonalno\u015b\u0107 z elegancj\u0105. Wykonany z najwy\u017cszej jako\u015bci sk\u00f3ry naturalnej. Dlatego mo\u017ce pos\u0142u\u017cy\u0107 Ci przez wiele sezon\u00f3w, zachowuj\u0105c sw\u00f3j wyj\u0105tkowy wygl\u0105d i trwa\u0142o\u015b\u0107. Wszechstronno\u015b\u0107 Noszenia Dzi\u0119ki odpinanym szelkom plecak Chiara Fedele mo\u017cesz nosi\u0107 na r\u00f3\u017cne sposoby. Standardowo no\u015b go na plecach, ale uchwyt pozwala wygodnie trzyma\u0107 go<\/p>\n<div class=\"klb-readmore button\"><a class=\"btn link\" href=\"https:\/\/chiara-design.com\/en\/product\/plecak-chiara-fedele-czarny-skora-naturalna\/\">Read More <i class=\"klbth-icon-right-arrow\"><\/i><\/a><\/div>\n","protected":false},"featured_media":53775,"comment_status":"open","ping_status":"closed","template":"","meta":[],"product_brand":[177,193],"product_cat":[139],"product_tag":[],"class_list":{"0":"post-53839","1":"product","2":"type-product","3":"status-publish","4":"has-post-thumbnail","6":"product_brand-chiara","7":"product_brand-chiara_premium","8":"product_cat-plecaki","10":"first","11":"instock","12":"shipping-taxable","13":"purchasable","14":"product-type-simple"},"yoast_head":"<!-- This site is optimized with the Yoast SEO plugin v27.3 - https:\/\/yoast.com\/product\/yoast-seo-wordpress\/ -->\n<title>Plecak Chiara Fedele Czarny Sk\u00f3ra Naturalna - Chiara Design<\/title>\n<meta name=\"robots\" content=\"index, follow, max-snippet:-1, max-image-preview:large, max-video-preview:-1\" \/>\n<link rel=\"canonical\" href=\"https:\/\/chiara-design.com\/product\/plecak-chiara-fedele-czarny-skora-naturalna\/\" \/>\n<meta property=\"og:locale\" content=\"en_US\" \/>\n<meta property=\"og:type\" content=\"article\" \/>\n<meta property=\"og:title\" content=\"Plecak Chiara Fedele Czarny Sk\u00f3ra Naturalna - Chiara Design\" \/>\n<meta property=\"og:description\" content=\"Plecak Chiara Fedele Czarny to wyj\u0105tkowy model, kt\u00f3ry \u0142\u0105czy funkcjonalno\u015b\u0107 z elegancj\u0105. Wykonany z najwy\u017cszej jako\u015bci sk\u00f3ry naturalnej. Dlatego mo\u017ce pos\u0142u\u017cy\u0107 Ci przez wiele sezon\u00f3w, zachowuj\u0105c sw\u00f3j wyj\u0105tkowy wygl\u0105d i trwa\u0142o\u015b\u0107. Wszechstronno\u015b\u0107 Noszenia Dzi\u0119ki odpinanym szelkom plecak Chiara Fedele mo\u017cesz nosi\u0107 na r\u00f3\u017cne sposoby. Standardowo no\u015b go na plecach, ale uchwyt pozwala wygodnie trzyma\u0107 goRead More\" \/>\n<meta property=\"og:url\" content=\"https:\/\/chiara-design.com\/product\/plecak-chiara-fedele-czarny-skora-naturalna\/\" \/>\n<meta property=\"og:site_name\" content=\"Chiara Design\" \/>\n<meta property=\"article:publisher\" content=\"https:\/\/www.facebook.com\/ChiaraDesignPL\" \/>\n<meta property=\"article:modified_time\" content=\"2026-03-31T22:15:01+00:00\" \/>\n<meta property=\"og:image\" content=\"https:\/\/chiara-design.com\/wp-content\/uploads\/2025\/05\/Fedele-3.webp\" \/>\n\t<meta property=\"og:image:width\" content=\"1200\" \/>\n\t<meta property=\"og:image:height\" content=\"1500\" \/>\n\t<meta property=\"og:image:type\" content=\"image\/webp\" \/>\n<meta name=\"twitter:card\" content=\"summary_large_image\" \/>\n<meta name=\"twitter:label1\" content=\"Est. reading time\" \/>\n\t<meta name=\"twitter:data1\" content=\"2 minutes\" \/>\n<script type=\"application\/ld+json\" class=\"yoast-schema-graph\">{\"@context\":\"https:\\\/\\\/schema.org\",\"@graph\":[{\"@type\":\"WebPage\",\"@id\":\"https:\\\/\\\/chiara-design.com\\\/product\\\/plecak-chiara-fedele-czarny-skora-naturalna\\\/\",\"url\":\"https:\\\/\\\/chiara-design.com\\\/product\\\/plecak-chiara-fedele-czarny-skora-naturalna\\\/\",\"name\":\"Plecak Chiara Fedele Czarny Sk\u00f3ra Naturalna - Chiara Design\",\"isPartOf\":{\"@id\":\"https:\\\/\\\/chiara-design.com\\\/#website\"},\"primaryImageOfPage\":{\"@id\":\"https:\\\/\\\/chiara-design.com\\\/product\\\/plecak-chiara-fedele-czarny-skora-naturalna\\\/#primaryimage\"},\"image\":{\"@id\":\"https:\\\/\\\/chiara-design.com\\\/product\\\/plecak-chiara-fedele-czarny-skora-naturalna\\\/#primaryimage\"},\"thumbnailUrl\":\"https:\\\/\\\/chiara-design.com\\\/wp-content\\\/uploads\\\/2025\\\/02\\\/fedele-skora-czarny_2.jpg\",\"datePublished\":\"2025-04-10T16:27:09+00:00\",\"dateModified\":\"2026-03-31T22:15:01+00:00\",\"breadcrumb\":{\"@id\":\"https:\\\/\\\/chiara-design.com\\\/product\\\/plecak-chiara-fedele-czarny-skora-naturalna\\\/#breadcrumb\"},\"inLanguage\":\"en-US\",\"potentialAction\":[{\"@type\":\"ReadAction\",\"target\":[\"https:\\\/\\\/chiara-design.com\\\/product\\\/plecak-chiara-fedele-czarny-skora-naturalna\\\/\"]}]},{\"@type\":\"ImageObject\",\"inLanguage\":\"en-US\",\"@id\":\"https:\\\/\\\/chiara-design.com\\\/product\\\/plecak-chiara-fedele-czarny-skora-naturalna\\\/#primaryimage\",\"url\":\"https:\\\/\\\/chiara-design.com\\\/wp-content\\\/uploads\\\/2025\\\/02\\\/fedele-skora-czarny_2.jpg\",\"contentUrl\":\"https:\\\/\\\/chiara-design.com\\\/wp-content\\\/uploads\\\/2025\\\/02\\\/fedele-skora-czarny_2.jpg\",\"width\":1900,\"height\":2492},{\"@type\":\"BreadcrumbList\",\"@id\":\"https:\\\/\\\/chiara-design.com\\\/product\\\/plecak-chiara-fedele-czarny-skora-naturalna\\\/#breadcrumb\",\"itemListElement\":[{\"@type\":\"ListItem\",\"position\":1,\"name\":\"Home\",\"item\":\"https:\\\/\\\/chiara-design.com\\\/\"},{\"@type\":\"ListItem\",\"position\":2,\"name\":\"Store\",\"item\":\"https:\\\/\\\/chiara-design.com\\\/sklep\\\/\"},{\"@type\":\"ListItem\",\"position\":3,\"name\":\"Plecak Chiara Fedele Czarny Sk\u00f3ra Naturalna\"}]},{\"@type\":\"WebSite\",\"@id\":\"https:\\\/\\\/chiara-design.com\\\/#website\",\"url\":\"https:\\\/\\\/chiara-design.com\\\/\",\"name\":\"Chiara Design\",\"description\":\"Tw\u00f3j ulubiony sklep online z torebkami.\",\"publisher\":{\"@id\":\"https:\\\/\\\/chiara-design.com\\\/#organization\"},\"potentialAction\":[{\"@type\":\"SearchAction\",\"target\":{\"@type\":\"EntryPoint\",\"urlTemplate\":\"https:\\\/\\\/chiara-design.com\\\/?s={search_term_string}\"},\"query-input\":{\"@type\":\"PropertyValueSpecification\",\"valueRequired\":true,\"valueName\":\"search_term_string\"}}],\"inLanguage\":\"en-US\"},{\"@type\":\"Organization\",\"@id\":\"https:\\\/\\\/chiara-design.com\\\/#organization\",\"name\":\"Chiara Design\",\"url\":\"https:\\\/\\\/chiara-design.com\\\/\",\"logo\":{\"@type\":\"ImageObject\",\"inLanguage\":\"en-US\",\"@id\":\"https:\\\/\\\/chiara-design.com\\\/#\\\/schema\\\/logo\\\/image\\\/\",\"url\":\"https:\\\/\\\/chiara-design.com\\\/wp-content\\\/uploads\\\/2024\\\/09\\\/CHIARA-DESIGN-LOGO.png\",\"contentUrl\":\"https:\\\/\\\/chiara-design.com\\\/wp-content\\\/uploads\\\/2024\\\/09\\\/CHIARA-DESIGN-LOGO.png\",\"width\":500,\"height\":158,\"caption\":\"Chiara Design\"},\"image\":{\"@id\":\"https:\\\/\\\/chiara-design.com\\\/#\\\/schema\\\/logo\\\/image\\\/\"},\"sameAs\":[\"https:\\\/\\\/www.facebook.com\\\/ChiaraDesignPL\",\"https:\\\/\\\/www.instagram.com\\\/chiara_design_\\\/\"]}]}<\/script>\n<!-- \/ Yoast SEO plugin. -->","yoast_head_json":{"title":"Plecak Chiara Fedele Czarny Sk\u00f3ra Naturalna - Chiara Design","robots":{"index":"index","follow":"follow","max-snippet":"max-snippet:-1","max-image-preview":"max-image-preview:large","max-video-preview":"max-video-preview:-1"},"canonical":"https:\/\/chiara-design.com\/product\/plecak-chiara-fedele-czarny-skora-naturalna\/","og_locale":"en_US","og_type":"article","og_title":"Plecak Chiara Fedele Czarny Sk\u00f3ra Naturalna - Chiara Design","og_description":"Plecak Chiara Fedele Czarny to wyj\u0105tkowy model, kt\u00f3ry \u0142\u0105czy funkcjonalno\u015b\u0107 z elegancj\u0105. Wykonany z najwy\u017cszej jako\u015bci sk\u00f3ry naturalnej. Dlatego mo\u017ce pos\u0142u\u017cy\u0107 Ci przez wiele sezon\u00f3w, zachowuj\u0105c sw\u00f3j wyj\u0105tkowy wygl\u0105d i trwa\u0142o\u015b\u0107. Wszechstronno\u015b\u0107 Noszenia Dzi\u0119ki odpinanym szelkom plecak Chiara Fedele mo\u017cesz nosi\u0107 na r\u00f3\u017cne sposoby. Standardowo no\u015b go na plecach, ale uchwyt pozwala wygodnie trzyma\u0107 goRead More","og_url":"https:\/\/chiara-design.com\/product\/plecak-chiara-fedele-czarny-skora-naturalna\/","og_site_name":"Chiara Design","article_publisher":"https:\/\/www.facebook.com\/ChiaraDesignPL","article_modified_time":"2026-03-31T22:15:01+00:00","og_image":[{"width":1200,"height":1500,"url":"https:\/\/chiara-design.com\/wp-content\/uploads\/2025\/05\/Fedele-3.webp","type":"image\/webp"}],"twitter_card":"summary_large_image","twitter_misc":{"Est. reading time":"2 minutes"},"schema":{"@context":"https:\/\/schema.org","@graph":[{"@type":"WebPage","@id":"https:\/\/chiara-design.com\/product\/plecak-chiara-fedele-czarny-skora-naturalna\/","url":"https:\/\/chiara-design.com\/product\/plecak-chiara-fedele-czarny-skora-naturalna\/","name":"Plecak Chiara Fedele Czarny Sk\u00f3ra Naturalna - Chiara Design","isPartOf":{"@id":"https:\/\/chiara-design.com\/#website"},"primaryImageOfPage":{"@id":"https:\/\/chiara-design.com\/product\/plecak-chiara-fedele-czarny-skora-naturalna\/#primaryimage"},"image":{"@id":"https:\/\/chiara-design.com\/product\/plecak-chiara-fedele-czarny-skora-naturalna\/#primaryimage"},"thumbnailUrl":"https:\/\/chiara-design.com\/wp-content\/uploads\/2025\/02\/fedele-skora-czarny_2.jpg","datePublished":"2025-04-10T16:27:09+00:00","dateModified":"2026-03-31T22:15:01+00:00","breadcrumb":{"@id":"https:\/\/chiara-design.com\/product\/plecak-chiara-fedele-czarny-skora-naturalna\/#breadcrumb"},"inLanguage":"en-US","potentialAction":[{"@type":"ReadAction","target":["https:\/\/chiara-design.com\/product\/plecak-chiara-fedele-czarny-skora-naturalna\/"]}]},{"@type":"ImageObject","inLanguage":"en-US","@id":"https:\/\/chiara-design.com\/product\/plecak-chiara-fedele-czarny-skora-naturalna\/#primaryimage","url":"https:\/\/chiara-design.com\/wp-content\/uploads\/2025\/02\/fedele-skora-czarny_2.jpg","contentUrl":"https:\/\/chiara-design.com\/wp-content\/uploads\/2025\/02\/fedele-skora-czarny_2.jpg","width":1900,"height":2492},{"@type":"BreadcrumbList","@id":"https:\/\/chiara-design.com\/product\/plecak-chiara-fedele-czarny-skora-naturalna\/#breadcrumb","itemListElement":[{"@type":"ListItem","position":1,"name":"Home","item":"https:\/\/chiara-design.com\/"},{"@type":"ListItem","position":2,"name":"Store","item":"https:\/\/chiara-design.com\/sklep\/"},{"@type":"ListItem","position":3,"name":"Plecak Chiara Fedele Czarny Sk\u00f3ra Naturalna"}]},{"@type":"WebSite","@id":"https:\/\/chiara-design.com\/#website","url":"https:\/\/chiara-design.com\/","name":"Chiara Design","description":"Tw\u00f3j ulubiony sklep online z torebkami.","publisher":{"@id":"https:\/\/chiara-design.com\/#organization"},"potentialAction":[{"@type":"SearchAction","target":{"@type":"EntryPoint","urlTemplate":"https:\/\/chiara-design.com\/?s={search_term_string}"},"query-input":{"@type":"PropertyValueSpecification","valueRequired":true,"valueName":"search_term_string"}}],"inLanguage":"en-US"},{"@type":"Organization","@id":"https:\/\/chiara-design.com\/#organization","name":"Chiara Design","url":"https:\/\/chiara-design.com\/","logo":{"@type":"ImageObject","inLanguage":"en-US","@id":"https:\/\/chiara-design.com\/#\/schema\/logo\/image\/","url":"https:\/\/chiara-design.com\/wp-content\/uploads\/2024\/09\/CHIARA-DESIGN-LOGO.png","contentUrl":"https:\/\/chiara-design.com\/wp-content\/uploads\/2024\/09\/CHIARA-DESIGN-LOGO.png","width":500,"height":158,"caption":"Chiara Design"},"image":{"@id":"https:\/\/chiara-design.com\/#\/schema\/logo\/image\/"},"sameAs":["https:\/\/www.facebook.com\/ChiaraDesignPL","https:\/\/www.instagram.com\/chiara_design_\/"]}]}},"jetpack_sharing_enabled":true,"_links":{"self":[{"href":"https:\/\/chiara-design.com\/en\/wp-json\/wp\/v2\/product\/53839","targetHints":{"allow":["GET"]}}],"collection":[{"href":"https:\/\/chiara-design.com\/en\/wp-json\/wp\/v2\/product"}],"about":[{"href":"https:\/\/chiara-design.com\/en\/wp-json\/wp\/v2\/types\/product"}],"replies":[{"embeddable":true,"href":"https:\/\/chiara-design.com\/en\/wp-json\/wp\/v2\/comments?post=53839"}],"wp:featuredmedia":[{"embeddable":true,"href":"https:\/\/chiara-design.com\/en\/wp-json\/wp\/v2\/media\/53775"}],"wp:attachment":[{"href":"https:\/\/chiara-design.com\/en\/wp-json\/wp\/v2\/media?parent=53839"}],"wp:term":[{"taxonomy":"product_brand","embeddable":true,"href":"https:\/\/chiara-design.com\/en\/wp-json\/wp\/v2\/product_brand?post=53839"},{"taxonomy":"product_cat","embeddable":true,"href":"https:\/\/chiara-design.com\/en\/wp-json\/wp\/v2\/product_cat?post=53839"},{"taxonomy":"product_tag","embeddable":true,"href":"https:\/\/chiara-design.com\/en\/wp-json\/wp\/v2\/product_tag?post=53839"}],"curies":[{"name":"wp","href":"https:\/\/api.w.org\/{rel}","templated":true}]}}