{"id":52684,"date":"2025-02-18T00:48:44","date_gmt":"2025-02-17T23:48:44","guid":{"rendered":"https:\/\/chiara-design.com\/product\/e6023-dina-nerka\/"},"modified":"2026-04-01T00:14:58","modified_gmt":"2026-03-31T22:14:58","slug":"nerka-dina-czarna","status":"publish","type":"product","link":"https:\/\/chiara-design.com\/en\/product\/nerka-dina-czarna\/","title":{"rendered":"Nerka Chiara Dina \u2013 Czarna Nerka ze Sk\u00f3ry Naturalnej"},"content":{"rendered":"<h2>Nerka Chiara Dina \u2013 Czarna Nerka ze Sk\u00f3ry Naturalnej: idealna na aktywny dzie\u0144<\/h2>\n<p>Nerka Chiara Dina \u2013 Czarna Nerka ze Sk\u00f3ry Naturalnej to wyj\u0105tkowy produkt, kt\u00f3ry \u0142\u0105czy funkcjonalno\u015b\u0107 z nowoczesnym stylem. Zosta\u0142a zaprojektowana z my\u015bl\u0105 o osobach ceni\u0105cych sobie praktyczne rozwi\u0105zania oraz modny design. Wykonali\u015bmy j\u0105 z najwy\u017cszej jako\u015bci sk\u00f3ry naturalnej, dlatego gwarantuje trwa\u0142o\u015b\u0107 i elegancki wygl\u0105d przez d\u0142ugie lata. Co wi\u0119cej, fakturowany wz\u00f3r groszku dodaje nerce niepowtarzalnego charakteru, kt\u00f3ry podkre\u015bla jej miejski styl.<\/p>\n<h3>Wszechstronno\u015b\u0107 zastosowa\u0144<\/h3>\n<p>Nerka Dina jest przeznaczona do codziennego u\u017cytku, dlatego idealnie sprawdzi si\u0119 podczas spacer\u00f3w, jazdy na rowerze czy spotka\u0144 ze znajomymi. Ponadto, jej uniwersalny design pozwala na noszenie jej w r\u00f3\u017cnych sytuacjach. Dlatego, niezale\u017cnie od tego, czy wybierasz si\u0119 na relaksuj\u0105cy spacer, czy planujesz aktywny dzie\u0144, nerka Dina b\u0119dzie doskona\u0142ym towarzyszem.<\/p>\n<h3>Przemy\u015blana organizacja wn\u0119trza<\/h3>\n<p>Dzi\u0119ki przestronnemu wn\u0119trzu nerka Dina umo\u017cliwia wygodne przechowywanie wszystkich najwa\u017cniejszych drobiazg\u00f3w. W szczeg\u00f3lno\u015bci warto zwr\u00f3ci\u0107 uwag\u0119 na nast\u0119puj\u0105ce cechy:<\/p>\n<ul>\n<li>G\u0142\u00f3wna komora zabezpieczona suwakiem, kt\u00f3ra chroni Twoje przedmioty;<\/li>\n<li>Dodatkowe kieszonki wewn\u0119trzne, kt\u00f3re umo\u017cliwiaj\u0105 lepsz\u0105 organizacj\u0119;<\/li>\n<li>Kiesze\u0144 na zewn\u0105trz z przodu oraz z ty\u0142u, obie zabezpieczone suwakiem, co zapewnia szybki dost\u0119p do potrzebnych akcesori\u00f3w;<\/li>\n<li>Regulowany pasek klasyczny, kt\u00f3ry umo\u017cliwia noszenie nerki crossbody;<\/li>\n<li>Wyprofilowana r\u0105czka, kt\u00f3ra zapewnia komfort przy noszeniu na ramieniu.<\/li>\n<\/ul>\n<h3>Stylowe detale i dodatkowy gad\u017cet<\/h3>\n<p>Co wi\u0119cej, nerka Dina zosta\u0142a wzbogacona o uroczy dodatek \u2013 lusterko w kszta\u0142cie serca na \u0142a\u0144cuszku. Ten praktyczny gad\u017cet nie tylko dodaje uroku, ale tak\u017ce umo\u017cliwia szybkie poprawki makija\u017cu. Dlatego, je\u015bli zale\u017cy Ci na modnym, a jednocze\u015bnie praktycznym akcesorium, nerka Dina spe\u0142ni Twoje oczekiwania.<\/p>\n<h3>Dlaczego warto wybra\u0107 Nerke Dina?<\/h3>\n<p>Nerka Chiara Dina \u2013 Czarna Nerka ze Sk\u00f3ry Naturalnej to produkt, kt\u00f3ry \u0142\u0105czy w sobie styl, funkcjonalno\u015b\u0107 oraz wysok\u0105 jako\u015b\u0107 wykonania. Dzi\u0119ki solidnej konstrukcji i przemy\u015blanej organizacji wn\u0119trza, z \u0142atwo\u015bci\u0105 uporz\u0105dkujesz wszystkie drobiazgi. Ponadto, czarny kolor nerki sprawia, \u017ce doskonale komponuje si\u0119 on z wieloma stylizacjami, zar\u00f3wno casualowymi, jak i bardziej eleganckimi.<\/p>\n<p>Podsumowuj\u0105c, wybieraj\u0105c nerk\u0119 Dina, decydujesz si\u0119 na produkt, kt\u00f3ry zapewnia komfort, porz\u0105dek i wyj\u0105tkowy design. Dlatego warto postawi\u0107 na t\u0119 czarn\u0105 nerke, aby cieszy\u0107 si\u0119 nie tylko praktyczno\u015bci\u0105, ale r\u00f3wnie\u017c modnym wygl\u0105dem na co dzie\u0144.<\/p>\n<p><strong>Model: E6023<\/strong><\/p>\n","protected":false},"excerpt":{"rendered":"<p>Nerka Chiara Dina \u2013 Czarna Nerka ze Sk\u00f3ry Naturalnej: idealna na aktywny dzie\u0144 Nerka Chiara Dina \u2013 Czarna Nerka ze Sk\u00f3ry Naturalnej to wyj\u0105tkowy produkt, kt\u00f3ry \u0142\u0105czy funkcjonalno\u015b\u0107 z nowoczesnym stylem. Zosta\u0142a zaprojektowana z my\u015bl\u0105 o osobach ceni\u0105cych sobie praktyczne rozwi\u0105zania oraz modny design. Wykonali\u015bmy j\u0105 z najwy\u017cszej jako\u015bci sk\u00f3ry naturalnej, dlatego gwarantuje trwa\u0142o\u015b\u0107 i<\/p>\n<div class=\"klb-readmore button\"><a class=\"btn link\" href=\"https:\/\/chiara-design.com\/en\/product\/nerka-dina-czarna\/\">Read More <i class=\"klbth-icon-right-arrow\"><\/i><\/a><\/div>\n","protected":false},"featured_media":52886,"comment_status":"open","ping_status":"closed","template":"","meta":[],"product_brand":[177,193],"product_cat":[538],"product_tag":[182,274,548,549,255,566,547],"class_list":{"0":"post-52684","1":"product","2":"type-product","3":"status-publish","4":"has-post-thumbnail","6":"product_brand-chiara","7":"product_brand-chiara_premium","8":"product_cat-nerki","9":"product_tag-chiara","10":"product_tag-czarna","11":"product_tag-dina","12":"product_tag-nerka","13":"product_tag-skora-naturalna","14":"product_tag-subscribers-only","15":"product_tag-uniwersalna","17":"first","18":"instock","19":"sale","20":"shipping-taxable","21":"purchasable","22":"product-type-simple"},"yoast_head":"<!-- This site is optimized with the Yoast SEO plugin v27.5 - https:\/\/yoast.com\/product\/yoast-seo-wordpress\/ -->\n<title>Nerka Chiara Dina \u2013 Czarna Nerka ze Sk\u00f3ry Naturalnej<\/title>\n<meta name=\"description\" content=\"Nerka Chiara Dina to czarna nerka ze sk\u00f3ry naturalnej. Lekka, pojemna i stylowa \u2013 idealna na spacery, rower i codzienne wyj\u015bcia.\" \/>\n<meta name=\"robots\" content=\"index, follow, max-snippet:-1, max-image-preview:large, max-video-preview:-1\" \/>\n<link rel=\"canonical\" href=\"https:\/\/chiara-design.com\/produkt\/nerka-dina-czarna\/\" \/>\n<meta property=\"og:locale\" content=\"en_US\" \/>\n<meta property=\"og:type\" content=\"article\" \/>\n<meta property=\"og:title\" content=\"Nerka Chiara Dina \u2013 Czarna Nerka ze Sk\u00f3ry Naturalnej\" \/>\n<meta property=\"og:description\" content=\"Nerka Chiara Dina to czarna nerka ze sk\u00f3ry naturalnej. Lekka, pojemna i stylowa \u2013 idealna na spacery, rower i codzienne wyj\u015bcia.\" \/>\n<meta property=\"og:url\" content=\"https:\/\/chiara-design.com\/produkt\/nerka-dina-czarna\/\" \/>\n<meta property=\"og:site_name\" content=\"Chiara Design\" \/>\n<meta property=\"article:publisher\" content=\"https:\/\/www.facebook.com\/ChiaraDesignPL\" \/>\n<meta property=\"article:modified_time\" content=\"2026-03-31T22:14:58+00:00\" \/>\n<meta property=\"og:image\" content=\"https:\/\/chiara-design.com\/wp-content\/uploads\/2025\/05\/Dina-1.webp\" \/>\n\t<meta property=\"og:image:width\" content=\"1200\" \/>\n\t<meta property=\"og:image:height\" content=\"1500\" \/>\n\t<meta property=\"og:image:type\" content=\"image\/webp\" \/>\n<meta name=\"twitter:card\" content=\"summary_large_image\" \/>\n<meta name=\"twitter:label1\" content=\"Est. reading time\" \/>\n\t<meta name=\"twitter:data1\" content=\"3 minutes\" \/>\n<script type=\"application\/ld+json\" class=\"yoast-schema-graph\">{\"@context\":\"https:\\\/\\\/schema.org\",\"@graph\":[{\"@type\":\"WebPage\",\"@id\":\"https:\\\/\\\/chiara-design.com\\\/produkt\\\/nerka-dina-czarna\\\/\",\"url\":\"https:\\\/\\\/chiara-design.com\\\/produkt\\\/nerka-dina-czarna\\\/\",\"name\":\"Nerka Chiara Dina \u2013 Czarna Nerka ze Sk\u00f3ry Naturalnej\",\"isPartOf\":{\"@id\":\"https:\\\/\\\/chiara-design.com\\\/#website\"},\"primaryImageOfPage\":{\"@id\":\"https:\\\/\\\/chiara-design.com\\\/produkt\\\/nerka-dina-czarna\\\/#primaryimage\"},\"image\":{\"@id\":\"https:\\\/\\\/chiara-design.com\\\/produkt\\\/nerka-dina-czarna\\\/#primaryimage\"},\"thumbnailUrl\":\"https:\\\/\\\/chiara-design.com\\\/wp-content\\\/uploads\\\/2025\\\/02\\\/nerka-dina-czarna_1.webp\",\"datePublished\":\"2025-02-17T23:48:44+00:00\",\"dateModified\":\"2026-03-31T22:14:58+00:00\",\"description\":\"Nerka Chiara Dina to czarna nerka ze sk\u00f3ry naturalnej. Lekka, pojemna i stylowa \u2013 idealna na spacery, rower i codzienne wyj\u015bcia.\",\"breadcrumb\":{\"@id\":\"https:\\\/\\\/chiara-design.com\\\/produkt\\\/nerka-dina-czarna\\\/#breadcrumb\"},\"inLanguage\":\"en-US\",\"potentialAction\":[{\"@type\":\"ReadAction\",\"target\":[\"https:\\\/\\\/chiara-design.com\\\/produkt\\\/nerka-dina-czarna\\\/\"]}]},{\"@type\":\"ImageObject\",\"inLanguage\":\"en-US\",\"@id\":\"https:\\\/\\\/chiara-design.com\\\/produkt\\\/nerka-dina-czarna\\\/#primaryimage\",\"url\":\"https:\\\/\\\/chiara-design.com\\\/wp-content\\\/uploads\\\/2025\\\/02\\\/nerka-dina-czarna_1.webp\",\"contentUrl\":\"https:\\\/\\\/chiara-design.com\\\/wp-content\\\/uploads\\\/2025\\\/02\\\/nerka-dina-czarna_1.webp\",\"width\":1900,\"height\":2492},{\"@type\":\"BreadcrumbList\",\"@id\":\"https:\\\/\\\/chiara-design.com\\\/produkt\\\/nerka-dina-czarna\\\/#breadcrumb\",\"itemListElement\":[{\"@type\":\"ListItem\",\"position\":1,\"name\":\"Home\",\"item\":\"https:\\\/\\\/chiara-design.com\\\/\"},{\"@type\":\"ListItem\",\"position\":2,\"name\":\"Store\",\"item\":\"https:\\\/\\\/chiara-design.com\\\/sklep\\\/\"},{\"@type\":\"ListItem\",\"position\":3,\"name\":\"Nerka Chiara Dina \u2013 Czarna Nerka ze Sk\u00f3ry Naturalnej\"}]},{\"@type\":\"WebSite\",\"@id\":\"https:\\\/\\\/chiara-design.com\\\/#website\",\"url\":\"https:\\\/\\\/chiara-design.com\\\/\",\"name\":\"Chiara Design\",\"description\":\"Tw\u00f3j ulubiony sklep online z torebkami.\",\"publisher\":{\"@id\":\"https:\\\/\\\/chiara-design.com\\\/#organization\"},\"potentialAction\":[{\"@type\":\"SearchAction\",\"target\":{\"@type\":\"EntryPoint\",\"urlTemplate\":\"https:\\\/\\\/chiara-design.com\\\/?s={search_term_string}\"},\"query-input\":{\"@type\":\"PropertyValueSpecification\",\"valueRequired\":true,\"valueName\":\"search_term_string\"}}],\"inLanguage\":\"en-US\"},{\"@type\":\"Organization\",\"@id\":\"https:\\\/\\\/chiara-design.com\\\/#organization\",\"name\":\"Chiara Design\",\"url\":\"https:\\\/\\\/chiara-design.com\\\/\",\"logo\":{\"@type\":\"ImageObject\",\"inLanguage\":\"en-US\",\"@id\":\"https:\\\/\\\/chiara-design.com\\\/#\\\/schema\\\/logo\\\/image\\\/\",\"url\":\"https:\\\/\\\/chiara-design.com\\\/wp-content\\\/uploads\\\/2024\\\/09\\\/CHIARA-DESIGN-LOGO.png\",\"contentUrl\":\"https:\\\/\\\/chiara-design.com\\\/wp-content\\\/uploads\\\/2024\\\/09\\\/CHIARA-DESIGN-LOGO.png\",\"width\":500,\"height\":158,\"caption\":\"Chiara Design\"},\"image\":{\"@id\":\"https:\\\/\\\/chiara-design.com\\\/#\\\/schema\\\/logo\\\/image\\\/\"},\"sameAs\":[\"https:\\\/\\\/www.facebook.com\\\/ChiaraDesignPL\",\"https:\\\/\\\/www.instagram.com\\\/chiara_design_\\\/\"]}]}<\/script>\n<!-- \/ Yoast SEO plugin. -->","yoast_head_json":{"title":"Nerka Chiara Dina \u2013 Czarna Nerka ze Sk\u00f3ry Naturalnej","description":"Nerka Chiara Dina to czarna nerka ze sk\u00f3ry naturalnej. Lekka, pojemna i stylowa \u2013 idealna na spacery, rower i codzienne wyj\u015bcia.","robots":{"index":"index","follow":"follow","max-snippet":"max-snippet:-1","max-image-preview":"max-image-preview:large","max-video-preview":"max-video-preview:-1"},"canonical":"https:\/\/chiara-design.com\/produkt\/nerka-dina-czarna\/","og_locale":"en_US","og_type":"article","og_title":"Nerka Chiara Dina \u2013 Czarna Nerka ze Sk\u00f3ry Naturalnej","og_description":"Nerka Chiara Dina to czarna nerka ze sk\u00f3ry naturalnej. Lekka, pojemna i stylowa \u2013 idealna na spacery, rower i codzienne wyj\u015bcia.","og_url":"https:\/\/chiara-design.com\/produkt\/nerka-dina-czarna\/","og_site_name":"Chiara Design","article_publisher":"https:\/\/www.facebook.com\/ChiaraDesignPL","article_modified_time":"2026-03-31T22:14:58+00:00","og_image":[{"width":1200,"height":1500,"url":"https:\/\/chiara-design.com\/wp-content\/uploads\/2025\/05\/Dina-1.webp","type":"image\/webp"}],"twitter_card":"summary_large_image","twitter_misc":{"Est. reading time":"3 minutes"},"schema":{"@context":"https:\/\/schema.org","@graph":[{"@type":"WebPage","@id":"https:\/\/chiara-design.com\/produkt\/nerka-dina-czarna\/","url":"https:\/\/chiara-design.com\/produkt\/nerka-dina-czarna\/","name":"Nerka Chiara Dina \u2013 Czarna Nerka ze Sk\u00f3ry Naturalnej","isPartOf":{"@id":"https:\/\/chiara-design.com\/#website"},"primaryImageOfPage":{"@id":"https:\/\/chiara-design.com\/produkt\/nerka-dina-czarna\/#primaryimage"},"image":{"@id":"https:\/\/chiara-design.com\/produkt\/nerka-dina-czarna\/#primaryimage"},"thumbnailUrl":"https:\/\/chiara-design.com\/wp-content\/uploads\/2025\/02\/nerka-dina-czarna_1.webp","datePublished":"2025-02-17T23:48:44+00:00","dateModified":"2026-03-31T22:14:58+00:00","description":"Nerka Chiara Dina to czarna nerka ze sk\u00f3ry naturalnej. Lekka, pojemna i stylowa \u2013 idealna na spacery, rower i codzienne wyj\u015bcia.","breadcrumb":{"@id":"https:\/\/chiara-design.com\/produkt\/nerka-dina-czarna\/#breadcrumb"},"inLanguage":"en-US","potentialAction":[{"@type":"ReadAction","target":["https:\/\/chiara-design.com\/produkt\/nerka-dina-czarna\/"]}]},{"@type":"ImageObject","inLanguage":"en-US","@id":"https:\/\/chiara-design.com\/produkt\/nerka-dina-czarna\/#primaryimage","url":"https:\/\/chiara-design.com\/wp-content\/uploads\/2025\/02\/nerka-dina-czarna_1.webp","contentUrl":"https:\/\/chiara-design.com\/wp-content\/uploads\/2025\/02\/nerka-dina-czarna_1.webp","width":1900,"height":2492},{"@type":"BreadcrumbList","@id":"https:\/\/chiara-design.com\/produkt\/nerka-dina-czarna\/#breadcrumb","itemListElement":[{"@type":"ListItem","position":1,"name":"Home","item":"https:\/\/chiara-design.com\/"},{"@type":"ListItem","position":2,"name":"Store","item":"https:\/\/chiara-design.com\/sklep\/"},{"@type":"ListItem","position":3,"name":"Nerka Chiara Dina \u2013 Czarna Nerka ze Sk\u00f3ry Naturalnej"}]},{"@type":"WebSite","@id":"https:\/\/chiara-design.com\/#website","url":"https:\/\/chiara-design.com\/","name":"Chiara Design","description":"Tw\u00f3j ulubiony sklep online z torebkami.","publisher":{"@id":"https:\/\/chiara-design.com\/#organization"},"potentialAction":[{"@type":"SearchAction","target":{"@type":"EntryPoint","urlTemplate":"https:\/\/chiara-design.com\/?s={search_term_string}"},"query-input":{"@type":"PropertyValueSpecification","valueRequired":true,"valueName":"search_term_string"}}],"inLanguage":"en-US"},{"@type":"Organization","@id":"https:\/\/chiara-design.com\/#organization","name":"Chiara Design","url":"https:\/\/chiara-design.com\/","logo":{"@type":"ImageObject","inLanguage":"en-US","@id":"https:\/\/chiara-design.com\/#\/schema\/logo\/image\/","url":"https:\/\/chiara-design.com\/wp-content\/uploads\/2024\/09\/CHIARA-DESIGN-LOGO.png","contentUrl":"https:\/\/chiara-design.com\/wp-content\/uploads\/2024\/09\/CHIARA-DESIGN-LOGO.png","width":500,"height":158,"caption":"Chiara Design"},"image":{"@id":"https:\/\/chiara-design.com\/#\/schema\/logo\/image\/"},"sameAs":["https:\/\/www.facebook.com\/ChiaraDesignPL","https:\/\/www.instagram.com\/chiara_design_\/"]}]}},"jetpack_sharing_enabled":true,"_links":{"self":[{"href":"https:\/\/chiara-design.com\/en\/wp-json\/wp\/v2\/product\/52684","targetHints":{"allow":["GET"]}}],"collection":[{"href":"https:\/\/chiara-design.com\/en\/wp-json\/wp\/v2\/product"}],"about":[{"href":"https:\/\/chiara-design.com\/en\/wp-json\/wp\/v2\/types\/product"}],"replies":[{"embeddable":true,"href":"https:\/\/chiara-design.com\/en\/wp-json\/wp\/v2\/comments?post=52684"}],"wp:featuredmedia":[{"embeddable":true,"href":"https:\/\/chiara-design.com\/en\/wp-json\/wp\/v2\/media\/52886"}],"wp:attachment":[{"href":"https:\/\/chiara-design.com\/en\/wp-json\/wp\/v2\/media?parent=52684"}],"wp:term":[{"taxonomy":"product_brand","embeddable":true,"href":"https:\/\/chiara-design.com\/en\/wp-json\/wp\/v2\/product_brand?post=52684"},{"taxonomy":"product_cat","embeddable":true,"href":"https:\/\/chiara-design.com\/en\/wp-json\/wp\/v2\/product_cat?post=52684"},{"taxonomy":"product_tag","embeddable":true,"href":"https:\/\/chiara-design.com\/en\/wp-json\/wp\/v2\/product_tag?post=52684"}],"curies":[{"name":"wp","href":"https:\/\/api.w.org\/{rel}","templated":true}]}}