{"id":52674,"date":"2025-02-18T00:48:42","date_gmt":"2025-02-17T23:48:42","guid":{"rendered":"https:\/\/chiara-design.com\/product\/i5051-mery-a4-3\/"},"modified":"2026-04-01T00:14:57","modified_gmt":"2026-03-31T22:14:57","slug":"torebka-chiara-mery-czarna","status":"publish","type":"product","link":"https:\/\/chiara-design.com\/en\/product\/torebka-chiara-mery-czarna\/","title":{"rendered":"Torebka Chiara Mery \u2013 Czarna Torebka ze Sk\u00f3ry G\u0142adkiej"},"content":{"rendered":"<h2>Torebka Chiara Mery \u2013 Czarna Torebka ze Sk\u00f3ry G\u0142adkiej: idealna na dynamiczny dzie\u0144<\/h2>\n<p>Torebka Chiara Mery \u2013 Czarna Torebka ze Sk\u00f3ry G\u0142adkiej to produkt, kt\u00f3ry \u0142\u0105czy nowoczesny design z wyj\u0105tkow\u0105 funkcjonalno\u015bci\u0105. Wykonali\u015bmy j\u0105 z wysokiej jako\u015bci sk\u00f3ry g\u0142adkiej, dzi\u0119ki czemu cechuje si\u0119 elegancj\u0105 i trwa\u0142o\u015bci\u0105. Co wi\u0119cej, klasyczny czarny kolor oraz subtelne z\u0142ote okucia nadaj\u0105 torebce niepowtarzalny styl, kt\u00f3ry \u015bwietnie wpisuje si\u0119 w codzienne, profesjonalne oraz uczelniane stylizacje.<\/p>\n<h3>Przemy\u015blana organizacja i komfort u\u017cytkowania<\/h3>\n<p>Torebka zosta\u0142a zaprojektowana z my\u015bl\u0105 o osobach aktywnych, kt\u00f3re ceni\u0105 sobie porz\u0105dek. Dlatego jej wn\u0119trze zosta\u0142o starannie zorganizowane, co umo\u017cliwia:<\/p>\n<ul>\n<li>Bezpieczne przechowywanie przedmiot\u00f3w w g\u0142\u00f3wnej komorze zabezpieczonej suwakiem;<\/li>\n<li>Wygodn\u0105 organizacj\u0119 drobiazg\u00f3w dzi\u0119ki wewn\u0119trznym kieszonkom;<\/li>\n<li>Szybki dost\u0119p do najwa\u017cniejszych rzeczy dzi\u0119ki kieszeniom z przodu i z ty\u0142u, zabezpieczonymi suwakiem;<\/li>\n<li>Dwie d\u0142ugo\u015bci r\u0105czek pozwalaj\u0105 na noszenie torebki zar\u00f3wno w r\u0119ce jak i na ramieniu<\/li>\n<\/ul>\n<h3>Styl, kt\u00f3ry robi wra\u017cenie<\/h3>\n<p>Dodatkowo, torebka Chiara Mery wyr\u00f3\u017cnia si\u0119 klasycznym czarnym kolorem oraz efektownymi, zlotymi okuciami. Co wi\u0119cej, taki design sprawia, \u017ce idealnie nadaje si\u0119 na codzienne wyj\u015bcia, prac\u0119, a tak\u017ce do uczelni. Dlatego produkt ten jest doskona\u0142ym wyborem dla os\u00f3b, kt\u00f3re oczekuj\u0105 elegancji po\u0142\u0105czonej z funkcjonalno\u015bci\u0105.<\/p>\n<h3>Podsumowanie zalet<\/h3>\n<p>Podsumowuj\u0105c, Torebka Chiara Mery \u2013 Czarna Torebka ze Sk\u00f3ry G\u0142adkiej to produkt, kt\u00f3ry oferuje:<\/p>\n<ul>\n<li>Wysok\u0105 jako\u015b\u0107 wykonania i trwa\u0142o\u015b\u0107 materia\u0142u,<\/li>\n<li>Przemy\u015blan\u0105 organizacj\u0119 wn\u0119trza,<\/li>\n<li>Uniwersalny, klasyczny design z nowoczesnymi detalami,<\/li>\n<li>Komfort u\u017cytkowania dzi\u0119ki dw\u00f3m d\u0142ugo\u015bciom r\u0105czek.<\/li>\n<\/ul>\n<p>Dodatkowo, torebka doskonale sprawdzi si\u0119 w r\u00f3\u017cnych sytuacjach \u2013 dlatego warto postawi\u0107 na rozwi\u0105zanie, kt\u00f3re \u0142\u0105czy funkcjonalno\u015b\u0107 z modnym wygl\u0105dem.<\/p>\n<p><strong>Model: I5051 MERY<\/strong><\/p>\n","protected":false},"excerpt":{"rendered":"<p>Czarna torebka Chiara Mery ze sk\u00f3ry g\u0142adkiej, z srebrnymi okuciami \u2013 elegancka i funkcjonalna na co dzie\u0144.<\/p>\n","protected":false},"featured_media":52853,"comment_status":"open","ping_status":"closed","template":"","meta":[],"product_brand":[177,193],"product_cat":[137],"product_tag":[553,182,274,453,552,566,259,547,555],"class_list":{"0":"post-52674","1":"product","2":"type-product","3":"status-publish","4":"has-post-thumbnail","6":"product_brand-chiara","7":"product_brand-chiara_premium","8":"product_cat-klasyczne","9":"product_tag-a4","10":"product_tag-chiara","11":"product_tag-czarna","12":"product_tag-klasyczna","13":"product_tag-skora-gladka","14":"product_tag-subscribers-only","15":"product_tag-torebka","16":"product_tag-uniwersalna","17":"product_tag-zlote-okucia","19":"first","20":"onbackorder","21":"shipping-taxable","22":"purchasable","23":"product-type-simple"},"yoast_head":"<!-- This site is optimized with the Yoast SEO plugin v27.5 - https:\/\/yoast.com\/product\/yoast-seo-wordpress\/ -->\n<title>Torebka Chiara Mery \u2013 Czarna Torebka ze Sk\u00f3ry G\u0142adkiej<\/title>\n<meta name=\"description\" content=\"Torebka Chiara Mery to czarna torebka ze sk\u00f3ry g\u0142adkiej z efektownymi srebrnymi okuciami. Idealna na prac\u0119, uczelni\u0119 i codzienne wyj\u015bcia.\" \/>\n<meta name=\"robots\" content=\"index, follow, max-snippet:-1, max-image-preview:large, max-video-preview:-1\" \/>\n<link rel=\"canonical\" href=\"https:\/\/chiara-design.com\/produkt\/torebka-chiara-mery-czarna\/\" \/>\n<meta property=\"og:locale\" content=\"en_US\" \/>\n<meta property=\"og:type\" content=\"article\" \/>\n<meta property=\"og:title\" content=\"Torebka Chiara Mery \u2013 Czarna Torebka ze Sk\u00f3ry G\u0142adkiej\" \/>\n<meta property=\"og:description\" content=\"Torebka Chiara Mery to czarna torebka ze sk\u00f3ry g\u0142adkiej z efektownymi srebrnymi okuciami. Idealna na prac\u0119, uczelni\u0119 i codzienne wyj\u015bcia.\" \/>\n<meta property=\"og:url\" content=\"https:\/\/chiara-design.com\/produkt\/torebka-chiara-mery-czarna\/\" \/>\n<meta property=\"og:site_name\" content=\"Chiara Design\" \/>\n<meta property=\"article:publisher\" content=\"https:\/\/www.facebook.com\/ChiaraDesignPL\" \/>\n<meta property=\"article:modified_time\" content=\"2026-03-31T22:14:57+00:00\" \/>\n<meta property=\"og:image\" content=\"https:\/\/chiara-design.com\/wp-content\/uploads\/2025\/02\/I5051-mery-czarna-1.webp\" \/>\n\t<meta property=\"og:image:width\" content=\"1200\" \/>\n\t<meta property=\"og:image:height\" content=\"1500\" \/>\n\t<meta property=\"og:image:type\" content=\"image\/webp\" \/>\n<meta name=\"twitter:card\" content=\"summary_large_image\" \/>\n<meta name=\"twitter:label1\" content=\"Est. reading time\" \/>\n\t<meta name=\"twitter:data1\" content=\"2 minutes\" \/>\n<script type=\"application\/ld+json\" class=\"yoast-schema-graph\">{\"@context\":\"https:\\\/\\\/schema.org\",\"@graph\":[{\"@type\":\"WebPage\",\"@id\":\"https:\\\/\\\/chiara-design.com\\\/produkt\\\/torebka-chiara-mery-czarna\\\/\",\"url\":\"https:\\\/\\\/chiara-design.com\\\/produkt\\\/torebka-chiara-mery-czarna\\\/\",\"name\":\"Torebka Chiara Mery \u2013 Czarna Torebka ze Sk\u00f3ry G\u0142adkiej\",\"isPartOf\":{\"@id\":\"https:\\\/\\\/chiara-design.com\\\/#website\"},\"primaryImageOfPage\":{\"@id\":\"https:\\\/\\\/chiara-design.com\\\/produkt\\\/torebka-chiara-mery-czarna\\\/#primaryimage\"},\"image\":{\"@id\":\"https:\\\/\\\/chiara-design.com\\\/produkt\\\/torebka-chiara-mery-czarna\\\/#primaryimage\"},\"thumbnailUrl\":\"https:\\\/\\\/chiara-design.com\\\/wp-content\\\/uploads\\\/2025\\\/02\\\/MERY-BLACK_1.webp\",\"datePublished\":\"2025-02-17T23:48:42+00:00\",\"dateModified\":\"2026-03-31T22:14:57+00:00\",\"description\":\"Torebka Chiara Mery to czarna torebka ze sk\u00f3ry g\u0142adkiej z efektownymi srebrnymi okuciami. Idealna na prac\u0119, uczelni\u0119 i codzienne wyj\u015bcia.\",\"breadcrumb\":{\"@id\":\"https:\\\/\\\/chiara-design.com\\\/produkt\\\/torebka-chiara-mery-czarna\\\/#breadcrumb\"},\"inLanguage\":\"en-US\",\"potentialAction\":[{\"@type\":\"ReadAction\",\"target\":[\"https:\\\/\\\/chiara-design.com\\\/produkt\\\/torebka-chiara-mery-czarna\\\/\"]}]},{\"@type\":\"ImageObject\",\"inLanguage\":\"en-US\",\"@id\":\"https:\\\/\\\/chiara-design.com\\\/produkt\\\/torebka-chiara-mery-czarna\\\/#primaryimage\",\"url\":\"https:\\\/\\\/chiara-design.com\\\/wp-content\\\/uploads\\\/2025\\\/02\\\/MERY-BLACK_1.webp\",\"contentUrl\":\"https:\\\/\\\/chiara-design.com\\\/wp-content\\\/uploads\\\/2025\\\/02\\\/MERY-BLACK_1.webp\",\"width\":1900,\"height\":2492},{\"@type\":\"BreadcrumbList\",\"@id\":\"https:\\\/\\\/chiara-design.com\\\/produkt\\\/torebka-chiara-mery-czarna\\\/#breadcrumb\",\"itemListElement\":[{\"@type\":\"ListItem\",\"position\":1,\"name\":\"Home\",\"item\":\"https:\\\/\\\/chiara-design.com\\\/\"},{\"@type\":\"ListItem\",\"position\":2,\"name\":\"Store\",\"item\":\"https:\\\/\\\/chiara-design.com\\\/sklep\\\/\"},{\"@type\":\"ListItem\",\"position\":3,\"name\":\"Torebka Chiara Mery \u2013 Czarna Torebka ze Sk\u00f3ry G\u0142adkiej\"}]},{\"@type\":\"WebSite\",\"@id\":\"https:\\\/\\\/chiara-design.com\\\/#website\",\"url\":\"https:\\\/\\\/chiara-design.com\\\/\",\"name\":\"Chiara Design\",\"description\":\"Tw\u00f3j ulubiony sklep online z torebkami.\",\"publisher\":{\"@id\":\"https:\\\/\\\/chiara-design.com\\\/#organization\"},\"potentialAction\":[{\"@type\":\"SearchAction\",\"target\":{\"@type\":\"EntryPoint\",\"urlTemplate\":\"https:\\\/\\\/chiara-design.com\\\/?s={search_term_string}\"},\"query-input\":{\"@type\":\"PropertyValueSpecification\",\"valueRequired\":true,\"valueName\":\"search_term_string\"}}],\"inLanguage\":\"en-US\"},{\"@type\":\"Organization\",\"@id\":\"https:\\\/\\\/chiara-design.com\\\/#organization\",\"name\":\"Chiara Design\",\"url\":\"https:\\\/\\\/chiara-design.com\\\/\",\"logo\":{\"@type\":\"ImageObject\",\"inLanguage\":\"en-US\",\"@id\":\"https:\\\/\\\/chiara-design.com\\\/#\\\/schema\\\/logo\\\/image\\\/\",\"url\":\"https:\\\/\\\/chiara-design.com\\\/wp-content\\\/uploads\\\/2024\\\/09\\\/CHIARA-DESIGN-LOGO.png\",\"contentUrl\":\"https:\\\/\\\/chiara-design.com\\\/wp-content\\\/uploads\\\/2024\\\/09\\\/CHIARA-DESIGN-LOGO.png\",\"width\":500,\"height\":158,\"caption\":\"Chiara Design\"},\"image\":{\"@id\":\"https:\\\/\\\/chiara-design.com\\\/#\\\/schema\\\/logo\\\/image\\\/\"},\"sameAs\":[\"https:\\\/\\\/www.facebook.com\\\/ChiaraDesignPL\",\"https:\\\/\\\/www.instagram.com\\\/chiara_design_\\\/\"]}]}<\/script>\n<!-- \/ Yoast SEO plugin. -->","yoast_head_json":{"title":"Torebka Chiara Mery \u2013 Czarna Torebka ze Sk\u00f3ry G\u0142adkiej","description":"Torebka Chiara Mery to czarna torebka ze sk\u00f3ry g\u0142adkiej z efektownymi srebrnymi okuciami. Idealna na prac\u0119, uczelni\u0119 i codzienne wyj\u015bcia.","robots":{"index":"index","follow":"follow","max-snippet":"max-snippet:-1","max-image-preview":"max-image-preview:large","max-video-preview":"max-video-preview:-1"},"canonical":"https:\/\/chiara-design.com\/produkt\/torebka-chiara-mery-czarna\/","og_locale":"en_US","og_type":"article","og_title":"Torebka Chiara Mery \u2013 Czarna Torebka ze Sk\u00f3ry G\u0142adkiej","og_description":"Torebka Chiara Mery to czarna torebka ze sk\u00f3ry g\u0142adkiej z efektownymi srebrnymi okuciami. Idealna na prac\u0119, uczelni\u0119 i codzienne wyj\u015bcia.","og_url":"https:\/\/chiara-design.com\/produkt\/torebka-chiara-mery-czarna\/","og_site_name":"Chiara Design","article_publisher":"https:\/\/www.facebook.com\/ChiaraDesignPL","article_modified_time":"2026-03-31T22:14:57+00:00","og_image":[{"width":1200,"height":1500,"url":"https:\/\/chiara-design.com\/wp-content\/uploads\/2025\/02\/I5051-mery-czarna-1.webp","type":"image\/webp"}],"twitter_card":"summary_large_image","twitter_misc":{"Est. reading time":"2 minutes"},"schema":{"@context":"https:\/\/schema.org","@graph":[{"@type":"WebPage","@id":"https:\/\/chiara-design.com\/produkt\/torebka-chiara-mery-czarna\/","url":"https:\/\/chiara-design.com\/produkt\/torebka-chiara-mery-czarna\/","name":"Torebka Chiara Mery \u2013 Czarna Torebka ze Sk\u00f3ry G\u0142adkiej","isPartOf":{"@id":"https:\/\/chiara-design.com\/#website"},"primaryImageOfPage":{"@id":"https:\/\/chiara-design.com\/produkt\/torebka-chiara-mery-czarna\/#primaryimage"},"image":{"@id":"https:\/\/chiara-design.com\/produkt\/torebka-chiara-mery-czarna\/#primaryimage"},"thumbnailUrl":"https:\/\/chiara-design.com\/wp-content\/uploads\/2025\/02\/MERY-BLACK_1.webp","datePublished":"2025-02-17T23:48:42+00:00","dateModified":"2026-03-31T22:14:57+00:00","description":"Torebka Chiara Mery to czarna torebka ze sk\u00f3ry g\u0142adkiej z efektownymi srebrnymi okuciami. Idealna na prac\u0119, uczelni\u0119 i codzienne wyj\u015bcia.","breadcrumb":{"@id":"https:\/\/chiara-design.com\/produkt\/torebka-chiara-mery-czarna\/#breadcrumb"},"inLanguage":"en-US","potentialAction":[{"@type":"ReadAction","target":["https:\/\/chiara-design.com\/produkt\/torebka-chiara-mery-czarna\/"]}]},{"@type":"ImageObject","inLanguage":"en-US","@id":"https:\/\/chiara-design.com\/produkt\/torebka-chiara-mery-czarna\/#primaryimage","url":"https:\/\/chiara-design.com\/wp-content\/uploads\/2025\/02\/MERY-BLACK_1.webp","contentUrl":"https:\/\/chiara-design.com\/wp-content\/uploads\/2025\/02\/MERY-BLACK_1.webp","width":1900,"height":2492},{"@type":"BreadcrumbList","@id":"https:\/\/chiara-design.com\/produkt\/torebka-chiara-mery-czarna\/#breadcrumb","itemListElement":[{"@type":"ListItem","position":1,"name":"Home","item":"https:\/\/chiara-design.com\/"},{"@type":"ListItem","position":2,"name":"Store","item":"https:\/\/chiara-design.com\/sklep\/"},{"@type":"ListItem","position":3,"name":"Torebka Chiara Mery \u2013 Czarna Torebka ze Sk\u00f3ry G\u0142adkiej"}]},{"@type":"WebSite","@id":"https:\/\/chiara-design.com\/#website","url":"https:\/\/chiara-design.com\/","name":"Chiara Design","description":"Tw\u00f3j ulubiony sklep online z torebkami.","publisher":{"@id":"https:\/\/chiara-design.com\/#organization"},"potentialAction":[{"@type":"SearchAction","target":{"@type":"EntryPoint","urlTemplate":"https:\/\/chiara-design.com\/?s={search_term_string}"},"query-input":{"@type":"PropertyValueSpecification","valueRequired":true,"valueName":"search_term_string"}}],"inLanguage":"en-US"},{"@type":"Organization","@id":"https:\/\/chiara-design.com\/#organization","name":"Chiara Design","url":"https:\/\/chiara-design.com\/","logo":{"@type":"ImageObject","inLanguage":"en-US","@id":"https:\/\/chiara-design.com\/#\/schema\/logo\/image\/","url":"https:\/\/chiara-design.com\/wp-content\/uploads\/2024\/09\/CHIARA-DESIGN-LOGO.png","contentUrl":"https:\/\/chiara-design.com\/wp-content\/uploads\/2024\/09\/CHIARA-DESIGN-LOGO.png","width":500,"height":158,"caption":"Chiara Design"},"image":{"@id":"https:\/\/chiara-design.com\/#\/schema\/logo\/image\/"},"sameAs":["https:\/\/www.facebook.com\/ChiaraDesignPL","https:\/\/www.instagram.com\/chiara_design_\/"]}]}},"jetpack_sharing_enabled":true,"_links":{"self":[{"href":"https:\/\/chiara-design.com\/en\/wp-json\/wp\/v2\/product\/52674","targetHints":{"allow":["GET"]}}],"collection":[{"href":"https:\/\/chiara-design.com\/en\/wp-json\/wp\/v2\/product"}],"about":[{"href":"https:\/\/chiara-design.com\/en\/wp-json\/wp\/v2\/types\/product"}],"replies":[{"embeddable":true,"href":"https:\/\/chiara-design.com\/en\/wp-json\/wp\/v2\/comments?post=52674"}],"wp:featuredmedia":[{"embeddable":true,"href":"https:\/\/chiara-design.com\/en\/wp-json\/wp\/v2\/media\/52853"}],"wp:attachment":[{"href":"https:\/\/chiara-design.com\/en\/wp-json\/wp\/v2\/media?parent=52674"}],"wp:term":[{"taxonomy":"product_brand","embeddable":true,"href":"https:\/\/chiara-design.com\/en\/wp-json\/wp\/v2\/product_brand?post=52674"},{"taxonomy":"product_cat","embeddable":true,"href":"https:\/\/chiara-design.com\/en\/wp-json\/wp\/v2\/product_cat?post=52674"},{"taxonomy":"product_tag","embeddable":true,"href":"https:\/\/chiara-design.com\/en\/wp-json\/wp\/v2\/product_tag?post=52674"}],"curies":[{"name":"wp","href":"https:\/\/api.w.org\/{rel}","templated":true}]}}