{"id":52635,"date":"2025-02-18T00:48:34","date_gmt":"2025-02-17T23:48:34","guid":{"rendered":"https:\/\/chiara-design.com\/product\/torebka-chiara-nori-czarna-skora-naturalna-2\/"},"modified":"2026-04-01T00:14:55","modified_gmt":"2026-03-31T22:14:55","slug":"torebka-chiara-nori-czarna-skora-naturalna-2","status":"publish","type":"product","link":"https:\/\/chiara-design.com\/en\/product\/torebka-chiara-nori-czarna-skora-naturalna-2\/","title":{"rendered":"Torebka Chiara Nori Czarna Sk\u00f3ra Naturalna"},"content":{"rendered":"<h2>Torebka Chiara Nori Czarna Sk\u00f3ra Naturalna \u2013 Elegancja i Funkcjonalno\u015b\u0107<\/h2>\n<p>Torebka Chiara Nori Czarna Sk\u00f3ra Naturalna to luksusowy dodatek, kt\u00f3ry \u0142\u0105czy w sobie elegancj\u0119, funkcjonalno\u015b\u0107 i oryginalny design. Co wi\u0119cej, wykonanie z wysokiej jako\u015bci sk\u00f3ry naturalnej przet\u0142oczonej na wz\u00f3r krokodyla nadaje jej wyj\u0105tkowego stylu i trwa\u0142o\u015bci. Dzi\u0119ki temu model ten sprawdzi si\u0119 doskonale zar\u00f3wno w pracy, na uczelni, jak i podczas biznesowych spotka\u0144.<\/p>\n<h3>Stylowe Detale<\/h3>\n<p>Eleganckie z\u0142ote \u0142a\u0144cuchy nie tylko pe\u0142ni\u0105 funkcj\u0119 ozdobnych r\u0105czek, ale tak\u017ce dodaj\u0105 torebce charakteru i wyrafinowania. Dodatkowo, regulowany pasek pozwala na noszenie torebki w r\u00f3\u017cnych konfiguracjach, co czyni j\u0105 uniwersalnym wyborem. Dlatego w\u0142a\u015bnie ten model \u015bwietnie dopasuje si\u0119 do Twoich potrzeb i stylizacji.<\/p>\n<h3>Praktyczne Wn\u0119trze<\/h3>\n<p>Wn\u0119trze torebki zaprojektowano z my\u015bl\u0105 o maksymalnej funkcjonalno\u015bci. Co wi\u0119cej, pi\u0119kna podszewka i dodatkowe kieszenie pomagaj\u0105 w utrzymaniu porz\u0105dku i organizacji. Dodatkowo, praktyczna kiesze\u0144 zewn\u0119trzna umo\u017cliwia szybki dost\u0119p do najpotrzebniejszych rzeczy, takich jak telefon czy klucze. Dlatego ka\u017cda chwila z t\u0105 torebk\u0105 stanie si\u0119 wygodniejsza.<\/p>\n<h3>Wyj\u0105tkowe Dodatki<\/h3>\n<p>Firmowe lusterko w kszta\u0142cie serca zawieszone na \u0142a\u0144cuszku to nie tylko uroczy akcent, ale r\u00f3wnie\u017c praktyczny gad\u017cet, kt\u00f3ry podkre\u015bla kobiecy charakter modelu. Co wi\u0119cej, ten detal wyr\u00f3\u017cnia torebk\u0119 na tle innych i dodaje jej wyj\u0105tkowego uroku.<\/p>\n<h3>Dodatek na Ka\u017cdy Dzie\u0144<\/h3>\n<p>Torebka Chiara Nori Czarna Sk\u00f3ra Naturalna to idealny wyb\u00f3r na ka\u017cd\u0105 okazj\u0119. Dzi\u0119ki wysokiej jako\u015bci materia\u0142om, starannemu wykonaniu oraz przemy\u015blanemu designowi, podkre\u015bli Tw\u00f3j styl i doda elegancji ka\u017cdej stylizacji. Co wi\u0119cej, torebka ta b\u0119dzie Twoim niezast\u0105pionym towarzyszem ka\u017cdego dnia.<\/p>\n<h3>Unikalny charakter<\/h3>\n<p>Torebki z kolekcji croko wykonane s\u0105 z wysokiej jako\u015bci sk\u00f3ry naturalnej, kt\u00f3rej faktura zsta\u0142a precyzyjnie odwzorowana na imitacj\u0119 sk\u00f3ry krokodyla. Ze wzgl\u0119du na naturalno\u015b\u0107 materia\u0142u, ka\u017cda torebka mo\u017ce nieznacznie r\u00f3\u017cni\u0107 si\u0119 w fakturze od tej na zdj\u0119ciu co nadaje ka\u017cdej z nich unikalny charakter.<\/p>\n<p>Model: i588 NORI<\/p>\n","protected":false},"excerpt":{"rendered":"<p>Torebka Chiara Nori Czarna \u2013 luksusowa torebka ze sk\u00f3ry naturalnej z croko, z\u0142otymi \u0142a\u0144cuchami i funkcjonalnym wn\u0119trzem A4.<\/p>\n","protected":false},"featured_media":51235,"comment_status":"open","ping_status":"closed","template":"","meta":[],"product_brand":[],"product_cat":[137],"product_tag":[430,453,255,432,435,472,500],"class_list":{"0":"post-52635","1":"product","2":"type-product","3":"status-publish","4":"has-post-thumbnail","6":"product_cat-klasyczne","7":"product_tag-czarna-torebka","8":"product_tag-klasyczna","9":"product_tag-skora-naturalna","10":"product_tag-torebka-a4","11":"product_tag-torebka-chiara","12":"product_tag-torebka-croko","13":"product_tag-torebka-nori","15":"first","16":"instock","17":"shipping-taxable","18":"purchasable","19":"product-type-simple"},"yoast_head":"<!-- This site is optimized with the Yoast SEO plugin v27.3 - https:\/\/yoast.com\/product\/yoast-seo-wordpress\/ -->\n<title>Torebka Chiara Nori Czarna Sk\u00f3ra Naturalna \u2013 Styl i Funkcjonalno\u015b\u0107<\/title>\n<meta name=\"description\" content=\"Torebka Chiara Nori Czarna Sk\u00f3ra Naturalna \u2013 elegancka torebka A4 z t\u0142oczeniem croko, z\u0142otymi \u0142a\u0144cuchami i praktycznym wn\u0119trzem.\" \/>\n<meta name=\"robots\" content=\"index, follow, max-snippet:-1, max-image-preview:large, max-video-preview:-1\" \/>\n<link rel=\"canonical\" href=\"https:\/\/chiara-design.com\/product\/torebka-chiara-nori-czarna-skora-naturalna-2\/\" \/>\n<meta property=\"og:locale\" content=\"en_US\" \/>\n<meta property=\"og:type\" content=\"article\" \/>\n<meta property=\"og:title\" content=\"Torebka Chiara Nori Czarna Sk\u00f3ra Naturalna \u2013 Styl i Funkcjonalno\u015b\u0107\" \/>\n<meta property=\"og:description\" content=\"Torebka Chiara Nori Czarna Sk\u00f3ra Naturalna \u2013 elegancka torebka A4 z t\u0142oczeniem croko, z\u0142otymi \u0142a\u0144cuchami i praktycznym wn\u0119trzem.\" \/>\n<meta property=\"og:url\" content=\"https:\/\/chiara-design.com\/product\/torebka-chiara-nori-czarna-skora-naturalna-2\/\" \/>\n<meta property=\"og:site_name\" content=\"Chiara Design\" \/>\n<meta property=\"article:publisher\" content=\"https:\/\/www.facebook.com\/ChiaraDesignPL\" \/>\n<meta property=\"article:modified_time\" content=\"2026-03-31T22:14:55+00:00\" \/>\n<meta property=\"og:image\" content=\"https:\/\/chiara-design.com\/wp-content\/uploads\/2025\/02\/Nori-Czarna-scaled-e1740958848955.webp\" \/>\n\t<meta property=\"og:image:width\" content=\"1200\" \/>\n\t<meta property=\"og:image:height\" content=\"1500\" \/>\n\t<meta property=\"og:image:type\" content=\"image\/webp\" \/>\n<meta name=\"twitter:card\" content=\"summary_large_image\" \/>\n<meta name=\"twitter:label1\" content=\"Est. reading time\" \/>\n\t<meta name=\"twitter:data1\" content=\"2 minutes\" \/>\n<script type=\"application\/ld+json\" class=\"yoast-schema-graph\">{\"@context\":\"https:\\\/\\\/schema.org\",\"@graph\":[{\"@type\":\"WebPage\",\"@id\":\"https:\\\/\\\/chiara-design.com\\\/product\\\/torebka-chiara-nori-czarna-skora-naturalna-2\\\/\",\"url\":\"https:\\\/\\\/chiara-design.com\\\/product\\\/torebka-chiara-nori-czarna-skora-naturalna-2\\\/\",\"name\":\"Torebka Chiara Nori Czarna Sk\u00f3ra Naturalna \u2013 Styl i Funkcjonalno\u015b\u0107\",\"isPartOf\":{\"@id\":\"https:\\\/\\\/chiara-design.com\\\/#website\"},\"primaryImageOfPage\":{\"@id\":\"https:\\\/\\\/chiara-design.com\\\/product\\\/torebka-chiara-nori-czarna-skora-naturalna-2\\\/#primaryimage\"},\"image\":{\"@id\":\"https:\\\/\\\/chiara-design.com\\\/product\\\/torebka-chiara-nori-czarna-skora-naturalna-2\\\/#primaryimage\"},\"thumbnailUrl\":\"https:\\\/\\\/chiara-design.com\\\/wp-content\\\/uploads\\\/2024\\\/12\\\/I558-NORI_2.jpg\",\"datePublished\":\"2025-02-17T23:48:34+00:00\",\"dateModified\":\"2026-03-31T22:14:55+00:00\",\"description\":\"Torebka Chiara Nori Czarna Sk\u00f3ra Naturalna \u2013 elegancka torebka A4 z t\u0142oczeniem croko, z\u0142otymi \u0142a\u0144cuchami i praktycznym wn\u0119trzem.\",\"breadcrumb\":{\"@id\":\"https:\\\/\\\/chiara-design.com\\\/product\\\/torebka-chiara-nori-czarna-skora-naturalna-2\\\/#breadcrumb\"},\"inLanguage\":\"en-US\",\"potentialAction\":[{\"@type\":\"ReadAction\",\"target\":[\"https:\\\/\\\/chiara-design.com\\\/product\\\/torebka-chiara-nori-czarna-skora-naturalna-2\\\/\"]}]},{\"@type\":\"ImageObject\",\"inLanguage\":\"en-US\",\"@id\":\"https:\\\/\\\/chiara-design.com\\\/product\\\/torebka-chiara-nori-czarna-skora-naturalna-2\\\/#primaryimage\",\"url\":\"https:\\\/\\\/chiara-design.com\\\/wp-content\\\/uploads\\\/2024\\\/12\\\/I558-NORI_2.jpg\",\"contentUrl\":\"https:\\\/\\\/chiara-design.com\\\/wp-content\\\/uploads\\\/2024\\\/12\\\/I558-NORI_2.jpg\",\"width\":1900,\"height\":2492},{\"@type\":\"BreadcrumbList\",\"@id\":\"https:\\\/\\\/chiara-design.com\\\/product\\\/torebka-chiara-nori-czarna-skora-naturalna-2\\\/#breadcrumb\",\"itemListElement\":[{\"@type\":\"ListItem\",\"position\":1,\"name\":\"Home\",\"item\":\"https:\\\/\\\/chiara-design.com\\\/\"},{\"@type\":\"ListItem\",\"position\":2,\"name\":\"Store\",\"item\":\"https:\\\/\\\/chiara-design.com\\\/sklep\\\/\"},{\"@type\":\"ListItem\",\"position\":3,\"name\":\"Torebka Chiara Nori Czarna Sk\u00f3ra Naturalna\"}]},{\"@type\":\"WebSite\",\"@id\":\"https:\\\/\\\/chiara-design.com\\\/#website\",\"url\":\"https:\\\/\\\/chiara-design.com\\\/\",\"name\":\"Chiara Design\",\"description\":\"Tw\u00f3j ulubiony sklep online z torebkami.\",\"publisher\":{\"@id\":\"https:\\\/\\\/chiara-design.com\\\/#organization\"},\"potentialAction\":[{\"@type\":\"SearchAction\",\"target\":{\"@type\":\"EntryPoint\",\"urlTemplate\":\"https:\\\/\\\/chiara-design.com\\\/?s={search_term_string}\"},\"query-input\":{\"@type\":\"PropertyValueSpecification\",\"valueRequired\":true,\"valueName\":\"search_term_string\"}}],\"inLanguage\":\"en-US\"},{\"@type\":\"Organization\",\"@id\":\"https:\\\/\\\/chiara-design.com\\\/#organization\",\"name\":\"Chiara Design\",\"url\":\"https:\\\/\\\/chiara-design.com\\\/\",\"logo\":{\"@type\":\"ImageObject\",\"inLanguage\":\"en-US\",\"@id\":\"https:\\\/\\\/chiara-design.com\\\/#\\\/schema\\\/logo\\\/image\\\/\",\"url\":\"https:\\\/\\\/chiara-design.com\\\/wp-content\\\/uploads\\\/2024\\\/09\\\/CHIARA-DESIGN-LOGO.png\",\"contentUrl\":\"https:\\\/\\\/chiara-design.com\\\/wp-content\\\/uploads\\\/2024\\\/09\\\/CHIARA-DESIGN-LOGO.png\",\"width\":500,\"height\":158,\"caption\":\"Chiara Design\"},\"image\":{\"@id\":\"https:\\\/\\\/chiara-design.com\\\/#\\\/schema\\\/logo\\\/image\\\/\"},\"sameAs\":[\"https:\\\/\\\/www.facebook.com\\\/ChiaraDesignPL\",\"https:\\\/\\\/www.instagram.com\\\/chiara_design_\\\/\"]}]}<\/script>\n<!-- \/ Yoast SEO plugin. -->","yoast_head_json":{"title":"Torebka Chiara Nori Czarna Sk\u00f3ra Naturalna \u2013 Styl i Funkcjonalno\u015b\u0107","description":"Torebka Chiara Nori Czarna Sk\u00f3ra Naturalna \u2013 elegancka torebka A4 z t\u0142oczeniem croko, z\u0142otymi \u0142a\u0144cuchami i praktycznym wn\u0119trzem.","robots":{"index":"index","follow":"follow","max-snippet":"max-snippet:-1","max-image-preview":"max-image-preview:large","max-video-preview":"max-video-preview:-1"},"canonical":"https:\/\/chiara-design.com\/product\/torebka-chiara-nori-czarna-skora-naturalna-2\/","og_locale":"en_US","og_type":"article","og_title":"Torebka Chiara Nori Czarna Sk\u00f3ra Naturalna \u2013 Styl i Funkcjonalno\u015b\u0107","og_description":"Torebka Chiara Nori Czarna Sk\u00f3ra Naturalna \u2013 elegancka torebka A4 z t\u0142oczeniem croko, z\u0142otymi \u0142a\u0144cuchami i praktycznym wn\u0119trzem.","og_url":"https:\/\/chiara-design.com\/product\/torebka-chiara-nori-czarna-skora-naturalna-2\/","og_site_name":"Chiara Design","article_publisher":"https:\/\/www.facebook.com\/ChiaraDesignPL","article_modified_time":"2026-03-31T22:14:55+00:00","og_image":[{"width":1200,"height":1500,"url":"https:\/\/chiara-design.com\/wp-content\/uploads\/2025\/02\/Nori-Czarna-scaled-e1740958848955.webp","type":"image\/webp"}],"twitter_card":"summary_large_image","twitter_misc":{"Est. reading time":"2 minutes"},"schema":{"@context":"https:\/\/schema.org","@graph":[{"@type":"WebPage","@id":"https:\/\/chiara-design.com\/product\/torebka-chiara-nori-czarna-skora-naturalna-2\/","url":"https:\/\/chiara-design.com\/product\/torebka-chiara-nori-czarna-skora-naturalna-2\/","name":"Torebka Chiara Nori Czarna Sk\u00f3ra Naturalna \u2013 Styl i Funkcjonalno\u015b\u0107","isPartOf":{"@id":"https:\/\/chiara-design.com\/#website"},"primaryImageOfPage":{"@id":"https:\/\/chiara-design.com\/product\/torebka-chiara-nori-czarna-skora-naturalna-2\/#primaryimage"},"image":{"@id":"https:\/\/chiara-design.com\/product\/torebka-chiara-nori-czarna-skora-naturalna-2\/#primaryimage"},"thumbnailUrl":"https:\/\/chiara-design.com\/wp-content\/uploads\/2024\/12\/I558-NORI_2.jpg","datePublished":"2025-02-17T23:48:34+00:00","dateModified":"2026-03-31T22:14:55+00:00","description":"Torebka Chiara Nori Czarna Sk\u00f3ra Naturalna \u2013 elegancka torebka A4 z t\u0142oczeniem croko, z\u0142otymi \u0142a\u0144cuchami i praktycznym wn\u0119trzem.","breadcrumb":{"@id":"https:\/\/chiara-design.com\/product\/torebka-chiara-nori-czarna-skora-naturalna-2\/#breadcrumb"},"inLanguage":"en-US","potentialAction":[{"@type":"ReadAction","target":["https:\/\/chiara-design.com\/product\/torebka-chiara-nori-czarna-skora-naturalna-2\/"]}]},{"@type":"ImageObject","inLanguage":"en-US","@id":"https:\/\/chiara-design.com\/product\/torebka-chiara-nori-czarna-skora-naturalna-2\/#primaryimage","url":"https:\/\/chiara-design.com\/wp-content\/uploads\/2024\/12\/I558-NORI_2.jpg","contentUrl":"https:\/\/chiara-design.com\/wp-content\/uploads\/2024\/12\/I558-NORI_2.jpg","width":1900,"height":2492},{"@type":"BreadcrumbList","@id":"https:\/\/chiara-design.com\/product\/torebka-chiara-nori-czarna-skora-naturalna-2\/#breadcrumb","itemListElement":[{"@type":"ListItem","position":1,"name":"Home","item":"https:\/\/chiara-design.com\/"},{"@type":"ListItem","position":2,"name":"Store","item":"https:\/\/chiara-design.com\/sklep\/"},{"@type":"ListItem","position":3,"name":"Torebka Chiara Nori Czarna Sk\u00f3ra Naturalna"}]},{"@type":"WebSite","@id":"https:\/\/chiara-design.com\/#website","url":"https:\/\/chiara-design.com\/","name":"Chiara Design","description":"Tw\u00f3j ulubiony sklep online z torebkami.","publisher":{"@id":"https:\/\/chiara-design.com\/#organization"},"potentialAction":[{"@type":"SearchAction","target":{"@type":"EntryPoint","urlTemplate":"https:\/\/chiara-design.com\/?s={search_term_string}"},"query-input":{"@type":"PropertyValueSpecification","valueRequired":true,"valueName":"search_term_string"}}],"inLanguage":"en-US"},{"@type":"Organization","@id":"https:\/\/chiara-design.com\/#organization","name":"Chiara Design","url":"https:\/\/chiara-design.com\/","logo":{"@type":"ImageObject","inLanguage":"en-US","@id":"https:\/\/chiara-design.com\/#\/schema\/logo\/image\/","url":"https:\/\/chiara-design.com\/wp-content\/uploads\/2024\/09\/CHIARA-DESIGN-LOGO.png","contentUrl":"https:\/\/chiara-design.com\/wp-content\/uploads\/2024\/09\/CHIARA-DESIGN-LOGO.png","width":500,"height":158,"caption":"Chiara Design"},"image":{"@id":"https:\/\/chiara-design.com\/#\/schema\/logo\/image\/"},"sameAs":["https:\/\/www.facebook.com\/ChiaraDesignPL","https:\/\/www.instagram.com\/chiara_design_\/"]}]}},"jetpack_sharing_enabled":true,"_links":{"self":[{"href":"https:\/\/chiara-design.com\/en\/wp-json\/wp\/v2\/product\/52635","targetHints":{"allow":["GET"]}}],"collection":[{"href":"https:\/\/chiara-design.com\/en\/wp-json\/wp\/v2\/product"}],"about":[{"href":"https:\/\/chiara-design.com\/en\/wp-json\/wp\/v2\/types\/product"}],"replies":[{"embeddable":true,"href":"https:\/\/chiara-design.com\/en\/wp-json\/wp\/v2\/comments?post=52635"}],"wp:featuredmedia":[{"embeddable":true,"href":"https:\/\/chiara-design.com\/en\/wp-json\/wp\/v2\/media\/51235"}],"wp:attachment":[{"href":"https:\/\/chiara-design.com\/en\/wp-json\/wp\/v2\/media?parent=52635"}],"wp:term":[{"taxonomy":"product_brand","embeddable":true,"href":"https:\/\/chiara-design.com\/en\/wp-json\/wp\/v2\/product_brand?post=52635"},{"taxonomy":"product_cat","embeddable":true,"href":"https:\/\/chiara-design.com\/en\/wp-json\/wp\/v2\/product_cat?post=52635"},{"taxonomy":"product_tag","embeddable":true,"href":"https:\/\/chiara-design.com\/en\/wp-json\/wp\/v2\/product_tag?post=52635"}],"curies":[{"name":"wp","href":"https:\/\/api.w.org\/{rel}","templated":true}]}}