{"id":52606,"date":"2025-02-18T00:48:22","date_gmt":"2025-02-17T23:48:22","guid":{"rendered":"https:\/\/chiara-design.com\/product\/plecak-chiara-antos-zloto-kalahari-k7031\/"},"modified":"2026-04-01T00:14:53","modified_gmt":"2026-03-31T22:14:53","slug":"plecak-chiara-antos-zloto-kalahari-k7031","status":"publish","type":"product","link":"https:\/\/chiara-design.com\/en\/product\/plecak-chiara-antos-zloto-kalahari-k7031\/","title":{"rendered":"Plecak Chiara Anto\u015b Z\u0142oto Kalahari K7031"},"content":{"rendered":"<p>Plecak Anto\u015b od Chiara Design w niezwyk\u0142ym z\u0142otym odcieniu Kalahari to prawdziwa pere\u0142ka elegancji, charakteru i wyrazistego designu. Jego unikalny kolor sprawia, \u017ce nie tylko jest funkcjonalny i praktyczny, ale r\u00f3wnie\u017c mega elegancki z wyrazistym charakterem. Anto\u015b w kolorze z\u0142ota Kalahari to niezwykle stylowy dodatek, kt\u00f3ry wyr\u00f3\u017cnia si\u0119 spo\u015br\u00f3d innych plecak\u00f3w. Jego luksusowy wygl\u0105d nadaje ka\u017cdej stylizacji wyj\u0105tkowego blasku i klasy. Bez w\u0105tpienia, ten plecak przyci\u0105ga uwag\u0119 i podkre\u015bla indywidualny gust nosz\u0105cego. Zestawienie elegancji z funkcjonalno\u015bci\u0105 sprawia, \u017ce Anto\u015b staje si\u0119 nie tylko praktycznym dodatkiem, ale r\u00f3wnie\u017c wytwornym akcentem ka\u017cdej garderoby. Postaw na Antosia w kolorze z\u0142ota Kalahari, aby podkre\u015bli\u0107 sw\u00f3j wyj\u0105tkowy styl i emanowa\u0107 elegancj\u0105 w ka\u017cdej sytuacji.<\/p>\n","protected":false},"excerpt":{"rendered":"<p>Plecak Anto\u015b od Chiara Design w niezwyk\u0142ym z\u0142otym odcieniu Kalahari to nie tylko funkcjonalny dodatek, ale tak\u017ce mega elegancki z charakterem. Jego wyrazisty design sprawia, \u017ce jest niezwykle stylowy i idealny na r\u00f3\u017cne okazje. Anto\u015b w kolorze z\u0142ota Kalahari to doskona\u0142y spos\u00f3b na podkre\u015blenie indywidualnego stylu z nut\u0105 luksusu.<\/p>\n<p>&nbsp;<\/p>\n","protected":false},"featured_media":48002,"comment_status":"open","ping_status":"closed","template":"","meta":[],"product_brand":[],"product_cat":[139],"product_tag":[182],"class_list":{"0":"post-52606","1":"product","2":"type-product","3":"status-publish","4":"has-post-thumbnail","6":"product_cat-plecaki","7":"product_tag-chiara","9":"first","10":"outofstock","11":"shipping-taxable","12":"purchasable","13":"product-type-simple"},"yoast_head":"<!-- This site is optimized with the Yoast SEO plugin v27.3 - https:\/\/yoast.com\/product\/yoast-seo-wordpress\/ -->\n<title>Plecak Chiara Anto\u015b Z\u0142oto Kalahari K7031 - Chiara Design<\/title>\n<meta name=\"robots\" content=\"index, follow, max-snippet:-1, max-image-preview:large, max-video-preview:-1\" \/>\n<link rel=\"canonical\" href=\"https:\/\/chiara-design.com\/produkt\/plecak-chiara-antos-zloto-kalahari-k7031\/\" \/>\n<meta property=\"og:locale\" content=\"en_US\" \/>\n<meta property=\"og:type\" content=\"article\" \/>\n<meta property=\"og:title\" content=\"Plecak Chiara Anto\u015b Z\u0142oto Kalahari K7031 - Chiara Design\" \/>\n<meta property=\"og:description\" content=\"Plecak Anto\u015b od Chiara Design w niezwyk\u0142ym z\u0142otym odcieniu Kalahari to nie tylko funkcjonalny dodatek, ale tak\u017ce mega elegancki z charakterem. Jego wyrazisty design sprawia, \u017ce jest niezwykle stylowy i idealny na r\u00f3\u017cne okazje. Anto\u015b w kolorze z\u0142ota Kalahari to doskona\u0142y spos\u00f3b na podkre\u015blenie indywidualnego stylu z nut\u0105 luksusu.  &nbsp;\" \/>\n<meta property=\"og:url\" content=\"https:\/\/chiara-design.com\/produkt\/plecak-chiara-antos-zloto-kalahari-k7031\/\" \/>\n<meta property=\"og:site_name\" content=\"Chiara Design\" \/>\n<meta property=\"article:publisher\" content=\"https:\/\/www.facebook.com\/ChiaraDesignPL\" \/>\n<meta property=\"article:modified_time\" content=\"2026-03-31T22:14:53+00:00\" \/>\n<meta property=\"og:image\" content=\"https:\/\/chiara-design.com\/wp-content\/uploads\/2024\/10\/K7031-ANTOS-ZL.-KALAH.-\u2014-kopia-e1740444061436.jpg\" \/>\n\t<meta property=\"og:image:width\" content=\"1200\" \/>\n\t<meta property=\"og:image:height\" content=\"1500\" \/>\n\t<meta property=\"og:image:type\" content=\"image\/jpeg\" \/>\n<meta name=\"twitter:card\" content=\"summary_large_image\" \/>\n<meta name=\"twitter:label1\" content=\"Est. reading time\" \/>\n\t<meta name=\"twitter:data1\" content=\"1 minute\" \/>\n<script type=\"application\/ld+json\" class=\"yoast-schema-graph\">{\"@context\":\"https:\\\/\\\/schema.org\",\"@graph\":[{\"@type\":\"WebPage\",\"@id\":\"https:\\\/\\\/chiara-design.com\\\/produkt\\\/plecak-chiara-antos-zloto-kalahari-k7031\\\/\",\"url\":\"https:\\\/\\\/chiara-design.com\\\/produkt\\\/plecak-chiara-antos-zloto-kalahari-k7031\\\/\",\"name\":\"Plecak Chiara Anto\u015b Z\u0142oto Kalahari K7031 - Chiara Design\",\"isPartOf\":{\"@id\":\"https:\\\/\\\/chiara-design.com\\\/#website\"},\"primaryImageOfPage\":{\"@id\":\"https:\\\/\\\/chiara-design.com\\\/produkt\\\/plecak-chiara-antos-zloto-kalahari-k7031\\\/#primaryimage\"},\"image\":{\"@id\":\"https:\\\/\\\/chiara-design.com\\\/produkt\\\/plecak-chiara-antos-zloto-kalahari-k7031\\\/#primaryimage\"},\"thumbnailUrl\":\"https:\\\/\\\/chiara-design.com\\\/wp-content\\\/uploads\\\/2024\\\/09\\\/ANTOS-ZLOTO-KALAHARI_2.jpg\",\"datePublished\":\"2025-02-17T23:48:22+00:00\",\"dateModified\":\"2026-03-31T22:14:53+00:00\",\"breadcrumb\":{\"@id\":\"https:\\\/\\\/chiara-design.com\\\/produkt\\\/plecak-chiara-antos-zloto-kalahari-k7031\\\/#breadcrumb\"},\"inLanguage\":\"en-US\",\"potentialAction\":[{\"@type\":\"ReadAction\",\"target\":[\"https:\\\/\\\/chiara-design.com\\\/produkt\\\/plecak-chiara-antos-zloto-kalahari-k7031\\\/\"]}]},{\"@type\":\"ImageObject\",\"inLanguage\":\"en-US\",\"@id\":\"https:\\\/\\\/chiara-design.com\\\/produkt\\\/plecak-chiara-antos-zloto-kalahari-k7031\\\/#primaryimage\",\"url\":\"https:\\\/\\\/chiara-design.com\\\/wp-content\\\/uploads\\\/2024\\\/09\\\/ANTOS-ZLOTO-KALAHARI_2.jpg\",\"contentUrl\":\"https:\\\/\\\/chiara-design.com\\\/wp-content\\\/uploads\\\/2024\\\/09\\\/ANTOS-ZLOTO-KALAHARI_2.jpg\",\"width\":1900,\"height\":2492},{\"@type\":\"BreadcrumbList\",\"@id\":\"https:\\\/\\\/chiara-design.com\\\/produkt\\\/plecak-chiara-antos-zloto-kalahari-k7031\\\/#breadcrumb\",\"itemListElement\":[{\"@type\":\"ListItem\",\"position\":1,\"name\":\"Home\",\"item\":\"https:\\\/\\\/chiara-design.com\\\/\"},{\"@type\":\"ListItem\",\"position\":2,\"name\":\"Store\",\"item\":\"https:\\\/\\\/chiara-design.com\\\/sklep\\\/\"},{\"@type\":\"ListItem\",\"position\":3,\"name\":\"Plecak Chiara Anto\u015b Z\u0142oto Kalahari K7031\"}]},{\"@type\":\"WebSite\",\"@id\":\"https:\\\/\\\/chiara-design.com\\\/#website\",\"url\":\"https:\\\/\\\/chiara-design.com\\\/\",\"name\":\"Chiara Design\",\"description\":\"Tw\u00f3j ulubiony sklep online z torebkami.\",\"publisher\":{\"@id\":\"https:\\\/\\\/chiara-design.com\\\/#organization\"},\"potentialAction\":[{\"@type\":\"SearchAction\",\"target\":{\"@type\":\"EntryPoint\",\"urlTemplate\":\"https:\\\/\\\/chiara-design.com\\\/?s={search_term_string}\"},\"query-input\":{\"@type\":\"PropertyValueSpecification\",\"valueRequired\":true,\"valueName\":\"search_term_string\"}}],\"inLanguage\":\"en-US\"},{\"@type\":\"Organization\",\"@id\":\"https:\\\/\\\/chiara-design.com\\\/#organization\",\"name\":\"Chiara Design\",\"url\":\"https:\\\/\\\/chiara-design.com\\\/\",\"logo\":{\"@type\":\"ImageObject\",\"inLanguage\":\"en-US\",\"@id\":\"https:\\\/\\\/chiara-design.com\\\/#\\\/schema\\\/logo\\\/image\\\/\",\"url\":\"https:\\\/\\\/chiara-design.com\\\/wp-content\\\/uploads\\\/2024\\\/09\\\/CHIARA-DESIGN-LOGO.png\",\"contentUrl\":\"https:\\\/\\\/chiara-design.com\\\/wp-content\\\/uploads\\\/2024\\\/09\\\/CHIARA-DESIGN-LOGO.png\",\"width\":500,\"height\":158,\"caption\":\"Chiara Design\"},\"image\":{\"@id\":\"https:\\\/\\\/chiara-design.com\\\/#\\\/schema\\\/logo\\\/image\\\/\"},\"sameAs\":[\"https:\\\/\\\/www.facebook.com\\\/ChiaraDesignPL\",\"https:\\\/\\\/www.instagram.com\\\/chiara_design_\\\/\"]}]}<\/script>\n<!-- \/ Yoast SEO plugin. -->","yoast_head_json":{"title":"Plecak Chiara Anto\u015b Z\u0142oto Kalahari K7031 - Chiara Design","robots":{"index":"index","follow":"follow","max-snippet":"max-snippet:-1","max-image-preview":"max-image-preview:large","max-video-preview":"max-video-preview:-1"},"canonical":"https:\/\/chiara-design.com\/produkt\/plecak-chiara-antos-zloto-kalahari-k7031\/","og_locale":"en_US","og_type":"article","og_title":"Plecak Chiara Anto\u015b Z\u0142oto Kalahari K7031 - Chiara Design","og_description":"Plecak Anto\u015b od Chiara Design w niezwyk\u0142ym z\u0142otym odcieniu Kalahari to nie tylko funkcjonalny dodatek, ale tak\u017ce mega elegancki z charakterem. Jego wyrazisty design sprawia, \u017ce jest niezwykle stylowy i idealny na r\u00f3\u017cne okazje. Anto\u015b w kolorze z\u0142ota Kalahari to doskona\u0142y spos\u00f3b na podkre\u015blenie indywidualnego stylu z nut\u0105 luksusu.  &nbsp;","og_url":"https:\/\/chiara-design.com\/produkt\/plecak-chiara-antos-zloto-kalahari-k7031\/","og_site_name":"Chiara Design","article_publisher":"https:\/\/www.facebook.com\/ChiaraDesignPL","article_modified_time":"2026-03-31T22:14:53+00:00","og_image":[{"width":1200,"height":1500,"url":"https:\/\/chiara-design.com\/wp-content\/uploads\/2024\/10\/K7031-ANTOS-ZL.-KALAH.-\u2014-kopia-e1740444061436.jpg","type":"image\/jpeg"}],"twitter_card":"summary_large_image","twitter_misc":{"Est. reading time":"1 minute"},"schema":{"@context":"https:\/\/schema.org","@graph":[{"@type":"WebPage","@id":"https:\/\/chiara-design.com\/produkt\/plecak-chiara-antos-zloto-kalahari-k7031\/","url":"https:\/\/chiara-design.com\/produkt\/plecak-chiara-antos-zloto-kalahari-k7031\/","name":"Plecak Chiara Anto\u015b Z\u0142oto Kalahari K7031 - Chiara Design","isPartOf":{"@id":"https:\/\/chiara-design.com\/#website"},"primaryImageOfPage":{"@id":"https:\/\/chiara-design.com\/produkt\/plecak-chiara-antos-zloto-kalahari-k7031\/#primaryimage"},"image":{"@id":"https:\/\/chiara-design.com\/produkt\/plecak-chiara-antos-zloto-kalahari-k7031\/#primaryimage"},"thumbnailUrl":"https:\/\/chiara-design.com\/wp-content\/uploads\/2024\/09\/ANTOS-ZLOTO-KALAHARI_2.jpg","datePublished":"2025-02-17T23:48:22+00:00","dateModified":"2026-03-31T22:14:53+00:00","breadcrumb":{"@id":"https:\/\/chiara-design.com\/produkt\/plecak-chiara-antos-zloto-kalahari-k7031\/#breadcrumb"},"inLanguage":"en-US","potentialAction":[{"@type":"ReadAction","target":["https:\/\/chiara-design.com\/produkt\/plecak-chiara-antos-zloto-kalahari-k7031\/"]}]},{"@type":"ImageObject","inLanguage":"en-US","@id":"https:\/\/chiara-design.com\/produkt\/plecak-chiara-antos-zloto-kalahari-k7031\/#primaryimage","url":"https:\/\/chiara-design.com\/wp-content\/uploads\/2024\/09\/ANTOS-ZLOTO-KALAHARI_2.jpg","contentUrl":"https:\/\/chiara-design.com\/wp-content\/uploads\/2024\/09\/ANTOS-ZLOTO-KALAHARI_2.jpg","width":1900,"height":2492},{"@type":"BreadcrumbList","@id":"https:\/\/chiara-design.com\/produkt\/plecak-chiara-antos-zloto-kalahari-k7031\/#breadcrumb","itemListElement":[{"@type":"ListItem","position":1,"name":"Home","item":"https:\/\/chiara-design.com\/"},{"@type":"ListItem","position":2,"name":"Store","item":"https:\/\/chiara-design.com\/sklep\/"},{"@type":"ListItem","position":3,"name":"Plecak Chiara Anto\u015b Z\u0142oto Kalahari K7031"}]},{"@type":"WebSite","@id":"https:\/\/chiara-design.com\/#website","url":"https:\/\/chiara-design.com\/","name":"Chiara Design","description":"Tw\u00f3j ulubiony sklep online z torebkami.","publisher":{"@id":"https:\/\/chiara-design.com\/#organization"},"potentialAction":[{"@type":"SearchAction","target":{"@type":"EntryPoint","urlTemplate":"https:\/\/chiara-design.com\/?s={search_term_string}"},"query-input":{"@type":"PropertyValueSpecification","valueRequired":true,"valueName":"search_term_string"}}],"inLanguage":"en-US"},{"@type":"Organization","@id":"https:\/\/chiara-design.com\/#organization","name":"Chiara Design","url":"https:\/\/chiara-design.com\/","logo":{"@type":"ImageObject","inLanguage":"en-US","@id":"https:\/\/chiara-design.com\/#\/schema\/logo\/image\/","url":"https:\/\/chiara-design.com\/wp-content\/uploads\/2024\/09\/CHIARA-DESIGN-LOGO.png","contentUrl":"https:\/\/chiara-design.com\/wp-content\/uploads\/2024\/09\/CHIARA-DESIGN-LOGO.png","width":500,"height":158,"caption":"Chiara Design"},"image":{"@id":"https:\/\/chiara-design.com\/#\/schema\/logo\/image\/"},"sameAs":["https:\/\/www.facebook.com\/ChiaraDesignPL","https:\/\/www.instagram.com\/chiara_design_\/"]}]}},"jetpack_sharing_enabled":true,"_links":{"self":[{"href":"https:\/\/chiara-design.com\/en\/wp-json\/wp\/v2\/product\/52606","targetHints":{"allow":["GET"]}}],"collection":[{"href":"https:\/\/chiara-design.com\/en\/wp-json\/wp\/v2\/product"}],"about":[{"href":"https:\/\/chiara-design.com\/en\/wp-json\/wp\/v2\/types\/product"}],"replies":[{"embeddable":true,"href":"https:\/\/chiara-design.com\/en\/wp-json\/wp\/v2\/comments?post=52606"}],"wp:featuredmedia":[{"embeddable":true,"href":"https:\/\/chiara-design.com\/en\/wp-json\/wp\/v2\/media\/48002"}],"wp:attachment":[{"href":"https:\/\/chiara-design.com\/en\/wp-json\/wp\/v2\/media?parent=52606"}],"wp:term":[{"taxonomy":"product_brand","embeddable":true,"href":"https:\/\/chiara-design.com\/en\/wp-json\/wp\/v2\/product_brand?post=52606"},{"taxonomy":"product_cat","embeddable":true,"href":"https:\/\/chiara-design.com\/en\/wp-json\/wp\/v2\/product_cat?post=52606"},{"taxonomy":"product_tag","embeddable":true,"href":"https:\/\/chiara-design.com\/en\/wp-json\/wp\/v2\/product_tag?post=52606"}],"curies":[{"name":"wp","href":"https:\/\/api.w.org\/{rel}","templated":true}]}}